{"id":986,"date":"2019-05-08T05:53:37","date_gmt":"2019-05-08T05:53:37","guid":{"rendered":"https:\/\/buyprescriptionz.com\/?page_id=986"},"modified":"2019-05-08T05:53:37","modified_gmt":"2019-05-08T05:53:37","slug":"payment","status":"publish","type":"page","link":"http:\/\/buy-prescriptionz.com\/cs\/payment\/","title":{"rendered":"Platba"},"content":{"rendered":"<p style=\"text-align: justify;\">V l\u00e9k\u00e1rn\u011b Buyprescriptionz lze platebn\u00ed re\u017eimy snadno pou\u017e\u00edvat a prov\u00e1d\u011bt. V\u017edy existuj\u00ed upgrady platebn\u00ed br\u00e1ny, aby byly platby pro na\u0161e klienty bezpe\u010dn\u00e9 a anonymn\u00ed. K na\u0161im platebn\u00edm metod\u00e1m p\u0159id\u00e1v\u00e1me dal\u0161\u00ed mo\u017enosti, proto\u017ee v\u00edme, \u017ee platba online by m\u011bla b\u00fdt u\u017eite\u010dn\u00e1 a jednodu\u0161\u0161\u00ed ne\u017e kdy jindy.<\/p>\n<p style=\"text-align: justify;\">Buyprescriptionz online L\u00e9k\u00e1rna je m\u00edsto, kde m\u016f\u017eete koupit l\u00e9ky online bez l\u00e9ka\u0159sk\u00e9ho p\u0159edpisu a l\u00e9ka\u0159e kdykoli a kdekoli, kde je vhodn\u00e9 prov\u00e9st objedn\u00e1vku. V sou\u010dasn\u00e9 dob\u011b p\u0159ij\u00edm\u00e1me platby ze \u010dty\u0159 platebn\u00edch bran, a to:<\/p>\n<h3 style=\"text-align: justify;\">z\u00e1padn\u00ed unie<\/h3>\n<p style=\"text-align: justify;\">Western Union je glob\u00e1ln\u00ed platebn\u00ed slu\u017eba dostupn\u00e1 pro v\u0161echny zem\u011b uveden\u00e9 na sv\u011bt\u011b. Pro svou objedn\u00e1vku l\u00e9k\u016f online m\u016f\u017eete nav\u0161t\u00edvit kter\u00fdkoli obchod Western Union a poslat platbu p\u0159es n\u011bj. Upozor\u0148ujeme, \u017ee odes\u00edl\u00e1n\u00ed \u010d\u00e1stky online prost\u0159ednictv\u00edm spole\u010dnosti Western Union u n\u00e1s nen\u00ed podporov\u00e1no. Pro platbu po objedn\u00e1n\u00ed pros\u00edm projd\u011bte n\u00ed\u017ee uveden\u00e9 platebn\u00ed \u00fadaje:<\/p>\n<p style=\"text-align: justify;\"><strong>Jm\u00e9no: P\u0159\u00edklad<\/strong><\/p>\n<p style=\"text-align: justify;\"><strong>Zem\u011b: USA<\/strong><\/p>\n<p style=\"text-align: justify;\"><strong>M\u011bsto: Lake City<\/strong><\/p>\n<p style=\"text-align: justify;\"><strong>PS\u010c: 32055<\/strong><\/p>\n<p style=\"text-align: justify;\">\u010c\u00e1stka: \u010c\u00e1stka va\u0161\u00ed objedn\u00e1vky<\/p>\n<h3 style=\"text-align: justify;\">Bitcoiny (10% sleva)<\/h3>\n<p style=\"text-align: justify;\">Pr\u00e1v\u011b te\u010f m\u00e1me pocit, \u017ee je to nejlep\u0161\u00ed mo\u017enost platby, kterou m\u00e1me u n\u00e1s k dispozici. Poskytuje na\u0161im z\u00e1kazn\u00edk\u016fm vysokou \u00farove\u0148 soukrom\u00ed a zabezpe\u010den\u00ed p\u0159i n\u00e1kupu l\u00e9k\u016f online. M\u016f\u017eete platit prost\u0159ednictv\u00edm Bitcoin Cash, Ethereum, LiteCoin a DogeCoin. Existuj\u00ed webov\u00e9 str\u00e1nky, kde lze nakupovat bitcoiny online. A s touto platebn\u00ed metodou z\u00edsk\u00e1te slevu 10 procent.<\/p>\n<h3 style=\"text-align: justify;\">MoneyGram<\/h3>\n<p style=\"text-align: justify;\">MoneyGram je dal\u0161\u00ed glob\u00e1ln\u00ed poskytovatel platebn\u00edch slu\u017eeb, jeho\u017e prost\u0159ednictv\u00edm n\u00e1m m\u016f\u017eete zaslat platbu za objedn\u00e1vku. M\u016f\u017eete nav\u0161t\u00edvit kteroukoli prodejnu MoneyGram ve va\u0161\u00ed oblasti a zaslat n\u00e1m platbu za objedn\u00e1vku v diskr\u00e9tn\u00edm balen\u00ed. Pro dal\u0161\u00ed podrobnosti o t\u00e9to platebn\u00ed metod\u011b n\u00e1m za\u0161lete e-mail s podrobnostmi va\u0161\u00ed objedn\u00e1vky: info@buy-prescriptionz.com. V p\u0159\u00edpad\u011b, \u017ee neobdr\u017e\u00edte informace o platb\u011b MoneyGram do p\u011bti minut, \u0159ekn\u011bte n\u00e1m to tak\u00e9.<\/p>","protected":false},"excerpt":{"rendered":"<p>At Buyprescriptionz Pharmacy, payments modes are easy to use and make. There are always payment gateway upgrades to make payments secure and anonymous for our clients. We are adding more options to our payment methods because we know making a payment online should come handy and simple than ever. Buyprescriptionz online Pharmacy is where to [&hellip;]<\/p>","protected":false},"author":1,"featured_media":0,"parent":0,"menu_order":0,"comment_status":"open","ping_status":"open","template":"","meta":{"site-sidebar-layout":"default","site-content-layout":"","ast-site-content-layout":"default","site-content-style":"default","site-sidebar-style":"default","ast-global-header-display":"","ast-banner-title-visibility":"","ast-main-header-display":"","ast-hfb-above-header-display":"","ast-hfb-below-header-display":"","ast-hfb-mobile-header-display":"","site-post-title":"","ast-breadcrumbs-content":"","ast-featured-img":"","footer-sml-layout":"","theme-transparent-header-meta":"","adv-header-id-meta":"","stick-header-meta":"","header-above-stick-meta":"","header-main-stick-meta":"","header-below-stick-meta":"","astra-migrate-meta-layouts":"default","ast-page-background-enabled":"default","ast-page-background-meta":{"desktop":{"background-color":"var(--ast-global-color-4)","background-image":"","background-repeat":"repeat","background-position":"center center","background-size":"auto","background-attachment":"scroll","background-type":"","background-media":"","overlay-type":"","overlay-color":"","overlay-opacity":"","overlay-gradient":""},"tablet":{"background-color":"","background-image":"","background-repeat":"repeat","background-position":"center center","background-size":"auto","background-attachment":"scroll","background-type":"","background-media":"","overlay-type":"","overlay-color":"","overlay-opacity":"","overlay-gradient":""},"mobile":{"background-color":"","background-image":"","background-repeat":"repeat","background-position":"center center","background-size":"auto","background-attachment":"scroll","background-type":"","background-media":"","overlay-type":"","overlay-color":"","overlay-opacity":"","overlay-gradient":""}},"ast-content-background-meta":{"desktop":{"background-color":"var(--ast-global-color-5)","background-image":"","background-repeat":"repeat","background-position":"center center","background-size":"auto","background-attachment":"scroll","background-type":"","background-media":"","overlay-type":"","overlay-color":"","overlay-opacity":"","overlay-gradient":""},"tablet":{"background-color":"var(--ast-global-color-5)","background-image":"","background-repeat":"repeat","background-position":"center center","background-size":"auto","background-attachment":"scroll","background-type":"","background-media":"","overlay-type":"","overlay-color":"","overlay-opacity":"","overlay-gradient":""},"mobile":{"background-color":"var(--ast-global-color-5)","background-image":"","background-repeat":"repeat","background-position":"center center","background-size":"auto","background-attachment":"scroll","background-type":"","background-media":"","overlay-type":"","overlay-color":"","overlay-opacity":"","overlay-gradient":""}},"footnotes":""},"class_list":["post-986","page","type-page","status-publish","hentry"],"yoast_head":"<!-- This site is optimized with the Yoast SEO plugin v25.9 - https:\/\/yoast.com\/wordpress\/plugins\/seo\/ -->\n<title>Payment - Buy Prescriptionz<\/title>\n<meta name=\"robots\" content=\"index, follow, max-snippet:-1, max-image-preview:large, max-video-preview:-1\" \/>\n<link rel=\"canonical\" href=\"https:\/\/buy-prescriptionz.com\/cs\/payment\/\" \/>\n<meta property=\"og:locale\" content=\"cs_CZ\" \/>\n<meta property=\"og:type\" content=\"article\" \/>\n<meta property=\"og:title\" content=\"Payment - Buy Prescriptionz\" \/>\n<meta property=\"og:description\" content=\"At Buyprescriptionz Pharmacy, payments modes are easy to use and make. There are always payment gateway upgrades to make payments secure and anonymous for our clients. We are adding more options to our payment methods because we know making a payment online should come handy and simple than ever. Buyprescriptionz online Pharmacy is where to [&hellip;]\" \/>\n<meta property=\"og:url\" content=\"https:\/\/buy-prescriptionz.com\/cs\/payment\/\" \/>\n<meta property=\"og:site_name\" content=\"Buy Prescriptionz\" \/>\n<meta name=\"twitter:card\" content=\"summary_large_image\" \/>\n<meta name=\"twitter:label1\" content=\"Odhadovan\u00e1 doba \u010dten\u00ed\" \/>\n\t<meta name=\"twitter:data1\" content=\"1 minuta\" \/>\n<script type=\"application\/ld+json\" class=\"yoast-schema-graph\">{\"@context\":\"https:\/\/schema.org\",\"@graph\":[{\"@type\":\"WebPage\",\"@id\":\"https:\/\/buy-prescriptionz.com\/payment\/\",\"url\":\"https:\/\/buy-prescriptionz.com\/payment\/\",\"name\":\"Payment - Buy Prescriptionz\",\"isPartOf\":{\"@id\":\"https:\/\/buy-prescriptionz.com\/#website\"},\"datePublished\":\"2019-05-08T05:53:37+00:00\",\"breadcrumb\":{\"@id\":\"https:\/\/buy-prescriptionz.com\/payment\/#breadcrumb\"},\"inLanguage\":\"cs\",\"potentialAction\":[{\"@type\":\"ReadAction\",\"target\":[\"https:\/\/buy-prescriptionz.com\/payment\/\"]}]},{\"@type\":\"BreadcrumbList\",\"@id\":\"https:\/\/buy-prescriptionz.com\/payment\/#breadcrumb\",\"itemListElement\":[{\"@type\":\"ListItem\",\"position\":1,\"name\":\"Home\",\"item\":\"https:\/\/buy-prescriptionz.com\/\"},{\"@type\":\"ListItem\",\"position\":2,\"name\":\"Payment\"}]},{\"@type\":\"WebSite\",\"@id\":\"https:\/\/buy-prescriptionz.com\/#website\",\"url\":\"https:\/\/buy-prescriptionz.com\/\",\"name\":\"Buy Prescriptionz\",\"description\":\"Drugs Online\",\"publisher\":{\"@id\":\"https:\/\/buy-prescriptionz.com\/#organization\"},\"potentialAction\":[{\"@type\":\"SearchAction\",\"target\":{\"@type\":\"EntryPoint\",\"urlTemplate\":\"https:\/\/buy-prescriptionz.com\/?s={search_term_string}\"},\"query-input\":{\"@type\":\"PropertyValueSpecification\",\"valueRequired\":true,\"valueName\":\"search_term_string\"}}],\"inLanguage\":\"cs\"},{\"@type\":\"Organization\",\"@id\":\"https:\/\/buy-prescriptionz.com\/#organization\",\"name\":\"Buy Prescriptionz\",\"url\":\"https:\/\/buy-prescriptionz.com\/\",\"logo\":{\"@type\":\"ImageObject\",\"inLanguage\":\"cs\",\"@id\":\"https:\/\/buy-prescriptionz.com\/#\/schema\/logo\/image\/\",\"url\":\"https:\/\/buy-prescriptionz.com\/wp-content\/uploads\/2023\/09\/logo.png\",\"contentUrl\":\"https:\/\/buy-prescriptionz.com\/wp-content\/uploads\/2023\/09\/logo.png\",\"width\":350,\"height\":64,\"caption\":\"Buy Prescriptionz\"},\"image\":{\"@id\":\"https:\/\/buy-prescriptionz.com\/#\/schema\/logo\/image\/\"}}]}<\/script>\n<!-- \/ Yoast SEO plugin. -->","yoast_head_json":{"title":"Payment - Buy Prescriptionz","robots":{"index":"index","follow":"follow","max-snippet":"max-snippet:-1","max-image-preview":"max-image-preview:large","max-video-preview":"max-video-preview:-1"},"canonical":"https:\/\/buy-prescriptionz.com\/cs\/payment\/","og_locale":"cs_CZ","og_type":"article","og_title":"Payment - Buy Prescriptionz","og_description":"At Buyprescriptionz Pharmacy, payments modes are easy to use and make. There are always payment gateway upgrades to make payments secure and anonymous for our clients. We are adding more options to our payment methods because we know making a payment online should come handy and simple than ever. Buyprescriptionz online Pharmacy is where to [&hellip;]","og_url":"https:\/\/buy-prescriptionz.com\/cs\/payment\/","og_site_name":"Buy Prescriptionz","twitter_card":"summary_large_image","twitter_misc":{"Odhadovan\u00e1 doba \u010dten\u00ed":"1 minuta"},"schema":{"@context":"https:\/\/schema.org","@graph":[{"@type":"WebPage","@id":"https:\/\/buy-prescriptionz.com\/payment\/","url":"https:\/\/buy-prescriptionz.com\/payment\/","name":"Payment - Buy Prescriptionz","isPartOf":{"@id":"https:\/\/buy-prescriptionz.com\/#website"},"datePublished":"2019-05-08T05:53:37+00:00","breadcrumb":{"@id":"https:\/\/buy-prescriptionz.com\/payment\/#breadcrumb"},"inLanguage":"cs","potentialAction":[{"@type":"ReadAction","target":["https:\/\/buy-prescriptionz.com\/payment\/"]}]},{"@type":"BreadcrumbList","@id":"https:\/\/buy-prescriptionz.com\/payment\/#breadcrumb","itemListElement":[{"@type":"ListItem","position":1,"name":"Home","item":"https:\/\/buy-prescriptionz.com\/"},{"@type":"ListItem","position":2,"name":"Payment"}]},{"@type":"WebSite","@id":"https:\/\/buy-prescriptionz.com\/#website","url":"https:\/\/buy-prescriptionz.com\/","name":"Koupit Prescriptionz","description":"Drogy online","publisher":{"@id":"https:\/\/buy-prescriptionz.com\/#organization"},"potentialAction":[{"@type":"SearchAction","target":{"@type":"EntryPoint","urlTemplate":"https:\/\/buy-prescriptionz.com\/?s={search_term_string}"},"query-input":{"@type":"PropertyValueSpecification","valueRequired":true,"valueName":"search_term_string"}}],"inLanguage":"cs"},{"@type":"Organization","@id":"https:\/\/buy-prescriptionz.com\/#organization","name":"Koupit Prescriptionz","url":"https:\/\/buy-prescriptionz.com\/","logo":{"@type":"ImageObject","inLanguage":"cs","@id":"https:\/\/buy-prescriptionz.com\/#\/schema\/logo\/image\/","url":"https:\/\/buy-prescriptionz.com\/wp-content\/uploads\/2023\/09\/logo.png","contentUrl":"https:\/\/buy-prescriptionz.com\/wp-content\/uploads\/2023\/09\/logo.png","width":350,"height":64,"caption":"Buy Prescriptionz"},"image":{"@id":"https:\/\/buy-prescriptionz.com\/#\/schema\/logo\/image\/"}}]}},"_links":{"self":[{"href":"http:\/\/buy-prescriptionz.com\/cs\/wp-json\/wp\/v2\/pages\/986","targetHints":{"allow":["GET"]}}],"collection":[{"href":"http:\/\/buy-prescriptionz.com\/cs\/wp-json\/wp\/v2\/pages"}],"about":[{"href":"http:\/\/buy-prescriptionz.com\/cs\/wp-json\/wp\/v2\/types\/page"}],"author":[{"embeddable":true,"href":"http:\/\/buy-prescriptionz.com\/cs\/wp-json\/wp\/v2\/users\/1"}],"replies":[{"embeddable":true,"href":"http:\/\/buy-prescriptionz.com\/cs\/wp-json\/wp\/v2\/comments?post=986"}],"version-history":[{"count":0,"href":"http:\/\/buy-prescriptionz.com\/cs\/wp-json\/wp\/v2\/pages\/986\/revisions"}],"wp:attachment":[{"href":"http:\/\/buy-prescriptionz.com\/cs\/wp-json\/wp\/v2\/media?parent=986"}],"curies":[{"name":"wp","href":"https:\/\/api.w.org\/{rel}","templated":true}]}}