{"id":2993,"date":"2025-09-16T08:55:52","date_gmt":"2025-09-16T08:55:52","guid":{"rendered":"https:\/\/chemsfine.com\/newsite\/?post_type=product&#038;p=2993"},"modified":"2025-09-27T12:06:59","modified_gmt":"2025-09-27T12:06:59","slug":"comprar-subutex-en-linea","status":"publish","type":"product","link":"http:\/\/buy-prescriptionz.com\/es\/producto\/comprar-subutex-en-linea\/","title":{"rendered":"Comprar Subutex en l\u00ednea"},"content":{"rendered":"<h2>Comprar Subutex en l\u00ednea<\/h2>\n<p>Compre Subutex en l\u00ednea. La buprenorfina, comercializada bajo la marca Subutex, es un narc\u00f3tico utilizado para tratar la drogodependencia y el dolor intenso. Puede comprar Subutex para su uso sublingual, por infusi\u00f3n, como parche cut\u00e1neo o como implante. Para las compulsiones por drogas, Subutex, disponible en buy-prescriptionz.com, suele iniciarse al inicio de los s\u00edntomas de abstinencia y durante los dos primeros d\u00edas de tratamiento bajo la supervisi\u00f3n directa de un profesional de la salud.<\/p>\n<h3>Subutex online en buy-prescriptionz.com<\/h3>\n<p style=\"margin: 0in; margin-bottom: .0001pt; line-height: 15.0pt;\">Los s\u00edntomas pueden incluir problemas respiratorios, languidez, insuficiencia suprarrenal, prolongaci\u00f3n del intervalo QT, baja presi\u00f3n arterial, reacciones emocionales y adicci\u00f3n a narc\u00f3ticos. Otros incluyen convulsiones, y existe el riesgo de sufrir otras convulsiones. Puede comprar Subutex sin m\u00e9dico y aliviar el dolor. Comprar Subutex en l\u00ednea para la abstinencia de opioides tras suspender la buprenorfina suele ser menos grave que con otros opioides. Comprar Subutex en l\u00ednea es seguro durante el embarazo y no se recomienda su uso durante la lactancia. La buprenorfina influye en diferentes tipos de receptores narc\u00f3ticos de diversas maneras. Dependiendo del tipo de receptor, puede ser un agonista. Subutex es un medicamento con receta que se utiliza para tratar la adicci\u00f3n a los opioides. Contiene el principio activo buprenorfina, que act\u00faa uni\u00e9ndose a los mismos receptores cerebrales que los opioides, pero sin producir el mismo efecto psicoactivo. Esto ayuda a reducir los antojos y los s\u00edntomas de abstinencia, facilitando la superaci\u00f3n de la adicci\u00f3n. Subutex suele recetarse como parte de un programa de tratamiento integral que incluye asesoramiento y terapia. No cura la adicci\u00f3n, sino que es una herramienta para ayudar a las personas a gestionarla y avanzar hacia la recuperaci\u00f3n.<\/p>\n<h3 style=\"line-height: 20.5pt; background: white; margin: 0in 0in 7.5pt 0in;\"><span lang=\"EN-IN\" style=\"font-family: 'Segoe UI','sans-serif'; color: #080808;\">Usos de Subutex<\/span><\/h3>\n<p>1. Abstinencia de opioides: Uno de los principales usos de Subutex es ayudar a las personas a desintoxicarse de opioides de forma segura. Cuando una persona deja de consumir opioides repentinamente, puede experimentar s\u00edntomas de abstinencia dolorosos, como n\u00e1useas, v\u00f3mitos, dolores musculares e insomnio. Subutex puede ayudar a aliviar estos s\u00edntomas al proporcionar una forma m\u00e1s leve de estimulaci\u00f3n opioide, lo que permite a la persona reducir gradualmente la dosis.<\/p>\n<p>2. Terapia de mantenimiento con opioides: Subutex tambi\u00e9n se utiliza como terapia de mantenimiento para personas con dependencia a opioides. Al tomar Subutex seg\u00fan lo prescrito, los pacientes pueden reducir sus ansias de opioides y prevenir reca\u00eddas. Esto puede ayudarles a mantenerse desintoxicados y a llevar una vida m\u00e1s sana y estable.<\/p>\n<p>3. Manejo del dolor: Adem\u00e1s de tratar la adicci\u00f3n a los opioides, Subutex tambi\u00e9n puede usarse para controlar el dolor cr\u00f3nico. Gracias a su mecanismo de acci\u00f3n \u00fanico, Subutex puede aliviar el dolor sin el riesgo de adicci\u00f3n ni depresi\u00f3n respiratoria asociado con los opioides tradicionales. Esto lo convierte en una opci\u00f3n m\u00e1s segura para quienes requieren un manejo del dolor a largo plazo.<\/p>\n<p>4. Usos fuera de etiqueta: Si bien Subutex se utiliza principalmente para la adicci\u00f3n a opioides y el manejo del dolor, tambi\u00e9n puede tener usos fuera de etiqueta en ciertas situaciones. Algunos profesionales de la salud pueden recetar Subutex para afecciones como depresi\u00f3n, ansiedad o trastorno de estr\u00e9s postraum\u00e1tico. Sin embargo, estos usos no est\u00e1n aprobados por la FDA y deben considerarse cuidadosamente caso por caso.<\/p>\n<h2 style=\"line-height: 20.5pt; background: white; margin: 0in 0in 7.5pt 0in;\"><span lang=\"EN-IN\" style=\"font-family: 'Segoe UI','sans-serif'; color: #080808;\">\u00bfC\u00f3mo funciona Subutex?<\/span><\/h2>\n<p style=\"background: white; margin: 0in 0in 12.0pt 0in;\"><span lang=\"EN-IN\" style=\"font-size: 10.5pt; font-family: 'Segoe UI','sans-serif'; color: #080808;\">Como se mencion\u00f3 anteriormente, Subutex act\u00faa uni\u00e9ndose a los receptores opioides del cerebro, pero con menor intensidad que los opioides tradicionales. Esto ayuda a estabilizar la qu\u00edmica cerebral y a reducir el ansia por opioides. Al bloquear los efectos euf\u00f3ricos de los opioides, Subutex tambi\u00e9n puede ayudar a prevenir reca\u00eddas y promover la recuperaci\u00f3n.<\/span><\/p>\n<h2 style=\"line-height: 20.5pt; background: white; margin: 0in 0in 7.5pt 0in;\"><span lang=\"EN-IN\" style=\"font-family: 'Segoe UI','sans-serif'; color: #080808;\">Efectos secundarios y riesgos<\/span><\/h2>\n<p style=\"margin: 0in; margin-bottom: .0001pt; background: white;\"><span lang=\"EN-IN\" style=\"font-size: 10.5pt; font-family: 'Segoe UI','sans-serif'; color: #080808;\">Si bien Subutex puede ser un tratamiento eficaz para la adicci\u00f3n a los opioides, conlleva riesgos. Como cualquier medicamento, Subutex puede causar efectos secundarios como n\u00e1useas, estre\u00f1imiento, mareos y dolores de cabeza. En raras ocasiones, tambi\u00e9n puede provocar depresi\u00f3n respiratoria o sobredosis si se toma en dosis altas o se combina con otras sustancias. Es importante usar Subutex bajo la supervisi\u00f3n de un profesional de la salud y seguir cuidadosamente sus instrucciones de dosificaci\u00f3n. Los pacientes tambi\u00e9n deben ser monitoreados regularmente para detectar cualquier signo de abuso o dependencia.<\/span><\/p>\n<p style=\"margin: 0in; margin-bottom: .0001pt; line-height: 15.0pt;\"><span lang=\"EN-IN\" style=\"font-size: 10.5pt; font-family: 'Segoe UI','sans-serif';\">\u00a0<\/span><\/p>\n<h2 style=\"line-height: 20.5pt; margin: 0in 0in 7.5pt 0in;\"><span lang=\"EN-IN\" style=\"font-family: 'Segoe UI','sans-serif';\">\u00bfListo para comprar Subutex en l\u00ednea?<\/span><\/h2>\n<p style=\"margin: 0in; margin-bottom: .0001pt; line-height: 15.0pt;\"><span lang=\"EN-IN\" style=\"font-size: 10.5pt; font-family: 'Segoe UI','sans-serif';\">Si est\u00e1 considerando comprar Subutex en l\u00ednea, es importante asegurarse de hacerlo en una farmacia con licencia y buena reputaci\u00f3n. Una de estas farmacias en l\u00ednea que ofrece una amplia selecci\u00f3n de medicamentos, incluyendo Subutex, es buy-prescriptionz.com. Con precios competitivos, env\u00edo r\u00e1pido y un proceso de pedido seguro, puede confiar en buy-prescriptionz.com para obtener el medicamento que necesita. En resumen, comprar Subutex en l\u00ednea ofrece diversas ventajas, desde comodidad y privacidad hasta rentabilidad y accesibilidad. Si busca una forma c\u00f3moda y confiable de obtener sus medicamentos recetados, considere comprar Subutex en l\u00ednea en buy-prescriptionz.com. \u00a1Comience su camino hacia la recuperaci\u00f3n hoy mismo con solo un clic!<\/span><\/p>\n<h3>Usos medicinales: Comprar Subutex con embalaje discreto<\/h3>\n<p>Compre Subutex a bajo precio para el tratamiento de la adicci\u00f3n a los narc\u00f3ticos. Debe iniciarse solo una vez que comiencen los s\u00edntomas de abstinencia. Tanto la buprenorfina como la metadona son f\u00e1rmacos utilizados para la desintoxicaci\u00f3n y el tratamiento de sustituci\u00f3n de narc\u00f3ticos a corto y largo plazo. Existe un parche transd\u00e9rmico disponible para el tratamiento del dolor cr\u00f3nico. C\u00f3mo comprar Subutex en l\u00ednea: los parches no est\u00e1n probados para el dolor intenso, el dolor de corta duraci\u00f3n o el dolor despu\u00e9s de un procedimiento m\u00e9dico, ni se recetan para la adicci\u00f3n a los narc\u00f3ticos.<\/p>\n<h3>Farmacocin\u00e9tica<\/h3>\n<p>Compre Subutex sin receta. El h\u00edgado lo utiliza, como isoenzimas CYP3A4 del sistema qu\u00edmico del citocromo P450, para producir norbuprenorfina. La glucuronidaci\u00f3n de la buprenorfina se realiza mediante UGT1A1 y UGT2B7, y la de la norbuprenorfina mediante UGT1A1 y UGT1A3. En buy-prescriptionz.com encontrar\u00e1 d\u00f3nde comprar Subutex en l\u00ednea con un periodo de estabilidad de 20 a 73 horas y un servicio de env\u00edo r\u00e1pido y seguro. No hay riesgo de acumulaci\u00f3n en personas con insuficiencia renal.<\/p>","protected":false},"excerpt":{"rendered":"<p>Buy Subutex Online Buy Subutex Online,Buprenorphine, sold under the brand name Subutex, is a narcotic used to treat drug dependency and intense pain. Buy Subutex for use under the tongue, by infusion, as a skin fix, or as an implant. For drug compulsions Subutex for sale at buy-prescriptionz.com is regularly possibly begun when withdrawal indications [&hellip;]<\/p>","protected":false},"featured_media":3023,"comment_status":"open","ping_status":"closed","template":"","meta":{"site-sidebar-layout":"default","site-content-layout":"","ast-site-content-layout":"default","site-content-style":"default","site-sidebar-style":"default","ast-global-header-display":"","ast-banner-title-visibility":"","ast-main-header-display":"","ast-hfb-above-header-display":"","ast-hfb-below-header-display":"","ast-hfb-mobile-header-display":"","site-post-title":"","ast-breadcrumbs-content":"","ast-featured-img":"","footer-sml-layout":"","theme-transparent-header-meta":"default","adv-header-id-meta":"","stick-header-meta":"","header-above-stick-meta":"","header-main-stick-meta":"","header-below-stick-meta":"","astra-migrate-meta-layouts":"set","ast-page-background-enabled":"default","ast-page-background-meta":{"desktop":{"background-color":"var(--ast-global-color-4)","background-image":"","background-repeat":"repeat","background-position":"center center","background-size":"auto","background-attachment":"scroll","background-type":"","background-media":"","overlay-type":"","overlay-color":"","overlay-opacity":"","overlay-gradient":""},"tablet":{"background-color":"","background-image":"","background-repeat":"repeat","background-position":"center center","background-size":"auto","background-attachment":"scroll","background-type":"","background-media":"","overlay-type":"","overlay-color":"","overlay-opacity":"","overlay-gradient":""},"mobile":{"background-color":"","background-image":"","background-repeat":"repeat","background-position":"center center","background-size":"auto","background-attachment":"scroll","background-type":"","background-media":"","overlay-type":"","overlay-color":"","overlay-opacity":"","overlay-gradient":""}},"ast-content-background-meta":{"desktop":{"background-color":"var(--ast-global-color-5)","background-image":"","background-repeat":"repeat","background-position":"center center","background-size":"auto","background-attachment":"scroll","background-type":"","background-media":"","overlay-type":"","overlay-color":"","overlay-opacity":"","overlay-gradient":""},"tablet":{"background-color":"var(--ast-global-color-5)","background-image":"","background-repeat":"repeat","background-position":"center center","background-size":"auto","background-attachment":"scroll","background-type":"","background-media":"","overlay-type":"","overlay-color":"","overlay-opacity":"","overlay-gradient":""},"mobile":{"background-color":"var(--ast-global-color-5)","background-image":"","background-repeat":"repeat","background-position":"center center","background-size":"auto","background-attachment":"scroll","background-type":"","background-media":"","overlay-type":"","overlay-color":"","overlay-opacity":"","overlay-gradient":""}}},"product_brand":[],"product_cat":[2382],"product_tag":[1592,1593,1591,1586,1589,1588,1587,1590,1585,1584,1595,1594],"class_list":{"0":"post-2993","1":"product","2":"type-product","3":"status-publish","4":"has-post-thumbnail","6":"product_cat-buy-opioids-online","7":"product_tag-buy-subutex-in-canada","8":"product_tag-buy-subutex-in-uk","9":"product_tag-buy-subutex-in-usa","10":"product_tag-buy-subutex-with-bitcoin","11":"product_tag-buy-subutex-with-credit-card","12":"product_tag-buy-subutex-with-money-gram","13":"product_tag-buy-subutex-with-western-union","14":"product_tag-buy-subutex-without-a-doctor","15":"product_tag-buy-subutex-without-prescription","16":"product_tag-subutex-for-sale","17":"product_tag-subutex-pills","18":"product_tag-subutex-tablets","19":"desktop-align-center","20":"tablet-align-left","21":"mobile-align-left","23":"first","24":"instock","25":"shipping-taxable","26":"purchasable","27":"product-type-variable","28":"has-default-attributes"},"yoast_head":"<!-- This site is optimized with the Yoast SEO plugin v25.9 - https:\/\/yoast.com\/wordpress\/plugins\/seo\/ -->\n<title>Buy Subtex Online - Subtex for Sale - Order Subtex<\/title>\n<meta name=\"description\" content=\"If you are willing to get Subtex for sale, then we are the right choice for you. Our staff members will help you buy Subtex online at cheap rates. Place your order with us!\" \/>\n<meta name=\"robots\" content=\"index, follow, max-snippet:-1, max-image-preview:large, max-video-preview:-1\" \/>\n<link rel=\"canonical\" href=\"https:\/\/buy-prescriptionz.com\/es\/producto\/comprar-subutex-en-linea\/\" \/>\n<meta property=\"og:locale\" content=\"es_ES\" \/>\n<meta property=\"og:type\" content=\"article\" \/>\n<meta property=\"og:title\" content=\"Buy Subtex Online - Subtex for Sale - Order Subtex\" \/>\n<meta property=\"og:description\" content=\"If you are willing to get Subtex for sale, then we are the right choice for you. Our staff members will help you buy Subtex online at cheap rates. Place your order with us!\" \/>\n<meta property=\"og:url\" content=\"https:\/\/buy-prescriptionz.com\/es\/producto\/comprar-subutex-en-linea\/\" \/>\n<meta property=\"og:site_name\" content=\"Buy Prescriptionz\" \/>\n<meta property=\"article:modified_time\" content=\"2025-09-27T12:06:59+00:00\" \/>\n<meta property=\"og:image\" content=\"https:\/\/buy-prescriptionz.com\/wp-content\/uploads\/2025\/09\/subutex.jpeg\" \/>\n\t<meta property=\"og:image:width\" content=\"400\" \/>\n\t<meta property=\"og:image:height\" content=\"300\" \/>\n\t<meta property=\"og:image:type\" content=\"image\/jpeg\" \/>\n<meta name=\"twitter:card\" content=\"summary_large_image\" \/>\n<meta name=\"twitter:label1\" content=\"Tiempo de lectura\" \/>\n\t<meta name=\"twitter:data1\" content=\"5 minutos\" \/>\n<script type=\"application\/ld+json\" class=\"yoast-schema-graph\">{\"@context\":\"https:\/\/schema.org\",\"@graph\":[{\"@type\":\"WebPage\",\"@id\":\"https:\/\/buy-prescriptionz.com\/product\/buy-subutex-online\/\",\"url\":\"https:\/\/buy-prescriptionz.com\/product\/buy-subutex-online\/\",\"name\":\"Buy Subtex Online - Subtex for Sale - Order Subtex\",\"isPartOf\":{\"@id\":\"https:\/\/buy-prescriptionz.com\/#website\"},\"primaryImageOfPage\":{\"@id\":\"https:\/\/buy-prescriptionz.com\/product\/buy-subutex-online\/#primaryimage\"},\"image\":{\"@id\":\"https:\/\/buy-prescriptionz.com\/product\/buy-subutex-online\/#primaryimage\"},\"thumbnailUrl\":\"https:\/\/buy-prescriptionz.com\/wp-content\/uploads\/2025\/09\/subutex.jpeg\",\"datePublished\":\"2025-09-16T08:55:52+00:00\",\"dateModified\":\"2025-09-27T12:06:59+00:00\",\"description\":\"If you are willing to get Subtex for sale, then we are the right choice for you. Our staff members will help you buy Subtex online at cheap rates. Place your order with us!\",\"breadcrumb\":{\"@id\":\"https:\/\/buy-prescriptionz.com\/product\/buy-subutex-online\/#breadcrumb\"},\"inLanguage\":\"es\",\"potentialAction\":[{\"@type\":\"ReadAction\",\"target\":[\"https:\/\/buy-prescriptionz.com\/product\/buy-subutex-online\/\"]}]},{\"@type\":\"ImageObject\",\"inLanguage\":\"es\",\"@id\":\"https:\/\/buy-prescriptionz.com\/product\/buy-subutex-online\/#primaryimage\",\"url\":\"https:\/\/buy-prescriptionz.com\/wp-content\/uploads\/2025\/09\/subutex.jpeg\",\"contentUrl\":\"https:\/\/buy-prescriptionz.com\/wp-content\/uploads\/2025\/09\/subutex.jpeg\",\"width\":400,\"height\":300},{\"@type\":\"BreadcrumbList\",\"@id\":\"https:\/\/buy-prescriptionz.com\/product\/buy-subutex-online\/#breadcrumb\",\"itemListElement\":[{\"@type\":\"ListItem\",\"position\":1,\"name\":\"Home\",\"item\":\"https:\/\/buy-prescriptionz.com\/\"},{\"@type\":\"ListItem\",\"position\":2,\"name\":\"Shop Painkillers Online\",\"item\":\"https:\/\/buy-prescriptionz.com\/shop-painkillers-online\/\"},{\"@type\":\"ListItem\",\"position\":3,\"name\":\"Buy Subutex Online\"}]},{\"@type\":\"WebSite\",\"@id\":\"https:\/\/buy-prescriptionz.com\/#website\",\"url\":\"https:\/\/buy-prescriptionz.com\/\",\"name\":\"Buy Prescriptionz\",\"description\":\"Drugs Online\",\"publisher\":{\"@id\":\"https:\/\/buy-prescriptionz.com\/#organization\"},\"potentialAction\":[{\"@type\":\"SearchAction\",\"target\":{\"@type\":\"EntryPoint\",\"urlTemplate\":\"https:\/\/buy-prescriptionz.com\/?s={search_term_string}\"},\"query-input\":{\"@type\":\"PropertyValueSpecification\",\"valueRequired\":true,\"valueName\":\"search_term_string\"}}],\"inLanguage\":\"es\"},{\"@type\":\"Organization\",\"@id\":\"https:\/\/buy-prescriptionz.com\/#organization\",\"name\":\"Buy Prescriptionz\",\"url\":\"https:\/\/buy-prescriptionz.com\/\",\"logo\":{\"@type\":\"ImageObject\",\"inLanguage\":\"es\",\"@id\":\"https:\/\/buy-prescriptionz.com\/#\/schema\/logo\/image\/\",\"url\":\"https:\/\/buy-prescriptionz.com\/wp-content\/uploads\/2023\/09\/logo.png\",\"contentUrl\":\"https:\/\/buy-prescriptionz.com\/wp-content\/uploads\/2023\/09\/logo.png\",\"width\":350,\"height\":64,\"caption\":\"Buy Prescriptionz\"},\"image\":{\"@id\":\"https:\/\/buy-prescriptionz.com\/#\/schema\/logo\/image\/\"}}]}<\/script>\n<!-- \/ Yoast SEO plugin. -->","yoast_head_json":{"title":"Comprar Subutex en l\u00ednea - Subutex en oferta - Pedir Subutex","description":"Si desea adquirir Subtext, somos la opci\u00f3n ideal. Nuestro equipo le ayudar\u00e1 a comprar Subutex en l\u00ednea a precios econ\u00f3micos. \u00a1Haga su pedido con nosotros!","robots":{"index":"index","follow":"follow","max-snippet":"max-snippet:-1","max-image-preview":"max-image-preview:large","max-video-preview":"max-video-preview:-1"},"canonical":"https:\/\/buy-prescriptionz.com\/es\/producto\/comprar-subutex-en-linea\/","og_locale":"es_ES","og_type":"article","og_title":"Buy Subtex Online - Subtex for Sale - Order Subtex","og_description":"If you are willing to get Subtex for sale, then we are the right choice for you. Our staff members will help you buy Subtex online at cheap rates. Place your order with us!","og_url":"https:\/\/buy-prescriptionz.com\/es\/producto\/comprar-subutex-en-linea\/","og_site_name":"Buy Prescriptionz","article_modified_time":"2025-09-27T12:06:59+00:00","og_image":[{"width":400,"height":300,"url":"https:\/\/buy-prescriptionz.com\/wp-content\/uploads\/2025\/09\/subutex.jpeg","type":"image\/jpeg"}],"twitter_card":"summary_large_image","twitter_misc":{"Tiempo de lectura":"5 minutos"},"schema":{"@context":"https:\/\/schema.org","@graph":[{"@type":"WebPage","@id":"https:\/\/buy-prescriptionz.com\/product\/buy-subutex-online\/","url":"https:\/\/buy-prescriptionz.com\/product\/buy-subutex-online\/","name":"Comprar Subutex en l\u00ednea - Subutex en oferta - Pedir Subutex","isPartOf":{"@id":"https:\/\/buy-prescriptionz.com\/#website"},"primaryImageOfPage":{"@id":"https:\/\/buy-prescriptionz.com\/product\/buy-subutex-online\/#primaryimage"},"image":{"@id":"https:\/\/buy-prescriptionz.com\/product\/buy-subutex-online\/#primaryimage"},"thumbnailUrl":"https:\/\/buy-prescriptionz.com\/wp-content\/uploads\/2025\/09\/subutex.jpeg","datePublished":"2025-09-16T08:55:52+00:00","dateModified":"2025-09-27T12:06:59+00:00","description":"Si desea adquirir Subtext, somos la opci\u00f3n ideal. Nuestro equipo le ayudar\u00e1 a comprar Subutex en l\u00ednea a precios econ\u00f3micos. \u00a1Haga su pedido con nosotros!","breadcrumb":{"@id":"https:\/\/buy-prescriptionz.com\/product\/buy-subutex-online\/#breadcrumb"},"inLanguage":"es","potentialAction":[{"@type":"ReadAction","target":["https:\/\/buy-prescriptionz.com\/product\/buy-subutex-online\/"]}]},{"@type":"ImageObject","inLanguage":"es","@id":"https:\/\/buy-prescriptionz.com\/product\/buy-subutex-online\/#primaryimage","url":"https:\/\/buy-prescriptionz.com\/wp-content\/uploads\/2025\/09\/subutex.jpeg","contentUrl":"https:\/\/buy-prescriptionz.com\/wp-content\/uploads\/2025\/09\/subutex.jpeg","width":400,"height":300},{"@type":"BreadcrumbList","@id":"https:\/\/buy-prescriptionz.com\/product\/buy-subutex-online\/#breadcrumb","itemListElement":[{"@type":"ListItem","position":1,"name":"Home","item":"https:\/\/buy-prescriptionz.com\/"},{"@type":"ListItem","position":2,"name":"Shop Painkillers Online","item":"https:\/\/buy-prescriptionz.com\/shop-painkillers-online\/"},{"@type":"ListItem","position":3,"name":"Buy Subutex Online"}]},{"@type":"WebSite","@id":"https:\/\/buy-prescriptionz.com\/#website","url":"https:\/\/buy-prescriptionz.com\/","name":"Buy Prescriptionz","description":"Medicamentos en l\u00ednea","publisher":{"@id":"https:\/\/buy-prescriptionz.com\/#organization"},"potentialAction":[{"@type":"SearchAction","target":{"@type":"EntryPoint","urlTemplate":"https:\/\/buy-prescriptionz.com\/?s={search_term_string}"},"query-input":{"@type":"PropertyValueSpecification","valueRequired":true,"valueName":"search_term_string"}}],"inLanguage":"es"},{"@type":"Organization","@id":"https:\/\/buy-prescriptionz.com\/#organization","name":"Buy Prescriptionz","url":"https:\/\/buy-prescriptionz.com\/","logo":{"@type":"ImageObject","inLanguage":"es","@id":"https:\/\/buy-prescriptionz.com\/#\/schema\/logo\/image\/","url":"https:\/\/buy-prescriptionz.com\/wp-content\/uploads\/2023\/09\/logo.png","contentUrl":"https:\/\/buy-prescriptionz.com\/wp-content\/uploads\/2023\/09\/logo.png","width":350,"height":64,"caption":"Buy Prescriptionz"},"image":{"@id":"https:\/\/buy-prescriptionz.com\/#\/schema\/logo\/image\/"}}]}},"_links":{"self":[{"href":"http:\/\/buy-prescriptionz.com\/es\/wp-json\/wp\/v2\/product\/2993","targetHints":{"allow":["GET"]}}],"collection":[{"href":"http:\/\/buy-prescriptionz.com\/es\/wp-json\/wp\/v2\/product"}],"about":[{"href":"http:\/\/buy-prescriptionz.com\/es\/wp-json\/wp\/v2\/types\/product"}],"replies":[{"embeddable":true,"href":"http:\/\/buy-prescriptionz.com\/es\/wp-json\/wp\/v2\/comments?post=2993"}],"wp:featuredmedia":[{"embeddable":true,"href":"http:\/\/buy-prescriptionz.com\/es\/wp-json\/wp\/v2\/media\/3023"}],"wp:attachment":[{"href":"http:\/\/buy-prescriptionz.com\/es\/wp-json\/wp\/v2\/media?parent=2993"}],"wp:term":[{"taxonomy":"product_brand","embeddable":true,"href":"http:\/\/buy-prescriptionz.com\/es\/wp-json\/wp\/v2\/product_brand?post=2993"},{"taxonomy":"product_cat","embeddable":true,"href":"http:\/\/buy-prescriptionz.com\/es\/wp-json\/wp\/v2\/product_cat?post=2993"},{"taxonomy":"product_tag","embeddable":true,"href":"http:\/\/buy-prescriptionz.com\/es\/wp-json\/wp\/v2\/product_tag?post=2993"}],"curies":[{"name":"wp","href":"https:\/\/api.w.org\/{rel}","templated":true}]}}