{"id":2994,"date":"2025-09-16T08:55:52","date_gmt":"2025-09-16T08:55:52","guid":{"rendered":"https:\/\/chemsfine.com\/newsite\/?post_type=product&#038;p=2994"},"modified":"2025-09-26T17:45:06","modified_gmt":"2025-09-26T17:45:06","slug":"comprar-vicodina-en-linea","status":"publish","type":"product","link":"http:\/\/buy-prescriptionz.com\/es\/producto\/comprar-vicodina-en-linea\/","title":{"rendered":"Comprar Vicodin en l\u00ednea"},"content":{"rendered":"<h2>Comprar Vicodin en l\u00ednea<\/h2>\n<h3>Comprar Vicodin online en buy-prescriptionz.com<\/h3>\n<p>COMPRE VICODIN EN L\u00cdNEA. Hidrocodona\/paracetamol es una combinaci\u00f3n de los analg\u00e9sicos hidrocodona y paracetamol (acetaminof\u00e9n). Comprar Vicodin es controlar el dolor.<\/p>\n<h3>Vicodin online en comprimidos, inyecciones y parches<\/h3>\n<p>Vicodin est\u00e1 a la venta si experimenta mareos, languidez, congesti\u00f3n nasal y v\u00f3mitos despu\u00e9s del per\u00edodo de abstinencia. Otros efectos incluyen confusi\u00f3n, somnolencia, obstrucci\u00f3n nasal y v\u00f3mitos. Los s\u00edntomas graves son dependencia, disminuci\u00f3n del esfuerzo para respirar, baja presi\u00f3n arterial, trastorno serotonin\u00e9rgico, reacciones al\u00e9rgicas graves e insuficiencia hep\u00e1tica. Se excreta el 85 % de la dosis oral. D\u00f3nde comprar Vicodin en l\u00ednea en dosis altas, el suministro de glutati\u00f3n no puede satisfacer sus necesidades y provoca la acumulaci\u00f3n de compuestos altamente receptivos, lo que provoca da\u00f1o hep\u00e1tico.<\/p>\n<h3>Farmacolog\u00eda: Comprar Vicodin sin receta<\/h3>\n<p>La hidrocodona act\u00faa principalmente sobre los receptores mu-narc\u00f3ticos, pero tambi\u00e9n es un agonista d\u00e9bil de los receptores delta y kappa narc\u00f3ticos. Puede comprar Vicodin sin receta m\u00e9dica en buy-prescriptionz.com. La dosis oral puede ser absorbida desde el tracto gastrointestinal hasta las prote\u00ednas plasm\u00e1ticas. El inicio de la ausencia de dolor es de alrededor de 20 a 30 minutos, con una duraci\u00f3n de 4 a 8 horas y una t\u00bd de 3 a 4 horas.<\/p>\n<p>Comprar Vicodin en l\u00ednea con env\u00edo r\u00e1pido y seguro es para norhidrocodona, que se activa mediante el citocromo P450 3A4, e hidromorfona, org\u00e1nicamente din\u00e1mica, mediante el citocromo P450 2D6. Quienes deseen comprar Vicodin a bajo precio pueden tener una imperfecci\u00f3n en la calidad de la codificaci\u00f3n CYP2D6. La liberaci\u00f3n del medicamento ser\u00e1 menor y se producir\u00e1 menos metabolito; por ejemplo, la hidromorfona se formar\u00e1; sin embargo, se desconoce su impacto en la ausencia de dolor.<\/p>\n<h3>Comprar Vicodin online para reprimir la sustancia qu\u00edmica COX, que se encarga de la s\u00edntesis de prostaglandinas. Las prostaglandinas incrementan la impresi\u00f3n de agon\u00eda.<\/h3>\n<p>Compre Vicodin en un empaque discreto para recibir el medicamento con un servicio de entrega r\u00e1pido y seguro desde buy-prescriptionz.com. El efecto del acetaminof\u00e9n oral es de 1,25 a 3 horas y su nivel m\u00e1ximo se alcanza entre 10 y una hora despu\u00e9s de la ingesti\u00f3n. El acetaminof\u00e9n act\u00faa mediante la glucuronidaci\u00f3n y sulfataci\u00f3n a metabolitos no letales y algunos metabolitos extremadamente activos, que son inactivados por el glutati\u00f3n. Si le interesa saber c\u00f3mo comprar Vicodin en l\u00ednea, ha llegado al lugar indicado.<\/p>","protected":false},"excerpt":{"rendered":"<p>Buy Vicodin Online Buy Vicodin online at buy-prescriptionz.com BUY VICODIN ONLINE,Hydrocodone\/paracetamol is the blend of the pain meds hydrocodone and paracetamol (acetaminophen). Buy Vicodin is to get the pain under the radar. Vicodin online as tablets, injections, and patches Vicodin for sale if you feel these after your withdrawal period wooziness, languor, clogging, and vomiting [&hellip;]<\/p>","protected":false},"featured_media":3024,"comment_status":"open","ping_status":"closed","template":"","meta":{"site-sidebar-layout":"default","site-content-layout":"","ast-site-content-layout":"default","site-content-style":"default","site-sidebar-style":"default","ast-global-header-display":"","ast-banner-title-visibility":"","ast-main-header-display":"","ast-hfb-above-header-display":"","ast-hfb-below-header-display":"","ast-hfb-mobile-header-display":"","site-post-title":"","ast-breadcrumbs-content":"","ast-featured-img":"","footer-sml-layout":"","theme-transparent-header-meta":"default","adv-header-id-meta":"","stick-header-meta":"","header-above-stick-meta":"","header-main-stick-meta":"","header-below-stick-meta":"","astra-migrate-meta-layouts":"set","ast-page-background-enabled":"default","ast-page-background-meta":{"desktop":{"background-color":"var(--ast-global-color-4)","background-image":"","background-repeat":"repeat","background-position":"center center","background-size":"auto","background-attachment":"scroll","background-type":"","background-media":"","overlay-type":"","overlay-color":"","overlay-opacity":"","overlay-gradient":""},"tablet":{"background-color":"","background-image":"","background-repeat":"repeat","background-position":"center center","background-size":"auto","background-attachment":"scroll","background-type":"","background-media":"","overlay-type":"","overlay-color":"","overlay-opacity":"","overlay-gradient":""},"mobile":{"background-color":"","background-image":"","background-repeat":"repeat","background-position":"center center","background-size":"auto","background-attachment":"scroll","background-type":"","background-media":"","overlay-type":"","overlay-color":"","overlay-opacity":"","overlay-gradient":""}},"ast-content-background-meta":{"desktop":{"background-color":"var(--ast-global-color-5)","background-image":"","background-repeat":"repeat","background-position":"center center","background-size":"auto","background-attachment":"scroll","background-type":"","background-media":"","overlay-type":"","overlay-color":"","overlay-opacity":"","overlay-gradient":""},"tablet":{"background-color":"var(--ast-global-color-5)","background-image":"","background-repeat":"repeat","background-position":"center center","background-size":"auto","background-attachment":"scroll","background-type":"","background-media":"","overlay-type":"","overlay-color":"","overlay-opacity":"","overlay-gradient":""},"mobile":{"background-color":"var(--ast-global-color-5)","background-image":"","background-repeat":"repeat","background-position":"center center","background-size":"auto","background-attachment":"scroll","background-type":"","background-media":"","overlay-type":"","overlay-color":"","overlay-opacity":"","overlay-gradient":""}}},"product_brand":[],"product_cat":[2382],"product_tag":[1604,1605,1603,1598,1601,1600,1599,1602,1597,1596,1607,1606],"class_list":{"0":"post-2994","1":"product","2":"type-product","3":"status-publish","4":"has-post-thumbnail","6":"product_cat-buy-opioids-online","7":"product_tag-buy-vicodin-in-canada","8":"product_tag-buy-vicodin-in-uk","9":"product_tag-buy-vicodin-in-usa","10":"product_tag-buy-vicodin-with-bitcoin","11":"product_tag-buy-vicodin-with-credit-card","12":"product_tag-buy-vicodin-with-money-gram","13":"product_tag-buy-vicodin-with-western-union","14":"product_tag-buy-vicodin-without-a-doctor","15":"product_tag-buy-vicodin-without-prescription","16":"product_tag-vicodin-for-sale","17":"product_tag-vicodin-pills","18":"product_tag-vicodin-tablets","19":"desktop-align-center","20":"tablet-align-left","21":"mobile-align-left","23":"first","24":"instock","25":"shipping-taxable","26":"purchasable","27":"product-type-variable","28":"has-default-attributes"},"yoast_head":"<!-- This site is optimized with the Yoast SEO plugin v25.9 - https:\/\/yoast.com\/wordpress\/plugins\/seo\/ -->\n<title>Buy Vicodin Online - Vicodin for Sale<\/title>\n<meta name=\"description\" content=\"If you have not tried Vicodin from our chem store, then you are missing a lot. We will help you buy Vicodin online at cheap rates. Get Vicodin for sale today!\" \/>\n<meta name=\"robots\" content=\"index, follow, max-snippet:-1, max-image-preview:large, max-video-preview:-1\" \/>\n<link rel=\"canonical\" href=\"https:\/\/buy-prescriptionz.com\/es\/producto\/comprar-vicodina-en-linea\/\" \/>\n<meta property=\"og:locale\" content=\"es_ES\" \/>\n<meta property=\"og:type\" content=\"article\" \/>\n<meta property=\"og:title\" content=\"Buy Vicodin Online - Vicodin for Sale\" \/>\n<meta property=\"og:description\" content=\"If you have not tried Vicodin from our chem store, then you are missing a lot. We will help you buy Vicodin online at cheap rates. Get Vicodin for sale today!\" \/>\n<meta property=\"og:url\" content=\"https:\/\/buy-prescriptionz.com\/es\/producto\/comprar-vicodina-en-linea\/\" \/>\n<meta property=\"og:site_name\" content=\"Buy Prescriptionz\" \/>\n<meta property=\"article:modified_time\" content=\"2025-09-26T17:45:06+00:00\" \/>\n<meta property=\"og:image\" content=\"https:\/\/buy-prescriptionz.com\/wp-content\/uploads\/2025\/09\/vicodin.jpg\" \/>\n\t<meta property=\"og:image:width\" content=\"400\" \/>\n\t<meta property=\"og:image:height\" content=\"300\" \/>\n\t<meta property=\"og:image:type\" content=\"image\/jpeg\" \/>\n<meta name=\"twitter:card\" content=\"summary_large_image\" \/>\n<meta name=\"twitter:label1\" content=\"Tiempo de lectura\" \/>\n\t<meta name=\"twitter:data1\" content=\"2 minutos\" \/>\n<script type=\"application\/ld+json\" class=\"yoast-schema-graph\">{\"@context\":\"https:\/\/schema.org\",\"@graph\":[{\"@type\":\"WebPage\",\"@id\":\"https:\/\/buy-prescriptionz.com\/product\/buy-vicodin-online\/\",\"url\":\"https:\/\/buy-prescriptionz.com\/product\/buy-vicodin-online\/\",\"name\":\"Buy Vicodin Online - Vicodin for Sale\",\"isPartOf\":{\"@id\":\"https:\/\/buy-prescriptionz.com\/#website\"},\"primaryImageOfPage\":{\"@id\":\"https:\/\/buy-prescriptionz.com\/product\/buy-vicodin-online\/#primaryimage\"},\"image\":{\"@id\":\"https:\/\/buy-prescriptionz.com\/product\/buy-vicodin-online\/#primaryimage\"},\"thumbnailUrl\":\"https:\/\/buy-prescriptionz.com\/wp-content\/uploads\/2025\/09\/vicodin.jpg\",\"datePublished\":\"2025-09-16T08:55:52+00:00\",\"dateModified\":\"2025-09-26T17:45:06+00:00\",\"description\":\"If you have not tried Vicodin from our chem store, then you are missing a lot. We will help you buy Vicodin online at cheap rates. Get Vicodin for sale today!\",\"breadcrumb\":{\"@id\":\"https:\/\/buy-prescriptionz.com\/product\/buy-vicodin-online\/#breadcrumb\"},\"inLanguage\":\"es\",\"potentialAction\":[{\"@type\":\"ReadAction\",\"target\":[\"https:\/\/buy-prescriptionz.com\/product\/buy-vicodin-online\/\"]}]},{\"@type\":\"ImageObject\",\"inLanguage\":\"es\",\"@id\":\"https:\/\/buy-prescriptionz.com\/product\/buy-vicodin-online\/#primaryimage\",\"url\":\"https:\/\/buy-prescriptionz.com\/wp-content\/uploads\/2025\/09\/vicodin.jpg\",\"contentUrl\":\"https:\/\/buy-prescriptionz.com\/wp-content\/uploads\/2025\/09\/vicodin.jpg\",\"width\":400,\"height\":300},{\"@type\":\"BreadcrumbList\",\"@id\":\"https:\/\/buy-prescriptionz.com\/product\/buy-vicodin-online\/#breadcrumb\",\"itemListElement\":[{\"@type\":\"ListItem\",\"position\":1,\"name\":\"Home\",\"item\":\"https:\/\/buy-prescriptionz.com\/\"},{\"@type\":\"ListItem\",\"position\":2,\"name\":\"Shop Painkillers Online\",\"item\":\"https:\/\/buy-prescriptionz.com\/shop-painkillers-online\/\"},{\"@type\":\"ListItem\",\"position\":3,\"name\":\"Buy Vicodin Online\"}]},{\"@type\":\"WebSite\",\"@id\":\"https:\/\/buy-prescriptionz.com\/#website\",\"url\":\"https:\/\/buy-prescriptionz.com\/\",\"name\":\"Buy Prescriptionz\",\"description\":\"Drugs Online\",\"publisher\":{\"@id\":\"https:\/\/buy-prescriptionz.com\/#organization\"},\"potentialAction\":[{\"@type\":\"SearchAction\",\"target\":{\"@type\":\"EntryPoint\",\"urlTemplate\":\"https:\/\/buy-prescriptionz.com\/?s={search_term_string}\"},\"query-input\":{\"@type\":\"PropertyValueSpecification\",\"valueRequired\":true,\"valueName\":\"search_term_string\"}}],\"inLanguage\":\"es\"},{\"@type\":\"Organization\",\"@id\":\"https:\/\/buy-prescriptionz.com\/#organization\",\"name\":\"Buy Prescriptionz\",\"url\":\"https:\/\/buy-prescriptionz.com\/\",\"logo\":{\"@type\":\"ImageObject\",\"inLanguage\":\"es\",\"@id\":\"https:\/\/buy-prescriptionz.com\/#\/schema\/logo\/image\/\",\"url\":\"https:\/\/buy-prescriptionz.com\/wp-content\/uploads\/2023\/09\/logo.png\",\"contentUrl\":\"https:\/\/buy-prescriptionz.com\/wp-content\/uploads\/2023\/09\/logo.png\",\"width\":350,\"height\":64,\"caption\":\"Buy Prescriptionz\"},\"image\":{\"@id\":\"https:\/\/buy-prescriptionz.com\/#\/schema\/logo\/image\/\"}}]}<\/script>\n<!-- \/ Yoast SEO plugin. -->","yoast_head_json":{"title":"Comprar Vicodin en l\u00ednea - Vicodin en venta","description":"Si a\u00fan no has probado Vicodin en nuestra farmacia, te est\u00e1s perdiendo mucho. Te ayudamos a comprar Vicodin online a precios econ\u00f3micos. \u00a1Consigue Vicodin hoy mismo!","robots":{"index":"index","follow":"follow","max-snippet":"max-snippet:-1","max-image-preview":"max-image-preview:large","max-video-preview":"max-video-preview:-1"},"canonical":"https:\/\/buy-prescriptionz.com\/es\/producto\/comprar-vicodina-en-linea\/","og_locale":"es_ES","og_type":"article","og_title":"Buy Vicodin Online - Vicodin for Sale","og_description":"If you have not tried Vicodin from our chem store, then you are missing a lot. We will help you buy Vicodin online at cheap rates. Get Vicodin for sale today!","og_url":"https:\/\/buy-prescriptionz.com\/es\/producto\/comprar-vicodina-en-linea\/","og_site_name":"Buy Prescriptionz","article_modified_time":"2025-09-26T17:45:06+00:00","og_image":[{"width":400,"height":300,"url":"https:\/\/buy-prescriptionz.com\/wp-content\/uploads\/2025\/09\/vicodin.jpg","type":"image\/jpeg"}],"twitter_card":"summary_large_image","twitter_misc":{"Tiempo de lectura":"2 minutos"},"schema":{"@context":"https:\/\/schema.org","@graph":[{"@type":"WebPage","@id":"https:\/\/buy-prescriptionz.com\/product\/buy-vicodin-online\/","url":"https:\/\/buy-prescriptionz.com\/product\/buy-vicodin-online\/","name":"Comprar Vicodin en l\u00ednea - Vicodin en venta","isPartOf":{"@id":"https:\/\/buy-prescriptionz.com\/#website"},"primaryImageOfPage":{"@id":"https:\/\/buy-prescriptionz.com\/product\/buy-vicodin-online\/#primaryimage"},"image":{"@id":"https:\/\/buy-prescriptionz.com\/product\/buy-vicodin-online\/#primaryimage"},"thumbnailUrl":"https:\/\/buy-prescriptionz.com\/wp-content\/uploads\/2025\/09\/vicodin.jpg","datePublished":"2025-09-16T08:55:52+00:00","dateModified":"2025-09-26T17:45:06+00:00","description":"Si a\u00fan no has probado Vicodin en nuestra farmacia, te est\u00e1s perdiendo mucho. Te ayudamos a comprar Vicodin online a precios econ\u00f3micos. \u00a1Consigue Vicodin hoy mismo!","breadcrumb":{"@id":"https:\/\/buy-prescriptionz.com\/product\/buy-vicodin-online\/#breadcrumb"},"inLanguage":"es","potentialAction":[{"@type":"ReadAction","target":["https:\/\/buy-prescriptionz.com\/product\/buy-vicodin-online\/"]}]},{"@type":"ImageObject","inLanguage":"es","@id":"https:\/\/buy-prescriptionz.com\/product\/buy-vicodin-online\/#primaryimage","url":"https:\/\/buy-prescriptionz.com\/wp-content\/uploads\/2025\/09\/vicodin.jpg","contentUrl":"https:\/\/buy-prescriptionz.com\/wp-content\/uploads\/2025\/09\/vicodin.jpg","width":400,"height":300},{"@type":"BreadcrumbList","@id":"https:\/\/buy-prescriptionz.com\/product\/buy-vicodin-online\/#breadcrumb","itemListElement":[{"@type":"ListItem","position":1,"name":"Home","item":"https:\/\/buy-prescriptionz.com\/"},{"@type":"ListItem","position":2,"name":"Shop Painkillers Online","item":"https:\/\/buy-prescriptionz.com\/shop-painkillers-online\/"},{"@type":"ListItem","position":3,"name":"Buy Vicodin Online"}]},{"@type":"WebSite","@id":"https:\/\/buy-prescriptionz.com\/#website","url":"https:\/\/buy-prescriptionz.com\/","name":"Buy Prescriptionz","description":"Medicamentos en l\u00ednea","publisher":{"@id":"https:\/\/buy-prescriptionz.com\/#organization"},"potentialAction":[{"@type":"SearchAction","target":{"@type":"EntryPoint","urlTemplate":"https:\/\/buy-prescriptionz.com\/?s={search_term_string}"},"query-input":{"@type":"PropertyValueSpecification","valueRequired":true,"valueName":"search_term_string"}}],"inLanguage":"es"},{"@type":"Organization","@id":"https:\/\/buy-prescriptionz.com\/#organization","name":"Buy Prescriptionz","url":"https:\/\/buy-prescriptionz.com\/","logo":{"@type":"ImageObject","inLanguage":"es","@id":"https:\/\/buy-prescriptionz.com\/#\/schema\/logo\/image\/","url":"https:\/\/buy-prescriptionz.com\/wp-content\/uploads\/2023\/09\/logo.png","contentUrl":"https:\/\/buy-prescriptionz.com\/wp-content\/uploads\/2023\/09\/logo.png","width":350,"height":64,"caption":"Buy Prescriptionz"},"image":{"@id":"https:\/\/buy-prescriptionz.com\/#\/schema\/logo\/image\/"}}]}},"_links":{"self":[{"href":"http:\/\/buy-prescriptionz.com\/es\/wp-json\/wp\/v2\/product\/2994","targetHints":{"allow":["GET"]}}],"collection":[{"href":"http:\/\/buy-prescriptionz.com\/es\/wp-json\/wp\/v2\/product"}],"about":[{"href":"http:\/\/buy-prescriptionz.com\/es\/wp-json\/wp\/v2\/types\/product"}],"replies":[{"embeddable":true,"href":"http:\/\/buy-prescriptionz.com\/es\/wp-json\/wp\/v2\/comments?post=2994"}],"wp:featuredmedia":[{"embeddable":true,"href":"http:\/\/buy-prescriptionz.com\/es\/wp-json\/wp\/v2\/media\/3024"}],"wp:attachment":[{"href":"http:\/\/buy-prescriptionz.com\/es\/wp-json\/wp\/v2\/media?parent=2994"}],"wp:term":[{"taxonomy":"product_brand","embeddable":true,"href":"http:\/\/buy-prescriptionz.com\/es\/wp-json\/wp\/v2\/product_brand?post=2994"},{"taxonomy":"product_cat","embeddable":true,"href":"http:\/\/buy-prescriptionz.com\/es\/wp-json\/wp\/v2\/product_cat?post=2994"},{"taxonomy":"product_tag","embeddable":true,"href":"http:\/\/buy-prescriptionz.com\/es\/wp-json\/wp\/v2\/product_tag?post=2994"}],"curies":[{"name":"wp","href":"https:\/\/api.w.org\/{rel}","templated":true}]}}