{"id":2998,"date":"2025-09-16T08:55:53","date_gmt":"2025-09-16T08:55:53","guid":{"rendered":"https:\/\/chemsfine.com\/newsite\/?post_type=product&#038;p=2998"},"modified":"2025-09-23T06:49:43","modified_gmt":"2025-09-23T06:49:43","slug":"comprar-levacetilmetadol-en-linea","status":"publish","type":"product","link":"http:\/\/buy-prescriptionz.com\/es\/producto\/comprar-levacetilmetadol-en-linea\/","title":{"rendered":"Comprar Levacetilmetadol en l\u00ednea"},"content":{"rendered":"<h2>COMPRAR LEVACETILMETADOL ONLINE<\/h2>\n<p>Comprar Levacetilmetadol Online ,Levacetilmetadol es un anest\u00e9sico opioide sint\u00e9tico con numerosos movimientos cuantitativamente similares a los de la morfina, los m\u00e1s destacados de los cuales implican al sistema nervioso central y a los \u00f3rganos compuestos por m\u00fasculo liso. Sin embargo, es m\u00e1s activo y m\u00e1s t\u00f3xico que otros.<\/p>\n<h3>CARACTER\u00cdSTICAS DEL LEVACETILMETADOL<\/h3>\n<p>Es un analg\u00e9sico narc\u00f3tico con un inicio y duraci\u00f3n de acci\u00f3n prolongados. Se utiliza principalmente para el tratamiento de la dependencia de los narc\u00f3ticos.<\/p>\n<h3>Descripci\u00f3n general y beneficios del levo acetilmetadol<\/h3>\n<p>El levacetilmetadol es un opioide sint\u00e9tico utilizado principalmente para el manejo del dolor y el tratamiento de la adicci\u00f3n a los opioides. Conocido por su mayor duraci\u00f3n de acci\u00f3n en comparaci\u00f3n con otros opioides, el mejor levacetilmetadol ayuda a reducir la frecuencia de administraci\u00f3n, lo cual resulta beneficioso para pacientes que tienen dificultades para seguir un r\u00e9gimen de medicaci\u00f3n estricto. Act\u00faa sobre el sistema nervioso central para aliviar el dolor y mitigar los s\u00edntomas de abstinencia en quienes reciben tratamiento para la dependencia a los opioides.<\/p>\n<h3>Beneficios<\/h3>\n<ol>\n<li>Duraci\u00f3n de acci\u00f3n prolongada: los efectos duraderos del levacetilmetadol significan que se necesitan menos dosis, lo que simplifica las rutinas de medicaci\u00f3n y mejora el cumplimiento.<\/li>\n<li>Manejo eficaz del dolor: proporciona un alivio sustancial para el dolor cr\u00f3nico, lo que lo convierte en una opci\u00f3n valiosa para pacientes con condiciones de dolor persistente.<\/li>\n<li>Tratamiento de la adicci\u00f3n a los opioides: es eficaz para reducir los s\u00edntomas de abstinencia y los antojos, ayudando en el proceso de recuperaci\u00f3n de las personas con dependencia de opioides.<\/li>\n<li>Riesgo reducido de efectos secundarios: en comparaci\u00f3n con otros opioides, el levacetilmetadol tiene un menor riesgo de causar depresi\u00f3n respiratoria y euforia, lo que lo hace m\u00e1s seguro para el uso a largo plazo.<\/li>\n<li>Mejor calidad de vida: al controlar el dolor y apoyar la recuperaci\u00f3n de la adicci\u00f3n, el levacetilmetadol ayuda a mejorar el bienestar general y la funcionalidad en la vida diaria.<\/li>\n<\/ol>\n<p>Comprar Levacetilmetadol en la mejor farmacia, buy-prescriptionz.com, ofrece varias ventajas. Proporciona un control eficaz del dolor y es una herramienta valiosa en el tratamiento de la adicci\u00f3n a los opioides gracias a su larga duraci\u00f3n de acci\u00f3n. El menor riesgo de efectos secundarios graves de este medicamento lo convierte en una opci\u00f3n m\u00e1s segura para quienes necesitan terapia con opioides a largo plazo. Al optar por Levacetilmetadol en una fuente confiable como buy-prescriptionz.com, los pacientes pueden acceder a un medicamento de alta calidad que puede mejorar significativamente su calidad de vida.<\/p>\n<h3>EFECTOS SECUNDARIOS<\/h3>\n<p>sensaci\u00f3n de malestar (malestar general)<\/p>\n<p>Insomnio.<br \/>\nDebilidad.<br \/>\nDolor abdominal.<br \/>\nEstre\u00f1imiento.<br \/>\nDolor en las articulaciones.<br \/>\nNerviosismo.<br \/>\nSudar.<\/p>\n<h3>PRECAUCIONES DEL LEVACETILMETADOL<\/h3>\n<p>El acetato de l se suele administrar tres veces por semana, bien el lunes, el mi\u00e9rcoles y el viernes, o bien el martes, el jueves y el s\u00e1bado. Si el s\u00edndrome de abstinencia es un problema durante el intervalo de 72 horas entre las dosis, se puede aumentar la dosis anterior.<br \/>\nLas dosis habituales de acetato de levometadilo no deben administrarse en d\u00edas consecutivos debido al riesgo de sobredosis mortal. Ninguna de las dosis mencionadas en esta etiqueta est\u00e1 destinada a ser administrada como dosis diaria<\/p>\n<p>\u00bb Evitar el consumo de bebidas alcoh\u00f3licas y opioides il\u00edcitos, incluso si se experimentan s\u00edntomas de abstinencia y antojos, debido al riesgo de toxicidad aditiva o sobredosis potencialmente fatal.<br \/>\n\" Necesidad de informar a los m\u00e9dicos y dentistas del uso de levometadilo, especialmente si se requiere alg\u00fan tipo de cirug\u00eda (incluida la dental) o tratamiento de emergencia<\/p>\n<h3>DOSIS PERDIDAS<\/h3>\n<p>Si falta a la dosis y llega a la cl\u00ednica el d\u00eda de la siguiente dosis programada (si falta el lunes, llega el mi\u00e9rcoles), la dosis habitual ser\u00e1 bien tolerada en los casos m\u00e1ximos, aunque una dosis reducida puede ser adecuada en casos seleccionados.<\/p>\n<h3>SOBREDOSIS<\/h3>\n<p>El an\u00e1lisis de las sobredosis observadas en el desarrollo de ORLAAM (acetato de levometadilo) ha demostrado que cuando ORLAAM (acetato de levometadilo) se desv\u00eda hacia los canales de abuso, el adicto desinformado puede impacientarse por el lento inicio del acetato de levometadilo (de 2 a 4 horas) y tomar drogas il\u00edcitas, dando lugar a una sobredosis combinada potencialmente letal cuando se desarrolla el efecto m\u00e1ximo de ORLAAM (acetato de levometadilo). Debido a estos riesgos de desv\u00edo y muerte accidental, se ha aprobado su uso s\u00f3lo cuando se dispensa en un centro autorizado.<\/p>\n<h3>ALMACENAMIENTO DE LEVACETILMETADOL<\/h3>\n<p>Almacenar entre 15 y 30 \u00b0C (59 y 86 \u00b0F), protegido de la congelaci\u00f3n, a menos que el fabricante especifique lo contrario.<\/p>\n<h3>\u00bfD\u00d3NDE COMPRAR EL MEJOR LEVACETILMETADOL ONLINE?<\/h3>\n<p>Comprar Levacetylmethadol en l\u00ednea de buyprescriptionz usted est\u00e1 en cualquier parte del mundo, pero usted puede comprar su farmacia en l\u00ednea con 100% seguro. Damos los mejores precios en todos nuestros productos. Usted puede navegar por nuestros productos.<\/p>","protected":false},"excerpt":{"rendered":"<p>BUY LEVACETYLMETHADOL ONLINE Buy Levacetylmethadol Online\u00a0,Levacetymethadol is a synthetic opioid anesthetic with numerous movements quantitatively similar to those as morphine, the most prominent of which involve the central nervous system and organs composed of smooth muscle. However, it is more active and more toxic than others. FEATURES OF LEVACETYLMETHADOL It is a narcotic pain-relieving with [&hellip;]<\/p>","protected":false},"featured_media":3028,"comment_status":"open","ping_status":"closed","template":"","meta":{"site-sidebar-layout":"default","site-content-layout":"","ast-site-content-layout":"default","site-content-style":"default","site-sidebar-style":"default","ast-global-header-display":"","ast-banner-title-visibility":"","ast-main-header-display":"","ast-hfb-above-header-display":"","ast-hfb-below-header-display":"","ast-hfb-mobile-header-display":"","site-post-title":"","ast-breadcrumbs-content":"","ast-featured-img":"","footer-sml-layout":"","theme-transparent-header-meta":"default","adv-header-id-meta":"","stick-header-meta":"","header-above-stick-meta":"","header-main-stick-meta":"","header-below-stick-meta":"","astra-migrate-meta-layouts":"set","ast-page-background-enabled":"default","ast-page-background-meta":{"desktop":{"background-color":"var(--ast-global-color-4)","background-image":"","background-repeat":"repeat","background-position":"center center","background-size":"auto","background-attachment":"scroll","background-type":"","background-media":"","overlay-type":"","overlay-color":"","overlay-opacity":"","overlay-gradient":""},"tablet":{"background-color":"","background-image":"","background-repeat":"repeat","background-position":"center center","background-size":"auto","background-attachment":"scroll","background-type":"","background-media":"","overlay-type":"","overlay-color":"","overlay-opacity":"","overlay-gradient":""},"mobile":{"background-color":"","background-image":"","background-repeat":"repeat","background-position":"center center","background-size":"auto","background-attachment":"scroll","background-type":"","background-media":"","overlay-type":"","overlay-color":"","overlay-opacity":"","overlay-gradient":""}},"ast-content-background-meta":{"desktop":{"background-color":"var(--ast-global-color-5)","background-image":"","background-repeat":"repeat","background-position":"center center","background-size":"auto","background-attachment":"scroll","background-type":"","background-media":"","overlay-type":"","overlay-color":"","overlay-opacity":"","overlay-gradient":""},"tablet":{"background-color":"var(--ast-global-color-5)","background-image":"","background-repeat":"repeat","background-position":"center center","background-size":"auto","background-attachment":"scroll","background-type":"","background-media":"","overlay-type":"","overlay-color":"","overlay-opacity":"","overlay-gradient":""},"mobile":{"background-color":"var(--ast-global-color-5)","background-image":"","background-repeat":"repeat","background-position":"center center","background-size":"auto","background-attachment":"scroll","background-type":"","background-media":"","overlay-type":"","overlay-color":"","overlay-opacity":"","overlay-gradient":""}}},"product_brand":[],"product_cat":[2382],"product_tag":[1509,1510,1508,1503,1506,1505,1504,1507,1502,1501,1512,1511],"class_list":{"0":"post-2998","1":"product","2":"type-product","3":"status-publish","4":"has-post-thumbnail","6":"product_cat-buy-opioids-online","7":"product_tag-buy-levacetylmethadol-in-canada","8":"product_tag-buy-levacetylmethadol-in-uk","9":"product_tag-buy-levacetylmethadol-in-usa","10":"product_tag-buy-levacetylmethadol-with-bitcoin","11":"product_tag-buy-levacetylmethadol-with-credit-card","12":"product_tag-buy-levacetylmethadol-with-money-gram","13":"product_tag-buy-levacetylmethadol-with-western-union","14":"product_tag-buy-levacetylmethadol-without-a-doctor","15":"product_tag-buy-levacetylmethadol-without-prescription","16":"product_tag-levacetylmethadol-for-sale","17":"product_tag-levacetylmethadol-pills","18":"product_tag-levacetylmethadol-tablets","19":"desktop-align-center","20":"tablet-align-left","21":"mobile-align-left","23":"first","24":"instock","25":"shipping-taxable","26":"purchasable","27":"product-type-variable","28":"has-default-attributes"},"yoast_head":"<!-- This site is optimized with the Yoast SEO plugin v25.9 - https:\/\/yoast.com\/wordpress\/plugins\/seo\/ -->\n<title>Buy LevacetylMethadol Online - LevacetylMethadol for Sale<\/title>\n<meta name=\"description\" content=\"If you want to buy Levacetylmethadol online, then visit our online Buy-Prescriptionz store is the best option. We have Levacetylmethadol for sale. Place your order now!\" \/>\n<meta name=\"robots\" content=\"index, follow, max-snippet:-1, max-image-preview:large, max-video-preview:-1\" \/>\n<link rel=\"canonical\" href=\"https:\/\/buy-prescriptionz.com\/es\/producto\/comprar-levacetilmetadol-en-linea\/\" \/>\n<meta property=\"og:locale\" content=\"es_ES\" \/>\n<meta property=\"og:type\" content=\"article\" \/>\n<meta property=\"og:title\" content=\"Buy LevacetylMethadol Online - LevacetylMethadol for Sale\" \/>\n<meta property=\"og:description\" content=\"If you want to buy Levacetylmethadol online, then visit our online Buy-Prescriptionz store is the best option. We have Levacetylmethadol for sale. Place your order now!\" \/>\n<meta property=\"og:url\" content=\"https:\/\/buy-prescriptionz.com\/es\/producto\/comprar-levacetilmetadol-en-linea\/\" \/>\n<meta property=\"og:site_name\" content=\"Buy Prescriptionz\" \/>\n<meta property=\"article:modified_time\" content=\"2025-09-23T06:49:43+00:00\" \/>\n<meta property=\"og:image\" content=\"https:\/\/buy-prescriptionz.com\/wp-content\/uploads\/2025\/09\/levacetylmethadol.jpg\" \/>\n\t<meta property=\"og:image:width\" content=\"400\" \/>\n\t<meta property=\"og:image:height\" content=\"300\" \/>\n\t<meta property=\"og:image:type\" content=\"image\/jpeg\" \/>\n<meta name=\"twitter:card\" content=\"summary_large_image\" \/>\n<meta name=\"twitter:label1\" content=\"Tiempo de lectura\" \/>\n\t<meta name=\"twitter:data1\" content=\"4 minutos\" \/>\n<script type=\"application\/ld+json\" class=\"yoast-schema-graph\">{\"@context\":\"https:\/\/schema.org\",\"@graph\":[{\"@type\":\"WebPage\",\"@id\":\"https:\/\/buy-prescriptionz.com\/product\/buy-levacetylmethadol-online\/\",\"url\":\"https:\/\/buy-prescriptionz.com\/product\/buy-levacetylmethadol-online\/\",\"name\":\"Buy LevacetylMethadol Online - LevacetylMethadol for Sale\",\"isPartOf\":{\"@id\":\"https:\/\/buy-prescriptionz.com\/#website\"},\"primaryImageOfPage\":{\"@id\":\"https:\/\/buy-prescriptionz.com\/product\/buy-levacetylmethadol-online\/#primaryimage\"},\"image\":{\"@id\":\"https:\/\/buy-prescriptionz.com\/product\/buy-levacetylmethadol-online\/#primaryimage\"},\"thumbnailUrl\":\"https:\/\/buy-prescriptionz.com\/wp-content\/uploads\/2025\/09\/levacetylmethadol.jpg\",\"datePublished\":\"2025-09-16T08:55:53+00:00\",\"dateModified\":\"2025-09-23T06:49:43+00:00\",\"description\":\"If you want to buy Levacetylmethadol online, then visit our online Buy-Prescriptionz store is the best option. We have Levacetylmethadol for sale. Place your order now!\",\"breadcrumb\":{\"@id\":\"https:\/\/buy-prescriptionz.com\/product\/buy-levacetylmethadol-online\/#breadcrumb\"},\"inLanguage\":\"es\",\"potentialAction\":[{\"@type\":\"ReadAction\",\"target\":[\"https:\/\/buy-prescriptionz.com\/product\/buy-levacetylmethadol-online\/\"]}]},{\"@type\":\"ImageObject\",\"inLanguage\":\"es\",\"@id\":\"https:\/\/buy-prescriptionz.com\/product\/buy-levacetylmethadol-online\/#primaryimage\",\"url\":\"https:\/\/buy-prescriptionz.com\/wp-content\/uploads\/2025\/09\/levacetylmethadol.jpg\",\"contentUrl\":\"https:\/\/buy-prescriptionz.com\/wp-content\/uploads\/2025\/09\/levacetylmethadol.jpg\",\"width\":400,\"height\":300},{\"@type\":\"BreadcrumbList\",\"@id\":\"https:\/\/buy-prescriptionz.com\/product\/buy-levacetylmethadol-online\/#breadcrumb\",\"itemListElement\":[{\"@type\":\"ListItem\",\"position\":1,\"name\":\"Home\",\"item\":\"https:\/\/buy-prescriptionz.com\/\"},{\"@type\":\"ListItem\",\"position\":2,\"name\":\"Shop Painkillers Online\",\"item\":\"https:\/\/buy-prescriptionz.com\/shop-painkillers-online\/\"},{\"@type\":\"ListItem\",\"position\":3,\"name\":\"Buy Levacetylmethadol Online\"}]},{\"@type\":\"WebSite\",\"@id\":\"https:\/\/buy-prescriptionz.com\/#website\",\"url\":\"https:\/\/buy-prescriptionz.com\/\",\"name\":\"Buy Prescriptionz\",\"description\":\"Drugs Online\",\"publisher\":{\"@id\":\"https:\/\/buy-prescriptionz.com\/#organization\"},\"potentialAction\":[{\"@type\":\"SearchAction\",\"target\":{\"@type\":\"EntryPoint\",\"urlTemplate\":\"https:\/\/buy-prescriptionz.com\/?s={search_term_string}\"},\"query-input\":{\"@type\":\"PropertyValueSpecification\",\"valueRequired\":true,\"valueName\":\"search_term_string\"}}],\"inLanguage\":\"es\"},{\"@type\":\"Organization\",\"@id\":\"https:\/\/buy-prescriptionz.com\/#organization\",\"name\":\"Buy Prescriptionz\",\"url\":\"https:\/\/buy-prescriptionz.com\/\",\"logo\":{\"@type\":\"ImageObject\",\"inLanguage\":\"es\",\"@id\":\"https:\/\/buy-prescriptionz.com\/#\/schema\/logo\/image\/\",\"url\":\"https:\/\/buy-prescriptionz.com\/wp-content\/uploads\/2023\/09\/logo.png\",\"contentUrl\":\"https:\/\/buy-prescriptionz.com\/wp-content\/uploads\/2023\/09\/logo.png\",\"width\":350,\"height\":64,\"caption\":\"Buy Prescriptionz\"},\"image\":{\"@id\":\"https:\/\/buy-prescriptionz.com\/#\/schema\/logo\/image\/\"}}]}<\/script>\n<!-- \/ Yoast SEO plugin. -->","yoast_head_json":{"title":"Comprar Le acetylMethadol en l\u00ednea - Le acetylMethadol en venta","description":"Si desea comprar Levacetilmetadol en l\u00ednea, visite nuestra tienda online Buy-Prescriptionz, la mejor opci\u00f3n. Tenemos Levacetilmetadol a la venta. \u00a1Haga su pedido ahora!","robots":{"index":"index","follow":"follow","max-snippet":"max-snippet:-1","max-image-preview":"max-image-preview:large","max-video-preview":"max-video-preview:-1"},"canonical":"https:\/\/buy-prescriptionz.com\/es\/producto\/comprar-levacetilmetadol-en-linea\/","og_locale":"es_ES","og_type":"article","og_title":"Buy LevacetylMethadol Online - LevacetylMethadol for Sale","og_description":"If you want to buy Levacetylmethadol online, then visit our online Buy-Prescriptionz store is the best option. We have Levacetylmethadol for sale. Place your order now!","og_url":"https:\/\/buy-prescriptionz.com\/es\/producto\/comprar-levacetilmetadol-en-linea\/","og_site_name":"Buy Prescriptionz","article_modified_time":"2025-09-23T06:49:43+00:00","og_image":[{"width":400,"height":300,"url":"https:\/\/buy-prescriptionz.com\/wp-content\/uploads\/2025\/09\/levacetylmethadol.jpg","type":"image\/jpeg"}],"twitter_card":"summary_large_image","twitter_misc":{"Tiempo de lectura":"4 minutos"},"schema":{"@context":"https:\/\/schema.org","@graph":[{"@type":"WebPage","@id":"https:\/\/buy-prescriptionz.com\/product\/buy-levacetylmethadol-online\/","url":"https:\/\/buy-prescriptionz.com\/product\/buy-levacetylmethadol-online\/","name":"Comprar Le acetylMethadol en l\u00ednea - Le acetylMethadol en venta","isPartOf":{"@id":"https:\/\/buy-prescriptionz.com\/#website"},"primaryImageOfPage":{"@id":"https:\/\/buy-prescriptionz.com\/product\/buy-levacetylmethadol-online\/#primaryimage"},"image":{"@id":"https:\/\/buy-prescriptionz.com\/product\/buy-levacetylmethadol-online\/#primaryimage"},"thumbnailUrl":"https:\/\/buy-prescriptionz.com\/wp-content\/uploads\/2025\/09\/levacetylmethadol.jpg","datePublished":"2025-09-16T08:55:53+00:00","dateModified":"2025-09-23T06:49:43+00:00","description":"Si desea comprar Levacetilmetadol en l\u00ednea, visite nuestra tienda online Buy-Prescriptionz, la mejor opci\u00f3n. Tenemos Levacetilmetadol a la venta. \u00a1Haga su pedido ahora!","breadcrumb":{"@id":"https:\/\/buy-prescriptionz.com\/product\/buy-levacetylmethadol-online\/#breadcrumb"},"inLanguage":"es","potentialAction":[{"@type":"ReadAction","target":["https:\/\/buy-prescriptionz.com\/product\/buy-levacetylmethadol-online\/"]}]},{"@type":"ImageObject","inLanguage":"es","@id":"https:\/\/buy-prescriptionz.com\/product\/buy-levacetylmethadol-online\/#primaryimage","url":"https:\/\/buy-prescriptionz.com\/wp-content\/uploads\/2025\/09\/levacetylmethadol.jpg","contentUrl":"https:\/\/buy-prescriptionz.com\/wp-content\/uploads\/2025\/09\/levacetylmethadol.jpg","width":400,"height":300},{"@type":"BreadcrumbList","@id":"https:\/\/buy-prescriptionz.com\/product\/buy-levacetylmethadol-online\/#breadcrumb","itemListElement":[{"@type":"ListItem","position":1,"name":"Home","item":"https:\/\/buy-prescriptionz.com\/"},{"@type":"ListItem","position":2,"name":"Shop Painkillers Online","item":"https:\/\/buy-prescriptionz.com\/shop-painkillers-online\/"},{"@type":"ListItem","position":3,"name":"Buy Levacetylmethadol Online"}]},{"@type":"WebSite","@id":"https:\/\/buy-prescriptionz.com\/#website","url":"https:\/\/buy-prescriptionz.com\/","name":"Buy Prescriptionz","description":"Medicamentos en l\u00ednea","publisher":{"@id":"https:\/\/buy-prescriptionz.com\/#organization"},"potentialAction":[{"@type":"SearchAction","target":{"@type":"EntryPoint","urlTemplate":"https:\/\/buy-prescriptionz.com\/?s={search_term_string}"},"query-input":{"@type":"PropertyValueSpecification","valueRequired":true,"valueName":"search_term_string"}}],"inLanguage":"es"},{"@type":"Organization","@id":"https:\/\/buy-prescriptionz.com\/#organization","name":"Buy Prescriptionz","url":"https:\/\/buy-prescriptionz.com\/","logo":{"@type":"ImageObject","inLanguage":"es","@id":"https:\/\/buy-prescriptionz.com\/#\/schema\/logo\/image\/","url":"https:\/\/buy-prescriptionz.com\/wp-content\/uploads\/2023\/09\/logo.png","contentUrl":"https:\/\/buy-prescriptionz.com\/wp-content\/uploads\/2023\/09\/logo.png","width":350,"height":64,"caption":"Buy Prescriptionz"},"image":{"@id":"https:\/\/buy-prescriptionz.com\/#\/schema\/logo\/image\/"}}]}},"_links":{"self":[{"href":"http:\/\/buy-prescriptionz.com\/es\/wp-json\/wp\/v2\/product\/2998","targetHints":{"allow":["GET"]}}],"collection":[{"href":"http:\/\/buy-prescriptionz.com\/es\/wp-json\/wp\/v2\/product"}],"about":[{"href":"http:\/\/buy-prescriptionz.com\/es\/wp-json\/wp\/v2\/types\/product"}],"replies":[{"embeddable":true,"href":"http:\/\/buy-prescriptionz.com\/es\/wp-json\/wp\/v2\/comments?post=2998"}],"wp:featuredmedia":[{"embeddable":true,"href":"http:\/\/buy-prescriptionz.com\/es\/wp-json\/wp\/v2\/media\/3028"}],"wp:attachment":[{"href":"http:\/\/buy-prescriptionz.com\/es\/wp-json\/wp\/v2\/media?parent=2998"}],"wp:term":[{"taxonomy":"product_brand","embeddable":true,"href":"http:\/\/buy-prescriptionz.com\/es\/wp-json\/wp\/v2\/product_brand?post=2998"},{"taxonomy":"product_cat","embeddable":true,"href":"http:\/\/buy-prescriptionz.com\/es\/wp-json\/wp\/v2\/product_cat?post=2998"},{"taxonomy":"product_tag","embeddable":true,"href":"http:\/\/buy-prescriptionz.com\/es\/wp-json\/wp\/v2\/product_tag?post=2998"}],"curies":[{"name":"wp","href":"https:\/\/api.w.org\/{rel}","templated":true}]}}