{"id":986,"date":"2019-05-08T05:53:37","date_gmt":"2019-05-08T05:53:37","guid":{"rendered":"https:\/\/buyprescriptionz.com\/?page_id=986"},"modified":"2019-05-08T05:53:37","modified_gmt":"2019-05-08T05:53:37","slug":"payment","status":"publish","type":"page","link":"http:\/\/buy-prescriptionz.com\/fi\/payment\/","title":{"rendered":"Maksu"},"content":{"rendered":"<p style=\"text-align: justify;\">Buyprescriptionz Pharmacyssa maksutavat ovat helppok\u00e4ytt\u00f6isi\u00e4 ja helppoja tehd\u00e4. Maksuyhdysk\u00e4yt\u00e4v\u00e4p\u00e4ivityksi\u00e4 on aina saatavilla, jotta maksut ovat turvallisia ja anonyymej\u00e4 asiakkaillemme. Lis\u00e4\u00e4mme maksutapoihimme lis\u00e4\u00e4 vaihtoehtoja, koska tied\u00e4mme, ett\u00e4 maksamisen verkossa pit\u00e4isi olla k\u00e4tev\u00e4\u00e4 ja yksinkertaisempaa kuin koskaan.<\/p>\n<p style=\"text-align: justify;\">Buyprescriptionz-verkkoapteekki on paikka, jossa voit ostaa l\u00e4\u00e4kkeit\u00e4 verkosta ilman resepti\u00e4 ja l\u00e4\u00e4k\u00e4rilt\u00e4 milloin tahansa ja miss\u00e4 tahansa tilauksen tekemiseen. T\u00e4ll\u00e4 hetkell\u00e4 hyv\u00e4ksymme maksut nelj\u00e4lt\u00e4 maksuyhdysk\u00e4yt\u00e4v\u00e4lt\u00e4, jotka ovat:<\/p>\n<h3 style=\"text-align: justify;\">Western Union<\/h3>\n<p style=\"text-align: justify;\">Western Union on maailmanlaajuinen maksupalvelu, joka on saatavilla kaikissa maailman maissa. Voit k\u00e4yd\u00e4 miss\u00e4 tahansa Western Union -kaupassa tilaamassa l\u00e4\u00e4kkeit\u00e4 verkossa ja l\u00e4hett\u00e4\u00e4 maksun siell\u00e4. Huomaa, ett\u00e4 me emme tue summan l\u00e4hett\u00e4mist\u00e4 verkossa Western Unionin kautta. Ole hyv\u00e4 ja k\u00e4y l\u00e4pi alla olevat maksutiedot maksaaksesi tilauksen j\u00e4lkeen:<\/p>\n<p style=\"text-align: justify;\"><strong>Nimi: Esimerkki<\/strong><\/p>\n<p style=\"text-align: justify;\"><strong>Maa: USA<\/strong><\/p>\n<p style=\"text-align: justify;\"><strong>Kaupunki: Lake City<\/strong><\/p>\n<p style=\"text-align: justify;\"><strong>Postinumero: 32055<\/strong><\/p>\n<p style=\"text-align: justify;\">Summa: Tilauksesi summa<\/p>\n<h3 style=\"text-align: justify;\">Bitcoinit (10 % alennus)<\/h3>\n<p style=\"text-align: justify;\">T\u00e4ll\u00e4 hetkell\u00e4 katsomme, ett\u00e4 t\u00e4m\u00e4 on paras k\u00e4ytett\u00e4viss\u00e4mme oleva maksutapa. Se tarjoaa asiakkaillemme korkeatasoista yksityisyytt\u00e4 ja turvallisuutta, kun he ostavat l\u00e4\u00e4kkeit\u00e4 verkosta. Voit maksaa Bitcoin Cashilla, Ethereumilla, LiteCoinilla ja DogeCoinilla. On verkkosivustoja, joilla voi ostaa Bitcoineja verkossa. Ja t\u00e4ll\u00e4 maksutavalla saat 10 prosentin alennuksen.<\/p>\n<h3 style=\"text-align: justify;\">MoneyGram<\/h3>\n<p style=\"text-align: justify;\">MoneyGram on toinen maailmanlaajuinen maksupalveluntarjoaja, jonka kautta voit l\u00e4hett\u00e4\u00e4 meille tilausmaksusi. Voit vierailla miss\u00e4 tahansa alueesi MoneyGram-liikkeess\u00e4 ja l\u00e4hett\u00e4\u00e4 meille tilauksesi maksun huomaamattomassa pakkauksessa. Jos haluat lis\u00e4tietoja t\u00e4st\u00e4 maksutavasta, l\u00e4het\u00e4 meille s\u00e4hk\u00f6postiviesti tilaustietoineen: info@buy-prescriptionz.com. Jos et saa MoneyGram-maksutietoja viiden minuutin kuluessa, kerro se my\u00f6s meille.<\/p>","protected":false},"excerpt":{"rendered":"<p>At Buyprescriptionz Pharmacy, payments modes are easy to use and make. There are always payment gateway upgrades to make payments secure and anonymous for our clients. We are adding more options to our payment methods because we know making a payment online should come handy and simple than ever. Buyprescriptionz online Pharmacy is where to [&hellip;]<\/p>","protected":false},"author":1,"featured_media":0,"parent":0,"menu_order":0,"comment_status":"open","ping_status":"open","template":"","meta":{"site-sidebar-layout":"default","site-content-layout":"","ast-site-content-layout":"default","site-content-style":"default","site-sidebar-style":"default","ast-global-header-display":"","ast-banner-title-visibility":"","ast-main-header-display":"","ast-hfb-above-header-display":"","ast-hfb-below-header-display":"","ast-hfb-mobile-header-display":"","site-post-title":"","ast-breadcrumbs-content":"","ast-featured-img":"","footer-sml-layout":"","theme-transparent-header-meta":"","adv-header-id-meta":"","stick-header-meta":"","header-above-stick-meta":"","header-main-stick-meta":"","header-below-stick-meta":"","astra-migrate-meta-layouts":"default","ast-page-background-enabled":"default","ast-page-background-meta":{"desktop":{"background-color":"var(--ast-global-color-4)","background-image":"","background-repeat":"repeat","background-position":"center center","background-size":"auto","background-attachment":"scroll","background-type":"","background-media":"","overlay-type":"","overlay-color":"","overlay-opacity":"","overlay-gradient":""},"tablet":{"background-color":"","background-image":"","background-repeat":"repeat","background-position":"center center","background-size":"auto","background-attachment":"scroll","background-type":"","background-media":"","overlay-type":"","overlay-color":"","overlay-opacity":"","overlay-gradient":""},"mobile":{"background-color":"","background-image":"","background-repeat":"repeat","background-position":"center center","background-size":"auto","background-attachment":"scroll","background-type":"","background-media":"","overlay-type":"","overlay-color":"","overlay-opacity":"","overlay-gradient":""}},"ast-content-background-meta":{"desktop":{"background-color":"var(--ast-global-color-5)","background-image":"","background-repeat":"repeat","background-position":"center center","background-size":"auto","background-attachment":"scroll","background-type":"","background-media":"","overlay-type":"","overlay-color":"","overlay-opacity":"","overlay-gradient":""},"tablet":{"background-color":"var(--ast-global-color-5)","background-image":"","background-repeat":"repeat","background-position":"center center","background-size":"auto","background-attachment":"scroll","background-type":"","background-media":"","overlay-type":"","overlay-color":"","overlay-opacity":"","overlay-gradient":""},"mobile":{"background-color":"var(--ast-global-color-5)","background-image":"","background-repeat":"repeat","background-position":"center center","background-size":"auto","background-attachment":"scroll","background-type":"","background-media":"","overlay-type":"","overlay-color":"","overlay-opacity":"","overlay-gradient":""}},"footnotes":""},"class_list":["post-986","page","type-page","status-publish","hentry"],"yoast_head":"<!-- This site is optimized with the Yoast SEO plugin v25.9 - https:\/\/yoast.com\/wordpress\/plugins\/seo\/ -->\n<title>Payment - Buy Prescriptionz<\/title>\n<meta name=\"robots\" content=\"index, follow, max-snippet:-1, max-image-preview:large, max-video-preview:-1\" \/>\n<link rel=\"canonical\" href=\"https:\/\/buy-prescriptionz.com\/fi\/payment\/\" \/>\n<meta property=\"og:locale\" content=\"fi_FI\" \/>\n<meta property=\"og:type\" content=\"article\" \/>\n<meta property=\"og:title\" content=\"Payment - Buy Prescriptionz\" \/>\n<meta property=\"og:description\" content=\"At Buyprescriptionz Pharmacy, payments modes are easy to use and make. There are always payment gateway upgrades to make payments secure and anonymous for our clients. We are adding more options to our payment methods because we know making a payment online should come handy and simple than ever. Buyprescriptionz online Pharmacy is where to [&hellip;]\" \/>\n<meta property=\"og:url\" content=\"https:\/\/buy-prescriptionz.com\/fi\/payment\/\" \/>\n<meta property=\"og:site_name\" content=\"Buy Prescriptionz\" \/>\n<meta name=\"twitter:card\" content=\"summary_large_image\" \/>\n<meta name=\"twitter:label1\" content=\"Arvioitu lukuaika\" \/>\n\t<meta name=\"twitter:data1\" content=\"1 minuutti\" \/>\n<script type=\"application\/ld+json\" class=\"yoast-schema-graph\">{\"@context\":\"https:\/\/schema.org\",\"@graph\":[{\"@type\":\"WebPage\",\"@id\":\"https:\/\/buy-prescriptionz.com\/payment\/\",\"url\":\"https:\/\/buy-prescriptionz.com\/payment\/\",\"name\":\"Payment - Buy Prescriptionz\",\"isPartOf\":{\"@id\":\"https:\/\/buy-prescriptionz.com\/#website\"},\"datePublished\":\"2019-05-08T05:53:37+00:00\",\"breadcrumb\":{\"@id\":\"https:\/\/buy-prescriptionz.com\/payment\/#breadcrumb\"},\"inLanguage\":\"fi\",\"potentialAction\":[{\"@type\":\"ReadAction\",\"target\":[\"https:\/\/buy-prescriptionz.com\/payment\/\"]}]},{\"@type\":\"BreadcrumbList\",\"@id\":\"https:\/\/buy-prescriptionz.com\/payment\/#breadcrumb\",\"itemListElement\":[{\"@type\":\"ListItem\",\"position\":1,\"name\":\"Home\",\"item\":\"https:\/\/buy-prescriptionz.com\/\"},{\"@type\":\"ListItem\",\"position\":2,\"name\":\"Payment\"}]},{\"@type\":\"WebSite\",\"@id\":\"https:\/\/buy-prescriptionz.com\/#website\",\"url\":\"https:\/\/buy-prescriptionz.com\/\",\"name\":\"Buy Prescriptionz\",\"description\":\"Drugs Online\",\"publisher\":{\"@id\":\"https:\/\/buy-prescriptionz.com\/#organization\"},\"potentialAction\":[{\"@type\":\"SearchAction\",\"target\":{\"@type\":\"EntryPoint\",\"urlTemplate\":\"https:\/\/buy-prescriptionz.com\/?s={search_term_string}\"},\"query-input\":{\"@type\":\"PropertyValueSpecification\",\"valueRequired\":true,\"valueName\":\"search_term_string\"}}],\"inLanguage\":\"fi\"},{\"@type\":\"Organization\",\"@id\":\"https:\/\/buy-prescriptionz.com\/#organization\",\"name\":\"Buy Prescriptionz\",\"url\":\"https:\/\/buy-prescriptionz.com\/\",\"logo\":{\"@type\":\"ImageObject\",\"inLanguage\":\"fi\",\"@id\":\"https:\/\/buy-prescriptionz.com\/#\/schema\/logo\/image\/\",\"url\":\"https:\/\/buy-prescriptionz.com\/wp-content\/uploads\/2023\/09\/logo.png\",\"contentUrl\":\"https:\/\/buy-prescriptionz.com\/wp-content\/uploads\/2023\/09\/logo.png\",\"width\":350,\"height\":64,\"caption\":\"Buy Prescriptionz\"},\"image\":{\"@id\":\"https:\/\/buy-prescriptionz.com\/#\/schema\/logo\/image\/\"}}]}<\/script>\n<!-- \/ Yoast SEO plugin. -->","yoast_head_json":{"title":"Payment - Buy Prescriptionz","robots":{"index":"index","follow":"follow","max-snippet":"max-snippet:-1","max-image-preview":"max-image-preview:large","max-video-preview":"max-video-preview:-1"},"canonical":"https:\/\/buy-prescriptionz.com\/fi\/payment\/","og_locale":"fi_FI","og_type":"article","og_title":"Payment - Buy Prescriptionz","og_description":"At Buyprescriptionz Pharmacy, payments modes are easy to use and make. There are always payment gateway upgrades to make payments secure and anonymous for our clients. We are adding more options to our payment methods because we know making a payment online should come handy and simple than ever. Buyprescriptionz online Pharmacy is where to [&hellip;]","og_url":"https:\/\/buy-prescriptionz.com\/fi\/payment\/","og_site_name":"Buy Prescriptionz","twitter_card":"summary_large_image","twitter_misc":{"Arvioitu lukuaika":"1 minuutti"},"schema":{"@context":"https:\/\/schema.org","@graph":[{"@type":"WebPage","@id":"https:\/\/buy-prescriptionz.com\/payment\/","url":"https:\/\/buy-prescriptionz.com\/payment\/","name":"Payment - Buy Prescriptionz","isPartOf":{"@id":"https:\/\/buy-prescriptionz.com\/#website"},"datePublished":"2019-05-08T05:53:37+00:00","breadcrumb":{"@id":"https:\/\/buy-prescriptionz.com\/payment\/#breadcrumb"},"inLanguage":"fi","potentialAction":[{"@type":"ReadAction","target":["https:\/\/buy-prescriptionz.com\/payment\/"]}]},{"@type":"BreadcrumbList","@id":"https:\/\/buy-prescriptionz.com\/payment\/#breadcrumb","itemListElement":[{"@type":"ListItem","position":1,"name":"Home","item":"https:\/\/buy-prescriptionz.com\/"},{"@type":"ListItem","position":2,"name":"Payment"}]},{"@type":"WebSite","@id":"https:\/\/buy-prescriptionz.com\/#website","url":"https:\/\/buy-prescriptionz.com\/","name":"Buy Prescriptionz","description":"Huumeet verkossa","publisher":{"@id":"https:\/\/buy-prescriptionz.com\/#organization"},"potentialAction":[{"@type":"SearchAction","target":{"@type":"EntryPoint","urlTemplate":"https:\/\/buy-prescriptionz.com\/?s={search_term_string}"},"query-input":{"@type":"PropertyValueSpecification","valueRequired":true,"valueName":"search_term_string"}}],"inLanguage":"fi"},{"@type":"Organization","@id":"https:\/\/buy-prescriptionz.com\/#organization","name":"Buy Prescriptionz","url":"https:\/\/buy-prescriptionz.com\/","logo":{"@type":"ImageObject","inLanguage":"fi","@id":"https:\/\/buy-prescriptionz.com\/#\/schema\/logo\/image\/","url":"https:\/\/buy-prescriptionz.com\/wp-content\/uploads\/2023\/09\/logo.png","contentUrl":"https:\/\/buy-prescriptionz.com\/wp-content\/uploads\/2023\/09\/logo.png","width":350,"height":64,"caption":"Buy Prescriptionz"},"image":{"@id":"https:\/\/buy-prescriptionz.com\/#\/schema\/logo\/image\/"}}]}},"_links":{"self":[{"href":"http:\/\/buy-prescriptionz.com\/fi\/wp-json\/wp\/v2\/pages\/986","targetHints":{"allow":["GET"]}}],"collection":[{"href":"http:\/\/buy-prescriptionz.com\/fi\/wp-json\/wp\/v2\/pages"}],"about":[{"href":"http:\/\/buy-prescriptionz.com\/fi\/wp-json\/wp\/v2\/types\/page"}],"author":[{"embeddable":true,"href":"http:\/\/buy-prescriptionz.com\/fi\/wp-json\/wp\/v2\/users\/1"}],"replies":[{"embeddable":true,"href":"http:\/\/buy-prescriptionz.com\/fi\/wp-json\/wp\/v2\/comments?post=986"}],"version-history":[{"count":0,"href":"http:\/\/buy-prescriptionz.com\/fi\/wp-json\/wp\/v2\/pages\/986\/revisions"}],"wp:attachment":[{"href":"http:\/\/buy-prescriptionz.com\/fi\/wp-json\/wp\/v2\/media?parent=986"}],"curies":[{"name":"wp","href":"https:\/\/api.w.org\/{rel}","templated":true}]}}