{"id":2993,"date":"2025-09-16T08:55:52","date_gmt":"2025-09-16T08:55:52","guid":{"rendered":"https:\/\/chemsfine.com\/newsite\/?post_type=product&#038;p=2993"},"modified":"2025-09-27T12:06:59","modified_gmt":"2025-09-27T12:06:59","slug":"osta-subutexia-verkossa","status":"publish","type":"product","link":"http:\/\/buy-prescriptionz.com\/fi\/tuote\/osta-subutexia-verkossa\/","title":{"rendered":"Osta Subutex verkossa"},"content":{"rendered":"<h2>Osta Subutex verkossa<\/h2>\n<p>Osta Subutexia verkossa. Buprenorfiini, jota myyd\u00e4\u00e4n tuotenimell\u00e4 Subutex, on huumausaine, jota k\u00e4ytet\u00e4\u00e4n huumeriippuvuuden ja voimakkaan kivun hoitoon. Osta Subutexia k\u00e4ytett\u00e4v\u00e4ksi kielen alle, infuusiona, ihol\u00e4\u00e4kkeen\u00e4 tai implanttina. Huumepakko-oireisiin Subutexia myyd\u00e4\u00e4n buy-prescriptionz.com-sivustolla yleens\u00e4 aloitetaan vieroitusoireiden alkaessa ja kahden ensimm\u00e4isen hoitop\u00e4iv\u00e4n ajan l\u00e4\u00e4k\u00e4rin valvonnassa.<\/p>\n<h3>Subutex verkossa osoitteessa buy-prescriptionz.com<\/h3>\n<p style=\"margin: 0in; margin-bottom: .0001pt; line-height: 15.0pt;\">Oireita voivat olla hengitysvaikeudet, apaattisuus, lis\u00e4munuaisten vajaatoiminta, QT-ajan pidentyminen, alhainen verenkiertoh\u00e4iri\u00f6, emotionaaliset reaktiot ja narkoottinen riippuvuus. Muita oireita ovat kouristukset, ja on olemassa erilaisten kouristuskohtausten riski. Voit ostaa Subutexia ilman l\u00e4\u00e4k\u00e4ri\u00e4, ja siin\u00e4p\u00e4 se, miten lievitt\u00e4\u00e4 kipua. Subutexin tilaaminen verkosta opioidien vieroitusoireisiin buprenorfiinin k\u00e4yt\u00f6n lopettamisen j\u00e4lkeen on yleens\u00e4 lievemp\u00e4\u00e4 kuin muiden opioidien. Subutexin ostaminen verkosta on turvallista, eik\u00e4 k\u00e4ytt\u00f6\u00e4 imetyksen aikana suositella nopean ja turvallisen toimituspalvelun kautta. Buprenorfiini vaikuttaa erilaisiin narkoottisiin reseptoreihin eri tavoin. Reseptorityypist\u00e4 riippuen se voi olla agonisti. Subutex on reseptil\u00e4\u00e4ke, jota k\u00e4ytet\u00e4\u00e4n opioidiriippuvuuden hoitoon. Se sis\u00e4lt\u00e4\u00e4 vaikuttavana aineena buprenorfiinia, joka toimii sitoutumalla samoihin aivojen reseptoreihin kuin opioidit, mutta aiheuttamatta samaa euforiaa. T\u00e4m\u00e4 auttaa v\u00e4hent\u00e4m\u00e4\u00e4n himoja ja vieroitusoireita, mik\u00e4 helpottaa riippuvuuden voittamista. Subutexia m\u00e4\u00e4r\u00e4t\u00e4\u00e4n tyypillisesti osana kokonaisvaltaista hoito-ohjelmaa, joka sis\u00e4lt\u00e4\u00e4 neuvontaa ja terapiaa. Se ei ole parannuskeino riippuvuuteen, vaan pikemminkin ty\u00f6kalu, joka auttaa yksil\u00f6it\u00e4 hallitsemaan riippuvuuttaan ja ty\u00f6skentelem\u00e4\u00e4n kohti toipumista.<\/p>\n<h3 style=\"line-height: 20.5pt; background: white; margin: 0in 0in 7.5pt 0in;\"><span lang=\"EN-IN\" style=\"font-family: 'Segoe UI','sans-serif'; color: #080808;\">Subutexin k\u00e4ytt\u00f6tarkoitukset<\/span><\/h3>\n<p>1. Opioidien vieroitusoireet: Yksi Subutexin p\u00e4\u00e4k\u00e4ytt\u00f6tavoista on auttaa yksil\u00f6it\u00e4 turvallisesti vieroittumaan opioideista. Kun joku lopettaa opioidien k\u00e4yt\u00f6n \u00e4killisesti, h\u00e4n voi kokea kivuliaita vieroitusoireita, kuten pahoinvointia, oksentelua, lihaskipuja ja unettomuutta. Subutex voi auttaa lievitt\u00e4m\u00e4\u00e4n n\u00e4it\u00e4 oireita tarjoamalla lievemm\u00e4n opioidistimulaation, jonka avulla yksil\u00f6 voi v\u00e4hent\u00e4\u00e4 huumeiden k\u00e4ytt\u00f6\u00e4 v\u00e4hitellen.<\/p>\n<p>2. Opioidien yll\u00e4pitohoito: Subutexia k\u00e4ytet\u00e4\u00e4n my\u00f6s yll\u00e4pitohoitona opioidiriippuvuudesta k\u00e4rsiville henkil\u00f6ille. Ottamalla Subutexia m\u00e4\u00e4r\u00e4ysten mukaisesti potilaat voivat v\u00e4hent\u00e4\u00e4 opioidien himoa ja est\u00e4\u00e4 uusiutumisen. T\u00e4m\u00e4 voi auttaa heit\u00e4 pysym\u00e4\u00e4n puhtaina ja el\u00e4m\u00e4\u00e4n terveellisemp\u00e4\u00e4 ja vakaampaa el\u00e4m\u00e4\u00e4.<\/p>\n<p>3. Kivunhallinta: Opioidiriippuvuuden hoidon lis\u00e4ksi Subutexia voidaan k\u00e4ytt\u00e4\u00e4 my\u00f6s kroonisen kivun hoitoon. Ainutlaatuisen vaikutusmekanisminsa ansiosta Subutex voi lievitt\u00e4\u00e4 kipua ilman perinteisiin opioideihin liittyv\u00e4\u00e4 riippuvuuden tai hengityslaman riski\u00e4. T\u00e4m\u00e4 tekee siit\u00e4 turvallisemman vaihtoehdon henkil\u00f6ille, jotka tarvitsevat pitk\u00e4aikaista kivunhallintaa.<\/p>\n<p>4. Muu kuin myyntiluvan haltijan k\u00e4ytt\u00f6: Vaikka Subutexia k\u00e4ytet\u00e4\u00e4n ensisijaisesti opioidiriippuvuuden ja kivunlievityksen hoitoon, sill\u00e4 voi olla my\u00f6s muu kuin myyntiluvan haltijan k\u00e4ytt\u00f6tarkoituksia tietyiss\u00e4 tilanteissa. Jotkut terveydenhuollon ammattilaiset voivat m\u00e4\u00e4r\u00e4t\u00e4 Subutexia esimerkiksi masennukseen, ahdistukseen tai traumaper\u00e4iseen stressih\u00e4iri\u00f6\u00f6n. N\u00e4it\u00e4 k\u00e4ytt\u00f6tarkoituksia ei kuitenkaan ole FDA:n hyv\u00e4ksymi\u00e4, ja niit\u00e4 tulee harkita huolellisesti tapauskohtaisesti.<\/p>\n<h2 style=\"line-height: 20.5pt; background: white; margin: 0in 0in 7.5pt 0in;\"><span lang=\"EN-IN\" style=\"font-family: 'Segoe UI','sans-serif'; color: #080808;\">Miten Subutex toimii?<\/span><\/h2>\n<p style=\"background: white; margin: 0in 0in 12.0pt 0in;\"><span lang=\"EN-IN\" style=\"font-size: 10.5pt; font-family: 'Segoe UI','sans-serif'; color: #080808;\">Kuten aiemmin mainittiin, Subutex toimii sitoutumalla aivojen opioidireseptoreihin, mutta perinteisi\u00e4 opioideja heikommin. T\u00e4m\u00e4 auttaa vakauttamaan aivokemiaa ja v\u00e4hent\u00e4m\u00e4\u00e4n opioidien himoa. Est\u00e4m\u00e4ll\u00e4 opioidien euforiset vaikutukset Subutex voi my\u00f6s auttaa ehk\u00e4isem\u00e4\u00e4n uusiutumista ja edist\u00e4m\u00e4\u00e4n toipumista.<\/span><\/p>\n<h2 style=\"line-height: 20.5pt; background: white; margin: 0in 0in 7.5pt 0in;\"><span lang=\"EN-IN\" style=\"font-family: 'Segoe UI','sans-serif'; color: #080808;\">Sivuvaikutukset ja riskit<\/span><\/h2>\n<p style=\"margin: 0in; margin-bottom: .0001pt; background: white;\"><span lang=\"EN-IN\" style=\"font-size: 10.5pt; font-family: 'Segoe UI','sans-serif'; color: #080808;\">Vaikka Subutex voi olla tehokas hoito opioidiriippuvuuteen, se ei ole riskit\u00f6n. Kuten kaikki l\u00e4\u00e4kkeet, Subutex voi aiheuttaa sivuvaikutuksia, kuten pahoinvointia, ummetusta, huimausta ja p\u00e4\u00e4ns\u00e4rky\u00e4. Harvinaisissa tapauksissa se voi my\u00f6s johtaa hengityslamaan tai yliannostukseen, jos sit\u00e4 otetaan suurina annoksina tai yhdistettyn\u00e4 muihin aineisiin. On t\u00e4rke\u00e4\u00e4 k\u00e4ytt\u00e4\u00e4 Subutexia terveydenhuollon ammattilaisen valvonnassa ja noudattaa annostusohjeita huolellisesti. Potilaita tulee my\u00f6s seurata s\u00e4\u00e4nn\u00f6llisesti mahdollisten v\u00e4\u00e4rink\u00e4yt\u00f6n tai riippuvuuden merkkien varalta.<\/span><\/p>\n<p style=\"margin: 0in; margin-bottom: .0001pt; line-height: 15.0pt;\"><span lang=\"EN-IN\" style=\"font-size: 10.5pt; font-family: 'Segoe UI','sans-serif';\">\u00a0<\/span><\/p>\n<h2 style=\"line-height: 20.5pt; margin: 0in 0in 7.5pt 0in;\"><span lang=\"EN-IN\" style=\"font-family: 'Segoe UI','sans-serif';\">Oletko valmis ostamaan Subutexia verkosta?<\/span><\/h2>\n<p style=\"margin: 0in; margin-bottom: .0001pt; line-height: 15.0pt;\"><span lang=\"EN-IN\" style=\"font-size: 10.5pt; font-family: 'Segoe UI','sans-serif';\">Jos harkitset Subutexin ostamista verkosta, on t\u00e4rke\u00e4\u00e4 varmistaa, ett\u00e4 ostat sen hyv\u00e4maineisesta ja lisensoidusta apteekista. Yksi t\u00e4llainen verkkoapteekki, joka tarjoaa laajan valikoiman l\u00e4\u00e4kkeit\u00e4, mukaan lukien Subutexin, on buy-prescriptionz.com. Kilpailukykyisten hintojen, nopean toimituksen ja turvallisen tilausprosessin ansiosta voit luottaa buy-prescriptionz.com-sivuston toimittavan sinulle tarvitsemasi l\u00e4\u00e4kkeet. Yhteenvetona voidaan todeta, ett\u00e4 Subutexin ostaminen verkosta voi tarjota useita etuja, mukavuudesta ja yksityisyydest\u00e4 kustannustehokkuuteen ja saatavuuteen. Jos etsit k\u00e4tev\u00e4\u00e4 ja luotettavaa tapaa hankkia reseptil\u00e4\u00e4kkeesi, harkitse Subutexin ostamista verkosta osoitteesta buy-prescriptionz.com. Aloita matkasi kohti toipumista jo t\u00e4n\u00e4\u00e4n yhdell\u00e4 napsautuksella!<\/span><\/p>\n<h3>L\u00e4\u00e4kinn\u00e4lliset k\u00e4ytt\u00f6tarkoitukset: Osta Subutexia huomaamattomassa pakkauksessa<\/h3>\n<p>Osta Subutexia edullisesti narkomaanien hoitoon. Se tulisi aloittaa vasta, kun vieroitusoireet ovat alkaneet. Sek\u00e4 buprenorfiini ett\u00e4 metadoni ovat l\u00e4\u00e4kkeit\u00e4, joita k\u00e4ytet\u00e4\u00e4n vieroitushoitoon, lyhytaikaiseen ja pitk\u00e4aikaiseen narkoottisten aineiden korvaushoitoon. Iholaastari on saatavilla kroonisen kivun hoitoon. Miten ostaa Subutexia verkosta laastareina, joita ei ole osoitettu k\u00e4ytett\u00e4v\u00e4ksi voimakkaassa kivussa, vain lyhytaikaisessa kivussa tai l\u00e4\u00e4ketieteellisen toimenpiteen j\u00e4lkeisess\u00e4 kivussa, eik\u00e4 niit\u00e4 ole m\u00e4\u00e4r\u00e4tty narkomaaniriippuvuuteen.<\/p>\n<h3>Farmakokinetiikka<\/h3>\n<p>Osta Subutexia ilman resepti\u00e4, ja maksa k\u00e4ytt\u00e4\u00e4 sit\u00e4 sytokromi P450 -kemiallisen j\u00e4rjestelm\u00e4n CYP3A4-isotsyymein\u00e4 norbuprenorfiiniksi. Buprenorfiinin glukuronidaatio tapahtuu UGT1A1:n ja UGT2B7:n vaikutuksesta, ja norbuprenorfiinin glukuronidaatio tapahtuu UGT1A1:n ja UGT1A3:n vaikutuksesta. Osoitteessa buy-prescriptionz.com voit ostaa Subutexia verkossa 20\u201373 tunnin teholla ja nopealla ja turvallisella toimituksella. Munuaisten vajaatoimintaa sairastavilla ei ole kerrytysvaaraa.<\/p>","protected":false},"excerpt":{"rendered":"<p>Buy Subutex Online Buy Subutex Online,Buprenorphine, sold under the brand name Subutex, is a narcotic used to treat drug dependency and intense pain. Buy Subutex for use under the tongue, by infusion, as a skin fix, or as an implant. For drug compulsions Subutex for sale at buy-prescriptionz.com is regularly possibly begun when withdrawal indications [&hellip;]<\/p>","protected":false},"featured_media":3023,"comment_status":"open","ping_status":"closed","template":"","meta":{"site-sidebar-layout":"default","site-content-layout":"","ast-site-content-layout":"default","site-content-style":"default","site-sidebar-style":"default","ast-global-header-display":"","ast-banner-title-visibility":"","ast-main-header-display":"","ast-hfb-above-header-display":"","ast-hfb-below-header-display":"","ast-hfb-mobile-header-display":"","site-post-title":"","ast-breadcrumbs-content":"","ast-featured-img":"","footer-sml-layout":"","theme-transparent-header-meta":"default","adv-header-id-meta":"","stick-header-meta":"","header-above-stick-meta":"","header-main-stick-meta":"","header-below-stick-meta":"","astra-migrate-meta-layouts":"set","ast-page-background-enabled":"default","ast-page-background-meta":{"desktop":{"background-color":"var(--ast-global-color-4)","background-image":"","background-repeat":"repeat","background-position":"center center","background-size":"auto","background-attachment":"scroll","background-type":"","background-media":"","overlay-type":"","overlay-color":"","overlay-opacity":"","overlay-gradient":""},"tablet":{"background-color":"","background-image":"","background-repeat":"repeat","background-position":"center center","background-size":"auto","background-attachment":"scroll","background-type":"","background-media":"","overlay-type":"","overlay-color":"","overlay-opacity":"","overlay-gradient":""},"mobile":{"background-color":"","background-image":"","background-repeat":"repeat","background-position":"center center","background-size":"auto","background-attachment":"scroll","background-type":"","background-media":"","overlay-type":"","overlay-color":"","overlay-opacity":"","overlay-gradient":""}},"ast-content-background-meta":{"desktop":{"background-color":"var(--ast-global-color-5)","background-image":"","background-repeat":"repeat","background-position":"center center","background-size":"auto","background-attachment":"scroll","background-type":"","background-media":"","overlay-type":"","overlay-color":"","overlay-opacity":"","overlay-gradient":""},"tablet":{"background-color":"var(--ast-global-color-5)","background-image":"","background-repeat":"repeat","background-position":"center center","background-size":"auto","background-attachment":"scroll","background-type":"","background-media":"","overlay-type":"","overlay-color":"","overlay-opacity":"","overlay-gradient":""},"mobile":{"background-color":"var(--ast-global-color-5)","background-image":"","background-repeat":"repeat","background-position":"center center","background-size":"auto","background-attachment":"scroll","background-type":"","background-media":"","overlay-type":"","overlay-color":"","overlay-opacity":"","overlay-gradient":""}}},"product_brand":[],"product_cat":[2382],"product_tag":[1592,1593,1591,1586,1589,1588,1587,1590,1585,1584,1595,1594],"class_list":{"0":"post-2993","1":"product","2":"type-product","3":"status-publish","4":"has-post-thumbnail","6":"product_cat-buy-opioids-online","7":"product_tag-buy-subutex-in-canada","8":"product_tag-buy-subutex-in-uk","9":"product_tag-buy-subutex-in-usa","10":"product_tag-buy-subutex-with-bitcoin","11":"product_tag-buy-subutex-with-credit-card","12":"product_tag-buy-subutex-with-money-gram","13":"product_tag-buy-subutex-with-western-union","14":"product_tag-buy-subutex-without-a-doctor","15":"product_tag-buy-subutex-without-prescription","16":"product_tag-subutex-for-sale","17":"product_tag-subutex-pills","18":"product_tag-subutex-tablets","19":"desktop-align-center","20":"tablet-align-left","21":"mobile-align-left","23":"first","24":"instock","25":"shipping-taxable","26":"purchasable","27":"product-type-variable","28":"has-default-attributes"},"yoast_head":"<!-- This site is optimized with the Yoast SEO plugin v25.9 - https:\/\/yoast.com\/wordpress\/plugins\/seo\/ -->\n<title>Buy Subtex Online - Subtex for Sale - Order Subtex<\/title>\n<meta name=\"description\" content=\"If you are willing to get Subtex for sale, then we are the right choice for you. Our staff members will help you buy Subtex online at cheap rates. Place your order with us!\" \/>\n<meta name=\"robots\" content=\"index, follow, max-snippet:-1, max-image-preview:large, max-video-preview:-1\" \/>\n<link rel=\"canonical\" href=\"https:\/\/buy-prescriptionz.com\/fi\/tuote\/osta-subutexia-verkossa\/\" \/>\n<meta property=\"og:locale\" content=\"fi_FI\" \/>\n<meta property=\"og:type\" content=\"article\" \/>\n<meta property=\"og:title\" content=\"Buy Subtex Online - Subtex for Sale - Order Subtex\" \/>\n<meta property=\"og:description\" content=\"If you are willing to get Subtex for sale, then we are the right choice for you. Our staff members will help you buy Subtex online at cheap rates. Place your order with us!\" \/>\n<meta property=\"og:url\" content=\"https:\/\/buy-prescriptionz.com\/fi\/tuote\/osta-subutexia-verkossa\/\" \/>\n<meta property=\"og:site_name\" content=\"Buy Prescriptionz\" \/>\n<meta property=\"article:modified_time\" content=\"2025-09-27T12:06:59+00:00\" \/>\n<meta property=\"og:image\" content=\"https:\/\/buy-prescriptionz.com\/wp-content\/uploads\/2025\/09\/subutex.jpeg\" \/>\n\t<meta property=\"og:image:width\" content=\"400\" \/>\n\t<meta property=\"og:image:height\" content=\"300\" \/>\n\t<meta property=\"og:image:type\" content=\"image\/jpeg\" \/>\n<meta name=\"twitter:card\" content=\"summary_large_image\" \/>\n<meta name=\"twitter:label1\" content=\"Arvioitu lukuaika\" \/>\n\t<meta name=\"twitter:data1\" content=\"5 minuuttia\" \/>\n<script type=\"application\/ld+json\" class=\"yoast-schema-graph\">{\"@context\":\"https:\/\/schema.org\",\"@graph\":[{\"@type\":\"WebPage\",\"@id\":\"https:\/\/buy-prescriptionz.com\/product\/buy-subutex-online\/\",\"url\":\"https:\/\/buy-prescriptionz.com\/product\/buy-subutex-online\/\",\"name\":\"Buy Subtex Online - Subtex for Sale - Order Subtex\",\"isPartOf\":{\"@id\":\"https:\/\/buy-prescriptionz.com\/#website\"},\"primaryImageOfPage\":{\"@id\":\"https:\/\/buy-prescriptionz.com\/product\/buy-subutex-online\/#primaryimage\"},\"image\":{\"@id\":\"https:\/\/buy-prescriptionz.com\/product\/buy-subutex-online\/#primaryimage\"},\"thumbnailUrl\":\"https:\/\/buy-prescriptionz.com\/wp-content\/uploads\/2025\/09\/subutex.jpeg\",\"datePublished\":\"2025-09-16T08:55:52+00:00\",\"dateModified\":\"2025-09-27T12:06:59+00:00\",\"description\":\"If you are willing to get Subtex for sale, then we are the right choice for you. Our staff members will help you buy Subtex online at cheap rates. Place your order with us!\",\"breadcrumb\":{\"@id\":\"https:\/\/buy-prescriptionz.com\/product\/buy-subutex-online\/#breadcrumb\"},\"inLanguage\":\"fi\",\"potentialAction\":[{\"@type\":\"ReadAction\",\"target\":[\"https:\/\/buy-prescriptionz.com\/product\/buy-subutex-online\/\"]}]},{\"@type\":\"ImageObject\",\"inLanguage\":\"fi\",\"@id\":\"https:\/\/buy-prescriptionz.com\/product\/buy-subutex-online\/#primaryimage\",\"url\":\"https:\/\/buy-prescriptionz.com\/wp-content\/uploads\/2025\/09\/subutex.jpeg\",\"contentUrl\":\"https:\/\/buy-prescriptionz.com\/wp-content\/uploads\/2025\/09\/subutex.jpeg\",\"width\":400,\"height\":300},{\"@type\":\"BreadcrumbList\",\"@id\":\"https:\/\/buy-prescriptionz.com\/product\/buy-subutex-online\/#breadcrumb\",\"itemListElement\":[{\"@type\":\"ListItem\",\"position\":1,\"name\":\"Home\",\"item\":\"https:\/\/buy-prescriptionz.com\/\"},{\"@type\":\"ListItem\",\"position\":2,\"name\":\"Shop Painkillers Online\",\"item\":\"https:\/\/buy-prescriptionz.com\/shop-painkillers-online\/\"},{\"@type\":\"ListItem\",\"position\":3,\"name\":\"Buy Subutex Online\"}]},{\"@type\":\"WebSite\",\"@id\":\"https:\/\/buy-prescriptionz.com\/#website\",\"url\":\"https:\/\/buy-prescriptionz.com\/\",\"name\":\"Buy Prescriptionz\",\"description\":\"Drugs Online\",\"publisher\":{\"@id\":\"https:\/\/buy-prescriptionz.com\/#organization\"},\"potentialAction\":[{\"@type\":\"SearchAction\",\"target\":{\"@type\":\"EntryPoint\",\"urlTemplate\":\"https:\/\/buy-prescriptionz.com\/?s={search_term_string}\"},\"query-input\":{\"@type\":\"PropertyValueSpecification\",\"valueRequired\":true,\"valueName\":\"search_term_string\"}}],\"inLanguage\":\"fi\"},{\"@type\":\"Organization\",\"@id\":\"https:\/\/buy-prescriptionz.com\/#organization\",\"name\":\"Buy Prescriptionz\",\"url\":\"https:\/\/buy-prescriptionz.com\/\",\"logo\":{\"@type\":\"ImageObject\",\"inLanguage\":\"fi\",\"@id\":\"https:\/\/buy-prescriptionz.com\/#\/schema\/logo\/image\/\",\"url\":\"https:\/\/buy-prescriptionz.com\/wp-content\/uploads\/2023\/09\/logo.png\",\"contentUrl\":\"https:\/\/buy-prescriptionz.com\/wp-content\/uploads\/2023\/09\/logo.png\",\"width\":350,\"height\":64,\"caption\":\"Buy Prescriptionz\"},\"image\":{\"@id\":\"https:\/\/buy-prescriptionz.com\/#\/schema\/logo\/image\/\"}}]}<\/script>\n<!-- \/ Yoast SEO plugin. -->","yoast_head_json":{"title":"Osta Subutexia netist\u00e4 - Subutexia myynniss\u00e4 - Tilaa Subutexia","description":"Jos haluat ostaa Subtextin, olemme oikea valinta sinulle. Henkil\u00f6kuntamme auttaa sinua ostamaan Subutexia verkosta edulliseen hintaan. Tee tilauksesi meilt\u00e4!","robots":{"index":"index","follow":"follow","max-snippet":"max-snippet:-1","max-image-preview":"max-image-preview:large","max-video-preview":"max-video-preview:-1"},"canonical":"https:\/\/buy-prescriptionz.com\/fi\/tuote\/osta-subutexia-verkossa\/","og_locale":"fi_FI","og_type":"article","og_title":"Buy Subtex Online - Subtex for Sale - Order Subtex","og_description":"If you are willing to get Subtex for sale, then we are the right choice for you. Our staff members will help you buy Subtex online at cheap rates. Place your order with us!","og_url":"https:\/\/buy-prescriptionz.com\/fi\/tuote\/osta-subutexia-verkossa\/","og_site_name":"Buy Prescriptionz","article_modified_time":"2025-09-27T12:06:59+00:00","og_image":[{"width":400,"height":300,"url":"https:\/\/buy-prescriptionz.com\/wp-content\/uploads\/2025\/09\/subutex.jpeg","type":"image\/jpeg"}],"twitter_card":"summary_large_image","twitter_misc":{"Arvioitu lukuaika":"5 minuuttia"},"schema":{"@context":"https:\/\/schema.org","@graph":[{"@type":"WebPage","@id":"https:\/\/buy-prescriptionz.com\/product\/buy-subutex-online\/","url":"https:\/\/buy-prescriptionz.com\/product\/buy-subutex-online\/","name":"Osta Subutexia netist\u00e4 - Subutexia myynniss\u00e4 - Tilaa Subutexia","isPartOf":{"@id":"https:\/\/buy-prescriptionz.com\/#website"},"primaryImageOfPage":{"@id":"https:\/\/buy-prescriptionz.com\/product\/buy-subutex-online\/#primaryimage"},"image":{"@id":"https:\/\/buy-prescriptionz.com\/product\/buy-subutex-online\/#primaryimage"},"thumbnailUrl":"https:\/\/buy-prescriptionz.com\/wp-content\/uploads\/2025\/09\/subutex.jpeg","datePublished":"2025-09-16T08:55:52+00:00","dateModified":"2025-09-27T12:06:59+00:00","description":"Jos haluat ostaa Subtextin, olemme oikea valinta sinulle. Henkil\u00f6kuntamme auttaa sinua ostamaan Subutexia verkosta edulliseen hintaan. Tee tilauksesi meilt\u00e4!","breadcrumb":{"@id":"https:\/\/buy-prescriptionz.com\/product\/buy-subutex-online\/#breadcrumb"},"inLanguage":"fi","potentialAction":[{"@type":"ReadAction","target":["https:\/\/buy-prescriptionz.com\/product\/buy-subutex-online\/"]}]},{"@type":"ImageObject","inLanguage":"fi","@id":"https:\/\/buy-prescriptionz.com\/product\/buy-subutex-online\/#primaryimage","url":"https:\/\/buy-prescriptionz.com\/wp-content\/uploads\/2025\/09\/subutex.jpeg","contentUrl":"https:\/\/buy-prescriptionz.com\/wp-content\/uploads\/2025\/09\/subutex.jpeg","width":400,"height":300},{"@type":"BreadcrumbList","@id":"https:\/\/buy-prescriptionz.com\/product\/buy-subutex-online\/#breadcrumb","itemListElement":[{"@type":"ListItem","position":1,"name":"Home","item":"https:\/\/buy-prescriptionz.com\/"},{"@type":"ListItem","position":2,"name":"Shop Painkillers Online","item":"https:\/\/buy-prescriptionz.com\/shop-painkillers-online\/"},{"@type":"ListItem","position":3,"name":"Buy Subutex Online"}]},{"@type":"WebSite","@id":"https:\/\/buy-prescriptionz.com\/#website","url":"https:\/\/buy-prescriptionz.com\/","name":"Buy Prescriptionz","description":"Huumeet verkossa","publisher":{"@id":"https:\/\/buy-prescriptionz.com\/#organization"},"potentialAction":[{"@type":"SearchAction","target":{"@type":"EntryPoint","urlTemplate":"https:\/\/buy-prescriptionz.com\/?s={search_term_string}"},"query-input":{"@type":"PropertyValueSpecification","valueRequired":true,"valueName":"search_term_string"}}],"inLanguage":"fi"},{"@type":"Organization","@id":"https:\/\/buy-prescriptionz.com\/#organization","name":"Buy Prescriptionz","url":"https:\/\/buy-prescriptionz.com\/","logo":{"@type":"ImageObject","inLanguage":"fi","@id":"https:\/\/buy-prescriptionz.com\/#\/schema\/logo\/image\/","url":"https:\/\/buy-prescriptionz.com\/wp-content\/uploads\/2023\/09\/logo.png","contentUrl":"https:\/\/buy-prescriptionz.com\/wp-content\/uploads\/2023\/09\/logo.png","width":350,"height":64,"caption":"Buy Prescriptionz"},"image":{"@id":"https:\/\/buy-prescriptionz.com\/#\/schema\/logo\/image\/"}}]}},"_links":{"self":[{"href":"http:\/\/buy-prescriptionz.com\/fi\/wp-json\/wp\/v2\/product\/2993","targetHints":{"allow":["GET"]}}],"collection":[{"href":"http:\/\/buy-prescriptionz.com\/fi\/wp-json\/wp\/v2\/product"}],"about":[{"href":"http:\/\/buy-prescriptionz.com\/fi\/wp-json\/wp\/v2\/types\/product"}],"replies":[{"embeddable":true,"href":"http:\/\/buy-prescriptionz.com\/fi\/wp-json\/wp\/v2\/comments?post=2993"}],"wp:featuredmedia":[{"embeddable":true,"href":"http:\/\/buy-prescriptionz.com\/fi\/wp-json\/wp\/v2\/media\/3023"}],"wp:attachment":[{"href":"http:\/\/buy-prescriptionz.com\/fi\/wp-json\/wp\/v2\/media?parent=2993"}],"wp:term":[{"taxonomy":"product_brand","embeddable":true,"href":"http:\/\/buy-prescriptionz.com\/fi\/wp-json\/wp\/v2\/product_brand?post=2993"},{"taxonomy":"product_cat","embeddable":true,"href":"http:\/\/buy-prescriptionz.com\/fi\/wp-json\/wp\/v2\/product_cat?post=2993"},{"taxonomy":"product_tag","embeddable":true,"href":"http:\/\/buy-prescriptionz.com\/fi\/wp-json\/wp\/v2\/product_tag?post=2993"}],"curies":[{"name":"wp","href":"https:\/\/api.w.org\/{rel}","templated":true}]}}