{"id":3048,"date":"2025-09-16T08:56:09","date_gmt":"2025-09-16T08:56:09","guid":{"rendered":"https:\/\/chemsfine.com\/newsite\/?post_type=product&#038;p=3048"},"modified":"2025-09-24T11:10:48","modified_gmt":"2025-09-24T11:10:48","slug":"osta-omnadren-verkosta","status":"publish","type":"product","link":"http:\/\/buy-prescriptionz.com\/fi\/tuote\/osta-omnadren-verkosta\/","title":{"rendered":"Osta Omnadren verkossa"},"content":{"rendered":"<h2>Osta Omnadren verkossa<\/h2>\n<h3>Omnadren 250 (Sustanon) by Elfa | Testosteroni sekoitus<\/h3>\n<p>Omnadren 250 myyt\u00e4v\u00e4n\u00e4. Omnadren lis\u00e4\u00e4 lihaskest\u00e4vyytt\u00e4, ja kun olet ostanut omnadrenin verkosta, voit k\u00e4ytt\u00e4\u00e4 sit\u00e4 itse ja kokea eron. Se on t\u00e4ydellinen steroidi kaikille urheilijoille, ja sit\u00e4 k\u00e4ytt\u00e4v\u00e4t kaikki urheilijat ymp\u00e4ri maailmaa. Omnadren 250 on injektoitava anabolinen steroidi, joka koostuu 30 mg testosteronipropionaatista, 60 mg testosteronifenyylipropionaatista, 60 mg testosteroni-isoheksanoaatista ja 100 mg testosteroniheksanoaatista. Yhdisteell\u00e4 on voimakas androgeeninen vaikutus, se nopeuttaa lihasten kasvua ja lis\u00e4\u00e4 voimaa sek\u00e4 lis\u00e4\u00e4 yleist\u00e4 hyvinvoinnin tunnetta ja lis\u00e4\u00e4 sukupuolivietti\u00e4. Omnadren ehk\u00e4isee vammojen syntymist\u00e4 voitelemalla niveli\u00e4 varastoimalla nestett\u00e4 sidekudoksiin, ja sit\u00e4 pidet\u00e4\u00e4n tehokkaana antikatabolisena yhdisteen\u00e4. Sen aktiivinen elinik\u00e4 on noin 18 p\u00e4iv\u00e4\u00e4.<\/p>\n<p>Omnadren 250 -valmistetta pistet\u00e4\u00e4n yleens\u00e4 v\u00e4hint\u00e4\u00e4n kerran viikossa 400\u20131200 mg:n viikkoannoksella miehille, kun taas naisurheilijoiden tulisi k\u00e4ytt\u00e4\u00e4 paljon pienempi\u00e4 annoksia tai v\u00e4ltt\u00e4\u00e4 sen k\u00e4ytt\u00f6\u00e4 kokonaan. Omnadren 250 -valmistetta voidaan pinota Equipoisen tai Deca Durabolinin tai suun kautta otettavien steroidien, kuten Anadrolin tai Anabolin, kanssa bulkkivaikutuksen saavuttamiseksi. Omnadren 250:n k\u00e4ytt\u00f6 v\u00e4hent\u00e4\u00e4 elimist\u00f6n omaa testosteronituotantoa, ja sit\u00e4 tulisi k\u00e4ytt\u00e4\u00e4 syklin lopussa yhdess\u00e4 Nolvadexin, HCG:n ja Clomidin kanssa noin 3 viikon ajan ihmiskehon tehokkaan palautumisen varmistamiseksi. Naiset saattavat kokea tyypillisi\u00e4 virilisaatiovaikutuksia Omnadrenin k\u00e4yt\u00f6n aikana, kun taas miesurheilijat voivat kokea kivuliaita peniksen erektioita, oksentelua, pahoinvointia, kohonnutta verenpainetta, kohonnutta seerumin kolesterolia, mielialan vaihteluita ja aggressiivisuutta.<\/p>\n<p>K\u00e4ytt\u00f6 \u2013 Testosteronikorvaushoito (TRT)<\/p>\n<p>Efectos secundarios: tensi\u00f3n card\u00edaca, piel grasa, problemas hep\u00e1ticos, acn\u00e9.<\/p>\n<p>Osta omnadrenia netist\u00e4 ilman resepti\u00e4 ja k\u00e4yt\u00e4 sit\u00e4 testosteronitason nostamiseen, jotta se saavuttaa normaalitason kuten TRT:ss\u00e4. Voit my\u00f6s ostaa omnadrenia n\u00e4hd\u00e4ksesi terapeuttiset hy\u00f6dyt. Usein l\u00f6yd\u00e4t omnadrenia myynniss\u00e4, mik\u00e4 helpottaa teht\u00e4v\u00e4\u00e4si.<\/p>\n<h3>Yleiskatsaus ja Omnadrenin ostamisen edut verkossa<\/h3>\n<p>Omnadren on nelj\u00e4n eri testosteroniesterin sekoitus, jolla on sek\u00e4 nopeavaikutteisia ett\u00e4 pitk\u00e4kestoisia vaikutuksia. Siksi se on suosittu valinta testosteronikorvaushoitoon ja suorituskyvyn parantamiseen kehonrakennuksessa. T\u00e4m\u00e4 anabolinen steroidi tarjoaa useita etuja, kuten vakaat testosteronitasot, mielialan ja hyvinvoinnin paranemisen, merkitt\u00e4v\u00e4n lihaskasvun ja voiman, urheilullisen suorituskyvyn paranemisen, nopeammat palautumisajat, rasvanpolttoa edist\u00e4v\u00e4n aineenvaihdunnan kiihtymisen sek\u00e4 libidon ja seksuaaliterveyden paranemisen.<\/p>\n<p>Sekoitus varmistaa tasapainoiset hormonitasot, tehostaa lihasproteiinisynteesi\u00e4, s\u00e4ilytt\u00e4\u00e4 typen lihaksissa, parantaa punasolujen tuotantoa ja tukee koko kehon uudelleenkokoonpanoa edist\u00e4m\u00e4ll\u00e4 lihaskasvua ja rasvanpolttoa samanaikaisesti.<\/p>\n<h3>Omnadrenin sivuvaikutukset<\/h3>\n<p>Vaikka Omnadren tarjoaa monia hy\u00f6tyj\u00e4, on t\u00e4rke\u00e4\u00e4 olla tietoinen mahdollisista sivuvaikutuksista. Yleisi\u00e4 sivuvaikutuksia ovat akne, hiustenl\u00e4ht\u00f6 ja lis\u00e4\u00e4ntynyt kehon karvankasvu sen androgeenisten ominaisuuksien vuoksi. Joillakin k\u00e4ytt\u00e4jill\u00e4 voi esiinty\u00e4 nesteen kertymist\u00e4 ja turvotusta, jotka voivat johtaa verenpainetautiin. Gynekomastia eli rintarauhaskudoksen kehittyminen miehill\u00e4 voi ilmet\u00e4 lis\u00e4\u00e4ntyneiden estrogeenitasojen vuoksi. Lis\u00e4ksi Omnadren voi vaikuttaa negatiivisesti kolesterolitasoihin, mik\u00e4 lis\u00e4\u00e4 syd\u00e4n- ja verisuonitautien riski\u00e4. Pitk\u00e4aikainen k\u00e4ytt\u00f6 tai suuret annokset voivat heikent\u00e4\u00e4 luonnollista testosteronin tuotantoa, mik\u00e4 johtaa kivesten surkastumiseen. Maksatoksisuus on yleens\u00e4 v\u00e4h\u00e4ist\u00e4 injektoitavilla muodoilla, mutta maksan toiminnan seuranta on suositeltavaa. N\u00e4iden riskien lievent\u00e4miseksi on t\u00e4rke\u00e4\u00e4 k\u00e4ytt\u00e4\u00e4 Omnadrenia l\u00e4\u00e4k\u00e4rin valvonnassa, noudattaa suositeltuja annoksia ja k\u00e4yd\u00e4 s\u00e4\u00e4nn\u00f6llisiss\u00e4 terveystarkastuksissa.<\/p>\n<p>Voit ostaa Nolvadexia luotettavalta ja helppok\u00e4ytt\u00f6iselt\u00e4 verkkosivustolta, kuten parhaasta apteekista buy-prescriptionz.com. T\u00e4m\u00e4 alusta tunnetaan aidoista tuotteistaan, huomaamattomista toimitustavoistaan, kilpailukykyisist\u00e4 hinnoistaan \u200b\u200bja muista eduistaan. Voit lukea asiakasarvosteluja heid\u00e4n sivustollaan sek\u00e4 k\u00e4ytt\u00e4\u00e4 reseptipalveluita varmistaaksesi ostamasi l\u00e4\u00e4kkeen oikean k\u00e4yt\u00f6n. Hanki Nolvadexia buy-prescriptionz.com-sivustolta ja koe sen hyv\u00e4t vaikutukset samalla, kun nautit verkko-ostosten mukavuudesta ja turvallisuudesta.<\/p>","protected":false},"excerpt":{"rendered":"<p>Buy Omnadren Online Omnadren 250 (Sustanon) by Jelfa | Testosterone Blend Omnadren 250 for Sale, Omnadren increases muscular endurance and once you would have bought omnadren online, you can use it for yourself and experience the difference. It is the perfect steroid for all athletes, used by them all over the world.Omnadren 250 is an [&hellip;]<\/p>","protected":false},"featured_media":3078,"comment_status":"open","ping_status":"closed","template":"","meta":{"site-sidebar-layout":"default","site-content-layout":"","ast-site-content-layout":"default","site-content-style":"default","site-sidebar-style":"default","ast-global-header-display":"","ast-banner-title-visibility":"","ast-main-header-display":"","ast-hfb-above-header-display":"","ast-hfb-below-header-display":"","ast-hfb-mobile-header-display":"","site-post-title":"","ast-breadcrumbs-content":"","ast-featured-img":"","footer-sml-layout":"","theme-transparent-header-meta":"default","adv-header-id-meta":"","stick-header-meta":"","header-above-stick-meta":"","header-main-stick-meta":"","header-below-stick-meta":"","astra-migrate-meta-layouts":"set","ast-page-background-enabled":"default","ast-page-background-meta":{"desktop":{"background-color":"var(--ast-global-color-4)","background-image":"","background-repeat":"repeat","background-position":"center center","background-size":"auto","background-attachment":"scroll","background-type":"","background-media":"","overlay-type":"","overlay-color":"","overlay-opacity":"","overlay-gradient":""},"tablet":{"background-color":"","background-image":"","background-repeat":"repeat","background-position":"center center","background-size":"auto","background-attachment":"scroll","background-type":"","background-media":"","overlay-type":"","overlay-color":"","overlay-opacity":"","overlay-gradient":""},"mobile":{"background-color":"","background-image":"","background-repeat":"repeat","background-position":"center center","background-size":"auto","background-attachment":"scroll","background-type":"","background-media":"","overlay-type":"","overlay-color":"","overlay-opacity":"","overlay-gradient":""}},"ast-content-background-meta":{"desktop":{"background-color":"var(--ast-global-color-5)","background-image":"","background-repeat":"repeat","background-position":"center center","background-size":"auto","background-attachment":"scroll","background-type":"","background-media":"","overlay-type":"","overlay-color":"","overlay-opacity":"","overlay-gradient":""},"tablet":{"background-color":"var(--ast-global-color-5)","background-image":"","background-repeat":"repeat","background-position":"center center","background-size":"auto","background-attachment":"scroll","background-type":"","background-media":"","overlay-type":"","overlay-color":"","overlay-opacity":"","overlay-gradient":""},"mobile":{"background-color":"var(--ast-global-color-5)","background-image":"","background-repeat":"repeat","background-position":"center center","background-size":"auto","background-attachment":"scroll","background-type":"","background-media":"","overlay-type":"","overlay-color":"","overlay-opacity":"","overlay-gradient":""}}},"product_brand":[],"product_cat":[2384],"product_tag":[1335,1336,1334,1329,1332,1331,1330,1333,1328,1327,1338,1337],"class_list":{"0":"post-3048","1":"product","2":"type-product","3":"status-publish","4":"has-post-thumbnail","6":"product_cat-buy-anabolic-steroids-online","7":"product_tag-buy-omnadren-in-canada","8":"product_tag-buy-omnadren-in-uk","9":"product_tag-buy-omnadren-in-usa","10":"product_tag-buy-omnadren-with-bitcoin","11":"product_tag-buy-omnadren-with-credit-card","12":"product_tag-buy-omnadren-with-money-gram","13":"product_tag-buy-omnadren-with-western-union","14":"product_tag-buy-omnadren-without-a-doctor","15":"product_tag-buy-omnadren-without-prescription","16":"product_tag-omnadren-for-sale","17":"product_tag-omnadren-pills","18":"product_tag-omnadren-tablets","19":"desktop-align-center","20":"tablet-align-left","21":"mobile-align-left","23":"first","24":"instock","25":"shipping-taxable","26":"purchasable","27":"product-type-variable","28":"has-default-attributes"},"yoast_head":"<!-- This site is optimized with the Yoast SEO plugin v25.9 - https:\/\/yoast.com\/wordpress\/plugins\/seo\/ -->\n<title>Buy Omnadren 250 Online - Omnadren 250 for Sale<\/title>\n<meta name=\"description\" content=\"If you wish to buy Omnadren 250 online so our Buy-prescriptionz store can help. We have Omnadren 250 for sale at the best rates here. Place your order now!\" \/>\n<meta name=\"robots\" content=\"index, follow, max-snippet:-1, max-image-preview:large, max-video-preview:-1\" \/>\n<link rel=\"canonical\" href=\"https:\/\/buy-prescriptionz.com\/fi\/tuote\/osta-omnadren-verkosta\/\" \/>\n<meta property=\"og:locale\" content=\"fi_FI\" \/>\n<meta property=\"og:type\" content=\"article\" \/>\n<meta property=\"og:title\" content=\"Buy Omnadren 250 Online - Omnadren 250 for Sale\" \/>\n<meta property=\"og:description\" content=\"If you wish to buy Omnadren 250 online so our Buy-prescriptionz store can help. We have Omnadren 250 for sale at the best rates here. Place your order now!\" \/>\n<meta property=\"og:url\" content=\"https:\/\/buy-prescriptionz.com\/fi\/tuote\/osta-omnadren-verkosta\/\" \/>\n<meta property=\"og:site_name\" content=\"Buy Prescriptionz\" \/>\n<meta property=\"article:modified_time\" content=\"2025-09-24T11:10:48+00:00\" \/>\n<meta property=\"og:image\" content=\"https:\/\/buy-prescriptionz.com\/wp-content\/uploads\/2025\/09\/omnadren.jpg\" \/>\n\t<meta property=\"og:image:width\" content=\"400\" \/>\n\t<meta property=\"og:image:height\" content=\"300\" \/>\n\t<meta property=\"og:image:type\" content=\"image\/jpeg\" \/>\n<meta name=\"twitter:card\" content=\"summary_large_image\" \/>\n<meta name=\"twitter:label1\" content=\"Arvioitu lukuaika\" \/>\n\t<meta name=\"twitter:data1\" content=\"3 minuuttia\" \/>\n<script type=\"application\/ld+json\" class=\"yoast-schema-graph\">{\"@context\":\"https:\/\/schema.org\",\"@graph\":[{\"@type\":\"WebPage\",\"@id\":\"https:\/\/buy-prescriptionz.com\/product\/buy-omnadren-online\/\",\"url\":\"https:\/\/buy-prescriptionz.com\/product\/buy-omnadren-online\/\",\"name\":\"Buy Omnadren 250 Online - Omnadren 250 for Sale\",\"isPartOf\":{\"@id\":\"https:\/\/buy-prescriptionz.com\/#website\"},\"primaryImageOfPage\":{\"@id\":\"https:\/\/buy-prescriptionz.com\/product\/buy-omnadren-online\/#primaryimage\"},\"image\":{\"@id\":\"https:\/\/buy-prescriptionz.com\/product\/buy-omnadren-online\/#primaryimage\"},\"thumbnailUrl\":\"https:\/\/buy-prescriptionz.com\/wp-content\/uploads\/2025\/09\/omnadren.jpg\",\"datePublished\":\"2025-09-16T08:56:09+00:00\",\"dateModified\":\"2025-09-24T11:10:48+00:00\",\"description\":\"If you wish to buy Omnadren 250 online so our Buy-prescriptionz store can help. We have Omnadren 250 for sale at the best rates here. Place your order now!\",\"breadcrumb\":{\"@id\":\"https:\/\/buy-prescriptionz.com\/product\/buy-omnadren-online\/#breadcrumb\"},\"inLanguage\":\"fi\",\"potentialAction\":[{\"@type\":\"ReadAction\",\"target\":[\"https:\/\/buy-prescriptionz.com\/product\/buy-omnadren-online\/\"]}]},{\"@type\":\"ImageObject\",\"inLanguage\":\"fi\",\"@id\":\"https:\/\/buy-prescriptionz.com\/product\/buy-omnadren-online\/#primaryimage\",\"url\":\"https:\/\/buy-prescriptionz.com\/wp-content\/uploads\/2025\/09\/omnadren.jpg\",\"contentUrl\":\"https:\/\/buy-prescriptionz.com\/wp-content\/uploads\/2025\/09\/omnadren.jpg\",\"width\":400,\"height\":300},{\"@type\":\"BreadcrumbList\",\"@id\":\"https:\/\/buy-prescriptionz.com\/product\/buy-omnadren-online\/#breadcrumb\",\"itemListElement\":[{\"@type\":\"ListItem\",\"position\":1,\"name\":\"Home\",\"item\":\"https:\/\/buy-prescriptionz.com\/\"},{\"@type\":\"ListItem\",\"position\":2,\"name\":\"Shop Painkillers Online\",\"item\":\"https:\/\/buy-prescriptionz.com\/shop-painkillers-online\/\"},{\"@type\":\"ListItem\",\"position\":3,\"name\":\"Buy Omnadren Online\"}]},{\"@type\":\"WebSite\",\"@id\":\"https:\/\/buy-prescriptionz.com\/#website\",\"url\":\"https:\/\/buy-prescriptionz.com\/\",\"name\":\"Buy Prescriptionz\",\"description\":\"Drugs Online\",\"publisher\":{\"@id\":\"https:\/\/buy-prescriptionz.com\/#organization\"},\"potentialAction\":[{\"@type\":\"SearchAction\",\"target\":{\"@type\":\"EntryPoint\",\"urlTemplate\":\"https:\/\/buy-prescriptionz.com\/?s={search_term_string}\"},\"query-input\":{\"@type\":\"PropertyValueSpecification\",\"valueRequired\":true,\"valueName\":\"search_term_string\"}}],\"inLanguage\":\"fi\"},{\"@type\":\"Organization\",\"@id\":\"https:\/\/buy-prescriptionz.com\/#organization\",\"name\":\"Buy Prescriptionz\",\"url\":\"https:\/\/buy-prescriptionz.com\/\",\"logo\":{\"@type\":\"ImageObject\",\"inLanguage\":\"fi\",\"@id\":\"https:\/\/buy-prescriptionz.com\/#\/schema\/logo\/image\/\",\"url\":\"https:\/\/buy-prescriptionz.com\/wp-content\/uploads\/2023\/09\/logo.png\",\"contentUrl\":\"https:\/\/buy-prescriptionz.com\/wp-content\/uploads\/2023\/09\/logo.png\",\"width\":350,\"height\":64,\"caption\":\"Buy Prescriptionz\"},\"image\":{\"@id\":\"https:\/\/buy-prescriptionz.com\/#\/schema\/logo\/image\/\"}}]}<\/script>\n<!-- \/ Yoast SEO plugin. -->","yoast_head_json":{"title":"Osta Omnadren 250 verkossa - Omnadren 250 myyt\u00e4v\u00e4n\u00e4","description":"Jos haluat ostaa Omnadren 250:t\u00e4 verkosta, Buy-prescriptionz-kauppamme voi auttaa. Meill\u00e4 on Omnadren 250 myynniss\u00e4 parhaaseen hintaan t\u00e4\u00e4ll\u00e4. Tee tilauksesi nyt!","robots":{"index":"index","follow":"follow","max-snippet":"max-snippet:-1","max-image-preview":"max-image-preview:large","max-video-preview":"max-video-preview:-1"},"canonical":"https:\/\/buy-prescriptionz.com\/fi\/tuote\/osta-omnadren-verkosta\/","og_locale":"fi_FI","og_type":"article","og_title":"Buy Omnadren 250 Online - Omnadren 250 for Sale","og_description":"If you wish to buy Omnadren 250 online so our Buy-prescriptionz store can help. We have Omnadren 250 for sale at the best rates here. Place your order now!","og_url":"https:\/\/buy-prescriptionz.com\/fi\/tuote\/osta-omnadren-verkosta\/","og_site_name":"Buy Prescriptionz","article_modified_time":"2025-09-24T11:10:48+00:00","og_image":[{"width":400,"height":300,"url":"https:\/\/buy-prescriptionz.com\/wp-content\/uploads\/2025\/09\/omnadren.jpg","type":"image\/jpeg"}],"twitter_card":"summary_large_image","twitter_misc":{"Arvioitu lukuaika":"3 minuuttia"},"schema":{"@context":"https:\/\/schema.org","@graph":[{"@type":"WebPage","@id":"https:\/\/buy-prescriptionz.com\/product\/buy-omnadren-online\/","url":"https:\/\/buy-prescriptionz.com\/product\/buy-omnadren-online\/","name":"Osta Omnadren 250 verkossa - Omnadren 250 myyt\u00e4v\u00e4n\u00e4","isPartOf":{"@id":"https:\/\/buy-prescriptionz.com\/#website"},"primaryImageOfPage":{"@id":"https:\/\/buy-prescriptionz.com\/product\/buy-omnadren-online\/#primaryimage"},"image":{"@id":"https:\/\/buy-prescriptionz.com\/product\/buy-omnadren-online\/#primaryimage"},"thumbnailUrl":"https:\/\/buy-prescriptionz.com\/wp-content\/uploads\/2025\/09\/omnadren.jpg","datePublished":"2025-09-16T08:56:09+00:00","dateModified":"2025-09-24T11:10:48+00:00","description":"Jos haluat ostaa Omnadren 250:t\u00e4 verkosta, Buy-prescriptionz-kauppamme voi auttaa. Meill\u00e4 on Omnadren 250 myynniss\u00e4 parhaaseen hintaan t\u00e4\u00e4ll\u00e4. Tee tilauksesi nyt!","breadcrumb":{"@id":"https:\/\/buy-prescriptionz.com\/product\/buy-omnadren-online\/#breadcrumb"},"inLanguage":"fi","potentialAction":[{"@type":"ReadAction","target":["https:\/\/buy-prescriptionz.com\/product\/buy-omnadren-online\/"]}]},{"@type":"ImageObject","inLanguage":"fi","@id":"https:\/\/buy-prescriptionz.com\/product\/buy-omnadren-online\/#primaryimage","url":"https:\/\/buy-prescriptionz.com\/wp-content\/uploads\/2025\/09\/omnadren.jpg","contentUrl":"https:\/\/buy-prescriptionz.com\/wp-content\/uploads\/2025\/09\/omnadren.jpg","width":400,"height":300},{"@type":"BreadcrumbList","@id":"https:\/\/buy-prescriptionz.com\/product\/buy-omnadren-online\/#breadcrumb","itemListElement":[{"@type":"ListItem","position":1,"name":"Home","item":"https:\/\/buy-prescriptionz.com\/"},{"@type":"ListItem","position":2,"name":"Shop Painkillers Online","item":"https:\/\/buy-prescriptionz.com\/shop-painkillers-online\/"},{"@type":"ListItem","position":3,"name":"Buy Omnadren Online"}]},{"@type":"WebSite","@id":"https:\/\/buy-prescriptionz.com\/#website","url":"https:\/\/buy-prescriptionz.com\/","name":"Buy Prescriptionz","description":"Huumeet verkossa","publisher":{"@id":"https:\/\/buy-prescriptionz.com\/#organization"},"potentialAction":[{"@type":"SearchAction","target":{"@type":"EntryPoint","urlTemplate":"https:\/\/buy-prescriptionz.com\/?s={search_term_string}"},"query-input":{"@type":"PropertyValueSpecification","valueRequired":true,"valueName":"search_term_string"}}],"inLanguage":"fi"},{"@type":"Organization","@id":"https:\/\/buy-prescriptionz.com\/#organization","name":"Buy Prescriptionz","url":"https:\/\/buy-prescriptionz.com\/","logo":{"@type":"ImageObject","inLanguage":"fi","@id":"https:\/\/buy-prescriptionz.com\/#\/schema\/logo\/image\/","url":"https:\/\/buy-prescriptionz.com\/wp-content\/uploads\/2023\/09\/logo.png","contentUrl":"https:\/\/buy-prescriptionz.com\/wp-content\/uploads\/2023\/09\/logo.png","width":350,"height":64,"caption":"Buy Prescriptionz"},"image":{"@id":"https:\/\/buy-prescriptionz.com\/#\/schema\/logo\/image\/"}}]}},"_links":{"self":[{"href":"http:\/\/buy-prescriptionz.com\/fi\/wp-json\/wp\/v2\/product\/3048","targetHints":{"allow":["GET"]}}],"collection":[{"href":"http:\/\/buy-prescriptionz.com\/fi\/wp-json\/wp\/v2\/product"}],"about":[{"href":"http:\/\/buy-prescriptionz.com\/fi\/wp-json\/wp\/v2\/types\/product"}],"replies":[{"embeddable":true,"href":"http:\/\/buy-prescriptionz.com\/fi\/wp-json\/wp\/v2\/comments?post=3048"}],"wp:featuredmedia":[{"embeddable":true,"href":"http:\/\/buy-prescriptionz.com\/fi\/wp-json\/wp\/v2\/media\/3078"}],"wp:attachment":[{"href":"http:\/\/buy-prescriptionz.com\/fi\/wp-json\/wp\/v2\/media?parent=3048"}],"wp:term":[{"taxonomy":"product_brand","embeddable":true,"href":"http:\/\/buy-prescriptionz.com\/fi\/wp-json\/wp\/v2\/product_brand?post=3048"},{"taxonomy":"product_cat","embeddable":true,"href":"http:\/\/buy-prescriptionz.com\/fi\/wp-json\/wp\/v2\/product_cat?post=3048"},{"taxonomy":"product_tag","embeddable":true,"href":"http:\/\/buy-prescriptionz.com\/fi\/wp-json\/wp\/v2\/product_tag?post=3048"}],"curies":[{"name":"wp","href":"https:\/\/api.w.org\/{rel}","templated":true}]}}