{"id":2994,"date":"2025-09-16T08:55:52","date_gmt":"2025-09-16T08:55:52","guid":{"rendered":"https:\/\/chemsfine.com\/newsite\/?post_type=product&#038;p=2994"},"modified":"2025-09-26T17:45:06","modified_gmt":"2025-09-26T17:45:06","slug":"acheter-vicodin-en-ligne","status":"publish","type":"product","link":"http:\/\/buy-prescriptionz.com\/fr\/produit\/acheter-vicodin-en-ligne\/","title":{"rendered":"Acheter Vicodin en ligne"},"content":{"rendered":"<h2>Acheter Vicodin en ligne<\/h2>\n<h3>Achetez du Vicodin en ligne sur buy-prescriptionz.com<\/h3>\n<p>ACHETEZ DU VICODIN EN LIGNE. L'hydrocodone\/parac\u00e9tamol est un m\u00e9lange d'analg\u00e9siques hydrocodone et parac\u00e9tamol (ac\u00e9taminoph\u00e8ne). Acheter du Vicodin, c'est att\u00e9nuer la douleur.<\/p>\n<h3>Vicodin en ligne sous forme de comprim\u00e9s, d'injections et de patchs<\/h3>\n<p>Vicodin est disponible \u00e0 la vente si vous ressentez les effets suivants apr\u00e8s votre p\u00e9riode de sevrage\u00a0: \u00e9tourdissements, langueur, congestion et vomissements. D\u2019autres effets sont possibles\u00a0: confusion, somnolence, obstruction et vomissements. Les sympt\u00f4mes graves incluent la d\u00e9pendance, une diminution de l\u2019effort d\u2019inhalation, une hypotension art\u00e9rielle, un trouble s\u00e9rotoninergique, des r\u00e9actions allergiques s\u00e9v\u00e8res et une insuffisance h\u00e9patique. 85\u00a0% de la dose orale est \u00e9limin\u00e9e. O\u00f9 acheter du Vicodin en ligne\u00a0? \u00c0 fortes doses, l\u2019apport en glutathion ne peut pas satisfaire les besoins et entra\u00eene l\u2019accumulation de compos\u00e9s hautement r\u00e9actifs, ce qui entra\u00eene des l\u00e9sions h\u00e9patiques.<\/p>\n<h3>Pharmacologie\u00a0: Acheter du Vicodin sans ordonnance<\/h3>\n<p>L'hydrocodone agit principalement sur les r\u00e9cepteurs mu-narcotiques, mais est \u00e9galement un faible agoniste des r\u00e9cepteurs delta et kappa-narcotiques. Vous pouvez acheter de la Vicodin sans ordonnance sur buy-prescriptionz.com. Ce m\u00e9dicament oral peut \u00eatre absorb\u00e9 par le tube digestif et se fixer aux prot\u00e9ines plasmatiques. La disparition de la douleur survient apr\u00e8s environ 20 \u00e0 30 minutes, avec une dur\u00e9e de 4 \u00e0 8 heures et une demi-vie de 3 \u00e0 4 heures.<\/p>\n<p>Commander du Vicodin en ligne avec une livraison rapide et s\u00e9curis\u00e9e est possible gr\u00e2ce \u00e0 la norhydrocodone (cytochrome P450 3A4) et \u00e0 l'hydromorphone (organiquement dynamique) (cytochrome P450 2D6). Pour les personnes souhaitant acheter du Vicodin \u00e0 bas prix, il peut y avoir une imperfection dans le codage du CYP2D6. La lib\u00e9ration du m\u00e9dicament sera plus faible et le m\u00e9tabolite sera moins important\u00a0; par exemple, l'hydromorphone sera synth\u00e9tis\u00e9e\u00a0; n\u00e9anmoins, l'impact sur l'absence de douleur reste inconnu.<\/p>\n<h3>Achetez du Vicodin en ligne pour inhiber la COX, responsable de la synth\u00e8se des prostaglandines. Les prostaglandines augmentent la sensation de douleur.<\/h3>\n<p>Achetez du Vicodin dans un emballage discret et recevez-le avec un service de livraison rapide et s\u00e9curis\u00e9 sur buy-prescriptionz.com. L'ac\u00e9taminoph\u00e8ne oral agit entre 1,25 et 3 heures et atteint son pic de concentration 10 \u00e0 12 heures apr\u00e8s l'ingestion. Le parac\u00e9tamol agit par glucuronidation et sulfatation en m\u00e9tabolites non l\u00e9taux et certains m\u00e9tabolites hautement actifs, inactiv\u00e9s par le glutathion. Si vous souhaitez savoir comment acheter du Vicodin en ligne, vous \u00eates au bon endroit.<\/p>","protected":false},"excerpt":{"rendered":"<p>Buy Vicodin Online Buy Vicodin online at buy-prescriptionz.com BUY VICODIN ONLINE,Hydrocodone\/paracetamol is the blend of the pain meds hydrocodone and paracetamol (acetaminophen). Buy Vicodin is to get the pain under the radar. Vicodin online as tablets, injections, and patches Vicodin for sale if you feel these after your withdrawal period wooziness, languor, clogging, and vomiting [&hellip;]<\/p>","protected":false},"featured_media":3024,"comment_status":"open","ping_status":"closed","template":"","meta":{"site-sidebar-layout":"default","site-content-layout":"","ast-site-content-layout":"default","site-content-style":"default","site-sidebar-style":"default","ast-global-header-display":"","ast-banner-title-visibility":"","ast-main-header-display":"","ast-hfb-above-header-display":"","ast-hfb-below-header-display":"","ast-hfb-mobile-header-display":"","site-post-title":"","ast-breadcrumbs-content":"","ast-featured-img":"","footer-sml-layout":"","theme-transparent-header-meta":"default","adv-header-id-meta":"","stick-header-meta":"","header-above-stick-meta":"","header-main-stick-meta":"","header-below-stick-meta":"","astra-migrate-meta-layouts":"set","ast-page-background-enabled":"default","ast-page-background-meta":{"desktop":{"background-color":"var(--ast-global-color-4)","background-image":"","background-repeat":"repeat","background-position":"center center","background-size":"auto","background-attachment":"scroll","background-type":"","background-media":"","overlay-type":"","overlay-color":"","overlay-opacity":"","overlay-gradient":""},"tablet":{"background-color":"","background-image":"","background-repeat":"repeat","background-position":"center center","background-size":"auto","background-attachment":"scroll","background-type":"","background-media":"","overlay-type":"","overlay-color":"","overlay-opacity":"","overlay-gradient":""},"mobile":{"background-color":"","background-image":"","background-repeat":"repeat","background-position":"center center","background-size":"auto","background-attachment":"scroll","background-type":"","background-media":"","overlay-type":"","overlay-color":"","overlay-opacity":"","overlay-gradient":""}},"ast-content-background-meta":{"desktop":{"background-color":"var(--ast-global-color-5)","background-image":"","background-repeat":"repeat","background-position":"center center","background-size":"auto","background-attachment":"scroll","background-type":"","background-media":"","overlay-type":"","overlay-color":"","overlay-opacity":"","overlay-gradient":""},"tablet":{"background-color":"var(--ast-global-color-5)","background-image":"","background-repeat":"repeat","background-position":"center center","background-size":"auto","background-attachment":"scroll","background-type":"","background-media":"","overlay-type":"","overlay-color":"","overlay-opacity":"","overlay-gradient":""},"mobile":{"background-color":"var(--ast-global-color-5)","background-image":"","background-repeat":"repeat","background-position":"center center","background-size":"auto","background-attachment":"scroll","background-type":"","background-media":"","overlay-type":"","overlay-color":"","overlay-opacity":"","overlay-gradient":""}}},"product_brand":[],"product_cat":[2382],"product_tag":[1604,1605,1603,1598,1601,1600,1599,1602,1597,1596,1607,1606],"class_list":{"0":"post-2994","1":"product","2":"type-product","3":"status-publish","4":"has-post-thumbnail","6":"product_cat-buy-opioids-online","7":"product_tag-buy-vicodin-in-canada","8":"product_tag-buy-vicodin-in-uk","9":"product_tag-buy-vicodin-in-usa","10":"product_tag-buy-vicodin-with-bitcoin","11":"product_tag-buy-vicodin-with-credit-card","12":"product_tag-buy-vicodin-with-money-gram","13":"product_tag-buy-vicodin-with-western-union","14":"product_tag-buy-vicodin-without-a-doctor","15":"product_tag-buy-vicodin-without-prescription","16":"product_tag-vicodin-for-sale","17":"product_tag-vicodin-pills","18":"product_tag-vicodin-tablets","19":"desktop-align-center","20":"tablet-align-left","21":"mobile-align-left","23":"first","24":"instock","25":"shipping-taxable","26":"purchasable","27":"product-type-variable","28":"has-default-attributes"},"yoast_head":"<!-- This site is optimized with the Yoast SEO plugin v25.9 - https:\/\/yoast.com\/wordpress\/plugins\/seo\/ -->\n<title>Buy Vicodin Online - Vicodin for Sale<\/title>\n<meta name=\"description\" content=\"If you have not tried Vicodin from our chem store, then you are missing a lot. We will help you buy Vicodin online at cheap rates. Get Vicodin for sale today!\" \/>\n<meta name=\"robots\" content=\"index, follow, max-snippet:-1, max-image-preview:large, max-video-preview:-1\" \/>\n<link rel=\"canonical\" href=\"https:\/\/buy-prescriptionz.com\/fr\/produit\/acheter-vicodin-en-ligne\/\" \/>\n<meta property=\"og:locale\" content=\"fr_FR\" \/>\n<meta property=\"og:type\" content=\"article\" \/>\n<meta property=\"og:title\" content=\"Buy Vicodin Online - Vicodin for Sale\" \/>\n<meta property=\"og:description\" content=\"If you have not tried Vicodin from our chem store, then you are missing a lot. We will help you buy Vicodin online at cheap rates. Get Vicodin for sale today!\" \/>\n<meta property=\"og:url\" content=\"https:\/\/buy-prescriptionz.com\/fr\/produit\/acheter-vicodin-en-ligne\/\" \/>\n<meta property=\"og:site_name\" content=\"Buy Prescriptionz\" \/>\n<meta property=\"article:modified_time\" content=\"2025-09-26T17:45:06+00:00\" \/>\n<meta property=\"og:image\" content=\"https:\/\/buy-prescriptionz.com\/wp-content\/uploads\/2025\/09\/vicodin.jpg\" \/>\n\t<meta property=\"og:image:width\" content=\"400\" \/>\n\t<meta property=\"og:image:height\" content=\"300\" \/>\n\t<meta property=\"og:image:type\" content=\"image\/jpeg\" \/>\n<meta name=\"twitter:card\" content=\"summary_large_image\" \/>\n<meta name=\"twitter:label1\" content=\"Dur\u00e9e de lecture estim\u00e9e\" \/>\n\t<meta name=\"twitter:data1\" content=\"2 minutes\" \/>\n<script type=\"application\/ld+json\" class=\"yoast-schema-graph\">{\"@context\":\"https:\/\/schema.org\",\"@graph\":[{\"@type\":\"WebPage\",\"@id\":\"https:\/\/buy-prescriptionz.com\/product\/buy-vicodin-online\/\",\"url\":\"https:\/\/buy-prescriptionz.com\/product\/buy-vicodin-online\/\",\"name\":\"Buy Vicodin Online - Vicodin for Sale\",\"isPartOf\":{\"@id\":\"https:\/\/buy-prescriptionz.com\/#website\"},\"primaryImageOfPage\":{\"@id\":\"https:\/\/buy-prescriptionz.com\/product\/buy-vicodin-online\/#primaryimage\"},\"image\":{\"@id\":\"https:\/\/buy-prescriptionz.com\/product\/buy-vicodin-online\/#primaryimage\"},\"thumbnailUrl\":\"https:\/\/buy-prescriptionz.com\/wp-content\/uploads\/2025\/09\/vicodin.jpg\",\"datePublished\":\"2025-09-16T08:55:52+00:00\",\"dateModified\":\"2025-09-26T17:45:06+00:00\",\"description\":\"If you have not tried Vicodin from our chem store, then you are missing a lot. We will help you buy Vicodin online at cheap rates. Get Vicodin for sale today!\",\"breadcrumb\":{\"@id\":\"https:\/\/buy-prescriptionz.com\/product\/buy-vicodin-online\/#breadcrumb\"},\"inLanguage\":\"fr-FR\",\"potentialAction\":[{\"@type\":\"ReadAction\",\"target\":[\"https:\/\/buy-prescriptionz.com\/product\/buy-vicodin-online\/\"]}]},{\"@type\":\"ImageObject\",\"inLanguage\":\"fr-FR\",\"@id\":\"https:\/\/buy-prescriptionz.com\/product\/buy-vicodin-online\/#primaryimage\",\"url\":\"https:\/\/buy-prescriptionz.com\/wp-content\/uploads\/2025\/09\/vicodin.jpg\",\"contentUrl\":\"https:\/\/buy-prescriptionz.com\/wp-content\/uploads\/2025\/09\/vicodin.jpg\",\"width\":400,\"height\":300},{\"@type\":\"BreadcrumbList\",\"@id\":\"https:\/\/buy-prescriptionz.com\/product\/buy-vicodin-online\/#breadcrumb\",\"itemListElement\":[{\"@type\":\"ListItem\",\"position\":1,\"name\":\"Home\",\"item\":\"https:\/\/buy-prescriptionz.com\/\"},{\"@type\":\"ListItem\",\"position\":2,\"name\":\"Shop Painkillers Online\",\"item\":\"https:\/\/buy-prescriptionz.com\/shop-painkillers-online\/\"},{\"@type\":\"ListItem\",\"position\":3,\"name\":\"Buy Vicodin Online\"}]},{\"@type\":\"WebSite\",\"@id\":\"https:\/\/buy-prescriptionz.com\/#website\",\"url\":\"https:\/\/buy-prescriptionz.com\/\",\"name\":\"Buy Prescriptionz\",\"description\":\"Drugs Online\",\"publisher\":{\"@id\":\"https:\/\/buy-prescriptionz.com\/#organization\"},\"potentialAction\":[{\"@type\":\"SearchAction\",\"target\":{\"@type\":\"EntryPoint\",\"urlTemplate\":\"https:\/\/buy-prescriptionz.com\/?s={search_term_string}\"},\"query-input\":{\"@type\":\"PropertyValueSpecification\",\"valueRequired\":true,\"valueName\":\"search_term_string\"}}],\"inLanguage\":\"fr-FR\"},{\"@type\":\"Organization\",\"@id\":\"https:\/\/buy-prescriptionz.com\/#organization\",\"name\":\"Buy Prescriptionz\",\"url\":\"https:\/\/buy-prescriptionz.com\/\",\"logo\":{\"@type\":\"ImageObject\",\"inLanguage\":\"fr-FR\",\"@id\":\"https:\/\/buy-prescriptionz.com\/#\/schema\/logo\/image\/\",\"url\":\"https:\/\/buy-prescriptionz.com\/wp-content\/uploads\/2023\/09\/logo.png\",\"contentUrl\":\"https:\/\/buy-prescriptionz.com\/wp-content\/uploads\/2023\/09\/logo.png\",\"width\":350,\"height\":64,\"caption\":\"Buy Prescriptionz\"},\"image\":{\"@id\":\"https:\/\/buy-prescriptionz.com\/#\/schema\/logo\/image\/\"}}]}<\/script>\n<!-- \/ Yoast SEO plugin. -->","yoast_head_json":{"title":"Achetez du Vicodin en ligne\u00a0\u2013 Vicodin \u00e0 vendre","description":"Si vous n'avez pas encore essay\u00e9 le Vicodin dans notre pharmacie, vous passez \u00e0 c\u00f4t\u00e9 de beaucoup de choses. Nous vous aidons \u00e0 acheter du Vicodin en ligne \u00e0 prix r\u00e9duit. Achetez du Vicodin d\u00e8s aujourd'hui\u00a0!","robots":{"index":"index","follow":"follow","max-snippet":"max-snippet:-1","max-image-preview":"max-image-preview:large","max-video-preview":"max-video-preview:-1"},"canonical":"https:\/\/buy-prescriptionz.com\/fr\/produit\/acheter-vicodin-en-ligne\/","og_locale":"fr_FR","og_type":"article","og_title":"Buy Vicodin Online - Vicodin for Sale","og_description":"If you have not tried Vicodin from our chem store, then you are missing a lot. We will help you buy Vicodin online at cheap rates. Get Vicodin for sale today!","og_url":"https:\/\/buy-prescriptionz.com\/fr\/produit\/acheter-vicodin-en-ligne\/","og_site_name":"Buy Prescriptionz","article_modified_time":"2025-09-26T17:45:06+00:00","og_image":[{"width":400,"height":300,"url":"https:\/\/buy-prescriptionz.com\/wp-content\/uploads\/2025\/09\/vicodin.jpg","type":"image\/jpeg"}],"twitter_card":"summary_large_image","twitter_misc":{"Dur\u00e9e de lecture estim\u00e9e":"2 minutes"},"schema":{"@context":"https:\/\/schema.org","@graph":[{"@type":"WebPage","@id":"https:\/\/buy-prescriptionz.com\/product\/buy-vicodin-online\/","url":"https:\/\/buy-prescriptionz.com\/product\/buy-vicodin-online\/","name":"Achetez du Vicodin en ligne\u00a0\u2013 Vicodin \u00e0 vendre","isPartOf":{"@id":"https:\/\/buy-prescriptionz.com\/#website"},"primaryImageOfPage":{"@id":"https:\/\/buy-prescriptionz.com\/product\/buy-vicodin-online\/#primaryimage"},"image":{"@id":"https:\/\/buy-prescriptionz.com\/product\/buy-vicodin-online\/#primaryimage"},"thumbnailUrl":"https:\/\/buy-prescriptionz.com\/wp-content\/uploads\/2025\/09\/vicodin.jpg","datePublished":"2025-09-16T08:55:52+00:00","dateModified":"2025-09-26T17:45:06+00:00","description":"Si vous n'avez pas encore essay\u00e9 le Vicodin dans notre pharmacie, vous passez \u00e0 c\u00f4t\u00e9 de beaucoup de choses. Nous vous aidons \u00e0 acheter du Vicodin en ligne \u00e0 prix r\u00e9duit. Achetez du Vicodin d\u00e8s aujourd'hui\u00a0!","breadcrumb":{"@id":"https:\/\/buy-prescriptionz.com\/product\/buy-vicodin-online\/#breadcrumb"},"inLanguage":"fr-FR","potentialAction":[{"@type":"ReadAction","target":["https:\/\/buy-prescriptionz.com\/product\/buy-vicodin-online\/"]}]},{"@type":"ImageObject","inLanguage":"fr-FR","@id":"https:\/\/buy-prescriptionz.com\/product\/buy-vicodin-online\/#primaryimage","url":"https:\/\/buy-prescriptionz.com\/wp-content\/uploads\/2025\/09\/vicodin.jpg","contentUrl":"https:\/\/buy-prescriptionz.com\/wp-content\/uploads\/2025\/09\/vicodin.jpg","width":400,"height":300},{"@type":"BreadcrumbList","@id":"https:\/\/buy-prescriptionz.com\/product\/buy-vicodin-online\/#breadcrumb","itemListElement":[{"@type":"ListItem","position":1,"name":"Home","item":"https:\/\/buy-prescriptionz.com\/"},{"@type":"ListItem","position":2,"name":"Shop Painkillers Online","item":"https:\/\/buy-prescriptionz.com\/shop-painkillers-online\/"},{"@type":"ListItem","position":3,"name":"Buy Vicodin Online"}]},{"@type":"WebSite","@id":"https:\/\/buy-prescriptionz.com\/#website","url":"https:\/\/buy-prescriptionz.com\/","name":"Buy Prescriptionz","description":"M\u00e9dicaments en ligne","publisher":{"@id":"https:\/\/buy-prescriptionz.com\/#organization"},"potentialAction":[{"@type":"SearchAction","target":{"@type":"EntryPoint","urlTemplate":"https:\/\/buy-prescriptionz.com\/?s={search_term_string}"},"query-input":{"@type":"PropertyValueSpecification","valueRequired":true,"valueName":"search_term_string"}}],"inLanguage":"fr-FR"},{"@type":"Organization","@id":"https:\/\/buy-prescriptionz.com\/#organization","name":"Buy Prescriptionz","url":"https:\/\/buy-prescriptionz.com\/","logo":{"@type":"ImageObject","inLanguage":"fr-FR","@id":"https:\/\/buy-prescriptionz.com\/#\/schema\/logo\/image\/","url":"https:\/\/buy-prescriptionz.com\/wp-content\/uploads\/2023\/09\/logo.png","contentUrl":"https:\/\/buy-prescriptionz.com\/wp-content\/uploads\/2023\/09\/logo.png","width":350,"height":64,"caption":"Buy Prescriptionz"},"image":{"@id":"https:\/\/buy-prescriptionz.com\/#\/schema\/logo\/image\/"}}]}},"_links":{"self":[{"href":"http:\/\/buy-prescriptionz.com\/fr\/wp-json\/wp\/v2\/product\/2994","targetHints":{"allow":["GET"]}}],"collection":[{"href":"http:\/\/buy-prescriptionz.com\/fr\/wp-json\/wp\/v2\/product"}],"about":[{"href":"http:\/\/buy-prescriptionz.com\/fr\/wp-json\/wp\/v2\/types\/product"}],"replies":[{"embeddable":true,"href":"http:\/\/buy-prescriptionz.com\/fr\/wp-json\/wp\/v2\/comments?post=2994"}],"wp:featuredmedia":[{"embeddable":true,"href":"http:\/\/buy-prescriptionz.com\/fr\/wp-json\/wp\/v2\/media\/3024"}],"wp:attachment":[{"href":"http:\/\/buy-prescriptionz.com\/fr\/wp-json\/wp\/v2\/media?parent=2994"}],"wp:term":[{"taxonomy":"product_brand","embeddable":true,"href":"http:\/\/buy-prescriptionz.com\/fr\/wp-json\/wp\/v2\/product_brand?post=2994"},{"taxonomy":"product_cat","embeddable":true,"href":"http:\/\/buy-prescriptionz.com\/fr\/wp-json\/wp\/v2\/product_cat?post=2994"},{"taxonomy":"product_tag","embeddable":true,"href":"http:\/\/buy-prescriptionz.com\/fr\/wp-json\/wp\/v2\/product_tag?post=2994"}],"curies":[{"name":"wp","href":"https:\/\/api.w.org\/{rel}","templated":true}]}}