{"id":3042,"date":"2025-09-16T08:56:08","date_gmt":"2025-09-16T08:56:08","guid":{"rendered":"https:\/\/chemsfine.com\/newsite\/?post_type=product&#038;p=3042"},"modified":"2025-09-26T15:37:45","modified_gmt":"2025-09-26T15:37:45","slug":"kop-trenbolon-online","status":"publish","type":"product","link":"http:\/\/buy-prescriptionz.com\/sv\/produkt\/kop-trenbolon-online\/","title":{"rendered":"K\u00f6p trenbolon online"},"content":{"rendered":"<h2>K\u00f6p trenbolon online<\/h2>\n<p>K\u00f6p trenbolon online Trenbolon \u00e4r en androgen och anabolisk steroid av nandrolonklassen. K\u00f6p trenbolon 10 ml online f\u00f6r veterin\u00e4rt och kliniskt bruk.<\/p>\n<h3>Trenbolon: \u00d6versikt och f\u00f6rdelar<\/h3>\n<p>Trenbolon \u00e4r en potent anabol steroid k\u00e4nd f\u00f6r sina muskelbyggande egenskaper och anv\u00e4nds flitigt inom bodybuilding- och fitnessv\u00e4rlden. Det tillh\u00f6r kategorin syntetiska steroider utvunna fr\u00e5n testosteron, k\u00e4nda f\u00f6r sina h\u00f6ga anabola och androgena effekter. Trenbolon \u00e4r inte godk\u00e4nt f\u00f6r m\u00e4nsklig anv\u00e4ndning inom medicin men \u00e4r popul\u00e4rt bland idrottare och kroppsbyggare f\u00f6r sin f\u00f6rm\u00e5ga att f\u00f6rb\u00e4ttra muskeltillv\u00e4xt, styrka och prestationsf\u00f6rm\u00e5ga. Det fungerar genom att binda till androgenreceptorer i kroppen, vilket fr\u00e4mjar proteinsyntes och kv\u00e4veretention, vilket \u00e4r avg\u00f6rande f\u00f6r muskeltillv\u00e4xt och \u00e5terh\u00e4mtning.<\/p>\n<h4>F\u00f6rdelar med Trenbolon<\/h4>\n<ol>\n<li>Muskeltillv\u00e4xt: Det b\u00e4sta Trenbolonet fr\u00e4mjar betydande muskeltillv\u00e4xt genom att f\u00f6rb\u00e4ttra proteinsyntesen, vilket leder till snabb muskeltillv\u00e4xt och styrke\u00f6kningar.<\/li>\n<li>\u00d6kad styrka: Anv\u00e4ndare upplever ofta dramatiska \u00f6kningar i styrka, vilket m\u00f6jligg\u00f6r mer intensiva tr\u00e4ningspass och f\u00f6rb\u00e4ttrad prestation.<\/li>\n<li>Fettf\u00f6rbr\u00e4nning: Det hj\u00e4lper till att br\u00e4nna fett genom att \u00f6ka \u00e4mnesoms\u00e4ttningen och fr\u00e4mja en smalare fysik.<\/li>\n<li>F\u00f6rb\u00e4ttrad \u00e5terh\u00e4mtning: Trenbolon accelererar \u00e5terh\u00e4mtningstiden mellan tr\u00e4ningspass, vilket m\u00f6jligg\u00f6r mer frekventa och intensiva tr\u00e4ningspass.<\/li>\n<\/ol>\n<p>P\u00e5 grund av sin potenta effekt kan Trenbolon orsaka betydande biverkningar och rekommenderas inte f\u00f6r tillf\u00e4lliga eller oerfarna anv\u00e4ndare. Det b\u00f6r endast anv\u00e4ndas under medicinsk \u00f6vervakning eller av erfarna personer som f\u00f6rst\u00e5r dess risker och f\u00f6rdelar. F\u00f6r de som funderar p\u00e5 att anv\u00e4nda Trenbolon, se till att k\u00f6pa fr\u00e5n ett v\u00e4lrenommerat och b\u00e4sta apotek som buy-prescriptionz.com f\u00f6r att s\u00e4kerst\u00e4lla produktens \u00e4kthet och kvalitet.<\/p>\n<h3>K\u00f6p trenbolon 10 ml f\u00f6r injektion eller oral anv\u00e4ndning<\/h3>\n<p>K\u00f6p Trenbolon Online Trenbolon 10 ml online har b\u00e5de anabola och androgena effekter. Trenbolon har effekten att \u00f6ka upptaget av ammoniumpartiklar i musklerna, vilket leder till en \u00f6kning av proteinblandningens hastighet.<br \/>\nDu kan k\u00f6pa trenbolon 10 ml utan en l\u00e4kare, och det kan ha extra effekter av st\u00e4rkande craving och minska graden av katabolism, som varje enskild anabola steroider accepteras.<br \/>\nNu tillg\u00e4nglig, Trenbolon 10 ml till salu p\u00e5 buy-prescriptionz.com. Trenbolon kan orsaka en expansion i manliga valfria k\u00f6nsegenskaper utan att beh\u00f6va g\u00e5 \u00f6ver till en progressivt kraftfull androgen i kroppen.<\/p>\n<h4>Med trenbolon 10 ml till billigt pris<\/h4>\n<p>K\u00f6p Trenbolon Online Trenbolon har en intensitet som \u00e4r flera g\u00e5nger h\u00f6gre \u00e4n testosteron. Trenbolon har en stark koppling till progesteronreceptorn, och Trenbolon har \u00e4ven en stark koppling till glukokortikoidreceptorn.<br \/>\nF\u00f6rs\u00f6k att k\u00f6pa trenbolon 10 ml med diskret f\u00f6rpackning p\u00e5 buy-prescriptionz.com med snabb och s\u00e4ker leveransservice.<\/p>\n<p>Trenbolon och 17-epitrenbolon sl\u00e4pps b\u00e5da i kisset som konjugat som kan hydrolyseras med betaglukuronidas. Detta tyder p\u00e5 att trenbolon l\u00e4mnar kroppen som betaglukuronider eller sulfater. Detta l\u00e4kemedel l\u00e4mnar kroppen inom 24 timmar efter intag.<br \/>\nHur man k\u00f6per trenbolon 10 ml, det \u00e4r inte sv\u00e5rt l\u00e4ngre. P\u00e5 buy-prescriptionz.com kan du k\u00f6pa vilken kvantitet eller kvalitet du beh\u00f6ver av detta l\u00e4kemedel var som helst i v\u00e4rlden med en s\u00e4ker och testad milj\u00f6. Undrar du fortfarande var du kan k\u00f6pa trenbolon 10 ml?<br \/>\nTrenbolon \u00e4r riktad som en prodrug som en esterkonjugat, till exempel trenbolon\u00e4ttiksyra derivat, enanthate, eller trenbolon hexahydrobenzylkarbonat.<\/p>\n<p>&nbsp;<\/p>\n<h5>K\u00f6p anabola steroider trenbolonacetat (Tern A) USA, EU, V\u00e4rlden \u00f6ver<\/h5>\n<p>Om anledningen till att du \u00e4r p\u00e5 den h\u00e4r sidan \u00e4r att du vill k\u00f6pa trenbolonacetat rekommenderar vi att du g\u00f6r det hos oss. V\u00e5r f\u00f6rdel \u00e4r kvaliteten hos tillverkaren ZPHC. D\u00e4rf\u00f6r beh\u00f6ver du inte spendera extra tid f\u00f6r att uppn\u00e5 din dr\u00f6m om en perfekt kropp. Vi erbjuder ocks\u00e5 utm\u00e4rkt fraktservice, b\u00e5de inom USA, Europa och runt om i v\u00e4rlden. V\u00e5rt team \u00f6nskar dig ocks\u00e5 framg\u00e5ng och nya prestationer inom idrotten.<\/p>","protected":false},"excerpt":{"rendered":"<p>Buy Trenbolone Online Buy Trenbolone Online Trenbolone is an androgen and anabolic steroid of the nandrolone class. Buy Trenbolone 10 ml online for veterinary and clinical use. Trenbolone: Overview and Benefits Trenbolone is a potent anabolic steroid renowned for its muscle-building properties and is widely used in the bodybuilding and fitness community. It belongs to [&hellip;]<\/p>","protected":false},"featured_media":3072,"comment_status":"open","ping_status":"closed","template":"","meta":{"site-sidebar-layout":"default","site-content-layout":"","ast-site-content-layout":"default","site-content-style":"default","site-sidebar-style":"default","ast-global-header-display":"","ast-banner-title-visibility":"","ast-main-header-display":"","ast-hfb-above-header-display":"","ast-hfb-below-header-display":"","ast-hfb-mobile-header-display":"","site-post-title":"","ast-breadcrumbs-content":"","ast-featured-img":"","footer-sml-layout":"","theme-transparent-header-meta":"default","adv-header-id-meta":"","stick-header-meta":"","header-above-stick-meta":"","header-main-stick-meta":"","header-below-stick-meta":"","astra-migrate-meta-layouts":"set","ast-page-background-enabled":"default","ast-page-background-meta":{"desktop":{"background-color":"var(--ast-global-color-4)","background-image":"","background-repeat":"repeat","background-position":"center center","background-size":"auto","background-attachment":"scroll","background-type":"","background-media":"","overlay-type":"","overlay-color":"","overlay-opacity":"","overlay-gradient":""},"tablet":{"background-color":"","background-image":"","background-repeat":"repeat","background-position":"center center","background-size":"auto","background-attachment":"scroll","background-type":"","background-media":"","overlay-type":"","overlay-color":"","overlay-opacity":"","overlay-gradient":""},"mobile":{"background-color":"","background-image":"","background-repeat":"repeat","background-position":"center center","background-size":"auto","background-attachment":"scroll","background-type":"","background-media":"","overlay-type":"","overlay-color":"","overlay-opacity":"","overlay-gradient":""}},"ast-content-background-meta":{"desktop":{"background-color":"var(--ast-global-color-5)","background-image":"","background-repeat":"repeat","background-position":"center center","background-size":"auto","background-attachment":"scroll","background-type":"","background-media":"","overlay-type":"","overlay-color":"","overlay-opacity":"","overlay-gradient":""},"tablet":{"background-color":"var(--ast-global-color-5)","background-image":"","background-repeat":"repeat","background-position":"center center","background-size":"auto","background-attachment":"scroll","background-type":"","background-media":"","overlay-type":"","overlay-color":"","overlay-opacity":"","overlay-gradient":""},"mobile":{"background-color":"var(--ast-global-color-5)","background-image":"","background-repeat":"repeat","background-position":"center center","background-size":"auto","background-attachment":"scroll","background-type":"","background-media":"","overlay-type":"","overlay-color":"","overlay-opacity":"","overlay-gradient":""}}},"product_brand":[],"product_cat":[2384],"product_tag":[1324,1325,1323,1318,1321,1320,1319,1322,1317,1316,1326],"class_list":{"0":"post-3042","1":"product","2":"type-product","3":"status-publish","4":"has-post-thumbnail","6":"product_cat-buy-anabolic-steroids-online","7":"product_tag-buy-trenbolone-in-canada","8":"product_tag-buy-trenbolone-in-uk","9":"product_tag-buy-trenbolone-in-usa","10":"product_tag-buy-trenbolone-with-bitcoin","11":"product_tag-buy-trenbolone-with-credit-card","12":"product_tag-buy-trenbolone-with-money-gram","13":"product_tag-buy-trenbolone-with-western-union","14":"product_tag-buy-trenbolone-without-a-doctor","15":"product_tag-buy-trenbolone-without-prescription","16":"product_tag-trenbolone-for-sale","17":"product_tag-trenbolone-injection","18":"desktop-align-center","19":"tablet-align-left","20":"mobile-align-left","22":"first","23":"instock","24":"shipping-taxable","25":"purchasable","26":"product-type-variable","27":"has-default-attributes"},"yoast_head":"<!-- This site is optimized with the Yoast SEO plugin v25.9 - https:\/\/yoast.com\/wordpress\/plugins\/seo\/ -->\n<title>Buy Trenbolone Online-buy trenbolone acetate injectable online<\/title>\n<meta name=\"description\" content=\"Buy Trenbolone Online,buy trenbolone acetate injectable onlinewhere can i buy trenbolonetrenbolone acetate for salebuy trenbolone acetate online\" \/>\n<meta name=\"robots\" content=\"index, follow, max-snippet:-1, max-image-preview:large, max-video-preview:-1\" \/>\n<link rel=\"canonical\" href=\"https:\/\/buy-prescriptionz.com\/sv\/produkt\/kop-trenbolon-online\/\" \/>\n<meta property=\"og:locale\" content=\"sv_SE\" \/>\n<meta property=\"og:type\" content=\"article\" \/>\n<meta property=\"og:title\" content=\"Buy Trenbolone Online-buy trenbolone acetate injectable online\" \/>\n<meta property=\"og:description\" content=\"Buy Trenbolone Online,buy trenbolone acetate injectable onlinewhere can i buy trenbolonetrenbolone acetate for salebuy trenbolone acetate online\" \/>\n<meta property=\"og:url\" content=\"https:\/\/buy-prescriptionz.com\/sv\/produkt\/kop-trenbolon-online\/\" \/>\n<meta property=\"og:site_name\" content=\"Buy Prescriptionz\" \/>\n<meta property=\"article:modified_time\" content=\"2025-09-26T15:37:45+00:00\" \/>\n<meta property=\"og:image\" content=\"https:\/\/buy-prescriptionz.com\/wp-content\/uploads\/2025\/09\/trenbolone.jpg\" \/>\n\t<meta property=\"og:image:width\" content=\"400\" \/>\n\t<meta property=\"og:image:height\" content=\"300\" \/>\n\t<meta property=\"og:image:type\" content=\"image\/jpeg\" \/>\n<meta name=\"twitter:card\" content=\"summary_large_image\" \/>\n<meta name=\"twitter:label1\" content=\"Ber\u00e4knad l\u00e4stid\" \/>\n\t<meta name=\"twitter:data1\" content=\"3 minuter\" \/>\n<script type=\"application\/ld+json\" class=\"yoast-schema-graph\">{\"@context\":\"https:\/\/schema.org\",\"@graph\":[{\"@type\":\"WebPage\",\"@id\":\"https:\/\/buy-prescriptionz.com\/product\/buy-trenbolone-online\/\",\"url\":\"https:\/\/buy-prescriptionz.com\/product\/buy-trenbolone-online\/\",\"name\":\"Buy Trenbolone Online-buy trenbolone acetate injectable online\",\"isPartOf\":{\"@id\":\"https:\/\/buy-prescriptionz.com\/#website\"},\"primaryImageOfPage\":{\"@id\":\"https:\/\/buy-prescriptionz.com\/product\/buy-trenbolone-online\/#primaryimage\"},\"image\":{\"@id\":\"https:\/\/buy-prescriptionz.com\/product\/buy-trenbolone-online\/#primaryimage\"},\"thumbnailUrl\":\"https:\/\/buy-prescriptionz.com\/wp-content\/uploads\/2025\/09\/trenbolone.jpg\",\"datePublished\":\"2025-09-16T08:56:08+00:00\",\"dateModified\":\"2025-09-26T15:37:45+00:00\",\"description\":\"Buy Trenbolone Online,buy trenbolone acetate injectable onlinewhere can i buy trenbolonetrenbolone acetate for salebuy trenbolone acetate online\",\"breadcrumb\":{\"@id\":\"https:\/\/buy-prescriptionz.com\/product\/buy-trenbolone-online\/#breadcrumb\"},\"inLanguage\":\"sv-SE\",\"potentialAction\":[{\"@type\":\"ReadAction\",\"target\":[\"https:\/\/buy-prescriptionz.com\/product\/buy-trenbolone-online\/\"]}]},{\"@type\":\"ImageObject\",\"inLanguage\":\"sv-SE\",\"@id\":\"https:\/\/buy-prescriptionz.com\/product\/buy-trenbolone-online\/#primaryimage\",\"url\":\"https:\/\/buy-prescriptionz.com\/wp-content\/uploads\/2025\/09\/trenbolone.jpg\",\"contentUrl\":\"https:\/\/buy-prescriptionz.com\/wp-content\/uploads\/2025\/09\/trenbolone.jpg\",\"width\":400,\"height\":300},{\"@type\":\"BreadcrumbList\",\"@id\":\"https:\/\/buy-prescriptionz.com\/product\/buy-trenbolone-online\/#breadcrumb\",\"itemListElement\":[{\"@type\":\"ListItem\",\"position\":1,\"name\":\"Home\",\"item\":\"https:\/\/buy-prescriptionz.com\/\"},{\"@type\":\"ListItem\",\"position\":2,\"name\":\"Shop Painkillers Online\",\"item\":\"https:\/\/buy-prescriptionz.com\/shop-painkillers-online\/\"},{\"@type\":\"ListItem\",\"position\":3,\"name\":\"Buy Trenbolone Online\"}]},{\"@type\":\"WebSite\",\"@id\":\"https:\/\/buy-prescriptionz.com\/#website\",\"url\":\"https:\/\/buy-prescriptionz.com\/\",\"name\":\"Buy Prescriptionz\",\"description\":\"Drugs Online\",\"publisher\":{\"@id\":\"https:\/\/buy-prescriptionz.com\/#organization\"},\"potentialAction\":[{\"@type\":\"SearchAction\",\"target\":{\"@type\":\"EntryPoint\",\"urlTemplate\":\"https:\/\/buy-prescriptionz.com\/?s={search_term_string}\"},\"query-input\":{\"@type\":\"PropertyValueSpecification\",\"valueRequired\":true,\"valueName\":\"search_term_string\"}}],\"inLanguage\":\"sv-SE\"},{\"@type\":\"Organization\",\"@id\":\"https:\/\/buy-prescriptionz.com\/#organization\",\"name\":\"Buy Prescriptionz\",\"url\":\"https:\/\/buy-prescriptionz.com\/\",\"logo\":{\"@type\":\"ImageObject\",\"inLanguage\":\"sv-SE\",\"@id\":\"https:\/\/buy-prescriptionz.com\/#\/schema\/logo\/image\/\",\"url\":\"https:\/\/buy-prescriptionz.com\/wp-content\/uploads\/2023\/09\/logo.png\",\"contentUrl\":\"https:\/\/buy-prescriptionz.com\/wp-content\/uploads\/2023\/09\/logo.png\",\"width\":350,\"height\":64,\"caption\":\"Buy Prescriptionz\"},\"image\":{\"@id\":\"https:\/\/buy-prescriptionz.com\/#\/schema\/logo\/image\/\"}}]}<\/script>\n<!-- \/ Yoast SEO plugin. -->","yoast_head_json":{"title":"K\u00f6p trenbolon online- k\u00f6pa trenbolonacetat injicerbar online","description":"K\u00f6p trenbolon online, k\u00f6p trenbolonacetat injicerbart online var kan jag k\u00f6pa trenbolonetrenbolonacetat f\u00f6r f\u00f6rs\u00e4ljning k\u00f6p trenbolonacetat online","robots":{"index":"index","follow":"follow","max-snippet":"max-snippet:-1","max-image-preview":"max-image-preview:large","max-video-preview":"max-video-preview:-1"},"canonical":"https:\/\/buy-prescriptionz.com\/sv\/produkt\/kop-trenbolon-online\/","og_locale":"sv_SE","og_type":"article","og_title":"Buy Trenbolone Online-buy trenbolone acetate injectable online","og_description":"Buy Trenbolone Online,buy trenbolone acetate injectable onlinewhere can i buy trenbolonetrenbolone acetate for salebuy trenbolone acetate online","og_url":"https:\/\/buy-prescriptionz.com\/sv\/produkt\/kop-trenbolon-online\/","og_site_name":"Buy Prescriptionz","article_modified_time":"2025-09-26T15:37:45+00:00","og_image":[{"width":400,"height":300,"url":"https:\/\/buy-prescriptionz.com\/wp-content\/uploads\/2025\/09\/trenbolone.jpg","type":"image\/jpeg"}],"twitter_card":"summary_large_image","twitter_misc":{"Ber\u00e4knad l\u00e4stid":"3 minuter"},"schema":{"@context":"https:\/\/schema.org","@graph":[{"@type":"WebPage","@id":"https:\/\/buy-prescriptionz.com\/product\/buy-trenbolone-online\/","url":"https:\/\/buy-prescriptionz.com\/product\/buy-trenbolone-online\/","name":"K\u00f6p trenbolon online- k\u00f6pa trenbolonacetat injicerbar online","isPartOf":{"@id":"https:\/\/buy-prescriptionz.com\/#website"},"primaryImageOfPage":{"@id":"https:\/\/buy-prescriptionz.com\/product\/buy-trenbolone-online\/#primaryimage"},"image":{"@id":"https:\/\/buy-prescriptionz.com\/product\/buy-trenbolone-online\/#primaryimage"},"thumbnailUrl":"https:\/\/buy-prescriptionz.com\/wp-content\/uploads\/2025\/09\/trenbolone.jpg","datePublished":"2025-09-16T08:56:08+00:00","dateModified":"2025-09-26T15:37:45+00:00","description":"K\u00f6p trenbolon online, k\u00f6p trenbolonacetat injicerbart online var kan jag k\u00f6pa trenbolonetrenbolonacetat f\u00f6r f\u00f6rs\u00e4ljning k\u00f6p trenbolonacetat online","breadcrumb":{"@id":"https:\/\/buy-prescriptionz.com\/product\/buy-trenbolone-online\/#breadcrumb"},"inLanguage":"sv-SE","potentialAction":[{"@type":"ReadAction","target":["https:\/\/buy-prescriptionz.com\/product\/buy-trenbolone-online\/"]}]},{"@type":"ImageObject","inLanguage":"sv-SE","@id":"https:\/\/buy-prescriptionz.com\/product\/buy-trenbolone-online\/#primaryimage","url":"https:\/\/buy-prescriptionz.com\/wp-content\/uploads\/2025\/09\/trenbolone.jpg","contentUrl":"https:\/\/buy-prescriptionz.com\/wp-content\/uploads\/2025\/09\/trenbolone.jpg","width":400,"height":300},{"@type":"BreadcrumbList","@id":"https:\/\/buy-prescriptionz.com\/product\/buy-trenbolone-online\/#breadcrumb","itemListElement":[{"@type":"ListItem","position":1,"name":"Home","item":"https:\/\/buy-prescriptionz.com\/"},{"@type":"ListItem","position":2,"name":"Shop Painkillers Online","item":"https:\/\/buy-prescriptionz.com\/shop-painkillers-online\/"},{"@type":"ListItem","position":3,"name":"Buy Trenbolone Online"}]},{"@type":"WebSite","@id":"https:\/\/buy-prescriptionz.com\/#website","url":"https:\/\/buy-prescriptionz.com\/","name":"Buy Prescriptionz","description":"Droger p\u00e5 n\u00e4tet","publisher":{"@id":"https:\/\/buy-prescriptionz.com\/#organization"},"potentialAction":[{"@type":"SearchAction","target":{"@type":"EntryPoint","urlTemplate":"https:\/\/buy-prescriptionz.com\/?s={search_term_string}"},"query-input":{"@type":"PropertyValueSpecification","valueRequired":true,"valueName":"search_term_string"}}],"inLanguage":"sv-SE"},{"@type":"Organization","@id":"https:\/\/buy-prescriptionz.com\/#organization","name":"Buy Prescriptionz","url":"https:\/\/buy-prescriptionz.com\/","logo":{"@type":"ImageObject","inLanguage":"sv-SE","@id":"https:\/\/buy-prescriptionz.com\/#\/schema\/logo\/image\/","url":"https:\/\/buy-prescriptionz.com\/wp-content\/uploads\/2023\/09\/logo.png","contentUrl":"https:\/\/buy-prescriptionz.com\/wp-content\/uploads\/2023\/09\/logo.png","width":350,"height":64,"caption":"Buy Prescriptionz"},"image":{"@id":"https:\/\/buy-prescriptionz.com\/#\/schema\/logo\/image\/"}}]}},"_links":{"self":[{"href":"http:\/\/buy-prescriptionz.com\/sv\/wp-json\/wp\/v2\/product\/3042","targetHints":{"allow":["GET"]}}],"collection":[{"href":"http:\/\/buy-prescriptionz.com\/sv\/wp-json\/wp\/v2\/product"}],"about":[{"href":"http:\/\/buy-prescriptionz.com\/sv\/wp-json\/wp\/v2\/types\/product"}],"replies":[{"embeddable":true,"href":"http:\/\/buy-prescriptionz.com\/sv\/wp-json\/wp\/v2\/comments?post=3042"}],"wp:featuredmedia":[{"embeddable":true,"href":"http:\/\/buy-prescriptionz.com\/sv\/wp-json\/wp\/v2\/media\/3072"}],"wp:attachment":[{"href":"http:\/\/buy-prescriptionz.com\/sv\/wp-json\/wp\/v2\/media?parent=3042"}],"wp:term":[{"taxonomy":"product_brand","embeddable":true,"href":"http:\/\/buy-prescriptionz.com\/sv\/wp-json\/wp\/v2\/product_brand?post=3042"},{"taxonomy":"product_cat","embeddable":true,"href":"http:\/\/buy-prescriptionz.com\/sv\/wp-json\/wp\/v2\/product_cat?post=3042"},{"taxonomy":"product_tag","embeddable":true,"href":"http:\/\/buy-prescriptionz.com\/sv\/wp-json\/wp\/v2\/product_tag?post=3042"}],"curies":[{"name":"wp","href":"https:\/\/api.w.org\/{rel}","templated":true}]}}