{"id":3046,"date":"2025-09-16T08:56:09","date_gmt":"2025-09-16T08:56:09","guid":{"rendered":"https:\/\/chemsfine.com\/newsite\/?post_type=product&#038;p=3046"},"modified":"2025-09-26T15:33:37","modified_gmt":"2025-09-26T15:33:37","slug":"kop-sustanon-online","status":"publish","type":"product","link":"http:\/\/buy-prescriptionz.com\/sv\/produkt\/kop-sustanon-online\/","title":{"rendered":"K\u00f6p Sustanon online"},"content":{"rendered":"<h2>K\u00f6p Sustanon online<\/h2>\n<h3>K\u00f6p Sustanon 300 online p\u00e5 buy-prescriptionz.com f\u00f6r att \u00f6ka antalet spermier<\/h3>\n<p>K\u00f6p <a href=\"https:\/\/buy-prescriptionz.com\/sv\/\">Sustanon<\/a> 300 euro f\u00f6r en transsexuell kvinna till man f\u00f6r att f\u00f6rb\u00e4ttra de maskulina sexuella egenskaperna. Din specialist kan ha godk\u00e4nt Sustanon 300 online av en annan anledning. Fr\u00e5ga om du har n\u00e5gra f\u00f6rfr\u00e5gningar om varf\u00f6r Sustanon 300 rekommenderas f\u00f6r dig. Det finns en annan standardm\u00e4ngd tillg\u00e4nglig p\u00e5 buy-prescriptionz.com.<\/p>\n<h3><strong>K\u00f6p Sustanon Online av flera anledningar<\/strong><\/h3>\n<p>Sustanon \u00e4r en popul\u00e4r anabol steroid som best\u00e5r av en blandning av fyra olika testosteronestrar. Den anv\u00e4nds ofta f\u00f6r testosteronbehandling, bodybuilding och f\u00f6r att f\u00f6rb\u00e4ttra atletisk prestation. Att k\u00f6pa Sustanon online erbjuder flera f\u00f6rdelar, inklusive bekv\u00e4mlighet, tillg\u00e4nglighet, konkurrenskraftiga priser och tillg\u00e5ng till kundrecensioner. Onlineplattformar ger ocks\u00e5 den extra f\u00f6rdelen med receptbelagda tj\u00e4nster genom onlinekonsultationer, vilket g\u00f6r det l\u00e4ttare att f\u00e5 tag p\u00e5 n\u00f6dv\u00e4ndig medicin. N\u00e4r man k\u00f6per det b\u00e4sta Sustanon \u00e4r det avg\u00f6rande att v\u00e4lja p\u00e5litliga k\u00e4llor f\u00f6r att s\u00e4kerst\u00e4lla produktens kvalitet och \u00e4kthet, vilket garanterar s\u00e4kerhet och effektivitet.<\/p>\n<ol>\n<li><strong>Bekv\u00e4mlighet<\/strong><\/li>\n<\/ol>\n<ol>\n<li style=\"list-style-type: none;\">\n<ul>\n<li>Enkel \u00e5tkomst: K\u00f6p den b\u00e4sta Enantaten bekv\u00e4mt hemifr\u00e5n.<\/li>\n<li>Diskret frakt: Garanterar integritet och bekv\u00e4mlighet.<\/li>\n<\/ul>\n<\/li>\n<\/ol>\n<ol start=\"2\">\n<li><strong>Variation och tillg\u00e4nglighet:<\/strong><\/li>\n<\/ol>\n<ol>\n<li style=\"list-style-type: none;\">\n<ul>\n<li>Brett utbud: Tillg\u00e5ng till olika m\u00e4rken och doseringar.<\/li>\n<li>Lagertillg\u00e4nglighet: L\u00e4ttare att hitta i lager j\u00e4mf\u00f6rt med lokala apotek.<\/li>\n<\/ul>\n<\/li>\n<\/ol>\n<ol start=\"3\">\n<li><strong>Kostnadseffektiv:<\/strong><\/li>\n<\/ol>\n<ol>\n<li style=\"list-style-type: none;\">\n<ul>\n<li>Konkurrenskraftiga priser: Ofta billigare priser j\u00e4mf\u00f6rt med fysiska butiker.<\/li>\n<li>Rabatter och erbjudanden: Regelbundna rabatter och kampanjerbjudanden finns tillg\u00e4ngliga online.<\/li>\n<\/ul>\n<\/li>\n<\/ol>\n<ol start=\"4\">\n<li><strong>Recensioner och betyg:<\/strong><\/li>\n<\/ol>\n<ol>\n<li style=\"list-style-type: none;\">\n<ul>\n<li>Kundfeedback: Hj\u00e4lper till att v\u00e4lja p\u00e5litliga s\u00e4ljare och produkter.<\/li>\n<\/ul>\n<\/li>\n<\/ol>\n<ol start=\"5\">\n<li><strong>Receptbelagda tj\u00e4nster:<\/strong><\/li>\n<\/ol>\n<ol>\n<li style=\"list-style-type: none;\">\n<ul>\n<li>Onlinekonsultationer: Vissa webbplatser erbjuder medicinska konsultationer f\u00f6r att f\u00e5 ett recept.<\/li>\n<\/ul>\n<\/li>\n<\/ol>\n<p>Att k\u00f6pa Sustanon online \u00e4r enkelt och kostnadseffektivt. Se alltid till att du k\u00f6per fr\u00e5n v\u00e4lrenommerade k\u00e4llor som buy-prescriptionz.com f\u00f6r kvalitet och \u00e4kthet. Deras service garanterar att du f\u00e5r \u00e4kta produkter diskret levererade till din d\u00f6rr. R\u00e5dfr\u00e5ga en v\u00e5rdgivare f\u00f6r att s\u00e4kerst\u00e4lla att Sustanon \u00e4r l\u00e4mpligt f\u00f6r dina behov. Buy-prescriptionz.com \u00e4r <strong>b\u00e4sta apoteksbutiken <\/strong>erbjuder en p\u00e5litlig plattform f\u00f6r att k\u00f6pa Sustanon s\u00e4kert och bekv\u00e4mt.<\/p>\n<h3>Sustanon 300 till salu f\u00f6r USA och asiatiska och europeiska l\u00e4nder<\/h3>\n<p class=\"translation-block\">Sustanon \u00e4r en anabolisk androgen medicinering f\u00f6r att \u00f6ka skelettmassa och kvalitet. Denna medicinering \u00e4r en blandning av fyra esteriserade testosteron dotterbolag propionat, testosteron fenylpropionat, testosteron isocaproat och testosteron decanoat. Du kan k\u00f6pa Sustanon 300 utan l\u00e4kare online p\u00e5 buy-prescriptionz.com.<\/p>\n<p>Best\u00e4ll Sustanon 300 online f\u00f6r att ut\u00f6ka pectoralismassan och fibern i kroppen. P\u00e5 grund av den l\u00e5nga halvexistensen p\u00e5 ungef\u00e4r tre veckor \u00e4r den perfekt f\u00f6r att bygga och ut\u00f6ka kvaliteten utan daglig dosering. Den \u00e4r anabolisk och androgen, s\u00e5 den ger otroliga resultat tillsammans med bara ett par symptom.<\/p>\n<p class=\"translation-block\">Oroa dig inte f\u00f6r hur du k\u00f6per Sustanon 300 online l\u00e4ngre eftersom n\u00e4r eller vilken mg du beh\u00f6ver, finns den tillg\u00e4nglig p\u00e5 buy-prescriptionz.com med snabb och s\u00e4ker leveransservice.\nK\u00f6p Sustanon 300 online f\u00f6r att behandla din l\u00e5ga sexlust och andra problem med tillv\u00e4xthormon endast p\u00e5 buy-prescriptionz.com.<\/p>\n<h3>F\u00e5 en snabb och s\u00e4ker leveransservice p\u00e5 buy-prescriptionz.com<\/h3>\n<p>Du kan k\u00f6pa Sustanon 300 utan recept, \u00e4ven om det finns m\u00e4n som h\u00e5ller sig till oralt intag p\u00e5 grund av kostnadseffektivitet. Du kommer att veta att 300 \u00e4r tillg\u00e4nglig f\u00f6r att k\u00f6pas mest vanligtvis, \u00e4ven om du kan k\u00f6pa Sustanon 300 till billigt pris och Sustanon 270, 300, 350 och \u00e4ven 500 p\u00e5 buy-prescriptionz.com.<\/p>\n<p>Generellt sett \u00e4r injicerbar Sustanon 250 som kan k\u00f6pas det mest effektiva beslutet eftersom du kan s\u00e4nka eller potentiellt \u00f6ka din del som kr\u00e4vs med f\u00f6rsiktig uppskattning. Det finns bara ett st\u00e4lle d\u00e4r man kan k\u00f6pa Sustanon 300 online, och det s\u00e4ljer den b\u00e4sta kvaliteten p\u00e5 detta l\u00e4kemedel i v\u00e4rlden.<\/p>\n<p>K\u00f6p Sustanon 300 med diskret f\u00f6rpackning eftersom n\u00f6jda patienter ser en kvalitets\u00f6kning efter n\u00e5gra f\u00e5 doser och en \u00f6kning av muskelstorleken p\u00e5 bara tv\u00e5 veckor.<\/p>","protected":false},"excerpt":{"rendered":"<p>Buy Sustanon Online Buy Sustanon 300 online at buy-prescriptionz.com to increase sperm count Buy Sustanon 300 for a female to male transsexuals for improvement of masculine sexual qualities. Your specialist may have endorsed Sustanon 300 online for another reason. Inquire as to whether you have any inquiries about why Sustanon 300 is recommended for you. [&hellip;]<\/p>","protected":false},"featured_media":3076,"comment_status":"open","ping_status":"closed","template":"","meta":{"site-sidebar-layout":"default","site-content-layout":"","ast-site-content-layout":"default","site-content-style":"default","site-sidebar-style":"default","ast-global-header-display":"","ast-banner-title-visibility":"","ast-main-header-display":"","ast-hfb-above-header-display":"","ast-hfb-below-header-display":"","ast-hfb-mobile-header-display":"","site-post-title":"","ast-breadcrumbs-content":"","ast-featured-img":"","footer-sml-layout":"","theme-transparent-header-meta":"default","adv-header-id-meta":"","stick-header-meta":"","header-above-stick-meta":"","header-main-stick-meta":"","header-below-stick-meta":"","astra-migrate-meta-layouts":"set","ast-page-background-enabled":"default","ast-page-background-meta":{"desktop":{"background-color":"var(--ast-global-color-4)","background-image":"","background-repeat":"repeat","background-position":"center center","background-size":"auto","background-attachment":"scroll","background-type":"","background-media":"","overlay-type":"","overlay-color":"","overlay-opacity":"","overlay-gradient":""},"tablet":{"background-color":"","background-image":"","background-repeat":"repeat","background-position":"center center","background-size":"auto","background-attachment":"scroll","background-type":"","background-media":"","overlay-type":"","overlay-color":"","overlay-opacity":"","overlay-gradient":""},"mobile":{"background-color":"","background-image":"","background-repeat":"repeat","background-position":"center center","background-size":"auto","background-attachment":"scroll","background-type":"","background-media":"","overlay-type":"","overlay-color":"","overlay-opacity":"","overlay-gradient":""}},"ast-content-background-meta":{"desktop":{"background-color":"var(--ast-global-color-5)","background-image":"","background-repeat":"repeat","background-position":"center center","background-size":"auto","background-attachment":"scroll","background-type":"","background-media":"","overlay-type":"","overlay-color":"","overlay-opacity":"","overlay-gradient":""},"tablet":{"background-color":"var(--ast-global-color-5)","background-image":"","background-repeat":"repeat","background-position":"center center","background-size":"auto","background-attachment":"scroll","background-type":"","background-media":"","overlay-type":"","overlay-color":"","overlay-opacity":"","overlay-gradient":""},"mobile":{"background-color":"var(--ast-global-color-5)","background-image":"","background-repeat":"repeat","background-position":"center center","background-size":"auto","background-attachment":"scroll","background-type":"","background-media":"","overlay-type":"","overlay-color":"","overlay-opacity":"","overlay-gradient":""}}},"product_brand":[],"product_cat":[2384],"product_tag":[1358,1359,1357,1352,1355,1354,1353,1356,1351,1350,1360],"class_list":{"0":"post-3046","1":"product","2":"type-product","3":"status-publish","4":"has-post-thumbnail","6":"product_cat-buy-anabolic-steroids-online","7":"product_tag-buy-sustanon-in-canada","8":"product_tag-buy-sustanon-in-uk","9":"product_tag-buy-sustanon-in-usa","10":"product_tag-buy-sustanon-with-bitcoin","11":"product_tag-buy-sustanon-with-credit-card","12":"product_tag-buy-sustanon-with-money-gram","13":"product_tag-buy-sustanon-with-western-union","14":"product_tag-buy-sustanon-without-a-doctor","15":"product_tag-buy-sustanon-without-prescription","16":"product_tag-sustanon-for-sale","17":"product_tag-sustanon-injection","18":"desktop-align-center","19":"tablet-align-left","20":"mobile-align-left","22":"first","23":"instock","24":"shipping-taxable","25":"purchasable","26":"product-type-variable","27":"has-default-attributes"},"yoast_head":"<!-- This site is optimized with the Yoast SEO plugin v25.9 - https:\/\/yoast.com\/wordpress\/plugins\/seo\/ -->\n<title>Buy Sustanon Online -Sustanon testosterone injection | Buy sustanon AU<\/title>\n<meta name=\"description\" content=\"Buy Sustanon Online,Buy Sustanon 350! Online Sustanon 250 (Testosterone mix) for sale. Buy Sustanon 250 (Testosterone mix)\" \/>\n<meta name=\"robots\" content=\"index, follow, max-snippet:-1, max-image-preview:large, max-video-preview:-1\" \/>\n<link rel=\"canonical\" href=\"https:\/\/buy-prescriptionz.com\/sv\/produkt\/kop-sustanon-online\/\" \/>\n<meta property=\"og:locale\" content=\"sv_SE\" \/>\n<meta property=\"og:type\" content=\"article\" \/>\n<meta property=\"og:title\" content=\"Buy Sustanon Online -Sustanon testosterone injection | Buy sustanon AU\" \/>\n<meta property=\"og:description\" content=\"Buy Sustanon Online,Buy Sustanon 350! Online Sustanon 250 (Testosterone mix) for sale. Buy Sustanon 250 (Testosterone mix)\" \/>\n<meta property=\"og:url\" content=\"https:\/\/buy-prescriptionz.com\/sv\/produkt\/kop-sustanon-online\/\" \/>\n<meta property=\"og:site_name\" content=\"Buy Prescriptionz\" \/>\n<meta property=\"article:modified_time\" content=\"2025-09-26T15:33:37+00:00\" \/>\n<meta property=\"og:image\" content=\"https:\/\/buy-prescriptionz.com\/wp-content\/uploads\/2025\/09\/sustanon.jpg\" \/>\n\t<meta property=\"og:image:width\" content=\"400\" \/>\n\t<meta property=\"og:image:height\" content=\"300\" \/>\n\t<meta property=\"og:image:type\" content=\"image\/jpeg\" \/>\n<meta name=\"twitter:card\" content=\"summary_large_image\" \/>\n<meta name=\"twitter:label1\" content=\"Ber\u00e4knad l\u00e4stid\" \/>\n\t<meta name=\"twitter:data1\" content=\"3 minuter\" \/>\n<script type=\"application\/ld+json\" class=\"yoast-schema-graph\">{\"@context\":\"https:\/\/schema.org\",\"@graph\":[{\"@type\":\"WebPage\",\"@id\":\"https:\/\/buy-prescriptionz.com\/product\/buy-sustanon-online\/\",\"url\":\"https:\/\/buy-prescriptionz.com\/product\/buy-sustanon-online\/\",\"name\":\"Buy Sustanon Online -Sustanon testosterone injection | Buy sustanon AU\",\"isPartOf\":{\"@id\":\"https:\/\/buy-prescriptionz.com\/#website\"},\"primaryImageOfPage\":{\"@id\":\"https:\/\/buy-prescriptionz.com\/product\/buy-sustanon-online\/#primaryimage\"},\"image\":{\"@id\":\"https:\/\/buy-prescriptionz.com\/product\/buy-sustanon-online\/#primaryimage\"},\"thumbnailUrl\":\"https:\/\/buy-prescriptionz.com\/wp-content\/uploads\/2025\/09\/sustanon.jpg\",\"datePublished\":\"2025-09-16T08:56:09+00:00\",\"dateModified\":\"2025-09-26T15:33:37+00:00\",\"description\":\"Buy Sustanon Online,Buy Sustanon 350! Online Sustanon 250 (Testosterone mix) for sale. Buy Sustanon 250 (Testosterone mix)\",\"breadcrumb\":{\"@id\":\"https:\/\/buy-prescriptionz.com\/product\/buy-sustanon-online\/#breadcrumb\"},\"inLanguage\":\"sv-SE\",\"potentialAction\":[{\"@type\":\"ReadAction\",\"target\":[\"https:\/\/buy-prescriptionz.com\/product\/buy-sustanon-online\/\"]}]},{\"@type\":\"ImageObject\",\"inLanguage\":\"sv-SE\",\"@id\":\"https:\/\/buy-prescriptionz.com\/product\/buy-sustanon-online\/#primaryimage\",\"url\":\"https:\/\/buy-prescriptionz.com\/wp-content\/uploads\/2025\/09\/sustanon.jpg\",\"contentUrl\":\"https:\/\/buy-prescriptionz.com\/wp-content\/uploads\/2025\/09\/sustanon.jpg\",\"width\":400,\"height\":300},{\"@type\":\"BreadcrumbList\",\"@id\":\"https:\/\/buy-prescriptionz.com\/product\/buy-sustanon-online\/#breadcrumb\",\"itemListElement\":[{\"@type\":\"ListItem\",\"position\":1,\"name\":\"Home\",\"item\":\"https:\/\/buy-prescriptionz.com\/\"},{\"@type\":\"ListItem\",\"position\":2,\"name\":\"Shop Painkillers Online\",\"item\":\"https:\/\/buy-prescriptionz.com\/shop-painkillers-online\/\"},{\"@type\":\"ListItem\",\"position\":3,\"name\":\"Buy Sustanon Online\"}]},{\"@type\":\"WebSite\",\"@id\":\"https:\/\/buy-prescriptionz.com\/#website\",\"url\":\"https:\/\/buy-prescriptionz.com\/\",\"name\":\"Buy Prescriptionz\",\"description\":\"Drugs Online\",\"publisher\":{\"@id\":\"https:\/\/buy-prescriptionz.com\/#organization\"},\"potentialAction\":[{\"@type\":\"SearchAction\",\"target\":{\"@type\":\"EntryPoint\",\"urlTemplate\":\"https:\/\/buy-prescriptionz.com\/?s={search_term_string}\"},\"query-input\":{\"@type\":\"PropertyValueSpecification\",\"valueRequired\":true,\"valueName\":\"search_term_string\"}}],\"inLanguage\":\"sv-SE\"},{\"@type\":\"Organization\",\"@id\":\"https:\/\/buy-prescriptionz.com\/#organization\",\"name\":\"Buy Prescriptionz\",\"url\":\"https:\/\/buy-prescriptionz.com\/\",\"logo\":{\"@type\":\"ImageObject\",\"inLanguage\":\"sv-SE\",\"@id\":\"https:\/\/buy-prescriptionz.com\/#\/schema\/logo\/image\/\",\"url\":\"https:\/\/buy-prescriptionz.com\/wp-content\/uploads\/2023\/09\/logo.png\",\"contentUrl\":\"https:\/\/buy-prescriptionz.com\/wp-content\/uploads\/2023\/09\/logo.png\",\"width\":350,\"height\":64,\"caption\":\"Buy Prescriptionz\"},\"image\":{\"@id\":\"https:\/\/buy-prescriptionz.com\/#\/schema\/logo\/image\/\"}}]}<\/script>\n<!-- \/ Yoast SEO plugin. -->","yoast_head_json":{"title":"K\u00f6p Sustanon Online -Sustanon testosteron injektion | Sustanon Till salu p\u00e5 n\u00e4tet","description":"K\u00f6p Sustanon online, k\u00f6p Sustanon 350! Online Sustanon 250 (Testosteron mix) till salu. K\u00f6p Sustanon 250 (Testosteron mix)","robots":{"index":"index","follow":"follow","max-snippet":"max-snippet:-1","max-image-preview":"max-image-preview:large","max-video-preview":"max-video-preview:-1"},"canonical":"https:\/\/buy-prescriptionz.com\/sv\/produkt\/kop-sustanon-online\/","og_locale":"sv_SE","og_type":"article","og_title":"Buy Sustanon Online -Sustanon testosterone injection | Buy sustanon AU","og_description":"Buy Sustanon Online,Buy Sustanon 350! Online Sustanon 250 (Testosterone mix) for sale. Buy Sustanon 250 (Testosterone mix)","og_url":"https:\/\/buy-prescriptionz.com\/sv\/produkt\/kop-sustanon-online\/","og_site_name":"Buy Prescriptionz","article_modified_time":"2025-09-26T15:33:37+00:00","og_image":[{"width":400,"height":300,"url":"https:\/\/buy-prescriptionz.com\/wp-content\/uploads\/2025\/09\/sustanon.jpg","type":"image\/jpeg"}],"twitter_card":"summary_large_image","twitter_misc":{"Ber\u00e4knad l\u00e4stid":"3 minuter"},"schema":{"@context":"https:\/\/schema.org","@graph":[{"@type":"WebPage","@id":"https:\/\/buy-prescriptionz.com\/product\/buy-sustanon-online\/","url":"https:\/\/buy-prescriptionz.com\/product\/buy-sustanon-online\/","name":"K\u00f6p Sustanon Online -Sustanon testosteron injektion | Sustanon Till salu p\u00e5 n\u00e4tet","isPartOf":{"@id":"https:\/\/buy-prescriptionz.com\/#website"},"primaryImageOfPage":{"@id":"https:\/\/buy-prescriptionz.com\/product\/buy-sustanon-online\/#primaryimage"},"image":{"@id":"https:\/\/buy-prescriptionz.com\/product\/buy-sustanon-online\/#primaryimage"},"thumbnailUrl":"https:\/\/buy-prescriptionz.com\/wp-content\/uploads\/2025\/09\/sustanon.jpg","datePublished":"2025-09-16T08:56:09+00:00","dateModified":"2025-09-26T15:33:37+00:00","description":"K\u00f6p Sustanon online, k\u00f6p Sustanon 350! Online Sustanon 250 (Testosteron mix) till salu. K\u00f6p Sustanon 250 (Testosteron mix)","breadcrumb":{"@id":"https:\/\/buy-prescriptionz.com\/product\/buy-sustanon-online\/#breadcrumb"},"inLanguage":"sv-SE","potentialAction":[{"@type":"ReadAction","target":["https:\/\/buy-prescriptionz.com\/product\/buy-sustanon-online\/"]}]},{"@type":"ImageObject","inLanguage":"sv-SE","@id":"https:\/\/buy-prescriptionz.com\/product\/buy-sustanon-online\/#primaryimage","url":"https:\/\/buy-prescriptionz.com\/wp-content\/uploads\/2025\/09\/sustanon.jpg","contentUrl":"https:\/\/buy-prescriptionz.com\/wp-content\/uploads\/2025\/09\/sustanon.jpg","width":400,"height":300},{"@type":"BreadcrumbList","@id":"https:\/\/buy-prescriptionz.com\/product\/buy-sustanon-online\/#breadcrumb","itemListElement":[{"@type":"ListItem","position":1,"name":"Home","item":"https:\/\/buy-prescriptionz.com\/"},{"@type":"ListItem","position":2,"name":"Shop Painkillers Online","item":"https:\/\/buy-prescriptionz.com\/shop-painkillers-online\/"},{"@type":"ListItem","position":3,"name":"Buy Sustanon Online"}]},{"@type":"WebSite","@id":"https:\/\/buy-prescriptionz.com\/#website","url":"https:\/\/buy-prescriptionz.com\/","name":"Buy Prescriptionz","description":"Droger p\u00e5 n\u00e4tet","publisher":{"@id":"https:\/\/buy-prescriptionz.com\/#organization"},"potentialAction":[{"@type":"SearchAction","target":{"@type":"EntryPoint","urlTemplate":"https:\/\/buy-prescriptionz.com\/?s={search_term_string}"},"query-input":{"@type":"PropertyValueSpecification","valueRequired":true,"valueName":"search_term_string"}}],"inLanguage":"sv-SE"},{"@type":"Organization","@id":"https:\/\/buy-prescriptionz.com\/#organization","name":"Buy Prescriptionz","url":"https:\/\/buy-prescriptionz.com\/","logo":{"@type":"ImageObject","inLanguage":"sv-SE","@id":"https:\/\/buy-prescriptionz.com\/#\/schema\/logo\/image\/","url":"https:\/\/buy-prescriptionz.com\/wp-content\/uploads\/2023\/09\/logo.png","contentUrl":"https:\/\/buy-prescriptionz.com\/wp-content\/uploads\/2023\/09\/logo.png","width":350,"height":64,"caption":"Buy Prescriptionz"},"image":{"@id":"https:\/\/buy-prescriptionz.com\/#\/schema\/logo\/image\/"}}]}},"_links":{"self":[{"href":"http:\/\/buy-prescriptionz.com\/sv\/wp-json\/wp\/v2\/product\/3046","targetHints":{"allow":["GET"]}}],"collection":[{"href":"http:\/\/buy-prescriptionz.com\/sv\/wp-json\/wp\/v2\/product"}],"about":[{"href":"http:\/\/buy-prescriptionz.com\/sv\/wp-json\/wp\/v2\/types\/product"}],"replies":[{"embeddable":true,"href":"http:\/\/buy-prescriptionz.com\/sv\/wp-json\/wp\/v2\/comments?post=3046"}],"wp:featuredmedia":[{"embeddable":true,"href":"http:\/\/buy-prescriptionz.com\/sv\/wp-json\/wp\/v2\/media\/3076"}],"wp:attachment":[{"href":"http:\/\/buy-prescriptionz.com\/sv\/wp-json\/wp\/v2\/media?parent=3046"}],"wp:term":[{"taxonomy":"product_brand","embeddable":true,"href":"http:\/\/buy-prescriptionz.com\/sv\/wp-json\/wp\/v2\/product_brand?post=3046"},{"taxonomy":"product_cat","embeddable":true,"href":"http:\/\/buy-prescriptionz.com\/sv\/wp-json\/wp\/v2\/product_cat?post=3046"},{"taxonomy":"product_tag","embeddable":true,"href":"http:\/\/buy-prescriptionz.com\/sv\/wp-json\/wp\/v2\/product_tag?post=3046"}],"curies":[{"name":"wp","href":"https:\/\/api.w.org\/{rel}","templated":true}]}}