{"id":965,"date":"2019-04-12T17:48:19","date_gmt":"2019-04-12T17:48:19","guid":{"rendered":"https:\/\/buyprescriptionz.com\/?page_id=965"},"modified":"2019-04-12T17:52:15","modified_gmt":"2019-04-12T17:52:15","slug":"about-us","status":"publish","type":"page","link":"https:\/\/buy-prescriptionz.com\/cs\/about-us\/","title":{"rendered":"O n\u00e1s"},"content":{"rendered":"<p style=\"text-align: justify;\">Koupit Prescriptionz: V\u00fdznamn\u00e1 farmaceutick\u00e1 organizace, kter\u00e1 je zalo\u017eena v Albany, NY 12223 (USA). Jsme velkoobchod, v\u00fdrobce, distributor, obchodn\u00edk, maloobchodn\u00edk a v\u00fdvozce. Na\u0161e obchodn\u00ed cvi\u010den\u00ed z\u00e1sadn\u011b sm\u011b\u0159ujeme do USA, Austr\u00e1lie, Spojen\u00e9ho kr\u00e1lovstv\u00ed a Evropy.<\/p>\n<p style=\"text-align: justify;\">T\u00edmto zp\u016fsobem, kdy\u017e mluv\u00edme o t\u011bchto l\u00e9c\u00edch nebo farmaceutick\u00fdch p\u0159edm\u011btech, jsou cenn\u00e9 stejn\u011b jako nebezpe\u010dn\u00e9.<\/p>\n<p style=\"text-align: justify;\">Spolehliv\u00fd vztah, kter\u00fd jsme z\u00edskali od na\u0161ich klient\u016f prost\u0159ednictv\u00edm na\u0161ich obchodn\u00edch cvi\u010den\u00ed, n\u00e1s st\u00e1le v\u00edce posouv\u00e1 kup\u0159edu k va\u0161emu Wellness. T\u00edmto zp\u016fsobem uspokoj\u00edme va\u0161e p\u0159\u00e1n\u00ed.<\/p>\n<p style=\"text-align: justify;\">Buy Prescriptionz vyr\u00e1b\u00ed srde\u010dnou \u010dtvr\u0165 poskytuj\u00edc\u00ed \u0161irokou \u0161k\u00e1lu terapeutick\u00fdch l\u00e9k\u016f s pln\u00fdmi preventivn\u00edmi opat\u0159en\u00edmi. Jsme na v\u00e1s v\u0161ude p\u0159ipraveni a d\u00edky v\u00e1m jsme tady. Slibujeme v\u00e1m, \u017ee v\u0161echny na\u0161e polo\u017eky jsou chr\u00e1n\u011bny a kvalita je v po\u0159\u00e1dku.<\/p>\n<p style=\"text-align: justify;\"><strong>P\u0159edev\u0161\u00edm se zab\u00fdv\u00e1me n\u00ed\u017ee uveden\u00fdmi produkty:<\/strong><\/p>\n<ul style=\"text-align: justify;\">\n<li>Anabolick\u00e9 steroidy<\/li>\n<li>L\u00e9ky na p\u0159edpis<\/li>\n<li>Depressants and Anxiety<\/li>\n<li>Halucinogeny<\/li>\n<li>Marijuana and Hashish<\/li>\n<li>Opioidy<\/li>\n<li>Tablety<\/li>\n<li>Stimulanty<\/li>\n<\/ul>\n<p style=\"text-align: justify;\">Na\u0161e administrativa exekutivy zhor\u0161uje, dopravn\u00ed administrativa a konference drogov\u00fdch specialist\u016f. Co\u017e je pro va\u0161e blaho.<\/p>\n<p style=\"text-align: justify;\">Na\u0161e organizace Buy Prescriptionz je ekvivalentem v\u0161ech otev\u0159en\u00fdch dve\u0159\u00ed bez ohledu na stav, pohlav\u00ed, pohodu, jazyk, n\u00e1bo\u017eenstv\u00ed, v\u011bk a sexu\u00e1ln\u00ed sezn\u00e1men\u00ed. P\u0159edstavujeme s v\u00e1mi a pro v\u00e1s obecn\u011b.<\/p>\n<p style=\"text-align: justify;\">N\u00e1\u0161 person\u00e1l pro v\u00e1s zajist\u00ed sklad v nejlep\u0161\u00ed spr\u00e1v\u011b a kvalit\u011b. V tomto sm\u011bru z\u00edsk\u00e1me pracovn\u00ed s\u00edlu podle va\u0161ich pot\u0159eb. N\u00e1\u0161 person\u00e1l jsme pro v\u00e1s p\u0159ipravili obecn\u011b v\u00fdhodn\u011b a modern\u011b s c\u00edlem, abychom v\u00e1m mohli d\u00e1t to nejlep\u0161\u00ed. Zab\u00fdv\u00e1me se va\u0161\u00edm \u010dasem a blahobytem, \u200b\u200bto je na\u0161\u00edm z\u00e1m\u011brem.<\/p>\n<p style=\"text-align: justify;\">Na\u0161\u00edm z\u00e1m\u011brem je zprost\u0159edkovat nejlep\u0161\u00ed administraci drogeri\u00ed a bezpe\u010dn\u00e9 l\u00e9ky s va\u0161imi skv\u011bl\u00fdmi c\u00edli v oblasti zdrav\u00ed. Jsme zdatn\u00ed.<\/p>\n<p style=\"text-align: justify;\">Zaru\u010dujeme, \u017ee na\u0161e administrace mus\u00ed b\u00fdt um\u00edrn\u011bn\u00e1 a m\u016f\u017eete nakupovat kdykoli a kdekoli. S va\u0161\u00edm blahobytem nevyjedn\u00e1v\u00e1me.<\/p>\n<p style=\"text-align: justify;\">Pokud jde o na\u0161i bl\u00edzkou s\u00ed\u0165 Buy Prescriptionz, pochopte sv\u016fj po\u017eadavek na ohromuj\u00edc\u00ed zv\u00e1\u017een\u00ed z na\u0161\u00ed strany. V tomto sm\u011bru, \u017ee nemus\u00edte cestovat nebo se v\u00edce pt\u00e1t.<\/p>\n<p style=\"text-align: justify;\">Opravdu, i kdy\u017e si mysl\u00edme, \u017ee pro bl\u00edzkou s\u00ed\u0165 jsme na\u0161i proslulost a jm\u00e9no vyrobili v drogerii.<\/p>\n<p style=\"text-align: justify;\">S na\u0161\u00edm neuv\u011b\u0159iteln\u00fdm \u00fasil\u00edm pro v\u00e1s d\u011bl\u00e1me na\u0161i administrativu to nejlep\u0161\u00ed.<\/p>\n<p style=\"text-align: justify;\">Va\u0161e d\u016fv\u011bra, na\u0161e \u00fasil\u00ed.<\/p>\n<p style=\"text-align: justify;\"><strong>V P\u0158\u00cdPAD\u011a JAK\u00c9HOKOLI DAL\u0160\u00cdHO DOTAZU NEBO PODROBNOST\u00cd N\u00c1S M\u016e\u017dETE KONTAKTOVAT TAK\u00c9 NA:<\/strong><\/p>\n<p style=\"text-align: justify;\"><strong>Adresa:<\/strong> 115 Fire Access Road, Albany, NY 12223 (USA)<\/p>\n<p style=\"text-align: justify;\"><strong>E-mailem:<\/strong> info@buy-prescriptionz.com<\/p>\n<p style=\"text-align: justify;\"><strong>Vol\u00e1n\u00ed\/WhatsApp:<\/strong> +1 (510) 972-3097<\/p>","protected":false},"excerpt":{"rendered":"<p>Buy Prescriptionz: A notable pharmaceutical organization that is set up in Albany, NY 12223 (USA). We are Wholesaler, Manufacturer, Distributor, Trader, Retailer, and Exporter. We fundamentally direct our business exercises in the USA, Australia, United Kingdom, and Europe. In this way, as we talk about these medications or pharmaceutical item they are valuable just as [&hellip;]<\/p>","protected":false},"author":1,"featured_media":0,"parent":0,"menu_order":0,"comment_status":"open","ping_status":"open","template":"","meta":{"site-sidebar-layout":"default","site-content-layout":"","ast-site-content-layout":"default","site-content-style":"default","site-sidebar-style":"default","ast-global-header-display":"","ast-banner-title-visibility":"","ast-main-header-display":"","ast-hfb-above-header-display":"","ast-hfb-below-header-display":"","ast-hfb-mobile-header-display":"","site-post-title":"","ast-breadcrumbs-content":"","ast-featured-img":"","footer-sml-layout":"","theme-transparent-header-meta":"","adv-header-id-meta":"","stick-header-meta":"","header-above-stick-meta":"","header-main-stick-meta":"","header-below-stick-meta":"","astra-migrate-meta-layouts":"default","ast-page-background-enabled":"default","ast-page-background-meta":{"desktop":{"background-color":"var(--ast-global-color-4)","background-image":"","background-repeat":"repeat","background-position":"center center","background-size":"auto","background-attachment":"scroll","background-type":"","background-media":"","overlay-type":"","overlay-color":"","overlay-opacity":"","overlay-gradient":""},"tablet":{"background-color":"","background-image":"","background-repeat":"repeat","background-position":"center center","background-size":"auto","background-attachment":"scroll","background-type":"","background-media":"","overlay-type":"","overlay-color":"","overlay-opacity":"","overlay-gradient":""},"mobile":{"background-color":"","background-image":"","background-repeat":"repeat","background-position":"center center","background-size":"auto","background-attachment":"scroll","background-type":"","background-media":"","overlay-type":"","overlay-color":"","overlay-opacity":"","overlay-gradient":""}},"ast-content-background-meta":{"desktop":{"background-color":"var(--ast-global-color-5)","background-image":"","background-repeat":"repeat","background-position":"center center","background-size":"auto","background-attachment":"scroll","background-type":"","background-media":"","overlay-type":"","overlay-color":"","overlay-opacity":"","overlay-gradient":""},"tablet":{"background-color":"var(--ast-global-color-5)","background-image":"","background-repeat":"repeat","background-position":"center center","background-size":"auto","background-attachment":"scroll","background-type":"","background-media":"","overlay-type":"","overlay-color":"","overlay-opacity":"","overlay-gradient":""},"mobile":{"background-color":"var(--ast-global-color-5)","background-image":"","background-repeat":"repeat","background-position":"center center","background-size":"auto","background-attachment":"scroll","background-type":"","background-media":"","overlay-type":"","overlay-color":"","overlay-opacity":"","overlay-gradient":""}},"footnotes":""},"class_list":["post-965","page","type-page","status-publish","hentry"],"yoast_head":"<!-- This site is optimized with the Yoast SEO plugin v25.9 - https:\/\/yoast.com\/wordpress\/plugins\/seo\/ -->\n<title>About us - Buy Prescriptionz<\/title>\n<meta name=\"robots\" content=\"index, follow, max-snippet:-1, max-image-preview:large, max-video-preview:-1\" \/>\n<link rel=\"canonical\" href=\"https:\/\/buy-prescriptionz.com\/cs\/about-us\/\" \/>\n<meta property=\"og:locale\" content=\"cs_CZ\" \/>\n<meta property=\"og:type\" content=\"article\" \/>\n<meta property=\"og:title\" content=\"About us - Buy Prescriptionz\" \/>\n<meta property=\"og:description\" content=\"Buy Prescriptionz: A notable pharmaceutical organization that is set up in Albany, NY 12223 (USA). We are Wholesaler, Manufacturer, Distributor, Trader, Retailer, and Exporter. We fundamentally direct our business exercises in the USA, Australia, United Kingdom, and Europe. In this way, as we talk about these medications or pharmaceutical item they are valuable just as [&hellip;]\" \/>\n<meta property=\"og:url\" content=\"https:\/\/buy-prescriptionz.com\/cs\/about-us\/\" \/>\n<meta property=\"og:site_name\" content=\"Buy Prescriptionz\" \/>\n<meta property=\"article:modified_time\" content=\"2019-04-12T17:52:15+00:00\" \/>\n<meta name=\"twitter:card\" content=\"summary_large_image\" \/>\n<meta name=\"twitter:label1\" content=\"Odhadovan\u00e1 doba \u010dten\u00ed\" \/>\n\t<meta name=\"twitter:data1\" content=\"2 minuty\" \/>\n<script type=\"application\/ld+json\" class=\"yoast-schema-graph\">{\"@context\":\"https:\/\/schema.org\",\"@graph\":[{\"@type\":\"WebPage\",\"@id\":\"https:\/\/buy-prescriptionz.com\/about-us\/\",\"url\":\"https:\/\/buy-prescriptionz.com\/about-us\/\",\"name\":\"About us - Buy Prescriptionz\",\"isPartOf\":{\"@id\":\"https:\/\/buy-prescriptionz.com\/#website\"},\"datePublished\":\"2019-04-12T17:48:19+00:00\",\"dateModified\":\"2019-04-12T17:52:15+00:00\",\"breadcrumb\":{\"@id\":\"https:\/\/buy-prescriptionz.com\/about-us\/#breadcrumb\"},\"inLanguage\":\"cs\",\"potentialAction\":[{\"@type\":\"ReadAction\",\"target\":[\"https:\/\/buy-prescriptionz.com\/about-us\/\"]}]},{\"@type\":\"BreadcrumbList\",\"@id\":\"https:\/\/buy-prescriptionz.com\/about-us\/#breadcrumb\",\"itemListElement\":[{\"@type\":\"ListItem\",\"position\":1,\"name\":\"Home\",\"item\":\"https:\/\/buy-prescriptionz.com\/\"},{\"@type\":\"ListItem\",\"position\":2,\"name\":\"About us\"}]},{\"@type\":\"WebSite\",\"@id\":\"https:\/\/buy-prescriptionz.com\/#website\",\"url\":\"https:\/\/buy-prescriptionz.com\/\",\"name\":\"Buy Prescriptionz\",\"description\":\"Drugs Online\",\"publisher\":{\"@id\":\"https:\/\/buy-prescriptionz.com\/#organization\"},\"potentialAction\":[{\"@type\":\"SearchAction\",\"target\":{\"@type\":\"EntryPoint\",\"urlTemplate\":\"https:\/\/buy-prescriptionz.com\/?s={search_term_string}\"},\"query-input\":{\"@type\":\"PropertyValueSpecification\",\"valueRequired\":true,\"valueName\":\"search_term_string\"}}],\"inLanguage\":\"cs\"},{\"@type\":\"Organization\",\"@id\":\"https:\/\/buy-prescriptionz.com\/#organization\",\"name\":\"Buy Prescriptionz\",\"url\":\"https:\/\/buy-prescriptionz.com\/\",\"logo\":{\"@type\":\"ImageObject\",\"inLanguage\":\"cs\",\"@id\":\"https:\/\/buy-prescriptionz.com\/#\/schema\/logo\/image\/\",\"url\":\"https:\/\/buy-prescriptionz.com\/wp-content\/uploads\/2023\/09\/logo.png\",\"contentUrl\":\"https:\/\/buy-prescriptionz.com\/wp-content\/uploads\/2023\/09\/logo.png\",\"width\":350,\"height\":64,\"caption\":\"Buy Prescriptionz\"},\"image\":{\"@id\":\"https:\/\/buy-prescriptionz.com\/#\/schema\/logo\/image\/\"}}]}<\/script>\n<!-- \/ Yoast SEO plugin. -->","yoast_head_json":{"title":"About us - Buy Prescriptionz","robots":{"index":"index","follow":"follow","max-snippet":"max-snippet:-1","max-image-preview":"max-image-preview:large","max-video-preview":"max-video-preview:-1"},"canonical":"https:\/\/buy-prescriptionz.com\/cs\/about-us\/","og_locale":"cs_CZ","og_type":"article","og_title":"About us - Buy Prescriptionz","og_description":"Buy Prescriptionz: A notable pharmaceutical organization that is set up in Albany, NY 12223 (USA). We are Wholesaler, Manufacturer, Distributor, Trader, Retailer, and Exporter. We fundamentally direct our business exercises in the USA, Australia, United Kingdom, and Europe. In this way, as we talk about these medications or pharmaceutical item they are valuable just as [&hellip;]","og_url":"https:\/\/buy-prescriptionz.com\/cs\/about-us\/","og_site_name":"Buy Prescriptionz","article_modified_time":"2019-04-12T17:52:15+00:00","twitter_card":"summary_large_image","twitter_misc":{"Odhadovan\u00e1 doba \u010dten\u00ed":"2 minuty"},"schema":{"@context":"https:\/\/schema.org","@graph":[{"@type":"WebPage","@id":"https:\/\/buy-prescriptionz.com\/about-us\/","url":"https:\/\/buy-prescriptionz.com\/about-us\/","name":"About us - Buy Prescriptionz","isPartOf":{"@id":"https:\/\/buy-prescriptionz.com\/#website"},"datePublished":"2019-04-12T17:48:19+00:00","dateModified":"2019-04-12T17:52:15+00:00","breadcrumb":{"@id":"https:\/\/buy-prescriptionz.com\/about-us\/#breadcrumb"},"inLanguage":"cs","potentialAction":[{"@type":"ReadAction","target":["https:\/\/buy-prescriptionz.com\/about-us\/"]}]},{"@type":"BreadcrumbList","@id":"https:\/\/buy-prescriptionz.com\/about-us\/#breadcrumb","itemListElement":[{"@type":"ListItem","position":1,"name":"Home","item":"https:\/\/buy-prescriptionz.com\/"},{"@type":"ListItem","position":2,"name":"About us"}]},{"@type":"WebSite","@id":"https:\/\/buy-prescriptionz.com\/#website","url":"https:\/\/buy-prescriptionz.com\/","name":"Koupit Prescriptionz","description":"Drogy online","publisher":{"@id":"https:\/\/buy-prescriptionz.com\/#organization"},"potentialAction":[{"@type":"SearchAction","target":{"@type":"EntryPoint","urlTemplate":"https:\/\/buy-prescriptionz.com\/?s={search_term_string}"},"query-input":{"@type":"PropertyValueSpecification","valueRequired":true,"valueName":"search_term_string"}}],"inLanguage":"cs"},{"@type":"Organization","@id":"https:\/\/buy-prescriptionz.com\/#organization","name":"Koupit Prescriptionz","url":"https:\/\/buy-prescriptionz.com\/","logo":{"@type":"ImageObject","inLanguage":"cs","@id":"https:\/\/buy-prescriptionz.com\/#\/schema\/logo\/image\/","url":"https:\/\/buy-prescriptionz.com\/wp-content\/uploads\/2023\/09\/logo.png","contentUrl":"https:\/\/buy-prescriptionz.com\/wp-content\/uploads\/2023\/09\/logo.png","width":350,"height":64,"caption":"Buy Prescriptionz"},"image":{"@id":"https:\/\/buy-prescriptionz.com\/#\/schema\/logo\/image\/"}}]}},"_links":{"self":[{"href":"https:\/\/buy-prescriptionz.com\/cs\/wp-json\/wp\/v2\/pages\/965","targetHints":{"allow":["GET"]}}],"collection":[{"href":"https:\/\/buy-prescriptionz.com\/cs\/wp-json\/wp\/v2\/pages"}],"about":[{"href":"https:\/\/buy-prescriptionz.com\/cs\/wp-json\/wp\/v2\/types\/page"}],"author":[{"embeddable":true,"href":"https:\/\/buy-prescriptionz.com\/cs\/wp-json\/wp\/v2\/users\/1"}],"replies":[{"embeddable":true,"href":"https:\/\/buy-prescriptionz.com\/cs\/wp-json\/wp\/v2\/comments?post=965"}],"version-history":[{"count":0,"href":"https:\/\/buy-prescriptionz.com\/cs\/wp-json\/wp\/v2\/pages\/965\/revisions"}],"wp:attachment":[{"href":"https:\/\/buy-prescriptionz.com\/cs\/wp-json\/wp\/v2\/media?parent=965"}],"curies":[{"name":"wp","href":"https:\/\/api.w.org\/{rel}","templated":true}]}}