{"id":2941,"date":"2025-09-16T08:55:29","date_gmt":"2025-09-16T08:55:29","guid":{"rendered":"https:\/\/chemsfine.com\/newsite\/?post_type=product&#038;p=2941"},"modified":"2025-09-20T05:00:36","modified_gmt":"2025-09-20T05:00:36","slug":"koupit-anabolicke-steroidy-online","status":"publish","type":"product","link":"https:\/\/buy-prescriptionz.com\/cs\/produkt\/koupit-anabolicke-steroidy-online\/","title":{"rendered":"Koupit anabolick\u00e9 steroidy Online"},"content":{"rendered":"<h2 style=\"text-align: justify;\">KOUPIT ANABOLICK\u00c9 STEROIDY ONLINE OD BUY PRESCRITION ZA NEJLEP\u0160\u00cd CENU<\/h2>\n<p style=\"text-align: justify;\">Anabolick\u00e9 steroidy jsou syntetick\u00e9 l\u00e9ky, kter\u00e9 se pod\u00e1vaj\u00ed peror\u00e1ln\u011b a p\u016fsob\u00ed jako testosteron. Zp\u016fsobuj\u00ed r\u016fst a v\u00fdvoj pohlavn\u00edch org\u00e1n\u016f, sekund\u00e1rn\u00edch pohlavn\u00edch znak\u016f a n\u00e1r\u016fst svalov\u00e9 hmoty a s\u00edly.<\/p>\n<h3 style=\"text-align: justify;\">VLASTNOSTI ANABOLICK\u00ddCH STEROID\u016e<\/h3>\n<p style=\"text-align: justify;\">Anabolic steroids stimulate growth in other types of tissues, especially bone and muscle of human body.<\/p>\n<h3 style=\"text-align: justify;\">OBECN\u00c1 OPAT\u0158EN\u00cd T\u00ddKAJ\u00cdC\u00cd SE ANABOLICK\u00ddCH STEROID\u016e<\/h3>\n<p style=\"text-align: justify;\">V\u00e1\u0161 l\u00e9ka\u0159 by m\u011bl p\u0159i pravideln\u00fdch n\u00e1v\u0161t\u011bv\u00e1ch kontrolovat v\u00e1\u0161 pr\u016fb\u011bh l\u00e9\u010dby, aby se ujistil, \u017ee tento p\u0159\u00edpravek nezp\u016fsobuje ne\u017e\u00e1douc\u00ed \u00fa\u010dinky.<br \/>\nPokud va\u0161e d\u00edt\u011b u\u017e\u00edv\u00e1 tento l\u00e9k, je d\u016fle\u017eit\u00e9, aby l\u00e9ka\u0159 ka\u017ed\u00fdch 6 m\u011bs\u00edc\u016f provedl rentgenov\u00e9 sn\u00edmky, aby zkontroloval r\u016fst kost\u00ed a v\u00fd\u0161ku va\u0161eho d\u00edt\u011bte. Anabolick\u00e9 steroidy mohou naru\u0161it norm\u00e1ln\u00ed r\u016fst kost\u00ed.<\/p>\n<p style=\"text-align: justify;\"><strong>Pro pacienty s diabetem:<\/strong><\/p>\n<p style=\"text-align: justify;\">Tento l\u00e9\u010div\u00fd p\u0159\u00edpravek m\u016f\u017ee ovlivnit hladinu cukru v krvi. Pokud si v\u0161imnete zm\u011bny hladin cukru v krvi nebo v mo\u010di nebo pokud m\u00e1te jak\u00e9koli dotazy, pora\u010fte se se sv\u00fdm l\u00e9ka\u0159em.<\/p>\n<p>Anabolick\u00e9 steroidy jsou syntetick\u00e9 varianty testosteronu, hormonu, kter\u00fd podporuje r\u016fst sval\u016f a zlep\u0161uje mu\u017esk\u00e9 vlastnosti. V medic\u00edn\u011b se \u0161iroce pou\u017e\u00edvaj\u00ed k l\u00e9\u010db\u011b stav\u016f, jako je opo\u017ed\u011bn\u00e1 puberta a \u00fabytek svalov\u00e9 hmoty v d\u016fsledku nemoc\u00ed. Jsou v\u0161ak tak\u00e9 kontroverzn\u00ed kv\u016fli jejich zneu\u017e\u00edv\u00e1n\u00ed ve sportu a kulturistice.<\/p>\n<h3>V\u00fdhody anabolick\u00fdch steroid\u016f<\/h3>\n<ol>\n<li><strong>R\u016fst sval\u016f:<\/strong> Anabolick\u00e9 steroidy stimuluj\u00ed synt\u00e9zu b\u00edlkovin, co\u017e vede ke zv\u00fd\u0161en\u00ed svalov\u00e9 hmoty a n\u00e1r\u016fstu s\u00edly.<\/li>\n<li><strong>Vylep\u0161en\u00fd v\u00fdkon:<\/strong> Sportovci u\u017e\u00edvaj\u00ed steroidy ke zlep\u0161en\u00ed v\u00fdkonu zv\u00fd\u0161en\u00edm vytrvalosti a zkr\u00e1cen\u00edm doby regenerace mezi tr\u00e9ninky.<\/li>\n<li><strong>L\u00e9ka\u0159sk\u00e9 pou\u017eit\u00ed:<\/strong> Jsou p\u0159edepisov\u00e1ny k l\u00e9\u010db\u011b onemocn\u011bn\u00ed zp\u016fsobuj\u00edc\u00edch \u00fabytek svalov\u00e9 hmoty, jako je HIV\/AIDS, a k podpo\u0159e rekonvalescence po t\u011b\u017ek\u00fdch pop\u00e1lenin\u00e1ch.<\/li>\n<\/ol>\n<h3>Pou\u017eit\u00ed<\/h3>\n<p>Anabolick\u00e9 steroidy lze u\u017e\u00edvat peror\u00e1ln\u011b nebo injek\u010dn\u011b, s r\u016fznou dobou trv\u00e1n\u00ed \u00fa\u010dinnosti:<\/p>\n<ul>\n<li><strong>Oral Steroids:<\/strong> Poskytuj\u00ed rychl\u00e9 v\u00fdsledky, ale jsou agresivn\u011bj\u0161\u00ed pro j\u00e1tra.<\/li>\n<li><strong>Injektoitavat steroidit:<\/strong> Dlouhodob\u011bj\u0161\u00ed \u00fa\u010dinky s men\u0161\u00ed z\u00e1t\u011b\u017e\u00ed pro j\u00e1tra.<\/li>\n<\/ul>\n<h3>Doporu\u010den\u00e9 d\u00e1vky<\/h3>\n<p>D\u00e1vkov\u00e1n\u00ed se li\u0161\u00ed v z\u00e1vislosti na typu steroidu, u\u017eivatelsk\u00e9 zku\u0161enosti a c\u00edlech:<\/p>\n<ul>\n<li><strong>Za\u010d\u00e1te\u010dn\u00edci:<\/strong> Za\u010dn\u011bte s n\u00edzk\u00fdmi d\u00e1vkami, abyste posoudili toleranci a sn\u00ed\u017eili ne\u017e\u00e1douc\u00ed \u00fa\u010dinky.<\/li>\n<li><strong>Zku\u0161en\u00ed u\u017eivatel\u00e9:<\/strong> Postupn\u011b zvy\u0161ujte d\u00e1vky, abyste udr\u017eeli \u00fa\u010dinnost, a \u010dasto je cyklicky st\u0159\u00eddejte, abyste zabr\u00e1nili toleranci a zvl\u00e1dli zdravotn\u00ed rizika.<\/li>\n<\/ul>\n<p>P\u0159esto\u017ee anabolick\u00e9 steroidy nab\u00edzej\u00ed v\u00fdhody pro l\u00e9ka\u0159sk\u00e9 pou\u017eit\u00ed a zv\u00fd\u0161en\u00ed v\u00fdkonu, vy\u017eaduj\u00ed pe\u010dliv\u00e9 zv\u00e1\u017een\u00ed kv\u016fli potenci\u00e1ln\u00edm vedlej\u0161\u00edm \u00fa\u010dink\u016fm, jako je po\u0161kozen\u00ed jater, kardiovaskul\u00e1rn\u00ed probl\u00e9my a hormon\u00e1ln\u00ed nerovnov\u00e1ha. Pro zm\u00edrn\u011bn\u00ed rizik je z\u00e1sadn\u00ed \u0159\u00e1dn\u00fd dohled a dodr\u017eov\u00e1n\u00ed doporu\u010den\u00fdch d\u00e1vek.<\/p>\n<p>Pro spolehliv\u00fd p\u0159\u00edstup k steroid\u016fm farmaceutick\u00e9 kvality a souvisej\u00edc\u00edm produkt\u016fm, nejlep\u0161\u00ed l\u00e9k\u00e1rna <a href=\"http:\/\/buy-prescriptionz.com\/cs\/\">buy-prescriptionz.com<\/a>Nab\u00edzej\u00ed \u0159adu bezpe\u010dn\u00fdch a \u00fa\u010dinn\u00fdch l\u00e9k\u016f, kter\u00e9 zaji\u0161\u0165uj\u00ed kvalitu a spokojenost z\u00e1kazn\u00edk\u016f. A\u0165 u\u017e jde o l\u00e9ka\u0159sk\u00e9 pot\u0159eby nebo o zlep\u0161en\u00ed v\u00fdkonu, d\u016fv\u011b\u0159ujte jejich produkt\u016fm, kter\u00e9 bezpe\u010dn\u011b a efektivn\u011b spln\u00ed va\u0161e po\u017eadavky.<\/p>\n<h3 style=\"text-align: justify;\">BY M\u011aLI V\u011aD\u011aT O VEDLEJ\u0160\u00cdCH \u00da\u010cINC\u00cdCH ANABOLICK\u00ddCH STEROID\u016e<\/h3>\n<p style=\"text-align: justify;\"><strong>Anabolick\u00e9 steroidy maj\u00ed mnoho vedlej\u0161\u00edch \u00fa\u010dink\u016f, proto\u017ee testosteron m\u00e1 v t\u011ble mnoho \u00fa\u010dink\u016f. Dlouh\u00fd seznam vedlej\u0161\u00edch \u00fa\u010dink\u016f zahrnuje:<\/strong><\/p>\n<p style=\"text-align: justify;\">\u2022 Zmen\u0161en\u00ed varlat<br \/>\n\u2022 Zv\u011bt\u0161en\u00ed prsou (gynekomastie)<br \/>\n\u2022 N\u00edzk\u00fd po\u010det spermi\u00ed<br \/>\n\u2022 Zv\u00fd\u0161en\u00fd r\u016fst vlas\u016f<br \/>\n\u2022 N\u00e1sil\u00ed<br \/>\n\u2022 Agrese<br \/>\n\u2022 M\u016f\u017ee se tak\u00e9 vyskytnout onemocn\u011bn\u00ed jater a rakovina jater.<br \/>\nCO SE STANE P\u0158I P\u0158ED\u00c1VKOV\u00c1N\u00cd?<\/p>\n<p style=\"text-align: justify;\">Anabolick\u00e9 steroidy jsou v podstat\u011b laboratorn\u011b vytvo\u0159en\u00e9 analogy testosteronu a v na\u0161em t\u011ble funguj\u00ed podobn\u011b jako tento hormon. I kdy\u017e je mo\u017en\u00e9 za\u017e\u00edt okam\u017eit\u00e9 p\u0159ed\u00e1vkov\u00e1n\u00ed anabolick\u00fdmi steroidy, \u010dasto se projevuje odli\u0161n\u011b.<\/p>\n<p style=\"text-align: justify;\">\u2022 Po\u0161kozen\u00ed ledvin\/jater.<br \/>\n\u2022 Zv\u00fd\u0161en\u00fd krevn\u00ed tlak.<br \/>\n\u2022 Zv\u011bt\u0161en\u00e9 srdce.<br \/>\n\u2022 V\u00fdrazn\u00e9 zm\u011bny n\u00e1lad.<br \/>\n\u2022 Agresivita a podr\u00e1\u017ed\u011bnost.<br \/>\n\u2022 Bludy.<br \/>\n\u2022 Zpomalen\u00fd r\u016fst u mlad\u00fdch u\u017eivatel\u016f.<\/p>\n<h3 style=\"text-align: justify;\">P\u0158EDPOKL\u00c1DEJME, \u017dE POKUD JSTE VYNECHALI D\u00c1VKU?<\/h3>\n<p style=\"text-align: justify;\">- Pokud si to uv\u011bdom\u00edte v dob\u011b, kdy jste vynechali d\u00e1vku, vezm\u011bte si d\u00e1vku.<br \/>\n- Pokud si to uv\u011bdom\u00edte v dob\u011b, kdy se m\u00e1 podat dal\u0161\u00ed d\u00e1vka, vynechte vynechanou d\u00e1vku. Vezm\u011bte si jen tu n\u00e1sleduj\u00edc\u00ed.<br \/>\n- Neu\u017e\u00edvejte dv\u011b d\u00e1vky najednou, proto\u017ee by mohlo doj\u00edt k p\u0159ed\u00e1vkov\u00e1n\u00ed.<\/p>\n<h3 style=\"text-align: justify;\">UKL\u00c1DAT ANBOLICK\u00c9 STERIODY<\/h3>\n<p style=\"text-align: justify;\">Anabolick\u00e9 steroidy skladujte p\u0159i b\u011b\u017en\u00e9 pokojov\u00e9 teplot\u011b a uchov\u00e1vejte mimo dosah d\u011bt\u00ed.<\/p>\n<h3 style=\"text-align: justify;\">KDE KOUPIT ANABOLICK\u00c9 STEROIDY ONLINE?<\/h3>\n<p style=\"text-align: justify;\">Z\u00edskejte Anabolick\u00e9 steroidy u va\u0161ich dve\u0159\u00ed od Buyprescriptionz a udr\u017eujte sv\u00e9 t\u011blo mnohem lep\u0161\u00ed. Objednejte si nyn\u00ed!<\/p>","protected":false},"excerpt":{"rendered":"<p>Anabolick\u00e9 steroidy, zn\u00e1m\u00e9 tak\u00e9 jako anabolick\u00e9-androgenn\u00ed steroidy (AAS), jsou steroidn\u00ed androgeny, kter\u00e9 zahrnuj\u00ed p\u0159\u00edrodn\u00ed androgeny, jako je testosteron, a syntetick\u00e9 androgeny, kter\u00e9 jsou strukturn\u011b p\u0159\u00edbuzn\u00e9 a maj\u00ed podobn\u00e9 \u00fa\u010dinky jako testosteron.<br \/>\nN\u00e1zvy ulic: Anadrol, Oxandrin, Durabolin, Depo-Testosteron, Equipoise: roids, juice, gym candy, pumpers<\/p>","protected":false},"featured_media":2971,"comment_status":"open","ping_status":"closed","template":"","meta":{"site-sidebar-layout":"default","site-content-layout":"","ast-site-content-layout":"default","site-content-style":"default","site-sidebar-style":"default","ast-global-header-display":"","ast-banner-title-visibility":"","ast-main-header-display":"","ast-hfb-above-header-display":"","ast-hfb-below-header-display":"","ast-hfb-mobile-header-display":"","site-post-title":"","ast-breadcrumbs-content":"","ast-featured-img":"","footer-sml-layout":"","theme-transparent-header-meta":"default","adv-header-id-meta":"","stick-header-meta":"","header-above-stick-meta":"","header-main-stick-meta":"","header-below-stick-meta":"","astra-migrate-meta-layouts":"set","ast-page-background-enabled":"default","ast-page-background-meta":{"desktop":{"background-color":"var(--ast-global-color-4)","background-image":"","background-repeat":"repeat","background-position":"center center","background-size":"auto","background-attachment":"scroll","background-type":"","background-media":"","overlay-type":"","overlay-color":"","overlay-opacity":"","overlay-gradient":""},"tablet":{"background-color":"","background-image":"","background-repeat":"repeat","background-position":"center center","background-size":"auto","background-attachment":"scroll","background-type":"","background-media":"","overlay-type":"","overlay-color":"","overlay-opacity":"","overlay-gradient":""},"mobile":{"background-color":"","background-image":"","background-repeat":"repeat","background-position":"center center","background-size":"auto","background-attachment":"scroll","background-type":"","background-media":"","overlay-type":"","overlay-color":"","overlay-opacity":"","overlay-gradient":""}},"ast-content-background-meta":{"desktop":{"background-color":"var(--ast-global-color-5)","background-image":"","background-repeat":"repeat","background-position":"center center","background-size":"auto","background-attachment":"scroll","background-type":"","background-media":"","overlay-type":"","overlay-color":"","overlay-opacity":"","overlay-gradient":""},"tablet":{"background-color":"var(--ast-global-color-5)","background-image":"","background-repeat":"repeat","background-position":"center center","background-size":"auto","background-attachment":"scroll","background-type":"","background-media":"","overlay-type":"","overlay-color":"","overlay-opacity":"","overlay-gradient":""},"mobile":{"background-color":"var(--ast-global-color-5)","background-image":"","background-repeat":"repeat","background-position":"center center","background-size":"auto","background-attachment":"scroll","background-type":"","background-media":"","overlay-type":"","overlay-color":"","overlay-opacity":"","overlay-gradient":""}}},"product_brand":[],"product_cat":[15],"product_tag":[1938,1928,1936,1937,1935,1930,1933,1932,1931,1934,1929],"class_list":{"0":"post-2941","1":"product","2":"type-product","3":"status-publish","4":"has-post-thumbnail","6":"product_cat-buy-prescription-drugs","7":"product_tag-anabolic-steroids","8":"product_tag-anabolic-steroids-for-sale","9":"product_tag-buy-anabolic-steroids-in-canada","10":"product_tag-buy-anabolic-steroids-in-uk","11":"product_tag-buy-anabolic-steroids-in-usa","12":"product_tag-buy-anabolic-steroids-with-bitcoin","13":"product_tag-buy-anabolic-steroids-with-credit-card","14":"product_tag-buy-anabolic-steroids-with-money-gram","15":"product_tag-buy-anabolic-steroids-with-western-union","16":"product_tag-buy-anabolic-steroids-without-a-doctor","17":"product_tag-buy-anabolic-steroids-without-prescription","18":"desktop-align-center","19":"tablet-align-left","20":"mobile-align-left","22":"first","23":"instock","24":"shipping-taxable","25":"purchasable","26":"product-type-variable","27":"has-default-attributes"},"yoast_head":"<!-- This site is optimized with the Yoast SEO plugin v25.9 - https:\/\/yoast.com\/wordpress\/plugins\/seo\/ -->\n<title>Buy Anabolic Steroids Online - Anabolic Steroids for Sale | BuyPrescriptionz<\/title>\n<meta name=\"description\" content=\"You can buy Anabolic Steroids online without any prescription from an online pharmacy store buy-prescriptionz.com. Order Now with Free &amp; Secure Shipping!\" \/>\n<meta name=\"robots\" content=\"index, follow, max-snippet:-1, max-image-preview:large, max-video-preview:-1\" \/>\n<link rel=\"canonical\" href=\"https:\/\/buy-prescriptionz.com\/cs\/produkt\/koupit-anabolicke-steroidy-online\/\" \/>\n<meta property=\"og:locale\" content=\"cs_CZ\" \/>\n<meta property=\"og:type\" content=\"article\" \/>\n<meta property=\"og:title\" content=\"Buy Anabolic Steroids Online - Anabolic Steroids for Sale | BuyPrescriptionz\" \/>\n<meta property=\"og:description\" content=\"You can buy Anabolic Steroids online without any prescription from an online pharmacy store buy-prescriptionz.com. Order Now with Free &amp; Secure Shipping!\" \/>\n<meta property=\"og:url\" content=\"https:\/\/buy-prescriptionz.com\/cs\/produkt\/koupit-anabolicke-steroidy-online\/\" \/>\n<meta property=\"og:site_name\" content=\"Buy Prescriptionz\" \/>\n<meta property=\"article:modified_time\" content=\"2025-09-20T05:00:36+00:00\" \/>\n<meta property=\"og:image\" content=\"https:\/\/buy-prescriptionz.com\/wp-content\/uploads\/2025\/09\/anabolic-steroids.jpg\" \/>\n\t<meta property=\"og:image:width\" content=\"400\" \/>\n\t<meta property=\"og:image:height\" content=\"300\" \/>\n\t<meta property=\"og:image:type\" content=\"image\/jpeg\" \/>\n<meta name=\"twitter:card\" content=\"summary_large_image\" \/>\n<meta name=\"twitter:label1\" content=\"Odhadovan\u00e1 doba \u010dten\u00ed\" \/>\n\t<meta name=\"twitter:data1\" content=\"4 minuty\" \/>\n<script type=\"application\/ld+json\" class=\"yoast-schema-graph\">{\"@context\":\"https:\/\/schema.org\",\"@graph\":[{\"@type\":\"WebPage\",\"@id\":\"https:\/\/buy-prescriptionz.com\/product\/buy-anabolic-steroids-online\/\",\"url\":\"https:\/\/buy-prescriptionz.com\/product\/buy-anabolic-steroids-online\/\",\"name\":\"Buy Anabolic Steroids Online - Anabolic Steroids for Sale | BuyPrescriptionz\",\"isPartOf\":{\"@id\":\"https:\/\/buy-prescriptionz.com\/#website\"},\"primaryImageOfPage\":{\"@id\":\"https:\/\/buy-prescriptionz.com\/product\/buy-anabolic-steroids-online\/#primaryimage\"},\"image\":{\"@id\":\"https:\/\/buy-prescriptionz.com\/product\/buy-anabolic-steroids-online\/#primaryimage\"},\"thumbnailUrl\":\"https:\/\/buy-prescriptionz.com\/wp-content\/uploads\/2025\/09\/anabolic-steroids.jpg\",\"datePublished\":\"2025-09-16T08:55:29+00:00\",\"dateModified\":\"2025-09-20T05:00:36+00:00\",\"description\":\"You can buy Anabolic Steroids online without any prescription from an online pharmacy store buy-prescriptionz.com. Order Now with Free & Secure Shipping!\",\"breadcrumb\":{\"@id\":\"https:\/\/buy-prescriptionz.com\/product\/buy-anabolic-steroids-online\/#breadcrumb\"},\"inLanguage\":\"cs\",\"potentialAction\":[{\"@type\":\"ReadAction\",\"target\":[\"https:\/\/buy-prescriptionz.com\/product\/buy-anabolic-steroids-online\/\"]}]},{\"@type\":\"ImageObject\",\"inLanguage\":\"cs\",\"@id\":\"https:\/\/buy-prescriptionz.com\/product\/buy-anabolic-steroids-online\/#primaryimage\",\"url\":\"https:\/\/buy-prescriptionz.com\/wp-content\/uploads\/2025\/09\/anabolic-steroids.jpg\",\"contentUrl\":\"https:\/\/buy-prescriptionz.com\/wp-content\/uploads\/2025\/09\/anabolic-steroids.jpg\",\"width\":400,\"height\":300},{\"@type\":\"BreadcrumbList\",\"@id\":\"https:\/\/buy-prescriptionz.com\/product\/buy-anabolic-steroids-online\/#breadcrumb\",\"itemListElement\":[{\"@type\":\"ListItem\",\"position\":1,\"name\":\"Home\",\"item\":\"https:\/\/buy-prescriptionz.com\/\"},{\"@type\":\"ListItem\",\"position\":2,\"name\":\"Shop Painkillers Online\",\"item\":\"https:\/\/buy-prescriptionz.com\/shop-painkillers-online\/\"},{\"@type\":\"ListItem\",\"position\":3,\"name\":\"Buy Anabolic Steroids Online\"}]},{\"@type\":\"WebSite\",\"@id\":\"https:\/\/buy-prescriptionz.com\/#website\",\"url\":\"https:\/\/buy-prescriptionz.com\/\",\"name\":\"Buy Prescriptionz\",\"description\":\"Drugs Online\",\"publisher\":{\"@id\":\"https:\/\/buy-prescriptionz.com\/#organization\"},\"potentialAction\":[{\"@type\":\"SearchAction\",\"target\":{\"@type\":\"EntryPoint\",\"urlTemplate\":\"https:\/\/buy-prescriptionz.com\/?s={search_term_string}\"},\"query-input\":{\"@type\":\"PropertyValueSpecification\",\"valueRequired\":true,\"valueName\":\"search_term_string\"}}],\"inLanguage\":\"cs\"},{\"@type\":\"Organization\",\"@id\":\"https:\/\/buy-prescriptionz.com\/#organization\",\"name\":\"Buy Prescriptionz\",\"url\":\"https:\/\/buy-prescriptionz.com\/\",\"logo\":{\"@type\":\"ImageObject\",\"inLanguage\":\"cs\",\"@id\":\"https:\/\/buy-prescriptionz.com\/#\/schema\/logo\/image\/\",\"url\":\"https:\/\/buy-prescriptionz.com\/wp-content\/uploads\/2023\/09\/logo.png\",\"contentUrl\":\"https:\/\/buy-prescriptionz.com\/wp-content\/uploads\/2023\/09\/logo.png\",\"width\":350,\"height\":64,\"caption\":\"Buy Prescriptionz\"},\"image\":{\"@id\":\"https:\/\/buy-prescriptionz.com\/#\/schema\/logo\/image\/\"}}]}<\/script>\n<!-- \/ Yoast SEO plugin. -->","yoast_head_json":{"title":"Koupit anabolick\u00e9 steroidy Online - Anabolick\u00e9 steroidy na prodej | BuyPrescriptionz","description":"Anabolick\u00e9 steroidy si m\u016f\u017eete koupit online bez l\u00e9ka\u0159sk\u00e9ho p\u0159edpisu od Buyprescriptionz.com. Objednejte si steroidy online nyn\u00ed s bezplatnou a bezpe\u010dnou dopravou!","robots":{"index":"index","follow":"follow","max-snippet":"max-snippet:-1","max-image-preview":"max-image-preview:large","max-video-preview":"max-video-preview:-1"},"canonical":"https:\/\/buy-prescriptionz.com\/cs\/produkt\/koupit-anabolicke-steroidy-online\/","og_locale":"cs_CZ","og_type":"article","og_title":"Buy Anabolic Steroids Online - Anabolic Steroids for Sale | BuyPrescriptionz","og_description":"You can buy Anabolic Steroids online without any prescription from an online pharmacy store buy-prescriptionz.com. Order Now with Free & Secure Shipping!","og_url":"https:\/\/buy-prescriptionz.com\/cs\/produkt\/koupit-anabolicke-steroidy-online\/","og_site_name":"Buy Prescriptionz","article_modified_time":"2025-09-20T05:00:36+00:00","og_image":[{"width":400,"height":300,"url":"https:\/\/buy-prescriptionz.com\/wp-content\/uploads\/2025\/09\/anabolic-steroids.jpg","type":"image\/jpeg"}],"twitter_card":"summary_large_image","twitter_misc":{"Odhadovan\u00e1 doba \u010dten\u00ed":"4 minuty"},"schema":{"@context":"https:\/\/schema.org","@graph":[{"@type":"WebPage","@id":"https:\/\/buy-prescriptionz.com\/product\/buy-anabolic-steroids-online\/","url":"https:\/\/buy-prescriptionz.com\/product\/buy-anabolic-steroids-online\/","name":"Koupit anabolick\u00e9 steroidy Online - Anabolick\u00e9 steroidy na prodej | BuyPrescriptionz","isPartOf":{"@id":"https:\/\/buy-prescriptionz.com\/#website"},"primaryImageOfPage":{"@id":"https:\/\/buy-prescriptionz.com\/product\/buy-anabolic-steroids-online\/#primaryimage"},"image":{"@id":"https:\/\/buy-prescriptionz.com\/product\/buy-anabolic-steroids-online\/#primaryimage"},"thumbnailUrl":"https:\/\/buy-prescriptionz.com\/wp-content\/uploads\/2025\/09\/anabolic-steroids.jpg","datePublished":"2025-09-16T08:55:29+00:00","dateModified":"2025-09-20T05:00:36+00:00","description":"Anabolick\u00e9 steroidy si m\u016f\u017eete koupit online bez l\u00e9ka\u0159sk\u00e9ho p\u0159edpisu od Buyprescriptionz.com. Objednejte si steroidy online nyn\u00ed s bezplatnou a bezpe\u010dnou dopravou!","breadcrumb":{"@id":"https:\/\/buy-prescriptionz.com\/product\/buy-anabolic-steroids-online\/#breadcrumb"},"inLanguage":"cs","potentialAction":[{"@type":"ReadAction","target":["https:\/\/buy-prescriptionz.com\/product\/buy-anabolic-steroids-online\/"]}]},{"@type":"ImageObject","inLanguage":"cs","@id":"https:\/\/buy-prescriptionz.com\/product\/buy-anabolic-steroids-online\/#primaryimage","url":"https:\/\/buy-prescriptionz.com\/wp-content\/uploads\/2025\/09\/anabolic-steroids.jpg","contentUrl":"https:\/\/buy-prescriptionz.com\/wp-content\/uploads\/2025\/09\/anabolic-steroids.jpg","width":400,"height":300},{"@type":"BreadcrumbList","@id":"https:\/\/buy-prescriptionz.com\/product\/buy-anabolic-steroids-online\/#breadcrumb","itemListElement":[{"@type":"ListItem","position":1,"name":"Home","item":"https:\/\/buy-prescriptionz.com\/"},{"@type":"ListItem","position":2,"name":"Shop Painkillers Online","item":"https:\/\/buy-prescriptionz.com\/shop-painkillers-online\/"},{"@type":"ListItem","position":3,"name":"Buy Anabolic Steroids Online"}]},{"@type":"WebSite","@id":"https:\/\/buy-prescriptionz.com\/#website","url":"https:\/\/buy-prescriptionz.com\/","name":"Koupit Prescriptionz","description":"Drogy online","publisher":{"@id":"https:\/\/buy-prescriptionz.com\/#organization"},"potentialAction":[{"@type":"SearchAction","target":{"@type":"EntryPoint","urlTemplate":"https:\/\/buy-prescriptionz.com\/?s={search_term_string}"},"query-input":{"@type":"PropertyValueSpecification","valueRequired":true,"valueName":"search_term_string"}}],"inLanguage":"cs"},{"@type":"Organization","@id":"https:\/\/buy-prescriptionz.com\/#organization","name":"Koupit Prescriptionz","url":"https:\/\/buy-prescriptionz.com\/","logo":{"@type":"ImageObject","inLanguage":"cs","@id":"https:\/\/buy-prescriptionz.com\/#\/schema\/logo\/image\/","url":"https:\/\/buy-prescriptionz.com\/wp-content\/uploads\/2023\/09\/logo.png","contentUrl":"https:\/\/buy-prescriptionz.com\/wp-content\/uploads\/2023\/09\/logo.png","width":350,"height":64,"caption":"Buy Prescriptionz"},"image":{"@id":"https:\/\/buy-prescriptionz.com\/#\/schema\/logo\/image\/"}}]}},"_links":{"self":[{"href":"https:\/\/buy-prescriptionz.com\/cs\/wp-json\/wp\/v2\/product\/2941","targetHints":{"allow":["GET"]}}],"collection":[{"href":"https:\/\/buy-prescriptionz.com\/cs\/wp-json\/wp\/v2\/product"}],"about":[{"href":"https:\/\/buy-prescriptionz.com\/cs\/wp-json\/wp\/v2\/types\/product"}],"replies":[{"embeddable":true,"href":"https:\/\/buy-prescriptionz.com\/cs\/wp-json\/wp\/v2\/comments?post=2941"}],"wp:featuredmedia":[{"embeddable":true,"href":"https:\/\/buy-prescriptionz.com\/cs\/wp-json\/wp\/v2\/media\/2971"}],"wp:attachment":[{"href":"https:\/\/buy-prescriptionz.com\/cs\/wp-json\/wp\/v2\/media?parent=2941"}],"wp:term":[{"taxonomy":"product_brand","embeddable":true,"href":"https:\/\/buy-prescriptionz.com\/cs\/wp-json\/wp\/v2\/product_brand?post=2941"},{"taxonomy":"product_cat","embeddable":true,"href":"https:\/\/buy-prescriptionz.com\/cs\/wp-json\/wp\/v2\/product_cat?post=2941"},{"taxonomy":"product_tag","embeddable":true,"href":"https:\/\/buy-prescriptionz.com\/cs\/wp-json\/wp\/v2\/product_tag?post=2941"}],"curies":[{"name":"wp","href":"https:\/\/api.w.org\/{rel}","templated":true}]}}