{"id":2943,"date":"2025-09-16T08:55:29","date_gmt":"2025-09-16T08:55:29","guid":{"rendered":"https:\/\/chemsfine.com\/newsite\/?post_type=product&#038;p=2943"},"modified":"2025-09-23T14:06:48","modified_gmt":"2025-09-23T14:06:48","slug":"koupit-nembutal-pilulky-online","status":"publish","type":"product","link":"https:\/\/buy-prescriptionz.com\/cs\/produkt\/koupit-nembutal-pilulky-online\/","title":{"rendered":"Koupit Nembutal Pills online"},"content":{"rendered":"<h2>KOUPIT NEMBUTALOV\u00c9 PILULKY<\/h2>\n<p>KOUPIT NEMBUTAL PILULKY; Roztok Nembutalu sodn\u00e9ho (injekce pentobarbitalu sodn\u00e9ho) je steriln\u00ed roztok pro intraven\u00f3zn\u00ed nebo intramuskul\u00e1rn\u00ed injekci. Ka\u017ed\u00fd ml obsahuje 50 mg pentobarbitalu sodn\u00e9ho ve vehikulu propylenglykolu 40 %, alkoholu 10 % a vody pro injekci na objem. Hodnota pH se uprav\u00ed na p\u0159ibli\u017en\u011b 9,5 kyselinou chlorovod\u00edkovou a\/nebo hydroxidem sodn\u00fdm. Nembutal sodn\u00fd je kr\u00e1tkodob\u011b p\u016fsob\u00edc\u00ed barbitur\u00e1t, chemicky ozna\u010dovan\u00fd jako 5-ethyl-5-(1-methylbutyl)barbitur\u00e1t sodn\u00fd.<\/p>\n<p>Sodn\u00e1 s\u016fl se vyskytuje jako b\u00edl\u00fd, m\u00edrn\u011b ho\u0159k\u00fd pr\u00e1\u0161ek, kter\u00fd je snadno rozpustn\u00fd ve vod\u011b a alkoholu, ale prakticky nerozpustn\u00fd v benzenu a etheru. Barbitur\u00e1ty jsou schopny vyvolat v\u0161echny \u00farovn\u011b zm\u011bn n\u00e1lady v CNS od excitace p\u0159es m\u00edrnou sedaci a\u017e po hypn\u00f3zu a hlubok\u00e9 k\u00f3ma. P\u0159ed\u00e1vkov\u00e1n\u00ed m\u016f\u017ee v\u00e9st k \u00famrt\u00ed. Ve vysok\u00fdch terapeutick\u00fdch d\u00e1vk\u00e1ch barbitur\u00e1ty indukuj\u00ed anestezii. Barbitur\u00e1ty utlumuj\u00ed senzorickou k\u016fru, sni\u017euj\u00ed motorickou aktivitu, m\u011bn\u00ed moze\u010dkovou funkci a zp\u016fsobuj\u00ed ospalost, sedaci a hypn\u00f3zu.<\/p>\n<p>Sp\u00e1nek vyvolan\u00fd barbitur\u00e1ty se li\u0161\u00ed od fyziologick\u00e9ho sp\u00e1nku. Laboratorn\u00ed studie sp\u00e1nku prok\u00e1zaly, \u017ee barbitur\u00e1ty zkracuj\u00ed dobu str\u00e1venou ve f\u00e1zi rychl\u00e9ho pohybu o\u010d\u00ed (REM) sp\u00e1nku nebo ve f\u00e1zi sn\u011bn\u00ed. Zkracuj\u00ed se tak\u00e9 f\u00e1ze sp\u00e1nku III a IV. Po n\u00e1hl\u00e9m vysazen\u00ed pravideln\u00e9ho u\u017e\u00edv\u00e1n\u00ed barbitur\u00e1t\u016f se u pacient\u016f m\u016f\u017ee objevit v\u00fdrazn\u011b zv\u00fd\u0161en\u00e9 sn\u011bn\u00ed, no\u010dn\u00ed m\u016fry a\/nebo nespavost. Proto se doporu\u010duje vysazen\u00ed jednor\u00e1zov\u00e9 terapeutick\u00e9 d\u00e1vky po dobu 5 nebo 6 dn\u016f, aby se zm\u00edrnil n\u00e1vrat REM f\u00e1ze a naru\u0161en\u00fd sp\u00e1nek, kter\u00e9 p\u0159isp\u00edvaj\u00ed k abstinen\u010dn\u00edmu syndromu (nap\u0159\u00edklad sn\u00ed\u017eit d\u00e1vku ze 3 na 2 d\u00e1vky denn\u011b po dobu 1 t\u00fddne).<\/p>\n<p class=\"p1\"><span class=\"s1\">Koupit levn\u00e9 l\u00e9ky proti bolesti online, koupit Lortab online, objednat l\u00e9ky proti bolesti online, objedn\u00e1n\u00ed l\u00e9k\u016f proti bolesti online. Koupit l\u00e9ky proti bolesti online bez p\u0159edpisu,\u00a0<\/span>Barbitur\u00e1ty jsou neselektivn\u00ed l\u00e1tky tlum\u00edc\u00ed centr\u00e1ln\u00ed nervov\u00fd syst\u00e9m, kter\u00e9 se pou\u017e\u00edvaj\u00ed p\u0159edev\u0161\u00edm jako sedativn\u00ed hypnotika a tak\u00e9 antikonvulziva v subhypnotick\u00fdch d\u00e1vk\u00e1ch. Barbitur\u00e1ty a jejich sodn\u00e9 soli podl\u00e9haj\u00ed kontrole podle feder\u00e1ln\u00edho z\u00e1kona o kontrolovan\u00fdch l\u00e1tk\u00e1ch (viz \u010d\u00e1st \u201eZneu\u017e\u00edv\u00e1n\u00ed drog a z\u00e1vislost\u201c). Sodn\u00e9 soli amobarbitalu, pentobarbitalu, fenobarbitalu a sekobarbitalu jsou dostupn\u00e9 jako steriln\u00ed parenter\u00e1ln\u00ed roztoky. Barbitur\u00e1ty jsou substituovan\u00e9 deriv\u00e1ty pyrimidinu, jejich\u017e z\u00e1kladn\u00ed strukturou spole\u010dnou t\u011bmto l\u00e9k\u016fm je kyselina barbiturov\u00e1, l\u00e1tka, kter\u00e1 nem\u00e1 \u017e\u00e1dnou aktivitu na centr\u00e1ln\u00ed nervov\u00fd syst\u00e9m (CNS). Aktivita na CNS se dosahuje substituc\u00ed alkylov\u00fdch, alkenylov\u00fdch nebo arylov\u00fdch skupin na pyrimidinov\u00e9m kruhu.<\/p>\n<h3>Nembutalov\u00e9 pilulky<\/h3>\n<p>Nembutal, zn\u00e1m\u00fd tak\u00e9 jako pentobarbital, je l\u00e9k pou\u017e\u00edvan\u00fd k r\u016fzn\u00fdm \u00fa\u010del\u016fm, v\u010detn\u011b sedace a l\u00e9\u010dby z\u00e1chvat\u016f. Zde je podrobn\u00fd p\u0159ehled jeho v\u00fdhod, pou\u017eit\u00ed a d\u00e1vkov\u00e1n\u00ed:<\/p>\n<h3>V\u00fdhody pilulek Nembutal<\/h3>\n<ul>\n<li>Sedativn\u00ed vlastnosti: Navozuje ospalost a relaxaci, tak\u017ee je u\u017eite\u010dn\u00fd p\u0159i l\u00e9\u010db\u011b nespavosti nebo \u00fazkosti p\u0159ed operacemi.<\/li>\n<li>Antikonvulzivn\u00ed \u00fa\u010dinky: Nembutal pom\u00e1h\u00e1 kontrolovat z\u00e1chvaty u stav\u016f, jako je epilepsie.<\/li>\n<li>Eutanazie: Ve veterin\u00e1rn\u00ed medic\u00edn\u011b se n\u011bkdy pou\u017e\u00edv\u00e1 k hum\u00e1nn\u00ed eutanazii.<\/li>\n<\/ul>\n<h3>Pou\u017eit\u00ed pilulek Nembutal<\/h3>\n<ul>\n<li>Nespavost a \u00fazkost: Peror\u00e1ln\u00ed pod\u00e1n\u00ed p\u0159ed span\u00edm pro sedaci.<\/li>\n<li>Zvl\u00e1d\u00e1n\u00ed z\u00e1chvat\u016f: Intraven\u00f3zn\u00ed pod\u00e1n\u00ed pro rychl\u00fd n\u00e1stup a \u00fa\u010dinnou l\u00e9\u010dbu z\u00e1chvat\u016f.<\/li>\n<li>Eutanazie: Prov\u00e1d\u00ed se pod p\u0159\u00edsn\u00fdm l\u00e9ka\u0159sk\u00fdm dohledem za \u00fa\u010delem hum\u00e1nn\u00ed eutanazie.<\/li>\n<\/ul>\n<h3>D\u00e1vkov\u00e1n\u00ed<\/h3>\n<ul>\n<li>Nespavost: Obvykle 50-100 mg peror\u00e1ln\u011b p\u0159ed span\u00edm.<\/li>\n<li>Z\u00e1chvaty: Intraven\u00f3zn\u00ed d\u00e1vky se pohybuj\u00ed v rozmez\u00ed 100\u2013200 mg a upravuj\u00ed se dle odpov\u011bdi.<\/li>\n<li>Eutanazie: Pod\u00e1v\u00e1 se ve vy\u0161\u0161\u00edch d\u00e1vk\u00e1ch pod p\u0159\u00edsn\u00fdm l\u00e9ka\u0159sk\u00fdm dohledem.<\/li>\n<\/ul>\n<p>Tablety s nembutalem jsou cenn\u00e9 pro sv\u00e9 sedativn\u00ed, antikonvulzivn\u00ed a eutanatick\u00e9 vlastnosti. Poskytuj\u00ed \u00falevu od nespavosti, \u00fazkosti, z\u00e1chvat\u016f a nab\u00edzej\u00ed klidn\u00e9 ukon\u010den\u00ed \u017eivota pro dom\u00e1c\u00ed mazl\u00ed\u010dky. Pro spolehliv\u00fd p\u0159\u00edstup k nembutalu a dal\u0161\u00edm farmaceutick\u00fdm pot\u0159eb\u00e1m se p\u0159ihlaste online do nejlep\u0161\u00ed l\u00e9k\u00e1rny. <a href=\"http:\/\/buy-prescriptionz.com\/cs\/\">buy-prescriptionz.com<\/a>.<\/p>\n<h3>KAM SE D\u011aLAT:<\/h3>\n<ul class=\"tagchecklist\" role=\"list\">\n<li><button id=\"product_tag-check-num-0\" class=\"ntdelbutton\" type=\"button\"><span class=\"screen-reader-text\">Remove term: best quality Nembutal pills online<\/span><\/button>\u00a0nejkvalitn\u011bj\u0161\u00ed pilulky Nembutal online<\/li>\n<li><button id=\"product_tag-check-num-1\" class=\"ntdelbutton\" type=\"button\"><span class=\"screen-reader-text\">Remove term: Buy Nembutal pills online<\/span><\/button>\u00a0Koupit pilulky Nembutal online<\/li>\n<li><button id=\"product_tag-check-num-2\" class=\"ntdelbutton\" type=\"button\"><span class=\"screen-reader-text\">Remove term: cheap Nembutal pills online<\/span><\/button>\u00a0levn\u00e9 pilulky Nembutal online<\/li>\n<li><button id=\"product_tag-check-num-3\" class=\"ntdelbutton\" type=\"button\"><span class=\"screen-reader-text\">Remove term: free shipping Nembutal pills online<\/span><\/button>\u00a0doprava zdarma Nembutal pilulky online<\/li>\n<li><button id=\"product_tag-check-num-4\" class=\"ntdelbutton\" type=\"button\"><span class=\"screen-reader-text\">Remove term: genuine supplies Nembutal pills online<\/span><\/button>\u00a0origin\u00e1ln\u00ed z\u00e1soby Nembutal pilulky online<\/li>\n<li><button id=\"product_tag-check-num-5\" class=\"ntdelbutton\" type=\"button\"><span class=\"screen-reader-text\">Remove term: how to buy Nembutal pills online<\/span><\/button>\u00a0jak koupit pilulky Nembutal online<\/li>\n<li><button id=\"product_tag-check-num-6\" class=\"ntdelbutton\" type=\"button\"><span class=\"screen-reader-text\">Remove term: purchase Nembutal pills online<\/span><\/button>\u00a0koupit pilulky Nembutal online<\/li>\n<li><button id=\"product_tag-check-num-7\" class=\"ntdelbutton\" type=\"button\"><span class=\"screen-reader-text\">Remove term: reliable Nembutal pills online<\/span><\/button>\u00a0spolehliv\u00e9 pilulky Nembutal online<\/li>\n<li><button id=\"product_tag-check-num-8\" class=\"ntdelbutton\" type=\"button\"><span class=\"screen-reader-text\">Remove term: where to buy Nembutal pills online<\/span><\/button>\u00a0kde koupit pilulky Nembutal online<\/li>\n<li><button id=\"product_tag-check-num-9\" class=\"ntdelbutton\" type=\"button\"><span class=\"screen-reader-text\">Remove term: wholesale price Nembutal pills online<\/span><\/button>\u00a0velkoobchodn\u00ed cena Nembutal pilulky online<\/li>\n<\/ul>","protected":false},"excerpt":{"rendered":"<p>BUY NEMBUTAL PILLS BUY NEMBUTAL PILLS; Nembutal Sodium Solution (pentobarbital sodium injection) is a sterile solution for intravenous or intramuscular injection. Each mL contains pentobarbital sodium 50 mg, in a vehicle of propylene glycol, 40%, alcohol, 10% and water for injection, to volume. The pH is adjusted to approximately 9.5 with hydrochloric acid and\/or sodium [&hellip;]<\/p>","protected":false},"featured_media":2973,"comment_status":"open","ping_status":"closed","template":"","meta":{"site-sidebar-layout":"default","site-content-layout":"","ast-site-content-layout":"default","site-content-style":"default","site-sidebar-style":"default","ast-global-header-display":"","ast-banner-title-visibility":"","ast-main-header-display":"","ast-hfb-above-header-display":"","ast-hfb-below-header-display":"","ast-hfb-mobile-header-display":"","site-post-title":"","ast-breadcrumbs-content":"","ast-featured-img":"","footer-sml-layout":"","theme-transparent-header-meta":"default","adv-header-id-meta":"","stick-header-meta":"","header-above-stick-meta":"","header-main-stick-meta":"","header-below-stick-meta":"","astra-migrate-meta-layouts":"set","ast-page-background-enabled":"default","ast-page-background-meta":{"desktop":{"background-color":"var(--ast-global-color-4)","background-image":"","background-repeat":"repeat","background-position":"center center","background-size":"auto","background-attachment":"scroll","background-type":"","background-media":"","overlay-type":"","overlay-color":"","overlay-opacity":"","overlay-gradient":""},"tablet":{"background-color":"","background-image":"","background-repeat":"repeat","background-position":"center center","background-size":"auto","background-attachment":"scroll","background-type":"","background-media":"","overlay-type":"","overlay-color":"","overlay-opacity":"","overlay-gradient":""},"mobile":{"background-color":"","background-image":"","background-repeat":"repeat","background-position":"center center","background-size":"auto","background-attachment":"scroll","background-type":"","background-media":"","overlay-type":"","overlay-color":"","overlay-opacity":"","overlay-gradient":""}},"ast-content-background-meta":{"desktop":{"background-color":"var(--ast-global-color-5)","background-image":"","background-repeat":"repeat","background-position":"center center","background-size":"auto","background-attachment":"scroll","background-type":"","background-media":"","overlay-type":"","overlay-color":"","overlay-opacity":"","overlay-gradient":""},"tablet":{"background-color":"var(--ast-global-color-5)","background-image":"","background-repeat":"repeat","background-position":"center center","background-size":"auto","background-attachment":"scroll","background-type":"","background-media":"","overlay-type":"","overlay-color":"","overlay-opacity":"","overlay-gradient":""},"mobile":{"background-color":"var(--ast-global-color-5)","background-image":"","background-repeat":"repeat","background-position":"center center","background-size":"auto","background-attachment":"scroll","background-type":"","background-media":"","overlay-type":"","overlay-color":"","overlay-opacity":"","overlay-gradient":""}}},"product_brand":[],"product_cat":[15],"product_tag":[1914,1915,1913,1908,1911,1910,1909,1912,1907,1916,1906],"class_list":{"0":"post-2943","1":"product","2":"type-product","3":"status-publish","4":"has-post-thumbnail","6":"product_cat-buy-prescription-drugs","7":"product_tag-buy-nembutal-pills-in-canada","8":"product_tag-buy-nembutal-pills-in-uk","9":"product_tag-buy-nembutal-pills-in-usa","10":"product_tag-buy-nembutal-pills-with-bitcoin","11":"product_tag-buy-nembutal-pills-with-credit-card","12":"product_tag-buy-nembutal-pills-with-money-gram","13":"product_tag-buy-nembutal-pills-with-western-union","14":"product_tag-buy-nembutal-pills-without-a-doctor","15":"product_tag-buy-nembutal-pills-without-prescription","16":"product_tag-nembutal-pills","17":"product_tag-nembutal-pills-for-sale","18":"desktop-align-center","19":"tablet-align-left","20":"mobile-align-left","22":"first","23":"instock","24":"shipping-taxable","25":"purchasable","26":"product-type-variable","27":"has-default-attributes"},"yoast_head":"<!-- This site is optimized with the Yoast SEO plugin v25.9 - https:\/\/yoast.com\/wordpress\/plugins\/seo\/ -->\n<title>Buy Nembutal Pills Online - BUY NEMBUTAL PILLS ONLINE NOW<\/title>\n<meta name=\"description\" content=\"Purchase Nembutal pills online from us. We provide Nembutal pills at wholesale price, and also we offer free shipping when you order Nembutal pills online.\" \/>\n<meta name=\"robots\" content=\"index, follow, max-snippet:-1, max-image-preview:large, max-video-preview:-1\" \/>\n<link rel=\"canonical\" href=\"https:\/\/buy-prescriptionz.com\/cs\/produkt\/koupit-nembutal-pilulky-online\/\" \/>\n<meta property=\"og:locale\" content=\"cs_CZ\" \/>\n<meta property=\"og:type\" content=\"article\" \/>\n<meta property=\"og:title\" content=\"Buy Nembutal Pills Online - BUY NEMBUTAL PILLS ONLINE NOW\" \/>\n<meta property=\"og:description\" content=\"Purchase Nembutal pills online from us. We provide Nembutal pills at wholesale price, and also we offer free shipping when you order Nembutal pills online.\" \/>\n<meta property=\"og:url\" content=\"https:\/\/buy-prescriptionz.com\/cs\/produkt\/koupit-nembutal-pilulky-online\/\" \/>\n<meta property=\"og:site_name\" content=\"Buy Prescriptionz\" \/>\n<meta property=\"article:modified_time\" content=\"2025-09-23T14:06:48+00:00\" \/>\n<meta property=\"og:image\" content=\"https:\/\/buy-prescriptionz.com\/wp-content\/uploads\/2025\/09\/Buy-Nembutal-pills-online.jpeg\" \/>\n\t<meta property=\"og:image:width\" content=\"600\" \/>\n\t<meta property=\"og:image:height\" content=\"400\" \/>\n\t<meta property=\"og:image:type\" content=\"image\/jpeg\" \/>\n<meta name=\"twitter:card\" content=\"summary_large_image\" \/>\n<meta name=\"twitter:label1\" content=\"Odhadovan\u00e1 doba \u010dten\u00ed\" \/>\n\t<meta name=\"twitter:data1\" content=\"4 minuty\" \/>\n<script type=\"application\/ld+json\" class=\"yoast-schema-graph\">{\"@context\":\"https:\/\/schema.org\",\"@graph\":[{\"@type\":\"WebPage\",\"@id\":\"https:\/\/buy-prescriptionz.com\/product\/buy-nembutal-pills-online\/\",\"url\":\"https:\/\/buy-prescriptionz.com\/product\/buy-nembutal-pills-online\/\",\"name\":\"Buy Nembutal Pills Online - BUY NEMBUTAL PILLS ONLINE NOW\",\"isPartOf\":{\"@id\":\"https:\/\/buy-prescriptionz.com\/#website\"},\"primaryImageOfPage\":{\"@id\":\"https:\/\/buy-prescriptionz.com\/product\/buy-nembutal-pills-online\/#primaryimage\"},\"image\":{\"@id\":\"https:\/\/buy-prescriptionz.com\/product\/buy-nembutal-pills-online\/#primaryimage\"},\"thumbnailUrl\":\"https:\/\/buy-prescriptionz.com\/wp-content\/uploads\/2025\/09\/Buy-Nembutal-pills-online.jpeg\",\"datePublished\":\"2025-09-16T08:55:29+00:00\",\"dateModified\":\"2025-09-23T14:06:48+00:00\",\"description\":\"Purchase Nembutal pills online from us. We provide Nembutal pills at wholesale price, and also we offer free shipping when you order Nembutal pills online.\",\"breadcrumb\":{\"@id\":\"https:\/\/buy-prescriptionz.com\/product\/buy-nembutal-pills-online\/#breadcrumb\"},\"inLanguage\":\"cs\",\"potentialAction\":[{\"@type\":\"ReadAction\",\"target\":[\"https:\/\/buy-prescriptionz.com\/product\/buy-nembutal-pills-online\/\"]}]},{\"@type\":\"ImageObject\",\"inLanguage\":\"cs\",\"@id\":\"https:\/\/buy-prescriptionz.com\/product\/buy-nembutal-pills-online\/#primaryimage\",\"url\":\"https:\/\/buy-prescriptionz.com\/wp-content\/uploads\/2025\/09\/Buy-Nembutal-pills-online.jpeg\",\"contentUrl\":\"https:\/\/buy-prescriptionz.com\/wp-content\/uploads\/2025\/09\/Buy-Nembutal-pills-online.jpeg\",\"width\":600,\"height\":400},{\"@type\":\"BreadcrumbList\",\"@id\":\"https:\/\/buy-prescriptionz.com\/product\/buy-nembutal-pills-online\/#breadcrumb\",\"itemListElement\":[{\"@type\":\"ListItem\",\"position\":1,\"name\":\"Home\",\"item\":\"https:\/\/buy-prescriptionz.com\/\"},{\"@type\":\"ListItem\",\"position\":2,\"name\":\"Shop Painkillers Online\",\"item\":\"https:\/\/buy-prescriptionz.com\/shop-painkillers-online\/\"},{\"@type\":\"ListItem\",\"position\":3,\"name\":\"Buy Nembutal Pills Online\"}]},{\"@type\":\"WebSite\",\"@id\":\"https:\/\/buy-prescriptionz.com\/#website\",\"url\":\"https:\/\/buy-prescriptionz.com\/\",\"name\":\"Buy Prescriptionz\",\"description\":\"Drugs Online\",\"publisher\":{\"@id\":\"https:\/\/buy-prescriptionz.com\/#organization\"},\"potentialAction\":[{\"@type\":\"SearchAction\",\"target\":{\"@type\":\"EntryPoint\",\"urlTemplate\":\"https:\/\/buy-prescriptionz.com\/?s={search_term_string}\"},\"query-input\":{\"@type\":\"PropertyValueSpecification\",\"valueRequired\":true,\"valueName\":\"search_term_string\"}}],\"inLanguage\":\"cs\"},{\"@type\":\"Organization\",\"@id\":\"https:\/\/buy-prescriptionz.com\/#organization\",\"name\":\"Buy Prescriptionz\",\"url\":\"https:\/\/buy-prescriptionz.com\/\",\"logo\":{\"@type\":\"ImageObject\",\"inLanguage\":\"cs\",\"@id\":\"https:\/\/buy-prescriptionz.com\/#\/schema\/logo\/image\/\",\"url\":\"https:\/\/buy-prescriptionz.com\/wp-content\/uploads\/2023\/09\/logo.png\",\"contentUrl\":\"https:\/\/buy-prescriptionz.com\/wp-content\/uploads\/2023\/09\/logo.png\",\"width\":350,\"height\":64,\"caption\":\"Buy Prescriptionz\"},\"image\":{\"@id\":\"https:\/\/buy-prescriptionz.com\/#\/schema\/logo\/image\/\"}}]}<\/script>\n<!-- \/ Yoast SEO plugin. -->","yoast_head_json":{"title":"Koupit Nembutal Pills online \u2013 KOUPIT NEMBUTAL PILLS ONLINE HNED TE\u010e","description":"Kupte si u n\u00e1s pilulky Nembutal online. Nab\u00edz\u00edme pilulky Nembutal za velkoobchodn\u00ed ceny a p\u0159i online objedn\u00e1vce nab\u00edz\u00edme dopravu zdarma.","robots":{"index":"index","follow":"follow","max-snippet":"max-snippet:-1","max-image-preview":"max-image-preview:large","max-video-preview":"max-video-preview:-1"},"canonical":"https:\/\/buy-prescriptionz.com\/cs\/produkt\/koupit-nembutal-pilulky-online\/","og_locale":"cs_CZ","og_type":"article","og_title":"Buy Nembutal Pills Online - BUY NEMBUTAL PILLS ONLINE NOW","og_description":"Purchase Nembutal pills online from us. We provide Nembutal pills at wholesale price, and also we offer free shipping when you order Nembutal pills online.","og_url":"https:\/\/buy-prescriptionz.com\/cs\/produkt\/koupit-nembutal-pilulky-online\/","og_site_name":"Buy Prescriptionz","article_modified_time":"2025-09-23T14:06:48+00:00","og_image":[{"width":600,"height":400,"url":"https:\/\/buy-prescriptionz.com\/wp-content\/uploads\/2025\/09\/Buy-Nembutal-pills-online.jpeg","type":"image\/jpeg"}],"twitter_card":"summary_large_image","twitter_misc":{"Odhadovan\u00e1 doba \u010dten\u00ed":"4 minuty"},"schema":{"@context":"https:\/\/schema.org","@graph":[{"@type":"WebPage","@id":"https:\/\/buy-prescriptionz.com\/product\/buy-nembutal-pills-online\/","url":"https:\/\/buy-prescriptionz.com\/product\/buy-nembutal-pills-online\/","name":"Koupit Nembutal Pills online \u2013 KOUPIT NEMBUTAL PILLS ONLINE HNED TE\u010e","isPartOf":{"@id":"https:\/\/buy-prescriptionz.com\/#website"},"primaryImageOfPage":{"@id":"https:\/\/buy-prescriptionz.com\/product\/buy-nembutal-pills-online\/#primaryimage"},"image":{"@id":"https:\/\/buy-prescriptionz.com\/product\/buy-nembutal-pills-online\/#primaryimage"},"thumbnailUrl":"https:\/\/buy-prescriptionz.com\/wp-content\/uploads\/2025\/09\/Buy-Nembutal-pills-online.jpeg","datePublished":"2025-09-16T08:55:29+00:00","dateModified":"2025-09-23T14:06:48+00:00","description":"Kupte si u n\u00e1s pilulky Nembutal online. Nab\u00edz\u00edme pilulky Nembutal za velkoobchodn\u00ed ceny a p\u0159i online objedn\u00e1vce nab\u00edz\u00edme dopravu zdarma.","breadcrumb":{"@id":"https:\/\/buy-prescriptionz.com\/product\/buy-nembutal-pills-online\/#breadcrumb"},"inLanguage":"cs","potentialAction":[{"@type":"ReadAction","target":["https:\/\/buy-prescriptionz.com\/product\/buy-nembutal-pills-online\/"]}]},{"@type":"ImageObject","inLanguage":"cs","@id":"https:\/\/buy-prescriptionz.com\/product\/buy-nembutal-pills-online\/#primaryimage","url":"https:\/\/buy-prescriptionz.com\/wp-content\/uploads\/2025\/09\/Buy-Nembutal-pills-online.jpeg","contentUrl":"https:\/\/buy-prescriptionz.com\/wp-content\/uploads\/2025\/09\/Buy-Nembutal-pills-online.jpeg","width":600,"height":400},{"@type":"BreadcrumbList","@id":"https:\/\/buy-prescriptionz.com\/product\/buy-nembutal-pills-online\/#breadcrumb","itemListElement":[{"@type":"ListItem","position":1,"name":"Home","item":"https:\/\/buy-prescriptionz.com\/"},{"@type":"ListItem","position":2,"name":"Shop Painkillers Online","item":"https:\/\/buy-prescriptionz.com\/shop-painkillers-online\/"},{"@type":"ListItem","position":3,"name":"Buy Nembutal Pills Online"}]},{"@type":"WebSite","@id":"https:\/\/buy-prescriptionz.com\/#website","url":"https:\/\/buy-prescriptionz.com\/","name":"Koupit Prescriptionz","description":"Drogy online","publisher":{"@id":"https:\/\/buy-prescriptionz.com\/#organization"},"potentialAction":[{"@type":"SearchAction","target":{"@type":"EntryPoint","urlTemplate":"https:\/\/buy-prescriptionz.com\/?s={search_term_string}"},"query-input":{"@type":"PropertyValueSpecification","valueRequired":true,"valueName":"search_term_string"}}],"inLanguage":"cs"},{"@type":"Organization","@id":"https:\/\/buy-prescriptionz.com\/#organization","name":"Koupit Prescriptionz","url":"https:\/\/buy-prescriptionz.com\/","logo":{"@type":"ImageObject","inLanguage":"cs","@id":"https:\/\/buy-prescriptionz.com\/#\/schema\/logo\/image\/","url":"https:\/\/buy-prescriptionz.com\/wp-content\/uploads\/2023\/09\/logo.png","contentUrl":"https:\/\/buy-prescriptionz.com\/wp-content\/uploads\/2023\/09\/logo.png","width":350,"height":64,"caption":"Buy Prescriptionz"},"image":{"@id":"https:\/\/buy-prescriptionz.com\/#\/schema\/logo\/image\/"}}]}},"_links":{"self":[{"href":"https:\/\/buy-prescriptionz.com\/cs\/wp-json\/wp\/v2\/product\/2943","targetHints":{"allow":["GET"]}}],"collection":[{"href":"https:\/\/buy-prescriptionz.com\/cs\/wp-json\/wp\/v2\/product"}],"about":[{"href":"https:\/\/buy-prescriptionz.com\/cs\/wp-json\/wp\/v2\/types\/product"}],"replies":[{"embeddable":true,"href":"https:\/\/buy-prescriptionz.com\/cs\/wp-json\/wp\/v2\/comments?post=2943"}],"wp:featuredmedia":[{"embeddable":true,"href":"https:\/\/buy-prescriptionz.com\/cs\/wp-json\/wp\/v2\/media\/2973"}],"wp:attachment":[{"href":"https:\/\/buy-prescriptionz.com\/cs\/wp-json\/wp\/v2\/media?parent=2943"}],"wp:term":[{"taxonomy":"product_brand","embeddable":true,"href":"https:\/\/buy-prescriptionz.com\/cs\/wp-json\/wp\/v2\/product_brand?post=2943"},{"taxonomy":"product_cat","embeddable":true,"href":"https:\/\/buy-prescriptionz.com\/cs\/wp-json\/wp\/v2\/product_cat?post=2943"},{"taxonomy":"product_tag","embeddable":true,"href":"https:\/\/buy-prescriptionz.com\/cs\/wp-json\/wp\/v2\/product_tag?post=2943"}],"curies":[{"name":"wp","href":"https:\/\/api.w.org\/{rel}","templated":true}]}}