{"id":2959,"date":"2025-09-16T08:55:30","date_gmt":"2025-09-16T08:55:30","guid":{"rendered":"https:\/\/chemsfine.com\/newsite\/?post_type=product&#038;p=2959"},"modified":"2025-09-26T11:58:39","modified_gmt":"2025-09-26T11:58:39","slug":"midazolam","status":"publish","type":"product","link":"https:\/\/buy-prescriptionz.com\/cs\/produkt\/midazolam\/","title":{"rendered":"Midazolam"},"content":{"rendered":"<h2>KOUPIT MIDAZOLAM ONLINE<\/h2>\n<p>Koupit MIDAZOLAM ONLINE Jak koupit midazolam, Midazolam je \u00fadajn\u011b kr\u00e1tkodob\u011b p\u016fsob\u00edc\u00ed l\u00e9k, kter\u00fd m\u00e1 hypnoticko-sedativn\u00ed a amnestick\u00e9 a anxiolytick\u00e9 vlastnosti. Lze jej pou\u017e\u00edt v kardiochirurgii, stomatologii a tak\u00e9 p\u0159i endoskopick\u00fdch z\u00e1kroc\u00edch, tedy jako preanestetikum. Jedn\u00e1 se tak\u00e9 o dopln\u011bk lok\u00e1ln\u00ed anestezie. Kardiorespira\u010dn\u00ed stabilita a kr\u00e1tk\u00e1 doba trv\u00e1n\u00ed anestezie se projevuj\u00ed i na ...<\/p>\n<h3>JAK\u00c1 OPAT\u0158EN\u00cd MIDAZOLAM OBSAHUJE?<\/h3>\n<p>Pokud \u010dlov\u011bk pije alkoholick\u00e9 n\u00e1poje nebo alkohol sou\u010dasn\u011b s l\u00e9kem, m\u016f\u017ee to zp\u016fsobit siln\u00e9 z\u00e1vrat\u011b a ospalost. To nen\u00ed dobr\u00e9 pro zdrav\u00ed. Mezi l\u00e9ky, u kter\u00fdch je pravd\u011bpodobn\u00e9, \u017ee budou interagovat s Midazolamem, pat\u0159\u00ed sedativa, l\u00e9ky tlum\u00edc\u00ed CNS, l\u00e9ky na span\u00ed, trankviliz\u00e9ry, svalov\u00e9 relaxancia a narkotika. Jak\u00e9koli zdravotn\u00ed probl\u00e9my, jako jsou srde\u010dn\u00ed probl\u00e9my a poruchy krv\u00e1civosti, by m\u011bly b\u00fdt informov\u00e1ny l\u00e9ka\u0159e. Jak koupit Midazolam<\/p>\n<p><strong>Ne\u017e\u00e1douc\u00ed \u00fa\u010dinky midazolamu<\/strong><\/p>\n<p>1. T\u0159esen\u00ed<br \/>\n2. Zm\u011bny n\u00e1lady<br \/>\n3. N\u00edzk\u00fd krevn\u00ed tlak<br \/>\n4. Nekontrolovan\u00e9 pohyby<br \/>\n5. Z\u00e1chvaty<br \/>\n6. M\u011blk\u00e9 d\u00fdch\u00e1n\u00ed<br \/>\n7. Siln\u00e9 z\u00e1vrat\u011b<br \/>\n8. Otok<br \/>\n9. Bronchospasmus<br \/>\n10. Pot\u00ed\u017ee s d\u00fdch\u00e1n\u00edm<\/p>\n<h3>CO KDY\u017d DOJDE K P\u0158ED\u00c1VKOV\u00c1N\u00cd MIDAZOLAMEM?<\/h3>\n<p>Pokud se p\u0159ed\u00e1vkov\u00e1n\u00ed midazolamem vynech\u00e1 pouze jednou, nen\u00ed to velk\u00fd probl\u00e9m, pokud jej m\u016f\u017eete u\u017e\u00edt hned, ale pokud je \u010das u\u017e\u00edt dal\u0161\u00ed d\u00e1vku, m\u011bli byste u\u017e\u00edt pouze jednu d\u00e1vku. P\u0159ed\u00e1vkov\u00e1n\u00ed midazolamem m\u016f\u017ee m\u00edt fat\u00e1ln\u00ed n\u00e1sledky. Mus\u00edte okam\u017eit\u011b kontaktovat pohotovost nebo zavolat zdravotn\u00edka. Nejlep\u0161\u00ed midazolam je benzodiazepin, co\u017e znamen\u00e1, \u017ee se jedn\u00e1 o l\u00e9k, kter\u00fd se pou\u017e\u00edv\u00e1 hlavn\u011b k relaxaci a uklidn\u011bn\u00ed lid\u00ed. \u010casto se pod\u00e1v\u00e1 p\u0159ed l\u00e9ka\u0159sk\u00fdmi z\u00e1kroky, aby pomohl lidem relaxovat, uklidnit se a usnout. Existuj\u00ed r\u016fzn\u00e9 druhy midazolamu, jako jsou pilulky, sirupy a tekut\u00e9 l\u00e9ky, tak\u017ee jej lze pou\u017e\u00edt k mnoha r\u016fzn\u00fdm l\u00e9ka\u0159sk\u00fdm \u00fa\u010del\u016fm.<\/p>\n<p><strong>Jak midazolam \u00fa\u010dinkuje<\/strong><br \/>\nKyselina gama-aminom\u00e1seln\u00e1 (GABA), chemick\u00e1 l\u00e1tka, kter\u00e1 zpomaluje mozkovou aktivitu, \u00fa\u010dinkuje l\u00e9pe v kombinaci s midazolamem. Tento \u00fa\u010dinek pom\u00e1h\u00e1 uklidnit nervov\u00fd syst\u00e9m, sn\u00ed\u017eit stres a zp\u016fsobit ospalost nebo sedaci. Jeho kr\u00e1tk\u00fd polo\u010das rozpadu a rychl\u00fd n\u00e1stup \u00fa\u010dinku z n\u011bj \u010din\u00ed ide\u00e1ln\u00ed l\u00e9k pro zdravotnick\u00e1 za\u0159\u00edzen\u00ed, kter\u00e1 pot\u0159ebuj\u00ed lidi rychle a bezpe\u010dn\u011b sedovat. V\u00fdhody midazolamu p\u0159ed z\u00e1krokem<\/p>\n<p>Sedace: Pacienti jsou p\u0159ed l\u00e9\u010dbou nebo l\u00e9ka\u0159sk\u00fdmi vy\u0161et\u0159en\u00edmi \u010dasto usp\u00e1v\u00e1ni midazolamem, aby se zajistilo, \u017ee z\u016fstanou klidn\u00ed a uvoln\u011bn\u00ed.<\/p>\n<p>\u00daleva od \u00fazkosti: L\u00e9k dob\u0159e funguje p\u0159i kontrole z\u00e1va\u017en\u00fdch \u00fazkostn\u00fdch epizod a rychle zm\u00edr\u0148uje p\u0159\u00edznaky siln\u00e9 \u00fazkosti.<\/p>\n<p>Kontrola z\u00e1chvat\u016f: Midazolam lze pou\u017e\u00edt k zastaven\u00ed z\u00e1chvat\u016f v nal\u00e9hav\u00fdch p\u0159\u00edpadech, co\u017e z n\u011bj \u010din\u00ed u\u017eite\u010dn\u00fd n\u00e1stroj pro lidi s epilepsi\u00ed jak v nemocnici, tak i doma.<\/p>\n<p>P\u0159esto\u017ee Midazolam \u00fa\u010dinkuje velmi dob\u0159e, m\u011bl by se u\u017e\u00edvat pouze pod dohledem l\u00e9ka\u0159e, proto\u017ee m\u016f\u017ee zp\u016fsobovat ne\u017e\u00e1douc\u00ed \u00fa\u010dinky, jako je ospalost, z\u00e1vrat\u011b a zpomalen\u00e9 d\u00fdch\u00e1n\u00ed. Dlouhodob\u00e9 u\u017e\u00edv\u00e1n\u00ed v\u00e1s m\u016f\u017ee u\u010dinit z\u00e1visl\u00fdmi, proto je velmi d\u016fle\u017eit\u00e9 dodr\u017eovat d\u00e1vku a dobu u\u017e\u00edv\u00e1n\u00ed, kterou v\u00e1m l\u00e9ka\u0159 p\u0159edep\u00ed\u0161e. Midazolam je siln\u00fd a flexibiln\u00ed l\u00e9k, kter\u00fd je velmi d\u016fle\u017eit\u00fd pro sn\u00ed\u017een\u00ed z\u00e1chvat\u016f, udr\u017een\u00ed sp\u00e1nku a zvl\u00e1d\u00e1n\u00ed nervozity. Nav\u0161tivte jednu z nejlep\u0161\u00edch l\u00e9k\u00e1ren buy-prescriptionz.com, kde se dozv\u00edte v\u00edce o Midazolamu a dal\u0161\u00edch l\u00e9c\u00edch na p\u0159edpis. Nab\u00edzej\u00ed mnoho produkt\u016f, kter\u00e9 mohou pomoci va\u0161emu zdrav\u00ed a pohod\u011b.<\/p>\n<h3>KDE SI M\u016e\u017dETE KOUPIT MIDAZOLAM ONLINE?<\/h3>\n<p>Midazolam lze koupit online na buy-prescriptionz.com, kde poskytuj\u00ed l\u00e9k za nejlep\u0161\u00ed cenu. koupit tablety midazolamu online, koupit midazolam ve Velk\u00e9 Brit\u00e1nii,<\/p>","protected":false},"excerpt":{"rendered":"<p>BUY MIDAZOLAM ONLINE How to buy Midazolam, Midazolam is said to be a short-acting drug, which has hypnotic-sedative and has amnestic and anxiolytic properties. This can be used in cardiac surgery, dentistry, and also in endoscopic procedures, which is as pre-anesthetic medication. This is also an adjunct to local anesthesia. The cardiorespiratory stability and short [&hellip;]<\/p>","protected":false},"featured_media":2980,"comment_status":"open","ping_status":"closed","template":"","meta":{"site-sidebar-layout":"default","site-content-layout":"","ast-site-content-layout":"default","site-content-style":"default","site-sidebar-style":"default","ast-global-header-display":"","ast-banner-title-visibility":"","ast-main-header-display":"","ast-hfb-above-header-display":"","ast-hfb-below-header-display":"","ast-hfb-mobile-header-display":"","site-post-title":"","ast-breadcrumbs-content":"","ast-featured-img":"","footer-sml-layout":"","theme-transparent-header-meta":"default","adv-header-id-meta":"","stick-header-meta":"","header-above-stick-meta":"","header-main-stick-meta":"","header-below-stick-meta":"","astra-migrate-meta-layouts":"set","ast-page-background-enabled":"default","ast-page-background-meta":{"desktop":{"background-color":"var(--ast-global-color-4)","background-image":"","background-repeat":"repeat","background-position":"center center","background-size":"auto","background-attachment":"scroll","background-type":"","background-media":"","overlay-type":"","overlay-color":"","overlay-opacity":"","overlay-gradient":""},"tablet":{"background-color":"","background-image":"","background-repeat":"repeat","background-position":"center center","background-size":"auto","background-attachment":"scroll","background-type":"","background-media":"","overlay-type":"","overlay-color":"","overlay-opacity":"","overlay-gradient":""},"mobile":{"background-color":"","background-image":"","background-repeat":"repeat","background-position":"center center","background-size":"auto","background-attachment":"scroll","background-type":"","background-media":"","overlay-type":"","overlay-color":"","overlay-opacity":"","overlay-gradient":""}},"ast-content-background-meta":{"desktop":{"background-color":"var(--ast-global-color-5)","background-image":"","background-repeat":"repeat","background-position":"center center","background-size":"auto","background-attachment":"scroll","background-type":"","background-media":"","overlay-type":"","overlay-color":"","overlay-opacity":"","overlay-gradient":""},"tablet":{"background-color":"var(--ast-global-color-5)","background-image":"","background-repeat":"repeat","background-position":"center center","background-size":"auto","background-attachment":"scroll","background-type":"","background-media":"","overlay-type":"","overlay-color":"","overlay-opacity":"","overlay-gradient":""},"mobile":{"background-color":"var(--ast-global-color-5)","background-image":"","background-repeat":"repeat","background-position":"center center","background-size":"auto","background-attachment":"scroll","background-type":"","background-media":"","overlay-type":"","overlay-color":"","overlay-opacity":"","overlay-gradient":""}}},"product_brand":[],"product_cat":[2381],"product_tag":[2317,2322,2321,2316,2254,2318,2319,2323,2315,2320],"class_list":{"0":"post-2959","1":"product","2":"type-product","3":"status-publish","4":"has-post-thumbnail","6":"product_cat-buy-depressants-and-anxiety-pills-online","7":"product_tag-buy-evekeo-online","8":"product_tag-buy-midazolam-ampoules-online","9":"product_tag-buy-midazolam-online","10":"product_tag-buy-midazolam-uk","11":"product_tag-buy-phenobarbital-online","12":"product_tag-buy-sodium-oxybate-online","13":"product_tag-midazolam-manufacturer","14":"product_tag-midazolam-price","15":"product_tag-midazolam-tablet-buy-online","16":"product_tag-midazolam-vial","17":"desktop-align-center","18":"tablet-align-left","19":"mobile-align-left","21":"first","22":"instock","23":"shipping-taxable","24":"purchasable","25":"product-type-variable","26":"has-default-attributes"},"yoast_head":"<!-- This site is optimized with the Yoast SEO plugin v25.9 - https:\/\/yoast.com\/wordpress\/plugins\/seo\/ -->\n<title>Buy Midazolam Online - Midazolam for Sale - Order Midazolam<\/title>\n<meta name=\"description\" content=\"Our online Buy-Prescriptionz store has the best quality midazolan for sale. If you want to buy midazolam online, then we can help you from all ends. Order today!\" \/>\n<meta name=\"robots\" content=\"index, follow, max-snippet:-1, max-image-preview:large, max-video-preview:-1\" \/>\n<link rel=\"canonical\" href=\"https:\/\/buy-prescriptionz.com\/cs\/produkt\/midazolam\/\" \/>\n<meta property=\"og:locale\" content=\"cs_CZ\" \/>\n<meta property=\"og:type\" content=\"article\" \/>\n<meta property=\"og:title\" content=\"Buy Midazolam Online - Midazolam for Sale - Order Midazolam\" \/>\n<meta property=\"og:description\" content=\"Our online Buy-Prescriptionz store has the best quality midazolan for sale. If you want to buy midazolam online, then we can help you from all ends. Order today!\" \/>\n<meta property=\"og:url\" content=\"https:\/\/buy-prescriptionz.com\/cs\/produkt\/midazolam\/\" \/>\n<meta property=\"og:site_name\" content=\"Buy Prescriptionz\" \/>\n<meta property=\"article:modified_time\" content=\"2025-09-26T11:58:39+00:00\" \/>\n<meta property=\"og:image\" content=\"https:\/\/buy-prescriptionz.com\/wp-content\/uploads\/2025\/09\/midazolam.jpg\" \/>\n\t<meta property=\"og:image:width\" content=\"400\" \/>\n\t<meta property=\"og:image:height\" content=\"300\" \/>\n\t<meta property=\"og:image:type\" content=\"image\/jpeg\" \/>\n<meta name=\"twitter:card\" content=\"summary_large_image\" \/>\n<meta name=\"twitter:label1\" content=\"Odhadovan\u00e1 doba \u010dten\u00ed\" \/>\n\t<meta name=\"twitter:data1\" content=\"3 minuty\" \/>\n<script type=\"application\/ld+json\" class=\"yoast-schema-graph\">{\"@context\":\"https:\/\/schema.org\",\"@graph\":[{\"@type\":\"WebPage\",\"@id\":\"https:\/\/buy-prescriptionz.com\/product\/midazolam\/\",\"url\":\"https:\/\/buy-prescriptionz.com\/product\/midazolam\/\",\"name\":\"Buy Midazolam Online - Midazolam for Sale - Order Midazolam\",\"isPartOf\":{\"@id\":\"https:\/\/buy-prescriptionz.com\/#website\"},\"primaryImageOfPage\":{\"@id\":\"https:\/\/buy-prescriptionz.com\/product\/midazolam\/#primaryimage\"},\"image\":{\"@id\":\"https:\/\/buy-prescriptionz.com\/product\/midazolam\/#primaryimage\"},\"thumbnailUrl\":\"https:\/\/buy-prescriptionz.com\/wp-content\/uploads\/2025\/09\/midazolam.jpg\",\"datePublished\":\"2025-09-16T08:55:30+00:00\",\"dateModified\":\"2025-09-26T11:58:39+00:00\",\"description\":\"Our online Buy-Prescriptionz store has the best quality midazolan for sale. If you want to buy midazolam online, then we can help you from all ends. Order today!\",\"breadcrumb\":{\"@id\":\"https:\/\/buy-prescriptionz.com\/product\/midazolam\/#breadcrumb\"},\"inLanguage\":\"cs\",\"potentialAction\":[{\"@type\":\"ReadAction\",\"target\":[\"https:\/\/buy-prescriptionz.com\/product\/midazolam\/\"]}]},{\"@type\":\"ImageObject\",\"inLanguage\":\"cs\",\"@id\":\"https:\/\/buy-prescriptionz.com\/product\/midazolam\/#primaryimage\",\"url\":\"https:\/\/buy-prescriptionz.com\/wp-content\/uploads\/2025\/09\/midazolam.jpg\",\"contentUrl\":\"https:\/\/buy-prescriptionz.com\/wp-content\/uploads\/2025\/09\/midazolam.jpg\",\"width\":400,\"height\":300},{\"@type\":\"BreadcrumbList\",\"@id\":\"https:\/\/buy-prescriptionz.com\/product\/midazolam\/#breadcrumb\",\"itemListElement\":[{\"@type\":\"ListItem\",\"position\":1,\"name\":\"Home\",\"item\":\"https:\/\/buy-prescriptionz.com\/\"},{\"@type\":\"ListItem\",\"position\":2,\"name\":\"Shop Painkillers Online\",\"item\":\"https:\/\/buy-prescriptionz.com\/shop-painkillers-online\/\"},{\"@type\":\"ListItem\",\"position\":3,\"name\":\"Midazolam\"}]},{\"@type\":\"WebSite\",\"@id\":\"https:\/\/buy-prescriptionz.com\/#website\",\"url\":\"https:\/\/buy-prescriptionz.com\/\",\"name\":\"Buy Prescriptionz\",\"description\":\"Drugs Online\",\"publisher\":{\"@id\":\"https:\/\/buy-prescriptionz.com\/#organization\"},\"potentialAction\":[{\"@type\":\"SearchAction\",\"target\":{\"@type\":\"EntryPoint\",\"urlTemplate\":\"https:\/\/buy-prescriptionz.com\/?s={search_term_string}\"},\"query-input\":{\"@type\":\"PropertyValueSpecification\",\"valueRequired\":true,\"valueName\":\"search_term_string\"}}],\"inLanguage\":\"cs\"},{\"@type\":\"Organization\",\"@id\":\"https:\/\/buy-prescriptionz.com\/#organization\",\"name\":\"Buy Prescriptionz\",\"url\":\"https:\/\/buy-prescriptionz.com\/\",\"logo\":{\"@type\":\"ImageObject\",\"inLanguage\":\"cs\",\"@id\":\"https:\/\/buy-prescriptionz.com\/#\/schema\/logo\/image\/\",\"url\":\"https:\/\/buy-prescriptionz.com\/wp-content\/uploads\/2023\/09\/logo.png\",\"contentUrl\":\"https:\/\/buy-prescriptionz.com\/wp-content\/uploads\/2023\/09\/logo.png\",\"width\":350,\"height\":64,\"caption\":\"Buy Prescriptionz\"},\"image\":{\"@id\":\"https:\/\/buy-prescriptionz.com\/#\/schema\/logo\/image\/\"}}]}<\/script>\n<!-- \/ Yoast SEO plugin. -->","yoast_head_json":{"title":"Koupit Midazolam online - Midazolam na prodej - Objednat Midazolam","description":"N\u00e1\u0161 online obchod Buy-Prescriptionz nab\u00edz\u00ed Flexeril t\u00e9 nejvy\u0161\u0161\u00ed kvality. Pokud si chcete koupit Flexeril online, m\u016f\u017eeme v\u00e1m pomoci se v\u0161emi aspekty. Objednejte si je\u0161t\u011b dnes!","robots":{"index":"index","follow":"follow","max-snippet":"max-snippet:-1","max-image-preview":"max-image-preview:large","max-video-preview":"max-video-preview:-1"},"canonical":"https:\/\/buy-prescriptionz.com\/cs\/produkt\/midazolam\/","og_locale":"cs_CZ","og_type":"article","og_title":"Buy Midazolam Online - Midazolam for Sale - Order Midazolam","og_description":"Our online Buy-Prescriptionz store has the best quality midazolan for sale. If you want to buy midazolam online, then we can help you from all ends. Order today!","og_url":"https:\/\/buy-prescriptionz.com\/cs\/produkt\/midazolam\/","og_site_name":"Buy Prescriptionz","article_modified_time":"2025-09-26T11:58:39+00:00","og_image":[{"width":400,"height":300,"url":"https:\/\/buy-prescriptionz.com\/wp-content\/uploads\/2025\/09\/midazolam.jpg","type":"image\/jpeg"}],"twitter_card":"summary_large_image","twitter_misc":{"Odhadovan\u00e1 doba \u010dten\u00ed":"3 minuty"},"schema":{"@context":"https:\/\/schema.org","@graph":[{"@type":"WebPage","@id":"https:\/\/buy-prescriptionz.com\/product\/midazolam\/","url":"https:\/\/buy-prescriptionz.com\/product\/midazolam\/","name":"Koupit Midazolam online - Midazolam na prodej - Objednat Midazolam","isPartOf":{"@id":"https:\/\/buy-prescriptionz.com\/#website"},"primaryImageOfPage":{"@id":"https:\/\/buy-prescriptionz.com\/product\/midazolam\/#primaryimage"},"image":{"@id":"https:\/\/buy-prescriptionz.com\/product\/midazolam\/#primaryimage"},"thumbnailUrl":"https:\/\/buy-prescriptionz.com\/wp-content\/uploads\/2025\/09\/midazolam.jpg","datePublished":"2025-09-16T08:55:30+00:00","dateModified":"2025-09-26T11:58:39+00:00","description":"N\u00e1\u0161 online obchod Buy-Prescriptionz nab\u00edz\u00ed Flexeril t\u00e9 nejvy\u0161\u0161\u00ed kvality. Pokud si chcete koupit Flexeril online, m\u016f\u017eeme v\u00e1m pomoci se v\u0161emi aspekty. Objednejte si je\u0161t\u011b dnes!","breadcrumb":{"@id":"https:\/\/buy-prescriptionz.com\/product\/midazolam\/#breadcrumb"},"inLanguage":"cs","potentialAction":[{"@type":"ReadAction","target":["https:\/\/buy-prescriptionz.com\/product\/midazolam\/"]}]},{"@type":"ImageObject","inLanguage":"cs","@id":"https:\/\/buy-prescriptionz.com\/product\/midazolam\/#primaryimage","url":"https:\/\/buy-prescriptionz.com\/wp-content\/uploads\/2025\/09\/midazolam.jpg","contentUrl":"https:\/\/buy-prescriptionz.com\/wp-content\/uploads\/2025\/09\/midazolam.jpg","width":400,"height":300},{"@type":"BreadcrumbList","@id":"https:\/\/buy-prescriptionz.com\/product\/midazolam\/#breadcrumb","itemListElement":[{"@type":"ListItem","position":1,"name":"Home","item":"https:\/\/buy-prescriptionz.com\/"},{"@type":"ListItem","position":2,"name":"Shop Painkillers Online","item":"https:\/\/buy-prescriptionz.com\/shop-painkillers-online\/"},{"@type":"ListItem","position":3,"name":"Midazolam"}]},{"@type":"WebSite","@id":"https:\/\/buy-prescriptionz.com\/#website","url":"https:\/\/buy-prescriptionz.com\/","name":"Koupit Prescriptionz","description":"Drogy online","publisher":{"@id":"https:\/\/buy-prescriptionz.com\/#organization"},"potentialAction":[{"@type":"SearchAction","target":{"@type":"EntryPoint","urlTemplate":"https:\/\/buy-prescriptionz.com\/?s={search_term_string}"},"query-input":{"@type":"PropertyValueSpecification","valueRequired":true,"valueName":"search_term_string"}}],"inLanguage":"cs"},{"@type":"Organization","@id":"https:\/\/buy-prescriptionz.com\/#organization","name":"Koupit Prescriptionz","url":"https:\/\/buy-prescriptionz.com\/","logo":{"@type":"ImageObject","inLanguage":"cs","@id":"https:\/\/buy-prescriptionz.com\/#\/schema\/logo\/image\/","url":"https:\/\/buy-prescriptionz.com\/wp-content\/uploads\/2023\/09\/logo.png","contentUrl":"https:\/\/buy-prescriptionz.com\/wp-content\/uploads\/2023\/09\/logo.png","width":350,"height":64,"caption":"Buy Prescriptionz"},"image":{"@id":"https:\/\/buy-prescriptionz.com\/#\/schema\/logo\/image\/"}}]}},"_links":{"self":[{"href":"https:\/\/buy-prescriptionz.com\/cs\/wp-json\/wp\/v2\/product\/2959","targetHints":{"allow":["GET"]}}],"collection":[{"href":"https:\/\/buy-prescriptionz.com\/cs\/wp-json\/wp\/v2\/product"}],"about":[{"href":"https:\/\/buy-prescriptionz.com\/cs\/wp-json\/wp\/v2\/types\/product"}],"replies":[{"embeddable":true,"href":"https:\/\/buy-prescriptionz.com\/cs\/wp-json\/wp\/v2\/comments?post=2959"}],"wp:featuredmedia":[{"embeddable":true,"href":"https:\/\/buy-prescriptionz.com\/cs\/wp-json\/wp\/v2\/media\/2980"}],"wp:attachment":[{"href":"https:\/\/buy-prescriptionz.com\/cs\/wp-json\/wp\/v2\/media?parent=2959"}],"wp:term":[{"taxonomy":"product_brand","embeddable":true,"href":"https:\/\/buy-prescriptionz.com\/cs\/wp-json\/wp\/v2\/product_brand?post=2959"},{"taxonomy":"product_cat","embeddable":true,"href":"https:\/\/buy-prescriptionz.com\/cs\/wp-json\/wp\/v2\/product_cat?post=2959"},{"taxonomy":"product_tag","embeddable":true,"href":"https:\/\/buy-prescriptionz.com\/cs\/wp-json\/wp\/v2\/product_tag?post=2959"}],"curies":[{"name":"wp","href":"https:\/\/api.w.org\/{rel}","templated":true}]}}