{"id":2991,"date":"2025-09-16T08:55:52","date_gmt":"2025-09-16T08:55:52","guid":{"rendered":"https:\/\/chemsfine.com\/newsite\/?post_type=product&#038;p=2991"},"modified":"2025-09-21T08:53:53","modified_gmt":"2025-09-21T08:53:53","slug":"koupit-fentanyl-naplast-online","status":"publish","type":"product","link":"https:\/\/buy-prescriptionz.com\/cs\/produkt\/koupit-fentanyl-naplast-online\/","title":{"rendered":"Koupit Fentanyl Patch online"},"content":{"rendered":"<h2>KOUPIT FENTANYLOVOU N\u00c1PLAST ONLINE<\/h2>\n<p>Koupit FENTANYLOV\u00c9 N\u00c1PLATKY online Fentanylov\u00e9 n\u00e1plasti se pou\u017e\u00edvaj\u00ed k tlumen\u00ed siln\u00e9 bolesti u lid\u00ed, u nich\u017e se p\u0159edpokl\u00e1d\u00e1, \u017ee budou pot\u0159ebovat nep\u0159etr\u017eitou l\u00e9\u010dbu bolesti po dlouhou dobu, a kte\u0159\u00ed nemohou b\u00fdt l\u00e9\u010deni jin\u00fdmi l\u00e9ky. Fentanyl pat\u0159\u00ed do skupiny l\u00e9k\u016f, kter\u00e1 se naz\u00fdv\u00e1 opi\u00e1tov\u00e1 (narkotick\u00e1) analgetika. M\u016f\u017ee p\u016fsobit ...<\/p>\n<h3>VLASTNOSTI FENTANYLOV\u00c9 N\u00c1PLASTI<\/h3>\n<p>Fentanylov\u00e9 n\u00e1plasti se dod\u00e1vaj\u00ed ve form\u011b n\u00e1plast\u00ed, kter\u00e9 se aplikuj\u00ed p\u0159\u00edmo na k\u016f\u017ei. Obvykle se aplikuj\u00ed na k\u016f\u017ei ka\u017ed\u00fdch 72 hodin. N\u00e1plast vym\u011b\u0148ujte poka\u017ed\u00e9 p\u0159ibli\u017en\u011b ve stejnou denn\u00ed dobu. Pe\u010dliv\u011b dodr\u017eujte pokyny uveden\u00e9 na \u0161t\u00edtku l\u00e9ku a po\u017e\u00e1dejte sv\u00e9ho l\u00e9ka\u0159e o vysv\u011btlen\u00ed \u010dehokoli, \u010demu nerozum\u00edte. Fentanylov\u00e9 n\u00e1plasti aplikujte p\u0159esn\u011b podle pokyn\u016f.<\/p>\n<p>Fentanylov\u00e9 n\u00e1plasti jsou lepic\u00ed n\u00e1plasti, kter\u00e9 se aplikuj\u00ed na k\u016f\u017ei a po ur\u010ditou dobu dod\u00e1vaj\u00ed kontrolovanou d\u00e1vku fentanylu. Fentanyl je siln\u00fd syntetick\u00fd opioid, kter\u00fd se pou\u017e\u00edv\u00e1 k l\u00e9\u010db\u011b st\u0159edn\u011b siln\u00e9 a\u017e siln\u00e9 bolesti. N\u00e1plasti se dod\u00e1vaj\u00ed v r\u016fzn\u00fdch sil\u00e1ch, p\u0159i\u010dem\u017e vy\u0161\u0161\u00ed d\u00e1vky jsou obvykle vyhrazeny pro pacienty, kte\u0159\u00ed si vyvinuli toleranci na jin\u00e9 l\u00e9ky proti bolesti.<\/p>\n<h3>Hvordan virker fentanylplaster?<\/h3>\n<p>Kdy\u017e se na k\u016f\u017ei aplikuje nejlep\u0161\u00ed fentanylov\u00e1 n\u00e1plast, l\u00e9k se vst\u0159eb\u00e1v\u00e1 k\u016f\u017e\u00ed do krevn\u00edho ob\u011bhu. Odtud se dost\u00e1v\u00e1 do centr\u00e1ln\u00edho nervov\u00e9ho syst\u00e9mu, kde se v\u00e1\u017ee na specifick\u00e9 receptory v mozku a m\u00ed\u0161e. Tato vazba pom\u00e1h\u00e1 blokovat sign\u00e1ly bolesti a poskytuje \u00falevu osob\u011b s n\u00e1plast\u00ed.<\/p>\n<h3>V\u00fdhody pou\u017e\u00edv\u00e1n\u00ed fentanylov\u00fdch n\u00e1plast\u00ed<\/h3>\n<h3>1. Dlouhotrvaj\u00edc\u00ed \u00faleva<\/h3>\n<p>Jednou z kl\u00ed\u010dov\u00fdch v\u00fdhod pou\u017e\u00edv\u00e1n\u00ed fentanylov\u00fdch n\u00e1plast\u00ed je, \u017ee poskytuj\u00ed dlouhodobou \u00falevu od chronick\u00e9 bolesti. Na rozd\u00edl od peror\u00e1ln\u00edch l\u00e9k\u016f, kter\u00e9 je t\u0159eba u\u017e\u00edvat n\u011bkolikr\u00e1t denn\u011b, sta\u010d\u00ed fentanylov\u00e9 n\u00e1plasti aplikovat pouze jednou za 72 hodin, co\u017e z nich \u010din\u00ed pohodlnou volbu pro osoby s nabit\u00fdm programem.<\/p>\n<h3>2. Kontrolovan\u00e9 d\u00e1vkov\u00e1n\u00ed<\/h3>\n<p>Fentanylov\u00e9 n\u00e1plasti dod\u00e1vaj\u00ed stabiln\u00ed d\u00e1vku l\u00e9ku po del\u0161\u00ed dobu, co\u017e zaji\u0161\u0165uje, \u017ee pacient dost\u00e1v\u00e1 konzistentn\u00ed \u00falevu od bolesti. Toto kontrolovan\u00e9 d\u00e1vkov\u00e1n\u00ed m\u016f\u017ee pomoci p\u0159edch\u00e1zet v\u00fdkyv\u016fm n\u00e1lad spojen\u00fdm s jin\u00fdmi formami l\u00e9k\u016f proti bolesti, co\u017e vede ke stabiln\u011bj\u0161\u00edmu zvl\u00e1d\u00e1n\u00ed symptom\u016f.<\/p>\n<h3>3. Sn\u00ed\u017een\u00e9 riziko ne\u017e\u00e1douc\u00edch \u00fa\u010dink\u016f<\/h3>\n<p>Proto\u017ee fentanylov\u00e9 n\u00e1plasti obch\u00e1zej\u00ed gastrointestin\u00e1ln\u00ed syst\u00e9m, mohou sn\u00ed\u017eit riziko b\u011b\u017en\u00fdch ne\u017e\u00e1douc\u00edch \u00fa\u010dink\u016f, jako je nevolnost a \u017ealude\u010dn\u00ed nevolnost. To m\u016f\u017ee b\u00fdt obzvl\u00e1\u0161t\u011b prosp\u011b\u0161n\u00e9 pro pacienty s citliv\u00fdm \u017ealudkem nebo pro ty, kte\u0159\u00ed netoleruj\u00ed tradi\u010dn\u00ed l\u00e9ky proti bolesti v \u00fastech.<\/p>\n<h3>4. Zlep\u0161en\u00ed kvality \u017eivota<\/h3>\n<p>D\u00edky \u00fa\u010dinn\u00e9 \u00falev\u011b od bolesti mohou fentanylov\u00e9 n\u00e1plasti pomoci jednotlivc\u016fm znovu z\u00edskat kvalitu \u017eivota a \u00fa\u010dastnit se ka\u017edodenn\u00edch \u010dinnost\u00ed, kter\u00e9 mohly b\u00fdt omezeny chronickou bolest\u00ed. Tato vylep\u0161en\u00e1 funk\u010dnost m\u016f\u017ee v\u00e9st k lep\u0161\u00edmu du\u0161evn\u00edmu zdrav\u00ed a celkov\u00e9 pohod\u011b.<\/p>\n<h2>Pou\u017eit\u00ed a bezpe\u010dnostn\u00ed opat\u0159en\u00ed<\/h2>\n<p>P\u0159i pou\u017e\u00edv\u00e1n\u00ed n\u00e1plast\u00ed s fentanylem je d\u016fle\u017eit\u00e9 pe\u010dliv\u011b dodr\u017eovat pokyny sv\u00e9ho l\u00e9ka\u0159e. N\u00e1plasti by se m\u011bly aplikovat na \u010distou a suchou k\u016f\u017ei a st\u0159\u00eddat je na r\u016fzn\u00fdch m\u00edstech t\u011bla, aby se zabr\u00e1nilo podr\u00e1\u017ed\u011bn\u00ed k\u016f\u017ee. Je nezbytn\u00e9 vyhnout se vystaven\u00ed n\u00e1plasti zdroj\u016fm tepla, jako jsou vyh\u0159\u00edvac\u00ed podlo\u017eky nebo v\u00ed\u0159ivky, proto\u017ee to m\u016f\u017ee zv\u00fd\u0161it rychlost vst\u0159eb\u00e1v\u00e1n\u00ed l\u00e9k\u016f a v\u00e9st k p\u0159ed\u00e1vkov\u00e1n\u00ed.<br \/>\nJe tak\u00e9 d\u016fle\u017eit\u00e9 bezpe\u010dn\u011b uchov\u00e1vat n\u00e1plasti Fentanyl mimo dosah d\u011bt\u00ed a dom\u00e1c\u00edch zv\u00ed\u0159at, proto\u017ee n\u00e1hodn\u00e9 po\u017eit\u00ed m\u016f\u017ee b\u00fdt smrteln\u00e9. Pokud se u v\u00e1s objev\u00ed p\u0159\u00edznaky p\u0159ed\u00e1vkov\u00e1n\u00ed, jako jsou pot\u00ed\u017ee s d\u00fdch\u00e1n\u00edm nebo extr\u00e9mn\u00ed ospalost, okam\u017eit\u011b vyhledejte l\u00e9ka\u0159skou pomoc.<\/p>\n<p>Fentanylov\u00e9 n\u00e1plasti nab\u00edzej\u00ed cennou mo\u017enost l\u00e9\u010dby pro osoby pot\u00fdkaj\u00edc\u00ed se s chronickou bolest\u00ed. D\u00edky dlouhodob\u00e9 \u00falev\u011b, kontrolovan\u00e9mu d\u00e1vkov\u00e1n\u00ed a zlep\u0161en\u00ed kvality \u017eivota mohou tyto n\u00e1plasti v\u00fdznamn\u011b ovlivnit \u017eivoty t\u011bch, kte\u0159\u00ed se pot\u00fdkaj\u00ed s p\u0159etrv\u00e1vaj\u00edc\u00edmi probl\u00e9my s bolest\u00ed. Pokud se domn\u00edv\u00e1te, \u017ee by pro v\u00e1s fentanylov\u00e9 n\u00e1plasti mohly b\u00fdt vhodnou volbou, pora\u010fte se se sv\u00fdm l\u00e9ka\u0159em nebo zdravotnick\u00fdm pracovn\u00edkem o mo\u017en\u00fdch p\u0159\u00ednosech a rizic\u00edch spojen\u00fdch s touto formou l\u00e9\u010dby bolesti.<br \/>\nPro v\u00edce informac\u00ed o n\u00e1kupu fentanylov\u00fdch n\u00e1plast\u00ed a dal\u0161\u00edch l\u00e9k\u016f na p\u0159edpis online nav\u0161tivte nejlep\u0161\u00ed l\u00e9k\u00e1rnu\u00a0<a href=\"https:\/\/buy-prescriptionz.com\/cs\/\">buy-prescriptionz.com<\/a>\u00a0today!<\/p>\n<h3>BEZPE\u010cNOSTN\u00cd OPAT\u0158EN\u00cd PRO FENTANYLOVOU N\u00c1PLASTI Koupit Fentanylovou n\u00e1plast online<\/h3>\n<p>Kupte si fentanylov\u00e9 n\u00e1plasti online, fentanylov\u00e9 n\u00e1plasti jsou ur\u010deny pouze k pou\u017eit\u00ed na k\u016f\u017ei. Nevkl\u00e1dejte n\u00e1plasti do \u00fast, ne\u017ev\u00fdkejte je ani nepolykejte.<br \/>\nInformujte sv\u00e9ho l\u00e9ka\u0159e a l\u00e9k\u00e1rn\u00edka, pokud jste alergi\u010dt\u00ed na fentanyl, jak\u00e9koli jin\u00e9 l\u00e9ky nebo na kteroukoli slo\u017eku fentanylov\u00fdch n\u00e1plast\u00ed. Seznam slo\u017eek se pora\u010fte se sv\u00fdm l\u00e9ka\u0159em nebo l\u00e9k\u00e1rn\u00edkem nebo si p\u0159e\u010dt\u011bte p\u0159\u00edbalov\u00fd let\u00e1k.<\/p>\n<h3>N\u00c1SLEDUJ\u00cd NE\u017d\u00c1DOUC\u00cd \u00da\u010cINKY FENTANYLOV\u00c9 N\u00c1PLASTI<\/h3>\n<p>Mohou se objevit nevolnost, zvracen\u00ed, to\u010den\u00ed hlavy, z\u00e1cpa, z\u00e1vrat\u011b, ospalost nebo bolest hlavy. M\u016f\u017ee se tak\u00e9 objevit sv\u011bd\u011bn\u00ed, m\u00edrn\u00e9 podr\u00e1\u017ed\u011bn\u00ed nebo zarudnut\u00ed v m\u00edst\u011b aplikace. N\u011bkter\u00e9 z t\u011bchto ne\u017e\u00e1douc\u00edch \u00fa\u010dink\u016f se mohou po del\u0161\u00ed dob\u011b u\u017e\u00edv\u00e1n\u00ed tohoto l\u00e9ku zm\u00edrnit. Pokud n\u011bkter\u00fd z t\u011bchto \u00fa\u010dink\u016f p\u0159etrv\u00e1v\u00e1 nebo se zhor\u0161uje, ihned o tom informujte sv\u00e9ho l\u00e9ka\u0159e nebo l\u00e9k\u00e1rn\u00edka.<\/p>\n<h3>ZME\u0160KAN\u00c1 D\u00c1VKA<\/h3>\n<p>Pokud zapomenete u\u017e\u00edt n\u00e1plast s fentanylem, nalepte si ji, jakmile si na to vzpomenete. P\u0159ed nalepen\u00edm nov\u00e9 n\u00e1plasti nezapome\u0148te pou\u017eitou n\u00e1plast odstranit. Novou n\u00e1plast noste po dobu p\u0159edepsanou l\u00e9ka\u0159em a pot\u00e9 ji vym\u011b\u0148te. Nepou\u017e\u00edvejte dv\u011b n\u00e1plasti najednou, pokud v\u00e1m to l\u00e9ka\u0159 nedoporu\u010d\u00ed.<\/p>\n<h3>P\u0158ED\u00c1VKOV\u00c1N\u00cd FENTANYLOV\u00c9 N\u00c1PLASTI<\/h3>\n<p>Overdosis for\u00e5rsager undertiden respirationsdepression, koma, slaphed i skeletmuskulaturen, kold og klam hud, forsn\u00e6vrede pupiller og undertiden bradykardi, hypotension og d\u00f8d. Selv ved forv\u00e6rring er fortsat medicinsk overv\u00e5gning n\u00f8dvendig p\u00e5 grund af muligheden for forl\u00e6ngede bivirkninger. D\u00f8dsfald som f\u00f8lge af overdosis er blevet rapporteret i forbindelse med misbrug og forkert brug af DURAGESIC.<\/p>\n<h3>SKLADOV\u00c1N\u00cd FENTANYLOV\u00c9 N\u00c1PLASTI<\/h3>\n<p>FDA doporu\u010duje zlikvidovat pou\u017eit\u00e9 n\u00e1plasti tak, \u017ee je p\u0159elo\u017e\u00edte nap\u016fl lepiv\u00fdmi stranami k sob\u011b a pot\u00e9 je vyhod\u00edte do toalety. Nem\u011bly by b\u00fdt vhazov\u00e1ny do domovn\u00edho odpadu, kde je mohou naj\u00edt va\u0161e d\u011bti nebo dom\u00e1c\u00ed mazl\u00ed\u010dci.<\/p>\n<h3>KDE KOUPIT FENTANYLOV\u00c9 N\u00c1PLASTI ONLINE?<\/h3>\n<p>Je nezbytn\u00e9 uchov\u00e1vat si seznam l\u00e9k\u016f na p\u0159edpis, kter\u00e9 u\u017e\u00edv\u00e1te, a tak\u00e9 v\u0161ech dal\u0161\u00edch produkt\u016f, jako jsou vitam\u00edny, miner\u00e1ly nebo jin\u00e9 dopl\u0148ky stravy. Seznam byste si m\u011bli vz\u00edt s sebou poka\u017ed\u00e9, kdy\u017e nav\u0161t\u00edv\u00edte sv\u00e9ho l\u00e9ka\u0159e nebo jste p\u0159ijati do nemocnice. D\u016fle\u017eit\u00e9 jsou tak\u00e9 l\u00e9ka\u0159sk\u00e9 informace, kter\u00e9 si s sebou vezmete pro p\u0159\u00edpad nouze. Kupte si n\u00e1plast Fentanyl Patch od buyprescriptionz a\u017e k va\u0161im dve\u0159\u00edm za nejlep\u0161\u00ed cenu.<\/p>","protected":false},"excerpt":{"rendered":"<p>BUY FENTANYL PATCH ONLINE Buy Fentanyl Patch Online\u00a0Fentanyl patches are used to relieve severe pain in people who are expected to need pain medication around the clock for a long time and who cannot be treated with other medications. Fentanyl is in a class of medications which is called opiate (narcotic) analgesics. It can works [&hellip;]<\/p>","protected":false},"featured_media":3021,"comment_status":"open","ping_status":"closed","template":"","meta":{"site-sidebar-layout":"default","site-content-layout":"","ast-site-content-layout":"default","site-content-style":"default","site-sidebar-style":"default","ast-global-header-display":"","ast-banner-title-visibility":"","ast-main-header-display":"","ast-hfb-above-header-display":"","ast-hfb-below-header-display":"","ast-hfb-mobile-header-display":"","site-post-title":"","ast-breadcrumbs-content":"","ast-featured-img":"","footer-sml-layout":"","theme-transparent-header-meta":"default","adv-header-id-meta":"","stick-header-meta":"","header-above-stick-meta":"","header-main-stick-meta":"","header-below-stick-meta":"","astra-migrate-meta-layouts":"set","ast-page-background-enabled":"default","ast-page-background-meta":{"desktop":{"background-color":"var(--ast-global-color-4)","background-image":"","background-repeat":"repeat","background-position":"center center","background-size":"auto","background-attachment":"scroll","background-type":"","background-media":"","overlay-type":"","overlay-color":"","overlay-opacity":"","overlay-gradient":""},"tablet":{"background-color":"","background-image":"","background-repeat":"repeat","background-position":"center center","background-size":"auto","background-attachment":"scroll","background-type":"","background-media":"","overlay-type":"","overlay-color":"","overlay-opacity":"","overlay-gradient":""},"mobile":{"background-color":"","background-image":"","background-repeat":"repeat","background-position":"center center","background-size":"auto","background-attachment":"scroll","background-type":"","background-media":"","overlay-type":"","overlay-color":"","overlay-opacity":"","overlay-gradient":""}},"ast-content-background-meta":{"desktop":{"background-color":"var(--ast-global-color-5)","background-image":"","background-repeat":"repeat","background-position":"center center","background-size":"auto","background-attachment":"scroll","background-type":"","background-media":"","overlay-type":"","overlay-color":"","overlay-opacity":"","overlay-gradient":""},"tablet":{"background-color":"var(--ast-global-color-5)","background-image":"","background-repeat":"repeat","background-position":"center center","background-size":"auto","background-attachment":"scroll","background-type":"","background-media":"","overlay-type":"","overlay-color":"","overlay-opacity":"","overlay-gradient":""},"mobile":{"background-color":"var(--ast-global-color-5)","background-image":"","background-repeat":"repeat","background-position":"center center","background-size":"auto","background-attachment":"scroll","background-type":"","background-media":"","overlay-type":"","overlay-color":"","overlay-opacity":"","overlay-gradient":""}}},"product_brand":[],"product_cat":[2382],"product_tag":[1557,1558,1556,1551,1554,1553,1552,1555,1550,2187,2185,2186,2188,1549,2189,1560,1559,2182,2183,2184],"class_list":{"0":"post-2991","1":"product","2":"type-product","3":"status-publish","4":"has-post-thumbnail","6":"product_cat-buy-opioids-online","7":"product_tag-buy-fentanyl-patch-in-canada","8":"product_tag-buy-fentanyl-patch-in-uk","9":"product_tag-buy-fentanyl-patch-in-usa","10":"product_tag-buy-fentanyl-patch-with-bitcoin","11":"product_tag-buy-fentanyl-patch-with-credit-card","12":"product_tag-buy-fentanyl-patch-with-money-gram","13":"product_tag-buy-fentanyl-patch-with-western-union","14":"product_tag-buy-fentanyl-patch-without-a-doctor","15":"product_tag-buy-fentanyl-patch-without-prescription","16":"product_tag-fentanyl-buy-uk","17":"product_tag-fentanyl-patch-dosage","18":"product_tag-fentanyl-patch-dose-sizes","19":"product_tag-fentanyl-patch-for-back-pain","20":"product_tag-fentanyl-patch-for-sale","21":"product_tag-fentanyl-patch-onset","22":"product_tag-fentanyl-patch-pills","23":"product_tag-fentanyl-patch-tablets","24":"product_tag-fentanyl-patch-uk","25":"product_tag-fentanyl-patches-to-buy-uk","26":"product_tag-fentanyl-transdermal-patch","27":"desktop-align-center","28":"tablet-align-left","29":"mobile-align-left","31":"first","32":"instock","33":"shipping-taxable","34":"purchasable","35":"product-type-variable"},"yoast_head":"<!-- This site is optimized with the Yoast SEO plugin v25.9 - https:\/\/yoast.com\/wordpress\/plugins\/seo\/ -->\n<title>Buy Fentanyl Patch Online - Fentanyl for Sale | Fentanyl Store<\/title>\n<meta name=\"description\" content=\"Buy Fentanyl Patch Online,Fentanyl Powder is fentanyl supplier specializing in patches, powder, pills, lozenges and injection solutions.\" \/>\n<meta name=\"robots\" content=\"index, follow, max-snippet:-1, max-image-preview:large, max-video-preview:-1\" \/>\n<link rel=\"canonical\" href=\"https:\/\/buy-prescriptionz.com\/cs\/produkt\/koupit-fentanyl-naplast-online\/\" \/>\n<meta property=\"og:locale\" content=\"cs_CZ\" \/>\n<meta property=\"og:type\" content=\"article\" \/>\n<meta property=\"og:title\" content=\"Buy Fentanyl Patch Online - Fentanyl for Sale | Fentanyl Store\" \/>\n<meta property=\"og:description\" content=\"Buy Fentanyl Patch Online,Fentanyl Powder is fentanyl supplier specializing in patches, powder, pills, lozenges and injection solutions.\" \/>\n<meta property=\"og:url\" content=\"https:\/\/buy-prescriptionz.com\/cs\/produkt\/koupit-fentanyl-naplast-online\/\" \/>\n<meta property=\"og:site_name\" content=\"Buy Prescriptionz\" \/>\n<meta property=\"article:modified_time\" content=\"2025-09-21T08:53:53+00:00\" \/>\n<meta property=\"og:image\" content=\"https:\/\/buy-prescriptionz.com\/wp-content\/uploads\/2025\/09\/fentanyl-patch.jpg\" \/>\n\t<meta property=\"og:image:width\" content=\"400\" \/>\n\t<meta property=\"og:image:height\" content=\"300\" \/>\n\t<meta property=\"og:image:type\" content=\"image\/jpeg\" \/>\n<meta name=\"twitter:card\" content=\"summary_large_image\" \/>\n<meta name=\"twitter:label1\" content=\"Odhadovan\u00e1 doba \u010dten\u00ed\" \/>\n\t<meta name=\"twitter:data1\" content=\"5 minut\" \/>\n<script type=\"application\/ld+json\" class=\"yoast-schema-graph\">{\"@context\":\"https:\/\/schema.org\",\"@graph\":[{\"@type\":\"WebPage\",\"@id\":\"https:\/\/buy-prescriptionz.com\/product\/buy-fentanyl-patch-online\/\",\"url\":\"https:\/\/buy-prescriptionz.com\/product\/buy-fentanyl-patch-online\/\",\"name\":\"Buy Fentanyl Patch Online - Fentanyl for Sale | Fentanyl Store\",\"isPartOf\":{\"@id\":\"https:\/\/buy-prescriptionz.com\/#website\"},\"primaryImageOfPage\":{\"@id\":\"https:\/\/buy-prescriptionz.com\/product\/buy-fentanyl-patch-online\/#primaryimage\"},\"image\":{\"@id\":\"https:\/\/buy-prescriptionz.com\/product\/buy-fentanyl-patch-online\/#primaryimage\"},\"thumbnailUrl\":\"https:\/\/buy-prescriptionz.com\/wp-content\/uploads\/2025\/09\/fentanyl-patch.jpg\",\"datePublished\":\"2025-09-16T08:55:52+00:00\",\"dateModified\":\"2025-09-21T08:53:53+00:00\",\"description\":\"Buy Fentanyl Patch Online,Fentanyl Powder is fentanyl supplier specializing in patches, powder, pills, lozenges and injection solutions.\",\"breadcrumb\":{\"@id\":\"https:\/\/buy-prescriptionz.com\/product\/buy-fentanyl-patch-online\/#breadcrumb\"},\"inLanguage\":\"cs\",\"potentialAction\":[{\"@type\":\"ReadAction\",\"target\":[\"https:\/\/buy-prescriptionz.com\/product\/buy-fentanyl-patch-online\/\"]}]},{\"@type\":\"ImageObject\",\"inLanguage\":\"cs\",\"@id\":\"https:\/\/buy-prescriptionz.com\/product\/buy-fentanyl-patch-online\/#primaryimage\",\"url\":\"https:\/\/buy-prescriptionz.com\/wp-content\/uploads\/2025\/09\/fentanyl-patch.jpg\",\"contentUrl\":\"https:\/\/buy-prescriptionz.com\/wp-content\/uploads\/2025\/09\/fentanyl-patch.jpg\",\"width\":400,\"height\":300},{\"@type\":\"BreadcrumbList\",\"@id\":\"https:\/\/buy-prescriptionz.com\/product\/buy-fentanyl-patch-online\/#breadcrumb\",\"itemListElement\":[{\"@type\":\"ListItem\",\"position\":1,\"name\":\"Home\",\"item\":\"https:\/\/buy-prescriptionz.com\/\"},{\"@type\":\"ListItem\",\"position\":2,\"name\":\"Shop Painkillers Online\",\"item\":\"https:\/\/buy-prescriptionz.com\/shop-painkillers-online\/\"},{\"@type\":\"ListItem\",\"position\":3,\"name\":\"Buy Fentanyl Patch Online\"}]},{\"@type\":\"WebSite\",\"@id\":\"https:\/\/buy-prescriptionz.com\/#website\",\"url\":\"https:\/\/buy-prescriptionz.com\/\",\"name\":\"Buy Prescriptionz\",\"description\":\"Drugs Online\",\"publisher\":{\"@id\":\"https:\/\/buy-prescriptionz.com\/#organization\"},\"potentialAction\":[{\"@type\":\"SearchAction\",\"target\":{\"@type\":\"EntryPoint\",\"urlTemplate\":\"https:\/\/buy-prescriptionz.com\/?s={search_term_string}\"},\"query-input\":{\"@type\":\"PropertyValueSpecification\",\"valueRequired\":true,\"valueName\":\"search_term_string\"}}],\"inLanguage\":\"cs\"},{\"@type\":\"Organization\",\"@id\":\"https:\/\/buy-prescriptionz.com\/#organization\",\"name\":\"Buy Prescriptionz\",\"url\":\"https:\/\/buy-prescriptionz.com\/\",\"logo\":{\"@type\":\"ImageObject\",\"inLanguage\":\"cs\",\"@id\":\"https:\/\/buy-prescriptionz.com\/#\/schema\/logo\/image\/\",\"url\":\"https:\/\/buy-prescriptionz.com\/wp-content\/uploads\/2023\/09\/logo.png\",\"contentUrl\":\"https:\/\/buy-prescriptionz.com\/wp-content\/uploads\/2023\/09\/logo.png\",\"width\":350,\"height\":64,\"caption\":\"Buy Prescriptionz\"},\"image\":{\"@id\":\"https:\/\/buy-prescriptionz.com\/#\/schema\/logo\/image\/\"}}]}<\/script>\n<!-- \/ Yoast SEO plugin. -->","yoast_head_json":{"title":"Koupit fentanylovou n\u00e1plast online - Fentanyl na prodej | Obchod s fentanylem","description":"Kupte si fentanylovou n\u00e1plast online, Fentanyl Powder je dodavatel fentanylu specializuj\u00edc\u00ed se na n\u00e1plasti, pr\u00e1\u0161ek, pilulky, pastilky a injek\u010dn\u00ed roztoky.","robots":{"index":"index","follow":"follow","max-snippet":"max-snippet:-1","max-image-preview":"max-image-preview:large","max-video-preview":"max-video-preview:-1"},"canonical":"https:\/\/buy-prescriptionz.com\/cs\/produkt\/koupit-fentanyl-naplast-online\/","og_locale":"cs_CZ","og_type":"article","og_title":"Buy Fentanyl Patch Online - Fentanyl for Sale | Fentanyl Store","og_description":"Buy Fentanyl Patch Online,Fentanyl Powder is fentanyl supplier specializing in patches, powder, pills, lozenges and injection solutions.","og_url":"https:\/\/buy-prescriptionz.com\/cs\/produkt\/koupit-fentanyl-naplast-online\/","og_site_name":"Buy Prescriptionz","article_modified_time":"2025-09-21T08:53:53+00:00","og_image":[{"width":400,"height":300,"url":"https:\/\/buy-prescriptionz.com\/wp-content\/uploads\/2025\/09\/fentanyl-patch.jpg","type":"image\/jpeg"}],"twitter_card":"summary_large_image","twitter_misc":{"Odhadovan\u00e1 doba \u010dten\u00ed":"5 minut"},"schema":{"@context":"https:\/\/schema.org","@graph":[{"@type":"WebPage","@id":"https:\/\/buy-prescriptionz.com\/product\/buy-fentanyl-patch-online\/","url":"https:\/\/buy-prescriptionz.com\/product\/buy-fentanyl-patch-online\/","name":"Koupit fentanylovou n\u00e1plast online - Fentanyl na prodej | Obchod s fentanylem","isPartOf":{"@id":"https:\/\/buy-prescriptionz.com\/#website"},"primaryImageOfPage":{"@id":"https:\/\/buy-prescriptionz.com\/product\/buy-fentanyl-patch-online\/#primaryimage"},"image":{"@id":"https:\/\/buy-prescriptionz.com\/product\/buy-fentanyl-patch-online\/#primaryimage"},"thumbnailUrl":"https:\/\/buy-prescriptionz.com\/wp-content\/uploads\/2025\/09\/fentanyl-patch.jpg","datePublished":"2025-09-16T08:55:52+00:00","dateModified":"2025-09-21T08:53:53+00:00","description":"Kupte si fentanylovou n\u00e1plast online, Fentanyl Powder je dodavatel fentanylu specializuj\u00edc\u00ed se na n\u00e1plasti, pr\u00e1\u0161ek, pilulky, pastilky a injek\u010dn\u00ed roztoky.","breadcrumb":{"@id":"https:\/\/buy-prescriptionz.com\/product\/buy-fentanyl-patch-online\/#breadcrumb"},"inLanguage":"cs","potentialAction":[{"@type":"ReadAction","target":["https:\/\/buy-prescriptionz.com\/product\/buy-fentanyl-patch-online\/"]}]},{"@type":"ImageObject","inLanguage":"cs","@id":"https:\/\/buy-prescriptionz.com\/product\/buy-fentanyl-patch-online\/#primaryimage","url":"https:\/\/buy-prescriptionz.com\/wp-content\/uploads\/2025\/09\/fentanyl-patch.jpg","contentUrl":"https:\/\/buy-prescriptionz.com\/wp-content\/uploads\/2025\/09\/fentanyl-patch.jpg","width":400,"height":300},{"@type":"BreadcrumbList","@id":"https:\/\/buy-prescriptionz.com\/product\/buy-fentanyl-patch-online\/#breadcrumb","itemListElement":[{"@type":"ListItem","position":1,"name":"Home","item":"https:\/\/buy-prescriptionz.com\/"},{"@type":"ListItem","position":2,"name":"Shop Painkillers Online","item":"https:\/\/buy-prescriptionz.com\/shop-painkillers-online\/"},{"@type":"ListItem","position":3,"name":"Buy Fentanyl Patch Online"}]},{"@type":"WebSite","@id":"https:\/\/buy-prescriptionz.com\/#website","url":"https:\/\/buy-prescriptionz.com\/","name":"Koupit Prescriptionz","description":"Drogy online","publisher":{"@id":"https:\/\/buy-prescriptionz.com\/#organization"},"potentialAction":[{"@type":"SearchAction","target":{"@type":"EntryPoint","urlTemplate":"https:\/\/buy-prescriptionz.com\/?s={search_term_string}"},"query-input":{"@type":"PropertyValueSpecification","valueRequired":true,"valueName":"search_term_string"}}],"inLanguage":"cs"},{"@type":"Organization","@id":"https:\/\/buy-prescriptionz.com\/#organization","name":"Koupit Prescriptionz","url":"https:\/\/buy-prescriptionz.com\/","logo":{"@type":"ImageObject","inLanguage":"cs","@id":"https:\/\/buy-prescriptionz.com\/#\/schema\/logo\/image\/","url":"https:\/\/buy-prescriptionz.com\/wp-content\/uploads\/2023\/09\/logo.png","contentUrl":"https:\/\/buy-prescriptionz.com\/wp-content\/uploads\/2023\/09\/logo.png","width":350,"height":64,"caption":"Buy Prescriptionz"},"image":{"@id":"https:\/\/buy-prescriptionz.com\/#\/schema\/logo\/image\/"}}]}},"_links":{"self":[{"href":"https:\/\/buy-prescriptionz.com\/cs\/wp-json\/wp\/v2\/product\/2991","targetHints":{"allow":["GET"]}}],"collection":[{"href":"https:\/\/buy-prescriptionz.com\/cs\/wp-json\/wp\/v2\/product"}],"about":[{"href":"https:\/\/buy-prescriptionz.com\/cs\/wp-json\/wp\/v2\/types\/product"}],"replies":[{"embeddable":true,"href":"https:\/\/buy-prescriptionz.com\/cs\/wp-json\/wp\/v2\/comments?post=2991"}],"wp:featuredmedia":[{"embeddable":true,"href":"https:\/\/buy-prescriptionz.com\/cs\/wp-json\/wp\/v2\/media\/3021"}],"wp:attachment":[{"href":"https:\/\/buy-prescriptionz.com\/cs\/wp-json\/wp\/v2\/media?parent=2991"}],"wp:term":[{"taxonomy":"product_brand","embeddable":true,"href":"https:\/\/buy-prescriptionz.com\/cs\/wp-json\/wp\/v2\/product_brand?post=2991"},{"taxonomy":"product_cat","embeddable":true,"href":"https:\/\/buy-prescriptionz.com\/cs\/wp-json\/wp\/v2\/product_cat?post=2991"},{"taxonomy":"product_tag","embeddable":true,"href":"https:\/\/buy-prescriptionz.com\/cs\/wp-json\/wp\/v2\/product_tag?post=2991"}],"curies":[{"name":"wp","href":"https:\/\/api.w.org\/{rel}","templated":true}]}}