{"id":2992,"date":"2025-09-16T08:55:52","date_gmt":"2025-09-16T08:55:52","guid":{"rendered":"https:\/\/chemsfine.com\/newsite\/?post_type=product&#038;p=2992"},"modified":"2025-09-30T12:37:28","modified_gmt":"2025-09-30T12:37:28","slug":"koupit-suboxone-online","status":"publish","type":"product","link":"https:\/\/buy-prescriptionz.com\/cs\/produkt\/koupit-suboxone-online\/","title":{"rendered":"Koupit Suboxone online"},"content":{"rendered":"<h2>Koupit Suboxone online<\/h2>\n<p>Buprenorfin\/naloxon, prod\u00e1van\u00fd pod obchodn\u00edm n\u00e1zvem Suboxone, je l\u00e9k, kter\u00fd je sm\u011bs\u00ed buprenorfinu a naloxonu. Suboxone k prodeji je ur\u010den k l\u00e9\u010db\u011b drogov\u00e9 z\u00e1vislosti. Zm\u00edr\u0148uje abstinen\u010dn\u00ed p\u0159\u00edznaky po dobu p\u0159ibli\u017en\u011b 24 hodin. Suboxone lze koupit k pou\u017eit\u00ed ve dvou r\u016fzn\u00fdch form\u00e1ch, pod jazyk nebo do tv\u00e1\u0159e.<\/p>\n<h3>Jak koupit Suboxone online na buy-prescriptionz.com<\/h3>\n<p>P\u0159\u00edznaky u\u017e\u00edv\u00e1n\u00ed Suboxone online mohou zahrnovat d\u00fdchac\u00ed pot\u00ed\u017ee, \u00fanavu a n\u00edzk\u00fd krevn\u00ed tlak. Slou\u010denina naloxon je narkotikum, kter\u00e9 konkuruje a br\u00e1n\u00ed \u00fa\u010dinku jin\u00fdch narkotik, v\u010detn\u011b buprenorfinu. Naloxon se zadr\u017euje p\u0159i peror\u00e1ln\u00edm u\u017eit\u00ed a p\u0159id\u00e1v\u00e1 se ke sn\u00ed\u017een\u00ed probl\u00e9m\u016f, kter\u00e9 jednotlivci mohou zp\u016fsobit zneu\u017e\u00edv\u00e1n\u00ed drogy injek\u010dn\u011b. Buprenorfin\/naloxon je ur\u010den k l\u00e9\u010db\u011b narkotick\u00fdch poruch. Dlouhodob\u00e9 v\u00fdsledky jsou obvykle lep\u0161\u00ed p\u0159i u\u017e\u00edv\u00e1n\u00ed buprenorfinu\/naloxonu ne\u017e p\u0159i celkov\u00e9m u\u017e\u00edv\u00e1n\u00ed narkotik. Mysl\u00edte si, kde koupit Suboxone online? Kombinace t\u011bchto dvou l\u00e9k\u016f je up\u0159ednost\u0148ov\u00e1na p\u0159ed samotn\u00fdm buprenorfinem pro podp\u016frnou l\u00e9\u010dbu kv\u016fli obsahu naloxonu, kter\u00fd pom\u00e1h\u00e1 fungovat jako \u00faleva od zneu\u017e\u00edv\u00e1n\u00ed, zejm\u00e9na p\u0159i intraven\u00f3zn\u00edm pod\u00e1n\u00ed.<\/p>\n<h3>Kupte si Suboxone za n\u00edzkou cenu 8 mg, 4 mg nebo 2 mg<\/h3>\n<p>Kupte si Suboxone v diskr\u00e9tn\u00edm balen\u00ed pro l\u00e9\u010dbu z\u00e1vislosti na omamn\u00fdch l\u00e1tk\u00e1ch a pln\u00ed se jako l\u00e9k prvn\u00ed volby na p\u0159edpis dle americk\u00e9ho N\u00e1rodn\u00edho institutu pro zneu\u017e\u00edv\u00e1n\u00ed drog s rychlou a bezpe\u010dnou p\u0159epravn\u00ed slu\u017ebou na buy-prescriptionz.com. Tento l\u00e9k je \u00fa\u010dinnou udr\u017eovac\u00ed l\u00e9\u010dbou drogov\u00e9 z\u00e1vislosti a m\u00e1 obecn\u011b srovnatelnou \u00fa\u010dinnost s methadonem, kter\u00fd je \u00fa\u010dinn\u011bj\u0161\u00ed ne\u017e jin\u00e1 l\u00e9\u010dba zalo\u017een\u00e1 na l\u00e1tk\u00e1ch.<\/p>\n<h3>Koupit Suboxone bez l\u00e9ka\u0159sk\u00e9ho p\u0159edpisu: L\u00e9ka\u0159sk\u00e9 pou\u017eit\u00ed<\/h3>\n<p>Kupte si Suboxone bez l\u00e9ka\u0159e, proto\u017ee to n\u00e1sledn\u011b s sebou nese v\u00edce rizik v t\u00e9to bezmocn\u00e9 drogov\u00e9 z\u00e1vislosti. Objednejte si Suboxone online pro soci\u00e1ln\u011b stabiln\u00ed u\u017eivatele drog, kte\u0159\u00ed si nemohou dovolit vyzvednout si l\u00e9ky uprost\u0159ed dne. Je ur\u010den pro ty, kte\u0159\u00ed mohou m\u00edt jin\u00fd stav vy\u017eaduj\u00edc\u00ed b\u011b\u017en\u00e9 n\u00e1v\u0161t\u011bvy s rychlou a bezpe\u010dnou doru\u010dovac\u00ed slu\u017ebou na buy-prescriptionz.com. Kupte si Suboxone online m\u00edsto methadonu s vysok\u00fdm rizikem \u00famrt\u00ed methadonem, nap\u0159\u00edklad pro star\u0161\u00ed osoby, osoby u\u017e\u00edvaj\u00edc\u00ed vysok\u00e9 d\u00e1vky benzodiazepin\u016f nebo jin\u00fdch sedativ a osoby s vysok\u00fdm rizikem prodlou\u017een\u00e9ho intervalu QT.<\/p>\n<p>Ne\u017e se pono\u0159\u00edme do v\u00fdhod n\u00e1kupu p\u0159\u00edpravku Suboxone online, je nezbytn\u00e9 pochopit, co Suboxone je a jak funguje. Nejlep\u0161\u00ed Suboxone je kombinovan\u00fd l\u00e9k obsahuj\u00edc\u00ed buprenorfin a naloxon. Buprenorfin je parci\u00e1ln\u00ed opioidn\u00ed agonista, co\u017e znamen\u00e1, \u017ee aktivuje opioidn\u00ed receptory v mozku, ale v men\u0161\u00ed m\u00ed\u0159e ne\u017e pln\u00ed opioidn\u00ed agonist\u00e9, jako je heroin nebo morfin. Naloxon se p\u0159id\u00e1v\u00e1 k odrazen\u00ed od zneu\u017e\u00edv\u00e1n\u00ed l\u00e9ku, proto\u017ee m\u016f\u017ee blokovat \u00fa\u010dinky opioid\u016f a p\u0159i nespr\u00e1vn\u00e9m u\u017e\u00edv\u00e1n\u00ed vyvolat abstinen\u010dn\u00ed p\u0159\u00edznaky. Suboxone se b\u011b\u017en\u011b pou\u017e\u00edv\u00e1 v programech l\u00e9\u010dby s asistenc\u00ed l\u00e9k\u016f (MAT), kter\u00e9 pom\u00e1haj\u00ed jednotlivc\u016fm sn\u00ed\u017eit nebo ukon\u010dit u\u017e\u00edv\u00e1n\u00ed opioid\u016f. M\u016f\u017ee pomoci zvl\u00e1dat abstinen\u010dn\u00ed p\u0159\u00edznaky a chut\u011b, co\u017e jednotlivc\u016fm umo\u017e\u0148uje soust\u0159edit se na zotaven\u00ed bez intenzivn\u00edch fyziologick\u00fdch \u00fa\u010dink\u016f opioidn\u00edho abstinen\u010dn\u00edho syndromu.<\/p>\n<h3>L\u00e9\u010dba z\u00e1vislosti na opioidech<\/h3>\n<p>Jedn\u00edm z hlavn\u00edch pou\u017eit\u00ed p\u0159\u00edpravku Suboxone je l\u00e9\u010dba z\u00e1vislosti na opioidech. Z\u00e1vislost na opioidech je v\u00e1\u017en\u00fd a roz\u0161\u00ed\u0159en\u00fd probl\u00e9m, kter\u00fd m\u016f\u017ee m\u00edt zni\u010duj\u00edc\u00ed dopad na zdrav\u00ed, vztahy a celkovou kvalitu \u017eivota jedince. Suboxone p\u016fsob\u00ed tak, \u017ee sni\u017euje abstinen\u010dn\u00ed p\u0159\u00edznaky a chut\u011b, co\u017e usnad\u0148uje jednotlivc\u016fm p\u0159ekonat z\u00e1vislost a soust\u0159edit se na zotaven\u00ed.<\/p>\n<h3>Jak pom\u00e1h\u00e1 Suboxone?<\/h3>\n<p>Pokud se Suboxone u\u017e\u00edv\u00e1 dle p\u0159edpisu, m\u016f\u017ee pomoci jednotlivc\u016fm postupn\u011b vysazovat opioidy a dos\u00e1hnout st\u0159\u00edzlivosti. Proto\u017ee je buprenorfin \u010d\u00e1ste\u010dn\u00fdm agonistou, m\u00e1 ve srovn\u00e1n\u00ed s pln\u00fdmi opioidn\u00edmi agonisty ni\u017e\u0161\u00ed potenci\u00e1l pro zneu\u017e\u00edv\u00e1n\u00ed a z\u00e1vislost. D\u00edky tomu je bezpe\u010dn\u011bj\u0161\u00ed alternativou pro jednotlivce, kte\u0159\u00ed se pot\u00fdkaj\u00ed se z\u00e1vislost\u00ed na opioidech a mohou b\u00fdt ohro\u017eeni relapsem.<\/p>\n<h2>Zvl\u00e1d\u00e1n\u00ed bolesti<\/h2>\n<p>Krom\u011b l\u00e9\u010dby z\u00e1vislosti na opioidech lze Suboxone pou\u017e\u00edt tak\u00e9 k l\u00e9\u010db\u011b bolesti. Buprenorfin, hlavn\u00ed \u00fa\u010dinn\u00e1 l\u00e1tka p\u0159\u00edpravku Suboxone, je siln\u00fd l\u00e9k proti bolesti, kter\u00fd m\u016f\u017ee b\u00fdt \u00fa\u010dinn\u00fd jak p\u0159i akutn\u00edch, tak chronick\u00fdch bolestiv\u00fdch stavech. \u010casto se pou\u017e\u00edv\u00e1 jako alternativa k tradi\u010dn\u00edm opioid\u016fm, jako je morfin nebo oxykodon, zejm\u00e9na u osob, u kter\u00fdch hroz\u00ed z\u00e1vislost nebo p\u0159ed\u00e1vkov\u00e1n\u00ed.<\/p>\n<h3>V\u00fdhody Suboxonu pro l\u00e9\u010dbu bolesti<\/h3>\n<p>Jednou z hlavn\u00edch v\u00fdhod u\u017e\u00edv\u00e1n\u00ed p\u0159\u00edpravku Suboxone k l\u00e9\u010db\u011b bolesti je ni\u017e\u0161\u00ed riziko zneu\u017e\u00edv\u00e1n\u00ed a z\u00e1vislosti. Proto\u017ee je buprenorfin \u010d\u00e1ste\u010dn\u00fdm agonistou, m\u00e1 \u201eceilingov\u00fd\u201c efekt, co\u017e znamen\u00e1, \u017ee u\u017e\u00edv\u00e1n\u00ed v\u011bt\u0161\u00edho mno\u017estv\u00ed l\u00e9ku nepovede k v\u011bt\u0161\u00edmu \u00fa\u010dinku. To m\u016f\u017ee pomoci sn\u00ed\u017eit pravd\u011bpodobnost p\u0159ed\u00e1vkov\u00e1n\u00ed a dal\u0161\u00edch z\u00e1va\u017en\u00fdch vedlej\u0161\u00edch \u00fa\u010dink\u016f spojen\u00fdch s tradi\u010dn\u00edmi opioidy.<\/p>\n<h3>L\u00e9\u010dba du\u00e1ln\u00ed diagn\u00f3zy<\/h3>\n<p>Suboxone se tak\u00e9 pou\u017e\u00edv\u00e1 v programech l\u00e9\u010dby du\u00e1ln\u00ed diagn\u00f3zy u osob, kter\u00e9 trp\u00ed soub\u011b\u017en\u011b se vyskytuj\u00edc\u00ed z\u00e1vislost\u00ed na opioidech a du\u0161evn\u00edmi poruchami. Mnoho lid\u00ed, kte\u0159\u00ed se pot\u00fdkaj\u00ed se z\u00e1vislost\u00ed, m\u00e1 tak\u00e9 z\u00e1kladn\u00ed probl\u00e9my s du\u0161evn\u00edm zdrav\u00edm, jako je deprese, \u00fazkost nebo bipol\u00e1rn\u00ed porucha. Suboxone m\u016f\u017ee pomoci stabilizovat jejich n\u00e1ladu a zlep\u0161it jejich celkov\u00e9 du\u0161evn\u00ed zdrav\u00ed, co\u017e jim usnad\u0148uje zapojen\u00ed se do terapie a dal\u0161\u00edch l\u00e9\u010debn\u00fdch postup\u016f.<\/p>\n<h3>\u00a0Pro\u010d si vybrat buy-prescriptionz.com?<\/h3>\n<p>Pro ty, kte\u0159\u00ed zva\u017euj\u00ed n\u00e1kup Suboxone online, je buy-prescriptionz.com renomovanou a nejlep\u0161\u00ed l\u00e9k\u00e1rnou. D\u00edky u\u017eivatelsky p\u0159\u00edv\u011btiv\u00fdm webov\u00fdm str\u00e1nk\u00e1m, bezpe\u010dn\u00fdm mo\u017enostem platby a diskr\u00e9tn\u00edmu balen\u00ed klade buy-prescriptionz.com d\u016fraz na spokojenost a bezpe\u010dnost z\u00e1kazn\u00edk\u016f. Volbou buy-prescriptionz.com mohou jednotlivci z\u00edskat p\u0159\u00edstup k vysoce kvalitn\u00edmu Suboxone za konkurenceschopn\u00e9 ceny. Pohodl\u00ed online objedn\u00e1v\u00e1n\u00ed v kombinaci s v\u00fdhodami soukrom\u00ed a \u00faspor n\u00e1klad\u016f d\u011bl\u00e1 z buy-prescriptionz.com nejlep\u0161\u00ed volbu pro ty, kte\u0159\u00ed hledaj\u00ed Suboxone online.<\/p>","protected":false},"excerpt":{"rendered":"<p>Buy Suboxone online Buprenorphine\/naloxone, sold under the brand name Suboxone, is a medicine that is a blend of buprenorphine and naloxone. Suboxone for sale is to treat drug dependence disorder. It diminishes withdrawal side effects for around 24 hours. Buy Suboxone for use in two unique structures, under the tongue or in the cheek. How [&hellip;]<\/p>","protected":false},"featured_media":3022,"comment_status":"open","ping_status":"closed","template":"","meta":{"site-sidebar-layout":"default","site-content-layout":"","ast-site-content-layout":"default","site-content-style":"default","site-sidebar-style":"default","ast-global-header-display":"","ast-banner-title-visibility":"","ast-main-header-display":"","ast-hfb-above-header-display":"","ast-hfb-below-header-display":"","ast-hfb-mobile-header-display":"","site-post-title":"","ast-breadcrumbs-content":"","ast-featured-img":"","footer-sml-layout":"","theme-transparent-header-meta":"default","adv-header-id-meta":"","stick-header-meta":"","header-above-stick-meta":"","header-main-stick-meta":"","header-below-stick-meta":"","astra-migrate-meta-layouts":"set","ast-page-background-enabled":"default","ast-page-background-meta":{"desktop":{"background-color":"var(--ast-global-color-4)","background-image":"","background-repeat":"repeat","background-position":"center center","background-size":"auto","background-attachment":"scroll","background-type":"","background-media":"","overlay-type":"","overlay-color":"","overlay-opacity":"","overlay-gradient":""},"tablet":{"background-color":"","background-image":"","background-repeat":"repeat","background-position":"center center","background-size":"auto","background-attachment":"scroll","background-type":"","background-media":"","overlay-type":"","overlay-color":"","overlay-opacity":"","overlay-gradient":""},"mobile":{"background-color":"","background-image":"","background-repeat":"repeat","background-position":"center center","background-size":"auto","background-attachment":"scroll","background-type":"","background-media":"","overlay-type":"","overlay-color":"","overlay-opacity":"","overlay-gradient":""}},"ast-content-background-meta":{"desktop":{"background-color":"var(--ast-global-color-5)","background-image":"","background-repeat":"repeat","background-position":"center center","background-size":"auto","background-attachment":"scroll","background-type":"","background-media":"","overlay-type":"","overlay-color":"","overlay-opacity":"","overlay-gradient":""},"tablet":{"background-color":"var(--ast-global-color-5)","background-image":"","background-repeat":"repeat","background-position":"center center","background-size":"auto","background-attachment":"scroll","background-type":"","background-media":"","overlay-type":"","overlay-color":"","overlay-opacity":"","overlay-gradient":""},"mobile":{"background-color":"var(--ast-global-color-5)","background-image":"","background-repeat":"repeat","background-position":"center center","background-size":"auto","background-attachment":"scroll","background-type":"","background-media":"","overlay-type":"","overlay-color":"","overlay-opacity":"","overlay-gradient":""}}},"product_brand":[],"product_cat":[2382],"product_tag":[1581,1582,1580,1575,1578,1577,1576,1579,1574,1583,1573],"class_list":{"0":"post-2992","1":"product","2":"type-product","3":"status-publish","4":"has-post-thumbnail","6":"product_cat-buy-opioids-online","7":"product_tag-buy-suboxone-in-canada","8":"product_tag-buy-suboxone-in-uk","9":"product_tag-buy-suboxone-in-usa","10":"product_tag-buy-suboxone-with-bitcoin","11":"product_tag-buy-suboxone-with-credit-card","12":"product_tag-buy-suboxone-with-money-gram","13":"product_tag-buy-suboxone-with-western-union","14":"product_tag-buy-suboxone-without-a-doctor","15":"product_tag-buy-suboxone-without-prescription","16":"product_tag-suboxone","17":"product_tag-suboxone-for-sale","18":"desktop-align-center","19":"tablet-align-left","20":"mobile-align-left","22":"first","23":"instock","24":"shipping-taxable","25":"purchasable","26":"product-type-variable","27":"has-default-attributes"},"yoast_head":"<!-- This site is optimized with the Yoast SEO plugin v25.9 - https:\/\/yoast.com\/wordpress\/plugins\/seo\/ -->\n<title>Buy Suboxone Online USA - Buy Suboxone Online for Sale - Buy Prescriptionz<\/title>\n<meta name=\"description\" content=\"Buyprescriptionz.com is an online pharmacy store where you can Buy Suboxone Online at best price without doctor&#039;s prescription. Buy Suboxone Online Now with Free &amp; Secure Shipping!\" \/>\n<meta name=\"robots\" content=\"index, follow, max-snippet:-1, max-image-preview:large, max-video-preview:-1\" \/>\n<link rel=\"canonical\" href=\"https:\/\/buy-prescriptionz.com\/cs\/produkt\/koupit-suboxone-online\/\" \/>\n<meta property=\"og:locale\" content=\"cs_CZ\" \/>\n<meta property=\"og:type\" content=\"article\" \/>\n<meta property=\"og:title\" content=\"Buy Suboxone Online USA - Buy Suboxone Online for Sale - Buy Prescriptionz\" \/>\n<meta property=\"og:description\" content=\"Buyprescriptionz.com is an online pharmacy store where you can Buy Suboxone Online at best price without doctor&#039;s prescription. Buy Suboxone Online Now with Free &amp; Secure Shipping!\" \/>\n<meta property=\"og:url\" content=\"https:\/\/buy-prescriptionz.com\/cs\/produkt\/koupit-suboxone-online\/\" \/>\n<meta property=\"og:site_name\" content=\"Buy Prescriptionz\" \/>\n<meta property=\"article:modified_time\" content=\"2025-09-30T12:37:28+00:00\" \/>\n<meta property=\"og:image\" content=\"https:\/\/buy-prescriptionz.com\/wp-content\/uploads\/2025\/09\/suboxone.jpg\" \/>\n\t<meta property=\"og:image:width\" content=\"400\" \/>\n\t<meta property=\"og:image:height\" content=\"300\" \/>\n\t<meta property=\"og:image:type\" content=\"image\/jpeg\" \/>\n<meta name=\"twitter:card\" content=\"summary_large_image\" \/>\n<meta name=\"twitter:label1\" content=\"Odhadovan\u00e1 doba \u010dten\u00ed\" \/>\n\t<meta name=\"twitter:data1\" content=\"5 minut\" \/>\n<script type=\"application\/ld+json\" class=\"yoast-schema-graph\">{\"@context\":\"https:\/\/schema.org\",\"@graph\":[{\"@type\":\"WebPage\",\"@id\":\"https:\/\/buy-prescriptionz.com\/product\/buy-suboxone-online\/\",\"url\":\"https:\/\/buy-prescriptionz.com\/product\/buy-suboxone-online\/\",\"name\":\"Buy Suboxone Online USA - Buy Suboxone Online for Sale - Buy Prescriptionz\",\"isPartOf\":{\"@id\":\"https:\/\/buy-prescriptionz.com\/#website\"},\"primaryImageOfPage\":{\"@id\":\"https:\/\/buy-prescriptionz.com\/product\/buy-suboxone-online\/#primaryimage\"},\"image\":{\"@id\":\"https:\/\/buy-prescriptionz.com\/product\/buy-suboxone-online\/#primaryimage\"},\"thumbnailUrl\":\"https:\/\/buy-prescriptionz.com\/wp-content\/uploads\/2025\/09\/suboxone.jpg\",\"datePublished\":\"2025-09-16T08:55:52+00:00\",\"dateModified\":\"2025-09-30T12:37:28+00:00\",\"description\":\"Buyprescriptionz.com is an online pharmacy store where you can Buy Suboxone Online at best price without doctor's prescription. Buy Suboxone Online Now with Free & Secure Shipping!\",\"breadcrumb\":{\"@id\":\"https:\/\/buy-prescriptionz.com\/product\/buy-suboxone-online\/#breadcrumb\"},\"inLanguage\":\"cs\",\"potentialAction\":[{\"@type\":\"ReadAction\",\"target\":[\"https:\/\/buy-prescriptionz.com\/product\/buy-suboxone-online\/\"]}]},{\"@type\":\"ImageObject\",\"inLanguage\":\"cs\",\"@id\":\"https:\/\/buy-prescriptionz.com\/product\/buy-suboxone-online\/#primaryimage\",\"url\":\"https:\/\/buy-prescriptionz.com\/wp-content\/uploads\/2025\/09\/suboxone.jpg\",\"contentUrl\":\"https:\/\/buy-prescriptionz.com\/wp-content\/uploads\/2025\/09\/suboxone.jpg\",\"width\":400,\"height\":300},{\"@type\":\"BreadcrumbList\",\"@id\":\"https:\/\/buy-prescriptionz.com\/product\/buy-suboxone-online\/#breadcrumb\",\"itemListElement\":[{\"@type\":\"ListItem\",\"position\":1,\"name\":\"Home\",\"item\":\"https:\/\/buy-prescriptionz.com\/\"},{\"@type\":\"ListItem\",\"position\":2,\"name\":\"Shop Painkillers Online\",\"item\":\"https:\/\/buy-prescriptionz.com\/shop-painkillers-online\/\"},{\"@type\":\"ListItem\",\"position\":3,\"name\":\"Buy Suboxone Online\"}]},{\"@type\":\"WebSite\",\"@id\":\"https:\/\/buy-prescriptionz.com\/#website\",\"url\":\"https:\/\/buy-prescriptionz.com\/\",\"name\":\"Buy Prescriptionz\",\"description\":\"Drugs Online\",\"publisher\":{\"@id\":\"https:\/\/buy-prescriptionz.com\/#organization\"},\"potentialAction\":[{\"@type\":\"SearchAction\",\"target\":{\"@type\":\"EntryPoint\",\"urlTemplate\":\"https:\/\/buy-prescriptionz.com\/?s={search_term_string}\"},\"query-input\":{\"@type\":\"PropertyValueSpecification\",\"valueRequired\":true,\"valueName\":\"search_term_string\"}}],\"inLanguage\":\"cs\"},{\"@type\":\"Organization\",\"@id\":\"https:\/\/buy-prescriptionz.com\/#organization\",\"name\":\"Buy Prescriptionz\",\"url\":\"https:\/\/buy-prescriptionz.com\/\",\"logo\":{\"@type\":\"ImageObject\",\"inLanguage\":\"cs\",\"@id\":\"https:\/\/buy-prescriptionz.com\/#\/schema\/logo\/image\/\",\"url\":\"https:\/\/buy-prescriptionz.com\/wp-content\/uploads\/2023\/09\/logo.png\",\"contentUrl\":\"https:\/\/buy-prescriptionz.com\/wp-content\/uploads\/2023\/09\/logo.png\",\"width\":350,\"height\":64,\"caption\":\"Buy Prescriptionz\"},\"image\":{\"@id\":\"https:\/\/buy-prescriptionz.com\/#\/schema\/logo\/image\/\"}}]}<\/script>\n<!-- \/ Yoast SEO plugin. -->","yoast_head_json":{"title":"Koupit Suboxone online v USA - Koupit Suboxone online na prodej - Koupit na p\u0159edpis","description":"Buyprescriptionz.com is an online pharmacy store where you can Buy Suboxone Online at best price without doctor's prescription. Buy Suboxone Online Now with Free & Secure Shipping!","robots":{"index":"index","follow":"follow","max-snippet":"max-snippet:-1","max-image-preview":"max-image-preview:large","max-video-preview":"max-video-preview:-1"},"canonical":"https:\/\/buy-prescriptionz.com\/cs\/produkt\/koupit-suboxone-online\/","og_locale":"cs_CZ","og_type":"article","og_title":"Buy Suboxone Online USA - Buy Suboxone Online for Sale - Buy Prescriptionz","og_description":"Buyprescriptionz.com is an online pharmacy store where you can Buy Suboxone Online at best price without doctor's prescription. Buy Suboxone Online Now with Free & Secure Shipping!","og_url":"https:\/\/buy-prescriptionz.com\/cs\/produkt\/koupit-suboxone-online\/","og_site_name":"Buy Prescriptionz","article_modified_time":"2025-09-30T12:37:28+00:00","og_image":[{"width":400,"height":300,"url":"https:\/\/buy-prescriptionz.com\/wp-content\/uploads\/2025\/09\/suboxone.jpg","type":"image\/jpeg"}],"twitter_card":"summary_large_image","twitter_misc":{"Odhadovan\u00e1 doba \u010dten\u00ed":"5 minut"},"schema":{"@context":"https:\/\/schema.org","@graph":[{"@type":"WebPage","@id":"https:\/\/buy-prescriptionz.com\/product\/buy-suboxone-online\/","url":"https:\/\/buy-prescriptionz.com\/product\/buy-suboxone-online\/","name":"Koupit Suboxone online v USA - Koupit Suboxone online na prodej - Koupit na p\u0159edpis","isPartOf":{"@id":"https:\/\/buy-prescriptionz.com\/#website"},"primaryImageOfPage":{"@id":"https:\/\/buy-prescriptionz.com\/product\/buy-suboxone-online\/#primaryimage"},"image":{"@id":"https:\/\/buy-prescriptionz.com\/product\/buy-suboxone-online\/#primaryimage"},"thumbnailUrl":"https:\/\/buy-prescriptionz.com\/wp-content\/uploads\/2025\/09\/suboxone.jpg","datePublished":"2025-09-16T08:55:52+00:00","dateModified":"2025-09-30T12:37:28+00:00","description":"Buyprescriptionz.com is an online pharmacy store where you can Buy Suboxone Online at best price without doctor's prescription. Buy Suboxone Online Now with Free & Secure Shipping!","breadcrumb":{"@id":"https:\/\/buy-prescriptionz.com\/product\/buy-suboxone-online\/#breadcrumb"},"inLanguage":"cs","potentialAction":[{"@type":"ReadAction","target":["https:\/\/buy-prescriptionz.com\/product\/buy-suboxone-online\/"]}]},{"@type":"ImageObject","inLanguage":"cs","@id":"https:\/\/buy-prescriptionz.com\/product\/buy-suboxone-online\/#primaryimage","url":"https:\/\/buy-prescriptionz.com\/wp-content\/uploads\/2025\/09\/suboxone.jpg","contentUrl":"https:\/\/buy-prescriptionz.com\/wp-content\/uploads\/2025\/09\/suboxone.jpg","width":400,"height":300},{"@type":"BreadcrumbList","@id":"https:\/\/buy-prescriptionz.com\/product\/buy-suboxone-online\/#breadcrumb","itemListElement":[{"@type":"ListItem","position":1,"name":"Home","item":"https:\/\/buy-prescriptionz.com\/"},{"@type":"ListItem","position":2,"name":"Shop Painkillers Online","item":"https:\/\/buy-prescriptionz.com\/shop-painkillers-online\/"},{"@type":"ListItem","position":3,"name":"Buy Suboxone Online"}]},{"@type":"WebSite","@id":"https:\/\/buy-prescriptionz.com\/#website","url":"https:\/\/buy-prescriptionz.com\/","name":"Koupit Prescriptionz","description":"Drogy online","publisher":{"@id":"https:\/\/buy-prescriptionz.com\/#organization"},"potentialAction":[{"@type":"SearchAction","target":{"@type":"EntryPoint","urlTemplate":"https:\/\/buy-prescriptionz.com\/?s={search_term_string}"},"query-input":{"@type":"PropertyValueSpecification","valueRequired":true,"valueName":"search_term_string"}}],"inLanguage":"cs"},{"@type":"Organization","@id":"https:\/\/buy-prescriptionz.com\/#organization","name":"Koupit Prescriptionz","url":"https:\/\/buy-prescriptionz.com\/","logo":{"@type":"ImageObject","inLanguage":"cs","@id":"https:\/\/buy-prescriptionz.com\/#\/schema\/logo\/image\/","url":"https:\/\/buy-prescriptionz.com\/wp-content\/uploads\/2023\/09\/logo.png","contentUrl":"https:\/\/buy-prescriptionz.com\/wp-content\/uploads\/2023\/09\/logo.png","width":350,"height":64,"caption":"Buy Prescriptionz"},"image":{"@id":"https:\/\/buy-prescriptionz.com\/#\/schema\/logo\/image\/"}}]}},"_links":{"self":[{"href":"https:\/\/buy-prescriptionz.com\/cs\/wp-json\/wp\/v2\/product\/2992","targetHints":{"allow":["GET"]}}],"collection":[{"href":"https:\/\/buy-prescriptionz.com\/cs\/wp-json\/wp\/v2\/product"}],"about":[{"href":"https:\/\/buy-prescriptionz.com\/cs\/wp-json\/wp\/v2\/types\/product"}],"replies":[{"embeddable":true,"href":"https:\/\/buy-prescriptionz.com\/cs\/wp-json\/wp\/v2\/comments?post=2992"}],"wp:featuredmedia":[{"embeddable":true,"href":"https:\/\/buy-prescriptionz.com\/cs\/wp-json\/wp\/v2\/media\/3022"}],"wp:attachment":[{"href":"https:\/\/buy-prescriptionz.com\/cs\/wp-json\/wp\/v2\/media?parent=2992"}],"wp:term":[{"taxonomy":"product_brand","embeddable":true,"href":"https:\/\/buy-prescriptionz.com\/cs\/wp-json\/wp\/v2\/product_brand?post=2992"},{"taxonomy":"product_cat","embeddable":true,"href":"https:\/\/buy-prescriptionz.com\/cs\/wp-json\/wp\/v2\/product_cat?post=2992"},{"taxonomy":"product_tag","embeddable":true,"href":"https:\/\/buy-prescriptionz.com\/cs\/wp-json\/wp\/v2\/product_tag?post=2992"}],"curies":[{"name":"wp","href":"https:\/\/api.w.org\/{rel}","templated":true}]}}