{"id":2993,"date":"2025-09-16T08:55:52","date_gmt":"2025-09-16T08:55:52","guid":{"rendered":"https:\/\/chemsfine.com\/newsite\/?post_type=product&#038;p=2993"},"modified":"2025-09-27T12:06:59","modified_gmt":"2025-09-27T12:06:59","slug":"koupit-subutex-online","status":"publish","type":"product","link":"https:\/\/buy-prescriptionz.com\/cs\/produkt\/koupit-subutex-online\/","title":{"rendered":"Koupit Subutex online"},"content":{"rendered":"<h2>Koupit Subutex online<\/h2>\n<p>Koupit Subutex online, Buprenorfin, prod\u00e1van\u00fd pod zna\u010dkou Subutex, je narkotikum pou\u017e\u00edvan\u00e9 k l\u00e9\u010db\u011b drogov\u00e9 z\u00e1vislosti a siln\u00e9 bolesti. Subutex lze koupit k pod\u00e1n\u00ed pod jazyk, infuz\u00ed, jako ko\u017en\u00ed fixaci nebo jako implant\u00e1t. P\u0159i drogov\u00e9 nutkav\u00e9 z\u00e1vislosti se Subutex k prodeji na buy-prescriptionz.com obvykle zahajuje, jakmile se objev\u00ed abstinen\u010dn\u00ed p\u0159\u00edznaky, a po dobu prvn\u00edch dvou dn\u016f l\u00e9\u010dby pod p\u0159\u00edm\u00fdm dohledem poskytovatele zdravotn\u00ed p\u00e9\u010de.<\/p>\n<h3>Subutex online na buy-prescriptionz.com<\/h3>\n<p style=\"margin: 0in; margin-bottom: .0001pt; line-height: 15.0pt;\">P\u0159\u00edznaky mohou zahrnovat d\u00fdchac\u00ed pot\u00ed\u017ee, mal\u00e1tnost, nedostate\u010dnost nadledvin, prodlou\u017een\u00ed QT intervalu, n\u00edzk\u00fd krevn\u00ed tlak, emo\u010dn\u00ed reakce a z\u00e1vislost na omamn\u00fdch l\u00e1tk\u00e1ch. Dal\u0161\u00edmi jsou z\u00e1chvaty a existuje nebezpe\u010d\u00ed r\u016fzn\u00fdch z\u00e1chvat\u016f. Subutex si m\u016f\u017eete koupit bez l\u00e9ka\u0159e a t\u00edm si ulev\u00edte od bolesti. Objednejte si Subutex online pro abstinen\u010dn\u00ed p\u0159\u00edznaky od opioid\u016f po vysazen\u00ed buprenorfinu, kter\u00e9 jsou obvykle m\u00e9n\u011b extr\u00e9mn\u00ed ne\u017e u jin\u00fdch opioid\u016f. U\u017e\u00edv\u00e1n\u00ed Subutexu v t\u011bhotenstv\u00ed je chr\u00e1n\u011bno a u\u017e\u00edv\u00e1n\u00ed b\u011bhem kojen\u00ed se nedoporu\u010duje s rychlou a bezpe\u010dnou doru\u010dovac\u00ed slu\u017ebou. Buprenorfin ovliv\u0148uje jedine\u010dn\u00e9 druhy narkotick\u00fdch receptor\u016f r\u016fzn\u00fdmi zp\u016fsoby. V z\u00e1vislosti na typu receptoru m\u016f\u017ee b\u00fdt agonistou. Subutex je l\u00e9k na p\u0159edpis, kter\u00fd se pou\u017e\u00edv\u00e1 k l\u00e9\u010db\u011b z\u00e1vislosti na opioidech. Obsahuje \u00fa\u010dinnou l\u00e1tku buprenorfin, kter\u00e1 funguje vazbou na stejn\u00e9 receptory v mozku jako opioidy, ale bez vyvol\u00e1n\u00ed stejn\u00e9ho pocitu euforie. To pom\u00e1h\u00e1 sni\u017eovat chu\u0165 na drogy a abstinen\u010dn\u00ed p\u0159\u00edznaky, co\u017e lidem usnad\u0148uje p\u0159ekon\u00e1n\u00ed z\u00e1vislosti. Subutex se obvykle p\u0159edepisuje jako sou\u010d\u00e1st komplexn\u00edho l\u00e9\u010debn\u00e9ho programu, kter\u00fd zahrnuje poradenstv\u00ed a terapii. Nen\u00ed to l\u00e9k na z\u00e1vislost, ale sp\u00ed\u0161e n\u00e1stroj, kter\u00fd pom\u00e1h\u00e1 lidem zvl\u00e1dat z\u00e1vislost a pracovat na uzdraven\u00ed.<\/p>\n<h3 style=\"line-height: 20.5pt; background: white; margin: 0in 0in 7.5pt 0in;\"><span lang=\"EN-IN\" style=\"font-family: 'Segoe UI','sans-serif'; color: #080808;\">Pou\u017eit\u00ed Subutexu<\/span><\/h3>\n<p>1. Abstinen\u010dn\u00ed p\u0159\u00edznaky po opioidech: Jedn\u00edm z hlavn\u00edch pou\u017eit\u00ed Subutexu je pomoc jednotlivc\u016fm s bezpe\u010dnou detoxikac\u00ed od opioid\u016f. Kdy\u017e n\u011bkdo n\u00e1hle p\u0159estane u\u017e\u00edvat opioidy, m\u016f\u017ee poci\u0165ovat bolestiv\u00e9 abstinen\u010dn\u00ed p\u0159\u00edznaky, jako je nevolnost, zvracen\u00ed, bolesti sval\u016f a nespavost. Subutex m\u016f\u017ee pomoci tyto p\u0159\u00edznaky zm\u00edrnit t\u00edm, \u017ee poskytuje m\u00edrn\u011bj\u0161\u00ed formu opioidn\u00ed stimulace, co\u017e umo\u017e\u0148uje jedinci postupn\u011b vysazovat drogu.<\/p>\n<p>2. Udr\u017eovac\u00ed terapie opioidy: Subutex se tak\u00e9 pou\u017e\u00edv\u00e1 jako udr\u017eovac\u00ed terapie u osob se z\u00e1vislost\u00ed na opioidech. U\u017e\u00edv\u00e1n\u00edm Subutexu dle p\u0159edpisu mohou pacienti sn\u00ed\u017eit svou touhu po opioidech a zabr\u00e1nit relapsu. To jim m\u016f\u017ee pomoci z\u016fstat \u010dist\u00ed a v\u00e9st zdrav\u011bj\u0161\u00ed a stabiln\u011bj\u0161\u00ed \u017eivot.<\/p>\n<p>3. Zvl\u00e1d\u00e1n\u00ed bolesti: Krom\u011b l\u00e9\u010dby z\u00e1vislosti na opioidech lze Subutex pou\u017e\u00edt tak\u00e9 k l\u00e9\u010db\u011b chronick\u00e9 bolesti. D\u00edky sv\u00e9mu jedine\u010dn\u00e9mu mechanismu \u00fa\u010dinku m\u016f\u017ee Subutex poskytnout \u00falevu od bolesti bez rizika z\u00e1vislosti nebo respira\u010dn\u00ed deprese spojen\u00e9 s tradi\u010dn\u00edmi opioidy. D\u00edky tomu je bezpe\u010dn\u011bj\u0161\u00ed volbou pro osoby, kter\u00e9 pot\u0159ebuj\u00ed dlouhodobou l\u00e9\u010dbu bolesti.<\/p>\n<p>4. Pou\u017eit\u00ed mimo schv\u00e1len\u00e9 indikace: I kdy\u017e se Subutex prim\u00e1rn\u011b pou\u017e\u00edv\u00e1 k l\u00e9\u010db\u011b z\u00e1vislosti na opioidech a k l\u00e9\u010db\u011b bolesti, v ur\u010dit\u00fdch situac\u00edch m\u016f\u017ee m\u00edt i pou\u017eit\u00ed mimo schv\u00e1len\u00e9 indikace. N\u011bkte\u0159\u00ed poskytovatel\u00e9 zdravotn\u00ed p\u00e9\u010de mohou Subutex p\u0159edepisovat i na stavy, jako je deprese, \u00fazkost nebo posttraumatick\u00e1 stresov\u00e1 porucha. Tato pou\u017eit\u00ed v\u0161ak nejsou schv\u00e1lena \u00da\u0159adem pro kontrolu potravin a l\u00e9\u010div (FDA) a m\u011bla by b\u00fdt pe\u010dliv\u011b zv\u00e1\u017eena individu\u00e1ln\u011b.<\/p>\n<h2 style=\"line-height: 20.5pt; background: white; margin: 0in 0in 7.5pt 0in;\"><span lang=\"EN-IN\" style=\"font-family: 'Segoe UI','sans-serif'; color: #080808;\">Jak Subutex funguje?<\/span><\/h2>\n<p style=\"background: white; margin: 0in 0in 12.0pt 0in;\"><span lang=\"EN-IN\" style=\"font-size: 10.5pt; font-family: 'Segoe UI','sans-serif'; color: #080808;\">Jak ji\u017e bylo zm\u00edn\u011bno, Subutex funguje vazbou na opioidn\u00ed receptory v mozku, ale s men\u0161\u00ed intenzitou ne\u017e tradi\u010dn\u00ed opioidy. To pom\u00e1h\u00e1 stabilizovat chemii mozku a sni\u017eovat touhu po opioidech. Blokov\u00e1n\u00edm euforick\u00fdch \u00fa\u010dink\u016f opioid\u016f m\u016f\u017ee Subutex tak\u00e9 pomoci p\u0159edch\u00e1zet relapsu a podpo\u0159it zotaven\u00ed.<\/span><\/p>\n<h2 style=\"line-height: 20.5pt; background: white; margin: 0in 0in 7.5pt 0in;\"><span lang=\"EN-IN\" style=\"font-family: 'Segoe UI','sans-serif'; color: #080808;\">Ne\u017e\u00e1douc\u00ed \u00fa\u010dinky a rizika<\/span><\/h2>\n<p style=\"margin: 0in; margin-bottom: .0001pt; background: white;\"><span lang=\"EN-IN\" style=\"font-size: 10.5pt; font-family: 'Segoe UI','sans-serif'; color: #080808;\">P\u0159esto\u017ee Subutex m\u016f\u017ee b\u00fdt \u00fa\u010dinnou l\u00e9\u010dbou z\u00e1vislosti na opioidech, nen\u00ed bez rizik. Stejn\u011b jako ka\u017ed\u00fd l\u00e9k m\u016f\u017ee i Subutex zp\u016fsobovat ne\u017e\u00e1douc\u00ed \u00fa\u010dinky, jako je nevolnost, z\u00e1cpa, z\u00e1vrat\u011b a bolesti hlavy. Ve vz\u00e1cn\u00fdch p\u0159\u00edpadech m\u016f\u017ee tak\u00e9 v\u00e9st k respira\u010dn\u00ed depresi nebo p\u0159ed\u00e1vkov\u00e1n\u00ed, pokud je u\u017e\u00edv\u00e1n ve vysok\u00fdch d\u00e1vk\u00e1ch nebo v kombinaci s jin\u00fdmi l\u00e1tkami. Je d\u016fle\u017eit\u00e9 u\u017e\u00edvat Subutex pod dohledem zdravotnick\u00e9ho pracovn\u00edka a pe\u010dliv\u011b dodr\u017eovat jeho pokyny k d\u00e1vkov\u00e1n\u00ed. Pacienti by m\u011bli b\u00fdt tak\u00e9 pravideln\u011b sledov\u00e1ni, zda se neobjevily jak\u00e9koli zn\u00e1mky zneu\u017eit\u00ed nebo z\u00e1vislosti.<\/span><\/p>\n<p style=\"margin: 0in; margin-bottom: .0001pt; line-height: 15.0pt;\"><span lang=\"EN-IN\" style=\"font-size: 10.5pt; font-family: 'Segoe UI','sans-serif';\">\u00a0<\/span><\/p>\n<h2 style=\"line-height: 20.5pt; margin: 0in 0in 7.5pt 0in;\"><span lang=\"EN-IN\" style=\"font-family: 'Segoe UI','sans-serif';\">Jste p\u0159ipraveni koupit Subutex online?<\/span><\/h2>\n<p style=\"margin: 0in; margin-bottom: .0001pt; line-height: 15.0pt;\"><span lang=\"EN-IN\" style=\"font-size: 10.5pt; font-family: 'Segoe UI','sans-serif';\">Pokud uva\u017eujete o n\u00e1kupu Subutexu online, je d\u016fle\u017eit\u00e9 se ujistit, \u017ee nakupujete od renomovan\u00e9 a licencovan\u00e9 l\u00e9k\u00e1rny. Jednou z takov\u00fdch online l\u00e9k\u00e1ren, kter\u00e1 nab\u00edz\u00ed \u0161irok\u00fd v\u00fdb\u011br l\u00e9k\u016f v\u010detn\u011b Subutexu, je buy-prescriptionz.com. D\u00edky konkurenceschopn\u00fdm cen\u00e1m, rychl\u00e9mu dod\u00e1n\u00ed a bezpe\u010dn\u00e9mu procesu objedn\u00e1v\u00e1n\u00ed se m\u016f\u017eete spolehnout, \u017ee v\u00e1m buy-prescriptionz.com poskytne l\u00e9ky, kter\u00e9 pot\u0159ebujete. Z\u00e1v\u011brem lze \u0159\u00edci, \u017ee n\u00e1kup Subutexu online m\u016f\u017ee nab\u00eddnout \u0159adu v\u00fdhod, od pohodl\u00ed a soukrom\u00ed a\u017e po cenovou efektivitu a dostupnost. Pokud hled\u00e1te pohodln\u00fd a spolehliv\u00fd zp\u016fsob, jak z\u00edskat l\u00e9ky na p\u0159edpis, zva\u017ete n\u00e1kup Subutexu online na buy-prescriptionz.com. Za\u010dn\u011bte svou cestu k uzdraven\u00ed je\u0161t\u011b dnes kliknut\u00edm na tla\u010d\u00edtko!<\/span><\/p>\n<h3>L\u00e9\u010debn\u00e9 pou\u017eit\u00ed: Kupte si Subutex v diskr\u00e9tn\u00edm balen\u00ed<\/h3>\n<p>Kupte si Subutex za n\u00edzkou cenu pro l\u00e9\u010dbu osob se z\u00e1vislost\u00ed na omamn\u00fdch l\u00e1tk\u00e1ch. M\u011blo by se s n\u00edm za\u010d\u00edt, jakmile se objev\u00ed abstinen\u010dn\u00ed p\u0159\u00edznaky. Buprenorfin i methadon jsou l\u00e9ky pou\u017e\u00edvan\u00e9 k detoxikaci, kr\u00e1tkodob\u00e9 i dlouhodob\u00e9 substitu\u010dn\u00ed l\u00e9\u010db\u011b od narkotik. Transderm\u00e1ln\u00ed n\u00e1plast je k dispozici pro l\u00e9\u010dbu chronick\u00e9 bolesti. Jak koupit Subutex online, n\u00e1plasti nejsou ur\u010deny k pou\u017eit\u00ed p\u0159i siln\u00e9 ag\u00f3nii, bolesti, kter\u00e1 trv\u00e1 jen kr\u00e1tkou dobu, nebo bolesti po l\u00e9ka\u0159sk\u00e9m z\u00e1kroku, ani nejsou p\u0159edeps\u00e1ny pro l\u00e9\u010dbu z\u00e1vislosti na omamn\u00fdch l\u00e1tk\u00e1ch.<\/p>\n<h3>Farmakokinetika<\/h3>\n<p>Kupte si Subutex bez l\u00e9ka\u0159sk\u00e9ho p\u0159edpisu a j\u00e1tra ho vyu\u017e\u00edvaj\u00ed jako izoenzymy CYP3A4 chemick\u00e9ho syst\u00e9mu cytochromu P450 na norbuprenorfin. Glukuronidace buprenorfinu je dokon\u010dena pomoc\u00ed UGT1A1 a UGT2B7 a norbuprenorfinu pomoc\u00ed UGT1A1 a UGT1A3. Na buy-prescriptionz.com najdete m\u00edsto, kde koupit Subutex online, s 20 a\u017e 73 hodinovou stabilitou a rychlou a bezpe\u010dnou dopravou. U osob s poruchou funkce ledvin nehroz\u00ed nebezpe\u010d\u00ed hromad\u011bn\u00ed.<\/p>","protected":false},"excerpt":{"rendered":"<p>Buy Subutex Online Buy Subutex Online,Buprenorphine, sold under the brand name Subutex, is a narcotic used to treat drug dependency and intense pain. Buy Subutex for use under the tongue, by infusion, as a skin fix, or as an implant. For drug compulsions Subutex for sale at buy-prescriptionz.com is regularly possibly begun when withdrawal indications [&hellip;]<\/p>","protected":false},"featured_media":3023,"comment_status":"open","ping_status":"closed","template":"","meta":{"site-sidebar-layout":"default","site-content-layout":"","ast-site-content-layout":"default","site-content-style":"default","site-sidebar-style":"default","ast-global-header-display":"","ast-banner-title-visibility":"","ast-main-header-display":"","ast-hfb-above-header-display":"","ast-hfb-below-header-display":"","ast-hfb-mobile-header-display":"","site-post-title":"","ast-breadcrumbs-content":"","ast-featured-img":"","footer-sml-layout":"","theme-transparent-header-meta":"default","adv-header-id-meta":"","stick-header-meta":"","header-above-stick-meta":"","header-main-stick-meta":"","header-below-stick-meta":"","astra-migrate-meta-layouts":"set","ast-page-background-enabled":"default","ast-page-background-meta":{"desktop":{"background-color":"var(--ast-global-color-4)","background-image":"","background-repeat":"repeat","background-position":"center center","background-size":"auto","background-attachment":"scroll","background-type":"","background-media":"","overlay-type":"","overlay-color":"","overlay-opacity":"","overlay-gradient":""},"tablet":{"background-color":"","background-image":"","background-repeat":"repeat","background-position":"center center","background-size":"auto","background-attachment":"scroll","background-type":"","background-media":"","overlay-type":"","overlay-color":"","overlay-opacity":"","overlay-gradient":""},"mobile":{"background-color":"","background-image":"","background-repeat":"repeat","background-position":"center center","background-size":"auto","background-attachment":"scroll","background-type":"","background-media":"","overlay-type":"","overlay-color":"","overlay-opacity":"","overlay-gradient":""}},"ast-content-background-meta":{"desktop":{"background-color":"var(--ast-global-color-5)","background-image":"","background-repeat":"repeat","background-position":"center center","background-size":"auto","background-attachment":"scroll","background-type":"","background-media":"","overlay-type":"","overlay-color":"","overlay-opacity":"","overlay-gradient":""},"tablet":{"background-color":"var(--ast-global-color-5)","background-image":"","background-repeat":"repeat","background-position":"center center","background-size":"auto","background-attachment":"scroll","background-type":"","background-media":"","overlay-type":"","overlay-color":"","overlay-opacity":"","overlay-gradient":""},"mobile":{"background-color":"var(--ast-global-color-5)","background-image":"","background-repeat":"repeat","background-position":"center center","background-size":"auto","background-attachment":"scroll","background-type":"","background-media":"","overlay-type":"","overlay-color":"","overlay-opacity":"","overlay-gradient":""}}},"product_brand":[],"product_cat":[2382],"product_tag":[1592,1593,1591,1586,1589,1588,1587,1590,1585,1584,1595,1594],"class_list":{"0":"post-2993","1":"product","2":"type-product","3":"status-publish","4":"has-post-thumbnail","6":"product_cat-buy-opioids-online","7":"product_tag-buy-subutex-in-canada","8":"product_tag-buy-subutex-in-uk","9":"product_tag-buy-subutex-in-usa","10":"product_tag-buy-subutex-with-bitcoin","11":"product_tag-buy-subutex-with-credit-card","12":"product_tag-buy-subutex-with-money-gram","13":"product_tag-buy-subutex-with-western-union","14":"product_tag-buy-subutex-without-a-doctor","15":"product_tag-buy-subutex-without-prescription","16":"product_tag-subutex-for-sale","17":"product_tag-subutex-pills","18":"product_tag-subutex-tablets","19":"desktop-align-center","20":"tablet-align-left","21":"mobile-align-left","23":"first","24":"instock","25":"shipping-taxable","26":"purchasable","27":"product-type-variable","28":"has-default-attributes"},"yoast_head":"<!-- This site is optimized with the Yoast SEO plugin v25.9 - https:\/\/yoast.com\/wordpress\/plugins\/seo\/ -->\n<title>Buy Subtex Online - Subtex for Sale - Order Subtex<\/title>\n<meta name=\"description\" content=\"If you are willing to get Subtex for sale, then we are the right choice for you. Our staff members will help you buy Subtex online at cheap rates. Place your order with us!\" \/>\n<meta name=\"robots\" content=\"index, follow, max-snippet:-1, max-image-preview:large, max-video-preview:-1\" \/>\n<link rel=\"canonical\" href=\"https:\/\/buy-prescriptionz.com\/cs\/produkt\/koupit-subutex-online\/\" \/>\n<meta property=\"og:locale\" content=\"cs_CZ\" \/>\n<meta property=\"og:type\" content=\"article\" \/>\n<meta property=\"og:title\" content=\"Buy Subtex Online - Subtex for Sale - Order Subtex\" \/>\n<meta property=\"og:description\" content=\"If you are willing to get Subtex for sale, then we are the right choice for you. Our staff members will help you buy Subtex online at cheap rates. Place your order with us!\" \/>\n<meta property=\"og:url\" content=\"https:\/\/buy-prescriptionz.com\/cs\/produkt\/koupit-subutex-online\/\" \/>\n<meta property=\"og:site_name\" content=\"Buy Prescriptionz\" \/>\n<meta property=\"article:modified_time\" content=\"2025-09-27T12:06:59+00:00\" \/>\n<meta property=\"og:image\" content=\"https:\/\/buy-prescriptionz.com\/wp-content\/uploads\/2025\/09\/subutex.jpeg\" \/>\n\t<meta property=\"og:image:width\" content=\"400\" \/>\n\t<meta property=\"og:image:height\" content=\"300\" \/>\n\t<meta property=\"og:image:type\" content=\"image\/jpeg\" \/>\n<meta name=\"twitter:card\" content=\"summary_large_image\" \/>\n<meta name=\"twitter:label1\" content=\"Odhadovan\u00e1 doba \u010dten\u00ed\" \/>\n\t<meta name=\"twitter:data1\" content=\"5 minut\" \/>\n<script type=\"application\/ld+json\" class=\"yoast-schema-graph\">{\"@context\":\"https:\/\/schema.org\",\"@graph\":[{\"@type\":\"WebPage\",\"@id\":\"https:\/\/buy-prescriptionz.com\/product\/buy-subutex-online\/\",\"url\":\"https:\/\/buy-prescriptionz.com\/product\/buy-subutex-online\/\",\"name\":\"Buy Subtex Online - Subtex for Sale - Order Subtex\",\"isPartOf\":{\"@id\":\"https:\/\/buy-prescriptionz.com\/#website\"},\"primaryImageOfPage\":{\"@id\":\"https:\/\/buy-prescriptionz.com\/product\/buy-subutex-online\/#primaryimage\"},\"image\":{\"@id\":\"https:\/\/buy-prescriptionz.com\/product\/buy-subutex-online\/#primaryimage\"},\"thumbnailUrl\":\"https:\/\/buy-prescriptionz.com\/wp-content\/uploads\/2025\/09\/subutex.jpeg\",\"datePublished\":\"2025-09-16T08:55:52+00:00\",\"dateModified\":\"2025-09-27T12:06:59+00:00\",\"description\":\"If you are willing to get Subtex for sale, then we are the right choice for you. Our staff members will help you buy Subtex online at cheap rates. Place your order with us!\",\"breadcrumb\":{\"@id\":\"https:\/\/buy-prescriptionz.com\/product\/buy-subutex-online\/#breadcrumb\"},\"inLanguage\":\"cs\",\"potentialAction\":[{\"@type\":\"ReadAction\",\"target\":[\"https:\/\/buy-prescriptionz.com\/product\/buy-subutex-online\/\"]}]},{\"@type\":\"ImageObject\",\"inLanguage\":\"cs\",\"@id\":\"https:\/\/buy-prescriptionz.com\/product\/buy-subutex-online\/#primaryimage\",\"url\":\"https:\/\/buy-prescriptionz.com\/wp-content\/uploads\/2025\/09\/subutex.jpeg\",\"contentUrl\":\"https:\/\/buy-prescriptionz.com\/wp-content\/uploads\/2025\/09\/subutex.jpeg\",\"width\":400,\"height\":300},{\"@type\":\"BreadcrumbList\",\"@id\":\"https:\/\/buy-prescriptionz.com\/product\/buy-subutex-online\/#breadcrumb\",\"itemListElement\":[{\"@type\":\"ListItem\",\"position\":1,\"name\":\"Home\",\"item\":\"https:\/\/buy-prescriptionz.com\/\"},{\"@type\":\"ListItem\",\"position\":2,\"name\":\"Shop Painkillers Online\",\"item\":\"https:\/\/buy-prescriptionz.com\/shop-painkillers-online\/\"},{\"@type\":\"ListItem\",\"position\":3,\"name\":\"Buy Subutex Online\"}]},{\"@type\":\"WebSite\",\"@id\":\"https:\/\/buy-prescriptionz.com\/#website\",\"url\":\"https:\/\/buy-prescriptionz.com\/\",\"name\":\"Buy Prescriptionz\",\"description\":\"Drugs Online\",\"publisher\":{\"@id\":\"https:\/\/buy-prescriptionz.com\/#organization\"},\"potentialAction\":[{\"@type\":\"SearchAction\",\"target\":{\"@type\":\"EntryPoint\",\"urlTemplate\":\"https:\/\/buy-prescriptionz.com\/?s={search_term_string}\"},\"query-input\":{\"@type\":\"PropertyValueSpecification\",\"valueRequired\":true,\"valueName\":\"search_term_string\"}}],\"inLanguage\":\"cs\"},{\"@type\":\"Organization\",\"@id\":\"https:\/\/buy-prescriptionz.com\/#organization\",\"name\":\"Buy Prescriptionz\",\"url\":\"https:\/\/buy-prescriptionz.com\/\",\"logo\":{\"@type\":\"ImageObject\",\"inLanguage\":\"cs\",\"@id\":\"https:\/\/buy-prescriptionz.com\/#\/schema\/logo\/image\/\",\"url\":\"https:\/\/buy-prescriptionz.com\/wp-content\/uploads\/2023\/09\/logo.png\",\"contentUrl\":\"https:\/\/buy-prescriptionz.com\/wp-content\/uploads\/2023\/09\/logo.png\",\"width\":350,\"height\":64,\"caption\":\"Buy Prescriptionz\"},\"image\":{\"@id\":\"https:\/\/buy-prescriptionz.com\/#\/schema\/logo\/image\/\"}}]}<\/script>\n<!-- \/ Yoast SEO plugin. -->","yoast_head_json":{"title":"Koupit Subutex online - Subutex k prodeji - Objednat Subutex","description":"Pokud m\u00e1te z\u00e1jem o prodej Subtextu, pak jsme pro v\u00e1s tou spr\u00e1vnou volbou. Na\u0161i zam\u011bstnanci v\u00e1m pomohou koupit Subutex online za n\u00edzk\u00e9 ceny. Objednejte si u n\u00e1s!","robots":{"index":"index","follow":"follow","max-snippet":"max-snippet:-1","max-image-preview":"max-image-preview:large","max-video-preview":"max-video-preview:-1"},"canonical":"https:\/\/buy-prescriptionz.com\/cs\/produkt\/koupit-subutex-online\/","og_locale":"cs_CZ","og_type":"article","og_title":"Buy Subtex Online - Subtex for Sale - Order Subtex","og_description":"If you are willing to get Subtex for sale, then we are the right choice for you. Our staff members will help you buy Subtex online at cheap rates. Place your order with us!","og_url":"https:\/\/buy-prescriptionz.com\/cs\/produkt\/koupit-subutex-online\/","og_site_name":"Buy Prescriptionz","article_modified_time":"2025-09-27T12:06:59+00:00","og_image":[{"width":400,"height":300,"url":"https:\/\/buy-prescriptionz.com\/wp-content\/uploads\/2025\/09\/subutex.jpeg","type":"image\/jpeg"}],"twitter_card":"summary_large_image","twitter_misc":{"Odhadovan\u00e1 doba \u010dten\u00ed":"5 minut"},"schema":{"@context":"https:\/\/schema.org","@graph":[{"@type":"WebPage","@id":"https:\/\/buy-prescriptionz.com\/product\/buy-subutex-online\/","url":"https:\/\/buy-prescriptionz.com\/product\/buy-subutex-online\/","name":"Koupit Subutex online - Subutex k prodeji - Objednat Subutex","isPartOf":{"@id":"https:\/\/buy-prescriptionz.com\/#website"},"primaryImageOfPage":{"@id":"https:\/\/buy-prescriptionz.com\/product\/buy-subutex-online\/#primaryimage"},"image":{"@id":"https:\/\/buy-prescriptionz.com\/product\/buy-subutex-online\/#primaryimage"},"thumbnailUrl":"https:\/\/buy-prescriptionz.com\/wp-content\/uploads\/2025\/09\/subutex.jpeg","datePublished":"2025-09-16T08:55:52+00:00","dateModified":"2025-09-27T12:06:59+00:00","description":"Pokud m\u00e1te z\u00e1jem o prodej Subtextu, pak jsme pro v\u00e1s tou spr\u00e1vnou volbou. Na\u0161i zam\u011bstnanci v\u00e1m pomohou koupit Subutex online za n\u00edzk\u00e9 ceny. Objednejte si u n\u00e1s!","breadcrumb":{"@id":"https:\/\/buy-prescriptionz.com\/product\/buy-subutex-online\/#breadcrumb"},"inLanguage":"cs","potentialAction":[{"@type":"ReadAction","target":["https:\/\/buy-prescriptionz.com\/product\/buy-subutex-online\/"]}]},{"@type":"ImageObject","inLanguage":"cs","@id":"https:\/\/buy-prescriptionz.com\/product\/buy-subutex-online\/#primaryimage","url":"https:\/\/buy-prescriptionz.com\/wp-content\/uploads\/2025\/09\/subutex.jpeg","contentUrl":"https:\/\/buy-prescriptionz.com\/wp-content\/uploads\/2025\/09\/subutex.jpeg","width":400,"height":300},{"@type":"BreadcrumbList","@id":"https:\/\/buy-prescriptionz.com\/product\/buy-subutex-online\/#breadcrumb","itemListElement":[{"@type":"ListItem","position":1,"name":"Home","item":"https:\/\/buy-prescriptionz.com\/"},{"@type":"ListItem","position":2,"name":"Shop Painkillers Online","item":"https:\/\/buy-prescriptionz.com\/shop-painkillers-online\/"},{"@type":"ListItem","position":3,"name":"Buy Subutex Online"}]},{"@type":"WebSite","@id":"https:\/\/buy-prescriptionz.com\/#website","url":"https:\/\/buy-prescriptionz.com\/","name":"Koupit Prescriptionz","description":"Drogy online","publisher":{"@id":"https:\/\/buy-prescriptionz.com\/#organization"},"potentialAction":[{"@type":"SearchAction","target":{"@type":"EntryPoint","urlTemplate":"https:\/\/buy-prescriptionz.com\/?s={search_term_string}"},"query-input":{"@type":"PropertyValueSpecification","valueRequired":true,"valueName":"search_term_string"}}],"inLanguage":"cs"},{"@type":"Organization","@id":"https:\/\/buy-prescriptionz.com\/#organization","name":"Koupit Prescriptionz","url":"https:\/\/buy-prescriptionz.com\/","logo":{"@type":"ImageObject","inLanguage":"cs","@id":"https:\/\/buy-prescriptionz.com\/#\/schema\/logo\/image\/","url":"https:\/\/buy-prescriptionz.com\/wp-content\/uploads\/2023\/09\/logo.png","contentUrl":"https:\/\/buy-prescriptionz.com\/wp-content\/uploads\/2023\/09\/logo.png","width":350,"height":64,"caption":"Buy Prescriptionz"},"image":{"@id":"https:\/\/buy-prescriptionz.com\/#\/schema\/logo\/image\/"}}]}},"_links":{"self":[{"href":"https:\/\/buy-prescriptionz.com\/cs\/wp-json\/wp\/v2\/product\/2993","targetHints":{"allow":["GET"]}}],"collection":[{"href":"https:\/\/buy-prescriptionz.com\/cs\/wp-json\/wp\/v2\/product"}],"about":[{"href":"https:\/\/buy-prescriptionz.com\/cs\/wp-json\/wp\/v2\/types\/product"}],"replies":[{"embeddable":true,"href":"https:\/\/buy-prescriptionz.com\/cs\/wp-json\/wp\/v2\/comments?post=2993"}],"wp:featuredmedia":[{"embeddable":true,"href":"https:\/\/buy-prescriptionz.com\/cs\/wp-json\/wp\/v2\/media\/3023"}],"wp:attachment":[{"href":"https:\/\/buy-prescriptionz.com\/cs\/wp-json\/wp\/v2\/media?parent=2993"}],"wp:term":[{"taxonomy":"product_brand","embeddable":true,"href":"https:\/\/buy-prescriptionz.com\/cs\/wp-json\/wp\/v2\/product_brand?post=2993"},{"taxonomy":"product_cat","embeddable":true,"href":"https:\/\/buy-prescriptionz.com\/cs\/wp-json\/wp\/v2\/product_cat?post=2993"},{"taxonomy":"product_tag","embeddable":true,"href":"https:\/\/buy-prescriptionz.com\/cs\/wp-json\/wp\/v2\/product_tag?post=2993"}],"curies":[{"name":"wp","href":"https:\/\/api.w.org\/{rel}","templated":true}]}}