{"id":2995,"date":"2025-09-16T08:55:52","date_gmt":"2025-09-16T08:55:52","guid":{"rendered":"https:\/\/chemsfine.com\/newsite\/?post_type=product&#038;p=2995"},"modified":"2026-03-26T18:00:50","modified_gmt":"2026-03-26T18:00:50","slug":"koupit-tramadol-online","status":"publish","type":"product","link":"https:\/\/buy-prescriptionz.com\/cs\/produkt\/koupit-tramadol-online\/","title":{"rendered":"Koupit Tramadol online"},"content":{"rendered":"<h2>Koupit Tramadol online<\/h2>\n<p>Koupit Tramadol online, Tramadol je narkotick\u00fd l\u00e9k proti bolesti pou\u017e\u00edvan\u00fd k l\u00e9\u010db\u011b chronick\u00e9 bolesti. Koupit Tramadol online k peror\u00e1ln\u00edmu u\u017eit\u00ed v rychl\u00e9m slo\u017een\u00ed, \u00faleva od nepohodl\u00ed nastupuje v\u011bt\u0161inou asi za hodinu. Je dostupn\u00fd injek\u010dn\u011b. Koupit Tramadol ve sm\u011bsi s paracetamolem nebo jako dlouhodob\u011b p\u016fsob\u00edc\u00ed l\u00e9kov\u00e9 formy.<\/p>\n<h3>Tramadol k prodeji v d\u00e1vk\u00e1ch 100 mg a 50 mg<\/h3>\n<p>Tramadol online p\u016fsob\u00ed prost\u0159ednictv\u00edm ofici\u00e1ln\u00edch \u03bc-narkotick\u00fdch receptor\u016f na neuronech. Je to inhibitor zp\u011btn\u00e9ho vychyt\u00e1v\u00e1n\u00ed serotoninu a norepinefrinu. V j\u00e1trech se p\u0159em\u011b\u0148uje na O-desmethyltramadol, narkotikum s vy\u0161\u0161\u00edm vlivem na \u03bc-narkotick\u00fd receptor. Tuto l\u00e1tku na chronickou bolest pravd\u011bpodobn\u011b hled\u00e1te v\u0161ude a pot\u0159ebujete v\u011bd\u011bt, jak koupit Tramadol online. Odpov\u011b\u010f je jednoduch\u00e1 jako u ostatn\u00edch, po\u0159i\u010fte si ho na buy-prescriptionz.com. Kupte si Tramadol bez p\u0159edpisu, proto\u017ee jeho \u00fa\u010dinky proti bolesti se projev\u00ed p\u0159ibli\u017en\u011b za hodinu a po peror\u00e1ln\u00edm pod\u00e1n\u00ed s rychl\u00fdm uvol\u0148ov\u00e1n\u00edm doch\u00e1z\u00ed k z\u00e1v\u011bru, \u017ee \u00fa\u010dinek se projev\u00ed za 2 a\u017e 4 hodiny. Tramadol m\u00e1 p\u0159ibli\u017en\u011b desetinovou intenzitu morfinu a je podobn\u011b siln\u00fd ve srovn\u00e1n\u00ed s pethidinem a kodeinem. Desmetramadol je zodpov\u011bdn\u00fd v\u00fdhradn\u011b za narkotick\u00e9 \u00fa\u010dinky tramadolu. Tramadol i desmetramadol maj\u00ed v\u00fdraznou selektivitu pro MOR oproti DOR a KOR, pokud jde o omezuj\u00edc\u00ed afinitu.<\/p>\n<p>Tramadol je \u0161iroce p\u0159edepisovan\u00fd l\u00e9k pou\u017e\u00edvan\u00fd k l\u00e9\u010db\u011b st\u0159edn\u011b siln\u00e9 a\u017e st\u0159edn\u011b siln\u00e9 bolesti. Je to opioidn\u00ed analgetikum, kter\u00e9 p\u016fsob\u00ed tak, \u017ee m\u011bn\u00ed zp\u016fsob, jak\u00fdm mozek a nervov\u00fd syst\u00e9m reaguj\u00ed na bolest, a poskytuje \u00fa\u010dinnou \u00falevu od r\u016fzn\u00fdch onemocn\u011bn\u00ed. Hlavn\u00ed v\u00fdhodou tramadolu je jeho v\u0161estrannost p\u0159i l\u00e9\u010db\u011b r\u016fzn\u00fdch typ\u016f bolesti, a\u0165 u\u017e akutn\u00ed nebo chronick\u00e9. \u010casto se pou\u017e\u00edv\u00e1 p\u0159i onemocn\u011bn\u00edch, jako je poopera\u010dn\u00ed bolest, artritida a dal\u0161\u00ed muskuloskelet\u00e1ln\u00ed bolesti. Schopnost tramadolu \u00fa\u010dinn\u011b zvl\u00e1dat bolest m\u016f\u017ee v\u00fdrazn\u011b zlep\u0161it kvalitu \u017eivota pacienta a umo\u017enit mu vykon\u00e1vat ka\u017edodenn\u00ed \u010dinnosti s men\u0161\u00edm nepohodl\u00edm. Tramadol je k dispozici v r\u016fzn\u00fdch form\u00e1ch, v\u010detn\u011b l\u00e9kov\u00fdch forem s okam\u017eit\u00fdm a prodlou\u017een\u00fdm uvol\u0148ov\u00e1n\u00edm, co\u017e nab\u00edz\u00ed flexibilitu v d\u00e1vkov\u00e1n\u00ed pro spln\u011bn\u00ed individu\u00e1ln\u00edch pot\u0159eb pacienta. Verze s prodlou\u017een\u00fdm uvol\u0148ov\u00e1n\u00edm poskytuje prodlou\u017eenou \u00falevu od bolesti a sni\u017euje pot\u0159ebu opakovan\u00fdch d\u00e1vek b\u011bhem dne. Krom\u011b sv\u00fdch vlastnost\u00ed tlum\u00edc\u00edch bolest je tramadol obecn\u011b dob\u0159e sn\u00e1\u0161en, pokud se pou\u017e\u00edv\u00e1 podle pokyn\u016f. M\u00e1 ni\u017e\u0161\u00ed potenci\u00e1l pro z\u00e1vislost a zneu\u017e\u00edv\u00e1n\u00ed ve srovn\u00e1n\u00ed s jin\u00fdmi siln\u011bj\u0161\u00edmi opioidy, co\u017e z n\u011bj \u010din\u00ed bezpe\u010dn\u011bj\u0161\u00ed volbu pro mnoho pacient\u016f. P\u0159esto je d\u016fle\u017eit\u00e9 u\u017e\u00edvat Tramadol pod dohledem poskytovatele zdravotn\u00ed p\u00e9\u010de, aby se p\u0159ede\u0161lo potenci\u00e1ln\u00edm vedlej\u0161\u00edm \u00fa\u010dink\u016fm a interakc\u00edm s jin\u00fdmi l\u00e9ky. Pro ty, kte\u0159\u00ed cht\u011bj\u00ed pohodln\u011b a bezpe\u010dn\u011b koupit nejlep\u0161\u00ed Tramadol, nab\u00edzej\u00ed online zdroje, jako je buy-prescriptionz.com, spolehlivou mo\u017enost. Tato platforma zaji\u0161\u0165uje, \u017ee pacienti dost\u00e1vaj\u00ed origin\u00e1ln\u00ed l\u00e9ky, a zachov\u00e1v\u00e1 tak \u00fa\u010dinnost i bezpe\u010dnost l\u00e9\u010dby. Tramadol je \u00fa\u010dinn\u00e1 a v\u0161estrann\u00e1 mo\u017enost l\u00e9\u010dby bolesti, kter\u00e1 m\u016f\u017ee v\u00fdrazn\u011b zlep\u0161it kvalitu \u017eivota pacient\u016f s r\u016fzn\u00fdmi bolestiv\u00fdmi stavy. P\u0159i n\u00e1kupu v nejlep\u0161\u00ed l\u00e9k\u00e1rn\u011b, jako je buy-prescriptionz.com, si pacienti mohou b\u00fdt jisti, \u017ee dost\u00e1vaj\u00ed origin\u00e1ln\u00ed a vysoce kvalitn\u00ed l\u00e9ky.<\/p>\n<h3>Dostupnost tramadolu<\/h3>\n<p>Objednejte si Tramadol online v dostupn\u00fdch mno\u017estv\u00edch v tekutin\u00e1ch, sirupech, kapk\u00e1ch, elix\u00edrech, bublinkov\u00fdch tablet\u00e1ch a pr\u00e1\u0161c\u00edch k rozpu\u0161t\u011bn\u00ed ve vod\u011b, n\u00e1dob\u00e1ch, tablet\u00e1ch v\u010detn\u011b p\u0159\u00edpravk\u016f na prodlou\u017een\u00e9 vylu\u010dov\u00e1n\u00ed, \u010d\u00edpc\u00edch, zklid\u0148uj\u00edc\u00edm pr\u00e1\u0161ku a injekc\u00edch. Tramadol si tak\u00e9 m\u016f\u017eete zakoupit online s rychlou a bezpe\u010dnou dopravou na buy-prescriptionz.com.<\/p>\n<h3>Kupte si Tramadol v diskr\u00e9tn\u00edm balen\u00ed kdekoli chcete<\/h3>\n<p>Kupte si Tramadol za n\u00edzkou cenu, kter\u00fd p\u016fsob\u00ed na narkotick\u00e9 receptory prost\u0159ednictv\u00edm sv\u00e9ho v\u00fdznamn\u00e9ho aktivn\u00edho metabolitu desmetramadolu, kter\u00fd m\u00e1 a\u017e 700kr\u00e1t vy\u0161\u0161\u00ed \u00fa\u010dinnost na MOR. Tramadol je k dispozici s rychlou a bezpe\u010dnou dopravou, ale samotn\u00fd v testu se uk\u00e1zal jako ne\u00fa\u010dinn\u00fd p\u0159i aktivaci MOR. Nen\u00ed mnoho d\u016fvod\u016f k domn\u011bnce, kde koupit Tramadol online, proto\u017ee jeho \u00fa\u010dinnost je srovnateln\u00e1 s \u00fa\u010dinnost\u00ed morfinu; p\u0159i extr\u00e9mn\u00ed bolesti je m\u00e9n\u011b \u00fa\u010dinn\u00fd ne\u017e morfin. Tyto \u00fa\u010dinky tlumen\u00ed bolesti trvaj\u00ed p\u0159ibli\u017en\u011b 6 hodin.<\/p>","protected":false},"excerpt":{"rendered":"<p>Buy Tramadol Online Buy Tramadol Online,Tramadol is a narcotic pain prescription used for chronic pain. Buy Tramadol online to take by mouth in a fast discharge formula, the relief from discomfort, for the most part, starts around an hour. It is accessible by injection. Buy Tramadol in blend with paracetamol or as longer-acting formulations. Tramadol [&hellip;]<\/p>","protected":false},"featured_media":3025,"comment_status":"open","ping_status":"closed","template":"","meta":{"site-sidebar-layout":"default","site-content-layout":"","ast-site-content-layout":"default","site-content-style":"default","site-sidebar-style":"default","ast-global-header-display":"","ast-banner-title-visibility":"","ast-main-header-display":"","ast-hfb-above-header-display":"","ast-hfb-below-header-display":"","ast-hfb-mobile-header-display":"","site-post-title":"","ast-breadcrumbs-content":"","ast-featured-img":"","footer-sml-layout":"","theme-transparent-header-meta":"default","adv-header-id-meta":"","stick-header-meta":"","header-above-stick-meta":"","header-main-stick-meta":"","header-below-stick-meta":"","astra-migrate-meta-layouts":"set","ast-page-background-enabled":"default","ast-page-background-meta":{"desktop":{"background-color":"var(--ast-global-color-4)","background-image":"","background-repeat":"repeat","background-position":"center center","background-size":"auto","background-attachment":"scroll","background-type":"","background-media":"","overlay-type":"","overlay-color":"","overlay-opacity":"","overlay-gradient":""},"tablet":{"background-color":"","background-image":"","background-repeat":"repeat","background-position":"center center","background-size":"auto","background-attachment":"scroll","background-type":"","background-media":"","overlay-type":"","overlay-color":"","overlay-opacity":"","overlay-gradient":""},"mobile":{"background-color":"","background-image":"","background-repeat":"repeat","background-position":"center center","background-size":"auto","background-attachment":"scroll","background-type":"","background-media":"","overlay-type":"","overlay-color":"","overlay-opacity":"","overlay-gradient":""}},"ast-content-background-meta":{"desktop":{"background-color":"var(--ast-global-color-5)","background-image":"","background-repeat":"repeat","background-position":"center center","background-size":"auto","background-attachment":"scroll","background-type":"","background-media":"","overlay-type":"","overlay-color":"","overlay-opacity":"","overlay-gradient":""},"tablet":{"background-color":"var(--ast-global-color-5)","background-image":"","background-repeat":"repeat","background-position":"center center","background-size":"auto","background-attachment":"scroll","background-type":"","background-media":"","overlay-type":"","overlay-color":"","overlay-opacity":"","overlay-gradient":""},"mobile":{"background-color":"var(--ast-global-color-5)","background-image":"","background-repeat":"repeat","background-position":"center center","background-size":"auto","background-attachment":"scroll","background-type":"","background-media":"","overlay-type":"","overlay-color":"","overlay-opacity":"","overlay-gradient":""}}},"product_brand":[],"product_cat":[2382],"product_tag":[1545,1546,1544,1539,1542,1541,1540,1543,1538,1537,1548,1547],"class_list":{"0":"post-2995","1":"product","2":"type-product","3":"status-publish","4":"has-post-thumbnail","6":"product_cat-buy-opioids-online","7":"product_tag-buy-tramadol-in-canada","8":"product_tag-buy-tramadol-in-uk","9":"product_tag-buy-tramadol-in-usa","10":"product_tag-buy-tramadol-with-bitcoin","11":"product_tag-buy-tramadol-with-credit-card","12":"product_tag-buy-tramadol-with-money-gram","13":"product_tag-buy-tramadol-with-western-union","14":"product_tag-buy-tramadol-without-a-doctor","15":"product_tag-buy-tramadol-without-prescription","16":"product_tag-tramadol-for-sale","17":"product_tag-tramadol-pills","18":"product_tag-tramadol-tablets","19":"desktop-align-center","20":"tablet-align-left","21":"mobile-align-left","23":"first","24":"instock","25":"shipping-taxable","26":"purchasable","27":"product-type-variable","28":"has-default-attributes"},"yoast_head":"<!-- This site is optimized with the Yoast SEO plugin v25.9 - https:\/\/yoast.com\/wordpress\/plugins\/seo\/ -->\n<title>Buy Tramadol Online - Tramadol for Sale Online<\/title>\n<meta name=\"description\" content=\"At our chem store, you can get Tramadol for sale at cheap rates. We deal with a-grade quality products only. Buy Tramadol online from our store now. Place your order right away!\" \/>\n<meta name=\"robots\" content=\"index, follow, max-snippet:-1, max-image-preview:large, max-video-preview:-1\" \/>\n<link rel=\"canonical\" href=\"https:\/\/buy-prescriptionz.com\/cs\/produkt\/koupit-tramadol-online\/\" \/>\n<meta property=\"og:locale\" content=\"cs_CZ\" \/>\n<meta property=\"og:type\" content=\"article\" \/>\n<meta property=\"og:title\" content=\"Buy Tramadol Online - Tramadol for Sale Online\" \/>\n<meta property=\"og:description\" content=\"At our chem store, you can get Tramadol for sale at cheap rates. We deal with a-grade quality products only. Buy Tramadol online from our store now. Place your order right away!\" \/>\n<meta property=\"og:url\" content=\"https:\/\/buy-prescriptionz.com\/cs\/produkt\/koupit-tramadol-online\/\" \/>\n<meta property=\"og:site_name\" content=\"Buy Prescriptionz\" \/>\n<meta property=\"article:modified_time\" content=\"2026-03-26T18:00:50+00:00\" \/>\n<meta property=\"og:image\" content=\"https:\/\/buy-prescriptionz.com\/wp-content\/uploads\/2025\/09\/tramadol.jpg\" \/>\n\t<meta property=\"og:image:width\" content=\"400\" \/>\n\t<meta property=\"og:image:height\" content=\"300\" \/>\n\t<meta property=\"og:image:type\" content=\"image\/jpeg\" \/>\n<meta name=\"twitter:card\" content=\"summary_large_image\" \/>\n<meta name=\"twitter:label1\" content=\"Odhadovan\u00e1 doba \u010dten\u00ed\" \/>\n\t<meta name=\"twitter:data1\" content=\"2 minuty\" \/>\n<script type=\"application\/ld+json\" class=\"yoast-schema-graph\">{\"@context\":\"https:\/\/schema.org\",\"@graph\":[{\"@type\":\"WebPage\",\"@id\":\"https:\/\/buy-prescriptionz.com\/product\/buy-tramadol-online\/\",\"url\":\"https:\/\/buy-prescriptionz.com\/product\/buy-tramadol-online\/\",\"name\":\"Buy Tramadol Online - Tramadol for Sale Online\",\"isPartOf\":{\"@id\":\"https:\/\/buy-prescriptionz.com\/#website\"},\"primaryImageOfPage\":{\"@id\":\"https:\/\/buy-prescriptionz.com\/product\/buy-tramadol-online\/#primaryimage\"},\"image\":{\"@id\":\"https:\/\/buy-prescriptionz.com\/product\/buy-tramadol-online\/#primaryimage\"},\"thumbnailUrl\":\"https:\/\/buy-prescriptionz.com\/wp-content\/uploads\/2025\/09\/tramadol.jpg\",\"datePublished\":\"2025-09-16T08:55:52+00:00\",\"dateModified\":\"2026-03-26T18:00:50+00:00\",\"description\":\"At our chem store, you can get Tramadol for sale at cheap rates. We deal with a-grade quality products only. Buy Tramadol online from our store now. Place your order right away!\",\"breadcrumb\":{\"@id\":\"https:\/\/buy-prescriptionz.com\/product\/buy-tramadol-online\/#breadcrumb\"},\"inLanguage\":\"cs\",\"potentialAction\":[{\"@type\":\"ReadAction\",\"target\":[\"https:\/\/buy-prescriptionz.com\/product\/buy-tramadol-online\/\"]}]},{\"@type\":\"ImageObject\",\"inLanguage\":\"cs\",\"@id\":\"https:\/\/buy-prescriptionz.com\/product\/buy-tramadol-online\/#primaryimage\",\"url\":\"https:\/\/buy-prescriptionz.com\/wp-content\/uploads\/2025\/09\/tramadol.jpg\",\"contentUrl\":\"https:\/\/buy-prescriptionz.com\/wp-content\/uploads\/2025\/09\/tramadol.jpg\",\"width\":400,\"height\":300},{\"@type\":\"BreadcrumbList\",\"@id\":\"https:\/\/buy-prescriptionz.com\/product\/buy-tramadol-online\/#breadcrumb\",\"itemListElement\":[{\"@type\":\"ListItem\",\"position\":1,\"name\":\"Home\",\"item\":\"https:\/\/buy-prescriptionz.com\/\"},{\"@type\":\"ListItem\",\"position\":2,\"name\":\"Shop Painkillers Online\",\"item\":\"https:\/\/buy-prescriptionz.com\/shop-painkillers-online\/\"},{\"@type\":\"ListItem\",\"position\":3,\"name\":\"Buy Tramadol Online\"}]},{\"@type\":\"WebSite\",\"@id\":\"https:\/\/buy-prescriptionz.com\/#website\",\"url\":\"https:\/\/buy-prescriptionz.com\/\",\"name\":\"Buy Prescriptionz\",\"description\":\"Drugs Online\",\"publisher\":{\"@id\":\"https:\/\/buy-prescriptionz.com\/#organization\"},\"potentialAction\":[{\"@type\":\"SearchAction\",\"target\":{\"@type\":\"EntryPoint\",\"urlTemplate\":\"https:\/\/buy-prescriptionz.com\/?s={search_term_string}\"},\"query-input\":{\"@type\":\"PropertyValueSpecification\",\"valueRequired\":true,\"valueName\":\"search_term_string\"}}],\"inLanguage\":\"cs\"},{\"@type\":\"Organization\",\"@id\":\"https:\/\/buy-prescriptionz.com\/#organization\",\"name\":\"Buy Prescriptionz\",\"url\":\"https:\/\/buy-prescriptionz.com\/\",\"logo\":{\"@type\":\"ImageObject\",\"inLanguage\":\"cs\",\"@id\":\"https:\/\/buy-prescriptionz.com\/#\/schema\/logo\/image\/\",\"url\":\"https:\/\/buy-prescriptionz.com\/wp-content\/uploads\/2023\/09\/logo.png\",\"contentUrl\":\"https:\/\/buy-prescriptionz.com\/wp-content\/uploads\/2023\/09\/logo.png\",\"width\":350,\"height\":64,\"caption\":\"Buy Prescriptionz\"},\"image\":{\"@id\":\"https:\/\/buy-prescriptionz.com\/#\/schema\/logo\/image\/\"}}]}<\/script>\n<!-- \/ Yoast SEO plugin. -->","yoast_head_json":{"title":"Koupit Tramadol online - Tramadol na prodej online","description":"V na\u0161em obchod\u011b s l\u00e9ky si m\u016f\u017eete Tramadol po\u0159\u00eddit za n\u00edzk\u00e9 ceny. Obchodujeme pouze s produkty nejvy\u0161\u0161\u00ed kvality. Kupte si Tramadol online v na\u0161em obchod\u011b hned te\u010f. Objednejte si hned!","robots":{"index":"index","follow":"follow","max-snippet":"max-snippet:-1","max-image-preview":"max-image-preview:large","max-video-preview":"max-video-preview:-1"},"canonical":"https:\/\/buy-prescriptionz.com\/cs\/produkt\/koupit-tramadol-online\/","og_locale":"cs_CZ","og_type":"article","og_title":"Buy Tramadol Online - Tramadol for Sale Online","og_description":"At our chem store, you can get Tramadol for sale at cheap rates. We deal with a-grade quality products only. Buy Tramadol online from our store now. Place your order right away!","og_url":"https:\/\/buy-prescriptionz.com\/cs\/produkt\/koupit-tramadol-online\/","og_site_name":"Buy Prescriptionz","article_modified_time":"2026-03-26T18:00:50+00:00","og_image":[{"width":400,"height":300,"url":"https:\/\/buy-prescriptionz.com\/wp-content\/uploads\/2025\/09\/tramadol.jpg","type":"image\/jpeg"}],"twitter_card":"summary_large_image","twitter_misc":{"Odhadovan\u00e1 doba \u010dten\u00ed":"2 minuty"},"schema":{"@context":"https:\/\/schema.org","@graph":[{"@type":"WebPage","@id":"https:\/\/buy-prescriptionz.com\/product\/buy-tramadol-online\/","url":"https:\/\/buy-prescriptionz.com\/product\/buy-tramadol-online\/","name":"Koupit Tramadol online - Tramadol na prodej online","isPartOf":{"@id":"https:\/\/buy-prescriptionz.com\/#website"},"primaryImageOfPage":{"@id":"https:\/\/buy-prescriptionz.com\/product\/buy-tramadol-online\/#primaryimage"},"image":{"@id":"https:\/\/buy-prescriptionz.com\/product\/buy-tramadol-online\/#primaryimage"},"thumbnailUrl":"https:\/\/buy-prescriptionz.com\/wp-content\/uploads\/2025\/09\/tramadol.jpg","datePublished":"2025-09-16T08:55:52+00:00","dateModified":"2026-03-26T18:00:50+00:00","description":"V na\u0161em obchod\u011b s l\u00e9ky si m\u016f\u017eete Tramadol po\u0159\u00eddit za n\u00edzk\u00e9 ceny. Obchodujeme pouze s produkty nejvy\u0161\u0161\u00ed kvality. Kupte si Tramadol online v na\u0161em obchod\u011b hned te\u010f. Objednejte si hned!","breadcrumb":{"@id":"https:\/\/buy-prescriptionz.com\/product\/buy-tramadol-online\/#breadcrumb"},"inLanguage":"cs","potentialAction":[{"@type":"ReadAction","target":["https:\/\/buy-prescriptionz.com\/product\/buy-tramadol-online\/"]}]},{"@type":"ImageObject","inLanguage":"cs","@id":"https:\/\/buy-prescriptionz.com\/product\/buy-tramadol-online\/#primaryimage","url":"https:\/\/buy-prescriptionz.com\/wp-content\/uploads\/2025\/09\/tramadol.jpg","contentUrl":"https:\/\/buy-prescriptionz.com\/wp-content\/uploads\/2025\/09\/tramadol.jpg","width":400,"height":300},{"@type":"BreadcrumbList","@id":"https:\/\/buy-prescriptionz.com\/product\/buy-tramadol-online\/#breadcrumb","itemListElement":[{"@type":"ListItem","position":1,"name":"Home","item":"https:\/\/buy-prescriptionz.com\/"},{"@type":"ListItem","position":2,"name":"Shop Painkillers Online","item":"https:\/\/buy-prescriptionz.com\/shop-painkillers-online\/"},{"@type":"ListItem","position":3,"name":"Buy Tramadol Online"}]},{"@type":"WebSite","@id":"https:\/\/buy-prescriptionz.com\/#website","url":"https:\/\/buy-prescriptionz.com\/","name":"Koupit Prescriptionz","description":"Drogy online","publisher":{"@id":"https:\/\/buy-prescriptionz.com\/#organization"},"potentialAction":[{"@type":"SearchAction","target":{"@type":"EntryPoint","urlTemplate":"https:\/\/buy-prescriptionz.com\/?s={search_term_string}"},"query-input":{"@type":"PropertyValueSpecification","valueRequired":true,"valueName":"search_term_string"}}],"inLanguage":"cs"},{"@type":"Organization","@id":"https:\/\/buy-prescriptionz.com\/#organization","name":"Koupit Prescriptionz","url":"https:\/\/buy-prescriptionz.com\/","logo":{"@type":"ImageObject","inLanguage":"cs","@id":"https:\/\/buy-prescriptionz.com\/#\/schema\/logo\/image\/","url":"https:\/\/buy-prescriptionz.com\/wp-content\/uploads\/2023\/09\/logo.png","contentUrl":"https:\/\/buy-prescriptionz.com\/wp-content\/uploads\/2023\/09\/logo.png","width":350,"height":64,"caption":"Buy Prescriptionz"},"image":{"@id":"https:\/\/buy-prescriptionz.com\/#\/schema\/logo\/image\/"}}]}},"_links":{"self":[{"href":"https:\/\/buy-prescriptionz.com\/cs\/wp-json\/wp\/v2\/product\/2995","targetHints":{"allow":["GET"]}}],"collection":[{"href":"https:\/\/buy-prescriptionz.com\/cs\/wp-json\/wp\/v2\/product"}],"about":[{"href":"https:\/\/buy-prescriptionz.com\/cs\/wp-json\/wp\/v2\/types\/product"}],"replies":[{"embeddable":true,"href":"https:\/\/buy-prescriptionz.com\/cs\/wp-json\/wp\/v2\/comments?post=2995"}],"wp:featuredmedia":[{"embeddable":true,"href":"https:\/\/buy-prescriptionz.com\/cs\/wp-json\/wp\/v2\/media\/3025"}],"wp:attachment":[{"href":"https:\/\/buy-prescriptionz.com\/cs\/wp-json\/wp\/v2\/media?parent=2995"}],"wp:term":[{"taxonomy":"product_brand","embeddable":true,"href":"https:\/\/buy-prescriptionz.com\/cs\/wp-json\/wp\/v2\/product_brand?post=2995"},{"taxonomy":"product_cat","embeddable":true,"href":"https:\/\/buy-prescriptionz.com\/cs\/wp-json\/wp\/v2\/product_cat?post=2995"},{"taxonomy":"product_tag","embeddable":true,"href":"https:\/\/buy-prescriptionz.com\/cs\/wp-json\/wp\/v2\/product_tag?post=2995"}],"curies":[{"name":"wp","href":"https:\/\/api.w.org\/{rel}","templated":true}]}}