{"id":2996,"date":"2025-09-16T08:55:53","date_gmt":"2025-09-16T08:55:53","guid":{"rendered":"https:\/\/chemsfine.com\/newsite\/?post_type=product&#038;p=2996"},"modified":"2025-09-25T07:26:18","modified_gmt":"2025-09-25T07:26:18","slug":"koupit-percocet-online","status":"publish","type":"product","link":"https:\/\/buy-prescriptionz.com\/cs\/produkt\/koupit-percocet-online\/","title":{"rendered":"Koupit Percocet online"},"content":{"rendered":"<h2>KOUPIT PERCOCET ONLINE<\/h2>\n<p>Percocet zn\u00e1m\u00fd tak\u00e9 jako oxykodon a paracetamol je siln\u00e9 narkotikum tlum\u00edc\u00ed bolest a ka\u0161el, podobn\u00e9 morfinu, kodeinu a hydrokodonu. Pou\u017e\u00edv\u00e1 se k l\u00e9\u010db\u011b st\u0159edn\u011b siln\u00e9 a\u017e siln\u00e9 bolesti, bolest\u00ed hlavy, migr\u00e9ny apod. Je to l\u00e9k proti bolesti, kter\u00fd je sou\u010d\u00e1st\u00ed skupiny l\u00e9k\u016f zn\u00e1m\u00fdch jako narkotika. Navzdory tomu, \u017ee n\u011bkter\u00e9 se ur\u010duj\u00ed norm\u00e1ln\u011b, nap\u0159\u00edklad heroin nebo morfin, jin\u00e9 se kombinuj\u00ed v laborato\u0159i, v\u010detn\u011b hydrokodonu a oxykodonu. Jedn\u00e1 se o obchodn\u00ed n\u00e1zev l\u00e9ku, kter\u00fd m\u00eds\u00ed oxykodon a paracetamol, co\u017e je b\u011b\u017en\u00fd n\u00e1zev pro l\u00e9ky, nap\u0159\u00edklad Tylenol.<br \/>\nPercocet m\u016f\u017ee spolupracovat s dal\u0161\u00edmi opi\u00e1tov\u00fdmi l\u00e9ky na tr\u00e1pen\u00ed, narkotiky, sedativy, pr\u00e1\u0161ky na span\u00ed, svalov\u00fdmi relaxanty, r\u016fzn\u00fdmi l\u00e9ky na p\u0159edpis, kter\u00e9 mohou zp\u016fsobit letargii nebo zm\u00edrnit d\u00fdch\u00e1n\u00ed, glykopyrol\u00e1tem, mepenzol\u00e1tem, atropinem, benztropinem, dimenhydrin\u00e1tem, methscopolaminem, skopolaminem, l\u00e9ky na mo\u010dov\u00fd m\u011bch\u00fd\u0159 nebo mo\u010dov\u00e9 cesty, bronchodilatancii nebo l\u00e9ky proti zlomenin\u00e1m. Tyto opi\u00e1ty maj\u00ed ekvivalentn\u00ed bun\u011b\u010dnou strukturu. Narkotika, nap\u0159\u00edklad Percocet, se uzamykaj\u00ed na narkotick\u00e9 receptory v mozku. Mohou vyvolat pocit vytr\u017een\u00ed a znecitlivit tr\u00e1pen\u00ed, ale mohou tak\u00e9 m\u00edrnit relaxaci.<\/p>\n<h3>Koupit Percocet online<\/h3>\n<p>Percocet je l\u00e9k na p\u0159edpis, kter\u00fd kombinuje dv\u011b \u00fa\u010dinn\u00e9 l\u00e1tky: oxykodon, opioidn\u00ed analgetikum, a paracetamol, neopioidn\u00ed l\u00e9k proti bolesti. Pou\u017e\u00edv\u00e1 se prim\u00e1rn\u011b k l\u00e9\u010db\u011b st\u0159edn\u011b siln\u00e9 a\u017e siln\u00e9 bolesti, kterou nelze zvl\u00e1dnout jin\u00fdmi l\u00e9ky proti bolesti. Zde je p\u0159ehled Percocetu a jeho v\u00fdhod:<\/p>\n<ul>\n<li>Slo\u017een\u00ed: nejlep\u0161\u00ed Percocet obsahuje oxykodon, kter\u00fd m\u011bn\u00ed zp\u016fsob, jak\u00fdm mozek vn\u00edm\u00e1 bolest, a paracetamol, kter\u00fd zesiluje \u00fa\u010dinky oxykodonu na \u00falevu od bolesti a m\u016f\u017ee sni\u017eovat hore\u010dku.<\/li>\n<li>Formy: Je k dispozici ve form\u011b tablet s r\u016fznou silou oxykodonu a acetaminofenu.<\/li>\n<li>Pou\u017eit\u00ed: Percocet se p\u0159edepisuje ke kr\u00e1tkodob\u00e9 \u00falev\u011b od akutn\u00ed bolesti, jako je bolest po operaci, \u00farazu nebo siln\u00e1 bolest sval\u016f. Obvykle nen\u00ed ur\u010den k dlouhodob\u00e9mu u\u017e\u00edv\u00e1n\u00ed kv\u016fli riziku z\u00e1vislosti a mo\u017en\u00fdm vedlej\u0161\u00edm \u00fa\u010dink\u016fm.<\/li>\n<\/ul>\n<h3>V\u00fdhody<\/h3>\n<ol>\n<li>\u00da\u010dinn\u00e1 \u00faleva od bolesti: Kombinace oxykodonu a paracetamolu \u010din\u00ed Percocet vysoce \u00fa\u010dinn\u00fdm p\u0159i zvl\u00e1d\u00e1n\u00ed bolesti, kterou jin\u00e9 l\u00e9ky nemus\u00ed dostate\u010dn\u011b kontrolovat.<\/li>\n<li>Dvoj\u00ed \u00fa\u010dinek: Kombinac\u00ed opioidu s neopioidn\u00edm l\u00e9kem proti bolesti poskytuje Percocet dvoj\u00ed mechanismus \u00falevy od bolesti, kter\u00fd m\u016f\u017ee b\u00fdt \u00fa\u010dinn\u011bj\u0161\u00ed ne\u017e pou\u017eit\u00ed kter\u00e9koli z t\u011bchto slo\u017eek samostatn\u011b.<\/li>\n<li>Zlep\u0161en\u00ed kvality \u017eivota: \u00da\u010dinn\u00e1 l\u00e9\u010dba bolesti pomoc\u00ed hydrokodonu m\u016f\u017ee v\u00e9st k v\u00fdznamn\u00e9mu zlep\u0161en\u00ed kvality \u017eivota pacienta, co\u017e umo\u017e\u0148uje v\u011bt\u0161\u00ed funk\u010dnost a pohodl\u00ed p\u0159i ka\u017edodenn\u00edch \u010dinnostech.<\/li>\n<li>Kr\u00e1tkodob\u00e9 u\u017e\u00edv\u00e1n\u00ed: P\u0159i akutn\u00edch epizod\u00e1ch bolesti je Percocet cennou volbou, kter\u00e1 m\u016f\u017ee poskytnout rychlou \u00falevu a pomoci pacient\u016fm pohodln\u011bji se zotavit b\u011bhem kritick\u00fdch obdob\u00ed bolesti.<\/li>\n<\/ol>\n<p>Percocet je \u00fa\u010dinn\u00fd l\u00e9k na zvl\u00e1d\u00e1n\u00ed st\u0159edn\u011b siln\u00e9 a\u017e siln\u00e9 bolesti, kter\u00fd nab\u00edz\u00ed \u00fa\u010dinnou a rychlou \u00falevu d\u00edky kombinaci oxykodonu a paracetamolu. I kdy\u017e by m\u011bl b\u00fdt u\u017e\u00edv\u00e1n pod pe\u010dliv\u00fdm l\u00e9ka\u0159sk\u00fdm dohledem, aby se p\u0159ede\u0161lo riziku z\u00e1vislosti a ne\u017e\u00e1douc\u00edch \u00fa\u010dink\u016f, Percocet m\u016f\u017ee v\u00fdznamn\u011b zlep\u0161it kvalitu \u017eivota pacient\u016f pot\u00fdkaj\u00edc\u00edch se s epizodami akutn\u00ed bolesti. V\u017edy se ujist\u011bte, \u017ee Percocet kupujete v nejlep\u0161\u00ed l\u00e9k\u00e1rn\u011b, tj. buy-prescriptionz.com, abyste zaru\u010dili pravost a bezpe\u010dnost l\u00e9ku.<\/p>\n<p>Percocet je pravideln\u011b doporu\u010dov\u00e1n pacient\u016fm, kte\u0159\u00ed trp\u00ed bolestmi, a\u0165 u\u017e v d\u016fsledku c\u00edsa\u0159sk\u00e9ho \u0159ezu nebo zlomeniny kosti. Narkotika se li\u0161\u00ed \u010dasov\u00fdm rozp\u011bt\u00edm mezi okam\u017eikem, kdy jsou u\u017eita, a okam\u017eikem, kdy klient poc\u00edt\u00ed \u00fa\u010dinek. Oxykodon, narkotikum obsa\u017een\u00e9 v p\u0159\u00edpravku Percocet, p\u016fsob\u00ed st\u0159edn\u011b rychle. P\u0159\u00edpravek Percocet si m\u016f\u017eete koupit online na adrese info@buy-prescriptionz.com. Ke koupi tohoto l\u00e9ku nepot\u0159ebujete l\u00e9ka\u0159sk\u00fd p\u0159edpis, tak\u017ee si m\u016f\u017eete koupit Percocet online za levn\u00e9 ceny bez l\u00e9ka\u0159e na info@buy-prescriptionz.com.<\/p>\n<h3>N\u011bkter\u00e9 z b\u011b\u017en\u00fdch zp\u016fsob\u016f pou\u017eit\u00ed p\u0159\u00edpravku Percocet jsou n\u00e1sleduj\u00edc\u00ed:<\/h3>\n<p>-bolest<br \/>\n-bolesti v noze (noh\u00e1ch)<br \/>\n-bolesti hlavy s migr\u00e9nou<br \/>\n-bolest cel\u00e9ho t\u011bla<br \/>\n-pr\u016flomov\u00e1 bolest<br \/>\n-fibromyalgie<\/p>\n<h3><strong>FUNKCE<\/strong>:<\/h3>\n<p><strong>Kdy\u017e u\u017e mluv\u00edme o vlastnostech p\u0159\u00edpravku Percocet , jedn\u00e1 se o \u0161pi\u010dkov\u00fd l\u00e9k proti bolesti vyu\u017e\u00edvan\u00fd k:<\/strong><br \/>\n- L\u00e9\u010dba siln\u00fdch bolest\u00ed<br \/>\n- L\u00e9\u010dba nervozity<br \/>\n- Vytvo\u0159it nad\u0161en\u00ed<br \/>\n- Nab\u00eddka sedace<br \/>\n- Vytv\u00e1\u0159ejte anxiolytika a dezinhibice.<\/p>\n<h3>VEDLEJ\u0160\u00cd \u00da\u010cINKY PERKOCETU:<\/h3>\n<p><strong>Mluv\u00edme-li o m\u00edrn\u00fdch \u00fa\u010dinc\u00edch, kter\u00e9 jsou zp\u016fsobeny t\u00edmto pr\u00e1\u0161kem:<\/strong><br \/>\n- probl\u00e9m se sp\u00e1nkem<br \/>\n-z\u00e1cpa<br \/>\n-nevolnost<br \/>\n-zvracen\u00ed<br \/>\n-\u017ealude\u010dn\u00ed nevolnost<\/p>\n<h3>KDE KOUPIT PERCOCET?<\/h3>\n<p>N\u00e1kup Percocet online na BUY PRESCRIPTIONZ, m\u016f\u017eete splnit sv\u00e9 vzd\u011bl\u00e1vac\u00ed pot\u0159eby a z\u00e1rove\u0148 poskytnout chr\u00e1n\u011bn\u00e9 a \u00fasp\u011b\u0161n\u00e9 pacienta ohleduplnost. V p\u0159\u00edpad\u011b jak\u00e9hokoli dal\u0161\u00edho dotazu se m\u016f\u017eete obr\u00e1tit tak\u00e9 na info@buy-prescriptionz.com k dispozici ke koupi online je dostupn\u00fd zde, nejlep\u0161\u00ed cena. Vy\u017e\u00e1dejte si nejlep\u0161\u00ed l\u00e9ky odtud v tomto okam\u017eiku!<br \/>\nZARU\u010cUJEME NEJLEP\u0160\u00cd KVALITU, JAK SI KOUPIT PRESCRIPTIONZ ONLINE OD N\u00c1S A PEN\u00cdZE JSOU VR\u00c1CENY 100% POKUD NEN\u00cd DOD\u00c1N NEBO \u0160PATN\u00c9 KVALITY.<\/p>\n<p><strong>NEJLEP\u0160\u00cd PERCOCET SI M\u016e\u017dETE KOUPIT ONLINE S PLNOU JISTOTOU A DOKONCE V DISKR\u00c9TN\u00cdM BALEN\u00cd OD BUY PRESCRIPTIONZ.<\/strong><\/p>\n<p>VYR\u00c1B\u00cdME VYSOCE KVALITN\u00cd PERCOCET A M\u00c1ME OBROVSKOU MEZIN\u00c1RODN\u00cd C\u00cdLOVOU OBLAST ZE SPOJEN\u00ddCH ST\u00c1T\u016e, AUSTR\u00c1LIE, KANADY A MNOHA EVROPSK\u00ddCH ZEM\u00cd. JSME ZN\u00c1M\u00cd SVOU VYSOKOU KVALITOU A SLU\u017dBAMI SPOLU SE ZDRAV\u00ddMI SLEVAMI.<br \/>\nPOSKYTUJEME VYSOCE KVALITN\u00cd DOPRAVU A M\u016e\u017dETE PLATIT POMOC\u00cd BITCOINS, WESTERN UNION, MONEY GRAM, DEBETN\u00cd KARTY A KREDITN\u00cd KARTY.<br \/>\nZ\u00c1LE\u017d\u00cd N\u00c1M NA NA\u0160ICH Z\u00c1KAZN\u00cdC\u00cdCH, A PROTO JE POSKYTUJEME ZA N\u00cdZK\u00c9 CENY A S RYCHL\u00ddM DOD\u00c1N\u00cdM A V\u011a\u0158\u00cdME V UDR\u017dOV\u00c1N\u00cd ZDRAV\u00ddCH DLOUHODOB\u00ddCH OBCHODN\u00cdCH VZTAH\u016e.<\/p>\n<p><strong>V P\u0158\u00cdPAD\u011a JAK\u00ddCHKOLI DAL\u0160\u00cdCH DOTAZ\u016e NEBO OT\u00c1ZEK N\u00c1S M\u016e\u017dETE KONTAKTOVAT NA ADRESE:<\/strong><\/p>\n<p>ADRESA: 115 FIRE ACCESS ROAD, ALBANY, NY 12223(USA)<br \/>\nEMAIL: info@buy-prescriptionz.com<br \/>\nCALL\/WHATSAPP: +1(510)972-3097<\/p>","protected":false},"excerpt":{"rendered":"<p>BUY PERCOCET ONLINE Percocet also known as oxycodone and acetaminophen is a strong narcotic pain-reliever and cough suppressant similar to morphine, codeine, and hydrocodone. It is used to treat moderate to severe pain, headaches, migraine pain etc. It is a painkiller that is a piece of a group of medications known as narcotics. In spite [&hellip;]<\/p>","protected":false},"featured_media":3026,"comment_status":"open","ping_status":"closed","template":"","meta":{"site-sidebar-layout":"default","site-content-layout":"","ast-site-content-layout":"default","site-content-style":"default","site-sidebar-style":"default","ast-global-header-display":"","ast-banner-title-visibility":"","ast-main-header-display":"","ast-hfb-above-header-display":"","ast-hfb-below-header-display":"","ast-hfb-mobile-header-display":"","site-post-title":"","ast-breadcrumbs-content":"","ast-featured-img":"","footer-sml-layout":"","theme-transparent-header-meta":"default","adv-header-id-meta":"","stick-header-meta":"","header-above-stick-meta":"","header-main-stick-meta":"","header-below-stick-meta":"","astra-migrate-meta-layouts":"set","ast-page-background-enabled":"default","ast-page-background-meta":{"desktop":{"background-color":"var(--ast-global-color-4)","background-image":"","background-repeat":"repeat","background-position":"center center","background-size":"auto","background-attachment":"scroll","background-type":"","background-media":"","overlay-type":"","overlay-color":"","overlay-opacity":"","overlay-gradient":""},"tablet":{"background-color":"","background-image":"","background-repeat":"repeat","background-position":"center center","background-size":"auto","background-attachment":"scroll","background-type":"","background-media":"","overlay-type":"","overlay-color":"","overlay-opacity":"","overlay-gradient":""},"mobile":{"background-color":"","background-image":"","background-repeat":"repeat","background-position":"center center","background-size":"auto","background-attachment":"scroll","background-type":"","background-media":"","overlay-type":"","overlay-color":"","overlay-opacity":"","overlay-gradient":""}},"ast-content-background-meta":{"desktop":{"background-color":"var(--ast-global-color-5)","background-image":"","background-repeat":"repeat","background-position":"center center","background-size":"auto","background-attachment":"scroll","background-type":"","background-media":"","overlay-type":"","overlay-color":"","overlay-opacity":"","overlay-gradient":""},"tablet":{"background-color":"var(--ast-global-color-5)","background-image":"","background-repeat":"repeat","background-position":"center center","background-size":"auto","background-attachment":"scroll","background-type":"","background-media":"","overlay-type":"","overlay-color":"","overlay-opacity":"","overlay-gradient":""},"mobile":{"background-color":"var(--ast-global-color-5)","background-image":"","background-repeat":"repeat","background-position":"center center","background-size":"auto","background-attachment":"scroll","background-type":"","background-media":"","overlay-type":"","overlay-color":"","overlay-opacity":"","overlay-gradient":""}}},"product_brand":[],"product_cat":[2382],"product_tag":[1533,1534,1532,1527,1530,1529,1528,1531,1526,1525,1536,1535],"class_list":{"0":"post-2996","1":"product","2":"type-product","3":"status-publish","4":"has-post-thumbnail","6":"product_cat-buy-opioids-online","7":"product_tag-buy-percocet-in-canada","8":"product_tag-buy-percocet-in-uk","9":"product_tag-buy-percocet-in-usa","10":"product_tag-buy-percocet-with-bitcoin","11":"product_tag-buy-percocet-with-credit-card","12":"product_tag-buy-percocet-with-money-gram","13":"product_tag-buy-percocet-with-western-union","14":"product_tag-buy-percocet-without-a-doctor","15":"product_tag-buy-percocet-without-prescription","16":"product_tag-percocet-for-sale","17":"product_tag-percocet-pills","18":"product_tag-percocet-tablets","19":"desktop-align-center","20":"tablet-align-left","21":"mobile-align-left","23":"first","24":"instock","25":"shipping-taxable","26":"purchasable","27":"product-type-variable","28":"has-default-attributes"},"yoast_head":"<!-- This site is optimized with the Yoast SEO plugin v25.9 - https:\/\/yoast.com\/wordpress\/plugins\/seo\/ -->\n<title>Percocet for Sale - Buy Percocet Online<\/title>\n<meta name=\"description\" content=\"Buyprescriptionz.com is an online pharmacy store where you can Buy Percocet Online at best price without doctor&#039;s prescription. Buy Percocet Online Now with Free &amp; Secure Shipping!\" \/>\n<meta name=\"robots\" content=\"index, follow, max-snippet:-1, max-image-preview:large, max-video-preview:-1\" \/>\n<link rel=\"canonical\" href=\"https:\/\/buy-prescriptionz.com\/cs\/produkt\/koupit-percocet-online\/\" \/>\n<meta property=\"og:locale\" content=\"cs_CZ\" \/>\n<meta property=\"og:type\" content=\"article\" \/>\n<meta property=\"og:title\" content=\"Percocet for Sale - Buy Percocet Online\" \/>\n<meta property=\"og:description\" content=\"Buyprescriptionz.com is an online pharmacy store where you can Buy Percocet Online at best price without doctor&#039;s prescription. Buy Percocet Online Now with Free &amp; Secure Shipping!\" \/>\n<meta property=\"og:url\" content=\"https:\/\/buy-prescriptionz.com\/cs\/produkt\/koupit-percocet-online\/\" \/>\n<meta property=\"og:site_name\" content=\"Buy Prescriptionz\" \/>\n<meta property=\"article:modified_time\" content=\"2025-09-25T07:26:18+00:00\" \/>\n<meta property=\"og:image\" content=\"https:\/\/buy-prescriptionz.com\/wp-content\/uploads\/2025\/09\/percocet.jpg\" \/>\n\t<meta property=\"og:image:width\" content=\"400\" \/>\n\t<meta property=\"og:image:height\" content=\"300\" \/>\n\t<meta property=\"og:image:type\" content=\"image\/jpeg\" \/>\n<meta name=\"twitter:card\" content=\"summary_large_image\" \/>\n<meta name=\"twitter:label1\" content=\"Odhadovan\u00e1 doba \u010dten\u00ed\" \/>\n\t<meta name=\"twitter:data1\" content=\"5 minut\" \/>\n<script type=\"application\/ld+json\" class=\"yoast-schema-graph\">{\"@context\":\"https:\/\/schema.org\",\"@graph\":[{\"@type\":\"WebPage\",\"@id\":\"https:\/\/buy-prescriptionz.com\/product\/buy-percocet-online\/\",\"url\":\"https:\/\/buy-prescriptionz.com\/product\/buy-percocet-online\/\",\"name\":\"Percocet for Sale - Buy Percocet Online\",\"isPartOf\":{\"@id\":\"https:\/\/buy-prescriptionz.com\/#website\"},\"primaryImageOfPage\":{\"@id\":\"https:\/\/buy-prescriptionz.com\/product\/buy-percocet-online\/#primaryimage\"},\"image\":{\"@id\":\"https:\/\/buy-prescriptionz.com\/product\/buy-percocet-online\/#primaryimage\"},\"thumbnailUrl\":\"https:\/\/buy-prescriptionz.com\/wp-content\/uploads\/2025\/09\/percocet.jpg\",\"datePublished\":\"2025-09-16T08:55:53+00:00\",\"dateModified\":\"2025-09-25T07:26:18+00:00\",\"description\":\"Buyprescriptionz.com is an online pharmacy store where you can Buy Percocet Online at best price without doctor's prescription. Buy Percocet Online Now with Free & Secure Shipping!\",\"breadcrumb\":{\"@id\":\"https:\/\/buy-prescriptionz.com\/product\/buy-percocet-online\/#breadcrumb\"},\"inLanguage\":\"cs\",\"potentialAction\":[{\"@type\":\"ReadAction\",\"target\":[\"https:\/\/buy-prescriptionz.com\/product\/buy-percocet-online\/\"]}]},{\"@type\":\"ImageObject\",\"inLanguage\":\"cs\",\"@id\":\"https:\/\/buy-prescriptionz.com\/product\/buy-percocet-online\/#primaryimage\",\"url\":\"https:\/\/buy-prescriptionz.com\/wp-content\/uploads\/2025\/09\/percocet.jpg\",\"contentUrl\":\"https:\/\/buy-prescriptionz.com\/wp-content\/uploads\/2025\/09\/percocet.jpg\",\"width\":400,\"height\":300},{\"@type\":\"BreadcrumbList\",\"@id\":\"https:\/\/buy-prescriptionz.com\/product\/buy-percocet-online\/#breadcrumb\",\"itemListElement\":[{\"@type\":\"ListItem\",\"position\":1,\"name\":\"Home\",\"item\":\"https:\/\/buy-prescriptionz.com\/\"},{\"@type\":\"ListItem\",\"position\":2,\"name\":\"Shop Painkillers Online\",\"item\":\"https:\/\/buy-prescriptionz.com\/shop-painkillers-online\/\"},{\"@type\":\"ListItem\",\"position\":3,\"name\":\"Buy Percocet Online\"}]},{\"@type\":\"WebSite\",\"@id\":\"https:\/\/buy-prescriptionz.com\/#website\",\"url\":\"https:\/\/buy-prescriptionz.com\/\",\"name\":\"Buy Prescriptionz\",\"description\":\"Drugs Online\",\"publisher\":{\"@id\":\"https:\/\/buy-prescriptionz.com\/#organization\"},\"potentialAction\":[{\"@type\":\"SearchAction\",\"target\":{\"@type\":\"EntryPoint\",\"urlTemplate\":\"https:\/\/buy-prescriptionz.com\/?s={search_term_string}\"},\"query-input\":{\"@type\":\"PropertyValueSpecification\",\"valueRequired\":true,\"valueName\":\"search_term_string\"}}],\"inLanguage\":\"cs\"},{\"@type\":\"Organization\",\"@id\":\"https:\/\/buy-prescriptionz.com\/#organization\",\"name\":\"Buy Prescriptionz\",\"url\":\"https:\/\/buy-prescriptionz.com\/\",\"logo\":{\"@type\":\"ImageObject\",\"inLanguage\":\"cs\",\"@id\":\"https:\/\/buy-prescriptionz.com\/#\/schema\/logo\/image\/\",\"url\":\"https:\/\/buy-prescriptionz.com\/wp-content\/uploads\/2023\/09\/logo.png\",\"contentUrl\":\"https:\/\/buy-prescriptionz.com\/wp-content\/uploads\/2023\/09\/logo.png\",\"width\":350,\"height\":64,\"caption\":\"Buy Prescriptionz\"},\"image\":{\"@id\":\"https:\/\/buy-prescriptionz.com\/#\/schema\/logo\/image\/\"}}]}<\/script>\n<!-- \/ Yoast SEO plugin. -->","yoast_head_json":{"title":"Percocet na prodej - Koupit Percocet online","description":"Buyprescriptionz.com je online l\u00e9k\u00e1rna, kde si m\u016f\u017eete koupit Percocet online za nejlep\u0161\u00ed cenu bez l\u00e9ka\u0159sk\u00e9ho p\u0159edpisu. Kupte si Percocet online nyn\u00ed s bezplatnou a bezpe\u010dnou dopravou!","robots":{"index":"index","follow":"follow","max-snippet":"max-snippet:-1","max-image-preview":"max-image-preview:large","max-video-preview":"max-video-preview:-1"},"canonical":"https:\/\/buy-prescriptionz.com\/cs\/produkt\/koupit-percocet-online\/","og_locale":"cs_CZ","og_type":"article","og_title":"Percocet for Sale - Buy Percocet Online","og_description":"Buyprescriptionz.com is an online pharmacy store where you can Buy Percocet Online at best price without doctor's prescription. Buy Percocet Online Now with Free & Secure Shipping!","og_url":"https:\/\/buy-prescriptionz.com\/cs\/produkt\/koupit-percocet-online\/","og_site_name":"Buy Prescriptionz","article_modified_time":"2025-09-25T07:26:18+00:00","og_image":[{"width":400,"height":300,"url":"https:\/\/buy-prescriptionz.com\/wp-content\/uploads\/2025\/09\/percocet.jpg","type":"image\/jpeg"}],"twitter_card":"summary_large_image","twitter_misc":{"Odhadovan\u00e1 doba \u010dten\u00ed":"5 minut"},"schema":{"@context":"https:\/\/schema.org","@graph":[{"@type":"WebPage","@id":"https:\/\/buy-prescriptionz.com\/product\/buy-percocet-online\/","url":"https:\/\/buy-prescriptionz.com\/product\/buy-percocet-online\/","name":"Percocet na prodej - Koupit Percocet online","isPartOf":{"@id":"https:\/\/buy-prescriptionz.com\/#website"},"primaryImageOfPage":{"@id":"https:\/\/buy-prescriptionz.com\/product\/buy-percocet-online\/#primaryimage"},"image":{"@id":"https:\/\/buy-prescriptionz.com\/product\/buy-percocet-online\/#primaryimage"},"thumbnailUrl":"https:\/\/buy-prescriptionz.com\/wp-content\/uploads\/2025\/09\/percocet.jpg","datePublished":"2025-09-16T08:55:53+00:00","dateModified":"2025-09-25T07:26:18+00:00","description":"Buyprescriptionz.com je online l\u00e9k\u00e1rna, kde si m\u016f\u017eete koupit Percocet online za nejlep\u0161\u00ed cenu bez l\u00e9ka\u0159sk\u00e9ho p\u0159edpisu. Kupte si Percocet online nyn\u00ed s bezplatnou a bezpe\u010dnou dopravou!","breadcrumb":{"@id":"https:\/\/buy-prescriptionz.com\/product\/buy-percocet-online\/#breadcrumb"},"inLanguage":"cs","potentialAction":[{"@type":"ReadAction","target":["https:\/\/buy-prescriptionz.com\/product\/buy-percocet-online\/"]}]},{"@type":"ImageObject","inLanguage":"cs","@id":"https:\/\/buy-prescriptionz.com\/product\/buy-percocet-online\/#primaryimage","url":"https:\/\/buy-prescriptionz.com\/wp-content\/uploads\/2025\/09\/percocet.jpg","contentUrl":"https:\/\/buy-prescriptionz.com\/wp-content\/uploads\/2025\/09\/percocet.jpg","width":400,"height":300},{"@type":"BreadcrumbList","@id":"https:\/\/buy-prescriptionz.com\/product\/buy-percocet-online\/#breadcrumb","itemListElement":[{"@type":"ListItem","position":1,"name":"Home","item":"https:\/\/buy-prescriptionz.com\/"},{"@type":"ListItem","position":2,"name":"Shop Painkillers Online","item":"https:\/\/buy-prescriptionz.com\/shop-painkillers-online\/"},{"@type":"ListItem","position":3,"name":"Buy Percocet Online"}]},{"@type":"WebSite","@id":"https:\/\/buy-prescriptionz.com\/#website","url":"https:\/\/buy-prescriptionz.com\/","name":"Koupit Prescriptionz","description":"Drogy online","publisher":{"@id":"https:\/\/buy-prescriptionz.com\/#organization"},"potentialAction":[{"@type":"SearchAction","target":{"@type":"EntryPoint","urlTemplate":"https:\/\/buy-prescriptionz.com\/?s={search_term_string}"},"query-input":{"@type":"PropertyValueSpecification","valueRequired":true,"valueName":"search_term_string"}}],"inLanguage":"cs"},{"@type":"Organization","@id":"https:\/\/buy-prescriptionz.com\/#organization","name":"Koupit Prescriptionz","url":"https:\/\/buy-prescriptionz.com\/","logo":{"@type":"ImageObject","inLanguage":"cs","@id":"https:\/\/buy-prescriptionz.com\/#\/schema\/logo\/image\/","url":"https:\/\/buy-prescriptionz.com\/wp-content\/uploads\/2023\/09\/logo.png","contentUrl":"https:\/\/buy-prescriptionz.com\/wp-content\/uploads\/2023\/09\/logo.png","width":350,"height":64,"caption":"Buy Prescriptionz"},"image":{"@id":"https:\/\/buy-prescriptionz.com\/#\/schema\/logo\/image\/"}}]}},"_links":{"self":[{"href":"https:\/\/buy-prescriptionz.com\/cs\/wp-json\/wp\/v2\/product\/2996","targetHints":{"allow":["GET"]}}],"collection":[{"href":"https:\/\/buy-prescriptionz.com\/cs\/wp-json\/wp\/v2\/product"}],"about":[{"href":"https:\/\/buy-prescriptionz.com\/cs\/wp-json\/wp\/v2\/types\/product"}],"replies":[{"embeddable":true,"href":"https:\/\/buy-prescriptionz.com\/cs\/wp-json\/wp\/v2\/comments?post=2996"}],"wp:featuredmedia":[{"embeddable":true,"href":"https:\/\/buy-prescriptionz.com\/cs\/wp-json\/wp\/v2\/media\/3026"}],"wp:attachment":[{"href":"https:\/\/buy-prescriptionz.com\/cs\/wp-json\/wp\/v2\/media?parent=2996"}],"wp:term":[{"taxonomy":"product_brand","embeddable":true,"href":"https:\/\/buy-prescriptionz.com\/cs\/wp-json\/wp\/v2\/product_brand?post=2996"},{"taxonomy":"product_cat","embeddable":true,"href":"https:\/\/buy-prescriptionz.com\/cs\/wp-json\/wp\/v2\/product_cat?post=2996"},{"taxonomy":"product_tag","embeddable":true,"href":"https:\/\/buy-prescriptionz.com\/cs\/wp-json\/wp\/v2\/product_tag?post=2996"}],"curies":[{"name":"wp","href":"https:\/\/api.w.org\/{rel}","templated":true}]}}