{"id":2997,"date":"2025-09-16T08:55:53","date_gmt":"2025-09-16T08:55:53","guid":{"rendered":"https:\/\/chemsfine.com\/newsite\/?post_type=product&#038;p=2997"},"modified":"2025-09-22T05:13:48","modified_gmt":"2025-09-22T05:13:48","slug":"koupit-hydrokodon-online","status":"publish","type":"product","link":"https:\/\/buy-prescriptionz.com\/cs\/produkt\/koupit-hydrokodon-online\/","title":{"rendered":"Koupit Hydrocodone online"},"content":{"rendered":"<h2>KOUPIT HYDROKODON ONLINE<\/h2>\n<p>Koupit hydrokodon online, Hydrokodon se pou\u017e\u00edv\u00e1 k \u00falev\u011b od st\u0159edn\u011b siln\u00e9 a\u017e siln\u00e9 bolesti. Je to <a href=\"https:\/\/buy-prescriptionz.com\/cs\/\">opioidy<\/a> l\u00e9k proti bolesti. Hydrokodon p\u016fsob\u00ed v mozku tak, \u017ee m\u011bn\u00ed to, jak lidsk\u00e9 t\u011blo c\u00edt\u00ed a reaguje na bolest.<\/p>\n<h3>VLASTNOSTI HYDROKODONU<\/h3>\n<p>Hydrokodon m\u00e1 siln\u00e9 analgetick\u00e9 \u00fa\u010dinky a je schopen tlumit ka\u0161el t\u00edm, \u017ee p\u016fsob\u00ed na d\u00fdchac\u00ed cesty a sni\u017euje jejich k\u0159e\u010de. P\u0159id\u00e1v\u00e1 se do \u0159ady analgetik v\u010detn\u011b dal\u0161\u00edch l\u00e9\u010div\u00fdch p\u0159\u00edpravk\u016f.<\/p>\n<h3>M\u011aLI BYSTE V\u011aD\u011aT O BEZPE\u010cNOSTN\u00cdCH OPAT\u0158EN\u00cdCH T\u00ddKAJ\u00cdC\u00cdCH SE HYDROKODONEM<\/h3>\n<p>Hydrokodon byste nem\u011bli u\u017e\u00edvat, pokud jste na n\u011bj alergi\u010dt\u00ed. Pokud jej u\u017e\u00edv\u00e1te b\u011bhem t\u011bhotenstv\u00ed, va\u0161e d\u00edt\u011b se m\u016f\u017ee st\u00e1t na l\u00e9ce z\u00e1visl\u00fdm. Ty mohou po narozen\u00ed u d\u00edt\u011bte zp\u016fsobit \u017eivot ohro\u017euj\u00edc\u00ed abstinen\u010dn\u00ed p\u0159\u00edznaky. D\u011bti narozen\u00e9 z\u00e1visl\u00e9 na opioidech mohou pot\u0159ebovat l\u00e9ka\u0159skou p\u00e9\u010di po dobu n\u011bkolika t\u00fddn\u016f.<\/p>\n<h3>VEDLEJ\u0160\u00cd \u00da\u010cINKY<\/h3>\n<p>T\u011b\u017ek\u00e9 astma nebo d\u00fdchac\u00ed pot\u00ed\u017ee; nebo<br \/>\nZablokov\u00e1n\u00ed \u017ealudku nebo st\u0159ev.<br \/>\nPoran\u011bn\u00ed hlavy, n\u00e1dor na mozku nebo z\u00e1chvaty;<\/p>\n<h3>Probl\u00e9my s mo\u010den\u00edm;<\/h3>\n<p>Hlu\u010dn\u00e9 d\u00fdch\u00e1n\u00ed, vzdechy, m\u011blk\u00e9 d\u00fdch\u00e1n\u00ed;<br \/>\nOnemocn\u011bn\u00ed jater nebo ledvin;<\/p>\n<p>Toto nen\u00ed \u00fapln\u00fd seznam ne\u017e\u00e1douc\u00edch \u00fa\u010dink\u016f a mohou se vyskytnout i dal\u0161\u00ed. Pokud pot\u0159ebujete dal\u0161\u00ed l\u00e9ka\u0159skou pomoc ohledn\u011b ne\u017e\u00e1douc\u00edch \u00fa\u010dink\u016f, obra\u0165te se na sv\u00e9ho l\u00e9ka\u0159e.<\/p>\n<p>Hydrokodon je siln\u00e9 opioidn\u00ed analgetikum pou\u017e\u00edvan\u00e9 k l\u00e9\u010db\u011b st\u0159edn\u011b siln\u00e9 a\u017e siln\u00e9 bolesti, \u010dasto p\u0159edepisovan\u00e9, kdy\u017e jin\u00e9 l\u00e9ky proti bolesti nejsou \u00fa\u010dinn\u00e9. Pou\u017e\u00edv\u00e1 se tak\u00e9 v kombinaci s acetaminofenem nebo ibuprofenem k zes\u00edlen\u00ed jeho \u00fa\u010dink\u016f proti bolesti.<\/p>\n<h3>P\u0159ehled<\/h3>\n<ul>\n<li>Slo\u017een\u00ed: Nejlep\u0161\u00ed hydrokodon se \u010dasto kombinuje s acetaminofenem nebo ibuprofenem pro zv\u00fd\u0161en\u00ed jeho \u00fa\u010dinnosti.<\/li>\n<li>Pou\u017eit\u00ed: P\u0159edepisuje se k l\u00e9\u010db\u011b siln\u00e9 bolesti zp\u016fsoben\u00e9 zran\u011bn\u00edmi, operacemi nebo chronick\u00fdmi onemocn\u011bn\u00edmi, kter\u00e9 nereaguj\u00ed na jin\u00e9 l\u00e9ky.<\/li>\n<li>Formy: K dispozici ve form\u011b tablet, kapsl\u00ed a tekut\u00e9 formy, co\u017e umo\u017e\u0148uje flexibilitu v pod\u00e1v\u00e1n\u00ed na z\u00e1klad\u011b pot\u0159eb pacienta.<\/li>\n<\/ul>\n<h3>V\u00fdhody<\/h3>\n<ol>\n<li>\u00da\u010dinn\u00e1 \u00faleva od bolesti: Hydrokodon je vysoce \u00fa\u010dinn\u00fd p\u0159i \u00falev\u011b od st\u0159edn\u011b siln\u00e9 a\u017e siln\u00e9 bolesti, tak\u017ee je vhodn\u00fd pro pacienty, kte\u0159\u00ed pot\u0159ebuj\u00ed silnou l\u00e9\u010dbu bolesti.<\/li>\n<li>Zv\u00fd\u0161en\u00e1 \u00fa\u010dinnost: V kombinaci s acetaminofenem nebo ibuprofenem se \u00fa\u010dinky hydrokodonu na \u00falevu od bolesti zesiluj\u00ed a poskytuj\u00ed lep\u0161\u00ed \u00falevu ne\u017e pou\u017eit\u00ed ka\u017ed\u00e9 slo\u017eky samostatn\u011b.<\/li>\n<li>Zlep\u0161en\u00ed kvality \u017eivota: \u00da\u010dinn\u00e1 l\u00e9\u010dba bolesti pomoc\u00ed hydrokodonu m\u016f\u017ee v\u00e9st k v\u00fdznamn\u00e9mu zlep\u0161en\u00ed kvality \u017eivota pacienta, co\u017e umo\u017e\u0148uje v\u011bt\u0161\u00ed funk\u010dnost a pohodl\u00ed p\u0159i ka\u017edodenn\u00edch \u010dinnostech.<\/li>\n<li>Flexibilita l\u00e9\u010dby: Hydrokodon je k dispozici v n\u011bkolika l\u00e9kov\u00fdch form\u00e1ch a lze jej p\u0159izp\u016fsobit specifick\u00fdm pot\u0159eb\u00e1m pacient\u016f, a\u0165 u\u017e pot\u0159ebuj\u00ed okam\u017eitou nebo dlouhodobou \u00falevu od bolesti.<\/li>\n<\/ol>\n<p>Hydrokodon je siln\u00e9 opioidn\u00ed analgetikum, kter\u00e9 nab\u00edz\u00ed v\u00fdznamn\u00e9 v\u00fdhody p\u0159i l\u00e9\u010db\u011b st\u0159edn\u011b siln\u00e9 a\u017e siln\u00e9 bolesti. Jeho kombinace s dal\u0161\u00edmi l\u00e9ky proti bolesti, jako je acetaminofen nebo ibuprofen, zvy\u0161uje jeho \u00fa\u010dinnost a poskytuje komplexn\u00ed \u00falevu od bolesti. Pro ty, kte\u0159\u00ed hledaj\u00ed pohodln\u00fd a spolehliv\u00fd p\u0159\u00edstup k hydrokodonu, nab\u00edzej\u00ed online zdroje, jako je buy-prescriptionz.com, d\u016fv\u011bryhodnou mo\u017enost. Nejlep\u0161\u00ed l\u00e9k\u00e1rna buy-prescriptionz.com, kter\u00e1 zaji\u0161\u0165uje autenticitu a kvalitu l\u00e9ku, m\u016f\u017ee pacient\u016fm pomoci efektivn\u011b a bezpe\u010dn\u011b zvl\u00e1dat bolest. P\u0159i pou\u017eit\u00ed pod l\u00e9ka\u0159sk\u00fdm dohledem m\u016f\u017ee hydrokodon podstatn\u011b zlep\u0161it kvalitu \u017eivota osob pot\u00fdkaj\u00edc\u00edch se silnou bolest\u00ed.<\/p>\n<h3>PROBL\u00c9MY S VYNECHANOU D\u00c1VKOU<\/h3>\n<p>Vzhledem k tomu, \u017ee se p\u0159\u00edpravek Opana ER pou\u017e\u00edv\u00e1 k \u00falev\u011b od bolesti, je nepravd\u011bpodobn\u00e9, \u017ee byste d\u00e1vku vynechal\/a. Vynechanou d\u00e1vku vynechejte, pokud se t\u00e9m\u011b\u0159 bl\u00ed\u017e\u00ed \u010das na dal\u0161\u00ed d\u00e1vku. Neu\u017e\u00edvejte dv\u011b d\u00e1vky najednou.<\/p>\n<h3>P\u0158ED\u00c1VKOV\u00c1N\u00cd N\u011aKDY ZP\u016eSOBUJE N\u00c1SLEDUJ\u00cdC\u00cd PROBL\u00c9MY<\/h3>\n<p>P\u0159ed\u00e1vkov\u00e1n\u00ed m\u016f\u017ee b\u00fdt smrteln\u00e9, zejm\u00e9na u\u017e\u00edv\u00e1n\u00ed l\u00e9ku bez l\u00e9ka\u0159sk\u00e9ho p\u0159edpisu. P\u0159ed\u00e1vkov\u00e1n\u00ed se m\u016f\u017ee projevovat pomal\u00fdm srde\u010dn\u00edm tepem, svalovou slabost\u00ed, silnou ospalost\u00ed, studenou a vlhkou k\u016f\u017e\u00ed, z\u00fa\u017een\u00fdmi zorni\u010dkami, velmi pomal\u00fdm d\u00fdch\u00e1n\u00edm nebo k\u00f3matem.<\/p>\n<h3>SKLADOV\u00c1N\u00cd HYDROKODONU<\/h3>\n<p>Tento l\u00e9k uchov\u00e1vejte v obalu, ve kter\u00e9m je dod\u00e1n, t\u011bsn\u011b uzav\u0159en\u00e9m a mimo dosah d\u011bt\u00ed. Skladujte p\u0159i pokojov\u00e9 teplot\u011b a mimo dosah nadm\u011brn\u00e9ho tepla a vlhkosti (ne v koupeln\u011b). Pokud je l\u00e9k pro\u0161l\u00fd nebo ji\u017e nepot\u0159ebn\u00fd, spl\u00e1chn\u011bte ho do toalety. Je d\u016fle\u017eit\u00e9 uchov\u00e1vat l\u00e9ky mimo dohled a dosah d\u011bt\u00ed. Abyste ochr\u00e1nili sv\u00e9 d\u011bti p\u0159ed otravou, v\u017edy uzav\u0159ete bezpe\u010dnostn\u00ed uz\u00e1v\u011bry a l\u00e9k ihned ulo\u017ete na bezpe\u010dn\u00e9 m\u00edsto \u2013 takov\u00e9, kter\u00e9 je naho\u0159e a mimo jejich dohled a dosah.<\/p>\n<h3>KDE KOUPIT NEJLEP\u0160\u00cd HYDROKODON ONLINE?<\/h3>\n<p>N\u00e1kup hydrokodonu je mo\u017en\u00fd, pokud jste si jisti, \u017ee nem\u00e1te kontraindikace pro u\u017e\u00edv\u00e1n\u00ed tohoto l\u00e9ku. Proto si p\u0159ed n\u00e1kupem hydrokodonu online nechte ud\u011blat l\u00e9ka\u0159skou prohl\u00eddku. Vyberte si nejlep\u0161\u00ed hydrokodon, kter\u00fd nebudete u\u017e\u00edvat bez l\u00e9ka\u0159sk\u00e9ho p\u0159edpisu po dlouhou dobu.<\/p>\n<p>Kupte si kvalitn\u00ed, origin\u00e1ln\u00ed hydrokodon od buyprescriptionz. Nab\u00edz\u00edme nejlep\u0161\u00ed ceny a bezprobl\u00e9mov\u00e9 zp\u016fsoby platby. Po\u0159i\u010fte si hydrokodon a kone\u010dn\u011b se zbavte neust\u00e1l\u00e9 bolesti. Vykonejte sv\u00e9 ka\u017edodenn\u00ed \u00fakoly bez nepohodl\u00ed a tr\u00e1vte dny odpo\u010dinku a zotaven\u00ed v klidu, m\u00edsto abyste trp\u011bli cel\u00fd den i noc.<\/p>","protected":false},"excerpt":{"rendered":"<p>BUY HYDROCODONE ONLINE Buy hydrocodone online ,Hydrocodone is used for relieve moderate to severe pain. It is an opioid pain reliever. Hydrocodone works in the brain to change how human body feels and responds to pain. FEATURES OF HYDROCODONE Hydrocodone is a strong pain-killer action and able to reduce cough by means of the action [&hellip;]<\/p>","protected":false},"featured_media":3027,"comment_status":"open","ping_status":"closed","template":"","meta":{"site-sidebar-layout":"default","site-content-layout":"","ast-site-content-layout":"default","site-content-style":"default","site-sidebar-style":"default","ast-global-header-display":"","ast-banner-title-visibility":"","ast-main-header-display":"","ast-hfb-above-header-display":"","ast-hfb-below-header-display":"","ast-hfb-mobile-header-display":"","site-post-title":"","ast-breadcrumbs-content":"","ast-featured-img":"","footer-sml-layout":"","theme-transparent-header-meta":"default","adv-header-id-meta":"","stick-header-meta":"","header-above-stick-meta":"","header-main-stick-meta":"","header-below-stick-meta":"","astra-migrate-meta-layouts":"set","ast-page-background-enabled":"default","ast-page-background-meta":{"desktop":{"background-color":"var(--ast-global-color-4)","background-image":"","background-repeat":"repeat","background-position":"center center","background-size":"auto","background-attachment":"scroll","background-type":"","background-media":"","overlay-type":"","overlay-color":"","overlay-opacity":"","overlay-gradient":""},"tablet":{"background-color":"","background-image":"","background-repeat":"repeat","background-position":"center center","background-size":"auto","background-attachment":"scroll","background-type":"","background-media":"","overlay-type":"","overlay-color":"","overlay-opacity":"","overlay-gradient":""},"mobile":{"background-color":"","background-image":"","background-repeat":"repeat","background-position":"center center","background-size":"auto","background-attachment":"scroll","background-type":"","background-media":"","overlay-type":"","overlay-color":"","overlay-opacity":"","overlay-gradient":""}},"ast-content-background-meta":{"desktop":{"background-color":"var(--ast-global-color-5)","background-image":"","background-repeat":"repeat","background-position":"center center","background-size":"auto","background-attachment":"scroll","background-type":"","background-media":"","overlay-type":"","overlay-color":"","overlay-opacity":"","overlay-gradient":""},"tablet":{"background-color":"var(--ast-global-color-5)","background-image":"","background-repeat":"repeat","background-position":"center center","background-size":"auto","background-attachment":"scroll","background-type":"","background-media":"","overlay-type":"","overlay-color":"","overlay-opacity":"","overlay-gradient":""},"mobile":{"background-color":"var(--ast-global-color-5)","background-image":"","background-repeat":"repeat","background-position":"center center","background-size":"auto","background-attachment":"scroll","background-type":"","background-media":"","overlay-type":"","overlay-color":"","overlay-opacity":"","overlay-gradient":""}}},"product_brand":[],"product_cat":[2382],"product_tag":[1521,1522,1520,1515,1518,1517,1516,1519,1514,1513,1524,1523],"class_list":{"0":"post-2997","1":"product","2":"type-product","3":"status-publish","4":"has-post-thumbnail","6":"product_cat-buy-opioids-online","7":"product_tag-buy-hydrocodone-in-canada","8":"product_tag-buy-hydrocodone-in-uk","9":"product_tag-buy-hydrocodone-in-usa","10":"product_tag-buy-hydrocodone-with-bitcoin","11":"product_tag-buy-hydrocodone-with-credit-card","12":"product_tag-buy-hydrocodone-with-money-gram","13":"product_tag-buy-hydrocodone-with-western-union","14":"product_tag-buy-hydrocodone-without-a-doctor","15":"product_tag-buy-hydrocodone-without-prescription","16":"product_tag-hydrocodone-for-sale","17":"product_tag-hydrocodone-pills","18":"product_tag-hydrocodone-tablets","19":"desktop-align-center","20":"tablet-align-left","21":"mobile-align-left","23":"first","24":"instock","25":"shipping-taxable","26":"purchasable","27":"product-type-variable","28":"has-default-attributes"},"yoast_head":"<!-- This site is optimized with the Yoast SEO plugin v25.9 - https:\/\/yoast.com\/wordpress\/plugins\/seo\/ -->\n<title>Buy hydrocodone online, Order hydrocodone online USA, Pain Relief<\/title>\n<meta name=\"description\" content=\"Buy hydrocodone online. Buy hydrocodone online in the USA and Canada all States with overnight shipping. No Rx need to get hydrocodone online\" \/>\n<meta name=\"robots\" content=\"index, follow, max-snippet:-1, max-image-preview:large, max-video-preview:-1\" \/>\n<link rel=\"canonical\" href=\"https:\/\/buy-prescriptionz.com\/cs\/produkt\/koupit-hydrokodon-online\/\" \/>\n<meta property=\"og:locale\" content=\"cs_CZ\" \/>\n<meta property=\"og:type\" content=\"article\" \/>\n<meta property=\"og:title\" content=\"Buy hydrocodone online, Order hydrocodone online USA, Pain Relief\" \/>\n<meta property=\"og:description\" content=\"Buy hydrocodone online. Buy hydrocodone online in the USA and Canada all States with overnight shipping. No Rx need to get hydrocodone online\" \/>\n<meta property=\"og:url\" content=\"https:\/\/buy-prescriptionz.com\/cs\/produkt\/koupit-hydrokodon-online\/\" \/>\n<meta property=\"og:site_name\" content=\"Buy Prescriptionz\" \/>\n<meta property=\"article:modified_time\" content=\"2025-09-22T05:13:48+00:00\" \/>\n<meta property=\"og:image\" content=\"https:\/\/buy-prescriptionz.com\/wp-content\/uploads\/2025\/09\/hydrocodone.jpg\" \/>\n\t<meta property=\"og:image:width\" content=\"400\" \/>\n\t<meta property=\"og:image:height\" content=\"300\" \/>\n\t<meta property=\"og:image:type\" content=\"image\/jpeg\" \/>\n<meta name=\"twitter:card\" content=\"summary_large_image\" \/>\n<meta name=\"twitter:label1\" content=\"Odhadovan\u00e1 doba \u010dten\u00ed\" \/>\n\t<meta name=\"twitter:data1\" content=\"4 minuty\" \/>\n<script type=\"application\/ld+json\" class=\"yoast-schema-graph\">{\"@context\":\"https:\/\/schema.org\",\"@graph\":[{\"@type\":\"WebPage\",\"@id\":\"https:\/\/buy-prescriptionz.com\/product\/buy-hydrocodone-online\/\",\"url\":\"https:\/\/buy-prescriptionz.com\/product\/buy-hydrocodone-online\/\",\"name\":\"Buy hydrocodone online, Order hydrocodone online USA, Pain Relief\",\"isPartOf\":{\"@id\":\"https:\/\/buy-prescriptionz.com\/#website\"},\"primaryImageOfPage\":{\"@id\":\"https:\/\/buy-prescriptionz.com\/product\/buy-hydrocodone-online\/#primaryimage\"},\"image\":{\"@id\":\"https:\/\/buy-prescriptionz.com\/product\/buy-hydrocodone-online\/#primaryimage\"},\"thumbnailUrl\":\"https:\/\/buy-prescriptionz.com\/wp-content\/uploads\/2025\/09\/hydrocodone.jpg\",\"datePublished\":\"2025-09-16T08:55:53+00:00\",\"dateModified\":\"2025-09-22T05:13:48+00:00\",\"description\":\"Buy hydrocodone online. Buy hydrocodone online in the USA and Canada all States with overnight shipping. No Rx need to get hydrocodone online\",\"breadcrumb\":{\"@id\":\"https:\/\/buy-prescriptionz.com\/product\/buy-hydrocodone-online\/#breadcrumb\"},\"inLanguage\":\"cs\",\"potentialAction\":[{\"@type\":\"ReadAction\",\"target\":[\"https:\/\/buy-prescriptionz.com\/product\/buy-hydrocodone-online\/\"]}]},{\"@type\":\"ImageObject\",\"inLanguage\":\"cs\",\"@id\":\"https:\/\/buy-prescriptionz.com\/product\/buy-hydrocodone-online\/#primaryimage\",\"url\":\"https:\/\/buy-prescriptionz.com\/wp-content\/uploads\/2025\/09\/hydrocodone.jpg\",\"contentUrl\":\"https:\/\/buy-prescriptionz.com\/wp-content\/uploads\/2025\/09\/hydrocodone.jpg\",\"width\":400,\"height\":300},{\"@type\":\"BreadcrumbList\",\"@id\":\"https:\/\/buy-prescriptionz.com\/product\/buy-hydrocodone-online\/#breadcrumb\",\"itemListElement\":[{\"@type\":\"ListItem\",\"position\":1,\"name\":\"Home\",\"item\":\"https:\/\/buy-prescriptionz.com\/\"},{\"@type\":\"ListItem\",\"position\":2,\"name\":\"Shop Painkillers Online\",\"item\":\"https:\/\/buy-prescriptionz.com\/shop-painkillers-online\/\"},{\"@type\":\"ListItem\",\"position\":3,\"name\":\"Buy Hydrocodone Online\"}]},{\"@type\":\"WebSite\",\"@id\":\"https:\/\/buy-prescriptionz.com\/#website\",\"url\":\"https:\/\/buy-prescriptionz.com\/\",\"name\":\"Buy Prescriptionz\",\"description\":\"Drugs Online\",\"publisher\":{\"@id\":\"https:\/\/buy-prescriptionz.com\/#organization\"},\"potentialAction\":[{\"@type\":\"SearchAction\",\"target\":{\"@type\":\"EntryPoint\",\"urlTemplate\":\"https:\/\/buy-prescriptionz.com\/?s={search_term_string}\"},\"query-input\":{\"@type\":\"PropertyValueSpecification\",\"valueRequired\":true,\"valueName\":\"search_term_string\"}}],\"inLanguage\":\"cs\"},{\"@type\":\"Organization\",\"@id\":\"https:\/\/buy-prescriptionz.com\/#organization\",\"name\":\"Buy Prescriptionz\",\"url\":\"https:\/\/buy-prescriptionz.com\/\",\"logo\":{\"@type\":\"ImageObject\",\"inLanguage\":\"cs\",\"@id\":\"https:\/\/buy-prescriptionz.com\/#\/schema\/logo\/image\/\",\"url\":\"https:\/\/buy-prescriptionz.com\/wp-content\/uploads\/2023\/09\/logo.png\",\"contentUrl\":\"https:\/\/buy-prescriptionz.com\/wp-content\/uploads\/2023\/09\/logo.png\",\"width\":350,\"height\":64,\"caption\":\"Buy Prescriptionz\"},\"image\":{\"@id\":\"https:\/\/buy-prescriptionz.com\/#\/schema\/logo\/image\/\"}}]}<\/script>\n<!-- \/ Yoast SEO plugin. -->","yoast_head_json":{"title":"Koupit hydrokodon online, Objednat hydrokodon online USA, \u00daleva od bolesti","description":"Kupte si hydrokodon online. Kupte si hydrokodon online v USA a Kanad\u011b ve v\u0161ech st\u00e1tech s expresn\u00edm doru\u010den\u00edm. Hydrokodon online nen\u00ed nutn\u00fd na l\u00e9ka\u0159sk\u00fd p\u0159edpis.","robots":{"index":"index","follow":"follow","max-snippet":"max-snippet:-1","max-image-preview":"max-image-preview:large","max-video-preview":"max-video-preview:-1"},"canonical":"https:\/\/buy-prescriptionz.com\/cs\/produkt\/koupit-hydrokodon-online\/","og_locale":"cs_CZ","og_type":"article","og_title":"Buy hydrocodone online, Order hydrocodone online USA, Pain Relief","og_description":"Buy hydrocodone online. Buy hydrocodone online in the USA and Canada all States with overnight shipping. No Rx need to get hydrocodone online","og_url":"https:\/\/buy-prescriptionz.com\/cs\/produkt\/koupit-hydrokodon-online\/","og_site_name":"Buy Prescriptionz","article_modified_time":"2025-09-22T05:13:48+00:00","og_image":[{"width":400,"height":300,"url":"https:\/\/buy-prescriptionz.com\/wp-content\/uploads\/2025\/09\/hydrocodone.jpg","type":"image\/jpeg"}],"twitter_card":"summary_large_image","twitter_misc":{"Odhadovan\u00e1 doba \u010dten\u00ed":"4 minuty"},"schema":{"@context":"https:\/\/schema.org","@graph":[{"@type":"WebPage","@id":"https:\/\/buy-prescriptionz.com\/product\/buy-hydrocodone-online\/","url":"https:\/\/buy-prescriptionz.com\/product\/buy-hydrocodone-online\/","name":"Koupit hydrokodon online, Objednat hydrokodon online USA, \u00daleva od bolesti","isPartOf":{"@id":"https:\/\/buy-prescriptionz.com\/#website"},"primaryImageOfPage":{"@id":"https:\/\/buy-prescriptionz.com\/product\/buy-hydrocodone-online\/#primaryimage"},"image":{"@id":"https:\/\/buy-prescriptionz.com\/product\/buy-hydrocodone-online\/#primaryimage"},"thumbnailUrl":"https:\/\/buy-prescriptionz.com\/wp-content\/uploads\/2025\/09\/hydrocodone.jpg","datePublished":"2025-09-16T08:55:53+00:00","dateModified":"2025-09-22T05:13:48+00:00","description":"Kupte si hydrokodon online. Kupte si hydrokodon online v USA a Kanad\u011b ve v\u0161ech st\u00e1tech s expresn\u00edm doru\u010den\u00edm. Hydrokodon online nen\u00ed nutn\u00fd na l\u00e9ka\u0159sk\u00fd p\u0159edpis.","breadcrumb":{"@id":"https:\/\/buy-prescriptionz.com\/product\/buy-hydrocodone-online\/#breadcrumb"},"inLanguage":"cs","potentialAction":[{"@type":"ReadAction","target":["https:\/\/buy-prescriptionz.com\/product\/buy-hydrocodone-online\/"]}]},{"@type":"ImageObject","inLanguage":"cs","@id":"https:\/\/buy-prescriptionz.com\/product\/buy-hydrocodone-online\/#primaryimage","url":"https:\/\/buy-prescriptionz.com\/wp-content\/uploads\/2025\/09\/hydrocodone.jpg","contentUrl":"https:\/\/buy-prescriptionz.com\/wp-content\/uploads\/2025\/09\/hydrocodone.jpg","width":400,"height":300},{"@type":"BreadcrumbList","@id":"https:\/\/buy-prescriptionz.com\/product\/buy-hydrocodone-online\/#breadcrumb","itemListElement":[{"@type":"ListItem","position":1,"name":"Home","item":"https:\/\/buy-prescriptionz.com\/"},{"@type":"ListItem","position":2,"name":"Shop Painkillers Online","item":"https:\/\/buy-prescriptionz.com\/shop-painkillers-online\/"},{"@type":"ListItem","position":3,"name":"Buy Hydrocodone Online"}]},{"@type":"WebSite","@id":"https:\/\/buy-prescriptionz.com\/#website","url":"https:\/\/buy-prescriptionz.com\/","name":"Koupit Prescriptionz","description":"Drogy online","publisher":{"@id":"https:\/\/buy-prescriptionz.com\/#organization"},"potentialAction":[{"@type":"SearchAction","target":{"@type":"EntryPoint","urlTemplate":"https:\/\/buy-prescriptionz.com\/?s={search_term_string}"},"query-input":{"@type":"PropertyValueSpecification","valueRequired":true,"valueName":"search_term_string"}}],"inLanguage":"cs"},{"@type":"Organization","@id":"https:\/\/buy-prescriptionz.com\/#organization","name":"Koupit Prescriptionz","url":"https:\/\/buy-prescriptionz.com\/","logo":{"@type":"ImageObject","inLanguage":"cs","@id":"https:\/\/buy-prescriptionz.com\/#\/schema\/logo\/image\/","url":"https:\/\/buy-prescriptionz.com\/wp-content\/uploads\/2023\/09\/logo.png","contentUrl":"https:\/\/buy-prescriptionz.com\/wp-content\/uploads\/2023\/09\/logo.png","width":350,"height":64,"caption":"Buy Prescriptionz"},"image":{"@id":"https:\/\/buy-prescriptionz.com\/#\/schema\/logo\/image\/"}}]}},"_links":{"self":[{"href":"https:\/\/buy-prescriptionz.com\/cs\/wp-json\/wp\/v2\/product\/2997","targetHints":{"allow":["GET"]}}],"collection":[{"href":"https:\/\/buy-prescriptionz.com\/cs\/wp-json\/wp\/v2\/product"}],"about":[{"href":"https:\/\/buy-prescriptionz.com\/cs\/wp-json\/wp\/v2\/types\/product"}],"replies":[{"embeddable":true,"href":"https:\/\/buy-prescriptionz.com\/cs\/wp-json\/wp\/v2\/comments?post=2997"}],"wp:featuredmedia":[{"embeddable":true,"href":"https:\/\/buy-prescriptionz.com\/cs\/wp-json\/wp\/v2\/media\/3027"}],"wp:attachment":[{"href":"https:\/\/buy-prescriptionz.com\/cs\/wp-json\/wp\/v2\/media?parent=2997"}],"wp:term":[{"taxonomy":"product_brand","embeddable":true,"href":"https:\/\/buy-prescriptionz.com\/cs\/wp-json\/wp\/v2\/product_brand?post=2997"},{"taxonomy":"product_cat","embeddable":true,"href":"https:\/\/buy-prescriptionz.com\/cs\/wp-json\/wp\/v2\/product_cat?post=2997"},{"taxonomy":"product_tag","embeddable":true,"href":"https:\/\/buy-prescriptionz.com\/cs\/wp-json\/wp\/v2\/product_tag?post=2997"}],"curies":[{"name":"wp","href":"https:\/\/api.w.org\/{rel}","templated":true}]}}