{"id":2998,"date":"2025-09-16T08:55:53","date_gmt":"2025-09-16T08:55:53","guid":{"rendered":"https:\/\/chemsfine.com\/newsite\/?post_type=product&#038;p=2998"},"modified":"2025-09-23T06:49:43","modified_gmt":"2025-09-23T06:49:43","slug":"koupit-levacetylmethadol-online","status":"publish","type":"product","link":"https:\/\/buy-prescriptionz.com\/cs\/produkt\/koupit-levacetylmethadol-online\/","title":{"rendered":"Koupit levacetylmethadol online"},"content":{"rendered":"<h2>KOUPIT LEVACETYLMETHADOL ONLINE<\/h2>\n<p>Koupit Levacetylmethadol online , Levacetymethadol je syntetick\u00e9 opioidn\u00ed anestetikum s \u010detn\u00fdmi pohyby kvantitativn\u011b podobn\u00fdmi jako morfin, z nich\u017e nejv\u00fdznamn\u011bj\u0161\u00ed se t\u00fdkaj\u00ed centr\u00e1ln\u00edho nervov\u00e9ho syst\u00e9mu a org\u00e1n\u016f slo\u017een\u00fdch z hladk\u00e9ho svalstva. Je v\u0161ak aktivn\u011bj\u0161\u00ed a toxi\u010dt\u011bj\u0161\u00ed ne\u017e ostatn\u00ed.<\/p>\n<h3>VLASTNOSTI LEVACETYLMETHADOLU<\/h3>\n<p>Je to narkotikum ti\u0161\u00edc\u00ed bolest s dlouh\u00fdm n\u00e1stupem a trv\u00e1n\u00edm \u00fa\u010dinku. Pou\u017e\u00edv\u00e1 se p\u0159edev\u0161\u00edm k l\u00e9\u010db\u011b z\u00e1vislosti na narkotik\u00e1ch.<\/p>\n<h3>P\u0159ehled a v\u00fdhody Lev Acetylmethadolu<\/h3>\n<p>Levacetylmethadol je syntetick\u00fd opioid pou\u017e\u00edvan\u00fd p\u0159edev\u0161\u00edm k l\u00e9\u010db\u011b bolesti a z\u00e1vislosti na opioidech. Je zn\u00e1m\u00fd pro sv\u016fj del\u0161\u00ed \u00fa\u010dinek ve srovn\u00e1n\u00ed s jin\u00fdmi opioidy. Levacetylmethadol pom\u00e1h\u00e1 sni\u017eovat frekvenci d\u00e1vkov\u00e1n\u00ed, co\u017e je prosp\u011b\u0161n\u00e9 pro pacienty, kte\u0159\u00ed maj\u00ed pot\u00ed\u017ee s dodr\u017eov\u00e1n\u00edm p\u0159\u00edsn\u00e9ho l\u00e9kov\u00e9ho sch\u00e9matu. P\u016fsob\u00ed na centr\u00e1ln\u00ed nervov\u00fd syst\u00e9m, \u010d\u00edm\u017e zm\u00edr\u0148uje bolest a abstinen\u010dn\u00ed p\u0159\u00edznaky u pacient\u016f podstupuj\u00edc\u00edch l\u00e9\u010dbu z\u00e1vislosti na opioidech.<\/p>\n<h3>V\u00fdhody<\/h3>\n<ol>\n<li>Prodlou\u017een\u00e9 trv\u00e1n\u00ed \u00fa\u010dinku: Dlouhotrvaj\u00edc\u00ed \u00fa\u010dinky levacetylmethadolu znamenaj\u00ed, \u017ee je pot\u0159eba m\u00e9n\u011b d\u00e1vek, co\u017e zjednodu\u0161uje medika\u010dn\u00ed postupy a zlep\u0161uje dodr\u017eov\u00e1n\u00ed l\u00e9\u010dby.<\/li>\n<li>\u00da\u010dinn\u00e1 l\u00e9\u010dba bolesti: Poskytuje zna\u010dnou \u00falevu od chronick\u00e9 bolesti, co\u017e z n\u011bj \u010din\u00ed cennou volbu pro pacienty s p\u0159etrv\u00e1vaj\u00edc\u00edmi bolestmi.<\/li>\n<li>L\u00e9\u010dba z\u00e1vislosti na opioidech: Je \u00fa\u010dinn\u00e1 p\u0159i sni\u017eov\u00e1n\u00ed abstinen\u010dn\u00edch p\u0159\u00edznak\u016f a chut\u00ed na opioidy, co\u017e napom\u00e1h\u00e1 procesu zotaven\u00ed u osob se z\u00e1vislost\u00ed na opioidech.<\/li>\n<li>Sn\u00ed\u017een\u00e9 riziko ne\u017e\u00e1douc\u00edch \u00fa\u010dink\u016f: Ve srovn\u00e1n\u00ed s jin\u00fdmi opioidy m\u00e1 levacetylmethadol ni\u017e\u0161\u00ed riziko vzniku respira\u010dn\u00ed deprese a euforie, tak\u017ee je bezpe\u010dn\u011bj\u0161\u00ed pro dlouhodob\u00e9 u\u017e\u00edv\u00e1n\u00ed.<\/li>\n<li>Zlep\u0161en\u00ed kvality \u017eivota: Zvl\u00e1d\u00e1n\u00edm bolesti a podporou zotaven\u00ed se ze z\u00e1vislosti pom\u00e1h\u00e1 levacetylmethadol zlep\u0161it celkovou pohodu a funk\u010dnost v ka\u017edodenn\u00edm \u017eivot\u011b.<\/li>\n<\/ol>\n<p>N\u00e1kup levacetylmethadolu z nejlep\u0161\u00ed l\u00e9k\u00e1rny buy-prescriptionz.com nab\u00edz\u00ed n\u011bkolik v\u00fdhod. Poskytuje \u00fa\u010dinnou l\u00e9\u010dbu bolesti a je cenn\u00fdm n\u00e1strojem p\u0159i l\u00e9\u010db\u011b z\u00e1vislosti na opioidech d\u00edky prodlou\u017een\u00e9mu \u00fa\u010dinku. Ni\u017e\u0161\u00ed riziko z\u00e1va\u017en\u00fdch vedlej\u0161\u00edch \u00fa\u010dink\u016f tohoto l\u00e9ku z n\u011bj \u010din\u00ed bezpe\u010dn\u011bj\u0161\u00ed volbu pro ty, kte\u0159\u00ed pot\u0159ebuj\u00ed dlouhodobou opioidn\u00ed terapii. Volbou levacetylmethadolu ze spolehliv\u00e9ho zdroje, jako je buy-prescriptionz.com, maj\u00ed pacienti p\u0159\u00edstup k vysoce kvalitn\u00edmu l\u00e9ku, kter\u00fd m\u016f\u017ee v\u00fdrazn\u011b zlep\u0161it kvalitu jejich \u017eivota.<\/p>\n<h3>VEDLEJ\u0160\u00cd \u00da\u010cINKY<\/h3>\n<p>pocit nevolnosti (mal\u00e1tnost)<\/p>\n<p>Nespavost.<br \/>\nSlabiny.<br \/>\nBolest b\u0159icha.<br \/>\nZ\u00e1cpa.<br \/>\nBolest kloub\u016f.<br \/>\nNervozita.<br \/>\nPocen\u00ed.<\/p>\n<h3>OPAT\u0158EN\u00cd PRO POU\u017dIT\u00cd LEVACETYLMETHADOLU<\/h3>\n<p>l-acet\u00e1t se obvykle pod\u00e1v\u00e1 t\u0159ikr\u00e1t t\u00fddn\u011b, bu\u010f v pond\u011bl\u00ed, ve st\u0159edu a v p\u00e1tek, nebo v \u00fater\u00fd, ve \u010dtvrtek a v sobotu. Pokud je b\u011bhem 72hodinov\u00e9ho intervalu mezi d\u00e1vkami probl\u00e9m s odvyk\u00e1n\u00edm, m\u016f\u017ee b\u00fdt p\u0159edchoz\u00ed d\u00e1vka zv\u00fd\u0161ena.<br \/>\nObvykl\u00e9 d\u00e1vky levomethadylacet\u00e1tu se nesm\u00ed pod\u00e1vat v po sob\u011b jdouc\u00edch dnech z d\u016fvodu rizika fat\u00e1ln\u00edho p\u0159ed\u00e1vkov\u00e1n\u00ed. \u017d\u00e1dn\u00e1 d\u00e1vka uveden\u00e1 v tomto ozna\u010den\u00ed nen\u00ed nikdy ur\u010dena k pod\u00e1n\u00ed jako denn\u00ed d\u00e1vka<\/p>\n<p>\u00bb Vyh\u00fdb\u00e1n\u00ed se u\u017e\u00edv\u00e1n\u00ed alkoholick\u00fdch n\u00e1poj\u016f a neleg\u00e1ln\u00edch opioid\u016f, a to i v p\u0159\u00edpad\u011b abstinen\u010dn\u00edch p\u0159\u00edznak\u016f a chut\u00ed na n\u011b, kv\u016fli riziku potenci\u00e1ln\u011b smrteln\u00e9 toxicity aditiv nebo p\u0159ed\u00e1vkov\u00e1n\u00ed.<br \/>\n\" Nutnost informovat l\u00e9ka\u0159e a zubn\u00ed l\u00e9ka\u0159e o pou\u017eit\u00ed levomethadylu, zejm\u00e9na pokud je nutn\u00fd jak\u00fdkoli chirurgick\u00fd z\u00e1krok (v\u010detn\u011b zubn\u00edho) nebo akutn\u00ed o\u0161et\u0159en\u00ed.<\/p>\n<h3>ZME\u0160KAN\u00c1 D\u00c1VKA<\/h3>\n<p>Pokud vynech\u00e1te d\u00e1vku a p\u0159ijde na kliniku v den dal\u0161\u00ed pl\u00e1novan\u00e9 d\u00e1vky (vynech\u00e1 pond\u011bl\u00ed, p\u0159ijde ve st\u0159edu), bude obvykl\u00e1 d\u00e1vka v maxim\u00e1ln\u00edm po\u010dtu p\u0159\u00edpad\u016f dob\u0159e tolerov\u00e1na, i kdy\u017e ve vybran\u00fdch p\u0159\u00edpadech m\u016f\u017ee b\u00fdt spr\u00e1vn\u00e1 sn\u00ed\u017een\u00e1 d\u00e1vka.<\/p>\n<h3>P\u0158EKRO\u010cEN\u00cd D\u00c1VKY<\/h3>\n<p>Anal\u00fdza p\u0159ed\u00e1vkov\u00e1n\u00ed pozorovan\u00e1 p\u0159i v\u00fdvoji ORLAAM (levomethadyl acet\u00e1tu) uk\u00e1zala, \u017ee pokud je ORLAAM (levomethadyl acet\u00e1t) odklon\u011bn do kan\u00e1l\u016f zneu\u017e\u00edv\u00e1n\u00ed, neinformovan\u00fd narkoman m\u016f\u017ee b\u00fdt netrp\u011bliv\u00fd s pomal\u00fdm n\u00e1stupem levomethadyl acet\u00e1tu (2 a\u017e 4 hodiny) a u\u017e\u00edt neleg\u00e1ln\u00ed drogy, co\u017e vede k potenci\u00e1ln\u011b smrteln\u00e9mu kombinovan\u00e9mu p\u0159ed\u00e1vkov\u00e1n\u00ed, kdy\u017e se rozvine vrcholn\u00fd \u00fa\u010dinek ORLAAM (levomethadyl acet\u00e1tu). Vzhledem k t\u011bmto rizik\u016fm zneu\u017eit\u00ed a n\u00e1hodn\u00e9ho \u00famrt\u00ed byl schv\u00e1len pro pou\u017eit\u00ed pouze p\u0159i v\u00fddeji licencovan\u00fdm za\u0159\u00edzen\u00edm.<\/p>\n<h3>SKLADOV\u00c1N\u00cd LEVACETYLMETHADOLU<\/h3>\n<p>Pokud v\u00fdrobce nestanov\u00ed jinak, skladujte jej p\u0159i teplot\u011b mezi 15 a 30 \u00b0C, chr\u00e1n\u011bn\u00fd p\u0159ed mrazem.<\/p>\n<h3>KDE KOUPIT NEJLEP\u0160\u00cd LEVACETYLMETHADOL ONLINE?<\/h3>\n<p>Koupit Levacetylmethadol online z buyprescriptionz jste kdekoli na sv\u011bt\u011b, ale m\u016f\u017eete si koupit l\u00e9k\u00e1rnu online s 100% Safe. Poskytujeme nejlep\u0161\u00ed ceny ve v\u0161ech na\u0161ich produktech. M\u016f\u017eete si prohl\u00e9dnout na\u0161e produkty.<\/p>","protected":false},"excerpt":{"rendered":"<p>BUY LEVACETYLMETHADOL ONLINE Buy Levacetylmethadol Online\u00a0,Levacetymethadol is a synthetic opioid anesthetic with numerous movements quantitatively similar to those as morphine, the most prominent of which involve the central nervous system and organs composed of smooth muscle. However, it is more active and more toxic than others. FEATURES OF LEVACETYLMETHADOL It is a narcotic pain-relieving with [&hellip;]<\/p>","protected":false},"featured_media":3028,"comment_status":"open","ping_status":"closed","template":"","meta":{"site-sidebar-layout":"default","site-content-layout":"","ast-site-content-layout":"default","site-content-style":"default","site-sidebar-style":"default","ast-global-header-display":"","ast-banner-title-visibility":"","ast-main-header-display":"","ast-hfb-above-header-display":"","ast-hfb-below-header-display":"","ast-hfb-mobile-header-display":"","site-post-title":"","ast-breadcrumbs-content":"","ast-featured-img":"","footer-sml-layout":"","theme-transparent-header-meta":"default","adv-header-id-meta":"","stick-header-meta":"","header-above-stick-meta":"","header-main-stick-meta":"","header-below-stick-meta":"","astra-migrate-meta-layouts":"set","ast-page-background-enabled":"default","ast-page-background-meta":{"desktop":{"background-color":"var(--ast-global-color-4)","background-image":"","background-repeat":"repeat","background-position":"center center","background-size":"auto","background-attachment":"scroll","background-type":"","background-media":"","overlay-type":"","overlay-color":"","overlay-opacity":"","overlay-gradient":""},"tablet":{"background-color":"","background-image":"","background-repeat":"repeat","background-position":"center center","background-size":"auto","background-attachment":"scroll","background-type":"","background-media":"","overlay-type":"","overlay-color":"","overlay-opacity":"","overlay-gradient":""},"mobile":{"background-color":"","background-image":"","background-repeat":"repeat","background-position":"center center","background-size":"auto","background-attachment":"scroll","background-type":"","background-media":"","overlay-type":"","overlay-color":"","overlay-opacity":"","overlay-gradient":""}},"ast-content-background-meta":{"desktop":{"background-color":"var(--ast-global-color-5)","background-image":"","background-repeat":"repeat","background-position":"center center","background-size":"auto","background-attachment":"scroll","background-type":"","background-media":"","overlay-type":"","overlay-color":"","overlay-opacity":"","overlay-gradient":""},"tablet":{"background-color":"var(--ast-global-color-5)","background-image":"","background-repeat":"repeat","background-position":"center center","background-size":"auto","background-attachment":"scroll","background-type":"","background-media":"","overlay-type":"","overlay-color":"","overlay-opacity":"","overlay-gradient":""},"mobile":{"background-color":"var(--ast-global-color-5)","background-image":"","background-repeat":"repeat","background-position":"center center","background-size":"auto","background-attachment":"scroll","background-type":"","background-media":"","overlay-type":"","overlay-color":"","overlay-opacity":"","overlay-gradient":""}}},"product_brand":[],"product_cat":[2382],"product_tag":[1509,1510,1508,1503,1506,1505,1504,1507,1502,1501,1512,1511],"class_list":{"0":"post-2998","1":"product","2":"type-product","3":"status-publish","4":"has-post-thumbnail","6":"product_cat-buy-opioids-online","7":"product_tag-buy-levacetylmethadol-in-canada","8":"product_tag-buy-levacetylmethadol-in-uk","9":"product_tag-buy-levacetylmethadol-in-usa","10":"product_tag-buy-levacetylmethadol-with-bitcoin","11":"product_tag-buy-levacetylmethadol-with-credit-card","12":"product_tag-buy-levacetylmethadol-with-money-gram","13":"product_tag-buy-levacetylmethadol-with-western-union","14":"product_tag-buy-levacetylmethadol-without-a-doctor","15":"product_tag-buy-levacetylmethadol-without-prescription","16":"product_tag-levacetylmethadol-for-sale","17":"product_tag-levacetylmethadol-pills","18":"product_tag-levacetylmethadol-tablets","19":"desktop-align-center","20":"tablet-align-left","21":"mobile-align-left","23":"first","24":"instock","25":"shipping-taxable","26":"purchasable","27":"product-type-variable","28":"has-default-attributes"},"yoast_head":"<!-- This site is optimized with the Yoast SEO plugin v25.9 - https:\/\/yoast.com\/wordpress\/plugins\/seo\/ -->\n<title>Buy LevacetylMethadol Online - LevacetylMethadol for Sale<\/title>\n<meta name=\"description\" content=\"If you want to buy Levacetylmethadol online, then visit our online Buy-Prescriptionz store is the best option. We have Levacetylmethadol for sale. Place your order now!\" \/>\n<meta name=\"robots\" content=\"index, follow, max-snippet:-1, max-image-preview:large, max-video-preview:-1\" \/>\n<link rel=\"canonical\" href=\"https:\/\/buy-prescriptionz.com\/cs\/produkt\/koupit-levacetylmethadol-online\/\" \/>\n<meta property=\"og:locale\" content=\"cs_CZ\" \/>\n<meta property=\"og:type\" content=\"article\" \/>\n<meta property=\"og:title\" content=\"Buy LevacetylMethadol Online - LevacetylMethadol for Sale\" \/>\n<meta property=\"og:description\" content=\"If you want to buy Levacetylmethadol online, then visit our online Buy-Prescriptionz store is the best option. We have Levacetylmethadol for sale. Place your order now!\" \/>\n<meta property=\"og:url\" content=\"https:\/\/buy-prescriptionz.com\/cs\/produkt\/koupit-levacetylmethadol-online\/\" \/>\n<meta property=\"og:site_name\" content=\"Buy Prescriptionz\" \/>\n<meta property=\"article:modified_time\" content=\"2025-09-23T06:49:43+00:00\" \/>\n<meta property=\"og:image\" content=\"https:\/\/buy-prescriptionz.com\/wp-content\/uploads\/2025\/09\/levacetylmethadol.jpg\" \/>\n\t<meta property=\"og:image:width\" content=\"400\" \/>\n\t<meta property=\"og:image:height\" content=\"300\" \/>\n\t<meta property=\"og:image:type\" content=\"image\/jpeg\" \/>\n<meta name=\"twitter:card\" content=\"summary_large_image\" \/>\n<meta name=\"twitter:label1\" content=\"Odhadovan\u00e1 doba \u010dten\u00ed\" \/>\n\t<meta name=\"twitter:data1\" content=\"4 minuty\" \/>\n<script type=\"application\/ld+json\" class=\"yoast-schema-graph\">{\"@context\":\"https:\/\/schema.org\",\"@graph\":[{\"@type\":\"WebPage\",\"@id\":\"https:\/\/buy-prescriptionz.com\/product\/buy-levacetylmethadol-online\/\",\"url\":\"https:\/\/buy-prescriptionz.com\/product\/buy-levacetylmethadol-online\/\",\"name\":\"Buy LevacetylMethadol Online - LevacetylMethadol for Sale\",\"isPartOf\":{\"@id\":\"https:\/\/buy-prescriptionz.com\/#website\"},\"primaryImageOfPage\":{\"@id\":\"https:\/\/buy-prescriptionz.com\/product\/buy-levacetylmethadol-online\/#primaryimage\"},\"image\":{\"@id\":\"https:\/\/buy-prescriptionz.com\/product\/buy-levacetylmethadol-online\/#primaryimage\"},\"thumbnailUrl\":\"https:\/\/buy-prescriptionz.com\/wp-content\/uploads\/2025\/09\/levacetylmethadol.jpg\",\"datePublished\":\"2025-09-16T08:55:53+00:00\",\"dateModified\":\"2025-09-23T06:49:43+00:00\",\"description\":\"If you want to buy Levacetylmethadol online, then visit our online Buy-Prescriptionz store is the best option. We have Levacetylmethadol for sale. Place your order now!\",\"breadcrumb\":{\"@id\":\"https:\/\/buy-prescriptionz.com\/product\/buy-levacetylmethadol-online\/#breadcrumb\"},\"inLanguage\":\"cs\",\"potentialAction\":[{\"@type\":\"ReadAction\",\"target\":[\"https:\/\/buy-prescriptionz.com\/product\/buy-levacetylmethadol-online\/\"]}]},{\"@type\":\"ImageObject\",\"inLanguage\":\"cs\",\"@id\":\"https:\/\/buy-prescriptionz.com\/product\/buy-levacetylmethadol-online\/#primaryimage\",\"url\":\"https:\/\/buy-prescriptionz.com\/wp-content\/uploads\/2025\/09\/levacetylmethadol.jpg\",\"contentUrl\":\"https:\/\/buy-prescriptionz.com\/wp-content\/uploads\/2025\/09\/levacetylmethadol.jpg\",\"width\":400,\"height\":300},{\"@type\":\"BreadcrumbList\",\"@id\":\"https:\/\/buy-prescriptionz.com\/product\/buy-levacetylmethadol-online\/#breadcrumb\",\"itemListElement\":[{\"@type\":\"ListItem\",\"position\":1,\"name\":\"Home\",\"item\":\"https:\/\/buy-prescriptionz.com\/\"},{\"@type\":\"ListItem\",\"position\":2,\"name\":\"Shop Painkillers Online\",\"item\":\"https:\/\/buy-prescriptionz.com\/shop-painkillers-online\/\"},{\"@type\":\"ListItem\",\"position\":3,\"name\":\"Buy Levacetylmethadol Online\"}]},{\"@type\":\"WebSite\",\"@id\":\"https:\/\/buy-prescriptionz.com\/#website\",\"url\":\"https:\/\/buy-prescriptionz.com\/\",\"name\":\"Buy Prescriptionz\",\"description\":\"Drugs Online\",\"publisher\":{\"@id\":\"https:\/\/buy-prescriptionz.com\/#organization\"},\"potentialAction\":[{\"@type\":\"SearchAction\",\"target\":{\"@type\":\"EntryPoint\",\"urlTemplate\":\"https:\/\/buy-prescriptionz.com\/?s={search_term_string}\"},\"query-input\":{\"@type\":\"PropertyValueSpecification\",\"valueRequired\":true,\"valueName\":\"search_term_string\"}}],\"inLanguage\":\"cs\"},{\"@type\":\"Organization\",\"@id\":\"https:\/\/buy-prescriptionz.com\/#organization\",\"name\":\"Buy Prescriptionz\",\"url\":\"https:\/\/buy-prescriptionz.com\/\",\"logo\":{\"@type\":\"ImageObject\",\"inLanguage\":\"cs\",\"@id\":\"https:\/\/buy-prescriptionz.com\/#\/schema\/logo\/image\/\",\"url\":\"https:\/\/buy-prescriptionz.com\/wp-content\/uploads\/2023\/09\/logo.png\",\"contentUrl\":\"https:\/\/buy-prescriptionz.com\/wp-content\/uploads\/2023\/09\/logo.png\",\"width\":350,\"height\":64,\"caption\":\"Buy Prescriptionz\"},\"image\":{\"@id\":\"https:\/\/buy-prescriptionz.com\/#\/schema\/logo\/image\/\"}}]}<\/script>\n<!-- \/ Yoast SEO plugin. -->","yoast_head_json":{"title":"Koupit Le acetylMetadol online - Le acetylMetadol na prodej","description":"Pokud si chcete koupit levacetylmethadol online, nav\u0161tivte n\u00e1\u0161 online obchod Buy-Prescriptionz, kter\u00fd je tou nejlep\u0161\u00ed volbou. Levacetylmethadol m\u00e1me na prodej. Objednejte si hned te\u010f!","robots":{"index":"index","follow":"follow","max-snippet":"max-snippet:-1","max-image-preview":"max-image-preview:large","max-video-preview":"max-video-preview:-1"},"canonical":"https:\/\/buy-prescriptionz.com\/cs\/produkt\/koupit-levacetylmethadol-online\/","og_locale":"cs_CZ","og_type":"article","og_title":"Buy LevacetylMethadol Online - LevacetylMethadol for Sale","og_description":"If you want to buy Levacetylmethadol online, then visit our online Buy-Prescriptionz store is the best option. We have Levacetylmethadol for sale. Place your order now!","og_url":"https:\/\/buy-prescriptionz.com\/cs\/produkt\/koupit-levacetylmethadol-online\/","og_site_name":"Buy Prescriptionz","article_modified_time":"2025-09-23T06:49:43+00:00","og_image":[{"width":400,"height":300,"url":"https:\/\/buy-prescriptionz.com\/wp-content\/uploads\/2025\/09\/levacetylmethadol.jpg","type":"image\/jpeg"}],"twitter_card":"summary_large_image","twitter_misc":{"Odhadovan\u00e1 doba \u010dten\u00ed":"4 minuty"},"schema":{"@context":"https:\/\/schema.org","@graph":[{"@type":"WebPage","@id":"https:\/\/buy-prescriptionz.com\/product\/buy-levacetylmethadol-online\/","url":"https:\/\/buy-prescriptionz.com\/product\/buy-levacetylmethadol-online\/","name":"Koupit Le acetylMetadol online - Le acetylMetadol na prodej","isPartOf":{"@id":"https:\/\/buy-prescriptionz.com\/#website"},"primaryImageOfPage":{"@id":"https:\/\/buy-prescriptionz.com\/product\/buy-levacetylmethadol-online\/#primaryimage"},"image":{"@id":"https:\/\/buy-prescriptionz.com\/product\/buy-levacetylmethadol-online\/#primaryimage"},"thumbnailUrl":"https:\/\/buy-prescriptionz.com\/wp-content\/uploads\/2025\/09\/levacetylmethadol.jpg","datePublished":"2025-09-16T08:55:53+00:00","dateModified":"2025-09-23T06:49:43+00:00","description":"Pokud si chcete koupit levacetylmethadol online, nav\u0161tivte n\u00e1\u0161 online obchod Buy-Prescriptionz, kter\u00fd je tou nejlep\u0161\u00ed volbou. Levacetylmethadol m\u00e1me na prodej. Objednejte si hned te\u010f!","breadcrumb":{"@id":"https:\/\/buy-prescriptionz.com\/product\/buy-levacetylmethadol-online\/#breadcrumb"},"inLanguage":"cs","potentialAction":[{"@type":"ReadAction","target":["https:\/\/buy-prescriptionz.com\/product\/buy-levacetylmethadol-online\/"]}]},{"@type":"ImageObject","inLanguage":"cs","@id":"https:\/\/buy-prescriptionz.com\/product\/buy-levacetylmethadol-online\/#primaryimage","url":"https:\/\/buy-prescriptionz.com\/wp-content\/uploads\/2025\/09\/levacetylmethadol.jpg","contentUrl":"https:\/\/buy-prescriptionz.com\/wp-content\/uploads\/2025\/09\/levacetylmethadol.jpg","width":400,"height":300},{"@type":"BreadcrumbList","@id":"https:\/\/buy-prescriptionz.com\/product\/buy-levacetylmethadol-online\/#breadcrumb","itemListElement":[{"@type":"ListItem","position":1,"name":"Home","item":"https:\/\/buy-prescriptionz.com\/"},{"@type":"ListItem","position":2,"name":"Shop Painkillers Online","item":"https:\/\/buy-prescriptionz.com\/shop-painkillers-online\/"},{"@type":"ListItem","position":3,"name":"Buy Levacetylmethadol Online"}]},{"@type":"WebSite","@id":"https:\/\/buy-prescriptionz.com\/#website","url":"https:\/\/buy-prescriptionz.com\/","name":"Koupit Prescriptionz","description":"Drogy online","publisher":{"@id":"https:\/\/buy-prescriptionz.com\/#organization"},"potentialAction":[{"@type":"SearchAction","target":{"@type":"EntryPoint","urlTemplate":"https:\/\/buy-prescriptionz.com\/?s={search_term_string}"},"query-input":{"@type":"PropertyValueSpecification","valueRequired":true,"valueName":"search_term_string"}}],"inLanguage":"cs"},{"@type":"Organization","@id":"https:\/\/buy-prescriptionz.com\/#organization","name":"Koupit Prescriptionz","url":"https:\/\/buy-prescriptionz.com\/","logo":{"@type":"ImageObject","inLanguage":"cs","@id":"https:\/\/buy-prescriptionz.com\/#\/schema\/logo\/image\/","url":"https:\/\/buy-prescriptionz.com\/wp-content\/uploads\/2023\/09\/logo.png","contentUrl":"https:\/\/buy-prescriptionz.com\/wp-content\/uploads\/2023\/09\/logo.png","width":350,"height":64,"caption":"Buy Prescriptionz"},"image":{"@id":"https:\/\/buy-prescriptionz.com\/#\/schema\/logo\/image\/"}}]}},"_links":{"self":[{"href":"https:\/\/buy-prescriptionz.com\/cs\/wp-json\/wp\/v2\/product\/2998","targetHints":{"allow":["GET"]}}],"collection":[{"href":"https:\/\/buy-prescriptionz.com\/cs\/wp-json\/wp\/v2\/product"}],"about":[{"href":"https:\/\/buy-prescriptionz.com\/cs\/wp-json\/wp\/v2\/types\/product"}],"replies":[{"embeddable":true,"href":"https:\/\/buy-prescriptionz.com\/cs\/wp-json\/wp\/v2\/comments?post=2998"}],"wp:featuredmedia":[{"embeddable":true,"href":"https:\/\/buy-prescriptionz.com\/cs\/wp-json\/wp\/v2\/media\/3028"}],"wp:attachment":[{"href":"https:\/\/buy-prescriptionz.com\/cs\/wp-json\/wp\/v2\/media?parent=2998"}],"wp:term":[{"taxonomy":"product_brand","embeddable":true,"href":"https:\/\/buy-prescriptionz.com\/cs\/wp-json\/wp\/v2\/product_brand?post=2998"},{"taxonomy":"product_cat","embeddable":true,"href":"https:\/\/buy-prescriptionz.com\/cs\/wp-json\/wp\/v2\/product_cat?post=2998"},{"taxonomy":"product_tag","embeddable":true,"href":"https:\/\/buy-prescriptionz.com\/cs\/wp-json\/wp\/v2\/product_tag?post=2998"}],"curies":[{"name":"wp","href":"https:\/\/api.w.org\/{rel}","templated":true}]}}