{"id":3002,"date":"2025-09-16T08:55:53","date_gmt":"2025-09-16T08:55:53","guid":{"rendered":"https:\/\/chemsfine.com\/newsite\/?post_type=product&#038;p=3002"},"modified":"2025-09-26T14:33:40","modified_gmt":"2025-09-26T14:33:40","slug":"morphine","status":"publish","type":"product","link":"https:\/\/buy-prescriptionz.com\/cs\/produkt\/morphine\/","title":{"rendered":"Morfin"},"content":{"rendered":"<h2>KOUPIT MORFINY ONLINE<\/h2>\n<p>Koupit morfin online Koupit morfin online,Morfin se pou\u017e\u00edv\u00e1 k \u00falev\u011b od st\u0159edn\u011b siln\u00e9 a\u017e siln\u00e9 bolesti. Kapsle morfinu se pou\u017e\u00edvaj\u00ed pouze k \u00falev\u011b od siln\u00e9 (nep\u0159etr\u017eit\u00e9) bolesti, kterou nelze zvl\u00e1dnout pou\u017eit\u00edm jin\u00fdch l\u00e9k\u016f proti bolesti. Morfin by nem\u011bl b\u00fdt pou\u017e\u00edv\u00e1n k l\u00e9\u010db\u011b bolesti, kterou lze kontrolovat l\u00e9ky, kter\u00e9 se u\u017e\u00edvaj\u00ed podle pot\u0159eby. Morfin je vhodn\u00fd pro l\u00e9\u010dbu v p\u0159\u00edpad\u011b, \u017ee se v pr\u016fb\u011bhu l\u00e9\u010dby objev\u00ed ...<\/p>\n<h3>VLASTNOSTI MORFINU<\/h3>\n<p>Tablety morfinu jsou ur\u010deny k l\u00e9\u010db\u011b bolesti, kter\u00e1 je natolik siln\u00e1, \u017ee vy\u017eaduje ka\u017edodenn\u00ed, nep\u0159etr\u017eitou a dlouhodobou l\u00e9\u010dbu. <a href=\"https:\/\/de.wikipedia.org\/w\/index.php?sort=relevance&amp;search=drungs&amp;title=Spezial%3ASuche&amp;profile=advanced&amp;fulltext=1&amp;advancedSearch-current=%7B%7D&amp;ns0=1\">opioidy<\/a> a u kter\u00fdch jsou alternativn\u00ed mo\u017enosti l\u00e9\u010dby nedostate\u010dn\u00e9.<\/p>\n<h3>VEDLEJ\u0160\u00cd \u00da\u010cINKY<\/h3>\n<p><strong>Morfin m\u016f\u017ee zp\u016fsobit ne\u017e\u00e1douc\u00ed \u00fa\u010dinky. Pokud jsou n\u011bkter\u00e9 z t\u011bchto p\u0159\u00edznak\u016f z\u00e1va\u017en\u00e9 nebo neodezn\u00edvaj\u00ed, sd\u011blte to sv\u00e9mu l\u00e9ka\u0159i:<\/strong><br \/>\nBolesti a k\u0159e\u010de \u017ealudku<br \/>\nOspalost<br \/>\nSucho v \u00fastech<br \/>\nNervozita<br \/>\nBolesti hlavy<br \/>\nZm\u011bny n\u00e1lady<\/p>\n<h3><strong>Morfin: P\u0159ehled a v\u00fdhody pro efektivn\u00ed l\u00e9\u010dbu bolesti z buy-prescriptionz.com<\/strong><\/h3>\n<p>Morfin, dostupn\u00fd z online zdroj\u016f, jako je buy-prescriptionz.com, je jedn\u00edm z nej\u00fa\u010dinn\u011bj\u0161\u00edch l\u00e9k\u016f na zvl\u00e1d\u00e1n\u00ed siln\u00e9 bolesti. B\u011b\u017en\u011b se pou\u017e\u00edv\u00e1 u pacient\u016f trp\u00edc\u00edch chronickou bolest\u00ed, poopera\u010dn\u00ed bolest\u00ed nebo bolest\u00ed spojenou s rakovinou. Nejlep\u0161\u00ed morfin je vysoce \u00fa\u010dinnou volbou pro zvl\u00e1d\u00e1n\u00ed siln\u00e9 bolesti.<\/p>\n<p>Morfin nab\u00edz\u00ed n\u011bkolik kl\u00ed\u010dov\u00fdch v\u00fdhod:<\/p>\n<ol>\n<li>\u00da\u010dinn\u00e1 \u00faleva od bolesti: Hydrokodon je vysoce \u00fa\u010dinn\u00fd p\u0159i \u00falev\u011b od st\u0159edn\u011b siln\u00e9 a\u017e siln\u00e9 bolesti, tak\u017ee je vhodn\u00fd pro pacienty, kte\u0159\u00ed pot\u0159ebuj\u00ed silnou l\u00e9\u010dbu bolesti.<\/li>\n<li>Rychl\u00fd n\u00e1stup \u00fa\u010dinku: L\u00e9k za\u010d\u00edn\u00e1 rychle p\u016fsobit a poskytuje rychlou \u00falevu od akutn\u00edch epizod bolesti.<\/li>\n<li>V\u0161estrann\u00e9 l\u00e9kov\u00e9 formy: Morfin je k dispozici v r\u016fzn\u00fdch form\u00e1ch, v\u010detn\u011b peror\u00e1ln\u00edch, injek\u010dn\u00edch a tablet s prodlou\u017een\u00fdm uvol\u0148ov\u00e1n\u00edm, co\u017e umo\u017e\u0148uje flexibiln\u00ed pod\u00e1v\u00e1n\u00ed p\u0159izp\u016fsoben\u00e9 pot\u0159eb\u00e1m pacienta.<\/li>\n<li>Zlep\u0161en\u00ed kvality \u017eivota: Pro ty, kte\u0159\u00ed trp\u00ed chronickou bolest\u00ed, m\u016f\u017ee morfin v\u00fdznamn\u011b zlep\u0161it ka\u017edodenn\u00ed fungov\u00e1n\u00ed a celkovou kvalitu \u017eivota sn\u00ed\u017een\u00edm \u00farovn\u011b bolesti.<\/li>\n<\/ol>\n<p>Vzhledem ke sv\u00e9 \u00fa\u010dinnosti v\u0161ak mus\u00ed b\u00fdt morfin pou\u017e\u00edv\u00e1n pod p\u0159\u00edsn\u00fdm l\u00e9ka\u0159sk\u00fdm dohledem. Pacienti by m\u011bli pe\u010dliv\u011b dodr\u017eovat pokyny sv\u00e9ho l\u00e9ka\u0159e, aby minimalizovali riziko z\u00e1vislosti a dal\u0161\u00edch vedlej\u0161\u00edch \u00fa\u010dink\u016f, jako je respira\u010dn\u00ed deprese, z\u00e1cpa a ospalost. Pokud je morfin z\u00edsk\u00e1v\u00e1n z nejlep\u0161\u00ed l\u00e9k\u00e1rny, jako je buy-prescriptionz.com, a pou\u017e\u00edv\u00e1n zodpov\u011bdn\u011b pod l\u00e9ka\u0159sk\u00fdm dohledem, m\u016f\u017ee v\u00fdrazn\u011b prosp\u011bt lidem trp\u00edc\u00edm chronickou bolest\u00ed, zlep\u0161it kvalitu jejich \u017eivota a celkovou pohodu. V\u017edy se pora\u010fte se zdravotnick\u00fdm pracovn\u00edkem, abyste zajistili bezpe\u010dn\u00e9 a vhodn\u00e9 u\u017e\u00edv\u00e1n\u00ed morfinu.<\/p>\n<h3>BEZPE\u010cNOSTN\u00cd OPAT\u0158EN\u00cd U MORFINU<\/h3>\n<p>Morfin se dod\u00e1v\u00e1 ve form\u011b roztoku, tablet s prodlou\u017een\u00fdm uvol\u0148ov\u00e1n\u00edm a tobolek s prodlou\u017een\u00fdm uvol\u0148ov\u00e1n\u00edm (s dlouhodob\u00fdm \u00fa\u010dinkem), kter\u00e9 se u\u017e\u00edvaj\u00ed \u00fasty. Peror\u00e1ln\u00ed roztok se obvykle u\u017e\u00edv\u00e1 ka\u017ed\u00e9 4 hodiny pot\u0159ebn\u00e9 k l\u00e9\u010db\u011b bolesti. N\u011bkter\u00e9 zna\u010dky jsou tablety s prodlou\u017een\u00fdm uvol\u0148ov\u00e1n\u00edm, kter\u00e9 se obvykle u\u017e\u00edvaj\u00ed ka\u017ed\u00fdch 8 nebo ka\u017ed\u00fdch 12 hodin. Pe\u010dliv\u011b dodr\u017eujte pokyny na \u0161t\u00edtku l\u00e9ka\u0159sk\u00e9ho p\u0159edpisu a po\u017e\u00e1dejte sv\u00e9ho l\u00e9ka\u0159e o vysv\u011btlen\u00ed n\u011bkter\u00e9 \u010d\u00e1sti, kter\u00e9 nerozum\u00edte.<br \/>\nUjist\u011bte se, \u017ee v\u00edte, kolik mililitr\u016f tekutiny byste m\u011bli u\u017e\u00edt. Pokud m\u00e1te jak\u00e9koli ot\u00e1zky ohledn\u011b toho, jakou d\u00e1vku tohoto l\u00e9ku m\u00e1te u\u017e\u00edvat nebo jak pou\u017e\u00edvat d\u00e1vkovac\u00ed kal\u00ed\u0161ek nebo injek\u010dn\u00ed st\u0159\u00edka\u010dku, zeptejte se sv\u00e9ho l\u00e9ka\u0159e.<br \/>\nPokud u\u017e\u00edv\u00e1te zna\u010dkov\u00e9 tobolky s Pokud u\u017e\u00edv\u00e1te zna\u010dkov\u00e9 tobolky s prodlou\u017een\u00fdm uvol\u0148ov\u00e1n\u00edm a m\u00e1te gastrostomickou sondu (chirurgicky zavedenou vy\u017eivovac\u00ed sondu), zeptejte se sv\u00e9ho l\u00e9ka\u0159e nebo l\u00e9k\u00e1rn\u00edka, jak pod\u00e1vat l\u00e9ky sondou.prodlou\u017een\u00fdm uvol\u0148ov\u00e1n\u00edm a m\u00e1te gastrostomickou sondu (chirurgicky zavedenou v\u00fd\u017eivovou trubi\u010dku), zeptejte se sv\u00e9ho l\u00e9ka\u0159e nebo l\u00e9k\u00e1rn\u00edka, jak l\u00e9k pod\u00e1vat p\u0159es sondu.<\/p>\n<h3>ZME\u0160KAN\u00c1 D\u00c1VKA<\/h3>\n<p>Pokud u\u017e\u00edv\u00e1te morfin, l\u00e9ka\u0159 v\u00e1m pravd\u011bpodobn\u011b \u0159ekne, abyste l\u00e9k u\u017e\u00edvali podle pot\u0159eby.<br \/>\nPokud V\u00e1m bylo \u0159e\u010deno, \u017ee m\u00e1te u\u017e\u00edvat pl\u00e1novan\u00e9 d\u00e1vky p\u0159\u00edpravku s prodlou\u017een\u00fdm uvol\u0148ov\u00e1n\u00edm, u\u017eijte vynechanou d\u00e1vku, jakmile si na ni vzpomenete, a dal\u0161\u00ed d\u00e1vku neu\u017e\u00edvejte v obvyklou dobu. M\u00edsto toho si nechte mezi jednotliv\u00fdmi d\u00e1vkami stejnou dobu, jakou si obvykle nech\u00e1v\u00e1te p\u0159ed dal\u0161\u00ed d\u00e1vkou. Pokud si vzpomenete, kdy je t\u00e9m\u011b\u0159 \u010das na dal\u0161\u00ed d\u00e1vku, vynechte vynechanou d\u00e1vku a pokra\u010dujte v pravideln\u00e9m d\u00e1vkovac\u00edm sch\u00e9matu. Neu\u017e\u00edvejte dv\u011b d\u00e1vky za jednu vynechanou d\u00e1vku.<\/p>\n<h3>P\u0158EKRO\u010cEN\u00cd D\u00c1VKY<\/h3>\n<p><strong>P\u0159\u00edznaky p\u0159ed\u00e1vkov\u00e1n\u00ed mohou b\u00fdt n\u00e1sleduj\u00edc\u00ed:<\/strong><\/p>\n<p>pomal\u00e9, m\u011blk\u00e9 nebo nepravideln\u00e9 d\u00fdch\u00e1n\u00ed<br \/>\nospalost<br \/>\nztr\u00e1ta v\u011bdom\u00ed<br \/>\nochabl\u00e9 svaly<br \/>\nstuden\u00e1, lepkav\u00e1 k\u016f\u017ee<br \/>\nmal\u00ed \u017e\u00e1ci<br \/>\npomal\u00fd srde\u010dn\u00ed tep<br \/>\nrozmazan\u00e9 vid\u011bn\u00ed<br \/>\nnevolnost<br \/>\nmdloby<\/p>\n<h3>SKLADOV\u00c1N\u00cd MORFINU<\/h3>\n<p>Je d\u016fle\u017eit\u00e9 uchov\u00e1vat tento l\u00e9k mimo dohled a dosah d\u011bt\u00ed a skladovat p\u0159i pokojov\u00e9 teplot\u011b. Abyste ochr\u00e1nili d\u011bti p\u0159ed otravou, zamkn\u011bte bezpe\u010dnostn\u00ed uz\u00e1v\u011bry a um\u00edst\u011bte l\u00e9k na bezpe\u010dn\u00e9 m\u00edsto.<\/p>\n<h3>KDE KOUPIT NEJLEP\u0160\u00cd MORFIN ONLINE?<\/h3>\n<p>Kupte si morfin na prahu s jednoduch\u00fdmi a snadn\u00fdmi kroky od buprescriptionz online s v nejlep\u0161\u00ed cen\u011b a z\u00edskat \u00falevu od bolesti.<\/p>","protected":false},"excerpt":{"rendered":"<p>BUY MORPHINE ONLINE Buy Morphine Online, Morphine is used for relief moderate to severe pain. Morphine capsules are only used to relieve severe (around-the-clock) pain that cannot be controlled by the use of other pain medications. Morphine should not be used to treat pain that can be controlled by medication that is taken as needed. [&hellip;]<\/p>","protected":false},"featured_media":3032,"comment_status":"open","ping_status":"closed","template":"","meta":{"site-sidebar-layout":"default","site-content-layout":"","ast-site-content-layout":"default","site-content-style":"default","site-sidebar-style":"default","ast-global-header-display":"","ast-banner-title-visibility":"","ast-main-header-display":"","ast-hfb-above-header-display":"","ast-hfb-below-header-display":"","ast-hfb-mobile-header-display":"","site-post-title":"","ast-breadcrumbs-content":"","ast-featured-img":"","footer-sml-layout":"","theme-transparent-header-meta":"default","adv-header-id-meta":"","stick-header-meta":"","header-above-stick-meta":"","header-main-stick-meta":"","header-below-stick-meta":"","astra-migrate-meta-layouts":"set","ast-page-background-enabled":"default","ast-page-background-meta":{"desktop":{"background-color":"var(--ast-global-color-4)","background-image":"","background-repeat":"repeat","background-position":"center center","background-size":"auto","background-attachment":"scroll","background-type":"","background-media":"","overlay-type":"","overlay-color":"","overlay-opacity":"","overlay-gradient":""},"tablet":{"background-color":"","background-image":"","background-repeat":"repeat","background-position":"center center","background-size":"auto","background-attachment":"scroll","background-type":"","background-media":"","overlay-type":"","overlay-color":"","overlay-opacity":"","overlay-gradient":""},"mobile":{"background-color":"","background-image":"","background-repeat":"repeat","background-position":"center center","background-size":"auto","background-attachment":"scroll","background-type":"","background-media":"","overlay-type":"","overlay-color":"","overlay-opacity":"","overlay-gradient":""}},"ast-content-background-meta":{"desktop":{"background-color":"var(--ast-global-color-5)","background-image":"","background-repeat":"repeat","background-position":"center center","background-size":"auto","background-attachment":"scroll","background-type":"","background-media":"","overlay-type":"","overlay-color":"","overlay-opacity":"","overlay-gradient":""},"tablet":{"background-color":"var(--ast-global-color-5)","background-image":"","background-repeat":"repeat","background-position":"center center","background-size":"auto","background-attachment":"scroll","background-type":"","background-media":"","overlay-type":"","overlay-color":"","overlay-opacity":"","overlay-gradient":""},"mobile":{"background-color":"var(--ast-global-color-5)","background-image":"","background-repeat":"repeat","background-position":"center center","background-size":"auto","background-attachment":"scroll","background-type":"","background-media":"","overlay-type":"","overlay-color":"","overlay-opacity":"","overlay-gradient":""}}},"product_brand":[],"product_cat":[2382],"product_tag":[2175,2177,2176,2178,2180,2179,2181],"class_list":{"0":"post-3002","1":"product","2":"type-product","3":"status-publish","4":"has-post-thumbnail","6":"product_cat-buy-opioids-online","7":"product_tag-best-of-morphine","8":"product_tag-buy-morphine-30mg-online","9":"product_tag-buy-morphine-online","10":"product_tag-buy-morphine-online-without-prescription","11":"product_tag-buy-pain-relief-tablets","12":"product_tag-morphine","13":"product_tag-morphine-sulfate","14":"desktop-align-center","15":"tablet-align-left","16":"mobile-align-left","18":"first","19":"instock","20":"shipping-taxable","21":"purchasable","22":"product-type-variable","23":"has-default-attributes"},"yoast_head":"<!-- This site is optimized with the Yoast SEO plugin v25.9 - https:\/\/yoast.com\/wordpress\/plugins\/seo\/ -->\n<title>Buy Morphine Online - Buy Pain Relief Tablets &amp; Treatments Online AU<\/title>\n<meta name=\"description\" content=\"Buy Morphine Online is an online pharmacy store where you can Morphine at best price without doctor&#039;s prescription. Morphine\" \/>\n<meta name=\"robots\" content=\"index, follow, max-snippet:-1, max-image-preview:large, max-video-preview:-1\" \/>\n<link rel=\"canonical\" href=\"https:\/\/buy-prescriptionz.com\/cs\/produkt\/morphine\/\" \/>\n<meta property=\"og:locale\" content=\"cs_CZ\" \/>\n<meta property=\"og:type\" content=\"article\" \/>\n<meta property=\"og:title\" content=\"Buy Morphine Online - Buy Pain Relief Tablets &amp; Treatments Online AU\" \/>\n<meta property=\"og:description\" content=\"Buy Morphine Online is an online pharmacy store where you can Morphine at best price without doctor&#039;s prescription. Morphine\" \/>\n<meta property=\"og:url\" content=\"https:\/\/buy-prescriptionz.com\/cs\/produkt\/morphine\/\" \/>\n<meta property=\"og:site_name\" content=\"Buy Prescriptionz\" \/>\n<meta property=\"article:modified_time\" content=\"2025-09-26T14:33:40+00:00\" \/>\n<meta property=\"og:image\" content=\"https:\/\/buy-prescriptionz.com\/wp-content\/uploads\/2025\/09\/morphine.jpg\" \/>\n\t<meta property=\"og:image:width\" content=\"400\" \/>\n\t<meta property=\"og:image:height\" content=\"300\" \/>\n\t<meta property=\"og:image:type\" content=\"image\/jpeg\" \/>\n<meta name=\"twitter:card\" content=\"summary_large_image\" \/>\n<meta name=\"twitter:label1\" content=\"Odhadovan\u00e1 doba \u010dten\u00ed\" \/>\n\t<meta name=\"twitter:data1\" content=\"4 minuty\" \/>\n<script type=\"application\/ld+json\" class=\"yoast-schema-graph\">{\"@context\":\"https:\/\/schema.org\",\"@graph\":[{\"@type\":\"WebPage\",\"@id\":\"https:\/\/buy-prescriptionz.com\/product\/morphine\/\",\"url\":\"https:\/\/buy-prescriptionz.com\/product\/morphine\/\",\"name\":\"Buy Morphine Online - Buy Pain Relief Tablets & Treatments Online AU\",\"isPartOf\":{\"@id\":\"https:\/\/buy-prescriptionz.com\/#website\"},\"primaryImageOfPage\":{\"@id\":\"https:\/\/buy-prescriptionz.com\/product\/morphine\/#primaryimage\"},\"image\":{\"@id\":\"https:\/\/buy-prescriptionz.com\/product\/morphine\/#primaryimage\"},\"thumbnailUrl\":\"https:\/\/buy-prescriptionz.com\/wp-content\/uploads\/2025\/09\/morphine.jpg\",\"datePublished\":\"2025-09-16T08:55:53+00:00\",\"dateModified\":\"2025-09-26T14:33:40+00:00\",\"description\":\"Buy Morphine Online is an online pharmacy store where you can Morphine at best price without doctor's prescription. Morphine\",\"breadcrumb\":{\"@id\":\"https:\/\/buy-prescriptionz.com\/product\/morphine\/#breadcrumb\"},\"inLanguage\":\"cs\",\"potentialAction\":[{\"@type\":\"ReadAction\",\"target\":[\"https:\/\/buy-prescriptionz.com\/product\/morphine\/\"]}]},{\"@type\":\"ImageObject\",\"inLanguage\":\"cs\",\"@id\":\"https:\/\/buy-prescriptionz.com\/product\/morphine\/#primaryimage\",\"url\":\"https:\/\/buy-prescriptionz.com\/wp-content\/uploads\/2025\/09\/morphine.jpg\",\"contentUrl\":\"https:\/\/buy-prescriptionz.com\/wp-content\/uploads\/2025\/09\/morphine.jpg\",\"width\":400,\"height\":300},{\"@type\":\"BreadcrumbList\",\"@id\":\"https:\/\/buy-prescriptionz.com\/product\/morphine\/#breadcrumb\",\"itemListElement\":[{\"@type\":\"ListItem\",\"position\":1,\"name\":\"Home\",\"item\":\"https:\/\/buy-prescriptionz.com\/\"},{\"@type\":\"ListItem\",\"position\":2,\"name\":\"Shop Painkillers Online\",\"item\":\"https:\/\/buy-prescriptionz.com\/shop-painkillers-online\/\"},{\"@type\":\"ListItem\",\"position\":3,\"name\":\"Morphine\"}]},{\"@type\":\"WebSite\",\"@id\":\"https:\/\/buy-prescriptionz.com\/#website\",\"url\":\"https:\/\/buy-prescriptionz.com\/\",\"name\":\"Buy Prescriptionz\",\"description\":\"Drugs Online\",\"publisher\":{\"@id\":\"https:\/\/buy-prescriptionz.com\/#organization\"},\"potentialAction\":[{\"@type\":\"SearchAction\",\"target\":{\"@type\":\"EntryPoint\",\"urlTemplate\":\"https:\/\/buy-prescriptionz.com\/?s={search_term_string}\"},\"query-input\":{\"@type\":\"PropertyValueSpecification\",\"valueRequired\":true,\"valueName\":\"search_term_string\"}}],\"inLanguage\":\"cs\"},{\"@type\":\"Organization\",\"@id\":\"https:\/\/buy-prescriptionz.com\/#organization\",\"name\":\"Buy Prescriptionz\",\"url\":\"https:\/\/buy-prescriptionz.com\/\",\"logo\":{\"@type\":\"ImageObject\",\"inLanguage\":\"cs\",\"@id\":\"https:\/\/buy-prescriptionz.com\/#\/schema\/logo\/image\/\",\"url\":\"https:\/\/buy-prescriptionz.com\/wp-content\/uploads\/2023\/09\/logo.png\",\"contentUrl\":\"https:\/\/buy-prescriptionz.com\/wp-content\/uploads\/2023\/09\/logo.png\",\"width\":350,\"height\":64,\"caption\":\"Buy Prescriptionz\"},\"image\":{\"@id\":\"https:\/\/buy-prescriptionz.com\/#\/schema\/logo\/image\/\"}}]}<\/script>\n<!-- \/ Yoast SEO plugin. -->","yoast_head_json":{"title":"Koupit morfin online - Koupit tablety proti bolesti a l\u00e9\u010dbu online AU","description":"Buy Morphine Online je online l\u00e9k\u00e1rna, kde m\u016f\u017eete Morphine za nejlep\u0161\u00ed cenu bez l\u00e9ka\u0159sk\u00e9ho p\u0159edpisu. Morphine","robots":{"index":"index","follow":"follow","max-snippet":"max-snippet:-1","max-image-preview":"max-image-preview:large","max-video-preview":"max-video-preview:-1"},"canonical":"https:\/\/buy-prescriptionz.com\/cs\/produkt\/morphine\/","og_locale":"cs_CZ","og_type":"article","og_title":"Buy Morphine Online - Buy Pain Relief Tablets & Treatments Online AU","og_description":"Buy Morphine Online is an online pharmacy store where you can Morphine at best price without doctor's prescription. Morphine","og_url":"https:\/\/buy-prescriptionz.com\/cs\/produkt\/morphine\/","og_site_name":"Buy Prescriptionz","article_modified_time":"2025-09-26T14:33:40+00:00","og_image":[{"width":400,"height":300,"url":"https:\/\/buy-prescriptionz.com\/wp-content\/uploads\/2025\/09\/morphine.jpg","type":"image\/jpeg"}],"twitter_card":"summary_large_image","twitter_misc":{"Odhadovan\u00e1 doba \u010dten\u00ed":"4 minuty"},"schema":{"@context":"https:\/\/schema.org","@graph":[{"@type":"WebPage","@id":"https:\/\/buy-prescriptionz.com\/product\/morphine\/","url":"https:\/\/buy-prescriptionz.com\/product\/morphine\/","name":"Koupit morfin online - Koupit tablety proti bolesti a l\u00e9\u010dbu online AU","isPartOf":{"@id":"https:\/\/buy-prescriptionz.com\/#website"},"primaryImageOfPage":{"@id":"https:\/\/buy-prescriptionz.com\/product\/morphine\/#primaryimage"},"image":{"@id":"https:\/\/buy-prescriptionz.com\/product\/morphine\/#primaryimage"},"thumbnailUrl":"https:\/\/buy-prescriptionz.com\/wp-content\/uploads\/2025\/09\/morphine.jpg","datePublished":"2025-09-16T08:55:53+00:00","dateModified":"2025-09-26T14:33:40+00:00","description":"Buy Morphine Online je online l\u00e9k\u00e1rna, kde m\u016f\u017eete Morphine za nejlep\u0161\u00ed cenu bez l\u00e9ka\u0159sk\u00e9ho p\u0159edpisu. Morphine","breadcrumb":{"@id":"https:\/\/buy-prescriptionz.com\/product\/morphine\/#breadcrumb"},"inLanguage":"cs","potentialAction":[{"@type":"ReadAction","target":["https:\/\/buy-prescriptionz.com\/product\/morphine\/"]}]},{"@type":"ImageObject","inLanguage":"cs","@id":"https:\/\/buy-prescriptionz.com\/product\/morphine\/#primaryimage","url":"https:\/\/buy-prescriptionz.com\/wp-content\/uploads\/2025\/09\/morphine.jpg","contentUrl":"https:\/\/buy-prescriptionz.com\/wp-content\/uploads\/2025\/09\/morphine.jpg","width":400,"height":300},{"@type":"BreadcrumbList","@id":"https:\/\/buy-prescriptionz.com\/product\/morphine\/#breadcrumb","itemListElement":[{"@type":"ListItem","position":1,"name":"Home","item":"https:\/\/buy-prescriptionz.com\/"},{"@type":"ListItem","position":2,"name":"Shop Painkillers Online","item":"https:\/\/buy-prescriptionz.com\/shop-painkillers-online\/"},{"@type":"ListItem","position":3,"name":"Morphine"}]},{"@type":"WebSite","@id":"https:\/\/buy-prescriptionz.com\/#website","url":"https:\/\/buy-prescriptionz.com\/","name":"Koupit Prescriptionz","description":"Drogy online","publisher":{"@id":"https:\/\/buy-prescriptionz.com\/#organization"},"potentialAction":[{"@type":"SearchAction","target":{"@type":"EntryPoint","urlTemplate":"https:\/\/buy-prescriptionz.com\/?s={search_term_string}"},"query-input":{"@type":"PropertyValueSpecification","valueRequired":true,"valueName":"search_term_string"}}],"inLanguage":"cs"},{"@type":"Organization","@id":"https:\/\/buy-prescriptionz.com\/#organization","name":"Koupit Prescriptionz","url":"https:\/\/buy-prescriptionz.com\/","logo":{"@type":"ImageObject","inLanguage":"cs","@id":"https:\/\/buy-prescriptionz.com\/#\/schema\/logo\/image\/","url":"https:\/\/buy-prescriptionz.com\/wp-content\/uploads\/2023\/09\/logo.png","contentUrl":"https:\/\/buy-prescriptionz.com\/wp-content\/uploads\/2023\/09\/logo.png","width":350,"height":64,"caption":"Buy Prescriptionz"},"image":{"@id":"https:\/\/buy-prescriptionz.com\/#\/schema\/logo\/image\/"}}]}},"_links":{"self":[{"href":"https:\/\/buy-prescriptionz.com\/cs\/wp-json\/wp\/v2\/product\/3002","targetHints":{"allow":["GET"]}}],"collection":[{"href":"https:\/\/buy-prescriptionz.com\/cs\/wp-json\/wp\/v2\/product"}],"about":[{"href":"https:\/\/buy-prescriptionz.com\/cs\/wp-json\/wp\/v2\/types\/product"}],"replies":[{"embeddable":true,"href":"https:\/\/buy-prescriptionz.com\/cs\/wp-json\/wp\/v2\/comments?post=3002"}],"wp:featuredmedia":[{"embeddable":true,"href":"https:\/\/buy-prescriptionz.com\/cs\/wp-json\/wp\/v2\/media\/3032"}],"wp:attachment":[{"href":"https:\/\/buy-prescriptionz.com\/cs\/wp-json\/wp\/v2\/media?parent=3002"}],"wp:term":[{"taxonomy":"product_brand","embeddable":true,"href":"https:\/\/buy-prescriptionz.com\/cs\/wp-json\/wp\/v2\/product_brand?post=3002"},{"taxonomy":"product_cat","embeddable":true,"href":"https:\/\/buy-prescriptionz.com\/cs\/wp-json\/wp\/v2\/product_cat?post=3002"},{"taxonomy":"product_tag","embeddable":true,"href":"https:\/\/buy-prescriptionz.com\/cs\/wp-json\/wp\/v2\/product_tag?post=3002"}],"curies":[{"name":"wp","href":"https:\/\/api.w.org\/{rel}","templated":true}]}}