{"id":3003,"date":"2025-09-16T08:55:53","date_gmt":"2025-09-16T08:55:53","guid":{"rendered":"https:\/\/chemsfine.com\/newsite\/?post_type=product&#038;p=3003"},"modified":"2025-09-24T18:44:33","modified_gmt":"2025-09-24T18:44:33","slug":"koupit-opana-er-oxymorfon-online","status":"publish","type":"product","link":"https:\/\/buy-prescriptionz.com\/cs\/produkt\/koupit-opana-er-oxymorfon-online\/","title":{"rendered":"Koupit Opana ER (Oxymorphone) online"},"content":{"rendered":"<h2>KOUPIT OPANA ONLINE<\/h2>\n<p>Kupte si Opana ER (Oxymorphone) online, Opana ER (Oxymorphone Hydrochloride) je l\u00e9k proti bolesti. Pou\u017e\u00edv\u00e1 se k l\u00e9\u010db\u011b m\u00edrn\u00e9 a\u017e siln\u00e9 bolesti, kter\u00e1 trv\u00e1 d\u00e9le ne\u017e n\u011bkolik dn\u00ed. Pou\u017e\u00edvaj\u00ed ho lid\u00e9, kte\u0159\u00ed u\u017e\u00edvali opioidn\u00ed nebo narkotick\u00e9 l\u00e9ky proti bolesti.<\/p>\n<h3>VLASTNOSTI OPANA ER<\/h3>\n<p>Opana ER pat\u0159\u00ed do t\u0159\u00eddy opioid\u016f a l\u00e9\u010d\u00ed bolest. Pou\u017e\u00edvaj\u00ed se k l\u00e9\u010db\u011b z\u00e1vislosti na opioidech, bolesti a pr\u016fjmu. Funguj\u00ed tak, \u017ee ovliv\u0148uj\u00ed oblasti mozku, kter\u00e9 zodpov\u011bdn\u00e9 za bolest, a umo\u017e\u0148uj\u00ed vst\u0159eb\u00e1v\u00e1n\u00ed v\u011bt\u0161\u00edho mno\u017estv\u00ed tekutiny v tenk\u00e9m st\u0159ev\u011b.<\/p>\n<h3><strong>Opana ER (Oxymorfon): P\u0159ehled v\u00fdhod a \u00fa\u010dinn\u00e1 l\u00e9\u010dba bolesti<\/strong><\/h3>\n<p>Opana ER (Oxymorphone) je siln\u00fd opioidn\u00ed l\u00e9k pou\u017e\u00edvan\u00fd k l\u00e9\u010db\u011b siln\u00e9 bolesti, kter\u00e1 vy\u017eaduje nep\u0159etr\u017eitou a dlouhodobou l\u00e9\u010dbu. Je k dispozici prost\u0159ednictv\u00edm r\u016fzn\u00fdch online zdroj\u016f, jako je buy-prescriptionz.com, a poskytuje \u00fa\u010dinn\u00e9 \u0159e\u0161en\u00ed pro jednotlivce, kte\u0159\u00ed se pot\u00fdkaj\u00ed s chronick\u00fdmi bolestmi.<\/p>\n<ol>\n<li>\u00da\u010dinn\u00e1 \u00faleva od bolesti: Hydrokodon je vysoce \u00fa\u010dinn\u00fd p\u0159i \u00falev\u011b od st\u0159edn\u011b siln\u00e9 a\u017e siln\u00e9 bolesti, tak\u017ee je vhodn\u00fd pro pacienty, kte\u0159\u00ed pot\u0159ebuj\u00ed silnou l\u00e9\u010dbu bolesti.<\/li>\n<li>Dlouhotrvaj\u00edc\u00ed \u00faleva: Prodlou\u017een\u00e9 uvol\u0148ov\u00e1n\u00ed l\u00e9ku zaji\u0161\u0165uje, \u017ee pacienti poci\u0165uj\u00ed \u00falevu od bolesti po del\u0161\u00ed dobu bez nutnosti \u010dast\u00e9ho d\u00e1vkov\u00e1n\u00ed.<\/li>\n<li>Zlep\u0161en\u00ed kvality \u017eivota: Pro osoby se silnou chronickou bolest\u00ed m\u016f\u017ee Opana ER v\u00fdrazn\u011b zlep\u0161it kvalitu \u017eivota t\u00edm, \u017ee jim umo\u017en\u00ed lep\u0161\u00ed mobilitu a funk\u010dnost.<\/li>\n<\/ol>\n<h3>TAG F\u00d8LGENDE FORHOLDSREGLER<\/h3>\n<p>Ne\u017e za\u010dnete tento p\u0159\u00edpravek u\u017e\u00edvat, sd\u011blte sv\u00e9mu l\u00e9ka\u0159i, zda jste na n\u011bj alergick\u00fd(\u00e1) nebo na jin\u00e1 sympatomimetika (nap\u0159. lisdexamfetamin) nebo zda m\u00e1te jin\u00e9 alergie. Tento p\u0159\u00edpravek obsahuje ne\u00fa\u010dinn\u00e9 l\u00e1tky, kter\u00e9 mohou zp\u016fsobit alergick\u00e9 reakce nebo jin\u00e9 probl\u00e9my. O dal\u0161\u00edch podrobnostech se pora\u010fte se sv\u00fdm l\u00e9k\u00e1rn\u00edkem.<\/p>\n<h3>V\u011aD\u011aTE SI O NE\u017d\u00c1DOUC\u00cdCH \u00da\u010cINC\u00cdCH B\u011aHEM U\u017d\u00cdV\u00c1N\u00cd P\u0158\u00cdPRAVKU OPANA ER<\/h3>\n<p>Mohou se objevit nevolnost, zvracen\u00ed, bolest hlavy, z\u00e1cpa, m\u00edrn\u00e9 sv\u011bd\u011bn\u00ed, sucho v \u00fastech, to\u010den\u00ed hlavy, z\u00e1vrat\u011b nebo ospalost. Pokud n\u011bkter\u00fd z ne\u017e\u00e1douc\u00edch \u00fa\u010dink\u016f p\u0159etrv\u00e1v\u00e1 nebo se zhor\u0161uje, ihned to sd\u011blte sv\u00e9mu l\u00e9ka\u0159i. Pokud se u v\u00e1s vyskytnou jak\u00e9koli z\u00e1va\u017en\u00e9 ne\u017e\u00e1douc\u00ed \u00fa\u010dinky, jako jsou du\u0161evn\u00ed\/n\u00e1ladov\u00e9 zm\u011bny, bolesti b\u0159icha, zm\u011bny vid\u011bn\u00ed, pot\u00ed\u017ee s mo\u010den\u00edm, pomal\u00fd nebo zrychlen\u00fd srde\u010dn\u00ed tep, pot\u00ed\u017ee s polyk\u00e1n\u00edm tohoto l\u00e9ku (jako je d\u00e1ven\u00ed, du\u0161en\u00ed), p\u0159\u00edznaky \u0161patn\u00e9 funkce nadledvin, ihned to sd\u011blte sv\u00e9mu l\u00e9ka\u0159i.<\/p>\n<h3>PROBL\u00c9MY S VYNECHANOU D\u00c1VKOU<\/h3>\n<p>Vzhledem k tomu, \u017ee se p\u0159\u00edpravek Opana ER pou\u017e\u00edv\u00e1 k \u00falev\u011b od bolesti, je nepravd\u011bpodobn\u00e9, \u017ee byste d\u00e1vku vynechal\/a. Vynechanou d\u00e1vku vynechejte, pokud se t\u00e9m\u011b\u0159 bl\u00ed\u017e\u00ed \u010das na dal\u0161\u00ed d\u00e1vku. Neu\u017e\u00edvejte dv\u011b d\u00e1vky najednou.<\/p>\n<h3>P\u0158ED\u00c1VKOV\u00c1N\u00cd M\u016e\u017dE ZP\u016eSOBIT<\/h3>\n<p>Pokud se n\u011bkdo p\u0159ed\u00e1vkoval a projev\u00ed se u n\u011bj z\u00e1va\u017en\u00e9 p\u0159\u00edznaky, jako jsou mdloby nebo pot\u00ed\u017ee s d\u00fdch\u00e1n\u00edm, okam\u017eit\u011b se pora\u010fte s l\u00e9ka\u0159em. Mezi p\u0159\u00edznaky p\u0159ed\u00e1vkov\u00e1n\u00ed m\u016f\u017ee pat\u0159it: pomal\u00e9\/m\u011blk\u00e9 d\u00fdch\u00e1n\u00ed, pomal\u00fd srde\u010dn\u00ed tep a k\u00f3ma. Koupit Opana ER (Oxymorphone) online<\/p>\n<h3>SKLADOV\u00c1N\u00cd OPANY JE<\/h3>\n<p>Skladujte p\u0159i teplot\u011b 25 \u00b0C (77 \u00b0F) s povolen\u00fdmi teplotn\u00edmi v\u00fdkyvy 15\u201330 \u00b0C (59\u201386 \u00b0F). Uchov\u00e1vejte v uzav\u0159en\u00e9m obalu s d\u011btsk\u00fdm bezpe\u010dnostn\u00edm uz\u00e1v\u011brem.<\/p>\n<h3>KDE KOUPIT OPANA ER ONLINE?<\/h3>\n<p>Kupte si Opana ER (Oxymorfon) online, prodej l\u00e9k\u016f na p\u0159edpis. Kupte si Opana ER od Buyprescriptionz a\u017e k va\u0161im dve\u0159\u00edm za nejlep\u0161\u00ed cenu. M\u011bjte \u0161\u0165astn\u00fd a zdrav\u00fd \u017eivot.<\/p>\n<p>&nbsp;<\/p>","protected":false},"excerpt":{"rendered":"<p>BUY OPANA ER ONLINE Buy Opana ER (Oxymorphone) Online, Opana ER (Oxymorphone Hydrochloride) is a pain reliever. It is used to treat modest to severe pain that lasts for more than a few days. It is used by the people who have been taking an opioid or narcotic pain medicine. FEATURES OF OPANA ER Opana [&hellip;]<\/p>","protected":false},"featured_media":3033,"comment_status":"open","ping_status":"closed","template":"","meta":{"site-sidebar-layout":"default","site-content-layout":"","ast-site-content-layout":"default","site-content-style":"default","site-sidebar-style":"default","ast-global-header-display":"","ast-banner-title-visibility":"","ast-main-header-display":"","ast-hfb-above-header-display":"","ast-hfb-below-header-display":"","ast-hfb-mobile-header-display":"","site-post-title":"","ast-breadcrumbs-content":"","ast-featured-img":"","footer-sml-layout":"","theme-transparent-header-meta":"default","adv-header-id-meta":"","stick-header-meta":"","header-above-stick-meta":"","header-main-stick-meta":"","header-below-stick-meta":"","astra-migrate-meta-layouts":"set","ast-page-background-enabled":"default","ast-page-background-meta":{"desktop":{"background-color":"var(--ast-global-color-4)","background-image":"","background-repeat":"repeat","background-position":"center center","background-size":"auto","background-attachment":"scroll","background-type":"","background-media":"","overlay-type":"","overlay-color":"","overlay-opacity":"","overlay-gradient":""},"tablet":{"background-color":"","background-image":"","background-repeat":"repeat","background-position":"center center","background-size":"auto","background-attachment":"scroll","background-type":"","background-media":"","overlay-type":"","overlay-color":"","overlay-opacity":"","overlay-gradient":""},"mobile":{"background-color":"","background-image":"","background-repeat":"repeat","background-position":"center center","background-size":"auto","background-attachment":"scroll","background-type":"","background-media":"","overlay-type":"","overlay-color":"","overlay-opacity":"","overlay-gradient":""}},"ast-content-background-meta":{"desktop":{"background-color":"var(--ast-global-color-5)","background-image":"","background-repeat":"repeat","background-position":"center center","background-size":"auto","background-attachment":"scroll","background-type":"","background-media":"","overlay-type":"","overlay-color":"","overlay-opacity":"","overlay-gradient":""},"tablet":{"background-color":"var(--ast-global-color-5)","background-image":"","background-repeat":"repeat","background-position":"center center","background-size":"auto","background-attachment":"scroll","background-type":"","background-media":"","overlay-type":"","overlay-color":"","overlay-opacity":"","overlay-gradient":""},"mobile":{"background-color":"var(--ast-global-color-5)","background-image":"","background-repeat":"repeat","background-position":"center center","background-size":"auto","background-attachment":"scroll","background-type":"","background-media":"","overlay-type":"","overlay-color":"","overlay-opacity":"","overlay-gradient":""}}},"product_brand":[],"product_cat":[2383],"product_tag":[1416,1417,1415,1410,1413,1412,1411,1414,1409,1408,1419,1418],"class_list":{"0":"post-3003","1":"product","2":"type-product","3":"status-publish","4":"has-post-thumbnail","6":"product_cat-buy-stimulants-online","7":"product_tag-buy-opana-er-oxymorphone-in-canada","8":"product_tag-buy-opana-er-oxymorphone-in-uk","9":"product_tag-buy-opana-er-oxymorphone-in-usa","10":"product_tag-buy-opana-er-oxymorphone-with-bitcoin","11":"product_tag-buy-opana-er-oxymorphone-with-credit-card","12":"product_tag-buy-opana-er-oxymorphone-with-money-gram","13":"product_tag-buy-opana-er-oxymorphone-with-western-union","14":"product_tag-buy-opana-er-oxymorphone-without-a-doctor","15":"product_tag-buy-opana-er-oxymorphone-without-prescription","16":"product_tag-opana-er-oxymorphone-for-sale","17":"product_tag-opana-er-oxymorphone-pills","18":"product_tag-opana-er-oxymorphone-tablets","19":"desktop-align-center","20":"tablet-align-left","21":"mobile-align-left","23":"first","24":"instock","25":"featured","26":"shipping-taxable","27":"purchasable","28":"product-type-variable","29":"has-default-attributes"},"yoast_head":"<!-- This site is optimized with the Yoast SEO plugin v25.9 - https:\/\/yoast.com\/wordpress\/plugins\/seo\/ -->\n<title>Buy Opana ER (Oxymorphone) Online - Buy Opana Online For Sale<\/title>\n<meta name=\"description\" content=\"Buy Opana ER (Oxymorphone) Online \u2013 Opana \u2013 Buy Opana online.Buy Opana ER 40mg.Uses of Opana (Oxymorphone HCL): Oxymorphone is used to help relieve moderate\" \/>\n<meta name=\"robots\" content=\"index, follow, max-snippet:-1, max-image-preview:large, max-video-preview:-1\" \/>\n<link rel=\"canonical\" href=\"https:\/\/buy-prescriptionz.com\/cs\/produkt\/koupit-opana-er-oxymorfon-online\/\" \/>\n<meta property=\"og:locale\" content=\"cs_CZ\" \/>\n<meta property=\"og:type\" content=\"article\" \/>\n<meta property=\"og:title\" content=\"Buy Opana ER (Oxymorphone) Online - Buy Opana Online For Sale\" \/>\n<meta property=\"og:description\" content=\"Buy Opana ER (Oxymorphone) Online \u2013 Opana \u2013 Buy Opana online.Buy Opana ER 40mg.Uses of Opana (Oxymorphone HCL): Oxymorphone is used to help relieve moderate\" \/>\n<meta property=\"og:url\" content=\"https:\/\/buy-prescriptionz.com\/cs\/produkt\/koupit-opana-er-oxymorfon-online\/\" \/>\n<meta property=\"og:site_name\" content=\"Buy Prescriptionz\" \/>\n<meta property=\"article:modified_time\" content=\"2025-09-24T18:44:33+00:00\" \/>\n<meta property=\"og:image\" content=\"https:\/\/buy-prescriptionz.com\/wp-content\/uploads\/2025\/09\/opana-er-oxymorphone.jpg\" \/>\n\t<meta property=\"og:image:width\" content=\"400\" \/>\n\t<meta property=\"og:image:height\" content=\"300\" \/>\n\t<meta property=\"og:image:type\" content=\"image\/jpeg\" \/>\n<meta name=\"twitter:card\" content=\"summary_large_image\" \/>\n<meta name=\"twitter:label1\" content=\"Odhadovan\u00e1 doba \u010dten\u00ed\" \/>\n\t<meta name=\"twitter:data1\" content=\"3 minuty\" \/>\n<script type=\"application\/ld+json\" class=\"yoast-schema-graph\">{\"@context\":\"https:\/\/schema.org\",\"@graph\":[{\"@type\":\"WebPage\",\"@id\":\"https:\/\/buy-prescriptionz.com\/product\/buy-opana-er-oxymorphone-online\/\",\"url\":\"https:\/\/buy-prescriptionz.com\/product\/buy-opana-er-oxymorphone-online\/\",\"name\":\"Buy Opana ER (Oxymorphone) Online - Buy Opana Online For Sale\",\"isPartOf\":{\"@id\":\"https:\/\/buy-prescriptionz.com\/#website\"},\"primaryImageOfPage\":{\"@id\":\"https:\/\/buy-prescriptionz.com\/product\/buy-opana-er-oxymorphone-online\/#primaryimage\"},\"image\":{\"@id\":\"https:\/\/buy-prescriptionz.com\/product\/buy-opana-er-oxymorphone-online\/#primaryimage\"},\"thumbnailUrl\":\"https:\/\/buy-prescriptionz.com\/wp-content\/uploads\/2025\/09\/opana-er-oxymorphone.jpg\",\"datePublished\":\"2025-09-16T08:55:53+00:00\",\"dateModified\":\"2025-09-24T18:44:33+00:00\",\"description\":\"Buy Opana ER (Oxymorphone) Online \u2013 Opana \u2013 Buy Opana online.Buy Opana ER 40mg.Uses of Opana (Oxymorphone HCL): Oxymorphone is used to help relieve moderate\",\"breadcrumb\":{\"@id\":\"https:\/\/buy-prescriptionz.com\/product\/buy-opana-er-oxymorphone-online\/#breadcrumb\"},\"inLanguage\":\"cs\",\"potentialAction\":[{\"@type\":\"ReadAction\",\"target\":[\"https:\/\/buy-prescriptionz.com\/product\/buy-opana-er-oxymorphone-online\/\"]}]},{\"@type\":\"ImageObject\",\"inLanguage\":\"cs\",\"@id\":\"https:\/\/buy-prescriptionz.com\/product\/buy-opana-er-oxymorphone-online\/#primaryimage\",\"url\":\"https:\/\/buy-prescriptionz.com\/wp-content\/uploads\/2025\/09\/opana-er-oxymorphone.jpg\",\"contentUrl\":\"https:\/\/buy-prescriptionz.com\/wp-content\/uploads\/2025\/09\/opana-er-oxymorphone.jpg\",\"width\":400,\"height\":300},{\"@type\":\"BreadcrumbList\",\"@id\":\"https:\/\/buy-prescriptionz.com\/product\/buy-opana-er-oxymorphone-online\/#breadcrumb\",\"itemListElement\":[{\"@type\":\"ListItem\",\"position\":1,\"name\":\"Home\",\"item\":\"https:\/\/buy-prescriptionz.com\/\"},{\"@type\":\"ListItem\",\"position\":2,\"name\":\"Shop Painkillers Online\",\"item\":\"https:\/\/buy-prescriptionz.com\/shop-painkillers-online\/\"},{\"@type\":\"ListItem\",\"position\":3,\"name\":\"Buy Opana ER (Oxymorphone) Online\"}]},{\"@type\":\"WebSite\",\"@id\":\"https:\/\/buy-prescriptionz.com\/#website\",\"url\":\"https:\/\/buy-prescriptionz.com\/\",\"name\":\"Buy Prescriptionz\",\"description\":\"Drugs Online\",\"publisher\":{\"@id\":\"https:\/\/buy-prescriptionz.com\/#organization\"},\"potentialAction\":[{\"@type\":\"SearchAction\",\"target\":{\"@type\":\"EntryPoint\",\"urlTemplate\":\"https:\/\/buy-prescriptionz.com\/?s={search_term_string}\"},\"query-input\":{\"@type\":\"PropertyValueSpecification\",\"valueRequired\":true,\"valueName\":\"search_term_string\"}}],\"inLanguage\":\"cs\"},{\"@type\":\"Organization\",\"@id\":\"https:\/\/buy-prescriptionz.com\/#organization\",\"name\":\"Buy Prescriptionz\",\"url\":\"https:\/\/buy-prescriptionz.com\/\",\"logo\":{\"@type\":\"ImageObject\",\"inLanguage\":\"cs\",\"@id\":\"https:\/\/buy-prescriptionz.com\/#\/schema\/logo\/image\/\",\"url\":\"https:\/\/buy-prescriptionz.com\/wp-content\/uploads\/2023\/09\/logo.png\",\"contentUrl\":\"https:\/\/buy-prescriptionz.com\/wp-content\/uploads\/2023\/09\/logo.png\",\"width\":350,\"height\":64,\"caption\":\"Buy Prescriptionz\"},\"image\":{\"@id\":\"https:\/\/buy-prescriptionz.com\/#\/schema\/logo\/image\/\"}}]}<\/script>\n<!-- \/ Yoast SEO plugin. -->","yoast_head_json":{"title":"Koupit Opana ER (Oxymorfon) online - Koupit Opana online na prodej","description":"Koupit Opana ER (Oxymorphone) online \u2013 Opana \u2013 Koupit Opanu online. Koupit Opana ER 40mg. Pou\u017eit\u00ed Opany (Oxymorphone HCL): Oxymorphone se pou\u017e\u00edv\u00e1 k \u00falev\u011b od st\u0159edn\u011b t\u011b\u017ek\u00fdch","robots":{"index":"index","follow":"follow","max-snippet":"max-snippet:-1","max-image-preview":"max-image-preview:large","max-video-preview":"max-video-preview:-1"},"canonical":"https:\/\/buy-prescriptionz.com\/cs\/produkt\/koupit-opana-er-oxymorfon-online\/","og_locale":"cs_CZ","og_type":"article","og_title":"Buy Opana ER (Oxymorphone) Online - Buy Opana Online For Sale","og_description":"Buy Opana ER (Oxymorphone) Online \u2013 Opana \u2013 Buy Opana online.Buy Opana ER 40mg.Uses of Opana (Oxymorphone HCL): Oxymorphone is used to help relieve moderate","og_url":"https:\/\/buy-prescriptionz.com\/cs\/produkt\/koupit-opana-er-oxymorfon-online\/","og_site_name":"Buy Prescriptionz","article_modified_time":"2025-09-24T18:44:33+00:00","og_image":[{"width":400,"height":300,"url":"https:\/\/buy-prescriptionz.com\/wp-content\/uploads\/2025\/09\/opana-er-oxymorphone.jpg","type":"image\/jpeg"}],"twitter_card":"summary_large_image","twitter_misc":{"Odhadovan\u00e1 doba \u010dten\u00ed":"3 minuty"},"schema":{"@context":"https:\/\/schema.org","@graph":[{"@type":"WebPage","@id":"https:\/\/buy-prescriptionz.com\/product\/buy-opana-er-oxymorphone-online\/","url":"https:\/\/buy-prescriptionz.com\/product\/buy-opana-er-oxymorphone-online\/","name":"Koupit Opana ER (Oxymorfon) online - Koupit Opana online na prodej","isPartOf":{"@id":"https:\/\/buy-prescriptionz.com\/#website"},"primaryImageOfPage":{"@id":"https:\/\/buy-prescriptionz.com\/product\/buy-opana-er-oxymorphone-online\/#primaryimage"},"image":{"@id":"https:\/\/buy-prescriptionz.com\/product\/buy-opana-er-oxymorphone-online\/#primaryimage"},"thumbnailUrl":"https:\/\/buy-prescriptionz.com\/wp-content\/uploads\/2025\/09\/opana-er-oxymorphone.jpg","datePublished":"2025-09-16T08:55:53+00:00","dateModified":"2025-09-24T18:44:33+00:00","description":"Koupit Opana ER (Oxymorphone) online \u2013 Opana \u2013 Koupit Opanu online. Koupit Opana ER 40mg. Pou\u017eit\u00ed Opany (Oxymorphone HCL): Oxymorphone se pou\u017e\u00edv\u00e1 k \u00falev\u011b od st\u0159edn\u011b t\u011b\u017ek\u00fdch","breadcrumb":{"@id":"https:\/\/buy-prescriptionz.com\/product\/buy-opana-er-oxymorphone-online\/#breadcrumb"},"inLanguage":"cs","potentialAction":[{"@type":"ReadAction","target":["https:\/\/buy-prescriptionz.com\/product\/buy-opana-er-oxymorphone-online\/"]}]},{"@type":"ImageObject","inLanguage":"cs","@id":"https:\/\/buy-prescriptionz.com\/product\/buy-opana-er-oxymorphone-online\/#primaryimage","url":"https:\/\/buy-prescriptionz.com\/wp-content\/uploads\/2025\/09\/opana-er-oxymorphone.jpg","contentUrl":"https:\/\/buy-prescriptionz.com\/wp-content\/uploads\/2025\/09\/opana-er-oxymorphone.jpg","width":400,"height":300},{"@type":"BreadcrumbList","@id":"https:\/\/buy-prescriptionz.com\/product\/buy-opana-er-oxymorphone-online\/#breadcrumb","itemListElement":[{"@type":"ListItem","position":1,"name":"Home","item":"https:\/\/buy-prescriptionz.com\/"},{"@type":"ListItem","position":2,"name":"Shop Painkillers Online","item":"https:\/\/buy-prescriptionz.com\/shop-painkillers-online\/"},{"@type":"ListItem","position":3,"name":"Buy Opana ER (Oxymorphone) Online"}]},{"@type":"WebSite","@id":"https:\/\/buy-prescriptionz.com\/#website","url":"https:\/\/buy-prescriptionz.com\/","name":"Koupit Prescriptionz","description":"Drogy online","publisher":{"@id":"https:\/\/buy-prescriptionz.com\/#organization"},"potentialAction":[{"@type":"SearchAction","target":{"@type":"EntryPoint","urlTemplate":"https:\/\/buy-prescriptionz.com\/?s={search_term_string}"},"query-input":{"@type":"PropertyValueSpecification","valueRequired":true,"valueName":"search_term_string"}}],"inLanguage":"cs"},{"@type":"Organization","@id":"https:\/\/buy-prescriptionz.com\/#organization","name":"Koupit Prescriptionz","url":"https:\/\/buy-prescriptionz.com\/","logo":{"@type":"ImageObject","inLanguage":"cs","@id":"https:\/\/buy-prescriptionz.com\/#\/schema\/logo\/image\/","url":"https:\/\/buy-prescriptionz.com\/wp-content\/uploads\/2023\/09\/logo.png","contentUrl":"https:\/\/buy-prescriptionz.com\/wp-content\/uploads\/2023\/09\/logo.png","width":350,"height":64,"caption":"Buy Prescriptionz"},"image":{"@id":"https:\/\/buy-prescriptionz.com\/#\/schema\/logo\/image\/"}}]}},"_links":{"self":[{"href":"https:\/\/buy-prescriptionz.com\/cs\/wp-json\/wp\/v2\/product\/3003","targetHints":{"allow":["GET"]}}],"collection":[{"href":"https:\/\/buy-prescriptionz.com\/cs\/wp-json\/wp\/v2\/product"}],"about":[{"href":"https:\/\/buy-prescriptionz.com\/cs\/wp-json\/wp\/v2\/types\/product"}],"replies":[{"embeddable":true,"href":"https:\/\/buy-prescriptionz.com\/cs\/wp-json\/wp\/v2\/comments?post=3003"}],"wp:featuredmedia":[{"embeddable":true,"href":"https:\/\/buy-prescriptionz.com\/cs\/wp-json\/wp\/v2\/media\/3033"}],"wp:attachment":[{"href":"https:\/\/buy-prescriptionz.com\/cs\/wp-json\/wp\/v2\/media?parent=3003"}],"wp:term":[{"taxonomy":"product_brand","embeddable":true,"href":"https:\/\/buy-prescriptionz.com\/cs\/wp-json\/wp\/v2\/product_brand?post=3003"},{"taxonomy":"product_cat","embeddable":true,"href":"https:\/\/buy-prescriptionz.com\/cs\/wp-json\/wp\/v2\/product_cat?post=3003"},{"taxonomy":"product_tag","embeddable":true,"href":"https:\/\/buy-prescriptionz.com\/cs\/wp-json\/wp\/v2\/product_tag?post=3003"}],"curies":[{"name":"wp","href":"https:\/\/api.w.org\/{rel}","templated":true}]}}