{"id":3004,"date":"2025-09-16T08:55:53","date_gmt":"2025-09-16T08:55:53","guid":{"rendered":"https:\/\/chemsfine.com\/newsite\/?post_type=product&#038;p=3004"},"modified":"2026-01-12T23:13:17","modified_gmt":"2026-01-12T23:13:17","slug":"koupit-dilaudid-online","status":"publish","type":"product","link":"https:\/\/buy-prescriptionz.com\/cs\/produkt\/koupit-dilaudid-online\/","title":{"rendered":"Koupit Dilaudid online"},"content":{"rendered":"<h2>KOUPIT DILAUDID ONLINE<\/h2>\n<p>Koupit DILAUDID ONLINE Dilaudid je tak\u00e9 zn\u00e1m\u00fd jako hydromorfon, co\u017e je siln\u00e9 opioidn\u00ed analgetikum za\u0159azen\u00e9 do seznamu II. Je uv\u00e1d\u011bn na trh jako injek\u010dn\u00ed d\u00e1vka, v\u00edced\u00e1vkov\u00e9 lahvi\u010dky a tablety. Hydromorfon je indikov\u00e1n a pou\u017e\u00edv\u00e1n k \u00falev\u011b od st\u0159edn\u011b siln\u00e9 a\u017e siln\u00e9 bolesti. VLASTNOSTI P\u0158\u00cdPRAVKU DILAUDID Dilaudid je opioidn\u00ed agonista. Jedn\u00e1 se o semisyntetick\u00e9 deriv\u00e1ty morfinu a ...<\/p>\n<h3>VLASTNOSTI DILAUDIDU<\/h3>\n<p>Dilaudid je opioidn\u00ed agonista. Jedn\u00e1 se o polosyntetick\u00fd deriv\u00e1t morfinu a siln\u00fd opioidn\u00ed agonista, kter\u00fd se pou\u017e\u00edv\u00e1 p\u0159ev\u00e1\u017en\u011b k l\u00e9\u010db\u011b bolesti od st\u0159edn\u011b siln\u00e9 a\u017e siln\u00e9. Dilaudid byl spojov\u00e1n se zv\u00fd\u0161en\u00edm hladin s\u00e9rov\u00fdch enzym\u016f b\u011bhem terapie nebo s klinicky zjevn\u00fdm po\u0161kozen\u00edm jater.<\/p>\n<h3><strong>Dilaudid: P\u0159ehled v\u00fdhod a jak ho z\u00edskat na Buy-Prescriptionz.com<\/strong><\/h3>\n<p>Dilaudid, zn\u00e1m\u00fd tak\u00e9 pod generick\u00fdm n\u00e1zvem hydromorfon, je siln\u00fd opioidn\u00ed l\u00e9k proti bolesti. Pou\u017e\u00edv\u00e1 se p\u0159edev\u0161\u00edm k l\u00e9\u010db\u011b st\u0159edn\u011b siln\u00e9 a\u017e siln\u00e9 bolesti, jako je bolest po operaci, rakovin\u011b nebo jin\u00fdch z\u00e1va\u017en\u00fdch zdravotn\u00edch stavech. Dilaudid funguje vazbou na opioidn\u00ed receptory v mozku a m\u00ed\u0161e, co\u017e vede ke sn\u00ed\u017een\u00ed vn\u00edm\u00e1n\u00ed bolesti.<\/p>\n<h3>V\u00fdhody Dilaudidu<\/h3>\n<p>1. Rychl\u00e1 \u00faleva od bolesti: Jednou z hlavn\u00edch v\u00fdhod p\u0159\u00edpravku Dilaudid je jeho rychl\u00fd \u00fa\u010dinek. P\u0159i u\u017e\u00edv\u00e1n\u00ed podle pokyn\u016f m\u016f\u017ee Dilaudid poskytnout rychlou \u00falevu od intenzivn\u00ed bolesti, co\u017e z n\u011bj \u010din\u00ed ide\u00e1ln\u00ed volbu pro ty, kte\u0159\u00ed pot\u0159ebuj\u00ed okam\u017eitou \u00falevu.<\/p>\n<p>2. Dlouhotrvaj\u00edc\u00ed \u00fa\u010dinky: Krom\u011b rychl\u00e9ho n\u00e1stupu \u00fa\u010dinku m\u00e1 Dilaudid tak\u00e9 dlouhodob\u00e9 \u00fa\u010dinky. To znamen\u00e1, \u017ee jedna d\u00e1vka Dilaudidu m\u016f\u017ee poskytnout \u00falevu po del\u0161\u00ed dobu, co\u017e pacient\u016fm umo\u017e\u0148uje vykon\u00e1vat jejich ka\u017edodenn\u00ed \u010dinnosti bez neust\u00e1l\u00fdch obav z bolesti.<\/p>\n<p>3. Zlep\u0161en\u00ed kvality \u017eivota: Chronick\u00e1 bolest m\u016f\u017ee v\u00fdznamn\u011b ovlivnit kvalitu \u017eivota \u010dlov\u011bka a zt\u011b\u017eovat mu vykon\u00e1v\u00e1n\u00ed ka\u017edodenn\u00edch \u00fakol\u016f a u\u017e\u00edv\u00e1n\u00ed si aktivit, kter\u00e9 d\u0159\u00edve miloval. \u00da\u010dinnou l\u00e9\u010dbou bolesti pomoc\u00ed p\u0159\u00edpravku Dilaudid mohou jednotlivci zaznamenat zlep\u0161en\u00ed celkov\u00e9 pohody a znovu z\u00edskat schopnost \u017e\u00edt \u017eivot naplno.<\/p>\n<p>4. Minim\u00e1ln\u00ed vedlej\u0161\u00ed \u00fa\u010dinky: P\u0159esto\u017ee je Dilaudid siln\u00fd l\u00e9k proti bolesti, je zn\u00e1m\u00fd t\u00edm, \u017ee m\u00e1 p\u0159i u\u017e\u00edv\u00e1n\u00ed podle p\u0159edpisu minim\u00e1ln\u00ed vedlej\u0161\u00ed \u00fa\u010dinky. Mezi b\u011b\u017en\u00e9 vedlej\u0161\u00ed \u00fa\u010dinky mohou pat\u0159it z\u00e1vrat\u011b, nevolnost a z\u00e1cpa, ale ty lze \u010dasto zvl\u00e1dnout spr\u00e1vnou \u00fapravou d\u00e1vkov\u00e1n\u00ed a zm\u011bnami \u017eivotn\u00edho stylu.<\/p>\n<h3>Jak z\u00edskat Dilaudid z Buy-Prescriptionz.com<\/h3>\n<p>Pokud pot\u0159ebujete Dilaudid k l\u00e9\u010db\u011b bolesti, m\u016f\u017eete si tento l\u00e9k snadno zakoupit na Buy-Prescriptionz.com. Zde je podrobn\u00fd n\u00e1vod, jak si Dilaudid zakoupit v t\u00e9to online l\u00e9k\u00e1rn\u011b:<\/p>\n<p>1. Nav\u0161tivte webov\u00e9 str\u00e1nky: Nejprve nav\u0161tivte webov\u00e9 str\u00e1nky Buy-Prescriptionz.com a prohl\u00e9dn\u011bte si jejich nab\u00eddku l\u00e9k\u016f proti bolesti, v\u010detn\u011b Dilaudidu. Dilaudid m\u016f\u017eete snadno vyhledat pomoc\u00ed vyhled\u00e1vac\u00edho panelu nebo proch\u00e1zet seznam dostupn\u00fdch l\u00e9k\u016f.<\/p>\n<p>2. P\u0159idejte Dilaudid do ko\u0161\u00edku: Jakmile na webov\u00fdch str\u00e1nk\u00e1ch najdete nejlep\u0161\u00ed Dilaudid, jednodu\u0161e jej p\u0159idejte do ko\u0161\u00edku. Ujist\u011bte se, \u017ee jste vybrali spr\u00e1vn\u00e9 d\u00e1vkov\u00e1n\u00ed a mno\u017estv\u00ed, kter\u00e9 v\u00e1m p\u0159edepsal v\u00e1\u0161 l\u00e9ka\u0159.<\/p>\n<p>3. Dokon\u010dete proces platby: Po p\u0159id\u00e1n\u00ed p\u0159\u00edpravku Dilaudid do ko\u0161\u00edku pokra\u010dujte k procesu platby. Pro dokon\u010den\u00ed objedn\u00e1vky budete muset zadat sv\u00e9 dodac\u00ed a platebn\u00ed \u00fadaje. Buy-Prescriptionz.com nab\u00edz\u00ed bezpe\u010dn\u00e9 platebn\u00ed mo\u017enosti, aby byla zaji\u0161t\u011bna bezpe\u010dnost va\u0161ich osobn\u00edch \u00fadaj\u016f.<\/p>\n<p>4. Obdr\u017e\u00edte sv\u016fj Dilaudid: Jakmile bude va\u0161e objedn\u00e1vka zpracov\u00e1na a odesl\u00e1na, m\u016f\u017eete o\u010dek\u00e1vat, \u017ee sv\u016fj Dilaudid obdr\u017e\u00edte v\u010das. Buy-Prescriptionz.com se py\u0161n\u00ed poskytov\u00e1n\u00edm rychl\u00fdch a spolehliv\u00fdch doru\u010dovac\u00edch slu\u017eeb, abyste sv\u00e9 l\u00e9ky obdr\u017eeli co nejrychleji. Z\u00e1v\u011brem lze \u0159\u00edci, \u017ee Dilaudid je siln\u00fd l\u00e9k proti bolesti, kter\u00fd nab\u00edz\u00ed rychlou a dlouhodobou \u00falevu t\u011bm, kte\u0159\u00ed trp\u00ed st\u0159edn\u011b silnou a\u017e silnou bolest\u00ed.<\/p>\n<p>Zakoupen\u00edm p\u0159\u00edpravku Dilaudid v nejlep\u0161\u00ed l\u00e9k\u00e1rn\u011b Buy-Prescriptionz.com z\u00edsk\u00e1te snadn\u00fd p\u0159\u00edstup k tomuto l\u00e9ku a jeho \u010detn\u00fdm v\u00fdhod\u00e1m p\u0159i efektivn\u00ed l\u00e9\u010db\u011b bolesti. P\u0159i u\u017e\u00edv\u00e1n\u00ed p\u0159\u00edpravku Dilaudid nezapome\u0148te v\u017edy dodr\u017eovat pokyny sv\u00e9ho l\u00e9ka\u0159e, abyste zajistili bezpe\u010dnou a \u00fa\u010dinnou l\u00e9\u010dbu. Tak pro\u010d \u010dekat? Zlep\u0161ete si kvalitu \u017eivota je\u0161t\u011b dnes s p\u0159\u00edpravkem Dilaudid od Buy-Prescriptionz.com!<\/p>\n<h3>TAG F\u00d8LGENDE FORHOLDSREGLER<\/h3>\n<p>P\u0159ed pou\u017eit\u00edm tohoto p\u0159\u00edpravku sd\u011blte sv\u00e9mu l\u00e9ka\u0159i anamn\u00e9zu, zejm\u00e9na: probl\u00e9my s krevn\u00edm ob\u011bhem, ur\u010dit\u00e9 du\u0161evn\u00ed stavy, osobn\u00ed poruchy, srde\u010dn\u00ed probl\u00e9my, vysok\u00fd krevn\u00ed tlak, hyperaktivn\u00ed \u0161t\u00edtnou \u017el\u00e1zu, ur\u010dit\u00e9 o\u010dn\u00ed probl\u00e9my (glaukom), z\u00e1chvaty, osobn\u00ed nebo rodinnou anamn\u00e9zu poruchy u\u017e\u00edv\u00e1n\u00ed n\u00e1vykov\u00fdch l\u00e1tek, osobn\u00ed nebo rodinnou anamn\u00e9zu nekontrolovan\u00fdch svalov\u00fdch pohyb\u016f, onemocn\u011bn\u00ed ledvin, onemocn\u011bn\u00ed jater. P\u0159ed kojen\u00edm se pora\u010fte se sv\u00fdm l\u00e9ka\u0159em.<\/p>\n<h3>V\u011aD\u011aTE O NE\u017d\u00c1DOUC\u00cdCH \u00da\u010cINC\u00cdCH B\u011aHEM U\u017d\u00cdV\u00c1N\u00cd P\u0158\u00cdPRAVKU DILAUDID<\/h3>\n<p>P\u0159i u\u017e\u00edv\u00e1n\u00ed dilaudidu se mohou objevit n\u011bkter\u00e9 ne\u017e\u00e1douc\u00ed \u00fa\u010dinky, jako je nevolnost, zvracen\u00ed, z\u00e1cpa, to\u010den\u00ed hlavy, ospalost, pocen\u00ed, n\u00e1valy horka nebo sucho v \u00fastech. N\u011bkter\u00e9 z t\u011bchto ne\u017e\u00e1douc\u00edch \u00fa\u010dink\u016f se mohou po ur\u010dit\u00e9 dob\u011b u\u017e\u00edv\u00e1n\u00ed tohoto l\u00e9ku zm\u00edrnit. Abyste p\u0159ede\u0161li z\u00e1cp\u011b, jezte pravideln\u011b stravu s dostate\u010dn\u00fdm obsahem vl\u00e1kniny, pijte dostatek vody (alespo\u0148 10 sklenic) a cvi\u010dte. Po\u017e\u00e1dejte sv\u00e9ho l\u00e9ka\u0159e o pomoc s v\u00fdb\u011brem stimulantu se zm\u011bk\u010dova\u010dem stolice.<\/p>\n<h3>CO SE STANE, POKUD SE D\u00c1VKA VYNECH\u00c1??<\/h3>\n<p>Pokud vynech\u00e1te d\u00e1vku tohoto stimulantu, u\u017eijte ji, jakmile si vzpomenete, brzy r\u00e1no. Pokud je pozd\u011b odpoledne nebo se bl\u00ed\u017e\u00ed \u010das dal\u0161\u00ed d\u00e1vky, vynechanou d\u00e1vku vynechejte a pokra\u010dujte v obvykl\u00e9m d\u00e1vkovac\u00edm sch\u00e9matu. Nezdvojn\u00e1sobujte d\u00e1vku, abyste ji dohnali, mohlo by to zp\u016fsobit v\u00e1\u017en\u00e9 probl\u00e9my.<\/p>\n<h3>P\u0158ED\u00c1VKOV\u00c1N\u00cd M\u016e\u017dE ZP\u016eSOBIT<\/h3>\n<p>P\u0159ed\u00e1vkov\u00e1n\u00ed dilaudidem m\u016f\u017ee n\u011bkdy zp\u016fsobit v\u00e1\u017en\u00e9 zdravotn\u00ed probl\u00e9my. Nikdy, nikdy neu\u017e\u00edvejte dvojn\u00e1sobn\u00e9 d\u00e1vky, nep\u0159ed\u00e1vkujte za \u017e\u00e1dnou cenu. Pokud se p\u0159ed\u00e1vkujete nebo zjist\u00edte jak\u00e9koli \u00fa\u010dinky p\u0159ed\u00e1vkov\u00e1n\u00ed, okam\u017eit\u011b se pora\u010fte s l\u00e9ka\u0159em.<\/p>\n<h3>SKLADOV\u00c1N\u00cd P\u0158\u00cdPRAVKU DILAUDID<\/h3>\n<p>Tento l\u00e9k uchov\u00e1vejte v obalu, ve kter\u00e9m byl dod\u00e1n, pevn\u011b jej uzav\u0159ete, aby byl l\u00e9k mimo dosah d\u011bt\u00ed. Skladujte jej p\u0159i pokojov\u00e9 teplot\u011b a chra\u0148te jej p\u0159ed nadm\u011brn\u00fdm teplem a vlhkost\u00ed (ne v koupeln\u011b). Ve\u0161ker\u00e9 l\u00e9ky, kter\u00e9 jsou pro\u0161l\u00e9, ji\u017e nepot\u0159ebujete nebo jejich\u017e datum spot\u0159eby uplynulo, m\u016f\u017eete spl\u00e1chnout do toalety.<\/p>\n<h3>KDE KOUPIT DILAUDID ONLINE?<\/h3>\n<p>Zdrav\u00fd \u017eivot p\u0159in\u00e1\u0161\u00ed ka\u017ed\u00e9mu \u010dlov\u011bku v\u017edycky \u0161t\u011bst\u00ed. Bu\u010fte tedy \u0161\u0165astn\u00ed s Dilaudidem, kupte si Dilaudid online na buyprescriptionz, ani\u017e byste museli chodit ven, dosta\u0148te se a\u017e k va\u0161im dve\u0159\u00edm.<\/p>","protected":false},"excerpt":{"rendered":"<p>BUY DILAUDID ONLINE Dilaudid is also known as Hydromorphone which is a potent schedule II opioid analgesic drug. It is marketed as injectable dosage, multiple dose vials, and tablets. Hydromorphone is indicated and used for the relief of moderate-to-severe pain. FEATURES OF DILAUDID Dilaudid is an Opioid Agonist. It is semisynthetic derivatives of morphine and [&hellip;]<\/p>","protected":false},"featured_media":3034,"comment_status":"open","ping_status":"closed","template":"","meta":{"site-sidebar-layout":"default","site-content-layout":"","ast-site-content-layout":"default","site-content-style":"default","site-sidebar-style":"default","ast-global-header-display":"","ast-banner-title-visibility":"","ast-main-header-display":"","ast-hfb-above-header-display":"","ast-hfb-below-header-display":"","ast-hfb-mobile-header-display":"","site-post-title":"","ast-breadcrumbs-content":"","ast-featured-img":"","footer-sml-layout":"","theme-transparent-header-meta":"default","adv-header-id-meta":"","stick-header-meta":"","header-above-stick-meta":"","header-main-stick-meta":"","header-below-stick-meta":"","astra-migrate-meta-layouts":"set","ast-page-background-enabled":"default","ast-page-background-meta":{"desktop":{"background-color":"var(--ast-global-color-4)","background-image":"","background-repeat":"repeat","background-position":"center center","background-size":"auto","background-attachment":"scroll","background-type":"","background-media":"","overlay-type":"","overlay-color":"","overlay-opacity":"","overlay-gradient":""},"tablet":{"background-color":"","background-image":"","background-repeat":"repeat","background-position":"center center","background-size":"auto","background-attachment":"scroll","background-type":"","background-media":"","overlay-type":"","overlay-color":"","overlay-opacity":"","overlay-gradient":""},"mobile":{"background-color":"","background-image":"","background-repeat":"repeat","background-position":"center center","background-size":"auto","background-attachment":"scroll","background-type":"","background-media":"","overlay-type":"","overlay-color":"","overlay-opacity":"","overlay-gradient":""}},"ast-content-background-meta":{"desktop":{"background-color":"var(--ast-global-color-5)","background-image":"","background-repeat":"repeat","background-position":"center center","background-size":"auto","background-attachment":"scroll","background-type":"","background-media":"","overlay-type":"","overlay-color":"","overlay-opacity":"","overlay-gradient":""},"tablet":{"background-color":"var(--ast-global-color-5)","background-image":"","background-repeat":"repeat","background-position":"center center","background-size":"auto","background-attachment":"scroll","background-type":"","background-media":"","overlay-type":"","overlay-color":"","overlay-opacity":"","overlay-gradient":""},"mobile":{"background-color":"var(--ast-global-color-5)","background-image":"","background-repeat":"repeat","background-position":"center center","background-size":"auto","background-attachment":"scroll","background-type":"","background-media":"","overlay-type":"","overlay-color":"","overlay-opacity":"","overlay-gradient":""}}},"product_brand":[],"product_cat":[2383],"product_tag":[1428,1429,1427,1422,1425,1424,1423,1426,1421,1420,1431,1430],"class_list":{"0":"post-3004","1":"product","2":"type-product","3":"status-publish","4":"has-post-thumbnail","6":"product_cat-buy-stimulants-online","7":"product_tag-buy-dilaudid-in-canada","8":"product_tag-buy-dilaudid-in-uk","9":"product_tag-buy-dilaudid-in-usa","10":"product_tag-buy-dilaudid-with-bitcoin","11":"product_tag-buy-dilaudid-with-credit-card","12":"product_tag-buy-dilaudid-with-money-gram","13":"product_tag-buy-dilaudid-with-western-union","14":"product_tag-buy-dilaudid-without-a-doctor","15":"product_tag-buy-dilaudid-without-prescription","16":"product_tag-dilaudid-for-sale","17":"product_tag-dilaudid-pills","18":"product_tag-dilaudid-tablets","19":"desktop-align-center","20":"tablet-align-left","21":"mobile-align-left","23":"first","24":"instock","25":"featured","26":"shipping-taxable","27":"purchasable","28":"product-type-variable","29":"has-default-attributes"},"yoast_head":"<!-- This site is optimized with the Yoast SEO plugin v25.9 - https:\/\/yoast.com\/wordpress\/plugins\/seo\/ -->\n<title>Buy Dilaudid Online - Dilaudid for Sale Online<\/title>\n<meta name=\"description\" content=\"Buyprescriptionz.com is an online pharmacy store where you can Buy Dilaudid Online at best price without doctor&#039;s prescription. Buy Dilaudid Online Now with Free &amp; Secure Shipping!\" \/>\n<meta name=\"robots\" content=\"index, follow, max-snippet:-1, max-image-preview:large, max-video-preview:-1\" \/>\n<link rel=\"canonical\" href=\"https:\/\/buy-prescriptionz.com\/cs\/produkt\/koupit-dilaudid-online\/\" \/>\n<meta property=\"og:locale\" content=\"cs_CZ\" \/>\n<meta property=\"og:type\" content=\"article\" \/>\n<meta property=\"og:title\" content=\"Buy Dilaudid Online - Dilaudid for Sale Online\" \/>\n<meta property=\"og:description\" content=\"Buyprescriptionz.com is an online pharmacy store where you can Buy Dilaudid Online at best price without doctor&#039;s prescription. Buy Dilaudid Online Now with Free &amp; Secure Shipping!\" \/>\n<meta property=\"og:url\" content=\"https:\/\/buy-prescriptionz.com\/cs\/produkt\/koupit-dilaudid-online\/\" \/>\n<meta property=\"og:site_name\" content=\"Buy Prescriptionz\" \/>\n<meta property=\"article:modified_time\" content=\"2026-01-12T23:13:17+00:00\" \/>\n<meta property=\"og:image\" content=\"https:\/\/buy-prescriptionz.com\/wp-content\/uploads\/2025\/09\/dilaudid.jpg\" \/>\n\t<meta property=\"og:image:width\" content=\"400\" \/>\n\t<meta property=\"og:image:height\" content=\"300\" \/>\n\t<meta property=\"og:image:type\" content=\"image\/jpeg\" \/>\n<meta name=\"twitter:card\" content=\"summary_large_image\" \/>\n<meta name=\"twitter:label1\" content=\"Odhadovan\u00e1 doba \u010dten\u00ed\" \/>\n\t<meta name=\"twitter:data1\" content=\"5 minut\" \/>\n<script type=\"application\/ld+json\" class=\"yoast-schema-graph\">{\"@context\":\"https:\/\/schema.org\",\"@graph\":[{\"@type\":\"WebPage\",\"@id\":\"https:\/\/buy-prescriptionz.com\/product\/buy-dilaudid-online\/\",\"url\":\"https:\/\/buy-prescriptionz.com\/product\/buy-dilaudid-online\/\",\"name\":\"Buy Dilaudid Online - Dilaudid for Sale Online\",\"isPartOf\":{\"@id\":\"https:\/\/buy-prescriptionz.com\/#website\"},\"primaryImageOfPage\":{\"@id\":\"https:\/\/buy-prescriptionz.com\/product\/buy-dilaudid-online\/#primaryimage\"},\"image\":{\"@id\":\"https:\/\/buy-prescriptionz.com\/product\/buy-dilaudid-online\/#primaryimage\"},\"thumbnailUrl\":\"https:\/\/buy-prescriptionz.com\/wp-content\/uploads\/2025\/09\/dilaudid.jpg\",\"datePublished\":\"2025-09-16T08:55:53+00:00\",\"dateModified\":\"2026-01-12T23:13:17+00:00\",\"description\":\"Buyprescriptionz.com is an online pharmacy store where you can Buy Dilaudid Online at best price without doctor's prescription. Buy Dilaudid Online Now with Free & Secure Shipping!\",\"breadcrumb\":{\"@id\":\"https:\/\/buy-prescriptionz.com\/product\/buy-dilaudid-online\/#breadcrumb\"},\"inLanguage\":\"cs\",\"potentialAction\":[{\"@type\":\"ReadAction\",\"target\":[\"https:\/\/buy-prescriptionz.com\/product\/buy-dilaudid-online\/\"]}]},{\"@type\":\"ImageObject\",\"inLanguage\":\"cs\",\"@id\":\"https:\/\/buy-prescriptionz.com\/product\/buy-dilaudid-online\/#primaryimage\",\"url\":\"https:\/\/buy-prescriptionz.com\/wp-content\/uploads\/2025\/09\/dilaudid.jpg\",\"contentUrl\":\"https:\/\/buy-prescriptionz.com\/wp-content\/uploads\/2025\/09\/dilaudid.jpg\",\"width\":400,\"height\":300},{\"@type\":\"BreadcrumbList\",\"@id\":\"https:\/\/buy-prescriptionz.com\/product\/buy-dilaudid-online\/#breadcrumb\",\"itemListElement\":[{\"@type\":\"ListItem\",\"position\":1,\"name\":\"Home\",\"item\":\"https:\/\/buy-prescriptionz.com\/\"},{\"@type\":\"ListItem\",\"position\":2,\"name\":\"Shop Painkillers Online\",\"item\":\"https:\/\/buy-prescriptionz.com\/shop-painkillers-online\/\"},{\"@type\":\"ListItem\",\"position\":3,\"name\":\"Buy Dilaudid Online\"}]},{\"@type\":\"WebSite\",\"@id\":\"https:\/\/buy-prescriptionz.com\/#website\",\"url\":\"https:\/\/buy-prescriptionz.com\/\",\"name\":\"Buy Prescriptionz\",\"description\":\"Drugs Online\",\"publisher\":{\"@id\":\"https:\/\/buy-prescriptionz.com\/#organization\"},\"potentialAction\":[{\"@type\":\"SearchAction\",\"target\":{\"@type\":\"EntryPoint\",\"urlTemplate\":\"https:\/\/buy-prescriptionz.com\/?s={search_term_string}\"},\"query-input\":{\"@type\":\"PropertyValueSpecification\",\"valueRequired\":true,\"valueName\":\"search_term_string\"}}],\"inLanguage\":\"cs\"},{\"@type\":\"Organization\",\"@id\":\"https:\/\/buy-prescriptionz.com\/#organization\",\"name\":\"Buy Prescriptionz\",\"url\":\"https:\/\/buy-prescriptionz.com\/\",\"logo\":{\"@type\":\"ImageObject\",\"inLanguage\":\"cs\",\"@id\":\"https:\/\/buy-prescriptionz.com\/#\/schema\/logo\/image\/\",\"url\":\"https:\/\/buy-prescriptionz.com\/wp-content\/uploads\/2023\/09\/logo.png\",\"contentUrl\":\"https:\/\/buy-prescriptionz.com\/wp-content\/uploads\/2023\/09\/logo.png\",\"width\":350,\"height\":64,\"caption\":\"Buy Prescriptionz\"},\"image\":{\"@id\":\"https:\/\/buy-prescriptionz.com\/#\/schema\/logo\/image\/\"}}]}<\/script>\n<!-- \/ Yoast SEO plugin. -->","yoast_head_json":{"title":"Koupit Dilaudid online - Dilaudid na prodej online","description":"Buyprescriptionz.com is an online pharmacy store where you can Buy Dilaudid Online at best price without doctor's prescription. Buy Dilaudid Online Now with Free & Secure Shipping!","robots":{"index":"index","follow":"follow","max-snippet":"max-snippet:-1","max-image-preview":"max-image-preview:large","max-video-preview":"max-video-preview:-1"},"canonical":"https:\/\/buy-prescriptionz.com\/cs\/produkt\/koupit-dilaudid-online\/","og_locale":"cs_CZ","og_type":"article","og_title":"Buy Dilaudid Online - Dilaudid for Sale Online","og_description":"Buyprescriptionz.com is an online pharmacy store where you can Buy Dilaudid Online at best price without doctor's prescription. Buy Dilaudid Online Now with Free & Secure Shipping!","og_url":"https:\/\/buy-prescriptionz.com\/cs\/produkt\/koupit-dilaudid-online\/","og_site_name":"Buy Prescriptionz","article_modified_time":"2026-01-12T23:13:17+00:00","og_image":[{"width":400,"height":300,"url":"https:\/\/buy-prescriptionz.com\/wp-content\/uploads\/2025\/09\/dilaudid.jpg","type":"image\/jpeg"}],"twitter_card":"summary_large_image","twitter_misc":{"Odhadovan\u00e1 doba \u010dten\u00ed":"5 minut"},"schema":{"@context":"https:\/\/schema.org","@graph":[{"@type":"WebPage","@id":"https:\/\/buy-prescriptionz.com\/product\/buy-dilaudid-online\/","url":"https:\/\/buy-prescriptionz.com\/product\/buy-dilaudid-online\/","name":"Koupit Dilaudid online - Dilaudid na prodej online","isPartOf":{"@id":"https:\/\/buy-prescriptionz.com\/#website"},"primaryImageOfPage":{"@id":"https:\/\/buy-prescriptionz.com\/product\/buy-dilaudid-online\/#primaryimage"},"image":{"@id":"https:\/\/buy-prescriptionz.com\/product\/buy-dilaudid-online\/#primaryimage"},"thumbnailUrl":"https:\/\/buy-prescriptionz.com\/wp-content\/uploads\/2025\/09\/dilaudid.jpg","datePublished":"2025-09-16T08:55:53+00:00","dateModified":"2026-01-12T23:13:17+00:00","description":"Buyprescriptionz.com is an online pharmacy store where you can Buy Dilaudid Online at best price without doctor's prescription. Buy Dilaudid Online Now with Free & Secure Shipping!","breadcrumb":{"@id":"https:\/\/buy-prescriptionz.com\/product\/buy-dilaudid-online\/#breadcrumb"},"inLanguage":"cs","potentialAction":[{"@type":"ReadAction","target":["https:\/\/buy-prescriptionz.com\/product\/buy-dilaudid-online\/"]}]},{"@type":"ImageObject","inLanguage":"cs","@id":"https:\/\/buy-prescriptionz.com\/product\/buy-dilaudid-online\/#primaryimage","url":"https:\/\/buy-prescriptionz.com\/wp-content\/uploads\/2025\/09\/dilaudid.jpg","contentUrl":"https:\/\/buy-prescriptionz.com\/wp-content\/uploads\/2025\/09\/dilaudid.jpg","width":400,"height":300},{"@type":"BreadcrumbList","@id":"https:\/\/buy-prescriptionz.com\/product\/buy-dilaudid-online\/#breadcrumb","itemListElement":[{"@type":"ListItem","position":1,"name":"Home","item":"https:\/\/buy-prescriptionz.com\/"},{"@type":"ListItem","position":2,"name":"Shop Painkillers Online","item":"https:\/\/buy-prescriptionz.com\/shop-painkillers-online\/"},{"@type":"ListItem","position":3,"name":"Buy Dilaudid Online"}]},{"@type":"WebSite","@id":"https:\/\/buy-prescriptionz.com\/#website","url":"https:\/\/buy-prescriptionz.com\/","name":"Koupit Prescriptionz","description":"Drogy online","publisher":{"@id":"https:\/\/buy-prescriptionz.com\/#organization"},"potentialAction":[{"@type":"SearchAction","target":{"@type":"EntryPoint","urlTemplate":"https:\/\/buy-prescriptionz.com\/?s={search_term_string}"},"query-input":{"@type":"PropertyValueSpecification","valueRequired":true,"valueName":"search_term_string"}}],"inLanguage":"cs"},{"@type":"Organization","@id":"https:\/\/buy-prescriptionz.com\/#organization","name":"Koupit Prescriptionz","url":"https:\/\/buy-prescriptionz.com\/","logo":{"@type":"ImageObject","inLanguage":"cs","@id":"https:\/\/buy-prescriptionz.com\/#\/schema\/logo\/image\/","url":"https:\/\/buy-prescriptionz.com\/wp-content\/uploads\/2023\/09\/logo.png","contentUrl":"https:\/\/buy-prescriptionz.com\/wp-content\/uploads\/2023\/09\/logo.png","width":350,"height":64,"caption":"Buy Prescriptionz"},"image":{"@id":"https:\/\/buy-prescriptionz.com\/#\/schema\/logo\/image\/"}}]}},"_links":{"self":[{"href":"https:\/\/buy-prescriptionz.com\/cs\/wp-json\/wp\/v2\/product\/3004","targetHints":{"allow":["GET"]}}],"collection":[{"href":"https:\/\/buy-prescriptionz.com\/cs\/wp-json\/wp\/v2\/product"}],"about":[{"href":"https:\/\/buy-prescriptionz.com\/cs\/wp-json\/wp\/v2\/types\/product"}],"replies":[{"embeddable":true,"href":"https:\/\/buy-prescriptionz.com\/cs\/wp-json\/wp\/v2\/comments?post=3004"}],"wp:featuredmedia":[{"embeddable":true,"href":"https:\/\/buy-prescriptionz.com\/cs\/wp-json\/wp\/v2\/media\/3034"}],"wp:attachment":[{"href":"https:\/\/buy-prescriptionz.com\/cs\/wp-json\/wp\/v2\/media?parent=3004"}],"wp:term":[{"taxonomy":"product_brand","embeddable":true,"href":"https:\/\/buy-prescriptionz.com\/cs\/wp-json\/wp\/v2\/product_brand?post=3004"},{"taxonomy":"product_cat","embeddable":true,"href":"https:\/\/buy-prescriptionz.com\/cs\/wp-json\/wp\/v2\/product_cat?post=3004"},{"taxonomy":"product_tag","embeddable":true,"href":"https:\/\/buy-prescriptionz.com\/cs\/wp-json\/wp\/v2\/product_tag?post=3004"}],"curies":[{"name":"wp","href":"https:\/\/api.w.org\/{rel}","templated":true}]}}