{"id":3005,"date":"2025-09-16T08:55:53","date_gmt":"2025-09-16T08:55:53","guid":{"rendered":"https:\/\/chemsfine.com\/newsite\/?post_type=product&#038;p=3005"},"modified":"2025-09-25T13:10:00","modified_gmt":"2025-09-25T13:10:00","slug":"koupit-quaaludes-mandrax-online","status":"publish","type":"product","link":"https:\/\/buy-prescriptionz.com\/cs\/produkt\/koupit-quaaludes-mandrax-online\/","title":{"rendered":"Koupit Quaaludes (Mandrax) online"},"content":{"rendered":"<h2>KOUPIT QUAALUDES (MANDRAX)ONLINE<\/h2>\n<p>Koupit Mandrax online, Quaaludes je obchodn\u00ed n\u00e1zev pro sedativn\u011b-hypnotickou drogu metakvalon, kter\u00e1 v lidsk\u00e9m t\u011ble p\u016fsob\u00ed jako celkov\u00e9 tlumiv\u00e9 l\u00e9\u010divo centr\u00e1ln\u00edho nervov\u00e9ho syst\u00e9mu.Quaaludes je obchodn\u00ed n\u00e1zev pro sedativn\u011b-hypnotickou drogu metakvalon, kter\u00e1 v lidsk\u00e9m t\u011ble p\u016fsob\u00ed jako celkov\u00e9 tlumiv\u00e9 l\u00e9\u010divo centr\u00e1ln\u00edho nervov\u00e9ho syst\u00e9mu.<\/p>\n<h3>VLASTNOSTI KVAALUD\u016e<\/h3>\n<p>Metakvalon je esenci\u00e1ln\u00ed tlum\u00edc\u00ed l\u00e1tka nervov\u00e9ho syst\u00e9mu, kter\u00e1 zvy\u0161uje aktivitu GABA receptor\u016f. P\u016fsob\u00ed jako sedativum a hypnotikum. Hypnotika pom\u00e1haj\u00ed \u010dlov\u011bku usnout a to byl hlavn\u00ed d\u016fvod, pro\u010d by n\u011bkomu mohl b\u00fdt p\u0159edeps\u00e1n Quaaludes.<\/p>\n<h3>OPAT\u0158EN\u00cd T\u00ddKAJ\u00cdC\u00cd SE FUNKC\u00cd<\/h3>\n<p>Informujte l\u00e9ka\u0159e, pokud m\u00e1te n\u011bjak\u00e9 zdravotn\u00ed probl\u00e9my, abyste p\u0159ekonali alergick\u00e9 reakce nebo jin\u00e9 zdravotn\u00ed probl\u00e9my.Pokud u\u017e\u00edv\u00e1te jin\u00e9 l\u00e9ky, pora\u010fte se o nich s l\u00e9ka\u0159em, abyste v\u011bd\u011bli, zda tato kombinace zp\u016fsobuje n\u011bjak\u00e9 ne\u017e\u00e1douc\u00ed \u00fa\u010dinky nebo ne. Koupit Quaaludes (<a href=\"https:\/\/de.wikipedia.org\/w\/index.php?sort=relevance&amp;search=Quaaludes&amp;title=Spezial%3ASuche&amp;profile=advanced&amp;fulltext=1&amp;advancedSearch-current=%7B%7D&amp;ns0=1\">Mandrax<\/a>) Online<\/p>\n<h3><strong>Quaaludes (Mandrax) online: P\u0159ehled a pou\u017eit\u00ed<\/strong><\/h3>\n<p>Quaaludy, zn\u00e1m\u00e9 tak\u00e9 jako Mandrax nebo Methaqualon, byly v minulosti \u0161iroce p\u0159edepisov\u00e1ny jako sedativa a hypnotika. Pou\u017e\u00edvaly se p\u0159edev\u0161\u00edm k l\u00e9\u010db\u011b nespavosti (pot\u00ed\u017e\u00ed se sp\u00e1nkem) a \u00fazkosti kv\u016fli sv\u00fdm uklid\u0148uj\u00edc\u00edm \u00fa\u010dink\u016fm na centr\u00e1ln\u00ed nervov\u00fd syst\u00e9m. Nejlep\u0161\u00ed Quaaludy funguj\u00ed tak, \u017ee zvy\u0161uj\u00ed aktivitu neurotransmiteru zvan\u00e9ho kyselina gama-aminom\u00e1seln\u00e1 (GABA) v mozku, co\u017e pom\u00e1h\u00e1 sni\u017eovat mozkovou aktivitu a navozovat relaxaci. D\u00edky tomu jsou \u00fa\u010dinn\u00e9 p\u0159i dosahov\u00e1n\u00ed klidn\u00e9ho sp\u00e1nku a zm\u00edr\u0148ov\u00e1n\u00ed pocit\u016f \u00fazkosti.<\/p>\n<h3>V\u00fdhody Quaaludes (Mandrax)<\/h3>\n<ol>\n<li>Pomoc p\u0159i sp\u00e1nku: Quaaludy byly vysoce \u00fa\u010dinn\u00e9 p\u0159i l\u00e9\u010db\u011b nespavosti t\u00edm, \u017ee pom\u00e1haly lidem usnout a udr\u017eet si hlubok\u00fd sp\u00e1nek po celou noc. To bylo prosp\u011b\u0161n\u00e9 pro ty, kte\u0159\u00ed trp\u011bli chronick\u00fdmi poruchami sp\u00e1nku.<\/li>\n<li>\u00daleva od \u00fazkosti: Poskytovaly tak\u00e9 \u00falevu od p\u0159\u00edznak\u016f \u00fazkosti t\u00edm, \u017ee zklid\u0148ovaly mysl a sni\u017eovaly pocity nervozity nebo nap\u011bt\u00ed. D\u00edky tomuto dvoj\u00edmu \u00fa\u010dinku byly u\u017eite\u010dn\u00e9 pro lidi, kte\u0159\u00ed trp\u011bli jak poruchami sp\u00e1nku, tak \u00fazkost\u00ed.<\/li>\n<li>Uvoln\u011bn\u00ed sval\u016f: Quaaludy m\u011bly vlastnosti uvoln\u011bn\u00ed sval\u016f, co\u017e p\u0159isp\u00edvalo k jejich terapeutick\u00fdm \u00fa\u010dink\u016fm. Mohly pomoci uvolnit svalov\u00e9 nap\u011bt\u00ed a podpo\u0159it relaxaci v cel\u00e9m t\u011ble.<\/li>\n<li>Euforick\u00e9 \u00fa\u010dinky: Krom\u011b l\u00e9ka\u0159sk\u00e9ho vyu\u017eit\u00ed byly Quaaludy zn\u00e1m\u00e9 tak\u00e9 pro sv\u00e9 euforick\u00e9 \u00fa\u010dinky, kter\u00e9 v minulosti p\u0159isp\u00edvaly k jejich rekrea\u010dn\u00edmu u\u017e\u00edv\u00e1n\u00ed. To v\u0161ak tak\u00e9 vedlo k rozs\u00e1hl\u00e9mu zneu\u017e\u00edv\u00e1n\u00ed a probl\u00e9m\u016fm se z\u00e1vislost\u00ed.<\/li>\n<li>Omezen\u00e1 dostupnost: Vzhledem k jejich potenci\u00e1lu pro zneu\u017e\u00edv\u00e1n\u00ed a z\u00e1vislost byly Quaaludy v mnoha zem\u00edch klasifikov\u00e1ny jako kontrolovan\u00e9 l\u00e1tky za\u0159azen\u00e9 do Seznamu I. To znamen\u00e1, \u017ee jejich leg\u00e1ln\u00ed dostupnost je omezen\u00e1 a ve v\u011bt\u0161in\u011b m\u00edst se ji\u017e nep\u0159edepisuj\u00ed pro l\u00e9ka\u0159sk\u00e9 pou\u017eit\u00ed.<\/li>\n<\/ol>\n<p>Pokud uva\u017eujete o n\u00e1kupu Quaaludesu (Mandraxu) online, je d\u016fle\u017eit\u00e9 si b\u00fdt v\u011bdomi jeho kontrolovan\u00e9ho stavu a potenci\u00e1ln\u00edch rizik. Pro bezpe\u010dn\u00fd a spolehliv\u00fd n\u00e1kup nav\u0161tivte nejlep\u0161\u00ed l\u00e9k\u00e1rnu buy-prescriptionz.com. Tato d\u016fv\u011bryhodn\u00e1 platforma nab\u00edz\u00ed origin\u00e1ln\u00ed produkty s diskr\u00e9tn\u00edm doru\u010den\u00edm a konkurenceschopn\u00fdmi cenami. V\u017edy pou\u017e\u00edvejte l\u00e9ky zodpov\u011bdn\u011b a pora\u010fte se se zdravotnick\u00fdm pracovn\u00edkem, jak zvl\u00e1dat poruchy sp\u00e1nku nebo \u00fazkost.<\/p>\n<h3>B\u011a\u017dN\u00c9 NE\u017d\u00c1DOUC\u00cd \u00da\u010cINKY P\u0158I U\u017d\u00cdV\u00c1N\u00cd KVAALUD\u016e<\/h3>\n<p>Z\u00e1vrat\u011b<br \/>\nZvracen\u00ed<br \/>\nNevolnost<br \/>\nPr\u016fjem<br \/>\nK\u0159e\u010de v b\u0159i\u0161e<br \/>\nSv\u011bd\u011bn\u00ed<br \/>\n\u00danava<br \/>\nVyr\u00e1\u017eky<br \/>\nPocen\u00ed<br \/>\nSucho v \u00fastech<br \/>\nPocit brn\u011bn\u00ed v rukou a nohou<br \/>\nSn\u00ed\u017een\u00e1 srde\u010dn\u00ed frekvence<br \/>\nZ\u00e1chvaty<br \/>\nZpomalen\u00e9 d\u00fdch\u00e1n\u00ed (respirace).<\/p>\n<p>Quaaludes tak\u00e9 zp\u016fsobuj\u00ed erektiln\u00ed dysfunkci (ED) a pot\u00ed\u017ee s dosa\u017een\u00edm orgasmu. Ve vysok\u00fdch d\u00e1vk\u00e1ch m\u016f\u017ee zp\u016fsobit du\u0161evn\u00ed zmatenost a ztr\u00e1tu svalov\u00e9 kontroly (ataxii).Tyto ne\u017e\u00e1douc\u00ed \u00fa\u010dinky nejsou \u00fapln\u00fdm v\u00fd\u010dtem a mohou se objevit i dal\u0161\u00ed.<\/p>\n<h3>ZME\u0160KAN\u00c1 D\u00c1VKA<\/h3>\n<p>N\u011bkdy lid\u00e9 obecn\u011b zapom\u00ednaj\u00ed na spr\u00e1vn\u00e9 d\u00e1vkov\u00e1n\u00ed \u010das od \u010dasu. Nikdy neu\u017e\u00edvejte vynechanou d\u00e1vku p\u0159\u00edpravku Quaaludes jako dvojn\u00e1sobnou d\u00e1vku.Sta\u010d\u00ed u\u017e\u00edt jednotlivou d\u00e1vku jako obvykle.<\/p>\n<h3>PROBL\u00c9MY S NADM\u011aRNOU D\u00c1VKOU<\/h3>\n<p>Quaaludes jsou l\u00e1tky tlum\u00edc\u00ed centr\u00e1ln\u00ed nervov\u00fd syst\u00e9m (CNS). Mezi dal\u0161\u00ed l\u00e1tky tlum\u00edc\u00ed CNS pat\u0159\u00ed nap\u0159\u00edklad diazepam (Valium),meprobam\u00e1t a gama hydroxybutyr\u00e1t (GHB). P\u0159ed\u00e1vkov\u00e1n\u00ed kvaaludy m\u016f\u017ee v\u00e9st ke k\u00f3matu, k\u0159e\u010d\u00edm nebo smrti.<br \/>\nRozsah nebezpe\u010dn\u00fdch d\u00e1vek se zna\u010dn\u011b li\u0161\u00ed. U\u017e\u00edv\u00e1n\u00ed d\u00e1vek vy\u0161\u0161\u00edch ne\u017e 300 mg m\u016f\u017ee b\u00fdt pro za\u010d\u00ednaj\u00edc\u00ed u\u017eivatele velmi nebezpe\u010dn\u00e9. D\u00e1vky Quaalude kolem 8 000 mg denn\u011b a mohou b\u00fdt smrteln\u00e9; nicm\u00e9n\u011b ani vy\u0161\u0161\u00ed d\u00e1vky nemus\u00ed b\u00fdt smrteln\u00e9 v z\u00e1vislosti na stavu tolerance u\u017eivatele. Vzhledem k tomu, \u017ee se vyr\u00e1b\u011bj\u00ed v neleg\u00e1ln\u00edch laborato\u0159\u00edch, nemus\u00ed b\u00fdt zn\u00e1ma s\u00edla a obsah skute\u010dn\u00e9ho produktu, co\u017e u\u017eivatele vystavuje je\u0161t\u011b v\u011bt\u0161\u00edmu riziku.<\/p>\n<h3>SKLADOV\u00c1N\u00cd KVAALUD\u016e<\/h3>\n<p>Tento l\u00e9\u010div\u00fd p\u0159\u00edpravek uchov\u00e1vejte p\u0159i b\u011b\u017en\u00e9 pokojov\u00e9 teplot\u011b a nikdy jej nepod\u00e1vejte d\u011btem. Nikdy jej neuchov\u00e1vejte v bl\u00edzkosti d\u00edt\u011bte.<\/p>\n<h3>KDE KOUPIT QUAALUDES ONLINE?<\/h3>\n<p>Existuje mnoho webov\u00fdch str\u00e1nek prodej Quaaludes, ale nikdy se chyba a vypr\u0161en\u00ed platnosti l\u00e9k\u016f ze v\u0161ech webov\u00fdch str\u00e1nek. D\u00e1vejte pozor na n\u00e1kup tohoto produktu. Buyprescription prodej Quaaludes v online s nejlep\u0161\u00ed cenu a origin\u00e1ln\u00ed produkt. Koupit Quaaludes online<\/p>","protected":false},"excerpt":{"rendered":"<p>BUY QUAALUDES (MANDRAX)ONLINE Buy Mandrax Online, Quaaludes are the brand name for sedative-hypnotic drug Methaqualone, which function in the human body as a general central nervous system depressant.Quaaludes are the brand name for the sedative-hypnotic drug Methaqualone, which function in the human body as a general central nervous system depressant. QUAALUDES FEATURES Methaqualone is a [&hellip;]<\/p>","protected":false},"featured_media":3035,"comment_status":"open","ping_status":"closed","template":"","meta":{"site-sidebar-layout":"default","site-content-layout":"","ast-site-content-layout":"default","site-content-style":"default","site-sidebar-style":"default","ast-global-header-display":"","ast-banner-title-visibility":"","ast-main-header-display":"","ast-hfb-above-header-display":"","ast-hfb-below-header-display":"","ast-hfb-mobile-header-display":"","site-post-title":"","ast-breadcrumbs-content":"","ast-featured-img":"","footer-sml-layout":"","theme-transparent-header-meta":"default","adv-header-id-meta":"","stick-header-meta":"","header-above-stick-meta":"","header-main-stick-meta":"","header-below-stick-meta":"","astra-migrate-meta-layouts":"set","ast-page-background-enabled":"default","ast-page-background-meta":{"desktop":{"background-color":"var(--ast-global-color-4)","background-image":"","background-repeat":"repeat","background-position":"center center","background-size":"auto","background-attachment":"scroll","background-type":"","background-media":"","overlay-type":"","overlay-color":"","overlay-opacity":"","overlay-gradient":""},"tablet":{"background-color":"","background-image":"","background-repeat":"repeat","background-position":"center center","background-size":"auto","background-attachment":"scroll","background-type":"","background-media":"","overlay-type":"","overlay-color":"","overlay-opacity":"","overlay-gradient":""},"mobile":{"background-color":"","background-image":"","background-repeat":"repeat","background-position":"center center","background-size":"auto","background-attachment":"scroll","background-type":"","background-media":"","overlay-type":"","overlay-color":"","overlay-opacity":"","overlay-gradient":""}},"ast-content-background-meta":{"desktop":{"background-color":"var(--ast-global-color-5)","background-image":"","background-repeat":"repeat","background-position":"center center","background-size":"auto","background-attachment":"scroll","background-type":"","background-media":"","overlay-type":"","overlay-color":"","overlay-opacity":"","overlay-gradient":""},"tablet":{"background-color":"var(--ast-global-color-5)","background-image":"","background-repeat":"repeat","background-position":"center center","background-size":"auto","background-attachment":"scroll","background-type":"","background-media":"","overlay-type":"","overlay-color":"","overlay-opacity":"","overlay-gradient":""},"mobile":{"background-color":"var(--ast-global-color-5)","background-image":"","background-repeat":"repeat","background-position":"center center","background-size":"auto","background-attachment":"scroll","background-type":"","background-media":"","overlay-type":"","overlay-color":"","overlay-opacity":"","overlay-gradient":""}}},"product_brand":[],"product_cat":[2383],"product_tag":[1380,1381,1379,1374,1377,1376,1375,1378,1373,1372,1383,1382],"class_list":{"0":"post-3005","1":"product","2":"type-product","3":"status-publish","4":"has-post-thumbnail","6":"product_cat-buy-stimulants-online","7":"product_tag-buy-quaaludes-mandrax-in-canada","8":"product_tag-buy-quaaludes-mandrax-in-uk","9":"product_tag-buy-quaaludes-mandrax-in-usa","10":"product_tag-buy-quaaludes-mandrax-with-bitcoin","11":"product_tag-buy-quaaludes-mandrax-with-credit-card","12":"product_tag-buy-quaaludes-mandrax-with-money-gram","13":"product_tag-buy-quaaludes-mandrax-with-western-union","14":"product_tag-buy-quaaludes-mandrax-without-a-doctor","15":"product_tag-buy-quaaludes-mandrax-without-prescription","16":"product_tag-quaaludes-mandrax-for-sale","17":"product_tag-quaaludes-mandrax-pills","18":"product_tag-quaaludes-mandrax-tablets","19":"desktop-align-center","20":"tablet-align-left","21":"mobile-align-left","23":"first","24":"instock","25":"shipping-taxable","26":"purchasable","27":"product-type-variable","28":"has-default-attributes"},"yoast_head":"<!-- This site is optimized with the Yoast SEO plugin v25.9 - https:\/\/yoast.com\/wordpress\/plugins\/seo\/ -->\n<title>Buy Quaaludes Online - Mandrax for sale online at very cheap price<\/title>\n<meta name=\"description\" content=\"Buy Quaaludes Online, Buy Lemmon 714 Online. Buy Mandraz Online - BUY LEMMON 714 ONLINE cheap from Blue Pearl Medshop without prescription\" \/>\n<meta name=\"robots\" content=\"index, follow, max-snippet:-1, max-image-preview:large, max-video-preview:-1\" \/>\n<link rel=\"canonical\" href=\"https:\/\/buy-prescriptionz.com\/cs\/produkt\/koupit-quaaludes-mandrax-online\/\" \/>\n<meta property=\"og:locale\" content=\"cs_CZ\" \/>\n<meta property=\"og:type\" content=\"article\" \/>\n<meta property=\"og:title\" content=\"Buy Quaaludes Online - Mandrax for sale online at very cheap price\" \/>\n<meta property=\"og:description\" content=\"Buy Quaaludes Online, Buy Lemmon 714 Online. Buy Mandraz Online - BUY LEMMON 714 ONLINE cheap from Blue Pearl Medshop without prescription\" \/>\n<meta property=\"og:url\" content=\"https:\/\/buy-prescriptionz.com\/cs\/produkt\/koupit-quaaludes-mandrax-online\/\" \/>\n<meta property=\"og:site_name\" content=\"Buy Prescriptionz\" \/>\n<meta property=\"article:modified_time\" content=\"2025-09-25T13:10:00+00:00\" \/>\n<meta property=\"og:image\" content=\"https:\/\/buy-prescriptionz.com\/wp-content\/uploads\/2025\/09\/quaaludes-mandrax.jpg\" \/>\n\t<meta property=\"og:image:width\" content=\"400\" \/>\n\t<meta property=\"og:image:height\" content=\"300\" \/>\n\t<meta property=\"og:image:type\" content=\"image\/jpeg\" \/>\n<meta name=\"twitter:card\" content=\"summary_large_image\" \/>\n<meta name=\"twitter:label1\" content=\"Odhadovan\u00e1 doba \u010dten\u00ed\" \/>\n\t<meta name=\"twitter:data1\" content=\"4 minuty\" \/>\n<script type=\"application\/ld+json\" class=\"yoast-schema-graph\">{\"@context\":\"https:\/\/schema.org\",\"@graph\":[{\"@type\":\"WebPage\",\"@id\":\"https:\/\/buy-prescriptionz.com\/product\/buy-quaaludes-mandrax-online\/\",\"url\":\"https:\/\/buy-prescriptionz.com\/product\/buy-quaaludes-mandrax-online\/\",\"name\":\"Buy Quaaludes Online - Mandrax for sale online at very cheap price\",\"isPartOf\":{\"@id\":\"https:\/\/buy-prescriptionz.com\/#website\"},\"primaryImageOfPage\":{\"@id\":\"https:\/\/buy-prescriptionz.com\/product\/buy-quaaludes-mandrax-online\/#primaryimage\"},\"image\":{\"@id\":\"https:\/\/buy-prescriptionz.com\/product\/buy-quaaludes-mandrax-online\/#primaryimage\"},\"thumbnailUrl\":\"https:\/\/buy-prescriptionz.com\/wp-content\/uploads\/2025\/09\/quaaludes-mandrax.jpg\",\"datePublished\":\"2025-09-16T08:55:53+00:00\",\"dateModified\":\"2025-09-25T13:10:00+00:00\",\"description\":\"Buy Quaaludes Online, Buy Lemmon 714 Online. Buy Mandraz Online - BUY LEMMON 714 ONLINE cheap from Blue Pearl Medshop without prescription\",\"breadcrumb\":{\"@id\":\"https:\/\/buy-prescriptionz.com\/product\/buy-quaaludes-mandrax-online\/#breadcrumb\"},\"inLanguage\":\"cs\",\"potentialAction\":[{\"@type\":\"ReadAction\",\"target\":[\"https:\/\/buy-prescriptionz.com\/product\/buy-quaaludes-mandrax-online\/\"]}]},{\"@type\":\"ImageObject\",\"inLanguage\":\"cs\",\"@id\":\"https:\/\/buy-prescriptionz.com\/product\/buy-quaaludes-mandrax-online\/#primaryimage\",\"url\":\"https:\/\/buy-prescriptionz.com\/wp-content\/uploads\/2025\/09\/quaaludes-mandrax.jpg\",\"contentUrl\":\"https:\/\/buy-prescriptionz.com\/wp-content\/uploads\/2025\/09\/quaaludes-mandrax.jpg\",\"width\":400,\"height\":300},{\"@type\":\"BreadcrumbList\",\"@id\":\"https:\/\/buy-prescriptionz.com\/product\/buy-quaaludes-mandrax-online\/#breadcrumb\",\"itemListElement\":[{\"@type\":\"ListItem\",\"position\":1,\"name\":\"Home\",\"item\":\"https:\/\/buy-prescriptionz.com\/\"},{\"@type\":\"ListItem\",\"position\":2,\"name\":\"Shop Painkillers Online\",\"item\":\"https:\/\/buy-prescriptionz.com\/shop-painkillers-online\/\"},{\"@type\":\"ListItem\",\"position\":3,\"name\":\"Buy Quaaludes (Mandrax) Online\"}]},{\"@type\":\"WebSite\",\"@id\":\"https:\/\/buy-prescriptionz.com\/#website\",\"url\":\"https:\/\/buy-prescriptionz.com\/\",\"name\":\"Buy Prescriptionz\",\"description\":\"Drugs Online\",\"publisher\":{\"@id\":\"https:\/\/buy-prescriptionz.com\/#organization\"},\"potentialAction\":[{\"@type\":\"SearchAction\",\"target\":{\"@type\":\"EntryPoint\",\"urlTemplate\":\"https:\/\/buy-prescriptionz.com\/?s={search_term_string}\"},\"query-input\":{\"@type\":\"PropertyValueSpecification\",\"valueRequired\":true,\"valueName\":\"search_term_string\"}}],\"inLanguage\":\"cs\"},{\"@type\":\"Organization\",\"@id\":\"https:\/\/buy-prescriptionz.com\/#organization\",\"name\":\"Buy Prescriptionz\",\"url\":\"https:\/\/buy-prescriptionz.com\/\",\"logo\":{\"@type\":\"ImageObject\",\"inLanguage\":\"cs\",\"@id\":\"https:\/\/buy-prescriptionz.com\/#\/schema\/logo\/image\/\",\"url\":\"https:\/\/buy-prescriptionz.com\/wp-content\/uploads\/2023\/09\/logo.png\",\"contentUrl\":\"https:\/\/buy-prescriptionz.com\/wp-content\/uploads\/2023\/09\/logo.png\",\"width\":350,\"height\":64,\"caption\":\"Buy Prescriptionz\"},\"image\":{\"@id\":\"https:\/\/buy-prescriptionz.com\/#\/schema\/logo\/image\/\"}}]}<\/script>\n<!-- \/ Yoast SEO plugin. -->","yoast_head_json":{"title":"Koupit Quaaludes online - Mandrax na prodej online za velmi n\u00edzkou cenu","description":"Koupit Quaaludes online, Koupit Lemmon 714 online. Koupit Mandraz online - Koupit LEMMON 714 ONLINE levn\u011b od Blue Pearl Medshop bez l\u00e9ka\u0159sk\u00e9ho p\u0159edpisu.","robots":{"index":"index","follow":"follow","max-snippet":"max-snippet:-1","max-image-preview":"max-image-preview:large","max-video-preview":"max-video-preview:-1"},"canonical":"https:\/\/buy-prescriptionz.com\/cs\/produkt\/koupit-quaaludes-mandrax-online\/","og_locale":"cs_CZ","og_type":"article","og_title":"Buy Quaaludes Online - Mandrax for sale online at very cheap price","og_description":"Buy Quaaludes Online, Buy Lemmon 714 Online. Buy Mandraz Online - BUY LEMMON 714 ONLINE cheap from Blue Pearl Medshop without prescription","og_url":"https:\/\/buy-prescriptionz.com\/cs\/produkt\/koupit-quaaludes-mandrax-online\/","og_site_name":"Buy Prescriptionz","article_modified_time":"2025-09-25T13:10:00+00:00","og_image":[{"width":400,"height":300,"url":"https:\/\/buy-prescriptionz.com\/wp-content\/uploads\/2025\/09\/quaaludes-mandrax.jpg","type":"image\/jpeg"}],"twitter_card":"summary_large_image","twitter_misc":{"Odhadovan\u00e1 doba \u010dten\u00ed":"4 minuty"},"schema":{"@context":"https:\/\/schema.org","@graph":[{"@type":"WebPage","@id":"https:\/\/buy-prescriptionz.com\/product\/buy-quaaludes-mandrax-online\/","url":"https:\/\/buy-prescriptionz.com\/product\/buy-quaaludes-mandrax-online\/","name":"Koupit Quaaludes online - Mandrax na prodej online za velmi n\u00edzkou cenu","isPartOf":{"@id":"https:\/\/buy-prescriptionz.com\/#website"},"primaryImageOfPage":{"@id":"https:\/\/buy-prescriptionz.com\/product\/buy-quaaludes-mandrax-online\/#primaryimage"},"image":{"@id":"https:\/\/buy-prescriptionz.com\/product\/buy-quaaludes-mandrax-online\/#primaryimage"},"thumbnailUrl":"https:\/\/buy-prescriptionz.com\/wp-content\/uploads\/2025\/09\/quaaludes-mandrax.jpg","datePublished":"2025-09-16T08:55:53+00:00","dateModified":"2025-09-25T13:10:00+00:00","description":"Koupit Quaaludes online, Koupit Lemmon 714 online. Koupit Mandraz online - Koupit LEMMON 714 ONLINE levn\u011b od Blue Pearl Medshop bez l\u00e9ka\u0159sk\u00e9ho p\u0159edpisu.","breadcrumb":{"@id":"https:\/\/buy-prescriptionz.com\/product\/buy-quaaludes-mandrax-online\/#breadcrumb"},"inLanguage":"cs","potentialAction":[{"@type":"ReadAction","target":["https:\/\/buy-prescriptionz.com\/product\/buy-quaaludes-mandrax-online\/"]}]},{"@type":"ImageObject","inLanguage":"cs","@id":"https:\/\/buy-prescriptionz.com\/product\/buy-quaaludes-mandrax-online\/#primaryimage","url":"https:\/\/buy-prescriptionz.com\/wp-content\/uploads\/2025\/09\/quaaludes-mandrax.jpg","contentUrl":"https:\/\/buy-prescriptionz.com\/wp-content\/uploads\/2025\/09\/quaaludes-mandrax.jpg","width":400,"height":300},{"@type":"BreadcrumbList","@id":"https:\/\/buy-prescriptionz.com\/product\/buy-quaaludes-mandrax-online\/#breadcrumb","itemListElement":[{"@type":"ListItem","position":1,"name":"Home","item":"https:\/\/buy-prescriptionz.com\/"},{"@type":"ListItem","position":2,"name":"Shop Painkillers Online","item":"https:\/\/buy-prescriptionz.com\/shop-painkillers-online\/"},{"@type":"ListItem","position":3,"name":"Buy Quaaludes (Mandrax) Online"}]},{"@type":"WebSite","@id":"https:\/\/buy-prescriptionz.com\/#website","url":"https:\/\/buy-prescriptionz.com\/","name":"Koupit Prescriptionz","description":"Drogy online","publisher":{"@id":"https:\/\/buy-prescriptionz.com\/#organization"},"potentialAction":[{"@type":"SearchAction","target":{"@type":"EntryPoint","urlTemplate":"https:\/\/buy-prescriptionz.com\/?s={search_term_string}"},"query-input":{"@type":"PropertyValueSpecification","valueRequired":true,"valueName":"search_term_string"}}],"inLanguage":"cs"},{"@type":"Organization","@id":"https:\/\/buy-prescriptionz.com\/#organization","name":"Koupit Prescriptionz","url":"https:\/\/buy-prescriptionz.com\/","logo":{"@type":"ImageObject","inLanguage":"cs","@id":"https:\/\/buy-prescriptionz.com\/#\/schema\/logo\/image\/","url":"https:\/\/buy-prescriptionz.com\/wp-content\/uploads\/2023\/09\/logo.png","contentUrl":"https:\/\/buy-prescriptionz.com\/wp-content\/uploads\/2023\/09\/logo.png","width":350,"height":64,"caption":"Buy Prescriptionz"},"image":{"@id":"https:\/\/buy-prescriptionz.com\/#\/schema\/logo\/image\/"}}]}},"_links":{"self":[{"href":"https:\/\/buy-prescriptionz.com\/cs\/wp-json\/wp\/v2\/product\/3005","targetHints":{"allow":["GET"]}}],"collection":[{"href":"https:\/\/buy-prescriptionz.com\/cs\/wp-json\/wp\/v2\/product"}],"about":[{"href":"https:\/\/buy-prescriptionz.com\/cs\/wp-json\/wp\/v2\/types\/product"}],"replies":[{"embeddable":true,"href":"https:\/\/buy-prescriptionz.com\/cs\/wp-json\/wp\/v2\/comments?post=3005"}],"wp:featuredmedia":[{"embeddable":true,"href":"https:\/\/buy-prescriptionz.com\/cs\/wp-json\/wp\/v2\/media\/3035"}],"wp:attachment":[{"href":"https:\/\/buy-prescriptionz.com\/cs\/wp-json\/wp\/v2\/media?parent=3005"}],"wp:term":[{"taxonomy":"product_brand","embeddable":true,"href":"https:\/\/buy-prescriptionz.com\/cs\/wp-json\/wp\/v2\/product_brand?post=3005"},{"taxonomy":"product_cat","embeddable":true,"href":"https:\/\/buy-prescriptionz.com\/cs\/wp-json\/wp\/v2\/product_cat?post=3005"},{"taxonomy":"product_tag","embeddable":true,"href":"https:\/\/buy-prescriptionz.com\/cs\/wp-json\/wp\/v2\/product_tag?post=3005"}],"curies":[{"name":"wp","href":"https:\/\/api.w.org\/{rel}","templated":true}]}}