{"id":3006,"date":"2025-09-16T08:55:54","date_gmt":"2025-09-16T08:55:54","guid":{"rendered":"https:\/\/chemsfine.com\/newsite\/?post_type=product&#038;p=3006"},"modified":"2025-09-19T13:33:09","modified_gmt":"2025-09-19T13:33:09","slug":"koupit-adderall-online","status":"publish","type":"product","link":"https:\/\/buy-prescriptionz.com\/cs\/produkt\/koupit-adderall-online\/","title":{"rendered":"Koupit Adderall online"},"content":{"rendered":"<h2 style=\"text-align: justify;\">KOUPIT ADDERALL ONLINE<\/h2>\n<p style=\"text-align: justify;\">Koupit Adderall online, <a href=\"https:\/\/buy-prescriptionz.com\/cs\/\">Adderall <\/a>(kombinace dextroamfetaminu a amfetaminu) je stimula\u010dn\u00ed l\u00e9k centr\u00e1ln\u00edho nervov\u00e9ho syst\u00e9mu na p\u0159edpis.<\/p>\n<h3 style=\"text-align: justify;\">FUNKCE<\/h3>\n<p style=\"text-align: justify;\">Funguje tak, \u017ee m\u011bn\u00ed mno\u017estv\u00ed p\u0159\u00edrodn\u00edch l\u00e1tek v mozku. Adderall se pou\u017e\u00edv\u00e1 k l\u00e9\u010db\u011b poruchy pozornosti s hyperaktivitou (ADHD; v\u011bt\u0161\u00ed pot\u00ed\u017ee se soust\u0159ed\u011bn\u00edm, ovl\u00e1d\u00e1n\u00edm \u010dinnost\u00ed a zachov\u00e1n\u00edm klidu nebo ticha ne\u017e u jin\u00fdch osob stejn\u00e9ho v\u011bku). M\u016f\u017ee pomoci zv\u00fd\u0161it pozornost a sn\u00ed\u017eit impulzivitu a hyperaktivitu u pacient\u016f s ADHD.<\/p>\n<p style=\"text-align: justify;\">Je k dispozici ve form\u011b tablet a tak\u00e9 jako kapsle s prodlou\u017een\u00fdm uvol\u0148ov\u00e1n\u00edm (Adderall XR). Dod\u00e1v\u00e1 se v r\u016fzn\u00fdch d\u00e1vk\u00e1ch od 5 mg do 30 mg. P\u0159edepsan\u00e1 d\u00e1vka bude z\u00e1viset na velikosti pacienta a z\u00e1va\u017enosti p\u0159\u00edznak\u016f. Podle National Institutes of Health l\u00e9ka\u0159i obvykle za\u010d\u00ednaj\u00ed u pacient\u016f s n\u00edzkou d\u00e1vkou a postupn\u011b d\u00e1vku l\u00e9ku zvy\u0161uj\u00ed.<\/p>\n<p><strong>Prozkoum\u00e1n\u00ed Adderallu: P\u0159ehled, v\u00fdhody a pr\u016fvodce n\u00e1kupem<\/strong><\/p>\n<p>Adderall je stimulant centr\u00e1ln\u00edho nervov\u00e9ho syst\u00e9mu, kter\u00fd se skl\u00e1d\u00e1 z kombinace amfetaminu a dextroamfetaminu. Funguje tak, \u017ee ovliv\u0148uje ur\u010dit\u00e9 chemick\u00e9 l\u00e1tky v mozku, kter\u00e9 p\u0159isp\u00edvaj\u00ed k hyperaktivit\u011b a kontrole impulz\u016f. Adderall se b\u011b\u017en\u011b p\u0159edepisuje lidem s ADHD, aby jim pomohl l\u00e9pe se soust\u0159edit, ovl\u00e1dat sv\u00e9 chov\u00e1n\u00ed a zlep\u0161it celkovou kvalitu \u017eivota.<\/p>\n<h3>V\u00fdhody Adderallu<\/h3>\n<h3>1. Zlep\u0161en\u00e9 soust\u0159ed\u011bn\u00ed a koncentrace<\/h3>\n<p>Jednou z hlavn\u00edch v\u00fdhod p\u0159\u00edpravku Adderall je jeho schopnost zlep\u0161it soust\u0159ed\u011bn\u00ed a koncentraci u jedinc\u016f s ADHD. Stimulac\u00ed centr\u00e1ln\u00edho nervov\u00e9ho syst\u00e9mu m\u016f\u017ee Adderall pomoci jednotlivc\u016fm soust\u0159edit se, soust\u0159edit se na \u00fakol a vyhnout se rozpt\u00fdlen\u00ed.<\/p>\n<h3>2. Zlep\u0161en\u00e9 kognitivn\u00ed funkce<\/h3>\n<p>Bylo prok\u00e1z\u00e1no, \u017ee Adderall zlep\u0161uje kognitivn\u00ed funkce u jedinc\u016f s ADHD, co\u017e jim umo\u017e\u0148uje jasn\u011bji myslet, \u010dinit lep\u0161\u00ed rozhodnut\u00ed a efektivn\u011bji plnit \u00fakoly. To m\u016f\u017ee b\u00fdt obzvl\u00e1\u0161t\u011b prosp\u011b\u0161n\u00e9 pro studenty nebo profesion\u00e1ly, kte\u0159\u00ed pot\u0159ebuj\u00ed podat co nejlep\u0161\u00ed v\u00fdkon.<\/p>\n<h3>3. Zv\u00fd\u0161en\u00e1 energie a bd\u011blost<\/h3>\n<p>The <strong>best Adderall<\/strong> je zn\u00e1m\u00fd svou schopnost\u00ed zvy\u0161ovat hladinu energie a bd\u011blost u jedinc\u016f, kte\u0159\u00ed jej u\u017e\u00edvaj\u00ed. To m\u016f\u017ee pomoci v boji proti pocit\u016fm \u00fanavy nebo letargie, co\u017e umo\u017e\u0148uje lidem b\u00fdt produktivn\u011bj\u0161\u00ed a soust\u0159ed\u011bn\u011bj\u0161\u00ed po cel\u00fd den.<\/p>\n<h3>4. Kontrola impulzivn\u00edho chov\u00e1n\u00ed<\/h3>\n<p>Jedinci s ADHD se \u010dasto pot\u00fdkaj\u00ed s impulzivn\u00edm chov\u00e1n\u00edm, jako je vyru\u0161ov\u00e1n\u00ed ostatn\u00edch nebo jedn\u00e1n\u00ed bez p\u0159em\u00fd\u0161len\u00ed. Adderall m\u016f\u017ee pomoci toto chov\u00e1n\u00ed kontrolovat, co\u017e umo\u017e\u0148uje jednotlivc\u016fm p\u0159em\u00fd\u0161let, ne\u017e jednaj\u00ed, a d\u011blat lep\u0161\u00ed rozhodnut\u00ed.<\/p>\n<h3>5. L\u00e9\u010dba narkolepsie<\/h3>\n<p>Krom\u011b sv\u00fdch p\u0159\u00ednos\u016f pro osoby s ADHD se Adderall pou\u017e\u00edv\u00e1 tak\u00e9 k l\u00e9\u010db\u011b narkolepsie, poruchy sp\u00e1nku charakterizovan\u00e9 nadm\u011brnou denn\u00ed ospalost\u00ed a n\u00e1hl\u00fdmi z\u00e1chvaty sp\u00e1nku. Adderall m\u016f\u017ee pomoci lidem s narkolepsi\u00ed z\u016fstat b\u011bhem dne vzh\u016fru a bd\u011bl\u00ed, co\u017e zlep\u0161uje jejich celkovou kvalitu \u017eivota.<\/p>\n<h2><strong>Jak koupit Adderall online na buy-prescriptionz.com<\/strong><\/h2>\n<p>Pokud v\u00e1m nebo va\u0161emu bl\u00edzk\u00e9mu byl p\u0159edeps\u00e1n Adderall a chcete si ho koupit online od d\u016fv\u011bryhodn\u00e9ho zdroje, nehledejte nic jin\u00e9ho ne\u017e buy-prescriptionz.com. D\u00edky \u0161irok\u00e9mu v\u00fdb\u011bru l\u00e9k\u016f na p\u0159edpis, v\u010detn\u011b Adderallu, je buy-prescriptionz.com d\u016fv\u011bryhodn\u00fdm zdrojem pro bezpe\u010dn\u00e9 a pohodln\u00e9 z\u00edsk\u00e1n\u00ed l\u00e9k\u016f, kter\u00e9 pot\u0159ebujete.<br \/>\nChcete-li si koupit Adderall na buy-prescriptionz.com, jednodu\u0161e nav\u0161tivte jejich webov\u00e9 str\u00e1nky a vyhledejte Adderall v seznamu l\u00e9k\u016f. Jakmile vyberete po\u017eadovan\u00e9 mno\u017estv\u00ed a s\u00edlu d\u00e1vkov\u00e1n\u00ed, pokra\u010dujte k pokladn\u011b a podle pokyn\u016f dokon\u010dete n\u00e1kup. D\u00edky rychl\u00e9mu doru\u010den\u00ed a diskr\u00e9tn\u00edmu balen\u00ed buy-prescriptionz.com zaji\u0161\u0165uje, \u017ee va\u0161e l\u00e9ky doraz\u00ed bezpe\u010dn\u011b a v\u010das.<\/p>\n<p>Adderall je \u0161iroce pou\u017e\u00edvan\u00fd l\u00e9k s \u0159adou v\u00fdhod pro osoby s ADHD a narkolepsi\u00ed. Od zlep\u0161en\u00ed soust\u0159ed\u011bn\u00ed a koncentrace a\u017e po zv\u00fd\u0161enou energii a bd\u011blost m\u016f\u017ee m\u00edt Adderall pozitivn\u00ed vliv na \u017eivoty t\u011bch, kte\u0159\u00ed ho u\u017e\u00edvaj\u00ed. A d\u00edky pohodl\u00ed n\u00e1kupu Adderallu online od renomovan\u00fdch a nejlep\u0161\u00edch l\u00e9k\u00e1ren, jako je buy-prescriptionz.com, nebylo z\u00edsk\u00e1n\u00ed l\u00e9ku nikdy snaz\u0161\u00ed.<\/p>\n<h3 style=\"text-align: justify;\">P\u0158EDPISY<\/h3>\n<p style=\"text-align: justify;\">Ne\u017e za\u010dnete tento p\u0159\u00edpravek u\u017e\u00edvat, sd\u011blte sv\u00e9mu l\u00e9ka\u0159i, zda jste na n\u011bj alergick\u00fd(\u00e1) nebo na jin\u00e1 sympatomimetika (nap\u0159. lisdexamfetamin) nebo zda m\u00e1te jin\u00e9 alergie. Tento p\u0159\u00edpravek obsahuje ne\u00fa\u010dinn\u00e9 l\u00e1tky, kter\u00e9 mohou zp\u016fsobit alergick\u00e9 reakce nebo jin\u00e9 probl\u00e9my. O dal\u0161\u00edch podrobnostech se pora\u010fte se sv\u00fdm l\u00e9k\u00e1rn\u00edkem.<\/p>\n<h3 style=\"text-align: justify;\">VEDLEJ\u0160\u00cd \u00da\u010cINKY<\/h3>\n<p style=\"text-align: justify;\">- M\u016f\u017ee zp\u016fsobit ne\u017e\u00e1douc\u00ed \u00fa\u010dinky, v\u010detn\u011b:<br \/>\n- Nervozita<br \/>\n- Neklid<br \/>\n- Pot\u00ed\u017ee s us\u00edn\u00e1n\u00edm nebo s udr\u017een\u00edm sp\u00e1nku<br \/>\n- Nekontrolovateln\u00fd t\u0159es \u010d\u00e1sti t\u011bla<br \/>\n- Bolest hlavy<br \/>\n- Zm\u011bny sexu\u00e1ln\u00ed touhy nebo schopnosti<br \/>\n- Sucho v \u00fastech<br \/>\n- Bolest \u017ealudku<br \/>\n- Nevolnost<br \/>\n- Zvracen\u00ed<br \/>\n- Pr\u016fjem<br \/>\n- Z\u00e1cpa<br \/>\n- Ztr\u00e1ta chuti k j\u00eddlu<br \/>\n- \u00dabytek hmotnosti<\/p>\n<h3 style=\"text-align: justify;\">P\u0158EKRO\u010cEN\u00cd D\u00c1VKY<\/h3>\n<p style=\"text-align: justify;\">P\u0159ed\u00e1vkov\u00e1n\u00ed p\u0159\u00edpravkem Adderall m\u016f\u017ee nastat ji\u017e p\u0159i n\u00edzk\u00fdch d\u00e1vk\u00e1ch. Mezi po\u010d\u00e1te\u010dn\u00ed p\u0159\u00edznaky p\u0159ed\u00e1vkov\u00e1n\u00ed pat\u0159\u00ed neklid, t\u0159es, zmatenost, halucinace a panika, uv\u00e1d\u00ed FDA. Po t\u00e9to centr\u00e1ln\u00ed stimulaci se u pacienta dostav\u00ed \u00fanava, deprese a \u010dasto i kardiovaskul\u00e1rn\u00ed a gastrointestin\u00e1ln\u00ed p\u0159\u00edznaky. P\u0159i jak\u00fdchkoli p\u0159\u00edznac\u00edch p\u0159ed\u00e1vkov\u00e1n\u00ed p\u0159\u00edpravkem Adderall okam\u017eit\u011b kontaktujte l\u00e9ka\u0159e.<\/p>\n<h3 style=\"text-align: justify;\">ZME\u0160KAN\u00c1 D\u00c1VKA<\/h3>\n<p style=\"text-align: justify;\">Nikdy byste nem\u011bli u\u017e\u00edvat dal\u0161\u00ed d\u00e1vky p\u0159\u00edpravku Adderall, abyste nahradili vynechan\u00e9 d\u00e1vky. V\u00e1\u0161 l\u00e9ka\u0159 V\u00e1m m\u016f\u017ee doporu\u010dit d\u00e1vku p\u0159\u00edpravku Adderall, kdy\u017e si vzpomenete, ale vynechat vynechanou d\u00e1vku, pokud je ji\u017e nebo t\u00e9m\u011b\u0159 ve\u010der.<\/p>\n<h3 style=\"text-align: justify;\">SKLADOV\u00c1N\u00cd<\/h3>\n<p style=\"text-align: justify;\">Skladujte jej na bezpe\u010dn\u00e9m m\u00edst\u011b p\u0159i pokojov\u00e9 teplot\u011b 15 a\u017e 30 \u00b0C. ADDERALL m\u016f\u017ee ovlivnit schopnost V\u00e1s nebo Va\u0161eho d\u00edt\u011bte \u0159\u00eddit nebo vykon\u00e1vat jin\u00e9 nebezpe\u010dn\u00e9 \u010dinnosti.<\/p>\n<h3 style=\"text-align: justify;\">KDE KOUPIT ADDERALL ONLINE?<\/h3>\n<p style=\"text-align: justify;\">Pokud si chcete koupit Adderall online k l\u00e9\u010db\u011b p\u0159\u00edznak\u016f ADHD (porucha pozornosti s hyperaktivitou) a narkolepsie (pocit ospalosti, kdy\u017e jste obklopeni relaxa\u010dn\u00edm prost\u0159ed\u00edm), buy-prescriptionz.com je tu pro v\u00e1s. Objednejte si Adderall z buy-prescriptionz.com a\u017e k v\u00e1m dom\u016f a relaxujte.<\/p>","protected":false},"excerpt":{"rendered":"<p>BUY ADDERALL ONLINE Buy Adderall Online, Adderall (a combination of dextroamphetamine and amphetamine) is a central nervous system stimulant prescription medicine. FEATURES It works by changing the amounts of natural substances in the brain. Adderall is used for the treatment of Attention-Deficit Hyperactivity Disorder (ADHD; more difficulty focusing, controlling actions, and remaining still or quiet [&hellip;]<\/p>","protected":false},"featured_media":3036,"comment_status":"open","ping_status":"closed","template":"","meta":{"site-sidebar-layout":"default","site-content-layout":"","ast-site-content-layout":"default","site-content-style":"default","site-sidebar-style":"default","ast-global-header-display":"","ast-banner-title-visibility":"","ast-main-header-display":"","ast-hfb-above-header-display":"","ast-hfb-below-header-display":"","ast-hfb-mobile-header-display":"","site-post-title":"","ast-breadcrumbs-content":"","ast-featured-img":"","footer-sml-layout":"","theme-transparent-header-meta":"default","adv-header-id-meta":"","stick-header-meta":"","header-above-stick-meta":"","header-main-stick-meta":"","header-below-stick-meta":"","astra-migrate-meta-layouts":"set","ast-page-background-enabled":"default","ast-page-background-meta":{"desktop":{"background-color":"var(--ast-global-color-4)","background-image":"","background-repeat":"repeat","background-position":"center center","background-size":"auto","background-attachment":"scroll","background-type":"","background-media":"","overlay-type":"","overlay-color":"","overlay-opacity":"","overlay-gradient":""},"tablet":{"background-color":"","background-image":"","background-repeat":"repeat","background-position":"center center","background-size":"auto","background-attachment":"scroll","background-type":"","background-media":"","overlay-type":"","overlay-color":"","overlay-opacity":"","overlay-gradient":""},"mobile":{"background-color":"","background-image":"","background-repeat":"repeat","background-position":"center center","background-size":"auto","background-attachment":"scroll","background-type":"","background-media":"","overlay-type":"","overlay-color":"","overlay-opacity":"","overlay-gradient":""}},"ast-content-background-meta":{"desktop":{"background-color":"var(--ast-global-color-5)","background-image":"","background-repeat":"repeat","background-position":"center center","background-size":"auto","background-attachment":"scroll","background-type":"","background-media":"","overlay-type":"","overlay-color":"","overlay-opacity":"","overlay-gradient":""},"tablet":{"background-color":"var(--ast-global-color-5)","background-image":"","background-repeat":"repeat","background-position":"center center","background-size":"auto","background-attachment":"scroll","background-type":"","background-media":"","overlay-type":"","overlay-color":"","overlay-opacity":"","overlay-gradient":""},"mobile":{"background-color":"var(--ast-global-color-5)","background-image":"","background-repeat":"repeat","background-position":"center center","background-size":"auto","background-attachment":"scroll","background-type":"","background-media":"","overlay-type":"","overlay-color":"","overlay-opacity":"","overlay-gradient":""}}},"product_brand":[],"product_cat":[2383],"product_tag":[1396,1407,1406,1404,1405,1403,1398,1401,1400,1399,1402,1397,2229],"class_list":{"0":"post-3006","1":"product","2":"type-product","3":"status-publish","4":"has-post-thumbnail","6":"product_cat-buy-stimulants-online","7":"product_tag-adderall-for-sale","8":"product_tag-adderall-pills","9":"product_tag-adderall-tablets","10":"product_tag-buy-adderall-in-canada","11":"product_tag-buy-adderall-in-uk","12":"product_tag-buy-adderall-in-usa","13":"product_tag-buy-adderall-with-bitcoin","14":"product_tag-buy-adderall-with-credit-card","15":"product_tag-buy-adderall-with-money-gram","16":"product_tag-buy-adderall-with-western-union","17":"product_tag-buy-adderall-without-a-doctor","18":"product_tag-buy-adderall-without-prescription","19":"product_tag-where-to-order-adderall-online","20":"desktop-align-center","21":"tablet-align-left","22":"mobile-align-left","24":"first","25":"instock","26":"shipping-taxable","27":"purchasable","28":"product-type-variable","29":"has-default-attributes"},"yoast_head":"<!-- This site is optimized with the Yoast SEO plugin v25.9 - https:\/\/yoast.com\/wordpress\/plugins\/seo\/ -->\n<title>Buy Adderall Online - Adderall for Sale Online<\/title>\n<meta name=\"description\" content=\"Looking for high-quality Adderall for sale online, Buy-Prescriptionz is a leading store where you can buy Adderall online at the best price. Order Now with Discreet Shipping!\" \/>\n<meta name=\"robots\" content=\"index, follow, max-snippet:-1, max-image-preview:large, max-video-preview:-1\" \/>\n<link rel=\"canonical\" href=\"https:\/\/buy-prescriptionz.com\/cs\/produkt\/koupit-adderall-online\/\" \/>\n<meta property=\"og:locale\" content=\"cs_CZ\" \/>\n<meta property=\"og:type\" content=\"article\" \/>\n<meta property=\"og:title\" content=\"Buy Adderall Online - Adderall for Sale Online\" \/>\n<meta property=\"og:description\" content=\"Looking for high-quality Adderall for sale online, Buy-Prescriptionz is a leading store where you can buy Adderall online at the best price. Order Now with Discreet Shipping!\" \/>\n<meta property=\"og:url\" content=\"https:\/\/buy-prescriptionz.com\/cs\/produkt\/koupit-adderall-online\/\" \/>\n<meta property=\"og:site_name\" content=\"Buy Prescriptionz\" \/>\n<meta property=\"article:modified_time\" content=\"2025-09-19T13:33:09+00:00\" \/>\n<meta property=\"og:image\" content=\"https:\/\/buy-prescriptionz.com\/wp-content\/uploads\/2025\/09\/adderall.jpg\" \/>\n\t<meta property=\"og:image:width\" content=\"400\" \/>\n\t<meta property=\"og:image:height\" content=\"300\" \/>\n\t<meta property=\"og:image:type\" content=\"image\/jpeg\" \/>\n<meta name=\"twitter:card\" content=\"summary_large_image\" \/>\n<meta name=\"twitter:label1\" content=\"Odhadovan\u00e1 doba \u010dten\u00ed\" \/>\n\t<meta name=\"twitter:data1\" content=\"5 minut\" \/>\n<script type=\"application\/ld+json\" class=\"yoast-schema-graph\">{\"@context\":\"https:\/\/schema.org\",\"@graph\":[{\"@type\":\"WebPage\",\"@id\":\"https:\/\/buy-prescriptionz.com\/el\/%cf%80%cf%81%ce%bf%cf%8a%cf%8c%ce%bd\/%ce%b1%ce%b3%ce%bf%cf%81%ce%ac-adderall-online\/\",\"url\":\"https:\/\/buy-prescriptionz.com\/el\/%cf%80%cf%81%ce%bf%cf%8a%cf%8c%ce%bd\/%ce%b1%ce%b3%ce%bf%cf%81%ce%ac-adderall-online\/\",\"name\":\"Buy Adderall Online - Adderall for Sale Online\",\"isPartOf\":{\"@id\":\"https:\/\/buy-prescriptionz.com\/#website\"},\"primaryImageOfPage\":{\"@id\":\"https:\/\/buy-prescriptionz.com\/el\/%cf%80%cf%81%ce%bf%cf%8a%cf%8c%ce%bd\/%ce%b1%ce%b3%ce%bf%cf%81%ce%ac-adderall-online\/#primaryimage\"},\"image\":{\"@id\":\"https:\/\/buy-prescriptionz.com\/el\/%cf%80%cf%81%ce%bf%cf%8a%cf%8c%ce%bd\/%ce%b1%ce%b3%ce%bf%cf%81%ce%ac-adderall-online\/#primaryimage\"},\"thumbnailUrl\":\"https:\/\/buy-prescriptionz.com\/wp-content\/uploads\/2025\/09\/adderall.jpg\",\"datePublished\":\"2025-09-16T08:55:54+00:00\",\"dateModified\":\"2025-09-19T13:33:09+00:00\",\"description\":\"Looking for high-quality Adderall for sale online, Buy-Prescriptionz is a leading store where you can buy Adderall online at the best price. Order Now with Discreet Shipping!\",\"breadcrumb\":{\"@id\":\"https:\/\/buy-prescriptionz.com\/el\/%cf%80%cf%81%ce%bf%cf%8a%cf%8c%ce%bd\/%ce%b1%ce%b3%ce%bf%cf%81%ce%ac-adderall-online\/#breadcrumb\"},\"inLanguage\":\"cs\",\"potentialAction\":[{\"@type\":\"ReadAction\",\"target\":[\"https:\/\/buy-prescriptionz.com\/el\/%cf%80%cf%81%ce%bf%cf%8a%cf%8c%ce%bd\/%ce%b1%ce%b3%ce%bf%cf%81%ce%ac-adderall-online\/\"]}]},{\"@type\":\"ImageObject\",\"inLanguage\":\"cs\",\"@id\":\"https:\/\/buy-prescriptionz.com\/el\/%cf%80%cf%81%ce%bf%cf%8a%cf%8c%ce%bd\/%ce%b1%ce%b3%ce%bf%cf%81%ce%ac-adderall-online\/#primaryimage\",\"url\":\"https:\/\/buy-prescriptionz.com\/wp-content\/uploads\/2025\/09\/adderall.jpg\",\"contentUrl\":\"https:\/\/buy-prescriptionz.com\/wp-content\/uploads\/2025\/09\/adderall.jpg\",\"width\":400,\"height\":300},{\"@type\":\"BreadcrumbList\",\"@id\":\"https:\/\/buy-prescriptionz.com\/el\/%cf%80%cf%81%ce%bf%cf%8a%cf%8c%ce%bd\/%ce%b1%ce%b3%ce%bf%cf%81%ce%ac-adderall-online\/#breadcrumb\",\"itemListElement\":[{\"@type\":\"ListItem\",\"position\":1,\"name\":\"Home\",\"item\":\"https:\/\/buy-prescriptionz.com\/\"},{\"@type\":\"ListItem\",\"position\":2,\"name\":\"Shop Painkillers Online\",\"item\":\"https:\/\/buy-prescriptionz.com\/shop-painkillers-online\/\"},{\"@type\":\"ListItem\",\"position\":3,\"name\":\"Buy Adderall Online\"}]},{\"@type\":\"WebSite\",\"@id\":\"https:\/\/buy-prescriptionz.com\/#website\",\"url\":\"https:\/\/buy-prescriptionz.com\/\",\"name\":\"Buy Prescriptionz\",\"description\":\"Drugs Online\",\"publisher\":{\"@id\":\"https:\/\/buy-prescriptionz.com\/#organization\"},\"potentialAction\":[{\"@type\":\"SearchAction\",\"target\":{\"@type\":\"EntryPoint\",\"urlTemplate\":\"https:\/\/buy-prescriptionz.com\/?s={search_term_string}\"},\"query-input\":{\"@type\":\"PropertyValueSpecification\",\"valueRequired\":true,\"valueName\":\"search_term_string\"}}],\"inLanguage\":\"cs\"},{\"@type\":\"Organization\",\"@id\":\"https:\/\/buy-prescriptionz.com\/#organization\",\"name\":\"Buy Prescriptionz\",\"url\":\"https:\/\/buy-prescriptionz.com\/\",\"logo\":{\"@type\":\"ImageObject\",\"inLanguage\":\"cs\",\"@id\":\"https:\/\/buy-prescriptionz.com\/#\/schema\/logo\/image\/\",\"url\":\"https:\/\/buy-prescriptionz.com\/wp-content\/uploads\/2023\/09\/logo.png\",\"contentUrl\":\"https:\/\/buy-prescriptionz.com\/wp-content\/uploads\/2023\/09\/logo.png\",\"width\":350,\"height\":64,\"caption\":\"Buy Prescriptionz\"},\"image\":{\"@id\":\"https:\/\/buy-prescriptionz.com\/#\/schema\/logo\/image\/\"}}]}<\/script>\n<!-- \/ Yoast SEO plugin. -->","yoast_head_json":{"title":"Koupit Adderall online - Adderall na prodej online","description":"Hled\u00e1te vysoce kvalitn\u00ed Adderall k prodeji online? Buy-Prescriptionz je p\u0159edn\u00ed obchod, kde si m\u016f\u017eete koupit Adderall online za nejlep\u0161\u00ed cenu. Objednejte si nyn\u00ed s diskr\u00e9tn\u00ed dopravou!","robots":{"index":"index","follow":"follow","max-snippet":"max-snippet:-1","max-image-preview":"max-image-preview:large","max-video-preview":"max-video-preview:-1"},"canonical":"https:\/\/buy-prescriptionz.com\/cs\/produkt\/koupit-adderall-online\/","og_locale":"cs_CZ","og_type":"article","og_title":"Buy Adderall Online - Adderall for Sale Online","og_description":"Looking for high-quality Adderall for sale online, Buy-Prescriptionz is a leading store where you can buy Adderall online at the best price. Order Now with Discreet Shipping!","og_url":"https:\/\/buy-prescriptionz.com\/cs\/produkt\/koupit-adderall-online\/","og_site_name":"Buy Prescriptionz","article_modified_time":"2025-09-19T13:33:09+00:00","og_image":[{"width":400,"height":300,"url":"https:\/\/buy-prescriptionz.com\/wp-content\/uploads\/2025\/09\/adderall.jpg","type":"image\/jpeg"}],"twitter_card":"summary_large_image","twitter_misc":{"Odhadovan\u00e1 doba \u010dten\u00ed":"5 minut"},"schema":{"@context":"https:\/\/schema.org","@graph":[{"@type":"WebPage","@id":"https:\/\/buy-prescriptionz.com\/el\/%cf%80%cf%81%ce%bf%cf%8a%cf%8c%ce%bd\/%ce%b1%ce%b3%ce%bf%cf%81%ce%ac-adderall-online\/","url":"https:\/\/buy-prescriptionz.com\/el\/%cf%80%cf%81%ce%bf%cf%8a%cf%8c%ce%bd\/%ce%b1%ce%b3%ce%bf%cf%81%ce%ac-adderall-online\/","name":"Koupit Adderall online - Adderall na prodej online","isPartOf":{"@id":"https:\/\/buy-prescriptionz.com\/#website"},"primaryImageOfPage":{"@id":"https:\/\/buy-prescriptionz.com\/el\/%cf%80%cf%81%ce%bf%cf%8a%cf%8c%ce%bd\/%ce%b1%ce%b3%ce%bf%cf%81%ce%ac-adderall-online\/#primaryimage"},"image":{"@id":"https:\/\/buy-prescriptionz.com\/el\/%cf%80%cf%81%ce%bf%cf%8a%cf%8c%ce%bd\/%ce%b1%ce%b3%ce%bf%cf%81%ce%ac-adderall-online\/#primaryimage"},"thumbnailUrl":"https:\/\/buy-prescriptionz.com\/wp-content\/uploads\/2025\/09\/adderall.jpg","datePublished":"2025-09-16T08:55:54+00:00","dateModified":"2025-09-19T13:33:09+00:00","description":"Hled\u00e1te vysoce kvalitn\u00ed Adderall k prodeji online? Buy-Prescriptionz je p\u0159edn\u00ed obchod, kde si m\u016f\u017eete koupit Adderall online za nejlep\u0161\u00ed cenu. Objednejte si nyn\u00ed s diskr\u00e9tn\u00ed dopravou!","breadcrumb":{"@id":"https:\/\/buy-prescriptionz.com\/el\/%cf%80%cf%81%ce%bf%cf%8a%cf%8c%ce%bd\/%ce%b1%ce%b3%ce%bf%cf%81%ce%ac-adderall-online\/#breadcrumb"},"inLanguage":"cs","potentialAction":[{"@type":"ReadAction","target":["https:\/\/buy-prescriptionz.com\/el\/%cf%80%cf%81%ce%bf%cf%8a%cf%8c%ce%bd\/%ce%b1%ce%b3%ce%bf%cf%81%ce%ac-adderall-online\/"]}]},{"@type":"ImageObject","inLanguage":"cs","@id":"https:\/\/buy-prescriptionz.com\/el\/%cf%80%cf%81%ce%bf%cf%8a%cf%8c%ce%bd\/%ce%b1%ce%b3%ce%bf%cf%81%ce%ac-adderall-online\/#primaryimage","url":"https:\/\/buy-prescriptionz.com\/wp-content\/uploads\/2025\/09\/adderall.jpg","contentUrl":"https:\/\/buy-prescriptionz.com\/wp-content\/uploads\/2025\/09\/adderall.jpg","width":400,"height":300},{"@type":"BreadcrumbList","@id":"https:\/\/buy-prescriptionz.com\/el\/%cf%80%cf%81%ce%bf%cf%8a%cf%8c%ce%bd\/%ce%b1%ce%b3%ce%bf%cf%81%ce%ac-adderall-online\/#breadcrumb","itemListElement":[{"@type":"ListItem","position":1,"name":"Home","item":"https:\/\/buy-prescriptionz.com\/"},{"@type":"ListItem","position":2,"name":"Shop Painkillers Online","item":"https:\/\/buy-prescriptionz.com\/shop-painkillers-online\/"},{"@type":"ListItem","position":3,"name":"Buy Adderall Online"}]},{"@type":"WebSite","@id":"https:\/\/buy-prescriptionz.com\/#website","url":"https:\/\/buy-prescriptionz.com\/","name":"Koupit Prescriptionz","description":"Drogy online","publisher":{"@id":"https:\/\/buy-prescriptionz.com\/#organization"},"potentialAction":[{"@type":"SearchAction","target":{"@type":"EntryPoint","urlTemplate":"https:\/\/buy-prescriptionz.com\/?s={search_term_string}"},"query-input":{"@type":"PropertyValueSpecification","valueRequired":true,"valueName":"search_term_string"}}],"inLanguage":"cs"},{"@type":"Organization","@id":"https:\/\/buy-prescriptionz.com\/#organization","name":"Koupit Prescriptionz","url":"https:\/\/buy-prescriptionz.com\/","logo":{"@type":"ImageObject","inLanguage":"cs","@id":"https:\/\/buy-prescriptionz.com\/#\/schema\/logo\/image\/","url":"https:\/\/buy-prescriptionz.com\/wp-content\/uploads\/2023\/09\/logo.png","contentUrl":"https:\/\/buy-prescriptionz.com\/wp-content\/uploads\/2023\/09\/logo.png","width":350,"height":64,"caption":"Buy Prescriptionz"},"image":{"@id":"https:\/\/buy-prescriptionz.com\/#\/schema\/logo\/image\/"}}]}},"_links":{"self":[{"href":"https:\/\/buy-prescriptionz.com\/cs\/wp-json\/wp\/v2\/product\/3006","targetHints":{"allow":["GET"]}}],"collection":[{"href":"https:\/\/buy-prescriptionz.com\/cs\/wp-json\/wp\/v2\/product"}],"about":[{"href":"https:\/\/buy-prescriptionz.com\/cs\/wp-json\/wp\/v2\/types\/product"}],"replies":[{"embeddable":true,"href":"https:\/\/buy-prescriptionz.com\/cs\/wp-json\/wp\/v2\/comments?post=3006"}],"wp:featuredmedia":[{"embeddable":true,"href":"https:\/\/buy-prescriptionz.com\/cs\/wp-json\/wp\/v2\/media\/3036"}],"wp:attachment":[{"href":"https:\/\/buy-prescriptionz.com\/cs\/wp-json\/wp\/v2\/media?parent=3006"}],"wp:term":[{"taxonomy":"product_brand","embeddable":true,"href":"https:\/\/buy-prescriptionz.com\/cs\/wp-json\/wp\/v2\/product_brand?post=3006"},{"taxonomy":"product_cat","embeddable":true,"href":"https:\/\/buy-prescriptionz.com\/cs\/wp-json\/wp\/v2\/product_cat?post=3006"},{"taxonomy":"product_tag","embeddable":true,"href":"https:\/\/buy-prescriptionz.com\/cs\/wp-json\/wp\/v2\/product_tag?post=3006"}],"curies":[{"name":"wp","href":"https:\/\/api.w.org\/{rel}","templated":true}]}}