{"id":3007,"date":"2025-09-16T08:55:54","date_gmt":"2025-09-16T08:55:54","guid":{"rendered":"https:\/\/chemsfine.com\/newsite\/?post_type=product&#038;p=3007"},"modified":"2025-12-15T09:00:58","modified_gmt":"2025-12-15T09:00:58","slug":"koupit-methamfetaminy-online","status":"publish","type":"product","link":"https:\/\/buy-prescriptionz.com\/cs\/produkt\/koupit-methamfetaminy-online\/","title":{"rendered":"Koupit metamfetaminy online"},"content":{"rendered":"<h2>KOUPIT METAMFETAMIN ONLINE<\/h2>\n<p>Kupte si metamfetaminy online, metamfetamin existuje ve dvou enantiomerech: levo-metamfetamin a dextro-metamfetamin. Metamfetamin se ve skute\u010dnosti vztahuje na specifickou chemickou l\u00e1tku, racemickou volnou b\u00e1zi, co\u017e je sm\u011bs levometamfetaminu a dextrometamfetaminu v \u010dist\u00fdch aminov\u00fdch form\u00e1ch ve stejn\u00e9m pom\u011bru.<\/p>\n<h3>VLASTNOSTI METAMFETAMINU<\/h3>\n<p>Metamfetamin je stimula\u010dn\u00ed droga, kter\u00e1 se obvykle pou\u017e\u00edv\u00e1 ve form\u011b b\u00edl\u00e9ho ho\u0159ce chutnaj\u00edc\u00edho pr\u00e1\u0161ku nebo jako peror\u00e1ln\u00ed pilulky. Metamfetamin je forma drogy, kter\u00e1 vypad\u00e1 jako \u00falomky skla, leskl\u00e9 modrob\u00edl\u00e9 kameny nebo jednodu\u0161e b\u00edl\u00e9 krystaly. Chemicky je podobn\u00fd amfetaminu [l\u00e9ku pou\u017e\u00edvan\u00e9mu k l\u00e9\u010db\u011b poruchy pozornosti s hyperaktivitou a poruch sp\u00e1nku].<\/p>\n<h3>TAG F\u00d8LGENDE FORHOLDSREGLER<\/h3>\n<p>Kupte si metamfetaminy online. Pokud si vy nebo va\u0161e rodina v\u0161imnete jak\u00fdchkoli neobvykl\u00fdch zm\u011bn v chov\u00e1n\u00ed, jako je zv\u00fd\u0161en\u00e1 agrese, nep\u0159\u00e1telstv\u00ed, neklid nebo podr\u00e1\u017ed\u011bnost, ihned informujte sv\u00e9ho l\u00e9ka\u0159e. Pokud m\u00e1te halucinace nebo jak\u00e9koli neobvykl\u00e9 my\u0161lenky, zejm\u00e9na pokud jsou nov\u00e9 nebo se rychle zhor\u0161uj\u00ed, pora\u010fte se s l\u00e9ka\u0159em.<br \/>\nU\u017e\u00edv\u00e1n\u00ed tohoto l\u00e9ku m\u016f\u017ee zp\u016fsobit z\u00e1va\u017en\u00e9 probl\u00e9my se srdcem a c\u00e9vami. Tyto probl\u00e9my se mohou vyskytnout s v\u011bt\u0161\u00ed pravd\u011bpodobnost\u00ed u pacient\u016f s rodinnou anamn\u00e9zou srde\u010dn\u00edho onemocn\u011bn\u00ed. Pokud se u v\u00e1s b\u011bhem u\u017e\u00edv\u00e1n\u00ed tohoto l\u00e9ku objev\u00ed bolest na hrudi, pot\u00ed\u017ee s d\u00fdch\u00e1n\u00edm nebo mdloby, pora\u010fte se se sv\u00fdm l\u00e9ka\u0159em.<\/p>\n<h3>V\u011aD\u011aTE SI NE\u017d\u00c1DOUC\u00cd \u00da\u010cINKY B\u011aHEM U\u017d\u00cdV\u00c1N\u00cd METHAMFETAMINU<\/h3>\n<p>Po u\u017eit\u00ed drogy vytv\u00e1\u0159\u00ed krystalick\u00fd meth fale\u0161n\u00fd pocit pohody a energie, a tak m\u00e1 \u010dlov\u011bk tendenci nam\u00e1hat sv\u00e9 t\u011blo rychleji a d\u00e1le, ne\u017e je zam\u00fd\u0161leno. U\u017eivatel\u00e9 drog po u\u017eit\u00ed drog za\u017eij\u00ed t\u011b\u017ekou nehodu nebo fyzick\u00e9 a psychick\u00e9 zhroucen\u00ed.<br \/>\nProto\u017ee p\u0159i dal\u0161\u00edm u\u017e\u00edv\u00e1n\u00ed t\u00e9to drogy se sni\u017euje p\u0159irozen\u00fd pocit hladu, u\u017eivatel\u00e9 mohou zaznamenat extr\u00e9mn\u00ed \u00fabytek hmotnosti. Mezi negativn\u00ed \u00fa\u010dinky t\u00e9to drogy (methamfetaminu) pat\u0159\u00ed naru\u0161en\u00fd sp\u00e1nkov\u00fd re\u017eim, hyperaktivita a nevolnost, bludy moci, zv\u00fd\u0161en\u00e1 agresivita a podr\u00e1\u017ed\u011bnost.<\/p>\n<h3>PROBL\u00c9MY S VYNECHANOU D\u00c1VKOU<\/h3>\n<p>Pokud vynech\u00e1te d\u00e1vku tohoto stimulantu, u\u017eijte ji, jakmile si vzpomenete, brzy r\u00e1no. Pokud je pozd\u011b odpoledne nebo se bl\u00ed\u017e\u00ed \u010das dal\u0161\u00ed d\u00e1vky, vynechanou d\u00e1vku vynechejte a pokra\u010dujte v obvykl\u00e9m d\u00e1vkovac\u00edm sch\u00e9matu. Nezdvojn\u00e1sobujte d\u00e1vku, abyste ji dohnali, mohlo by to zp\u016fsobit v\u00e1\u017en\u00e9 probl\u00e9my.<\/p>\n<h3>P\u0158ED\u00c1VKOV\u00c1N\u00cd M\u016e\u017dE ZP\u016eSOBIT<\/h3>\n<p>Kdy\u017e u\u017eijeme p\u0159ed\u00e1vkov\u00e1n\u00ed tohoto stimulantu, trp\u00edme: roz\u0161\u00ed\u0159en\u00fdmi zornicemi, rychl\u00fdm, zpomalen\u00fdm nebo nepravideln\u00fdm srde\u010dn\u00edm tepem, pot\u00ed\u017eemi s d\u00fdch\u00e1n\u00edm, bolestmi na hrudi, infarktem, mrtvic\u00ed, zv\u00fd\u0161enou t\u011blesnou tk\u00e1n\u00ed, vysok\u00fdm krevn\u00edm tlakem, bolestmi b\u0159icha, zm\u011bn\u011bn\u00fdm du\u0161evn\u00edm stavem. Mohou b\u00fdt zp\u016fsobeny i dal\u0161\u00ed z\u00e1va\u017en\u00e9 probl\u00e9my. Bu\u010fte proto p\u0159i p\u0159ed\u00e1vkov\u00e1n\u00ed opatrn\u00ed. Pokud u\u017eijete p\u0159\u00edli\u0161 mnoho, sledujte sv\u00e9 \u00fa\u010dinky a pora\u010fte se se sv\u00fdm l\u00e9ka\u0159em, abyste p\u0159ede\u0161li v\u00e1\u017en\u00fdm zdravotn\u00edm probl\u00e9m\u016fm.<\/p>\n<h3>SKLADOV\u00c1N\u00cd METAMFETAMINU<\/h3>\n<p>Metamfetamin by m\u011bl b\u00fdt skladov\u00e1n v uzav\u0159en\u00e9m a lehk\u00e9m obalu a tablety s prodlou\u017een\u00fdm uvol\u0148ov\u00e1n\u00edm by m\u011bly b\u00fdt skladov\u00e1ny v dob\u0159e uzav\u0159en\u00fdch obalech; tablety metamfetaminu i tablety s prodlou\u017een\u00fdm uvol\u0148ov\u00e1n\u00edm by m\u011bly b\u00fdt skladov\u00e1ny p\u0159i teplot\u011b ni\u017e\u0161\u00ed ne\u017e 40 \u00b0C, nejl\u00e9pe p\u0159i 15 a\u017e 30 \u00b0C.<\/p>\n<h3>KDE KOUPIT METAMFETAMIN ONLINE?<\/h3>\n<p>Metamfetamin je anestetikum (lok\u00e1ln\u00ed) pou\u017e\u00edvan\u00e9 zdravotnick\u00fdmi pracovn\u00edky p\u0159ed chirurgick\u00fdmi z\u00e1kroky v nosn\u00ed, hrtanov\u00e9 nebo \u00fastn\u00ed dutin\u011b. Je hodnocen jako nejlep\u0161\u00ed l\u00e9k s t\u00edmto \u00fa\u010dinkem. Metamfetamin si m\u016f\u017eete snadno koupit na buyprescriptionz za nejlep\u0161\u00ed cenu.<\/p>","protected":false},"excerpt":{"rendered":"<p>BUY METHAMPHETAMINE ONLINE Buy Methamphetamines Online,Methamphetamine exists as two enantiomers: levo-methamphetamine and dextro-methamphetamine Methamphetamine properly refers to a specific chemical, the racemic free base, which is an equal mixture of levomethamphetamine and dextromethamphetamine in their pure amine forms. FEATURES OF METHAMPHETAMINE Methamphetamine is a stimulant drug usually used as a white and bitter-tasting powder or [&hellip;]<\/p>","protected":false},"featured_media":3037,"comment_status":"open","ping_status":"closed","template":"","meta":{"site-sidebar-layout":"default","site-content-layout":"","ast-site-content-layout":"default","site-content-style":"default","site-sidebar-style":"default","ast-global-header-display":"","ast-banner-title-visibility":"","ast-main-header-display":"","ast-hfb-above-header-display":"","ast-hfb-below-header-display":"","ast-hfb-mobile-header-display":"","site-post-title":"","ast-breadcrumbs-content":"","ast-featured-img":"","footer-sml-layout":"","theme-transparent-header-meta":"default","adv-header-id-meta":"","stick-header-meta":"","header-above-stick-meta":"","header-main-stick-meta":"","header-below-stick-meta":"","astra-migrate-meta-layouts":"set","ast-page-background-enabled":"default","ast-page-background-meta":{"desktop":{"background-color":"var(--ast-global-color-4)","background-image":"","background-repeat":"repeat","background-position":"center center","background-size":"auto","background-attachment":"scroll","background-type":"","background-media":"","overlay-type":"","overlay-color":"","overlay-opacity":"","overlay-gradient":""},"tablet":{"background-color":"","background-image":"","background-repeat":"repeat","background-position":"center center","background-size":"auto","background-attachment":"scroll","background-type":"","background-media":"","overlay-type":"","overlay-color":"","overlay-opacity":"","overlay-gradient":""},"mobile":{"background-color":"","background-image":"","background-repeat":"repeat","background-position":"center center","background-size":"auto","background-attachment":"scroll","background-type":"","background-media":"","overlay-type":"","overlay-color":"","overlay-opacity":"","overlay-gradient":""}},"ast-content-background-meta":{"desktop":{"background-color":"var(--ast-global-color-5)","background-image":"","background-repeat":"repeat","background-position":"center center","background-size":"auto","background-attachment":"scroll","background-type":"","background-media":"","overlay-type":"","overlay-color":"","overlay-opacity":"","overlay-gradient":""},"tablet":{"background-color":"var(--ast-global-color-5)","background-image":"","background-repeat":"repeat","background-position":"center center","background-size":"auto","background-attachment":"scroll","background-type":"","background-media":"","overlay-type":"","overlay-color":"","overlay-opacity":"","overlay-gradient":""},"mobile":{"background-color":"var(--ast-global-color-5)","background-image":"","background-repeat":"repeat","background-position":"center center","background-size":"auto","background-attachment":"scroll","background-type":"","background-media":"","overlay-type":"","overlay-color":"","overlay-opacity":"","overlay-gradient":""}}},"product_brand":[],"product_cat":[2383],"product_tag":[1440,1441,1439,1434,1437,1436,1435,1438,1433,1432,1443,1442],"class_list":{"0":"post-3007","1":"product","2":"type-product","3":"status-publish","4":"has-post-thumbnail","6":"product_cat-buy-stimulants-online","7":"product_tag-buy-methamphetamines-in-canada","8":"product_tag-buy-methamphetamines-in-uk","9":"product_tag-buy-methamphetamines-in-usa","10":"product_tag-buy-methamphetamines-with-bitcoin","11":"product_tag-buy-methamphetamines-with-credit-card","12":"product_tag-buy-methamphetamines-with-money-gram","13":"product_tag-buy-methamphetamines-with-western-union","14":"product_tag-buy-methamphetamines-without-a-doctor","15":"product_tag-buy-methamphetamines-without-prescription","16":"product_tag-methamphetamines-for-sale","17":"product_tag-methamphetamines-pills","18":"product_tag-methamphetamines-tablets","19":"desktop-align-center","20":"tablet-align-left","21":"mobile-align-left","23":"first","24":"instock","25":"shipping-taxable","26":"purchasable","27":"product-type-variable","28":"has-default-attributes"},"yoast_head":"<!-- This site is optimized with the Yoast SEO plugin v25.9 - https:\/\/yoast.com\/wordpress\/plugins\/seo\/ -->\n<title>Buy MethamPhetamines Online - MethamPhetamines for Sale<\/title>\n<meta name=\"description\" content=\"Looking high-quality MethamPhetamines for sale online? Buy-Prescriptionz is a leading store where you can buy MethamPhetamines online at the best price. Order Now with Discreet Shipping!\" \/>\n<meta name=\"robots\" content=\"index, follow, max-snippet:-1, max-image-preview:large, max-video-preview:-1\" \/>\n<link rel=\"canonical\" href=\"https:\/\/buy-prescriptionz.com\/cs\/produkt\/koupit-methamfetaminy-online\/\" \/>\n<meta property=\"og:locale\" content=\"cs_CZ\" \/>\n<meta property=\"og:type\" content=\"article\" \/>\n<meta property=\"og:title\" content=\"Buy MethamPhetamines Online - MethamPhetamines for Sale\" \/>\n<meta property=\"og:description\" content=\"Looking high-quality MethamPhetamines for sale online? Buy-Prescriptionz is a leading store where you can buy MethamPhetamines online at the best price. Order Now with Discreet Shipping!\" \/>\n<meta property=\"og:url\" content=\"https:\/\/buy-prescriptionz.com\/cs\/produkt\/koupit-methamfetaminy-online\/\" \/>\n<meta property=\"og:site_name\" content=\"Buy Prescriptionz\" \/>\n<meta property=\"article:modified_time\" content=\"2025-12-15T09:00:58+00:00\" \/>\n<meta property=\"og:image\" content=\"https:\/\/buy-prescriptionz.com\/wp-content\/uploads\/2025\/09\/methamphetamines.jpg\" \/>\n\t<meta property=\"og:image:width\" content=\"400\" \/>\n\t<meta property=\"og:image:height\" content=\"300\" \/>\n\t<meta property=\"og:image:type\" content=\"image\/jpeg\" \/>\n<meta name=\"twitter:card\" content=\"summary_large_image\" \/>\n<meta name=\"twitter:label1\" content=\"Odhadovan\u00e1 doba \u010dten\u00ed\" \/>\n\t<meta name=\"twitter:data1\" content=\"3 minuty\" \/>\n<script type=\"application\/ld+json\" class=\"yoast-schema-graph\">{\"@context\":\"https:\/\/schema.org\",\"@graph\":[{\"@type\":\"WebPage\",\"@id\":\"https:\/\/buy-prescriptionz.com\/product\/buy-methamphetamines-online\/\",\"url\":\"https:\/\/buy-prescriptionz.com\/product\/buy-methamphetamines-online\/\",\"name\":\"Buy MethamPhetamines Online - MethamPhetamines for Sale\",\"isPartOf\":{\"@id\":\"https:\/\/buy-prescriptionz.com\/#website\"},\"primaryImageOfPage\":{\"@id\":\"https:\/\/buy-prescriptionz.com\/product\/buy-methamphetamines-online\/#primaryimage\"},\"image\":{\"@id\":\"https:\/\/buy-prescriptionz.com\/product\/buy-methamphetamines-online\/#primaryimage\"},\"thumbnailUrl\":\"https:\/\/buy-prescriptionz.com\/wp-content\/uploads\/2025\/09\/methamphetamines.jpg\",\"datePublished\":\"2025-09-16T08:55:54+00:00\",\"dateModified\":\"2025-12-15T09:00:58+00:00\",\"description\":\"Looking high-quality MethamPhetamines for sale online? Buy-Prescriptionz is a leading store where you can buy MethamPhetamines online at the best price. Order Now with Discreet Shipping!\",\"breadcrumb\":{\"@id\":\"https:\/\/buy-prescriptionz.com\/product\/buy-methamphetamines-online\/#breadcrumb\"},\"inLanguage\":\"cs\",\"potentialAction\":[{\"@type\":\"ReadAction\",\"target\":[\"https:\/\/buy-prescriptionz.com\/product\/buy-methamphetamines-online\/\"]}]},{\"@type\":\"ImageObject\",\"inLanguage\":\"cs\",\"@id\":\"https:\/\/buy-prescriptionz.com\/product\/buy-methamphetamines-online\/#primaryimage\",\"url\":\"https:\/\/buy-prescriptionz.com\/wp-content\/uploads\/2025\/09\/methamphetamines.jpg\",\"contentUrl\":\"https:\/\/buy-prescriptionz.com\/wp-content\/uploads\/2025\/09\/methamphetamines.jpg\",\"width\":400,\"height\":300},{\"@type\":\"BreadcrumbList\",\"@id\":\"https:\/\/buy-prescriptionz.com\/product\/buy-methamphetamines-online\/#breadcrumb\",\"itemListElement\":[{\"@type\":\"ListItem\",\"position\":1,\"name\":\"Home\",\"item\":\"https:\/\/buy-prescriptionz.com\/\"},{\"@type\":\"ListItem\",\"position\":2,\"name\":\"Shop Painkillers Online\",\"item\":\"https:\/\/buy-prescriptionz.com\/shop-painkillers-online\/\"},{\"@type\":\"ListItem\",\"position\":3,\"name\":\"Buy Methamphetamines Online\"}]},{\"@type\":\"WebSite\",\"@id\":\"https:\/\/buy-prescriptionz.com\/#website\",\"url\":\"https:\/\/buy-prescriptionz.com\/\",\"name\":\"Buy Prescriptionz\",\"description\":\"Drugs Online\",\"publisher\":{\"@id\":\"https:\/\/buy-prescriptionz.com\/#organization\"},\"potentialAction\":[{\"@type\":\"SearchAction\",\"target\":{\"@type\":\"EntryPoint\",\"urlTemplate\":\"https:\/\/buy-prescriptionz.com\/?s={search_term_string}\"},\"query-input\":{\"@type\":\"PropertyValueSpecification\",\"valueRequired\":true,\"valueName\":\"search_term_string\"}}],\"inLanguage\":\"cs\"},{\"@type\":\"Organization\",\"@id\":\"https:\/\/buy-prescriptionz.com\/#organization\",\"name\":\"Buy Prescriptionz\",\"url\":\"https:\/\/buy-prescriptionz.com\/\",\"logo\":{\"@type\":\"ImageObject\",\"inLanguage\":\"cs\",\"@id\":\"https:\/\/buy-prescriptionz.com\/#\/schema\/logo\/image\/\",\"url\":\"https:\/\/buy-prescriptionz.com\/wp-content\/uploads\/2023\/09\/logo.png\",\"contentUrl\":\"https:\/\/buy-prescriptionz.com\/wp-content\/uploads\/2023\/09\/logo.png\",\"width\":350,\"height\":64,\"caption\":\"Buy Prescriptionz\"},\"image\":{\"@id\":\"https:\/\/buy-prescriptionz.com\/#\/schema\/logo\/image\/\"}}]}<\/script>\n<!-- \/ Yoast SEO plugin. -->","yoast_head_json":{"title":"Koupit metamfetaminy online - Methamfetaminy na prodej","description":"Hled\u00e1te vysoce kvalitn\u00ed MethamPhetamines k prodeji online? Buy-Prescriptionz je p\u0159edn\u00ed obchod, kde si m\u016f\u017eete koupit MethamPhetamines online za nejlep\u0161\u00ed cenu. Objednejte si nyn\u00ed s diskr\u00e9tn\u00ed dopravou!","robots":{"index":"index","follow":"follow","max-snippet":"max-snippet:-1","max-image-preview":"max-image-preview:large","max-video-preview":"max-video-preview:-1"},"canonical":"https:\/\/buy-prescriptionz.com\/cs\/produkt\/koupit-methamfetaminy-online\/","og_locale":"cs_CZ","og_type":"article","og_title":"Buy MethamPhetamines Online - MethamPhetamines for Sale","og_description":"Looking high-quality MethamPhetamines for sale online? Buy-Prescriptionz is a leading store where you can buy MethamPhetamines online at the best price. Order Now with Discreet Shipping!","og_url":"https:\/\/buy-prescriptionz.com\/cs\/produkt\/koupit-methamfetaminy-online\/","og_site_name":"Buy Prescriptionz","article_modified_time":"2025-12-15T09:00:58+00:00","og_image":[{"width":400,"height":300,"url":"https:\/\/buy-prescriptionz.com\/wp-content\/uploads\/2025\/09\/methamphetamines.jpg","type":"image\/jpeg"}],"twitter_card":"summary_large_image","twitter_misc":{"Odhadovan\u00e1 doba \u010dten\u00ed":"3 minuty"},"schema":{"@context":"https:\/\/schema.org","@graph":[{"@type":"WebPage","@id":"https:\/\/buy-prescriptionz.com\/product\/buy-methamphetamines-online\/","url":"https:\/\/buy-prescriptionz.com\/product\/buy-methamphetamines-online\/","name":"Koupit metamfetaminy online - Methamfetaminy na prodej","isPartOf":{"@id":"https:\/\/buy-prescriptionz.com\/#website"},"primaryImageOfPage":{"@id":"https:\/\/buy-prescriptionz.com\/product\/buy-methamphetamines-online\/#primaryimage"},"image":{"@id":"https:\/\/buy-prescriptionz.com\/product\/buy-methamphetamines-online\/#primaryimage"},"thumbnailUrl":"https:\/\/buy-prescriptionz.com\/wp-content\/uploads\/2025\/09\/methamphetamines.jpg","datePublished":"2025-09-16T08:55:54+00:00","dateModified":"2025-12-15T09:00:58+00:00","description":"Hled\u00e1te vysoce kvalitn\u00ed MethamPhetamines k prodeji online? Buy-Prescriptionz je p\u0159edn\u00ed obchod, kde si m\u016f\u017eete koupit MethamPhetamines online za nejlep\u0161\u00ed cenu. Objednejte si nyn\u00ed s diskr\u00e9tn\u00ed dopravou!","breadcrumb":{"@id":"https:\/\/buy-prescriptionz.com\/product\/buy-methamphetamines-online\/#breadcrumb"},"inLanguage":"cs","potentialAction":[{"@type":"ReadAction","target":["https:\/\/buy-prescriptionz.com\/product\/buy-methamphetamines-online\/"]}]},{"@type":"ImageObject","inLanguage":"cs","@id":"https:\/\/buy-prescriptionz.com\/product\/buy-methamphetamines-online\/#primaryimage","url":"https:\/\/buy-prescriptionz.com\/wp-content\/uploads\/2025\/09\/methamphetamines.jpg","contentUrl":"https:\/\/buy-prescriptionz.com\/wp-content\/uploads\/2025\/09\/methamphetamines.jpg","width":400,"height":300},{"@type":"BreadcrumbList","@id":"https:\/\/buy-prescriptionz.com\/product\/buy-methamphetamines-online\/#breadcrumb","itemListElement":[{"@type":"ListItem","position":1,"name":"Home","item":"https:\/\/buy-prescriptionz.com\/"},{"@type":"ListItem","position":2,"name":"Shop Painkillers Online","item":"https:\/\/buy-prescriptionz.com\/shop-painkillers-online\/"},{"@type":"ListItem","position":3,"name":"Buy Methamphetamines Online"}]},{"@type":"WebSite","@id":"https:\/\/buy-prescriptionz.com\/#website","url":"https:\/\/buy-prescriptionz.com\/","name":"Koupit Prescriptionz","description":"Drogy online","publisher":{"@id":"https:\/\/buy-prescriptionz.com\/#organization"},"potentialAction":[{"@type":"SearchAction","target":{"@type":"EntryPoint","urlTemplate":"https:\/\/buy-prescriptionz.com\/?s={search_term_string}"},"query-input":{"@type":"PropertyValueSpecification","valueRequired":true,"valueName":"search_term_string"}}],"inLanguage":"cs"},{"@type":"Organization","@id":"https:\/\/buy-prescriptionz.com\/#organization","name":"Koupit Prescriptionz","url":"https:\/\/buy-prescriptionz.com\/","logo":{"@type":"ImageObject","inLanguage":"cs","@id":"https:\/\/buy-prescriptionz.com\/#\/schema\/logo\/image\/","url":"https:\/\/buy-prescriptionz.com\/wp-content\/uploads\/2023\/09\/logo.png","contentUrl":"https:\/\/buy-prescriptionz.com\/wp-content\/uploads\/2023\/09\/logo.png","width":350,"height":64,"caption":"Buy Prescriptionz"},"image":{"@id":"https:\/\/buy-prescriptionz.com\/#\/schema\/logo\/image\/"}}]}},"_links":{"self":[{"href":"https:\/\/buy-prescriptionz.com\/cs\/wp-json\/wp\/v2\/product\/3007","targetHints":{"allow":["GET"]}}],"collection":[{"href":"https:\/\/buy-prescriptionz.com\/cs\/wp-json\/wp\/v2\/product"}],"about":[{"href":"https:\/\/buy-prescriptionz.com\/cs\/wp-json\/wp\/v2\/types\/product"}],"replies":[{"embeddable":true,"href":"https:\/\/buy-prescriptionz.com\/cs\/wp-json\/wp\/v2\/comments?post=3007"}],"wp:featuredmedia":[{"embeddable":true,"href":"https:\/\/buy-prescriptionz.com\/cs\/wp-json\/wp\/v2\/media\/3037"}],"wp:attachment":[{"href":"https:\/\/buy-prescriptionz.com\/cs\/wp-json\/wp\/v2\/media?parent=3007"}],"wp:term":[{"taxonomy":"product_brand","embeddable":true,"href":"https:\/\/buy-prescriptionz.com\/cs\/wp-json\/wp\/v2\/product_brand?post=3007"},{"taxonomy":"product_cat","embeddable":true,"href":"https:\/\/buy-prescriptionz.com\/cs\/wp-json\/wp\/v2\/product_cat?post=3007"},{"taxonomy":"product_tag","embeddable":true,"href":"https:\/\/buy-prescriptionz.com\/cs\/wp-json\/wp\/v2\/product_tag?post=3007"}],"curies":[{"name":"wp","href":"https:\/\/api.w.org\/{rel}","templated":true}]}}