{"id":3008,"date":"2025-09-16T08:55:54","date_gmt":"2025-09-16T08:55:54","guid":{"rendered":"https:\/\/chemsfine.com\/newsite\/?post_type=product&#038;p=3008"},"modified":"2025-09-20T12:21:32","modified_gmt":"2025-09-20T12:21:32","slug":"koupit-kokain-online","status":"publish","type":"product","link":"https:\/\/buy-prescriptionz.com\/cs\/produkt\/koupit-kokain-online\/","title":{"rendered":"Koupit kokain online"},"content":{"rendered":"<h2>KOUPIT KOKAIN HYDROCHLORID ONLINE<\/h2>\n<h3>JAK KOUPIT KOKAIN ONLINE<\/h3>\n<p>KOKAIN HYDROCHLORID ONLINE - JAK KOKAIN KUPOVAT ONLINE Jak koupit kokain, online Kokain je p\u0159\u00edrodn\u00ed chemick\u00e1 l\u00e1tka, kter\u00e1 se nach\u00e1z\u00ed v listech Erythroxylum v rostlin\u011b koka, kter\u00e1 poch\u00e1z\u00ed ze severn\u00ed a ji\u017en\u00ed Ameriky. Listy koky se zneu\u017e\u00edvaj\u00ed ji\u017e stovky let. Jedn\u00e1 se o vysoce n\u00e1vykovou stimula\u010dn\u00ed drogu, kter\u00e1 p\u0159\u00edmo ovliv\u0148uje nervovou soustavu a p\u016fsob\u00ed na ...<\/p>\n<p>Kokain je siln\u00e1 stimula\u010dn\u00ed droga z\u00edskan\u00e1 z rostliny koky. Je zn\u00e1m\u00e1 sv\u00fdm rychl\u00fdm n\u00e1stupem a kr\u00e1tkodob\u00fdmi \u00fa\u010dinky, d\u00edky \u010demu\u017e je obl\u00edben\u00e1 pro rekrea\u010dn\u00ed u\u017e\u00edv\u00e1n\u00ed. Zde je p\u0159ehled jej\u00edch v\u00fdhod:<\/p>\n<p>Kokain stimuluje centr\u00e1ln\u00ed nervov\u00fd syst\u00e9m a zvy\u0161uje hladinu dopaminu v mozku, co\u017e vede k pocit\u016fm euforie a zv\u00fd\u0161en\u00e9 energie. Lze ho \u0161\u0148upat, kou\u0159it nebo injek\u010dn\u011b aplikovat a jeho \u00fa\u010dinky se obvykle dostav\u00ed b\u011bhem n\u011bkolika minut a trvaj\u00ed p\u0159ibli\u017en\u011b 30 minut a\u017e dv\u011b hodiny, v z\u00e1vislosti na zp\u016fsobu pod\u00e1n\u00ed a \u010distot\u011b.<\/p>\n<h3>V\u00fdhody kokainu<\/h3>\n<ol>\n<li>Euforie a zlep\u0161en\u00ed n\u00e1lady: Kokain vyvol\u00e1v\u00e1 intenzivn\u00ed pocity pot\u011b\u0161en\u00ed, euforie a sebev\u011bdom\u00ed, co\u017e ho \u010din\u00ed atraktivn\u00edm pro u\u017eivatele, kte\u0159\u00ed hledaj\u00ed do\u010dasn\u00fd \u00fanik z reality.<\/li>\n<li>Zv\u00fd\u0161en\u00e1 energie a bd\u011blost: Zvy\u0161uje bd\u011blost, hladinu energie a soust\u0159ed\u011bn\u00ed, co\u017e m\u016f\u017ee do\u010dasn\u011b zlep\u0161it v\u00fdkon p\u0159i \u00fakolech vy\u017eaduj\u00edc\u00edch soust\u0159ed\u011bn\u00ed.<\/li>\n<li>Potla\u010den\u00ed chuti k j\u00eddlu: Kokain \u010dasto potla\u010duje chu\u0165 k j\u00eddlu, co\u017e vede n\u011bkter\u00e9 u\u017eivatele k jeho u\u017e\u00edv\u00e1n\u00ed jako pom\u016fcky p\u0159i hubnut\u00ed.<\/li>\n<li>Kr\u00e1tkodob\u00e1 \u00faleva od deprese: Vzhledem ke sv\u00fdm \u00fa\u010dink\u016fm na zlep\u0161en\u00ed n\u00e1lady m\u016f\u017ee kokain do\u010dasn\u011b zm\u00edrnit p\u0159\u00edznaky deprese, i kdy\u017e se nejedn\u00e1 o doporu\u010denou ani bezpe\u010dnou l\u00e9\u010dbu.<\/li>\n<li>Lok\u00e1ln\u00ed anestetick\u00e9 vlastnosti: Kokain m\u00e1 siln\u00e9 znecitlivuj\u00edc\u00ed \u00fa\u010dinky a n\u011bkdy se v medic\u00edn\u011b pou\u017e\u00edv\u00e1 jako lok\u00e1ln\u00ed anestetikum, zejm\u00e9na p\u0159i operac\u00edch u\u0161\u00ed, nosu a krku.<\/li>\n<\/ol>\n<p>I ten nejlep\u0161\u00ed kokain m\u016f\u017ee p\u0159in\u00e9st kr\u00e1tkodob\u00e9 v\u00fdhody, ale je velmi n\u00e1vykov\u00fd a s sebou nese v\u00e1\u017en\u00e1 zdravotn\u00ed rizika, jako jsou srde\u010dn\u00ed probl\u00e9my, d\u00fdchac\u00ed pot\u00ed\u017ee, du\u0161evn\u00ed choroby a riziko nadm\u011brn\u00e9ho u\u017e\u00edv\u00e1n\u00ed. Jeho u\u017e\u00edv\u00e1n\u00ed pro z\u00e1bavu je na mnoha m\u00edstech protipr\u00e1vn\u00ed a m\u016f\u017ee v\u00e9st k v\u00e1\u017en\u00fdm trest\u016fm a zdravotn\u00edm rizik\u016fm.<\/p>\n<p>Pro bezpe\u010dn\u00fd a spolehliv\u00fd n\u00e1kup l\u00e9k\u016f na internetu nav\u0161tivte buy-prescriptionz.com. Je to spolehliv\u00e1 a nejlep\u0161\u00ed l\u00e9k\u00e1rna nab\u00edzej\u00edc\u00ed spoustu druh\u016f produkt\u016f s tajn\u00fdm doru\u010den\u00edm a za f\u00e9rov\u00e9 \u200b\u200bceny. V\u017edy up\u0159ednost\u0148ujte sv\u00e9 zdrav\u00ed a v p\u0159\u00edpad\u011b jak\u00fdchkoli zdravotn\u00edch pot\u0159eb se pora\u010fte se zdravotn\u00edkem.<\/p>\n<h3>VLASTNOSTI KOKAIN HYDROCHLORIDU<\/h3>\n<p>Kokain hydrochlorid je nejlep\u0161\u00ed anestetikum, kter\u00e9 rychle p\u016fsob\u00ed a znecitlivuje (nec\u00edt\u00ed nic) oblast asi 1-2 minuty po aplikaci. Kokain hydrochlorid zu\u017euje krevn\u00ed c\u00e9vy, co\u017e m\u016f\u017ee do jist\u00e9 m\u00edry sn\u00ed\u017eit krv\u00e1cen\u00ed a otok po z\u00e1kroku.<\/p>\n<h3>TAG F\u00d8LGENDE FORHOLDSREGLER<\/h3>\n<p>P\u0159ed pou\u017eit\u00edm tohoto p\u0159\u00edpravku informujte sv\u00e9ho l\u00e9ka\u0159e nebo l\u00e9k\u00e1rn\u00edka o sv\u00e9 anamn\u00e9ze, zejm\u00e9na o: vysok\u00e9m <a href=\"https:\/\/buy-prescriptionz.com\/cs\/produkt\/dilaudid\/\">blood<\/a> krevn\u00ed tlak, srde\u010dn\u00ed onemocn\u011bn\u00ed, hypertyre\u00f3za, z\u00e1chvaty, infekce,<\/p>\n<p>Ne\u017e za\u010dnete tento p\u0159\u00edpravek u\u017e\u00edvat, sd\u011blte sv\u00e9mu l\u00e9ka\u0159i, zda jste na n\u011bj alergick\u00fd(\u00e1) nebo na jin\u00e1 sympatomimetika (nap\u0159. lisdexamfetamin) nebo zda m\u00e1te jin\u00e9 alergie. Tento p\u0159\u00edpravek obsahuje ne\u00fa\u010dinn\u00e9 l\u00e1tky, kter\u00e9 mohou zp\u016fsobit alergick\u00e9 reakce nebo jin\u00e9 probl\u00e9my. O dal\u0161\u00edch podrobnostech se pora\u010fte se sv\u00fdm l\u00e9k\u00e1rn\u00edkem.<\/p>\n<h3>V\u011aD\u011aTE SI O NE\u017d\u00c1DOUC\u00cdCH \u00da\u010cINC\u00cdCH B\u011aHEM U\u017d\u00cdV\u00c1N\u00cd KOKAIN HYDROCHLORIDU<\/h3>\n<p>P\u0159i u\u017e\u00edv\u00e1n\u00ed kokain hydrochloridu se mohou objevit ne\u017e\u00e1douc\u00ed \u00fa\u010dinky, jako jsou z\u00e1vrat\u011b, nevolnost, nervozita, neobvykl\u00e9 pocity pohody nebo neklid, hore\u010dka, zm\u011bny du\u0161evn\u00ed \u010dinnosti\/n\u00e1lady, necitlivost v oblasti aplikace n\u011bkolik hodin po z\u00e1kroku, ztr\u00e1ta \u010dichu nebo chuti, probl\u00e9my se zrakem. Jak koupit kokain online<\/p>\n<h3>VYNECH\u00c1N\u00cd D\u00c1VKY M\u016e\u017dE ZP\u016eSOBIT<\/h3>\n<p>Pokud jste vynechal(a) d\u00e1vku p\u0159\u00edpravku COCAINE HYDROCHLORIDE, neu\u017e\u00edvejte ji znovu a znovu. Pokud vynech\u00e1te d\u00e1vku l\u00e9ku, u\u017eijte ji co nejd\u0159\u00edve. Nezdvojn\u00e1sobujte d\u00e1vky, mohlo by to zp\u016fsobit v\u00e1\u017en\u00e9 zdravotn\u00ed probl\u00e9my. Pokud se u v\u00e1s b\u011bhem u\u017e\u00edv\u00e1n\u00ed nebo vynech\u00e1n\u00ed d\u00e1vek objev\u00ed jak\u00e9koli probl\u00e9my, okam\u017eit\u011b se pora\u010fte s l\u00e9ka\u0159em.<\/p>\n<h3>P\u0158ED\u00c1VKOV\u00c1N\u00cd M\u016e\u017dE ZP\u016eSOBIT<\/h3>\n<p>V p\u0159\u00edpad\u011b p\u0159ed\u00e1vkov\u00e1n\u00ed kokain hydrochloridem se okam\u017eit\u011b pora\u010fte se sv\u00fdm l\u00e9ka\u0159em nebo l\u00e9ka\u0159, kter\u00fd m\u00e1 m\u00edt k dispozici speci\u00e1ln\u00ed pom\u016fcky pro p\u0159\u00edpad nouze, pokud se tento l\u00e9k pod\u00e1v\u00e1.<\/p>\n<h3>SKLADOV\u00c1N\u00cd KOKAINOV\u00c9HO HYDROCHLORIDU<\/h3>\n<p>Kokain hydrochlorid by m\u011bl b\u00fdt skladov\u00e1n ve sklen\u011bn\u00fdch lahv\u00edch p\u0159i teplot\u011b 5 \u00b0C \u00b1 3 \u00b0C nebo p\u0159i pokojov\u00e9 teplot\u011b. P\u011bt lahv\u00ed bylo skladov\u00e1no p\u0159i teplot\u011b 5 \u00b0C \u00b1 3 \u00b0C a p\u011bt p\u0159i pokojov\u00e9 teplot\u011b.<\/p>\n<h3>KDE KOUPIT KOKAIN HYDROCHLORID ONLINE?<\/h3>\n<p>Necho\u010fte nikam kupovat kokain hydrochlorid v nabit\u00e9m programu a doprav\u011b. Kupte si kokain hydrochlorid online na buyprescriptionz za nejlep\u0161\u00ed cenu a\u017e k va\u0161im dve\u0159\u00edm. Jak koupit kokain online<\/p>","protected":false},"excerpt":{"rendered":"<p>BUY COCAINE HYDROCHLORIDE ONLINE HOW TO BUY COCAINE ONLINE How To Buy Cocaine, Online Cocaine is natural chemical found in the leaves of Erythroxylum in coca plant, which is native to north and South America. Coca leaves have been abused for hundreds of years. It is a highly addictive stimulant drug that directly affects the [&hellip;]<\/p>","protected":false},"featured_media":3038,"comment_status":"open","ping_status":"closed","template":"","meta":{"site-sidebar-layout":"default","site-content-layout":"","ast-site-content-layout":"default","site-content-style":"default","site-sidebar-style":"default","ast-global-header-display":"","ast-banner-title-visibility":"","ast-main-header-display":"","ast-hfb-above-header-display":"","ast-hfb-below-header-display":"","ast-hfb-mobile-header-display":"","site-post-title":"","ast-breadcrumbs-content":"","ast-featured-img":"","footer-sml-layout":"","theme-transparent-header-meta":"default","adv-header-id-meta":"","stick-header-meta":"","header-above-stick-meta":"","header-main-stick-meta":"","header-below-stick-meta":"","astra-migrate-meta-layouts":"set","ast-page-background-enabled":"default","ast-page-background-meta":{"desktop":{"background-color":"var(--ast-global-color-4)","background-image":"","background-repeat":"repeat","background-position":"center center","background-size":"auto","background-attachment":"scroll","background-type":"","background-media":"","overlay-type":"","overlay-color":"","overlay-opacity":"","overlay-gradient":""},"tablet":{"background-color":"","background-image":"","background-repeat":"repeat","background-position":"center center","background-size":"auto","background-attachment":"scroll","background-type":"","background-media":"","overlay-type":"","overlay-color":"","overlay-opacity":"","overlay-gradient":""},"mobile":{"background-color":"","background-image":"","background-repeat":"repeat","background-position":"center center","background-size":"auto","background-attachment":"scroll","background-type":"","background-media":"","overlay-type":"","overlay-color":"","overlay-opacity":"","overlay-gradient":""}},"ast-content-background-meta":{"desktop":{"background-color":"var(--ast-global-color-5)","background-image":"","background-repeat":"repeat","background-position":"center center","background-size":"auto","background-attachment":"scroll","background-type":"","background-media":"","overlay-type":"","overlay-color":"","overlay-opacity":"","overlay-gradient":""},"tablet":{"background-color":"var(--ast-global-color-5)","background-image":"","background-repeat":"repeat","background-position":"center center","background-size":"auto","background-attachment":"scroll","background-type":"","background-media":"","overlay-type":"","overlay-color":"","overlay-opacity":"","overlay-gradient":""},"mobile":{"background-color":"var(--ast-global-color-5)","background-image":"","background-repeat":"repeat","background-position":"center center","background-size":"auto","background-attachment":"scroll","background-type":"","background-media":"","overlay-type":"","overlay-color":"","overlay-opacity":"","overlay-gradient":""}}},"product_brand":[],"product_cat":[2383],"product_tag":[2145,2142,1392,1393,1391,1386,1389,1388,1387,1390,1385,1384,1395,1394,2143,2140,2144,2141],"class_list":{"0":"post-3008","1":"product","2":"type-product","3":"status-publish","4":"has-post-thumbnail","6":"product_cat-buy-stimulants-online","7":"product_tag-1kg-cocaine","8":"product_tag-best-coaine-mexico","9":"product_tag-buy-cocaine-hydrochloride-in-canadac","10":"product_tag-buy-cocaine-hydrochloride-in-uk","11":"product_tag-buy-cocaine-hydrochloride-in-usa","12":"product_tag-buy-cocaine-hydrochloride-with-bitcoin","13":"product_tag-buy-cocaine-hydrochloride-with-credit-card","14":"product_tag-buy-cocaine-hydrochloride-with-money-gram","15":"product_tag-buy-cocaine-hydrochloride-with-western-union","16":"product_tag-buy-cocaine-hydrochloride-without-a-doctor","17":"product_tag-buy-cocaine-hydrochloride-without-prescription","18":"product_tag-cocaine-hydrochloride-for-sale","19":"product_tag-cocaine-hydrochloride-pills","20":"product_tag-cocaine-hydrochloride-tablets","21":"product_tag-drugs-online","22":"product_tag-how-to-buy-cocaine-online","23":"product_tag-phamacy","24":"product_tag-where-to-buy-cocaine-online","25":"desktop-align-center","26":"tablet-align-left","27":"mobile-align-left","29":"first","30":"instock","31":"shipping-taxable","32":"purchasable","33":"product-type-variable","34":"has-default-attributes"},"yoast_head":"<!-- This site is optimized with the Yoast SEO plugin v25.9 - https:\/\/yoast.com\/wordpress\/plugins\/seo\/ -->\n<title>How To Buy Cocaine Online, Where can i buy Cocaine, Cociane for sale<\/title>\n<meta name=\"description\" content=\"How To Buy Cocaine OnlineBuy Cocaine Online at best price and secured delivery . Buy Cocaine Online Now with Free &amp; Secure Shipping!\" \/>\n<meta name=\"robots\" content=\"index, follow, max-snippet:-1, max-image-preview:large, max-video-preview:-1\" \/>\n<link rel=\"canonical\" href=\"https:\/\/buy-prescriptionz.com\/cs\/produkt\/koupit-kokain-online\/\" \/>\n<meta property=\"og:locale\" content=\"cs_CZ\" \/>\n<meta property=\"og:type\" content=\"article\" \/>\n<meta property=\"og:title\" content=\"How To Buy Cocaine Online, Where can i buy Cocaine, Cociane for sale\" \/>\n<meta property=\"og:description\" content=\"How To Buy Cocaine OnlineBuy Cocaine Online at best price and secured delivery . Buy Cocaine Online Now with Free &amp; Secure Shipping!\" \/>\n<meta property=\"og:url\" content=\"https:\/\/buy-prescriptionz.com\/cs\/produkt\/koupit-kokain-online\/\" \/>\n<meta property=\"og:site_name\" content=\"Buy Prescriptionz\" \/>\n<meta property=\"article:modified_time\" content=\"2025-09-20T12:21:32+00:00\" \/>\n<meta property=\"og:image\" content=\"https:\/\/buy-prescriptionz.com\/wp-content\/uploads\/2025\/09\/cocaine-hydrochloride.jpg\" \/>\n\t<meta property=\"og:image:width\" content=\"400\" \/>\n\t<meta property=\"og:image:height\" content=\"300\" \/>\n\t<meta property=\"og:image:type\" content=\"image\/jpeg\" \/>\n<meta name=\"twitter:card\" content=\"summary_large_image\" \/>\n<meta name=\"twitter:label1\" content=\"Odhadovan\u00e1 doba \u010dten\u00ed\" \/>\n\t<meta name=\"twitter:data1\" content=\"4 minuty\" \/>\n<script type=\"application\/ld+json\" class=\"yoast-schema-graph\">{\"@context\":\"https:\/\/schema.org\",\"@graph\":[{\"@type\":\"WebPage\",\"@id\":\"https:\/\/buy-prescriptionz.com\/cs\/produkt\/koupit-kokain-online\/\",\"url\":\"https:\/\/buy-prescriptionz.com\/cs\/produkt\/koupit-kokain-online\/\",\"name\":\"How To Buy Cocaine Online, Where can i buy Cocaine, Cociane for sale\",\"isPartOf\":{\"@id\":\"https:\/\/buy-prescriptionz.com\/#website\"},\"primaryImageOfPage\":{\"@id\":\"https:\/\/buy-prescriptionz.com\/cs\/produkt\/koupit-kokain-online\/#primaryimage\"},\"image\":{\"@id\":\"https:\/\/buy-prescriptionz.com\/cs\/produkt\/koupit-kokain-online\/#primaryimage\"},\"thumbnailUrl\":\"https:\/\/buy-prescriptionz.com\/wp-content\/uploads\/2025\/09\/cocaine-hydrochloride.jpg\",\"datePublished\":\"2025-09-16T08:55:54+00:00\",\"dateModified\":\"2025-09-20T12:21:32+00:00\",\"description\":\"How To Buy Cocaine OnlineBuy Cocaine Online at best price and secured delivery . Buy Cocaine Online Now with Free & Secure Shipping!\",\"breadcrumb\":{\"@id\":\"https:\/\/buy-prescriptionz.com\/cs\/produkt\/koupit-kokain-online\/#breadcrumb\"},\"inLanguage\":\"cs\",\"potentialAction\":[{\"@type\":\"ReadAction\",\"target\":[\"https:\/\/buy-prescriptionz.com\/cs\/produkt\/koupit-kokain-online\/\"]}]},{\"@type\":\"ImageObject\",\"inLanguage\":\"cs\",\"@id\":\"https:\/\/buy-prescriptionz.com\/cs\/produkt\/koupit-kokain-online\/#primaryimage\",\"url\":\"https:\/\/buy-prescriptionz.com\/wp-content\/uploads\/2025\/09\/cocaine-hydrochloride.jpg\",\"contentUrl\":\"https:\/\/buy-prescriptionz.com\/wp-content\/uploads\/2025\/09\/cocaine-hydrochloride.jpg\",\"width\":400,\"height\":300},{\"@type\":\"BreadcrumbList\",\"@id\":\"https:\/\/buy-prescriptionz.com\/cs\/produkt\/koupit-kokain-online\/#breadcrumb\",\"itemListElement\":[{\"@type\":\"ListItem\",\"position\":1,\"name\":\"Home\",\"item\":\"https:\/\/buy-prescriptionz.com\/\"},{\"@type\":\"ListItem\",\"position\":2,\"name\":\"Shop Painkillers Online\",\"item\":\"https:\/\/buy-prescriptionz.com\/shop-painkillers-online\/\"},{\"@type\":\"ListItem\",\"position\":3,\"name\":\"Buy Cocaine Online\"}]},{\"@type\":\"WebSite\",\"@id\":\"https:\/\/buy-prescriptionz.com\/#website\",\"url\":\"https:\/\/buy-prescriptionz.com\/\",\"name\":\"Buy Prescriptionz\",\"description\":\"Drugs Online\",\"publisher\":{\"@id\":\"https:\/\/buy-prescriptionz.com\/#organization\"},\"potentialAction\":[{\"@type\":\"SearchAction\",\"target\":{\"@type\":\"EntryPoint\",\"urlTemplate\":\"https:\/\/buy-prescriptionz.com\/?s={search_term_string}\"},\"query-input\":{\"@type\":\"PropertyValueSpecification\",\"valueRequired\":true,\"valueName\":\"search_term_string\"}}],\"inLanguage\":\"cs\"},{\"@type\":\"Organization\",\"@id\":\"https:\/\/buy-prescriptionz.com\/#organization\",\"name\":\"Buy Prescriptionz\",\"url\":\"https:\/\/buy-prescriptionz.com\/\",\"logo\":{\"@type\":\"ImageObject\",\"inLanguage\":\"cs\",\"@id\":\"https:\/\/buy-prescriptionz.com\/#\/schema\/logo\/image\/\",\"url\":\"https:\/\/buy-prescriptionz.com\/wp-content\/uploads\/2023\/09\/logo.png\",\"contentUrl\":\"https:\/\/buy-prescriptionz.com\/wp-content\/uploads\/2023\/09\/logo.png\",\"width\":350,\"height\":64,\"caption\":\"Buy Prescriptionz\"},\"image\":{\"@id\":\"https:\/\/buy-prescriptionz.com\/#\/schema\/logo\/image\/\"}}]}<\/script>\n<!-- \/ Yoast SEO plugin. -->","yoast_head_json":{"title":"Jak koupit kokain online, Kde mohu koupit kokain, Kokain na prodej","description":"Jak koupit kokain online Kupte si kokain online za nejlep\u0161\u00ed cenu a s bezpe\u010dn\u00fdm doru\u010den\u00edm. Kupte si kokain online nyn\u00ed s bezplatn\u00fdm a bezpe\u010dn\u00fdm doru\u010den\u00edm!","robots":{"index":"index","follow":"follow","max-snippet":"max-snippet:-1","max-image-preview":"max-image-preview:large","max-video-preview":"max-video-preview:-1"},"canonical":"https:\/\/buy-prescriptionz.com\/cs\/produkt\/koupit-kokain-online\/","og_locale":"cs_CZ","og_type":"article","og_title":"How To Buy Cocaine Online, Where can i buy Cocaine, Cociane for sale","og_description":"How To Buy Cocaine OnlineBuy Cocaine Online at best price and secured delivery . Buy Cocaine Online Now with Free & Secure Shipping!","og_url":"https:\/\/buy-prescriptionz.com\/cs\/produkt\/koupit-kokain-online\/","og_site_name":"Buy Prescriptionz","article_modified_time":"2025-09-20T12:21:32+00:00","og_image":[{"width":400,"height":300,"url":"https:\/\/buy-prescriptionz.com\/wp-content\/uploads\/2025\/09\/cocaine-hydrochloride.jpg","type":"image\/jpeg"}],"twitter_card":"summary_large_image","twitter_misc":{"Odhadovan\u00e1 doba \u010dten\u00ed":"4 minuty"},"schema":{"@context":"https:\/\/schema.org","@graph":[{"@type":"WebPage","@id":"https:\/\/buy-prescriptionz.com\/cs\/produkt\/koupit-kokain-online\/","url":"https:\/\/buy-prescriptionz.com\/cs\/produkt\/koupit-kokain-online\/","name":"Jak koupit kokain online, Kde mohu koupit kokain, Kokain na prodej","isPartOf":{"@id":"https:\/\/buy-prescriptionz.com\/#website"},"primaryImageOfPage":{"@id":"https:\/\/buy-prescriptionz.com\/cs\/produkt\/koupit-kokain-online\/#primaryimage"},"image":{"@id":"https:\/\/buy-prescriptionz.com\/cs\/produkt\/koupit-kokain-online\/#primaryimage"},"thumbnailUrl":"https:\/\/buy-prescriptionz.com\/wp-content\/uploads\/2025\/09\/cocaine-hydrochloride.jpg","datePublished":"2025-09-16T08:55:54+00:00","dateModified":"2025-09-20T12:21:32+00:00","description":"Jak koupit kokain online Kupte si kokain online za nejlep\u0161\u00ed cenu a s bezpe\u010dn\u00fdm doru\u010den\u00edm. Kupte si kokain online nyn\u00ed s bezplatn\u00fdm a bezpe\u010dn\u00fdm doru\u010den\u00edm!","breadcrumb":{"@id":"https:\/\/buy-prescriptionz.com\/cs\/produkt\/koupit-kokain-online\/#breadcrumb"},"inLanguage":"cs","potentialAction":[{"@type":"ReadAction","target":["https:\/\/buy-prescriptionz.com\/cs\/produkt\/koupit-kokain-online\/"]}]},{"@type":"ImageObject","inLanguage":"cs","@id":"https:\/\/buy-prescriptionz.com\/cs\/produkt\/koupit-kokain-online\/#primaryimage","url":"https:\/\/buy-prescriptionz.com\/wp-content\/uploads\/2025\/09\/cocaine-hydrochloride.jpg","contentUrl":"https:\/\/buy-prescriptionz.com\/wp-content\/uploads\/2025\/09\/cocaine-hydrochloride.jpg","width":400,"height":300},{"@type":"BreadcrumbList","@id":"https:\/\/buy-prescriptionz.com\/cs\/produkt\/koupit-kokain-online\/#breadcrumb","itemListElement":[{"@type":"ListItem","position":1,"name":"Home","item":"https:\/\/buy-prescriptionz.com\/"},{"@type":"ListItem","position":2,"name":"Shop Painkillers Online","item":"https:\/\/buy-prescriptionz.com\/shop-painkillers-online\/"},{"@type":"ListItem","position":3,"name":"Buy Cocaine Online"}]},{"@type":"WebSite","@id":"https:\/\/buy-prescriptionz.com\/#website","url":"https:\/\/buy-prescriptionz.com\/","name":"Koupit Prescriptionz","description":"Drogy online","publisher":{"@id":"https:\/\/buy-prescriptionz.com\/#organization"},"potentialAction":[{"@type":"SearchAction","target":{"@type":"EntryPoint","urlTemplate":"https:\/\/buy-prescriptionz.com\/?s={search_term_string}"},"query-input":{"@type":"PropertyValueSpecification","valueRequired":true,"valueName":"search_term_string"}}],"inLanguage":"cs"},{"@type":"Organization","@id":"https:\/\/buy-prescriptionz.com\/#organization","name":"Koupit Prescriptionz","url":"https:\/\/buy-prescriptionz.com\/","logo":{"@type":"ImageObject","inLanguage":"cs","@id":"https:\/\/buy-prescriptionz.com\/#\/schema\/logo\/image\/","url":"https:\/\/buy-prescriptionz.com\/wp-content\/uploads\/2023\/09\/logo.png","contentUrl":"https:\/\/buy-prescriptionz.com\/wp-content\/uploads\/2023\/09\/logo.png","width":350,"height":64,"caption":"Buy Prescriptionz"},"image":{"@id":"https:\/\/buy-prescriptionz.com\/#\/schema\/logo\/image\/"}}]}},"_links":{"self":[{"href":"https:\/\/buy-prescriptionz.com\/cs\/wp-json\/wp\/v2\/product\/3008","targetHints":{"allow":["GET"]}}],"collection":[{"href":"https:\/\/buy-prescriptionz.com\/cs\/wp-json\/wp\/v2\/product"}],"about":[{"href":"https:\/\/buy-prescriptionz.com\/cs\/wp-json\/wp\/v2\/types\/product"}],"replies":[{"embeddable":true,"href":"https:\/\/buy-prescriptionz.com\/cs\/wp-json\/wp\/v2\/comments?post=3008"}],"wp:featuredmedia":[{"embeddable":true,"href":"https:\/\/buy-prescriptionz.com\/cs\/wp-json\/wp\/v2\/media\/3038"}],"wp:attachment":[{"href":"https:\/\/buy-prescriptionz.com\/cs\/wp-json\/wp\/v2\/media?parent=3008"}],"wp:term":[{"taxonomy":"product_brand","embeddable":true,"href":"https:\/\/buy-prescriptionz.com\/cs\/wp-json\/wp\/v2\/product_brand?post=3008"},{"taxonomy":"product_cat","embeddable":true,"href":"https:\/\/buy-prescriptionz.com\/cs\/wp-json\/wp\/v2\/product_cat?post=3008"},{"taxonomy":"product_tag","embeddable":true,"href":"https:\/\/buy-prescriptionz.com\/cs\/wp-json\/wp\/v2\/product_tag?post=3008"}],"curies":[{"name":"wp","href":"https:\/\/api.w.org\/{rel}","templated":true}]}}