{"id":3009,"date":"2025-09-16T08:55:54","date_gmt":"2025-09-16T08:55:54","guid":{"rendered":"https:\/\/chemsfine.com\/newsite\/?post_type=product&#038;p=3009"},"modified":"2025-09-29T08:42:16","modified_gmt":"2025-09-29T08:42:16","slug":"koupit-dexedrin-online","status":"publish","type":"product","link":"https:\/\/buy-prescriptionz.com\/cs\/produkt\/koupit-dexedrin-online\/","title":{"rendered":"Koupit Dexedrine online"},"content":{"rendered":"<h2>KOUPIT DEXEDRIN ONLINE<\/h2>\n<p>KOUPIT DEXEDRIRNE ONLINE Koupit Dexedrin online Dexedrin je tak\u00e9 zn\u00e1m\u00fd jako dextroamfetamin, je siln\u00fd stimulant centr\u00e1ln\u00ed nervov\u00e9 soustavy. Dextroamfetamin se prod\u00e1v\u00e1 tak\u00e9 pod n\u00e1zvem Dextrostat. Dexedrin je p\u0159edepisov\u00e1n k l\u00e9\u010db\u011b l\u00e9\u010dby poruchy hyperaktivity (ADHD) a narkolepsie. Dexedrin podporuje soust\u0159ed\u011bnost a klid u osob s ADHD a energii a bd\u011blost u osob s ADHD, u nich\u017e je ...<\/p>\n<h3>VLASTNOSTI DEXEDRINU<\/h3>\n<p>Dexedrin p\u016fsob\u00ed p\u0159i l\u00e9\u010db\u011b ADHD, zvy\u0161uje pozornost a sni\u017euje neklid u d\u011bt\u00ed. U dosp\u011bl\u00fdch, kte\u0159\u00ed jsou hyperaktivn\u00ed, se nedok\u00e1\u017eou dlouho soust\u0159edit, nebo jsou snadno rozpt\u00fdlen\u00ed a impulzivn\u00ed, co\u017e je nebezpe\u010dn\u00e9. Tento l\u00e9k se pou\u017e\u00edv\u00e1 jako sou\u010d\u00e1st celkov\u00e9 l\u00e9\u010dby, kter\u00e1 zahrnuje tak\u00e9:<\/p>\n<p>(i) Soci\u00e1ln\u00ed<br \/>\n(ii) Vzd\u011bl\u00e1vac\u00ed<br \/>\n(iii) a psychologick\u00e1 l\u00e9\u010dba.<\/p>\n<p>Tento l\u00e9k je dostupn\u00fd pouze na l\u00e9ka\u0159sk\u00fd p\u0159edpis, proto\u017ee bez n\u011bj jej nelze koupit. Recepty nelze znovu vyd\u00e1vat. Poka\u017ed\u00e9, kdy\u017e tento l\u00e9k pot\u0159ebujete, je nutn\u00e9 od l\u00e9ka\u0159e z\u00edskat nov\u00fd p\u0159edpis.<\/p>\n<p><strong>Pochopen\u00ed Dexedrinu: Pou\u017eit\u00ed a v\u00fdhody<\/strong><\/p>\n<p>Nejlep\u0161\u00ed amfetamin je stimulant centr\u00e1ln\u00edho nervov\u00e9ho syst\u00e9mu, kter\u00fd ovliv\u0148uje chemick\u00e9 l\u00e1tky v mozku a nervech, kter\u00e9 p\u0159isp\u00edvaj\u00ed k hyperaktivit\u011b a kontrole impulz\u016f. B\u011b\u017en\u011b se p\u0159edepisuje p\u0159i poru\u0161e pozornosti s hyperaktivitou (ADHD) a narkolepsii.<\/p>\n<h3>V\u00fdhody Dexedrinu<\/h3>\n<ol>\n<li>Zlep\u0161en\u00e9 soust\u0159ed\u011bn\u00ed a koncentrace: Nejlep\u0161\u00ed Dexedrin pom\u00e1h\u00e1 lidem s ADHD l\u00e9pe se soust\u0159edit, zlep\u0161it rozsah pozornosti a sn\u00ed\u017eit impulzivitu.<\/li>\n<li>Zv\u00fd\u0161en\u00e1 energie a bd\u011blost: Zvy\u0161uje hladinu energie a zvy\u0161uje bd\u011blost, co\u017e m\u016f\u017ee pomoci jednotlivc\u016fm z\u016fstat vzh\u016fru a ostra\u017eit\u00ed, zejm\u00e9na t\u011bm s narkolepsi\u00ed.<\/li>\n<li>Potla\u010den\u00ed chuti k j\u00eddlu: Dexedrin m\u016f\u017ee sni\u017eovat chu\u0165 k j\u00eddlu, co\u017e je prosp\u011b\u0161n\u00e9 pro osoby, kter\u00e9 se sna\u017e\u00ed zvl\u00e1dat t\u011blesnou hmotnost.<\/li>\n<li>\u0391\u03cd\u03be\u03b7\u03c3\u03b7 \u03c4\u03b7\u03c2 \u03b4\u03b9\u03ac\u03b8\u03b5\u03c3\u03b7\u03c2: \u039c\u03c0\u03bf\u03c1\u03b5\u03af \u03bd\u03b1 \u03b2\u03b5\u03bb\u03c4\u03b9\u03ce\u03c3\u03b5\u03b9 \u03c4\u03b7 \u03b4\u03b9\u03ac\u03b8\u03b5\u03c3\u03b7 \u03ba\u03b1\u03b9 \u03bd\u03b1 \u03bc\u03b5\u03b9\u03ce\u03c3\u03b5\u03b9 \u03c4\u03b1 \u03c3\u03c5\u03bd\u03b1\u03b9\u03c3\u03b8\u03ae\u03bc\u03b1\u03c4\u03b1 \u03b5\u03c5\u03b5\u03c1\u03b5\u03b8\u03b9\u03c3\u03c4\u03cc\u03c4\u03b7\u03c4\u03b1\u03c2 \u03ae \u03b1\u03bd\u03b7\u03c3\u03c5\u03c7\u03af\u03b1\u03c2 \u03c0\u03bf\u03c5 \u03c3\u03c7\u03b5\u03c4\u03af\u03b6\u03bf\u03bd\u03c4\u03b1\u03b9 \u03bc\u03b5 \u03c4\u03b7 \u0394\u0395\u03a0\u03a5.<\/li>\n<li>Zlep\u0161en\u00e9 kognitivn\u00ed funkce: N\u011bkte\u0159\u00ed u\u017eivatel\u00e9 hl\u00e1s\u00ed zlep\u0161en\u00e9 kognitivn\u00ed funkce, v\u010detn\u011b lep\u0161\u00edch schopnost\u00ed \u0159e\u0161it probl\u00e9my a zv\u00fd\u0161en\u00e9 produktivity.<\/li>\n<\/ol>\n<p>Aby byl zaji\u0161t\u011bn bezpe\u010dn\u00fd a snadn\u00fd n\u00e1kup Dexedrinu online, buy-prescriptionz.com je spolehliv\u00fd a nejlep\u0161\u00ed l\u00e9k\u00e1rna. Nab\u00edz\u00ed autentick\u00fd Dexedrin s diskr\u00e9tn\u00edm doru\u010den\u00edm a konkurenceschopn\u00fdmi cenami. Je d\u016fle\u017eit\u00e9 u\u017e\u00edvat Dexedrin pod l\u00e9ka\u0159sk\u00fdm dohledem, abyste maximalizovali jeho p\u0159\u00ednos a minimalizovali rizika. P\u0159ed n\u00e1kupem Dexedrinu je d\u016fle\u017eit\u00e9 poradit se s l\u00e9ka\u0159em, abyste zjistili, zda je pro v\u00e1s vhodn\u00fd.<\/p>\n<h3>TAG F\u00d8LGENDE FORHOLDSREGLER<\/h3>\n<p>Je velmi d\u016fle\u017eit\u00e9, aby v\u00e1\u0161 l\u00e9ka\u0159 pravideln\u011b kontroloval v\u00e1\u0161 stav nebo stav va\u0161eho d\u00edt\u011bte, aby se ujistil, \u017ee va\u0161e d\u00e1vka je spr\u00e1vn\u00e1 a \u017ee v\u00e1m stimulant pom\u00e1h\u00e1. V\u00e1\u0161 l\u00e9ka\u0159 by m\u011bl zkontrolovat va\u0161i krev, srdce a krevn\u00ed tlak, zda se nevyskytly jak\u00e9koli probl\u00e9my nebo ne\u017e\u00e1douc\u00ed \u00fa\u010dinky, kter\u00e9 by tento stimulant mohl zp\u016fsobit.<br \/>\nInformujte sv\u00e9ho l\u00e9ka\u0159e o v\u0161ech l\u00e9c\u00edch, kter\u00e9 byste vy nebo va\u0161e d\u00edt\u011b m\u011bli u\u017e\u00edvat nebo pl\u00e1nujete u\u017e\u00edvat, v\u010detn\u011b l\u00e9k\u016f na p\u0159edpis i voln\u011b prodejn\u00fdch l\u00e9k\u016f, dopl\u0148k\u016f stravy, bylinn\u00fdch p\u0159\u00edpravk\u016f nebo l\u00e9k\u016f na l\u00e9\u010dbu astmatu, nachlazen\u00ed, ka\u0161le, senn\u00e9 r\u00fdmy a probl\u00e9m\u016f s dutinami.<\/p>\n<h3>V\u011aD\u011aTE SI O NE\u017d\u00c1DOUC\u00cdCH \u00da\u010cINC\u00cdCH B\u011aHEM U\u017d\u00cdV\u00c1N\u00cd P\u0158\u00cdPRAVKU DEXEDRINE<\/h3>\n<p>B\u011bhem u\u017e\u00edv\u00e1n\u00ed tohoto stimulantu se mohou objevit p\u0159\u00edznaky jako nevolnost, \u017ealude\u010dn\u00ed nevolnost, k\u0159e\u010de, ztr\u00e1ta chuti k j\u00eddlu, pr\u016fjem, sucho v \u00fastech, siln\u00e1 bolest hlavy, nervozita, extr\u00e9mn\u00ed z\u00e1vrat\u011b, pot\u00ed\u017ee se sp\u00e1nkem, nadm\u011brn\u00e9 pocen\u00ed, \u00fabytek hmotnosti, podr\u00e1\u017ed\u011bnost a neklid. Pokud n\u011bkter\u00fd z uveden\u00fdch \u00fa\u010dink\u016f p\u0159etrv\u00e1v\u00e1 nebo se zhor\u0161uje, okam\u017eit\u011b a spr\u00e1vn\u011b informujte sv\u00e9ho l\u00e9ka\u0159e nebo l\u00e9k\u00e1rn\u00edka.<\/p>\n<h3>ZME\u0160KAN\u00c1 D\u00c1VKA<\/h3>\n<p>Pokud vynech\u00e1te d\u00e1vku tohoto stimulantu, u\u017eijte ji, jakmile si vzpomenete, brzy r\u00e1no. Pokud je pozd\u011b odpoledne nebo se bl\u00ed\u017e\u00ed \u010das dal\u0161\u00ed d\u00e1vky, vynechanou d\u00e1vku vynechejte a pokra\u010dujte v obvykl\u00e9m d\u00e1vkovac\u00edm sch\u00e9matu. Nezdvojn\u00e1sobujte d\u00e1vku, abyste ji dohnali, mohlo by to zp\u016fsobit v\u00e1\u017en\u00e9 probl\u00e9my.<\/p>\n<h3>P\u0158EKRO\u010cEN\u00cd D\u00c1VKY<\/h3>\n<p>P\u0159ed\u00e1vkov\u00e1n\u00ed dexedrinem m\u016f\u017ee v\u00e9st k psych\u00f3ze nebo z\u00e1va\u017en\u00fdm srde\u010dn\u00edm probl\u00e9m\u016fm. P\u0159ed\u00e1vkov\u00e1n\u00ed dexedrinem m\u00e1 r\u016fzn\u00e9 p\u0159\u00edznaky a symptomy, kter\u00e9 mohou zahrnovat:<\/p>\n<p>(i) Pot\u00ed\u017ee se soust\u0159ed\u011bn\u00edm nebo koncentrac\u00ed.<br \/>\n(ii) Halucinace.<br \/>\n(iii)Violent behavior.<br \/>\n(iv)Panic.<br \/>\n(v)Confusion.<br \/>\n(vi) Zvracen\u00ed.<br \/>\n(vii) K\u0159e\u010de v \u017ealudku.<br \/>\n(viii) Pr\u016fjem.<br \/>\n(ix) Zv\u00fd\u0161en\u00e1 teplota.<br \/>\n(x) Tachypnoe<br \/>\n(xi) Nepravideln\u00fd srde\u010dn\u00ed tep.<\/p>\n<h3>SKLADOV\u00c1N\u00cd DEXEDRINU<\/h3>\n<p>Opbevar Dexedrin ved stuetemperatur og v\u00e6k fra lys og fugt. M\u00e5 ikke opbevares p\u00e5 badev\u00e6relset. Hold al medicin v\u00e6k fra b\u00f8rn og k\u00e6ledyr.<\/p>\n<h3>KDE KOUPIT DEXEDRINE ONLINE?<\/h3>\n<p>Dexedrin je anestetikum (lok\u00e1ln\u00ed) pou\u017e\u00edvan\u00e9 zdravotnick\u00fdmi pracovn\u00edky p\u0159ed chirurgick\u00fdmi z\u00e1kroky v nosn\u00ed, hrtanov\u00e9 nebo \u00fastn\u00ed dutin\u011b. Dexedrin si m\u016f\u017eete koupit na na\u0161ich webov\u00fdch str\u00e1nk\u00e1ch buy-prescriptionz.com pomoc\u00ed jednoduch\u00fdch krok\u016f. Kupte si Dexedrin online.<\/p>","protected":false},"excerpt":{"rendered":"<p>BUY DEXEDRIRNE ONLINE Buy Dexedrine Online\u00a0 Dexedrine is also known as Dextroamphetamine, is a potent central nervous system stimulant. Dextroamphetamine is also sold under the name of Dextrostat. Dexedrine is prescribed for the treatment of curing hyperactivity disorder (ADHD) and narcolepsy. Dexedrine promotes focus and calmness in people with ADHD and energy and wakefulness in [&hellip;]<\/p>","protected":false},"featured_media":3039,"comment_status":"open","ping_status":"closed","template":"","meta":{"site-sidebar-layout":"default","site-content-layout":"","ast-site-content-layout":"default","site-content-style":"default","site-sidebar-style":"default","ast-global-header-display":"","ast-banner-title-visibility":"","ast-main-header-display":"","ast-hfb-above-header-display":"","ast-hfb-below-header-display":"","ast-hfb-mobile-header-display":"","site-post-title":"","ast-breadcrumbs-content":"","ast-featured-img":"","footer-sml-layout":"","theme-transparent-header-meta":"default","adv-header-id-meta":"","stick-header-meta":"","header-above-stick-meta":"","header-main-stick-meta":"","header-below-stick-meta":"","astra-migrate-meta-layouts":"set","ast-page-background-enabled":"default","ast-page-background-meta":{"desktop":{"background-color":"var(--ast-global-color-4)","background-image":"","background-repeat":"repeat","background-position":"center center","background-size":"auto","background-attachment":"scroll","background-type":"","background-media":"","overlay-type":"","overlay-color":"","overlay-opacity":"","overlay-gradient":""},"tablet":{"background-color":"","background-image":"","background-repeat":"repeat","background-position":"center center","background-size":"auto","background-attachment":"scroll","background-type":"","background-media":"","overlay-type":"","overlay-color":"","overlay-opacity":"","overlay-gradient":""},"mobile":{"background-color":"","background-image":"","background-repeat":"repeat","background-position":"center center","background-size":"auto","background-attachment":"scroll","background-type":"","background-media":"","overlay-type":"","overlay-color":"","overlay-opacity":"","overlay-gradient":""}},"ast-content-background-meta":{"desktop":{"background-color":"var(--ast-global-color-5)","background-image":"","background-repeat":"repeat","background-position":"center center","background-size":"auto","background-attachment":"scroll","background-type":"","background-media":"","overlay-type":"","overlay-color":"","overlay-opacity":"","overlay-gradient":""},"tablet":{"background-color":"var(--ast-global-color-5)","background-image":"","background-repeat":"repeat","background-position":"center center","background-size":"auto","background-attachment":"scroll","background-type":"","background-media":"","overlay-type":"","overlay-color":"","overlay-opacity":"","overlay-gradient":""},"mobile":{"background-color":"var(--ast-global-color-5)","background-image":"","background-repeat":"repeat","background-position":"center center","background-size":"auto","background-attachment":"scroll","background-type":"","background-media":"","overlay-type":"","overlay-color":"","overlay-opacity":"","overlay-gradient":""}}},"product_brand":[],"product_cat":[2383],"product_tag":[1474,1475,1473,1468,1471,1470,1469,1472,1467,1466,1477,1476],"class_list":{"0":"post-3009","1":"product","2":"type-product","3":"status-publish","4":"has-post-thumbnail","6":"product_cat-buy-stimulants-online","7":"product_tag-buy-dexedrine-in-canada","8":"product_tag-buy-dexedrine-in-uk","9":"product_tag-buy-dexedrine-in-usa","10":"product_tag-buy-dexedrine-with-bitcoin","11":"product_tag-buy-dexedrine-with-credit-card","12":"product_tag-buy-dexedrine-with-money-gram","13":"product_tag-buy-dexedrine-with-western-union","14":"product_tag-buy-dexedrine-without-a-doctor","15":"product_tag-buy-dexedrine-without-prescription","16":"product_tag-dexedrine-for-sale","17":"product_tag-dexedrine-pills","18":"product_tag-dexedrine-tablets","19":"desktop-align-center","20":"tablet-align-left","21":"mobile-align-left","23":"first","24":"instock","25":"shipping-taxable","26":"purchasable","27":"product-type-variable","28":"has-default-attributes"},"yoast_head":"<!-- This site is optimized with the Yoast SEO plugin v25.9 - https:\/\/yoast.com\/wordpress\/plugins\/seo\/ -->\n<title>Buy Dexedrine Online - Dexedrine for Sale<\/title>\n<meta name=\"description\" content=\"Our Buy-Prescriptionz online store has high-quality Dexedrine for sale. If you are willing to buy Dexedrine online, then let us know. We will complete your requirements soon!\" \/>\n<meta name=\"robots\" content=\"index, follow, max-snippet:-1, max-image-preview:large, max-video-preview:-1\" \/>\n<link rel=\"canonical\" href=\"https:\/\/buy-prescriptionz.com\/cs\/produkt\/koupit-dexedrin-online\/\" \/>\n<meta property=\"og:locale\" content=\"cs_CZ\" \/>\n<meta property=\"og:type\" content=\"article\" \/>\n<meta property=\"og:title\" content=\"Buy Dexedrine Online - Dexedrine for Sale\" \/>\n<meta property=\"og:description\" content=\"Our Buy-Prescriptionz online store has high-quality Dexedrine for sale. If you are willing to buy Dexedrine online, then let us know. We will complete your requirements soon!\" \/>\n<meta property=\"og:url\" content=\"https:\/\/buy-prescriptionz.com\/cs\/produkt\/koupit-dexedrin-online\/\" \/>\n<meta property=\"og:site_name\" content=\"Buy Prescriptionz\" \/>\n<meta property=\"article:modified_time\" content=\"2025-09-29T08:42:16+00:00\" \/>\n<meta property=\"og:image\" content=\"https:\/\/buy-prescriptionz.com\/wp-content\/uploads\/2025\/09\/dexedrine.jpg\" \/>\n\t<meta property=\"og:image:width\" content=\"400\" \/>\n\t<meta property=\"og:image:height\" content=\"300\" \/>\n\t<meta property=\"og:image:type\" content=\"image\/jpeg\" \/>\n<meta name=\"twitter:card\" content=\"summary_large_image\" \/>\n<meta name=\"twitter:label1\" content=\"Odhadovan\u00e1 doba \u010dten\u00ed\" \/>\n\t<meta name=\"twitter:data1\" content=\"4 minuty\" \/>\n<script type=\"application\/ld+json\" class=\"yoast-schema-graph\">{\"@context\":\"https:\/\/schema.org\",\"@graph\":[{\"@type\":\"WebPage\",\"@id\":\"https:\/\/buy-prescriptionz.com\/cs\/produkt\/koupit-dexedrin-online\/\",\"url\":\"https:\/\/buy-prescriptionz.com\/cs\/produkt\/koupit-dexedrin-online\/\",\"name\":\"Buy Dexedrine Online - Dexedrine for Sale\",\"isPartOf\":{\"@id\":\"https:\/\/buy-prescriptionz.com\/#website\"},\"primaryImageOfPage\":{\"@id\":\"https:\/\/buy-prescriptionz.com\/cs\/produkt\/koupit-dexedrin-online\/#primaryimage\"},\"image\":{\"@id\":\"https:\/\/buy-prescriptionz.com\/cs\/produkt\/koupit-dexedrin-online\/#primaryimage\"},\"thumbnailUrl\":\"https:\/\/buy-prescriptionz.com\/wp-content\/uploads\/2025\/09\/dexedrine.jpg\",\"datePublished\":\"2025-09-16T08:55:54+00:00\",\"dateModified\":\"2025-09-29T08:42:16+00:00\",\"description\":\"Our Buy-Prescriptionz online store has high-quality Dexedrine for sale. If you are willing to buy Dexedrine online, then let us know. We will complete your requirements soon!\",\"breadcrumb\":{\"@id\":\"https:\/\/buy-prescriptionz.com\/cs\/produkt\/koupit-dexedrin-online\/#breadcrumb\"},\"inLanguage\":\"cs\",\"potentialAction\":[{\"@type\":\"ReadAction\",\"target\":[\"https:\/\/buy-prescriptionz.com\/cs\/produkt\/koupit-dexedrin-online\/\"]}]},{\"@type\":\"ImageObject\",\"inLanguage\":\"cs\",\"@id\":\"https:\/\/buy-prescriptionz.com\/cs\/produkt\/koupit-dexedrin-online\/#primaryimage\",\"url\":\"https:\/\/buy-prescriptionz.com\/wp-content\/uploads\/2025\/09\/dexedrine.jpg\",\"contentUrl\":\"https:\/\/buy-prescriptionz.com\/wp-content\/uploads\/2025\/09\/dexedrine.jpg\",\"width\":400,\"height\":300},{\"@type\":\"BreadcrumbList\",\"@id\":\"https:\/\/buy-prescriptionz.com\/cs\/produkt\/koupit-dexedrin-online\/#breadcrumb\",\"itemListElement\":[{\"@type\":\"ListItem\",\"position\":1,\"name\":\"Home\",\"item\":\"https:\/\/buy-prescriptionz.com\/\"},{\"@type\":\"ListItem\",\"position\":2,\"name\":\"Shop Painkillers Online\",\"item\":\"https:\/\/buy-prescriptionz.com\/shop-painkillers-online\/\"},{\"@type\":\"ListItem\",\"position\":3,\"name\":\"Buy Dexedrine Online\"}]},{\"@type\":\"WebSite\",\"@id\":\"https:\/\/buy-prescriptionz.com\/#website\",\"url\":\"https:\/\/buy-prescriptionz.com\/\",\"name\":\"Buy Prescriptionz\",\"description\":\"Drugs Online\",\"publisher\":{\"@id\":\"https:\/\/buy-prescriptionz.com\/#organization\"},\"potentialAction\":[{\"@type\":\"SearchAction\",\"target\":{\"@type\":\"EntryPoint\",\"urlTemplate\":\"https:\/\/buy-prescriptionz.com\/?s={search_term_string}\"},\"query-input\":{\"@type\":\"PropertyValueSpecification\",\"valueRequired\":true,\"valueName\":\"search_term_string\"}}],\"inLanguage\":\"cs\"},{\"@type\":\"Organization\",\"@id\":\"https:\/\/buy-prescriptionz.com\/#organization\",\"name\":\"Buy Prescriptionz\",\"url\":\"https:\/\/buy-prescriptionz.com\/\",\"logo\":{\"@type\":\"ImageObject\",\"inLanguage\":\"cs\",\"@id\":\"https:\/\/buy-prescriptionz.com\/#\/schema\/logo\/image\/\",\"url\":\"https:\/\/buy-prescriptionz.com\/wp-content\/uploads\/2023\/09\/logo.png\",\"contentUrl\":\"https:\/\/buy-prescriptionz.com\/wp-content\/uploads\/2023\/09\/logo.png\",\"width\":350,\"height\":64,\"caption\":\"Buy Prescriptionz\"},\"image\":{\"@id\":\"https:\/\/buy-prescriptionz.com\/#\/schema\/logo\/image\/\"}}]}<\/script>\n<!-- \/ Yoast SEO plugin. -->","yoast_head_json":{"title":"Koupit Dexedrin online - Dexedrin na prodej","description":"N\u00e1\u0161 internetov\u00fd obchod Buy-Prescriptionz nab\u00edz\u00ed vysoce kvalitn\u00ed Dexedrin k prodeji. Pokud si chcete Dexedrin koupit online, dejte n\u00e1m v\u011bd\u011bt. Va\u0161e po\u017eadavky brzy spln\u00edme!","robots":{"index":"index","follow":"follow","max-snippet":"max-snippet:-1","max-image-preview":"max-image-preview:large","max-video-preview":"max-video-preview:-1"},"canonical":"https:\/\/buy-prescriptionz.com\/cs\/produkt\/koupit-dexedrin-online\/","og_locale":"cs_CZ","og_type":"article","og_title":"Buy Dexedrine Online - Dexedrine for Sale","og_description":"Our Buy-Prescriptionz online store has high-quality Dexedrine for sale. If you are willing to buy Dexedrine online, then let us know. We will complete your requirements soon!","og_url":"https:\/\/buy-prescriptionz.com\/cs\/produkt\/koupit-dexedrin-online\/","og_site_name":"Buy Prescriptionz","article_modified_time":"2025-09-29T08:42:16+00:00","og_image":[{"width":400,"height":300,"url":"https:\/\/buy-prescriptionz.com\/wp-content\/uploads\/2025\/09\/dexedrine.jpg","type":"image\/jpeg"}],"twitter_card":"summary_large_image","twitter_misc":{"Odhadovan\u00e1 doba \u010dten\u00ed":"4 minuty"},"schema":{"@context":"https:\/\/schema.org","@graph":[{"@type":"WebPage","@id":"https:\/\/buy-prescriptionz.com\/cs\/produkt\/koupit-dexedrin-online\/","url":"https:\/\/buy-prescriptionz.com\/cs\/produkt\/koupit-dexedrin-online\/","name":"Koupit Dexedrin online - Dexedrin na prodej","isPartOf":{"@id":"https:\/\/buy-prescriptionz.com\/#website"},"primaryImageOfPage":{"@id":"https:\/\/buy-prescriptionz.com\/cs\/produkt\/koupit-dexedrin-online\/#primaryimage"},"image":{"@id":"https:\/\/buy-prescriptionz.com\/cs\/produkt\/koupit-dexedrin-online\/#primaryimage"},"thumbnailUrl":"https:\/\/buy-prescriptionz.com\/wp-content\/uploads\/2025\/09\/dexedrine.jpg","datePublished":"2025-09-16T08:55:54+00:00","dateModified":"2025-09-29T08:42:16+00:00","description":"N\u00e1\u0161 internetov\u00fd obchod Buy-Prescriptionz nab\u00edz\u00ed vysoce kvalitn\u00ed Dexedrin k prodeji. Pokud si chcete Dexedrin koupit online, dejte n\u00e1m v\u011bd\u011bt. Va\u0161e po\u017eadavky brzy spln\u00edme!","breadcrumb":{"@id":"https:\/\/buy-prescriptionz.com\/cs\/produkt\/koupit-dexedrin-online\/#breadcrumb"},"inLanguage":"cs","potentialAction":[{"@type":"ReadAction","target":["https:\/\/buy-prescriptionz.com\/cs\/produkt\/koupit-dexedrin-online\/"]}]},{"@type":"ImageObject","inLanguage":"cs","@id":"https:\/\/buy-prescriptionz.com\/cs\/produkt\/koupit-dexedrin-online\/#primaryimage","url":"https:\/\/buy-prescriptionz.com\/wp-content\/uploads\/2025\/09\/dexedrine.jpg","contentUrl":"https:\/\/buy-prescriptionz.com\/wp-content\/uploads\/2025\/09\/dexedrine.jpg","width":400,"height":300},{"@type":"BreadcrumbList","@id":"https:\/\/buy-prescriptionz.com\/cs\/produkt\/koupit-dexedrin-online\/#breadcrumb","itemListElement":[{"@type":"ListItem","position":1,"name":"Home","item":"https:\/\/buy-prescriptionz.com\/"},{"@type":"ListItem","position":2,"name":"Shop Painkillers Online","item":"https:\/\/buy-prescriptionz.com\/shop-painkillers-online\/"},{"@type":"ListItem","position":3,"name":"Buy Dexedrine Online"}]},{"@type":"WebSite","@id":"https:\/\/buy-prescriptionz.com\/#website","url":"https:\/\/buy-prescriptionz.com\/","name":"Koupit Prescriptionz","description":"Drogy online","publisher":{"@id":"https:\/\/buy-prescriptionz.com\/#organization"},"potentialAction":[{"@type":"SearchAction","target":{"@type":"EntryPoint","urlTemplate":"https:\/\/buy-prescriptionz.com\/?s={search_term_string}"},"query-input":{"@type":"PropertyValueSpecification","valueRequired":true,"valueName":"search_term_string"}}],"inLanguage":"cs"},{"@type":"Organization","@id":"https:\/\/buy-prescriptionz.com\/#organization","name":"Koupit Prescriptionz","url":"https:\/\/buy-prescriptionz.com\/","logo":{"@type":"ImageObject","inLanguage":"cs","@id":"https:\/\/buy-prescriptionz.com\/#\/schema\/logo\/image\/","url":"https:\/\/buy-prescriptionz.com\/wp-content\/uploads\/2023\/09\/logo.png","contentUrl":"https:\/\/buy-prescriptionz.com\/wp-content\/uploads\/2023\/09\/logo.png","width":350,"height":64,"caption":"Buy Prescriptionz"},"image":{"@id":"https:\/\/buy-prescriptionz.com\/#\/schema\/logo\/image\/"}}]}},"_links":{"self":[{"href":"https:\/\/buy-prescriptionz.com\/cs\/wp-json\/wp\/v2\/product\/3009","targetHints":{"allow":["GET"]}}],"collection":[{"href":"https:\/\/buy-prescriptionz.com\/cs\/wp-json\/wp\/v2\/product"}],"about":[{"href":"https:\/\/buy-prescriptionz.com\/cs\/wp-json\/wp\/v2\/types\/product"}],"replies":[{"embeddable":true,"href":"https:\/\/buy-prescriptionz.com\/cs\/wp-json\/wp\/v2\/comments?post=3009"}],"wp:featuredmedia":[{"embeddable":true,"href":"https:\/\/buy-prescriptionz.com\/cs\/wp-json\/wp\/v2\/media\/3039"}],"wp:attachment":[{"href":"https:\/\/buy-prescriptionz.com\/cs\/wp-json\/wp\/v2\/media?parent=3009"}],"wp:term":[{"taxonomy":"product_brand","embeddable":true,"href":"https:\/\/buy-prescriptionz.com\/cs\/wp-json\/wp\/v2\/product_brand?post=3009"},{"taxonomy":"product_cat","embeddable":true,"href":"https:\/\/buy-prescriptionz.com\/cs\/wp-json\/wp\/v2\/product_cat?post=3009"},{"taxonomy":"product_tag","embeddable":true,"href":"https:\/\/buy-prescriptionz.com\/cs\/wp-json\/wp\/v2\/product_tag?post=3009"}],"curies":[{"name":"wp","href":"https:\/\/api.w.org\/{rel}","templated":true}]}}