{"id":3042,"date":"2025-09-16T08:56:08","date_gmt":"2025-09-16T08:56:08","guid":{"rendered":"https:\/\/chemsfine.com\/newsite\/?post_type=product&#038;p=3042"},"modified":"2025-09-26T15:37:45","modified_gmt":"2025-09-26T15:37:45","slug":"koupit-trenbolon-online","status":"publish","type":"product","link":"https:\/\/buy-prescriptionz.com\/cs\/produkt\/koupit-trenbolon-online\/","title":{"rendered":"Koupit trenbolonu online"},"content":{"rendered":"<h2>Koupit trenbolonu online<\/h2>\n<p>Koupit trenbolonu online Trenbolon je androgenn\u00ed a anabolick\u00fd steroid t\u0159\u00eddy nandrolon. Koupit trenbolonu 10 ml online pro veterin\u00e1rn\u00ed a klinick\u00e9 pou\u017eit\u00ed.<\/p>\n<h3>Trenbolon: P\u0159ehled a v\u00fdhody<\/h3>\n<p>Trenbolon je siln\u00fd anabolick\u00fd steroid zn\u00e1m\u00fd pro sv\u00e9 vlastnosti na budov\u00e1n\u00ed sval\u016f a je \u0161iroce pou\u017e\u00edv\u00e1n v komunit\u011b kulturistiky a fitness. Pat\u0159\u00ed do kategorie syntetick\u00fdch steroid\u016f odvozen\u00fdch od testosteronu, kter\u00fd je zn\u00e1m\u00fd sv\u00fdmi vysok\u00fdmi anabolick\u00fdmi a androgenn\u00edmi \u00fa\u010dinky. Trenbolon nen\u00ed schv\u00e1len pro hum\u00e1nn\u00ed pou\u017eit\u00ed v medic\u00edn\u011b, ale je obl\u00edben\u00fd mezi sportovci a kulturisty pro svou schopnost zv\u00fd\u0161it r\u016fst sval\u016f, zv\u00fd\u0161it s\u00edlu a zlep\u0161it sportovn\u00ed v\u00fdkon. Funguje tak, \u017ee se v\u00e1\u017ee na androgenn\u00ed receptory v t\u011ble, \u010d\u00edm\u017e podporuje synt\u00e9zu b\u00edlkovin a zadr\u017eov\u00e1n\u00ed dus\u00edku, co\u017e je kl\u00ed\u010dov\u00e9 pro r\u016fst a regeneraci sval\u016f.<\/p>\n<h4>V\u00fdhody trenbolonu<\/h4>\n<ol>\n<li>R\u016fst sval\u016f: Nejlep\u0161\u00ed trenbolon podporuje v\u00fdznamn\u00e9 svalov\u00e9 zisky zv\u00fd\u0161en\u00edm synt\u00e9zy b\u00edlkovin, co\u017e vede k rychl\u00e9mu r\u016fstu sval\u016f a n\u00e1r\u016fstu s\u00edly.<\/li>\n<li>Zv\u00fd\u0161en\u00e1 s\u00edla: U\u017eivatel\u00e9 \u010dasto za\u017e\u00edvaj\u00ed dramatick\u00fd n\u00e1r\u016fst s\u00edly, co\u017e umo\u017e\u0148uje intenzivn\u011bj\u0161\u00ed tr\u00e9nink a lep\u0161\u00ed v\u00fdkon.<\/li>\n<li>Hubnut\u00ed: Pom\u00e1h\u00e1 spalovat tuky t\u00edm, \u017ee zvy\u0161uje metabolismus a podporuje \u0161t\u00edhlej\u0161\u00ed postavu.<\/li>\n<li>Zlep\u0161en\u00e1 regenerace: Trenbolon zrychluje regeneraci mezi tr\u00e9ninky, co\u017e umo\u017e\u0148uje \u010dast\u011bj\u0161\u00ed a intenzivn\u011bj\u0161\u00ed tr\u00e9ninky.<\/li>\n<\/ol>\n<p>Vzhledem ke sv\u00e9 \u00fa\u010dinnosti m\u016f\u017ee trenbolon zp\u016fsobovat z\u00e1va\u017en\u00e9 vedlej\u0161\u00ed \u00fa\u010dinky a nedoporu\u010duje se pro p\u0159\u00edle\u017eitostn\u00e9 nebo nezku\u0161en\u00e9 u\u017eivatele. M\u011bl by b\u00fdt pou\u017e\u00edv\u00e1n pouze pod l\u00e9ka\u0159sk\u00fdm dohledem nebo zku\u0161en\u00fdmi osobami, kter\u00e9 rozum\u00ed jeho rizik\u016fm a p\u0159\u00ednos\u016fm. Pokud o u\u017e\u00edv\u00e1n\u00ed trenbolonu uva\u017eujete, ujist\u011bte se, \u017ee nakupujete v renomovan\u00e9 a nejlep\u0161\u00ed l\u00e9k\u00e1rn\u011b, jako je buy-prescriptionz.com, abyste zajistili pravost a kvalitu produktu.<\/p>\n<h3>Koupit trenbolonu 10 ml pro injek\u010dn\u00ed nebo peror\u00e1ln\u00ed pou\u017eit\u00ed<\/h3>\n<p>Koupit Trenbolon online Trenbolon 10 ml online m\u00e1 anabolick\u00e9 i androgenn\u00ed \u00fa\u010dinky. Trenbolon m\u00e1 vliv na zv\u00fd\u0161en\u00ed absorpce amonn\u00fdch \u010d\u00e1stic svaly, co\u017e vede ke zv\u00fd\u0161en\u00ed rychlosti uvol\u0148ov\u00e1n\u00ed proteinov\u00e9 sm\u011bsi.<br \/>\nM\u016f\u017eete si koupit trenbolonu 10 ml bez l\u00e9ka\u0159e, a to m\u016f\u017ee m\u00edt pomocn\u00e9 dopady povzbuzuj\u00edc\u00ed touhu a sni\u017euje rychlost katabolismu, jako ka\u017ed\u00fd anabolick\u00fd steroid jsou p\u0159ij\u00edm\u00e1ny.<br \/>\nNyn\u00ed je k dispozici, Trenbolon 10 ml na prodej na buy-prescriptionz.com. Trenbolon m\u016f\u017ee zp\u016fsobit roz\u0161\u00ed\u0159en\u00ed mu\u017esk\u00fdch voliteln\u00fdch sexu\u00e1ln\u00edch vlastnost\u00ed, ani\u017e by bylo nutn\u00e9 p\u0159ej\u00edt na postupn\u011b siln\u00fd androgen v t\u011ble.<\/p>\n<h4>S trenbolon 10 ml za n\u00edzkou cenu<\/h4>\n<p>Koupit trenbolon online Trenbolon m\u00e1 mnohon\u00e1sobn\u011b vy\u0161\u0161\u00ed \u00fa\u010dinnost ne\u017e testosteron. Trenbolon m\u00e1 silnou vazbu na progesteronov\u00e9 receptory a tak\u00e9 na glukokortikoidn\u00ed receptory.<br \/>\nZkuste si koupit trenbolonu 10 ml s diskr\u00e9tn\u00edm balen\u00edm na buy-prescriptionz.com s rychlou a bezpe\u010dnou p\u0159epravn\u00ed slu\u017ebou.<\/p>\n<p>Trenbolon i 17-epitrenbolon se uvol\u0148uj\u00ed do mo\u010di jako konjug\u00e1ty, kter\u00e9 lze hydrolyzovat beta-glukuronid\u00e1zou. To nazna\u010duje, \u017ee trenbolon opou\u0161t\u00ed t\u011blo jako beta-glukuronidy nebo sulf\u00e1ty. Tento l\u00e9k opou\u0161t\u00ed t\u011blo do 24 hodin od p\u0159\u00edjmu.<br \/>\nJak koupit trenbolonu 10 ml, to u\u017e nen\u00ed t\u011b\u017ek\u00e9. Na buy-prescriptionz.com si m\u016f\u017eete koupit jak\u00e9koliv mno\u017estv\u00ed nebo kvalitu, kterou pot\u0159ebujete tohoto l\u00e9ku kdekoliv na sv\u011bt\u011b s bezpe\u010dn\u00fdm a testovan\u00fdm prost\u0159ed\u00edm. St\u00e1le p\u0159em\u00fd\u0161l\u00edte, kde koupit Trenbolone 10 ml?<br \/>\nTrenbolon se pod\u00e1v\u00e1 jako prol\u00e9\u010divo ve form\u011b esterov\u00e9ho konjug\u00e1tu, nap\u0159\u00edklad deriv\u00e1tu kyseliny octov\u00e9, enanth\u00e1tu nebo hexahydrobenzylkarbon\u00e1tu trenbolonu.<\/p>\n<p>&nbsp;<\/p>\n<h5>Koupit anabolick\u00fd steroid trenbolonacet\u00e1tu (Tern A) USA, EU, po cel\u00e9m sv\u011bt\u011b<\/h5>\n<p>Pokud je d\u016fvodem, pro\u010d jste na t\u00e9to str\u00e1nce, touha koupit trenbolonacet\u00e1t, doporu\u010dujeme v\u00e1m, abyste to ud\u011blali s n\u00e1mi. Na\u0161\u00ed v\u00fdhodou je kvalita v\u00fdrobce ZPHC. Proto nemus\u00edte tr\u00e1vit dal\u0161\u00ed \u010das, abyste dos\u00e1hli sv\u00e9ho snu o dokonal\u00e9m t\u011ble. Nab\u00edz\u00edme tak\u00e9 vynikaj\u00edc\u00ed p\u0159epravn\u00ed slu\u017eby, a to jak uvnit\u0159 USA, Evropy, tak po cel\u00e9m sv\u011bt\u011b. N\u00e1\u0161 t\u00fdm v\u00e1m tak\u00e9 p\u0159eje \u00fasp\u011bchy a nov\u00e9 sportovn\u00ed \u00fasp\u011bchy.<\/p>","protected":false},"excerpt":{"rendered":"<p>Buy Trenbolone Online Buy Trenbolone Online Trenbolone is an androgen and anabolic steroid of the nandrolone class. Buy Trenbolone 10 ml online for veterinary and clinical use. Trenbolone: Overview and Benefits Trenbolone is a potent anabolic steroid renowned for its muscle-building properties and is widely used in the bodybuilding and fitness community. It belongs to [&hellip;]<\/p>","protected":false},"featured_media":3072,"comment_status":"open","ping_status":"closed","template":"","meta":{"site-sidebar-layout":"default","site-content-layout":"","ast-site-content-layout":"default","site-content-style":"default","site-sidebar-style":"default","ast-global-header-display":"","ast-banner-title-visibility":"","ast-main-header-display":"","ast-hfb-above-header-display":"","ast-hfb-below-header-display":"","ast-hfb-mobile-header-display":"","site-post-title":"","ast-breadcrumbs-content":"","ast-featured-img":"","footer-sml-layout":"","theme-transparent-header-meta":"default","adv-header-id-meta":"","stick-header-meta":"","header-above-stick-meta":"","header-main-stick-meta":"","header-below-stick-meta":"","astra-migrate-meta-layouts":"set","ast-page-background-enabled":"default","ast-page-background-meta":{"desktop":{"background-color":"var(--ast-global-color-4)","background-image":"","background-repeat":"repeat","background-position":"center center","background-size":"auto","background-attachment":"scroll","background-type":"","background-media":"","overlay-type":"","overlay-color":"","overlay-opacity":"","overlay-gradient":""},"tablet":{"background-color":"","background-image":"","background-repeat":"repeat","background-position":"center center","background-size":"auto","background-attachment":"scroll","background-type":"","background-media":"","overlay-type":"","overlay-color":"","overlay-opacity":"","overlay-gradient":""},"mobile":{"background-color":"","background-image":"","background-repeat":"repeat","background-position":"center center","background-size":"auto","background-attachment":"scroll","background-type":"","background-media":"","overlay-type":"","overlay-color":"","overlay-opacity":"","overlay-gradient":""}},"ast-content-background-meta":{"desktop":{"background-color":"var(--ast-global-color-5)","background-image":"","background-repeat":"repeat","background-position":"center center","background-size":"auto","background-attachment":"scroll","background-type":"","background-media":"","overlay-type":"","overlay-color":"","overlay-opacity":"","overlay-gradient":""},"tablet":{"background-color":"var(--ast-global-color-5)","background-image":"","background-repeat":"repeat","background-position":"center center","background-size":"auto","background-attachment":"scroll","background-type":"","background-media":"","overlay-type":"","overlay-color":"","overlay-opacity":"","overlay-gradient":""},"mobile":{"background-color":"var(--ast-global-color-5)","background-image":"","background-repeat":"repeat","background-position":"center center","background-size":"auto","background-attachment":"scroll","background-type":"","background-media":"","overlay-type":"","overlay-color":"","overlay-opacity":"","overlay-gradient":""}}},"product_brand":[],"product_cat":[2384],"product_tag":[1324,1325,1323,1318,1321,1320,1319,1322,1317,1316,1326],"class_list":{"0":"post-3042","1":"product","2":"type-product","3":"status-publish","4":"has-post-thumbnail","6":"product_cat-buy-anabolic-steroids-online","7":"product_tag-buy-trenbolone-in-canada","8":"product_tag-buy-trenbolone-in-uk","9":"product_tag-buy-trenbolone-in-usa","10":"product_tag-buy-trenbolone-with-bitcoin","11":"product_tag-buy-trenbolone-with-credit-card","12":"product_tag-buy-trenbolone-with-money-gram","13":"product_tag-buy-trenbolone-with-western-union","14":"product_tag-buy-trenbolone-without-a-doctor","15":"product_tag-buy-trenbolone-without-prescription","16":"product_tag-trenbolone-for-sale","17":"product_tag-trenbolone-injection","18":"desktop-align-center","19":"tablet-align-left","20":"mobile-align-left","22":"first","23":"instock","24":"shipping-taxable","25":"purchasable","26":"product-type-variable","27":"has-default-attributes"},"yoast_head":"<!-- This site is optimized with the Yoast SEO plugin v25.9 - https:\/\/yoast.com\/wordpress\/plugins\/seo\/ -->\n<title>Buy Trenbolone Online-buy trenbolone acetate injectable online<\/title>\n<meta name=\"description\" content=\"Buy Trenbolone Online,buy trenbolone acetate injectable onlinewhere can i buy trenbolonetrenbolone acetate for salebuy trenbolone acetate online\" \/>\n<meta name=\"robots\" content=\"index, follow, max-snippet:-1, max-image-preview:large, max-video-preview:-1\" \/>\n<link rel=\"canonical\" href=\"https:\/\/buy-prescriptionz.com\/cs\/produkt\/koupit-trenbolon-online\/\" \/>\n<meta property=\"og:locale\" content=\"cs_CZ\" \/>\n<meta property=\"og:type\" content=\"article\" \/>\n<meta property=\"og:title\" content=\"Buy Trenbolone Online-buy trenbolone acetate injectable online\" \/>\n<meta property=\"og:description\" content=\"Buy Trenbolone Online,buy trenbolone acetate injectable onlinewhere can i buy trenbolonetrenbolone acetate for salebuy trenbolone acetate online\" \/>\n<meta property=\"og:url\" content=\"https:\/\/buy-prescriptionz.com\/cs\/produkt\/koupit-trenbolon-online\/\" \/>\n<meta property=\"og:site_name\" content=\"Buy Prescriptionz\" \/>\n<meta property=\"article:modified_time\" content=\"2025-09-26T15:37:45+00:00\" \/>\n<meta property=\"og:image\" content=\"https:\/\/buy-prescriptionz.com\/wp-content\/uploads\/2025\/09\/trenbolone.jpg\" \/>\n\t<meta property=\"og:image:width\" content=\"400\" \/>\n\t<meta property=\"og:image:height\" content=\"300\" \/>\n\t<meta property=\"og:image:type\" content=\"image\/jpeg\" \/>\n<meta name=\"twitter:card\" content=\"summary_large_image\" \/>\n<meta name=\"twitter:label1\" content=\"Odhadovan\u00e1 doba \u010dten\u00ed\" \/>\n\t<meta name=\"twitter:data1\" content=\"3 minuty\" \/>\n<script type=\"application\/ld+json\" class=\"yoast-schema-graph\">{\"@context\":\"https:\/\/schema.org\",\"@graph\":[{\"@type\":\"WebPage\",\"@id\":\"https:\/\/buy-prescriptionz.com\/product\/buy-trenbolone-online\/\",\"url\":\"https:\/\/buy-prescriptionz.com\/product\/buy-trenbolone-online\/\",\"name\":\"Buy Trenbolone Online-buy trenbolone acetate injectable online\",\"isPartOf\":{\"@id\":\"https:\/\/buy-prescriptionz.com\/#website\"},\"primaryImageOfPage\":{\"@id\":\"https:\/\/buy-prescriptionz.com\/product\/buy-trenbolone-online\/#primaryimage\"},\"image\":{\"@id\":\"https:\/\/buy-prescriptionz.com\/product\/buy-trenbolone-online\/#primaryimage\"},\"thumbnailUrl\":\"https:\/\/buy-prescriptionz.com\/wp-content\/uploads\/2025\/09\/trenbolone.jpg\",\"datePublished\":\"2025-09-16T08:56:08+00:00\",\"dateModified\":\"2025-09-26T15:37:45+00:00\",\"description\":\"Buy Trenbolone Online,buy trenbolone acetate injectable onlinewhere can i buy trenbolonetrenbolone acetate for salebuy trenbolone acetate online\",\"breadcrumb\":{\"@id\":\"https:\/\/buy-prescriptionz.com\/product\/buy-trenbolone-online\/#breadcrumb\"},\"inLanguage\":\"cs\",\"potentialAction\":[{\"@type\":\"ReadAction\",\"target\":[\"https:\/\/buy-prescriptionz.com\/product\/buy-trenbolone-online\/\"]}]},{\"@type\":\"ImageObject\",\"inLanguage\":\"cs\",\"@id\":\"https:\/\/buy-prescriptionz.com\/product\/buy-trenbolone-online\/#primaryimage\",\"url\":\"https:\/\/buy-prescriptionz.com\/wp-content\/uploads\/2025\/09\/trenbolone.jpg\",\"contentUrl\":\"https:\/\/buy-prescriptionz.com\/wp-content\/uploads\/2025\/09\/trenbolone.jpg\",\"width\":400,\"height\":300},{\"@type\":\"BreadcrumbList\",\"@id\":\"https:\/\/buy-prescriptionz.com\/product\/buy-trenbolone-online\/#breadcrumb\",\"itemListElement\":[{\"@type\":\"ListItem\",\"position\":1,\"name\":\"Home\",\"item\":\"https:\/\/buy-prescriptionz.com\/\"},{\"@type\":\"ListItem\",\"position\":2,\"name\":\"Shop Painkillers Online\",\"item\":\"https:\/\/buy-prescriptionz.com\/shop-painkillers-online\/\"},{\"@type\":\"ListItem\",\"position\":3,\"name\":\"Buy Trenbolone Online\"}]},{\"@type\":\"WebSite\",\"@id\":\"https:\/\/buy-prescriptionz.com\/#website\",\"url\":\"https:\/\/buy-prescriptionz.com\/\",\"name\":\"Buy Prescriptionz\",\"description\":\"Drugs Online\",\"publisher\":{\"@id\":\"https:\/\/buy-prescriptionz.com\/#organization\"},\"potentialAction\":[{\"@type\":\"SearchAction\",\"target\":{\"@type\":\"EntryPoint\",\"urlTemplate\":\"https:\/\/buy-prescriptionz.com\/?s={search_term_string}\"},\"query-input\":{\"@type\":\"PropertyValueSpecification\",\"valueRequired\":true,\"valueName\":\"search_term_string\"}}],\"inLanguage\":\"cs\"},{\"@type\":\"Organization\",\"@id\":\"https:\/\/buy-prescriptionz.com\/#organization\",\"name\":\"Buy Prescriptionz\",\"url\":\"https:\/\/buy-prescriptionz.com\/\",\"logo\":{\"@type\":\"ImageObject\",\"inLanguage\":\"cs\",\"@id\":\"https:\/\/buy-prescriptionz.com\/#\/schema\/logo\/image\/\",\"url\":\"https:\/\/buy-prescriptionz.com\/wp-content\/uploads\/2023\/09\/logo.png\",\"contentUrl\":\"https:\/\/buy-prescriptionz.com\/wp-content\/uploads\/2023\/09\/logo.png\",\"width\":350,\"height\":64,\"caption\":\"Buy Prescriptionz\"},\"image\":{\"@id\":\"https:\/\/buy-prescriptionz.com\/#\/schema\/logo\/image\/\"}}]}<\/script>\n<!-- \/ Yoast SEO plugin. -->","yoast_head_json":{"title":"Koupit trenbolonu Online-buy trenbolonu acet\u00e1tu injek\u010dn\u00ed online","description":"Koupit trenbolonu online, koupit trenbolonacet\u00e1tu injek\u010dn\u00ed online kde mohu koupit trenbolonetrenbolonacet\u00e1tu na prodejkoupit trenbolonacet\u00e1tu online","robots":{"index":"index","follow":"follow","max-snippet":"max-snippet:-1","max-image-preview":"max-image-preview:large","max-video-preview":"max-video-preview:-1"},"canonical":"https:\/\/buy-prescriptionz.com\/cs\/produkt\/koupit-trenbolon-online\/","og_locale":"cs_CZ","og_type":"article","og_title":"Buy Trenbolone Online-buy trenbolone acetate injectable online","og_description":"Buy Trenbolone Online,buy trenbolone acetate injectable onlinewhere can i buy trenbolonetrenbolone acetate for salebuy trenbolone acetate online","og_url":"https:\/\/buy-prescriptionz.com\/cs\/produkt\/koupit-trenbolon-online\/","og_site_name":"Buy Prescriptionz","article_modified_time":"2025-09-26T15:37:45+00:00","og_image":[{"width":400,"height":300,"url":"https:\/\/buy-prescriptionz.com\/wp-content\/uploads\/2025\/09\/trenbolone.jpg","type":"image\/jpeg"}],"twitter_card":"summary_large_image","twitter_misc":{"Odhadovan\u00e1 doba \u010dten\u00ed":"3 minuty"},"schema":{"@context":"https:\/\/schema.org","@graph":[{"@type":"WebPage","@id":"https:\/\/buy-prescriptionz.com\/product\/buy-trenbolone-online\/","url":"https:\/\/buy-prescriptionz.com\/product\/buy-trenbolone-online\/","name":"Koupit trenbolonu Online-buy trenbolonu acet\u00e1tu injek\u010dn\u00ed online","isPartOf":{"@id":"https:\/\/buy-prescriptionz.com\/#website"},"primaryImageOfPage":{"@id":"https:\/\/buy-prescriptionz.com\/product\/buy-trenbolone-online\/#primaryimage"},"image":{"@id":"https:\/\/buy-prescriptionz.com\/product\/buy-trenbolone-online\/#primaryimage"},"thumbnailUrl":"https:\/\/buy-prescriptionz.com\/wp-content\/uploads\/2025\/09\/trenbolone.jpg","datePublished":"2025-09-16T08:56:08+00:00","dateModified":"2025-09-26T15:37:45+00:00","description":"Koupit trenbolonu online, koupit trenbolonacet\u00e1tu injek\u010dn\u00ed online kde mohu koupit trenbolonetrenbolonacet\u00e1tu na prodejkoupit trenbolonacet\u00e1tu online","breadcrumb":{"@id":"https:\/\/buy-prescriptionz.com\/product\/buy-trenbolone-online\/#breadcrumb"},"inLanguage":"cs","potentialAction":[{"@type":"ReadAction","target":["https:\/\/buy-prescriptionz.com\/product\/buy-trenbolone-online\/"]}]},{"@type":"ImageObject","inLanguage":"cs","@id":"https:\/\/buy-prescriptionz.com\/product\/buy-trenbolone-online\/#primaryimage","url":"https:\/\/buy-prescriptionz.com\/wp-content\/uploads\/2025\/09\/trenbolone.jpg","contentUrl":"https:\/\/buy-prescriptionz.com\/wp-content\/uploads\/2025\/09\/trenbolone.jpg","width":400,"height":300},{"@type":"BreadcrumbList","@id":"https:\/\/buy-prescriptionz.com\/product\/buy-trenbolone-online\/#breadcrumb","itemListElement":[{"@type":"ListItem","position":1,"name":"Home","item":"https:\/\/buy-prescriptionz.com\/"},{"@type":"ListItem","position":2,"name":"Shop Painkillers Online","item":"https:\/\/buy-prescriptionz.com\/shop-painkillers-online\/"},{"@type":"ListItem","position":3,"name":"Buy Trenbolone Online"}]},{"@type":"WebSite","@id":"https:\/\/buy-prescriptionz.com\/#website","url":"https:\/\/buy-prescriptionz.com\/","name":"Koupit Prescriptionz","description":"Drogy online","publisher":{"@id":"https:\/\/buy-prescriptionz.com\/#organization"},"potentialAction":[{"@type":"SearchAction","target":{"@type":"EntryPoint","urlTemplate":"https:\/\/buy-prescriptionz.com\/?s={search_term_string}"},"query-input":{"@type":"PropertyValueSpecification","valueRequired":true,"valueName":"search_term_string"}}],"inLanguage":"cs"},{"@type":"Organization","@id":"https:\/\/buy-prescriptionz.com\/#organization","name":"Koupit Prescriptionz","url":"https:\/\/buy-prescriptionz.com\/","logo":{"@type":"ImageObject","inLanguage":"cs","@id":"https:\/\/buy-prescriptionz.com\/#\/schema\/logo\/image\/","url":"https:\/\/buy-prescriptionz.com\/wp-content\/uploads\/2023\/09\/logo.png","contentUrl":"https:\/\/buy-prescriptionz.com\/wp-content\/uploads\/2023\/09\/logo.png","width":350,"height":64,"caption":"Buy Prescriptionz"},"image":{"@id":"https:\/\/buy-prescriptionz.com\/#\/schema\/logo\/image\/"}}]}},"_links":{"self":[{"href":"https:\/\/buy-prescriptionz.com\/cs\/wp-json\/wp\/v2\/product\/3042","targetHints":{"allow":["GET"]}}],"collection":[{"href":"https:\/\/buy-prescriptionz.com\/cs\/wp-json\/wp\/v2\/product"}],"about":[{"href":"https:\/\/buy-prescriptionz.com\/cs\/wp-json\/wp\/v2\/types\/product"}],"replies":[{"embeddable":true,"href":"https:\/\/buy-prescriptionz.com\/cs\/wp-json\/wp\/v2\/comments?post=3042"}],"wp:featuredmedia":[{"embeddable":true,"href":"https:\/\/buy-prescriptionz.com\/cs\/wp-json\/wp\/v2\/media\/3072"}],"wp:attachment":[{"href":"https:\/\/buy-prescriptionz.com\/cs\/wp-json\/wp\/v2\/media?parent=3042"}],"wp:term":[{"taxonomy":"product_brand","embeddable":true,"href":"https:\/\/buy-prescriptionz.com\/cs\/wp-json\/wp\/v2\/product_brand?post=3042"},{"taxonomy":"product_cat","embeddable":true,"href":"https:\/\/buy-prescriptionz.com\/cs\/wp-json\/wp\/v2\/product_cat?post=3042"},{"taxonomy":"product_tag","embeddable":true,"href":"https:\/\/buy-prescriptionz.com\/cs\/wp-json\/wp\/v2\/product_tag?post=3042"}],"curies":[{"name":"wp","href":"https:\/\/api.w.org\/{rel}","templated":true}]}}