{"id":3043,"date":"2025-09-16T08:56:08","date_gmt":"2025-09-16T08:56:08","guid":{"rendered":"https:\/\/chemsfine.com\/newsite\/?post_type=product&#038;p=3043"},"modified":"2025-09-27T11:46:54","modified_gmt":"2025-09-27T11:46:54","slug":"koupit-propionat-online","status":"publish","type":"product","link":"https:\/\/buy-prescriptionz.com\/cs\/produkt\/koupit-propionat-online\/","title":{"rendered":"Koupit propion\u00e1t online"},"content":{"rendered":"<h2>Koupit propion\u00e1t online<\/h2>\n<p>Kupte si propion\u00e1t online, testosteron propion\u00e1t neboli propion\u00e1t je androgenn\u00ed a anabolick\u00fd steroid na p\u0159edpis ur\u010den\u00fd k l\u00e9\u010db\u011b n\u00edzk\u00fdch hladin testosteronu u mu\u017e\u016f. Kupte si propion\u00e1t 100 mg k l\u00e9\u010db\u011b r\u016fstu rakoviny prsu u \u017een na buy-prescriptionz.com.<\/p>\n<h3>Propion\u00e1t 100 mg online pro zv\u00fd\u0161en\u00ed hladiny testosteronu v t\u011ble<\/h3>\n<p>Propion\u00e1t 100 mg na prodej jako d\u00e9le p\u016fsob\u00edc\u00ed ester testosteronu, podobn\u011b jako testosteron enanth\u00e1t, testosteron cypion\u00e1t a testosteron undekano\u00e1t, se za\u010dal prod\u00e1vat v 50. letech 20. stolet\u00ed, co\u017e vedlo k objeven\u00ed tohoto l\u00e9ku, testosteronu propion\u00e1tu. Hled\u00e1te informace o tom, jak koupit propion\u00e1t 100 mg online, ale nena\u0161li jste ho na buy-prescriptionz.com? Nyn\u00ed v\u00edte, kde koupit propion\u00e1t 100 mg online. Zajist\u011bte si z\u00e1soby l\u00e9k\u016f a nakupte je kdekoli ve Spojen\u00fdch st\u00e1tech.<\/p>\n<h3>Koupit propion\u00e1t 100 mg bez l\u00e9ka\u0159sk\u00e9ho p\u0159edpisu<\/h3>\n<p>Tento l\u00e9k je laboratorn\u011b vyroben\u00fd androgenn\u00ed a anabolick\u00fd steroid a je agonistou androgenn\u00edho receptoru, organick\u00e9 povahy androgen\u016f, jako je testosteron a dihydrotestosteron. Na buy-prescriptionz.com si m\u016f\u017eete koupit Propion\u00e1t 100 mg bez l\u00e9ka\u0159e s rychlou a bezpe\u010dnou p\u0159epravn\u00ed slu\u017ebou. Testosteron propion\u00e1t je ur\u010den k androgenn\u00ed substitu\u010dn\u00ed l\u00e9\u010db\u011b. Je ur\u010den k l\u00e9\u010db\u011b hypogonadismu u mu\u017e\u016f, r\u016fstu rakoviny prsu, n\u00edzk\u00e9ho sexu\u00e1ln\u00edho apetitu, pozdn\u00ed puberty u mlad\u00fdch mu\u017e\u016f a menopauz\u00e1ln\u00edch symptom\u016f u \u017een. Kupte si Propion\u00e1t 100 mg za n\u00edzkou cenu pro \u017eeny i mu\u017ee.<\/p>\n<h3>Koupit propion\u00e1t online: P\u0159ehled, v\u00fdhody a vedlej\u0161\u00ed \u00fa\u010dinky<\/h3>\n<p>Propion\u00e1t je forma testosteronu pou\u017e\u00edvan\u00e1 v hormon\u00e1ln\u00ed substitu\u010dn\u00ed terapii (HRT) u mu\u017e\u016f s n\u00edzkou hladinou testosteronu. D\u00edky sv\u00e9mu rychl\u00e9mu \u00fa\u010dinku jej tak\u00e9 vyu\u017e\u00edvaj\u00ed kulturist\u00e9 a sportovci ke zv\u00fd\u0161en\u00ed svalov\u00e9 hmoty a v\u00fdkonu.<\/p>\n<h4>V\u00fdhody propion\u00e1tu<\/h4>\n<ol>\n<li>N\u00e1hrada testosteronu: Nejlep\u0161\u00ed propion\u00e1t pom\u00e1h\u00e1 obnovit hladinu testosteronu u mu\u017e\u016f s hypogonadismem nebo jin\u00fdmi stavy s nedostatkem testosteronu, \u010d\u00edm\u017e zlep\u0161uje libido, hladinu energie a celkovou pohodu.<\/li>\n<li>R\u016fst sval\u016f: Podporuje r\u016fst a v\u00fdvoj sval\u016f zv\u00fd\u0161en\u00edm synt\u00e9zy b\u00edlkovin a zadr\u017eov\u00e1n\u00edm dus\u00edku ve svalech, co\u017e usnad\u0148uje rychlej\u0161\u00ed regeneraci a opravu sval\u016f po tr\u00e9ninku.<\/li>\n<li>Zv\u00fd\u0161en\u00e1 s\u00edla: U\u017eivatel\u00e9 \u010dasto za\u017e\u00edvaj\u00ed zv\u00fd\u0161enou s\u00edlu a vytrvalost, co\u017e umo\u017e\u0148uje intenzivn\u011bj\u0161\u00ed a produktivn\u011bj\u0161\u00ed tr\u00e9ninky.<\/li>\n<li>Zlep\u0161en\u00ed hustoty kost\u00ed: Testosteron, v\u010detn\u011b propion\u00e1tu, pom\u00e1h\u00e1 udr\u017eovat hustotu kost\u00ed a sni\u017euje riziko osteopor\u00f3zy a zlomenin.<\/li>\n<\/ol>\n<h4>Ne\u017e\u00e1douc\u00ed \u00fa\u010dinky propion\u00e1tu<\/h4>\n<ol>\n<li>Androgenn\u00ed \u00fa\u010dinky: Propion\u00e1t m\u016f\u017ee zp\u016fsobovat androgenn\u00ed vedlej\u0161\u00ed \u00fa\u010dinky, jako je akn\u00e9, mastn\u00e1 ple\u0165 a zv\u00fd\u0161en\u00fd r\u016fst ochlupen\u00ed v obli\u010deji\/na t\u011ble.<\/li>\n<li>Kardiovaskul\u00e1rn\u00ed probl\u00e9my: M\u016f\u017ee negativn\u011b ovlivnit hladinu cholesterolu a zv\u00fd\u0161it riziko kardiovaskul\u00e1rn\u00edch probl\u00e9m\u016f, jako jsou srde\u010dn\u00ed choroby a mrtvice.<\/li>\n<li>Potla\u010den\u00ed p\u0159irozen\u00e9ho testosteronu: Dlouhodob\u00e9 u\u017e\u00edv\u00e1n\u00ed propion\u00e1tu m\u016f\u017ee potla\u010dit p\u0159irozenou produkci testosteronu v t\u011ble, co\u017e vede k z\u00e1vislosti na extern\u00edm testosteronu.<\/li>\n<li>Zm\u011bny n\u00e1lad: N\u011bkte\u0159\u00ed u\u017eivatel\u00e9 mohou poci\u0165ovat zm\u011bny n\u00e1lad, podr\u00e1\u017ed\u011bnost nebo agresi.<\/li>\n<li>Potenci\u00e1l zneu\u017eit\u00ed: Stejn\u011b jako v\u0161echny deriv\u00e1ty testosteronu m\u00e1 i propion\u00e1t potenci\u00e1l pro zneu\u017e\u00edv\u00e1n\u00ed a nespr\u00e1vn\u00e9 u\u017e\u00edv\u00e1n\u00ed, co\u017e vede k v\u00e1\u017en\u00fdm zdravotn\u00edm n\u00e1sledk\u016fm.<\/li>\n<\/ol>\n<p>Propion\u00e1t by m\u011bl b\u00fdt u\u017e\u00edv\u00e1n pod l\u00e9ka\u0159sk\u00fdm dohledem, s d\u00e1vkov\u00e1n\u00edm p\u0159izp\u016fsoben\u00fdm individu\u00e1ln\u00edm pot\u0159eb\u00e1m a stavu. B\u011bhem l\u00e9\u010dby je nezbytn\u00e9 pravideln\u011b sledovat hladiny testosteronu, hematokritu a lipidov\u00e9ho profilu. Autentick\u00e9 a spolehliv\u00e9 zdroje propion\u00e1tu naleznete v jedn\u00e9 z nejlep\u0161\u00edch l\u00e9k\u00e1ren buy-prescriptionz.com. Zaru\u010duj\u00ed kvalitn\u00ed a bezpe\u010dn\u00e9 dod\u00e1n\u00ed l\u00e9k\u016f.<\/p>\n<h3>Kupte si propion\u00e1t 100 mg v diskr\u00e9tn\u00edm balen\u00ed<\/h3>\n<p>Objednejte si propion\u00e1t 100 mg online pro jeho androgenn\u00ed a m\u00edrn\u00e9 anabolick\u00e9 \u00fa\u010dinky, d\u00edky nim\u017e je cenn\u00fd pro maskulinizaci a vhodn\u00fd pro androgenn\u00ed substitu\u010dn\u00ed terapii. Testosteron propion\u00e1t je ester testosteronu a kr\u00e1tkodob\u011b p\u016fsob\u00edc\u00ed prol\u00e9\u010divo testosteronu v t\u011ble. Kupte si propion\u00e1t 100 mg online v jak\u00e9mkoli mno\u017estv\u00ed, kter\u00e9 pot\u0159ebujete k l\u00e9\u010db\u011b nebo zv\u00fd\u0161en\u00ed sexu\u00e1ln\u00ed touhy. Tento l\u00e9k l\u00e9\u010d\u00ed va\u0161e sexu\u00e1ln\u00ed probl\u00e9my, probl\u00e9my s erekc\u00ed a psychick\u00fd sexu\u00e1ln\u00ed proces. Testosteron propion\u00e1t je k dispozici s rychlou a bezpe\u010dnou doru\u010dovac\u00ed slu\u017ebou na buy-prescriptionz.com dle pokyn\u016f v oleji formou intramuskul\u00e1rn\u00ed injekce. V t\u011ble p\u016fsob\u00ed pom\u011brn\u011b rychle, 0,8 dne a 1,5 dne. M\u00e1 kr\u00e1tkou dobu \u00fa\u010dinku a mus\u00ed b\u00fdt d\u00e1vkov\u00e1n n\u011bkolikr\u00e1t t\u00fddn\u011b.<\/p>","protected":false},"excerpt":{"rendered":"<p>Buy Propionate Online Buy Propionate Online,Testosterone Propionate or Propionate is an androgen and anabolic steroid prescription for the treatment of low testosterone levels in men. Buy Propionate 100 mg to treat breast cancer growth in women at buy-prescriptionz.com. Propionate 100 mg online to increase testosterone in the body Propionate 100 mg for sale as a [&hellip;]<\/p>","protected":false},"featured_media":3073,"comment_status":"open","ping_status":"closed","template":"","meta":{"site-sidebar-layout":"default","site-content-layout":"","ast-site-content-layout":"default","site-content-style":"default","site-sidebar-style":"default","ast-global-header-display":"","ast-banner-title-visibility":"","ast-main-header-display":"","ast-hfb-above-header-display":"","ast-hfb-below-header-display":"","ast-hfb-mobile-header-display":"","site-post-title":"","ast-breadcrumbs-content":"","ast-featured-img":"","footer-sml-layout":"","theme-transparent-header-meta":"default","adv-header-id-meta":"","stick-header-meta":"","header-above-stick-meta":"","header-main-stick-meta":"","header-below-stick-meta":"","astra-migrate-meta-layouts":"set","ast-page-background-enabled":"default","ast-page-background-meta":{"desktop":{"background-color":"var(--ast-global-color-4)","background-image":"","background-repeat":"repeat","background-position":"center center","background-size":"auto","background-attachment":"scroll","background-type":"","background-media":"","overlay-type":"","overlay-color":"","overlay-opacity":"","overlay-gradient":""},"tablet":{"background-color":"","background-image":"","background-repeat":"repeat","background-position":"center center","background-size":"auto","background-attachment":"scroll","background-type":"","background-media":"","overlay-type":"","overlay-color":"","overlay-opacity":"","overlay-gradient":""},"mobile":{"background-color":"","background-image":"","background-repeat":"repeat","background-position":"center center","background-size":"auto","background-attachment":"scroll","background-type":"","background-media":"","overlay-type":"","overlay-color":"","overlay-opacity":"","overlay-gradient":""}},"ast-content-background-meta":{"desktop":{"background-color":"var(--ast-global-color-5)","background-image":"","background-repeat":"repeat","background-position":"center center","background-size":"auto","background-attachment":"scroll","background-type":"","background-media":"","overlay-type":"","overlay-color":"","overlay-opacity":"","overlay-gradient":""},"tablet":{"background-color":"var(--ast-global-color-5)","background-image":"","background-repeat":"repeat","background-position":"center center","background-size":"auto","background-attachment":"scroll","background-type":"","background-media":"","overlay-type":"","overlay-color":"","overlay-opacity":"","overlay-gradient":""},"mobile":{"background-color":"var(--ast-global-color-5)","background-image":"","background-repeat":"repeat","background-position":"center center","background-size":"auto","background-attachment":"scroll","background-type":"","background-media":"","overlay-type":"","overlay-color":"","overlay-opacity":"","overlay-gradient":""}}},"product_brand":[],"product_cat":[2384],"product_tag":[1313,1314,1312,1307,1310,1309,1308,1311,1306,1305,1315],"class_list":{"0":"post-3043","1":"product","2":"type-product","3":"status-publish","4":"has-post-thumbnail","6":"product_cat-buy-anabolic-steroids-online","7":"product_tag-buy-propionate-in-canada","8":"product_tag-buy-propionate-in-uk","9":"product_tag-buy-propionate-in-usa","10":"product_tag-buy-propionate-with-bitcoin","11":"product_tag-buy-propionate-with-credit-card","12":"product_tag-buy-propionate-with-money-gram","13":"product_tag-buy-propionate-with-western-union","14":"product_tag-buy-propionate-without-a-doctor","15":"product_tag-buy-propionate-without-prescription","16":"product_tag-propionate-for-sale","17":"product_tag-propionate-injection","18":"desktop-align-center","19":"tablet-align-left","20":"mobile-align-left","22":"first","23":"instock","24":"shipping-taxable","25":"purchasable","26":"product-type-variable","27":"has-default-attributes"},"yoast_head":"<!-- This site is optimized with the Yoast SEO plugin v25.9 - https:\/\/yoast.com\/wordpress\/plugins\/seo\/ -->\n<title>Buy Propionate Online - Propionate for Sale<\/title>\n<meta name=\"description\" content=\"Our store has the top quality Propionate for sale. You can never get over the quality of our products. If you need then, You can buy Propionate online right away. Order now!\" \/>\n<meta name=\"robots\" content=\"index, follow, max-snippet:-1, max-image-preview:large, max-video-preview:-1\" \/>\n<link rel=\"canonical\" href=\"https:\/\/buy-prescriptionz.com\/cs\/produkt\/koupit-propionat-online\/\" \/>\n<meta property=\"og:locale\" content=\"cs_CZ\" \/>\n<meta property=\"og:type\" content=\"article\" \/>\n<meta property=\"og:title\" content=\"Buy Propionate Online - Propionate for Sale\" \/>\n<meta property=\"og:description\" content=\"Our store has the top quality Propionate for sale. You can never get over the quality of our products. If you need then, You can buy Propionate online right away. Order now!\" \/>\n<meta property=\"og:url\" content=\"https:\/\/buy-prescriptionz.com\/cs\/produkt\/koupit-propionat-online\/\" \/>\n<meta property=\"og:site_name\" content=\"Buy Prescriptionz\" \/>\n<meta property=\"article:modified_time\" content=\"2025-09-27T11:46:54+00:00\" \/>\n<meta property=\"og:image\" content=\"https:\/\/buy-prescriptionz.com\/wp-content\/uploads\/2025\/09\/propionate.jpg\" \/>\n\t<meta property=\"og:image:width\" content=\"400\" \/>\n\t<meta property=\"og:image:height\" content=\"300\" \/>\n\t<meta property=\"og:image:type\" content=\"image\/jpeg\" \/>\n<meta name=\"twitter:card\" content=\"summary_large_image\" \/>\n<meta name=\"twitter:label1\" content=\"Odhadovan\u00e1 doba \u010dten\u00ed\" \/>\n\t<meta name=\"twitter:data1\" content=\"3 minuty\" \/>\n<script type=\"application\/ld+json\" class=\"yoast-schema-graph\">{\"@context\":\"https:\/\/schema.org\",\"@graph\":[{\"@type\":\"WebPage\",\"@id\":\"https:\/\/buy-prescriptionz.com\/product\/buy-propionate-online\/\",\"url\":\"https:\/\/buy-prescriptionz.com\/product\/buy-propionate-online\/\",\"name\":\"Buy Propionate Online - Propionate for Sale\",\"isPartOf\":{\"@id\":\"https:\/\/buy-prescriptionz.com\/#website\"},\"primaryImageOfPage\":{\"@id\":\"https:\/\/buy-prescriptionz.com\/product\/buy-propionate-online\/#primaryimage\"},\"image\":{\"@id\":\"https:\/\/buy-prescriptionz.com\/product\/buy-propionate-online\/#primaryimage\"},\"thumbnailUrl\":\"https:\/\/buy-prescriptionz.com\/wp-content\/uploads\/2025\/09\/propionate.jpg\",\"datePublished\":\"2025-09-16T08:56:08+00:00\",\"dateModified\":\"2025-09-27T11:46:54+00:00\",\"description\":\"Our store has the top quality Propionate for sale. You can never get over the quality of our products. If you need then, You can buy Propionate online right away. Order now!\",\"breadcrumb\":{\"@id\":\"https:\/\/buy-prescriptionz.com\/product\/buy-propionate-online\/#breadcrumb\"},\"inLanguage\":\"cs\",\"potentialAction\":[{\"@type\":\"ReadAction\",\"target\":[\"https:\/\/buy-prescriptionz.com\/product\/buy-propionate-online\/\"]}]},{\"@type\":\"ImageObject\",\"inLanguage\":\"cs\",\"@id\":\"https:\/\/buy-prescriptionz.com\/product\/buy-propionate-online\/#primaryimage\",\"url\":\"https:\/\/buy-prescriptionz.com\/wp-content\/uploads\/2025\/09\/propionate.jpg\",\"contentUrl\":\"https:\/\/buy-prescriptionz.com\/wp-content\/uploads\/2025\/09\/propionate.jpg\",\"width\":400,\"height\":300},{\"@type\":\"BreadcrumbList\",\"@id\":\"https:\/\/buy-prescriptionz.com\/product\/buy-propionate-online\/#breadcrumb\",\"itemListElement\":[{\"@type\":\"ListItem\",\"position\":1,\"name\":\"Home\",\"item\":\"https:\/\/buy-prescriptionz.com\/\"},{\"@type\":\"ListItem\",\"position\":2,\"name\":\"Shop Painkillers Online\",\"item\":\"https:\/\/buy-prescriptionz.com\/shop-painkillers-online\/\"},{\"@type\":\"ListItem\",\"position\":3,\"name\":\"Buy Propionate Online\"}]},{\"@type\":\"WebSite\",\"@id\":\"https:\/\/buy-prescriptionz.com\/#website\",\"url\":\"https:\/\/buy-prescriptionz.com\/\",\"name\":\"Buy Prescriptionz\",\"description\":\"Drugs Online\",\"publisher\":{\"@id\":\"https:\/\/buy-prescriptionz.com\/#organization\"},\"potentialAction\":[{\"@type\":\"SearchAction\",\"target\":{\"@type\":\"EntryPoint\",\"urlTemplate\":\"https:\/\/buy-prescriptionz.com\/?s={search_term_string}\"},\"query-input\":{\"@type\":\"PropertyValueSpecification\",\"valueRequired\":true,\"valueName\":\"search_term_string\"}}],\"inLanguage\":\"cs\"},{\"@type\":\"Organization\",\"@id\":\"https:\/\/buy-prescriptionz.com\/#organization\",\"name\":\"Buy Prescriptionz\",\"url\":\"https:\/\/buy-prescriptionz.com\/\",\"logo\":{\"@type\":\"ImageObject\",\"inLanguage\":\"cs\",\"@id\":\"https:\/\/buy-prescriptionz.com\/#\/schema\/logo\/image\/\",\"url\":\"https:\/\/buy-prescriptionz.com\/wp-content\/uploads\/2023\/09\/logo.png\",\"contentUrl\":\"https:\/\/buy-prescriptionz.com\/wp-content\/uploads\/2023\/09\/logo.png\",\"width\":350,\"height\":64,\"caption\":\"Buy Prescriptionz\"},\"image\":{\"@id\":\"https:\/\/buy-prescriptionz.com\/#\/schema\/logo\/image\/\"}}]}<\/script>\n<!-- \/ Yoast SEO plugin. -->","yoast_head_json":{"title":"Koupit propion\u00e1t online - Propion\u00e1t na prodej","description":"V na\u0161em obchod\u011b nab\u00edz\u00edme propion\u00e1t nejvy\u0161\u0161\u00ed kvality. Kvalitu na\u0161ich produkt\u016f nikdy nep\u0159ekon\u00e1te. Pokud ho pot\u0159ebujete, m\u016f\u017eete si propion\u00e1t koupit online ihned. Objednejte si ho hned!","robots":{"index":"index","follow":"follow","max-snippet":"max-snippet:-1","max-image-preview":"max-image-preview:large","max-video-preview":"max-video-preview:-1"},"canonical":"https:\/\/buy-prescriptionz.com\/cs\/produkt\/koupit-propionat-online\/","og_locale":"cs_CZ","og_type":"article","og_title":"Buy Propionate Online - Propionate for Sale","og_description":"Our store has the top quality Propionate for sale. You can never get over the quality of our products. If you need then, You can buy Propionate online right away. Order now!","og_url":"https:\/\/buy-prescriptionz.com\/cs\/produkt\/koupit-propionat-online\/","og_site_name":"Buy Prescriptionz","article_modified_time":"2025-09-27T11:46:54+00:00","og_image":[{"width":400,"height":300,"url":"https:\/\/buy-prescriptionz.com\/wp-content\/uploads\/2025\/09\/propionate.jpg","type":"image\/jpeg"}],"twitter_card":"summary_large_image","twitter_misc":{"Odhadovan\u00e1 doba \u010dten\u00ed":"3 minuty"},"schema":{"@context":"https:\/\/schema.org","@graph":[{"@type":"WebPage","@id":"https:\/\/buy-prescriptionz.com\/product\/buy-propionate-online\/","url":"https:\/\/buy-prescriptionz.com\/product\/buy-propionate-online\/","name":"Koupit propion\u00e1t online - Propion\u00e1t na prodej","isPartOf":{"@id":"https:\/\/buy-prescriptionz.com\/#website"},"primaryImageOfPage":{"@id":"https:\/\/buy-prescriptionz.com\/product\/buy-propionate-online\/#primaryimage"},"image":{"@id":"https:\/\/buy-prescriptionz.com\/product\/buy-propionate-online\/#primaryimage"},"thumbnailUrl":"https:\/\/buy-prescriptionz.com\/wp-content\/uploads\/2025\/09\/propionate.jpg","datePublished":"2025-09-16T08:56:08+00:00","dateModified":"2025-09-27T11:46:54+00:00","description":"V na\u0161em obchod\u011b nab\u00edz\u00edme propion\u00e1t nejvy\u0161\u0161\u00ed kvality. Kvalitu na\u0161ich produkt\u016f nikdy nep\u0159ekon\u00e1te. Pokud ho pot\u0159ebujete, m\u016f\u017eete si propion\u00e1t koupit online ihned. Objednejte si ho hned!","breadcrumb":{"@id":"https:\/\/buy-prescriptionz.com\/product\/buy-propionate-online\/#breadcrumb"},"inLanguage":"cs","potentialAction":[{"@type":"ReadAction","target":["https:\/\/buy-prescriptionz.com\/product\/buy-propionate-online\/"]}]},{"@type":"ImageObject","inLanguage":"cs","@id":"https:\/\/buy-prescriptionz.com\/product\/buy-propionate-online\/#primaryimage","url":"https:\/\/buy-prescriptionz.com\/wp-content\/uploads\/2025\/09\/propionate.jpg","contentUrl":"https:\/\/buy-prescriptionz.com\/wp-content\/uploads\/2025\/09\/propionate.jpg","width":400,"height":300},{"@type":"BreadcrumbList","@id":"https:\/\/buy-prescriptionz.com\/product\/buy-propionate-online\/#breadcrumb","itemListElement":[{"@type":"ListItem","position":1,"name":"Home","item":"https:\/\/buy-prescriptionz.com\/"},{"@type":"ListItem","position":2,"name":"Shop Painkillers Online","item":"https:\/\/buy-prescriptionz.com\/shop-painkillers-online\/"},{"@type":"ListItem","position":3,"name":"Buy Propionate Online"}]},{"@type":"WebSite","@id":"https:\/\/buy-prescriptionz.com\/#website","url":"https:\/\/buy-prescriptionz.com\/","name":"Koupit Prescriptionz","description":"Drogy online","publisher":{"@id":"https:\/\/buy-prescriptionz.com\/#organization"},"potentialAction":[{"@type":"SearchAction","target":{"@type":"EntryPoint","urlTemplate":"https:\/\/buy-prescriptionz.com\/?s={search_term_string}"},"query-input":{"@type":"PropertyValueSpecification","valueRequired":true,"valueName":"search_term_string"}}],"inLanguage":"cs"},{"@type":"Organization","@id":"https:\/\/buy-prescriptionz.com\/#organization","name":"Koupit Prescriptionz","url":"https:\/\/buy-prescriptionz.com\/","logo":{"@type":"ImageObject","inLanguage":"cs","@id":"https:\/\/buy-prescriptionz.com\/#\/schema\/logo\/image\/","url":"https:\/\/buy-prescriptionz.com\/wp-content\/uploads\/2023\/09\/logo.png","contentUrl":"https:\/\/buy-prescriptionz.com\/wp-content\/uploads\/2023\/09\/logo.png","width":350,"height":64,"caption":"Buy Prescriptionz"},"image":{"@id":"https:\/\/buy-prescriptionz.com\/#\/schema\/logo\/image\/"}}]}},"_links":{"self":[{"href":"https:\/\/buy-prescriptionz.com\/cs\/wp-json\/wp\/v2\/product\/3043","targetHints":{"allow":["GET"]}}],"collection":[{"href":"https:\/\/buy-prescriptionz.com\/cs\/wp-json\/wp\/v2\/product"}],"about":[{"href":"https:\/\/buy-prescriptionz.com\/cs\/wp-json\/wp\/v2\/types\/product"}],"replies":[{"embeddable":true,"href":"https:\/\/buy-prescriptionz.com\/cs\/wp-json\/wp\/v2\/comments?post=3043"}],"wp:featuredmedia":[{"embeddable":true,"href":"https:\/\/buy-prescriptionz.com\/cs\/wp-json\/wp\/v2\/media\/3073"}],"wp:attachment":[{"href":"https:\/\/buy-prescriptionz.com\/cs\/wp-json\/wp\/v2\/media?parent=3043"}],"wp:term":[{"taxonomy":"product_brand","embeddable":true,"href":"https:\/\/buy-prescriptionz.com\/cs\/wp-json\/wp\/v2\/product_brand?post=3043"},{"taxonomy":"product_cat","embeddable":true,"href":"https:\/\/buy-prescriptionz.com\/cs\/wp-json\/wp\/v2\/product_cat?post=3043"},{"taxonomy":"product_tag","embeddable":true,"href":"https:\/\/buy-prescriptionz.com\/cs\/wp-json\/wp\/v2\/product_tag?post=3043"}],"curies":[{"name":"wp","href":"https:\/\/api.w.org\/{rel}","templated":true}]}}