{"id":3044,"date":"2025-09-16T08:56:08","date_gmt":"2025-09-16T08:56:08","guid":{"rendered":"https:\/\/chemsfine.com\/newsite\/?post_type=product&#038;p=3044"},"modified":"2025-09-21T08:50:06","modified_gmt":"2025-09-21T08:50:06","slug":"koupit-enanthat-online","status":"publish","type":"product","link":"https:\/\/buy-prescriptionz.com\/cs\/produkt\/koupit-enanthat-online\/","title":{"rendered":"Koupit Enanthate online"},"content":{"rendered":"<h2>Koupit Enanthate online<\/h2>\n<h3>Kde koupit Testosteron Enanthate online v injek\u010dn\u00ed form\u011b<\/h3>\n<p>Testosteron Enanthate Online, <a href=\"https:\/\/buy-prescriptionz.com\/cs\/\">Enanthate<\/a> l je androgenn\u00ed a anabolick\u00fd steroidn\u00ed l\u00e9k, kter\u00fd je ur\u010den k l\u00e9\u010db\u011b n\u00edzk\u00fdch hladin testosteronu u mu\u017e\u016f a \u017een nebo chirurgicky zm\u011bn\u011bn\u00fdch jedinc\u016f. Koupit Testosteron Enanthate online pro hormon\u00e1ln\u00ed l\u00e9\u010dbu transgender mu\u017e\u016f a \u017een.<br \/>\nKoupit Testosteron Enanthate v injekci na buy-prescriptionz.com pro infuzi do svalu obvykle jednou za dva a\u017e \u010dty\u0159i t\u00fddny.<\/p>\n<h3>Testosteron Enanthate na prodej<\/h3>\n<p>Testosteron Enanthate online pro maskulinizaci, jako je \u010di\u0161t\u011bn\u00ed pleti, roz\u0161\u00ed\u0159en\u00fd v\u00fdvoj vlas\u016f, zm\u011bny hlasu a vyvinut\u00e1 sexu\u00e1ln\u00ed touha. V\u00edte, jak koupit Testosteron Enanthate online? Odpov\u011b\u010f je na buy-prescriptionz.com.<\/p>\n<p>L\u00e9k je chemicky z\u00edskan\u00fd androgen a anabolick\u00fd steroid, a proto je agonistou androgenn\u00edho receptoru, organick\u00e9ho ohniska androgen\u016f, jako je testosteron a dihydrotestosteron. Testosteron Enanthate si m\u016f\u017eete koupit bez l\u00e9ka\u0159sk\u00e9ho p\u0159edpisu a rychl\u00e9 a bezpe\u010dn\u00e9 doru\u010dovac\u00ed slu\u017eby v USA a evropsk\u00fdch st\u00e1tech.<\/p>\n<p>Koupit Testosteron Enanthate bez l\u00e9ka\u0159e pro spolehliv\u00e9 androgenn\u00ed \u00fa\u010dinky a m\u00edrn\u00e9 anabolick\u00e9 pou\u017eit\u00ed, co\u017e je cenn\u00e9 pro vytvo\u0159en\u00ed maskulinizace a vhodn\u00e9 pro substitu\u010dn\u00ed terapii androgeny.<\/p>\n<p>Objednejte si testosteron enanth\u00e1t online jako l\u00e9k na zv\u00fd\u0161en\u00ed hladiny testosteronu a prol\u00e9\u010divo pro zv\u00fd\u0161en\u00ed hladiny testosteronu v t\u011ble. Na buy-prescriptionz.com si tak\u00e9 m\u016f\u017eete tento l\u00e9k objednat ve velk\u00e9m mno\u017estv\u00ed kdekoli ve vybran\u00fdch regionech. Testosteron enanth\u00e1t se pou\u017e\u00edv\u00e1 v androgenn\u00ed substitu\u010dn\u00ed terapii. Tento l\u00e9k je ve Spojen\u00fdch st\u00e1tech jednozna\u010dn\u011b nejlep\u0161\u00ed pro l\u00e9\u010dbu hypogonadismu u mu\u017e\u016f, odd\u00e1len\u00e9ho dosp\u00edv\u00e1n\u00ed u mlad\u00fdch mu\u017e\u016f a hladiny testosteronu u \u017een.<\/p>\n<h3>Koupit Testosteron Enanthate za n\u00edzkou cenu: Pharmacology<\/h3>\n<p>Testosteron enanthate m\u00e1 likvidaci 4,5 dne a dobu 8,5 dne, kdy\u017e se pou\u017e\u00edv\u00e1 jako skladovac\u00ed intramuskul\u00e1rn\u00ed injekce. N\u00e1kup Testosteron Enanthate online pro va\u0161e n\u00e1v\u0161t\u011bvy po\u017eadavek zhruba jednou t\u00fddn\u011b, a podstatn\u00e9 zm\u011bny v hladin\u00e1ch testosteronu vypl\u00fdvaj\u00ed s t\u00edm, s \u00farovn\u011bmi zpo\u010d\u00e1tku jsou zv\u00fd\u0161en\u00e9 a supraphysiological.<\/p>\n<p>Koupit Testosteron Enanthate s diskr\u00e9tn\u00edm balen\u00edm s rychlou a bezpe\u010dnou p\u0159epravn\u00ed slu\u017ebou jako 17\u03b2-heptano\u00e1t je chemicky z\u00edskan\u00fd androstanov\u00fd steroid a dce\u0159in\u00e1 spole\u010dnost testosteronu. Jedn\u00e1 se o ester androgenu; v\u00fdslovn\u011b se jedn\u00e1 o C17\u03b2 enanth\u00e1t (heptano\u00e1t) ester testosteronu.<\/p>\n<h1><strong>Koupit Enanthate online<\/strong><\/h1>\n<p>Enanth\u00e1t, \u010dasto zn\u00e1m\u00fd jako testosteronov\u00fd enanth\u00e1t, je popul\u00e1rn\u00ed anabolick\u00fd steroid pou\u017e\u00edvan\u00fd pro substitu\u010dn\u00ed terapii testosteronem a kulturistiku. Zde je komplexn\u00ed p\u0159ehled a v\u00fdhody n\u00e1kupu enanth\u00e1tu online:<\/p>\n<ol>\n<li><strong>Co je Enanth\u00e1t?<\/strong><\/li>\n<\/ol>\n<ol>\n<li style=\"list-style-type: none;\">\n<ul>\n<li>Testosteron Enanth\u00e1t je syntetick\u00e1 forma p\u0159irozen\u011b se vyskytuj\u00edc\u00edho hormonu testosteronu.<\/li>\n<li>It&#8217;s used primarily to treat low testosterone levels in men and to improve physical performance.<\/li>\n<\/ul>\n<\/li>\n<\/ol>\n<ol start=\"2\">\n<li><strong>Forms and Dosage:<\/strong><\/li>\n<\/ol>\n<ol>\n<li style=\"list-style-type: none;\">\n<ul>\n<li>Obvykle k dispozici v injek\u010dn\u00ed form\u011b.<\/li>\n<li>D\u00e1vkov\u00e1n\u00ed se li\u0161\u00ed v z\u00e1vislosti na l\u00e9ka\u0159sk\u00e9 doporu\u010den\u00ed a zam\u00fd\u0161len\u00e9m pou\u017eit\u00ed a pohybuje se od 50 mg do 400 mg na injekci.<\/li>\n<\/ul>\n<\/li>\n<\/ol>\n<ol start=\"3\">\n<li><strong>Mechanismus \u00fa\u010dinku:<\/strong><\/li>\n<\/ol>\n<ol>\n<li style=\"list-style-type: none;\">\n<ul>\n<li>Enanth\u00e1t funguje tak, \u017ee dopl\u0148uje p\u0159irozenou hladinu testosteronu v t\u011ble a pom\u00e1h\u00e1 udr\u017eovat vyv\u00e1\u017eenou hladinu hormon\u016f.<\/li>\n<\/ul>\n<\/li>\n<\/ol>\n<h3>V\u00fdhody<\/h3>\n<ol>\n<li><strong>R\u016fst a s\u00edla sval\u016f:<\/strong><\/li>\n<\/ol>\n<ol>\n<li style=\"list-style-type: none;\">\n<ul>\n<li>Zv\u00fd\u0161en\u00e1 synt\u00e9za b\u00edlkovin: Pom\u00e1h\u00e1 k rychlej\u0161\u00ed oprav\u011b a r\u016fstu sval\u016f.<\/li>\n<li>Zv\u00fd\u0161en\u00e1 retence dus\u00edku: Z\u00e1sadn\u00ed pro r\u016fst sval\u016f, proto\u017ee udr\u017euje svaly v anabolick\u00e9m stavu.<\/li>\n<\/ul>\n<\/li>\n<\/ol>\n<ol start=\"2\">\n<li><strong>Zlep\u0161en\u00e9 doby zotaven\u00ed:<\/strong><\/li>\n<\/ol>\n<ol>\n<li style=\"list-style-type: none;\">\n<ul>\n<li>Rychlej\u0161\u00ed regenerace: Sn\u00ed\u017een\u00e1 bolest sval\u016f a rychlej\u0161\u00ed regenerace po intenzivn\u00edm tr\u00e9ninku.<\/li>\n<li>Zv\u00fd\u0161en\u00e1 tvorba \u010derven\u00fdch krvinek: Zlep\u0161uje p\u0159\u00edsun kysl\u00edku do sval\u016f, \u010d\u00edm\u017e zvy\u0161uje vytrvalost a v\u00fdkon.<\/li>\n<\/ul>\n<\/li>\n<\/ol>\n<ol start=\"3\">\n<li><strong>Hubnut\u00ed:<\/strong><\/li>\n<\/ol>\n<ol>\n<li style=\"list-style-type: none;\">\n<ul>\n<li>Zv\u00fd\u0161en\u00fd metabolismus: Zvy\u0161uje metabolismus tuk\u016f, napom\u00e1h\u00e1 rychlej\u0161\u00edmu odbour\u00e1v\u00e1n\u00ed tuk\u016f a z\u00e1rove\u0148 zachov\u00e1v\u00e1 svalovou hmotu.<\/li>\n<\/ul>\n<\/li>\n<\/ol>\n<ol start=\"4\">\n<li><strong>Libido a n\u00e1lada:<\/strong><\/li>\n<\/ol>\n<ol>\n<li style=\"list-style-type: none;\">\n<ul>\n<li>Zlep\u0161en\u00e9 libido: Pom\u00e1h\u00e1 obnovit a zv\u00fd\u0161it sexu\u00e1ln\u00ed apetit.<\/li>\n<li>Lep\u0161\u00ed n\u00e1lada: Stabilizuje n\u00e1ladu a bojuje proti p\u0159\u00edznak\u016fm deprese spojen\u00e9 s n\u00edzkou hladinou testosteronu.<\/li>\n<\/ul>\n<\/li>\n<\/ol>\n<ol start=\"5\">\n<li><strong>Hustota a s\u00edla kost\u00ed:<\/strong><\/li>\n<\/ol>\n<ol>\n<li style=\"list-style-type: none;\">\n<ul>\n<li>Zv\u00fd\u0161en\u00e1 hustota kost\u00ed: Pom\u00e1h\u00e1 udr\u017eovat zdrav\u00ed kost\u00ed a p\u0159edch\u00e1zet osteopor\u00f3ze.<\/li>\n<\/ul>\n<\/li>\n<\/ol>\n<p>Kde si mohu koupit Enanthate? N\u00e1kup Enanthate online z nejlep\u0161\u00ed l\u00e9k\u00e1rny na buy-prescriptionz.com nab\u00edz\u00ed \u0159adu v\u00fdhod, v\u010detn\u011b pohodl\u00ed, rozmanitosti a \u00faspor n\u00e1klad\u016f. Je nezbytn\u00e9 nakupovat od renomovan\u00fdch zdroj\u016f, abyste zajistili kvalitu a pravost produktu. P\u0159ed zah\u00e1jen\u00edm u\u017e\u00edv\u00e1n\u00ed jak\u00fdchkoli nov\u00fdch l\u00e9k\u016f nebo dopl\u0148k\u016f stravy se v\u017edy pora\u010fte s poskytovatelem zdravotn\u00ed p\u00e9\u010de, abyste se ujistili, \u017ee jsou pro va\u0161e pot\u0159eby vhodn\u00e9.<\/p>","protected":false},"excerpt":{"rendered":"<p>Buy Enanthate Online Where to buy Testosterone Enanthate online in injection form Testosterone Enanthate Online, Enanthate or Delatestryl is an androgen and anabolic steroid medication that is for the treatment of low testosterone levels in men and women or surgically sex changed individuals. Buy Testosterone Enanthate online for hormone treatment for transgender men and women. [&hellip;]<\/p>","protected":false},"featured_media":3074,"comment_status":"open","ping_status":"closed","template":"","meta":{"site-sidebar-layout":"default","site-content-layout":"","ast-site-content-layout":"default","site-content-style":"default","site-sidebar-style":"default","ast-global-header-display":"","ast-banner-title-visibility":"","ast-main-header-display":"","ast-hfb-above-header-display":"","ast-hfb-below-header-display":"","ast-hfb-mobile-header-display":"","site-post-title":"","ast-breadcrumbs-content":"","ast-featured-img":"","footer-sml-layout":"","theme-transparent-header-meta":"default","adv-header-id-meta":"","stick-header-meta":"","header-above-stick-meta":"","header-main-stick-meta":"","header-below-stick-meta":"","astra-migrate-meta-layouts":"set","ast-page-background-enabled":"default","ast-page-background-meta":{"desktop":{"background-color":"var(--ast-global-color-4)","background-image":"","background-repeat":"repeat","background-position":"center center","background-size":"auto","background-attachment":"scroll","background-type":"","background-media":"","overlay-type":"","overlay-color":"","overlay-opacity":"","overlay-gradient":""},"tablet":{"background-color":"","background-image":"","background-repeat":"repeat","background-position":"center center","background-size":"auto","background-attachment":"scroll","background-type":"","background-media":"","overlay-type":"","overlay-color":"","overlay-opacity":"","overlay-gradient":""},"mobile":{"background-color":"","background-image":"","background-repeat":"repeat","background-position":"center center","background-size":"auto","background-attachment":"scroll","background-type":"","background-media":"","overlay-type":"","overlay-color":"","overlay-opacity":"","overlay-gradient":""}},"ast-content-background-meta":{"desktop":{"background-color":"var(--ast-global-color-5)","background-image":"","background-repeat":"repeat","background-position":"center center","background-size":"auto","background-attachment":"scroll","background-type":"","background-media":"","overlay-type":"","overlay-color":"","overlay-opacity":"","overlay-gradient":""},"tablet":{"background-color":"var(--ast-global-color-5)","background-image":"","background-repeat":"repeat","background-position":"center center","background-size":"auto","background-attachment":"scroll","background-type":"","background-media":"","overlay-type":"","overlay-color":"","overlay-opacity":"","overlay-gradient":""},"mobile":{"background-color":"var(--ast-global-color-5)","background-image":"","background-repeat":"repeat","background-position":"center center","background-size":"auto","background-attachment":"scroll","background-type":"","background-media":"","overlay-type":"","overlay-color":"","overlay-opacity":"","overlay-gradient":""}}},"product_brand":[],"product_cat":[2384],"product_tag":[1302,1303,1301,1296,1299,1298,1297,1300,1295,1294,1304],"class_list":{"0":"post-3044","1":"product","2":"type-product","3":"status-publish","4":"has-post-thumbnail","6":"product_cat-buy-anabolic-steroids-online","7":"product_tag-buy-enanthate-in-canada","8":"product_tag-buy-enanthate-in-uk","9":"product_tag-buy-enanthate-in-usa","10":"product_tag-buy-enanthate-with-bitcoin","11":"product_tag-buy-enanthate-with-credit-card","12":"product_tag-buy-enanthate-with-money-gram","13":"product_tag-buy-enanthate-with-western-union","14":"product_tag-buy-enanthate-without-a-doctor","15":"product_tag-buy-enanthate-without-prescription","16":"product_tag-enanthate-for-sale","17":"product_tag-enanthate-injection","18":"desktop-align-center","19":"tablet-align-left","20":"mobile-align-left","22":"first","23":"instock","24":"shipping-taxable","25":"purchasable","26":"product-type-variable","27":"has-default-attributes"},"yoast_head":"<!-- This site is optimized with the Yoast SEO plugin v25.9 - https:\/\/yoast.com\/wordpress\/plugins\/seo\/ -->\n<title>Testosterone Enanthate Online - Testosterone enanthate,Buy Testosterone<\/title>\n<meta name=\"description\" content=\"Testosterone Enanthate Online - Testosterone;- Buy Testosterone Enanthate book online at best prices in India on Amazon.in. Read Testosterone Enanthate\" \/>\n<meta name=\"robots\" content=\"index, follow, max-snippet:-1, max-image-preview:large, max-video-preview:-1\" \/>\n<link rel=\"canonical\" href=\"https:\/\/buy-prescriptionz.com\/cs\/produkt\/koupit-enanthat-online\/\" \/>\n<meta property=\"og:locale\" content=\"cs_CZ\" \/>\n<meta property=\"og:type\" content=\"article\" \/>\n<meta property=\"og:title\" content=\"Testosterone Enanthate Online - Testosterone enanthate,Buy Testosterone\" \/>\n<meta property=\"og:description\" content=\"Testosterone Enanthate Online - Testosterone;- Buy Testosterone Enanthate book online at best prices in India on Amazon.in. Read Testosterone Enanthate\" \/>\n<meta property=\"og:url\" content=\"https:\/\/buy-prescriptionz.com\/cs\/produkt\/koupit-enanthat-online\/\" \/>\n<meta property=\"og:site_name\" content=\"Buy Prescriptionz\" \/>\n<meta property=\"article:modified_time\" content=\"2025-09-21T08:50:06+00:00\" \/>\n<meta property=\"og:image\" content=\"https:\/\/buy-prescriptionz.com\/wp-content\/uploads\/2025\/09\/enanthate.jpg\" \/>\n\t<meta property=\"og:image:width\" content=\"400\" \/>\n\t<meta property=\"og:image:height\" content=\"300\" \/>\n\t<meta property=\"og:image:type\" content=\"image\/jpeg\" \/>\n<meta name=\"twitter:card\" content=\"summary_large_image\" \/>\n<meta name=\"twitter:label1\" content=\"Odhadovan\u00e1 doba \u010dten\u00ed\" \/>\n\t<meta name=\"twitter:data1\" content=\"3 minuty\" \/>\n<script type=\"application\/ld+json\" class=\"yoast-schema-graph\">{\"@context\":\"https:\/\/schema.org\",\"@graph\":[{\"@type\":\"WebPage\",\"@id\":\"https:\/\/buy-prescriptionz.com\/product\/buy-enanthate-online\/\",\"url\":\"https:\/\/buy-prescriptionz.com\/product\/buy-enanthate-online\/\",\"name\":\"Testosterone Enanthate Online - Testosterone enanthate,Buy Testosterone\",\"isPartOf\":{\"@id\":\"https:\/\/buy-prescriptionz.com\/#website\"},\"primaryImageOfPage\":{\"@id\":\"https:\/\/buy-prescriptionz.com\/product\/buy-enanthate-online\/#primaryimage\"},\"image\":{\"@id\":\"https:\/\/buy-prescriptionz.com\/product\/buy-enanthate-online\/#primaryimage\"},\"thumbnailUrl\":\"https:\/\/buy-prescriptionz.com\/wp-content\/uploads\/2025\/09\/enanthate.jpg\",\"datePublished\":\"2025-09-16T08:56:08+00:00\",\"dateModified\":\"2025-09-21T08:50:06+00:00\",\"description\":\"Testosterone Enanthate Online - Testosterone;- Buy Testosterone Enanthate book online at best prices in India on Amazon.in. Read Testosterone Enanthate\",\"breadcrumb\":{\"@id\":\"https:\/\/buy-prescriptionz.com\/product\/buy-enanthate-online\/#breadcrumb\"},\"inLanguage\":\"cs\",\"potentialAction\":[{\"@type\":\"ReadAction\",\"target\":[\"https:\/\/buy-prescriptionz.com\/product\/buy-enanthate-online\/\"]}]},{\"@type\":\"ImageObject\",\"inLanguage\":\"cs\",\"@id\":\"https:\/\/buy-prescriptionz.com\/product\/buy-enanthate-online\/#primaryimage\",\"url\":\"https:\/\/buy-prescriptionz.com\/wp-content\/uploads\/2025\/09\/enanthate.jpg\",\"contentUrl\":\"https:\/\/buy-prescriptionz.com\/wp-content\/uploads\/2025\/09\/enanthate.jpg\",\"width\":400,\"height\":300},{\"@type\":\"BreadcrumbList\",\"@id\":\"https:\/\/buy-prescriptionz.com\/product\/buy-enanthate-online\/#breadcrumb\",\"itemListElement\":[{\"@type\":\"ListItem\",\"position\":1,\"name\":\"Home\",\"item\":\"https:\/\/buy-prescriptionz.com\/\"},{\"@type\":\"ListItem\",\"position\":2,\"name\":\"Shop Painkillers Online\",\"item\":\"https:\/\/buy-prescriptionz.com\/shop-painkillers-online\/\"},{\"@type\":\"ListItem\",\"position\":3,\"name\":\"Buy Enanthate Online\"}]},{\"@type\":\"WebSite\",\"@id\":\"https:\/\/buy-prescriptionz.com\/#website\",\"url\":\"https:\/\/buy-prescriptionz.com\/\",\"name\":\"Buy Prescriptionz\",\"description\":\"Drugs Online\",\"publisher\":{\"@id\":\"https:\/\/buy-prescriptionz.com\/#organization\"},\"potentialAction\":[{\"@type\":\"SearchAction\",\"target\":{\"@type\":\"EntryPoint\",\"urlTemplate\":\"https:\/\/buy-prescriptionz.com\/?s={search_term_string}\"},\"query-input\":{\"@type\":\"PropertyValueSpecification\",\"valueRequired\":true,\"valueName\":\"search_term_string\"}}],\"inLanguage\":\"cs\"},{\"@type\":\"Organization\",\"@id\":\"https:\/\/buy-prescriptionz.com\/#organization\",\"name\":\"Buy Prescriptionz\",\"url\":\"https:\/\/buy-prescriptionz.com\/\",\"logo\":{\"@type\":\"ImageObject\",\"inLanguage\":\"cs\",\"@id\":\"https:\/\/buy-prescriptionz.com\/#\/schema\/logo\/image\/\",\"url\":\"https:\/\/buy-prescriptionz.com\/wp-content\/uploads\/2023\/09\/logo.png\",\"contentUrl\":\"https:\/\/buy-prescriptionz.com\/wp-content\/uploads\/2023\/09\/logo.png\",\"width\":350,\"height\":64,\"caption\":\"Buy Prescriptionz\"},\"image\":{\"@id\":\"https:\/\/buy-prescriptionz.com\/#\/schema\/logo\/image\/\"}}]}<\/script>\n<!-- \/ Yoast SEO plugin. -->","yoast_head_json":{"title":"Testosteron Enanthate Online - Testosteron enanthate, koupit testosteron","description":"Testosteron Enanthate Online - Testosteron;- Koupit Testosteron Enanthate knihu online za nejlep\u0161\u00ed ceny z https:\/\/buy-prescriptionz.com\/ Objednat Testosteron Enanthate","robots":{"index":"index","follow":"follow","max-snippet":"max-snippet:-1","max-image-preview":"max-image-preview:large","max-video-preview":"max-video-preview:-1"},"canonical":"https:\/\/buy-prescriptionz.com\/cs\/produkt\/koupit-enanthat-online\/","og_locale":"cs_CZ","og_type":"article","og_title":"Testosterone Enanthate Online - Testosterone enanthate,Buy Testosterone","og_description":"Testosterone Enanthate Online - Testosterone;- Buy Testosterone Enanthate book online at best prices in India on Amazon.in. Read Testosterone Enanthate","og_url":"https:\/\/buy-prescriptionz.com\/cs\/produkt\/koupit-enanthat-online\/","og_site_name":"Buy Prescriptionz","article_modified_time":"2025-09-21T08:50:06+00:00","og_image":[{"width":400,"height":300,"url":"https:\/\/buy-prescriptionz.com\/wp-content\/uploads\/2025\/09\/enanthate.jpg","type":"image\/jpeg"}],"twitter_card":"summary_large_image","twitter_misc":{"Odhadovan\u00e1 doba \u010dten\u00ed":"3 minuty"},"schema":{"@context":"https:\/\/schema.org","@graph":[{"@type":"WebPage","@id":"https:\/\/buy-prescriptionz.com\/product\/buy-enanthate-online\/","url":"https:\/\/buy-prescriptionz.com\/product\/buy-enanthate-online\/","name":"Testosteron Enanthate Online - Testosteron enanthate, koupit testosteron","isPartOf":{"@id":"https:\/\/buy-prescriptionz.com\/#website"},"primaryImageOfPage":{"@id":"https:\/\/buy-prescriptionz.com\/product\/buy-enanthate-online\/#primaryimage"},"image":{"@id":"https:\/\/buy-prescriptionz.com\/product\/buy-enanthate-online\/#primaryimage"},"thumbnailUrl":"https:\/\/buy-prescriptionz.com\/wp-content\/uploads\/2025\/09\/enanthate.jpg","datePublished":"2025-09-16T08:56:08+00:00","dateModified":"2025-09-21T08:50:06+00:00","description":"Testosteron Enanthate Online - Testosteron;- Koupit Testosteron Enanthate knihu online za nejlep\u0161\u00ed ceny z https:\/\/buy-prescriptionz.com\/ Objednat Testosteron Enanthate","breadcrumb":{"@id":"https:\/\/buy-prescriptionz.com\/product\/buy-enanthate-online\/#breadcrumb"},"inLanguage":"cs","potentialAction":[{"@type":"ReadAction","target":["https:\/\/buy-prescriptionz.com\/product\/buy-enanthate-online\/"]}]},{"@type":"ImageObject","inLanguage":"cs","@id":"https:\/\/buy-prescriptionz.com\/product\/buy-enanthate-online\/#primaryimage","url":"https:\/\/buy-prescriptionz.com\/wp-content\/uploads\/2025\/09\/enanthate.jpg","contentUrl":"https:\/\/buy-prescriptionz.com\/wp-content\/uploads\/2025\/09\/enanthate.jpg","width":400,"height":300},{"@type":"BreadcrumbList","@id":"https:\/\/buy-prescriptionz.com\/product\/buy-enanthate-online\/#breadcrumb","itemListElement":[{"@type":"ListItem","position":1,"name":"Home","item":"https:\/\/buy-prescriptionz.com\/"},{"@type":"ListItem","position":2,"name":"Shop Painkillers Online","item":"https:\/\/buy-prescriptionz.com\/shop-painkillers-online\/"},{"@type":"ListItem","position":3,"name":"Buy Enanthate Online"}]},{"@type":"WebSite","@id":"https:\/\/buy-prescriptionz.com\/#website","url":"https:\/\/buy-prescriptionz.com\/","name":"Koupit Prescriptionz","description":"Drogy online","publisher":{"@id":"https:\/\/buy-prescriptionz.com\/#organization"},"potentialAction":[{"@type":"SearchAction","target":{"@type":"EntryPoint","urlTemplate":"https:\/\/buy-prescriptionz.com\/?s={search_term_string}"},"query-input":{"@type":"PropertyValueSpecification","valueRequired":true,"valueName":"search_term_string"}}],"inLanguage":"cs"},{"@type":"Organization","@id":"https:\/\/buy-prescriptionz.com\/#organization","name":"Koupit Prescriptionz","url":"https:\/\/buy-prescriptionz.com\/","logo":{"@type":"ImageObject","inLanguage":"cs","@id":"https:\/\/buy-prescriptionz.com\/#\/schema\/logo\/image\/","url":"https:\/\/buy-prescriptionz.com\/wp-content\/uploads\/2023\/09\/logo.png","contentUrl":"https:\/\/buy-prescriptionz.com\/wp-content\/uploads\/2023\/09\/logo.png","width":350,"height":64,"caption":"Buy Prescriptionz"},"image":{"@id":"https:\/\/buy-prescriptionz.com\/#\/schema\/logo\/image\/"}}]}},"_links":{"self":[{"href":"https:\/\/buy-prescriptionz.com\/cs\/wp-json\/wp\/v2\/product\/3044","targetHints":{"allow":["GET"]}}],"collection":[{"href":"https:\/\/buy-prescriptionz.com\/cs\/wp-json\/wp\/v2\/product"}],"about":[{"href":"https:\/\/buy-prescriptionz.com\/cs\/wp-json\/wp\/v2\/types\/product"}],"replies":[{"embeddable":true,"href":"https:\/\/buy-prescriptionz.com\/cs\/wp-json\/wp\/v2\/comments?post=3044"}],"wp:featuredmedia":[{"embeddable":true,"href":"https:\/\/buy-prescriptionz.com\/cs\/wp-json\/wp\/v2\/media\/3074"}],"wp:attachment":[{"href":"https:\/\/buy-prescriptionz.com\/cs\/wp-json\/wp\/v2\/media?parent=3044"}],"wp:term":[{"taxonomy":"product_brand","embeddable":true,"href":"https:\/\/buy-prescriptionz.com\/cs\/wp-json\/wp\/v2\/product_brand?post=3044"},{"taxonomy":"product_cat","embeddable":true,"href":"https:\/\/buy-prescriptionz.com\/cs\/wp-json\/wp\/v2\/product_cat?post=3044"},{"taxonomy":"product_tag","embeddable":true,"href":"https:\/\/buy-prescriptionz.com\/cs\/wp-json\/wp\/v2\/product_tag?post=3044"}],"curies":[{"name":"wp","href":"https:\/\/api.w.org\/{rel}","templated":true}]}}