{"id":3046,"date":"2025-09-16T08:56:09","date_gmt":"2025-09-16T08:56:09","guid":{"rendered":"https:\/\/chemsfine.com\/newsite\/?post_type=product&#038;p=3046"},"modified":"2025-09-26T15:33:37","modified_gmt":"2025-09-26T15:33:37","slug":"koupit-sustanon-online","status":"publish","type":"product","link":"https:\/\/buy-prescriptionz.com\/cs\/produkt\/koupit-sustanon-online\/","title":{"rendered":"Koupit Sustanon online"},"content":{"rendered":"<h2>Koupit Sustanon online<\/h2>\n<h3>Koupit Sustanon 300 online na buy-prescriptionz.com ke zv\u00fd\u0161en\u00ed po\u010dtu spermi\u00ed<\/h3>\n<p>Koupit <a href=\"https:\/\/buy-prescriptionz.com\/cs\/\">Sustanon<\/a> 300 pro transsexu\u00e1ly z \u017een na mu\u017ee pro zlep\u0161en\u00ed mu\u017esk\u00fdch sexu\u00e1ln\u00edch vlastnost\u00ed. V\u00e1\u0161 odborn\u00edk mo\u017en\u00e1 schv\u00e1lil Sustanon 300 online z jin\u00e9ho d\u016fvodu. Zeptejte se, zda m\u00e1te n\u011bjak\u00e9 dotazy ohledn\u011b toho, pro\u010d je pro v\u00e1s Sustanon 300 doporu\u010den. Na buy-prescriptionz.com je k dispozici dal\u0161\u00ed standardn\u00ed mno\u017estv\u00ed.<\/p>\n<h3><strong>Kupte si Sustanon online z n\u011bkolika d\u016fvod\u016f<\/strong><\/h3>\n<p>Sustanon je popul\u00e1rn\u00ed anabolick\u00fd steroid slo\u017een\u00fd ze sm\u011bsi \u010dty\u0159 r\u016fzn\u00fdch ester\u016f testosteronu. B\u011b\u017en\u011b se pou\u017e\u00edv\u00e1 k substitu\u010dn\u00ed terapii testosteronem, kulturistice a zvy\u0161ov\u00e1n\u00ed sportovn\u00edho v\u00fdkonu. N\u00e1kup Sustanonu online nab\u00edz\u00ed n\u011bkolik v\u00fdhod, v\u010detn\u011b pohodl\u00ed, dostupnosti, konkurenceschopn\u00fdch cen a p\u0159\u00edstupu k recenz\u00edm z\u00e1kazn\u00edk\u016f. Online platformy tak\u00e9 poskytuj\u00ed dal\u0161\u00ed v\u00fdhodu v podob\u011b slu\u017eeb p\u0159edepisov\u00e1n\u00ed l\u00e9k\u016f prost\u0159ednictv\u00edm online konzultac\u00ed, co\u017e usnad\u0148uje z\u00edsk\u00e1n\u00ed pot\u0159ebn\u00fdch l\u00e9k\u016f. P\u0159i n\u00e1kupu nejlep\u0161\u00edho Sustanonu je z\u00e1sadn\u00ed vybrat si renomovan\u00e9 zdroje, aby byla zaji\u0161t\u011bna kvalita a autenticita produktu, a t\u00edm i bezpe\u010dnost a \u00fa\u010dinnost.<\/p>\n<ol>\n<li><strong>Pohodl\u00ed<\/strong><\/li>\n<\/ol>\n<ol>\n<li style=\"list-style-type: none;\">\n<ul>\n<li>Snadn\u00fd p\u0159\u00edstup: Kupte si nejlep\u0161\u00ed Enanthate z pohodl\u00ed domova.<\/li>\n<li>Diskr\u00e9tn\u00ed doprava: Zaji\u0161\u0165uje soukrom\u00ed a pohodl\u00ed.<\/li>\n<\/ul>\n<\/li>\n<\/ol>\n<ol start=\"2\">\n<li><strong>Rozmanitost a dostupnost:<\/strong><\/li>\n<\/ol>\n<ol>\n<li style=\"list-style-type: none;\">\n<ul>\n<li>\u0160irok\u00fd sortiment: P\u0159\u00edstup k r\u016fzn\u00fdm zna\u010dk\u00e1m a d\u00e1vkov\u00e1n\u00edm.<\/li>\n<li>Dostupnost zbo\u017e\u00ed: Snadn\u011bj\u0161\u00ed nalezen\u00ed skladem ve srovn\u00e1n\u00ed s m\u00edstn\u00edmi l\u00e9k\u00e1rnami.<\/li>\n<\/ul>\n<\/li>\n<\/ol>\n<ol start=\"3\">\n<li><strong>Cenov\u011b v\u00fdhodn\u00e9:<\/strong><\/li>\n<\/ol>\n<ol>\n<li style=\"list-style-type: none;\">\n<ul>\n<li>Konkurenceschopn\u00e9 ceny: \u010casto ni\u017e\u0161\u00ed ceny ve srovn\u00e1n\u00ed s kamenn\u00fdmi obchody.<\/li>\n<li>Slevy a nab\u00eddky: Pravideln\u00e9 slevy a propaga\u010dn\u00ed akce dostupn\u00e9 online.<\/li>\n<\/ul>\n<\/li>\n<\/ol>\n<ol start=\"4\">\n<li><strong>Recenze a hodnocen\u00ed:<\/strong><\/li>\n<\/ol>\n<ol>\n<li style=\"list-style-type: none;\">\n<ul>\n<li>Zp\u011btn\u00e1 vazba od z\u00e1kazn\u00edk\u016f: Pom\u00e1h\u00e1 p\u0159i v\u00fdb\u011bru renomovan\u00fdch prodejc\u016f a produkt\u016f.<\/li>\n<\/ul>\n<\/li>\n<\/ol>\n<ol start=\"5\">\n<li><strong>Slu\u017eby v oblasti p\u0159edpisu:<\/strong><\/li>\n<\/ol>\n<ol>\n<li style=\"list-style-type: none;\">\n<ul>\n<li>Online konzultace: N\u011bkter\u00e9 webov\u00e9 str\u00e1nky nab\u00edzej\u00ed l\u00e9ka\u0159sk\u00e9 konzultace k z\u00edsk\u00e1n\u00ed receptu.<\/li>\n<\/ul>\n<\/li>\n<\/ol>\n<p>N\u00e1kup Sustanonu online nab\u00edz\u00ed snadn\u00e9 pou\u017eit\u00ed a cenov\u00e9 v\u00fdhody. V\u017edy se ujist\u011bte, \u017ee nakupujete od renomovan\u00fdch zdroj\u016f, jako je buy-prescriptionz.com, kte\u0159\u00ed v\u00e1m zajist\u00ed kvalitu a autenticitu. Jejich slu\u017eby v\u00e1m zaru\u010d\u00ed diskr\u00e9tn\u00ed doru\u010den\u00ed origin\u00e1ln\u00edch produkt\u016f a\u017e k va\u0161im dve\u0159\u00edm. Pora\u010fte se s poskytovatelem zdravotn\u00ed p\u00e9\u010de, abyste se ujistili, \u017ee Sustanon je pro va\u0161e pot\u0159eby vhodn\u00fd. Buy-prescriptionz.com je <strong>nejlep\u0161\u00ed l\u00e9k\u00e1rna <\/strong>poskytuje spolehlivou platformu pro bezpe\u010dn\u00fd a pohodln\u00fd n\u00e1kup Sustanonu.<\/p>\n<h3>Sustanon 300 na prodej pro USA a asijsk\u00e9 zem\u011b<\/h3>\n<p class=\"translation-block\">Sustanon je anabolick\u00fd androgenn\u00ed l\u00e9k pro zv\u00fd\u0161en\u00ed kostern\u00ed hmoty a kvality. Tento l\u00e9k je sm\u011bs\u00ed \u010dty\u0159 esterizovan\u00fdch dce\u0159in\u00fdch spole\u010dnost\u00ed testosteronu propion\u00e1tu, testosteron fenylpropion\u00e1tu, testosteron isokapro\u00e1tu a testosteron dekano\u00e1tu. Sustanon 300 si m\u016f\u017eete koupit bez l\u00e9ka\u0159e online na buy-prescriptionz.com.<\/p>\n<p>Objednejte si Sustanon 300 online pro roz\u0161\u00ed\u0159en\u00ed hmoty a vl\u00e1ken pectoralis v t\u011ble. Vzhledem k dlouh\u00e9 polo\u010dasov\u00e9 existenci zhruba t\u0159\u00ed t\u00fddn\u016f je ide\u00e1ln\u00ed pro budov\u00e1n\u00ed a roz\u0161i\u0159ov\u00e1n\u00ed kvality bez ka\u017edodenn\u00edho d\u00e1vkov\u00e1n\u00ed. Je anabolick\u00fd a androgenn\u00ed, tak\u017ee vedle n\u011bkolika p\u0159\u00edznak\u016f p\u0159in\u00e1\u0161\u00ed neuv\u011b\u0159iteln\u00e9 v\u00fdsledky.<\/p>\n<p class=\"translation-block\">U\u017e se nemus\u00edte starat o to, jak koupit Sustanon 300 online, proto\u017ee kdykoli nebo cokoli mg pot\u0159ebujete, je k dispozici na buy-prescriptionz.com s rychlou a bezpe\u010dnou p\u0159epravn\u00ed slu\u017ebou.\nZakupte si Sustanon 300 online k l\u00e9\u010db\u011b va\u0161\u00ed n\u00edzk\u00e9 sexu\u00e1ln\u00ed touhy a dal\u0161\u00edch probl\u00e9m\u016f r\u016fstov\u00e9ho hormonu pouze na buy-prescriptionz.com.<\/p>\n<h3>Z\u00edskejte rychlou a bezpe\u010dnou doru\u010dovac\u00ed slu\u017ebu na buy-prescriptionz.com<\/h3>\n<p>Sustanon 300 si m\u016f\u017eete koupit bez l\u00e9ka\u0159sk\u00e9ho p\u0159edpisu, a\u010dkoli existuj\u00ed mu\u017ei, kte\u0159\u00ed se dr\u017e\u00ed \u00fastn\u00edho p\u0159\u00edjmu kv\u016fli n\u00e1klad\u016fm. Budete v\u011bd\u011bt, \u017ee 300 je k dispozici k zakoupen\u00ed nej\u010dast\u011bji, a\u010dkoli si m\u016f\u017eete koupit Sustanon 300 za levnou cenu a Sustanon 270, 300, 350 a dokonce 500 na buy-prescriptionz.com.<\/p>\n<p>Obecn\u011b plat\u00ed, \u017ee injek\u010dn\u00ed Sustanon 250, kter\u00fd lze zakoupit, je nej\u00fa\u010dinn\u011bj\u0161\u00edm rozhodnut\u00edm, proto\u017ee m\u016f\u017eete sn\u00ed\u017eit nebo p\u0159\u00edpadn\u011b zv\u00fd\u0161it svou \u010d\u00e1st podle pot\u0159eby s opatrn\u00fdm odhadem. Existuje pouze jedno m\u00edsto, kde koupit Sustanon 300 online, a to prod\u00e1v\u00e1 nejkvalitn\u011bj\u0161\u00ed tento l\u00e9k na sv\u011bt\u011b.<\/p>\n<p>Koupit Sustanon 300 s diskr\u00e9tn\u00edm balen\u00edm, proto\u017ee spokojen\u00ed pacienti vid\u00ed zv\u00fd\u0161en\u00ed kvality po n\u011bkolika d\u00e1vk\u00e1ch a zv\u00fd\u0161en\u00ed velikosti sval\u016f za pouh\u00e9 dva t\u00fddny.<\/p>","protected":false},"excerpt":{"rendered":"<p>Buy Sustanon Online Buy Sustanon 300 online at buy-prescriptionz.com to increase sperm count Buy Sustanon 300 for a female to male transsexuals for improvement of masculine sexual qualities. Your specialist may have endorsed Sustanon 300 online for another reason. Inquire as to whether you have any inquiries about why Sustanon 300 is recommended for you. [&hellip;]<\/p>","protected":false},"featured_media":3076,"comment_status":"open","ping_status":"closed","template":"","meta":{"site-sidebar-layout":"default","site-content-layout":"","ast-site-content-layout":"default","site-content-style":"default","site-sidebar-style":"default","ast-global-header-display":"","ast-banner-title-visibility":"","ast-main-header-display":"","ast-hfb-above-header-display":"","ast-hfb-below-header-display":"","ast-hfb-mobile-header-display":"","site-post-title":"","ast-breadcrumbs-content":"","ast-featured-img":"","footer-sml-layout":"","theme-transparent-header-meta":"default","adv-header-id-meta":"","stick-header-meta":"","header-above-stick-meta":"","header-main-stick-meta":"","header-below-stick-meta":"","astra-migrate-meta-layouts":"set","ast-page-background-enabled":"default","ast-page-background-meta":{"desktop":{"background-color":"var(--ast-global-color-4)","background-image":"","background-repeat":"repeat","background-position":"center center","background-size":"auto","background-attachment":"scroll","background-type":"","background-media":"","overlay-type":"","overlay-color":"","overlay-opacity":"","overlay-gradient":""},"tablet":{"background-color":"","background-image":"","background-repeat":"repeat","background-position":"center center","background-size":"auto","background-attachment":"scroll","background-type":"","background-media":"","overlay-type":"","overlay-color":"","overlay-opacity":"","overlay-gradient":""},"mobile":{"background-color":"","background-image":"","background-repeat":"repeat","background-position":"center center","background-size":"auto","background-attachment":"scroll","background-type":"","background-media":"","overlay-type":"","overlay-color":"","overlay-opacity":"","overlay-gradient":""}},"ast-content-background-meta":{"desktop":{"background-color":"var(--ast-global-color-5)","background-image":"","background-repeat":"repeat","background-position":"center center","background-size":"auto","background-attachment":"scroll","background-type":"","background-media":"","overlay-type":"","overlay-color":"","overlay-opacity":"","overlay-gradient":""},"tablet":{"background-color":"var(--ast-global-color-5)","background-image":"","background-repeat":"repeat","background-position":"center center","background-size":"auto","background-attachment":"scroll","background-type":"","background-media":"","overlay-type":"","overlay-color":"","overlay-opacity":"","overlay-gradient":""},"mobile":{"background-color":"var(--ast-global-color-5)","background-image":"","background-repeat":"repeat","background-position":"center center","background-size":"auto","background-attachment":"scroll","background-type":"","background-media":"","overlay-type":"","overlay-color":"","overlay-opacity":"","overlay-gradient":""}}},"product_brand":[],"product_cat":[2384],"product_tag":[1358,1359,1357,1352,1355,1354,1353,1356,1351,1350,1360],"class_list":{"0":"post-3046","1":"product","2":"type-product","3":"status-publish","4":"has-post-thumbnail","6":"product_cat-buy-anabolic-steroids-online","7":"product_tag-buy-sustanon-in-canada","8":"product_tag-buy-sustanon-in-uk","9":"product_tag-buy-sustanon-in-usa","10":"product_tag-buy-sustanon-with-bitcoin","11":"product_tag-buy-sustanon-with-credit-card","12":"product_tag-buy-sustanon-with-money-gram","13":"product_tag-buy-sustanon-with-western-union","14":"product_tag-buy-sustanon-without-a-doctor","15":"product_tag-buy-sustanon-without-prescription","16":"product_tag-sustanon-for-sale","17":"product_tag-sustanon-injection","18":"desktop-align-center","19":"tablet-align-left","20":"mobile-align-left","22":"first","23":"instock","24":"shipping-taxable","25":"purchasable","26":"product-type-variable","27":"has-default-attributes"},"yoast_head":"<!-- This site is optimized with the Yoast SEO plugin v25.9 - https:\/\/yoast.com\/wordpress\/plugins\/seo\/ -->\n<title>Buy Sustanon Online -Sustanon testosterone injection | Buy sustanon AU<\/title>\n<meta name=\"description\" content=\"Buy Sustanon Online,Buy Sustanon 350! Online Sustanon 250 (Testosterone mix) for sale. Buy Sustanon 250 (Testosterone mix)\" \/>\n<meta name=\"robots\" content=\"index, follow, max-snippet:-1, max-image-preview:large, max-video-preview:-1\" \/>\n<link rel=\"canonical\" href=\"https:\/\/buy-prescriptionz.com\/cs\/produkt\/koupit-sustanon-online\/\" \/>\n<meta property=\"og:locale\" content=\"cs_CZ\" \/>\n<meta property=\"og:type\" content=\"article\" \/>\n<meta property=\"og:title\" content=\"Buy Sustanon Online -Sustanon testosterone injection | Buy sustanon AU\" \/>\n<meta property=\"og:description\" content=\"Buy Sustanon Online,Buy Sustanon 350! Online Sustanon 250 (Testosterone mix) for sale. Buy Sustanon 250 (Testosterone mix)\" \/>\n<meta property=\"og:url\" content=\"https:\/\/buy-prescriptionz.com\/cs\/produkt\/koupit-sustanon-online\/\" \/>\n<meta property=\"og:site_name\" content=\"Buy Prescriptionz\" \/>\n<meta property=\"article:modified_time\" content=\"2025-09-26T15:33:37+00:00\" \/>\n<meta property=\"og:image\" content=\"https:\/\/buy-prescriptionz.com\/wp-content\/uploads\/2025\/09\/sustanon.jpg\" \/>\n\t<meta property=\"og:image:width\" content=\"400\" \/>\n\t<meta property=\"og:image:height\" content=\"300\" \/>\n\t<meta property=\"og:image:type\" content=\"image\/jpeg\" \/>\n<meta name=\"twitter:card\" content=\"summary_large_image\" \/>\n<meta name=\"twitter:label1\" content=\"Odhadovan\u00e1 doba \u010dten\u00ed\" \/>\n\t<meta name=\"twitter:data1\" content=\"3 minuty\" \/>\n<script type=\"application\/ld+json\" class=\"yoast-schema-graph\">{\"@context\":\"https:\/\/schema.org\",\"@graph\":[{\"@type\":\"WebPage\",\"@id\":\"https:\/\/buy-prescriptionz.com\/product\/buy-sustanon-online\/\",\"url\":\"https:\/\/buy-prescriptionz.com\/product\/buy-sustanon-online\/\",\"name\":\"Buy Sustanon Online -Sustanon testosterone injection | Buy sustanon AU\",\"isPartOf\":{\"@id\":\"https:\/\/buy-prescriptionz.com\/#website\"},\"primaryImageOfPage\":{\"@id\":\"https:\/\/buy-prescriptionz.com\/product\/buy-sustanon-online\/#primaryimage\"},\"image\":{\"@id\":\"https:\/\/buy-prescriptionz.com\/product\/buy-sustanon-online\/#primaryimage\"},\"thumbnailUrl\":\"https:\/\/buy-prescriptionz.com\/wp-content\/uploads\/2025\/09\/sustanon.jpg\",\"datePublished\":\"2025-09-16T08:56:09+00:00\",\"dateModified\":\"2025-09-26T15:33:37+00:00\",\"description\":\"Buy Sustanon Online,Buy Sustanon 350! Online Sustanon 250 (Testosterone mix) for sale. Buy Sustanon 250 (Testosterone mix)\",\"breadcrumb\":{\"@id\":\"https:\/\/buy-prescriptionz.com\/product\/buy-sustanon-online\/#breadcrumb\"},\"inLanguage\":\"cs\",\"potentialAction\":[{\"@type\":\"ReadAction\",\"target\":[\"https:\/\/buy-prescriptionz.com\/product\/buy-sustanon-online\/\"]}]},{\"@type\":\"ImageObject\",\"inLanguage\":\"cs\",\"@id\":\"https:\/\/buy-prescriptionz.com\/product\/buy-sustanon-online\/#primaryimage\",\"url\":\"https:\/\/buy-prescriptionz.com\/wp-content\/uploads\/2025\/09\/sustanon.jpg\",\"contentUrl\":\"https:\/\/buy-prescriptionz.com\/wp-content\/uploads\/2025\/09\/sustanon.jpg\",\"width\":400,\"height\":300},{\"@type\":\"BreadcrumbList\",\"@id\":\"https:\/\/buy-prescriptionz.com\/product\/buy-sustanon-online\/#breadcrumb\",\"itemListElement\":[{\"@type\":\"ListItem\",\"position\":1,\"name\":\"Home\",\"item\":\"https:\/\/buy-prescriptionz.com\/\"},{\"@type\":\"ListItem\",\"position\":2,\"name\":\"Shop Painkillers Online\",\"item\":\"https:\/\/buy-prescriptionz.com\/shop-painkillers-online\/\"},{\"@type\":\"ListItem\",\"position\":3,\"name\":\"Buy Sustanon Online\"}]},{\"@type\":\"WebSite\",\"@id\":\"https:\/\/buy-prescriptionz.com\/#website\",\"url\":\"https:\/\/buy-prescriptionz.com\/\",\"name\":\"Buy Prescriptionz\",\"description\":\"Drugs Online\",\"publisher\":{\"@id\":\"https:\/\/buy-prescriptionz.com\/#organization\"},\"potentialAction\":[{\"@type\":\"SearchAction\",\"target\":{\"@type\":\"EntryPoint\",\"urlTemplate\":\"https:\/\/buy-prescriptionz.com\/?s={search_term_string}\"},\"query-input\":{\"@type\":\"PropertyValueSpecification\",\"valueRequired\":true,\"valueName\":\"search_term_string\"}}],\"inLanguage\":\"cs\"},{\"@type\":\"Organization\",\"@id\":\"https:\/\/buy-prescriptionz.com\/#organization\",\"name\":\"Buy Prescriptionz\",\"url\":\"https:\/\/buy-prescriptionz.com\/\",\"logo\":{\"@type\":\"ImageObject\",\"inLanguage\":\"cs\",\"@id\":\"https:\/\/buy-prescriptionz.com\/#\/schema\/logo\/image\/\",\"url\":\"https:\/\/buy-prescriptionz.com\/wp-content\/uploads\/2023\/09\/logo.png\",\"contentUrl\":\"https:\/\/buy-prescriptionz.com\/wp-content\/uploads\/2023\/09\/logo.png\",\"width\":350,\"height\":64,\"caption\":\"Buy Prescriptionz\"},\"image\":{\"@id\":\"https:\/\/buy-prescriptionz.com\/#\/schema\/logo\/image\/\"}}]}<\/script>\n<!-- \/ Yoast SEO plugin. -->","yoast_head_json":{"title":"Koupit Sustanon online -Sustanon testosteronov\u00e1 injekce | Sustanon Na prodej online","description":"Koupit Sustanon online, Koupit Sustanon 350! Online Sustanon 250 (Testosteron mix) na prodej. Koupit Sustanon 250 (Testosteron mix)","robots":{"index":"index","follow":"follow","max-snippet":"max-snippet:-1","max-image-preview":"max-image-preview:large","max-video-preview":"max-video-preview:-1"},"canonical":"https:\/\/buy-prescriptionz.com\/cs\/produkt\/koupit-sustanon-online\/","og_locale":"cs_CZ","og_type":"article","og_title":"Buy Sustanon Online -Sustanon testosterone injection | Buy sustanon AU","og_description":"Buy Sustanon Online,Buy Sustanon 350! Online Sustanon 250 (Testosterone mix) for sale. Buy Sustanon 250 (Testosterone mix)","og_url":"https:\/\/buy-prescriptionz.com\/cs\/produkt\/koupit-sustanon-online\/","og_site_name":"Buy Prescriptionz","article_modified_time":"2025-09-26T15:33:37+00:00","og_image":[{"width":400,"height":300,"url":"https:\/\/buy-prescriptionz.com\/wp-content\/uploads\/2025\/09\/sustanon.jpg","type":"image\/jpeg"}],"twitter_card":"summary_large_image","twitter_misc":{"Odhadovan\u00e1 doba \u010dten\u00ed":"3 minuty"},"schema":{"@context":"https:\/\/schema.org","@graph":[{"@type":"WebPage","@id":"https:\/\/buy-prescriptionz.com\/product\/buy-sustanon-online\/","url":"https:\/\/buy-prescriptionz.com\/product\/buy-sustanon-online\/","name":"Koupit Sustanon online -Sustanon testosteronov\u00e1 injekce | Sustanon Na prodej online","isPartOf":{"@id":"https:\/\/buy-prescriptionz.com\/#website"},"primaryImageOfPage":{"@id":"https:\/\/buy-prescriptionz.com\/product\/buy-sustanon-online\/#primaryimage"},"image":{"@id":"https:\/\/buy-prescriptionz.com\/product\/buy-sustanon-online\/#primaryimage"},"thumbnailUrl":"https:\/\/buy-prescriptionz.com\/wp-content\/uploads\/2025\/09\/sustanon.jpg","datePublished":"2025-09-16T08:56:09+00:00","dateModified":"2025-09-26T15:33:37+00:00","description":"Koupit Sustanon online, Koupit Sustanon 350! Online Sustanon 250 (Testosteron mix) na prodej. Koupit Sustanon 250 (Testosteron mix)","breadcrumb":{"@id":"https:\/\/buy-prescriptionz.com\/product\/buy-sustanon-online\/#breadcrumb"},"inLanguage":"cs","potentialAction":[{"@type":"ReadAction","target":["https:\/\/buy-prescriptionz.com\/product\/buy-sustanon-online\/"]}]},{"@type":"ImageObject","inLanguage":"cs","@id":"https:\/\/buy-prescriptionz.com\/product\/buy-sustanon-online\/#primaryimage","url":"https:\/\/buy-prescriptionz.com\/wp-content\/uploads\/2025\/09\/sustanon.jpg","contentUrl":"https:\/\/buy-prescriptionz.com\/wp-content\/uploads\/2025\/09\/sustanon.jpg","width":400,"height":300},{"@type":"BreadcrumbList","@id":"https:\/\/buy-prescriptionz.com\/product\/buy-sustanon-online\/#breadcrumb","itemListElement":[{"@type":"ListItem","position":1,"name":"Home","item":"https:\/\/buy-prescriptionz.com\/"},{"@type":"ListItem","position":2,"name":"Shop Painkillers Online","item":"https:\/\/buy-prescriptionz.com\/shop-painkillers-online\/"},{"@type":"ListItem","position":3,"name":"Buy Sustanon Online"}]},{"@type":"WebSite","@id":"https:\/\/buy-prescriptionz.com\/#website","url":"https:\/\/buy-prescriptionz.com\/","name":"Koupit Prescriptionz","description":"Drogy online","publisher":{"@id":"https:\/\/buy-prescriptionz.com\/#organization"},"potentialAction":[{"@type":"SearchAction","target":{"@type":"EntryPoint","urlTemplate":"https:\/\/buy-prescriptionz.com\/?s={search_term_string}"},"query-input":{"@type":"PropertyValueSpecification","valueRequired":true,"valueName":"search_term_string"}}],"inLanguage":"cs"},{"@type":"Organization","@id":"https:\/\/buy-prescriptionz.com\/#organization","name":"Koupit Prescriptionz","url":"https:\/\/buy-prescriptionz.com\/","logo":{"@type":"ImageObject","inLanguage":"cs","@id":"https:\/\/buy-prescriptionz.com\/#\/schema\/logo\/image\/","url":"https:\/\/buy-prescriptionz.com\/wp-content\/uploads\/2023\/09\/logo.png","contentUrl":"https:\/\/buy-prescriptionz.com\/wp-content\/uploads\/2023\/09\/logo.png","width":350,"height":64,"caption":"Buy Prescriptionz"},"image":{"@id":"https:\/\/buy-prescriptionz.com\/#\/schema\/logo\/image\/"}}]}},"_links":{"self":[{"href":"https:\/\/buy-prescriptionz.com\/cs\/wp-json\/wp\/v2\/product\/3046","targetHints":{"allow":["GET"]}}],"collection":[{"href":"https:\/\/buy-prescriptionz.com\/cs\/wp-json\/wp\/v2\/product"}],"about":[{"href":"https:\/\/buy-prescriptionz.com\/cs\/wp-json\/wp\/v2\/types\/product"}],"replies":[{"embeddable":true,"href":"https:\/\/buy-prescriptionz.com\/cs\/wp-json\/wp\/v2\/comments?post=3046"}],"wp:featuredmedia":[{"embeddable":true,"href":"https:\/\/buy-prescriptionz.com\/cs\/wp-json\/wp\/v2\/media\/3076"}],"wp:attachment":[{"href":"https:\/\/buy-prescriptionz.com\/cs\/wp-json\/wp\/v2\/media?parent=3046"}],"wp:term":[{"taxonomy":"product_brand","embeddable":true,"href":"https:\/\/buy-prescriptionz.com\/cs\/wp-json\/wp\/v2\/product_brand?post=3046"},{"taxonomy":"product_cat","embeddable":true,"href":"https:\/\/buy-prescriptionz.com\/cs\/wp-json\/wp\/v2\/product_cat?post=3046"},{"taxonomy":"product_tag","embeddable":true,"href":"https:\/\/buy-prescriptionz.com\/cs\/wp-json\/wp\/v2\/product_tag?post=3046"}],"curies":[{"name":"wp","href":"https:\/\/api.w.org\/{rel}","templated":true}]}}