{"id":3048,"date":"2025-09-16T08:56:09","date_gmt":"2025-09-16T08:56:09","guid":{"rendered":"https:\/\/chemsfine.com\/newsite\/?post_type=product&#038;p=3048"},"modified":"2025-09-24T11:10:48","modified_gmt":"2025-09-24T11:10:48","slug":"koupit-omnadren-online","status":"publish","type":"product","link":"https:\/\/buy-prescriptionz.com\/cs\/produkt\/koupit-omnadren-online\/","title":{"rendered":"Koupit Omnadren online"},"content":{"rendered":"<h2>Koupit Omnadren online<\/h2>\n<h3>Omnadren 250 (Sustanon) od Elfy | Sm\u011bs testosteronu<\/h3>\n<p>Omnadren 250 na prodej, Omnadren zvy\u0161uje svalovou vytrvalost a jakmile si omnadren koup\u00edte online, m\u016f\u017eete ho pou\u017e\u00edvat sami a za\u017e\u00edt rozd\u00edl. Je to perfektn\u00ed steroid pro v\u0161echny sportovce, kter\u00fd pou\u017e\u00edvaj\u00ed po cel\u00e9m sv\u011bt\u011b. Omnadren 250 je injek\u010dn\u00ed anabolika skl\u00e1daj\u00edc\u00ed se z 30 mg testosteron propion\u00e1tu, 60 mg testosteron fenylpropion\u00e1tu, 60 mg testosteron isohexano\u00e1tu a 100 mg testosteron hexano\u00e1tu. Tato slou\u010denina m\u00e1 vysok\u00e9 androgenn\u00ed \u00fa\u010dinky, zp\u016fsobuje rychl\u00fd r\u016fst sval\u016f a zv\u00fd\u0161en\u00ed s\u00edly, stejn\u011b jako celkov\u00fd pocit pohody a zv\u00fd\u0161enou sexu\u00e1ln\u00ed touhu. Omnadren zabra\u0148uje vzniku zran\u011bn\u00ed, proto\u017ee promaz\u00e1v\u00e1 klouby ukl\u00e1d\u00e1n\u00edm tekutiny v pojivov\u00fdch tk\u00e1n\u00edch a je pova\u017eov\u00e1n za \u00fa\u010dinnou antikatabolickou slou\u010deninu. Jeho aktivn\u00ed \u017eivotnost je p\u0159ibli\u017en\u011b 18 dn\u00ed.<\/p>\n<p>Omnadren 250 se obvykle aplikuje injek\u010dn\u011b alespo\u0148 jednou t\u00fddn\u011b v d\u00e1vce 400-1200 mg t\u00fddn\u011b u mu\u017e\u016f, zat\u00edmco sportovkyn\u011b by m\u011bly pou\u017e\u00edvat mnohem pomalej\u0161\u00ed d\u00e1vky nebo se mu v\u016fbec vyhnout. Omnadren 250 lze kombinovat s Equipoise nebo Deca Durabolinem nebo peror\u00e1ln\u00edmi steroidy, jako je Anadrol nebo Anabol, pro dosa\u017een\u00ed objemov\u00e9ho efektu. U\u017e\u00edv\u00e1n\u00ed Omnadrenu 250 sni\u017euje p\u0159irozenou produkci testosteronu v t\u011ble a m\u011bl by se u\u017e\u00edvat na konci cyklu v kombinaci s Nolvadexem, HCG a Clomidem po dobu p\u0159ibli\u017en\u011b 3 t\u00fddn\u016f pro \u00fa\u010dinnou obnovu lidsk\u00e9ho t\u011bla. \u017deny mohou p\u0159i u\u017e\u00edv\u00e1n\u00ed Omnadrenu poci\u0165ovat typick\u00e9 viriliza\u010dn\u00ed \u00fa\u010dinky, zat\u00edmco mu\u017e\u0161t\u00ed sportovci mohou poci\u0165ovat bolestivou erekci penisu, zvracen\u00ed, nevolnost, zv\u00fd\u0161en\u00fd krevn\u00ed tlak, zv\u00fd\u0161en\u00fd cholesterol v s\u00e9ru, zm\u011bny n\u00e1lad a agresivitu.<\/p>\n<p>Pou\u017eit\u00ed \u2013 substitu\u010dn\u00ed terapie testosteronem (TRT)<\/p>\n<p>Ne\u017e\u00e1douc\u00ed \u00fa\u010dinky \u2013 z\u00e1t\u011b\u017e srdce, mastn\u00e1 ple\u0165, probl\u00e9my s j\u00e1try, akn\u00e9<\/p>\n<p>Kupte si omnadren online bez p\u0159edpisu a pou\u017e\u00edvejte ho ke zv\u00fd\u0161en\u00ed hladiny testosteronu, aby dos\u00e1hla norm\u00e1ln\u00edho rozmez\u00ed, jako je tomu u TRT. Omnadren si tak\u00e9 m\u016f\u017eete koupit a sami se p\u0159esv\u011bd\u010dit o jeho terapeutick\u00fdch v\u00fdhod\u00e1ch. Omnadren je \u010dasto k dispozici k prodeji, co\u017e v\u00e1m \u00fakol jen usnadn\u00ed.<\/p>\n<h3>P\u0159ehled a v\u00fdhody n\u00e1kupu Omnadrenu online<\/h3>\n<p>Omnadren je sm\u011bs \u010dty\u0159 r\u016fzn\u00fdch ester\u016f testosteronu, kter\u00e1 poskytuje jak rychl\u00fd, tak dlouhotrvaj\u00edc\u00ed \u00fa\u010dinek, co\u017e z n\u011bj \u010din\u00ed obl\u00edbenou volbu pro substitu\u010dn\u00ed terapii testosteronem a zv\u00fd\u0161en\u00ed v\u00fdkonu v kulturistice. Tento anabolick\u00fd steroid nab\u00edz\u00ed n\u011bkolik v\u00fdhod, v\u010detn\u011b stabiln\u00ed hladiny testosteronu, zlep\u0161en\u00ed n\u00e1lady a pohody, v\u00fdznamn\u00e9ho r\u016fstu sval\u016f a s\u00edly, zlep\u0161en\u00ed atletick\u00e9ho v\u00fdkonu, rychlej\u0161\u00ed regenerace, zv\u00fd\u0161en\u00ed metabolismu pro odbour\u00e1v\u00e1n\u00ed tuk\u016f a zlep\u0161en\u00ed libida a sexu\u00e1ln\u00edho zdrav\u00ed.<\/p>\n<p>Sm\u011bs zaji\u0161\u0165uje vyv\u00e1\u017een\u00e9 hladiny hormon\u016f, zvy\u0161uje synt\u00e9zu svalov\u00fdch b\u00edlkovin, zadr\u017euje dus\u00edk ve svalech, zvy\u0161uje produkci \u010derven\u00fdch krvinek a podporuje celkovou rekonstrukci t\u011bla t\u00edm, \u017ee podporuje r\u016fst sval\u016f a sou\u010dasnou ztr\u00e1tu tuku.<\/p>\n<h3>Ne\u017e\u00e1douc\u00ed \u00fa\u010dinky Omnadrenu<\/h3>\n<p>P\u0159esto\u017ee Omnadren nab\u00edz\u00ed mnoho v\u00fdhod, je d\u016fle\u017eit\u00e9 si b\u00fdt v\u011bdom potenci\u00e1ln\u00edch vedlej\u0161\u00edch \u00fa\u010dink\u016f. Mezi b\u011b\u017en\u00e9 ne\u017e\u00e1douc\u00ed \u00fa\u010dinky pat\u0159\u00ed akn\u00e9, vypad\u00e1v\u00e1n\u00ed vlas\u016f a zv\u00fd\u0161en\u00e9 ochlupen\u00ed na t\u011ble v d\u016fsledku jeho androgenn\u00edch vlastnost\u00ed. N\u011bkte\u0159\u00ed u\u017eivatel\u00e9 mohou poci\u0165ovat zadr\u017eov\u00e1n\u00ed vody a nad\u00fdm\u00e1n\u00ed, co\u017e m\u016f\u017ee v\u00e9st k hypertenzi. Gynekomastie, neboli v\u00fdvoj prsn\u00ed tk\u00e1n\u011b u mu\u017e\u016f, se m\u016f\u017ee objevit v d\u016fsledku zv\u00fd\u0161en\u00e9 hladiny estrogenu. Omnadren m\u016f\u017ee nav\u00edc negativn\u011b ovlivnit hladinu cholesterolu, co\u017e zvy\u0161uje riziko kardiovaskul\u00e1rn\u00edch probl\u00e9m\u016f. Dlouhodob\u00e9 u\u017e\u00edv\u00e1n\u00ed nebo vysok\u00e9 d\u00e1vky mohou potla\u010dit p\u0159irozenou produkci testosteronu, co\u017e vede k atrofii varlat. Jatern\u00ed toxicita je u injek\u010dn\u00edch forem obecn\u011b n\u00edzk\u00e1, ale doporu\u010duje se sledovat jatern\u00ed funkci. Pro zm\u00edrn\u011bn\u00ed t\u011bchto rizik je nezbytn\u00e9 u\u017e\u00edvat Omnadren pod l\u00e9ka\u0159sk\u00fdm dohledem, dodr\u017eovat doporu\u010den\u00e9 d\u00e1vkov\u00e1n\u00ed a prov\u00e1d\u011bt pravideln\u00e9 zdravotn\u00ed kontroly.<\/p>\n<p>Nolvadex si m\u016f\u017eete koupit na spolehliv\u00fdch a snadno pou\u017eiteln\u00fdch webov\u00fdch str\u00e1nk\u00e1ch, jako je nap\u0159\u00edklad nejlep\u0161\u00ed l\u00e9k\u00e1rna buy-prescriptionz.com. Tato platforma je zn\u00e1m\u00e1 sv\u00fdmi origin\u00e1ln\u00edmi produkty, diskr\u00e9tn\u00edmi zp\u016fsoby dopravy, konkurenceschopn\u00fdmi cenami a dal\u0161\u00edmi v\u00fdhodami. Na jejich str\u00e1nk\u00e1ch si m\u016f\u017eete prohl\u00e9dnout recenze z\u00e1kazn\u00edk\u016f a tak\u00e9 vyu\u017e\u00edt slu\u017eby p\u0159edpisu, abyste zaru\u010dili spr\u00e1vn\u00e9 u\u017e\u00edv\u00e1n\u00ed zakoupen\u00e9ho l\u00e9ku. Po\u0159i\u010fte si Nolvadex na buy-prescriptionz.com a poc\u00edt\u00edte jeho dobr\u00e9 \u00fa\u010dinky, a to v\u0161e p\u0159i pohodl\u00ed a bezpe\u010d\u00ed nakupov\u00e1n\u00ed online.<\/p>","protected":false},"excerpt":{"rendered":"<p>Buy Omnadren Online Omnadren 250 (Sustanon) by Jelfa | Testosterone Blend Omnadren 250 for Sale, Omnadren increases muscular endurance and once you would have bought omnadren online, you can use it for yourself and experience the difference. It is the perfect steroid for all athletes, used by them all over the world.Omnadren 250 is an [&hellip;]<\/p>","protected":false},"featured_media":3078,"comment_status":"open","ping_status":"closed","template":"","meta":{"site-sidebar-layout":"default","site-content-layout":"","ast-site-content-layout":"default","site-content-style":"default","site-sidebar-style":"default","ast-global-header-display":"","ast-banner-title-visibility":"","ast-main-header-display":"","ast-hfb-above-header-display":"","ast-hfb-below-header-display":"","ast-hfb-mobile-header-display":"","site-post-title":"","ast-breadcrumbs-content":"","ast-featured-img":"","footer-sml-layout":"","theme-transparent-header-meta":"default","adv-header-id-meta":"","stick-header-meta":"","header-above-stick-meta":"","header-main-stick-meta":"","header-below-stick-meta":"","astra-migrate-meta-layouts":"set","ast-page-background-enabled":"default","ast-page-background-meta":{"desktop":{"background-color":"var(--ast-global-color-4)","background-image":"","background-repeat":"repeat","background-position":"center center","background-size":"auto","background-attachment":"scroll","background-type":"","background-media":"","overlay-type":"","overlay-color":"","overlay-opacity":"","overlay-gradient":""},"tablet":{"background-color":"","background-image":"","background-repeat":"repeat","background-position":"center center","background-size":"auto","background-attachment":"scroll","background-type":"","background-media":"","overlay-type":"","overlay-color":"","overlay-opacity":"","overlay-gradient":""},"mobile":{"background-color":"","background-image":"","background-repeat":"repeat","background-position":"center center","background-size":"auto","background-attachment":"scroll","background-type":"","background-media":"","overlay-type":"","overlay-color":"","overlay-opacity":"","overlay-gradient":""}},"ast-content-background-meta":{"desktop":{"background-color":"var(--ast-global-color-5)","background-image":"","background-repeat":"repeat","background-position":"center center","background-size":"auto","background-attachment":"scroll","background-type":"","background-media":"","overlay-type":"","overlay-color":"","overlay-opacity":"","overlay-gradient":""},"tablet":{"background-color":"var(--ast-global-color-5)","background-image":"","background-repeat":"repeat","background-position":"center center","background-size":"auto","background-attachment":"scroll","background-type":"","background-media":"","overlay-type":"","overlay-color":"","overlay-opacity":"","overlay-gradient":""},"mobile":{"background-color":"var(--ast-global-color-5)","background-image":"","background-repeat":"repeat","background-position":"center center","background-size":"auto","background-attachment":"scroll","background-type":"","background-media":"","overlay-type":"","overlay-color":"","overlay-opacity":"","overlay-gradient":""}}},"product_brand":[],"product_cat":[2384],"product_tag":[1335,1336,1334,1329,1332,1331,1330,1333,1328,1327,1338,1337],"class_list":{"0":"post-3048","1":"product","2":"type-product","3":"status-publish","4":"has-post-thumbnail","6":"product_cat-buy-anabolic-steroids-online","7":"product_tag-buy-omnadren-in-canada","8":"product_tag-buy-omnadren-in-uk","9":"product_tag-buy-omnadren-in-usa","10":"product_tag-buy-omnadren-with-bitcoin","11":"product_tag-buy-omnadren-with-credit-card","12":"product_tag-buy-omnadren-with-money-gram","13":"product_tag-buy-omnadren-with-western-union","14":"product_tag-buy-omnadren-without-a-doctor","15":"product_tag-buy-omnadren-without-prescription","16":"product_tag-omnadren-for-sale","17":"product_tag-omnadren-pills","18":"product_tag-omnadren-tablets","19":"desktop-align-center","20":"tablet-align-left","21":"mobile-align-left","23":"first","24":"instock","25":"shipping-taxable","26":"purchasable","27":"product-type-variable","28":"has-default-attributes"},"yoast_head":"<!-- This site is optimized with the Yoast SEO plugin v25.9 - https:\/\/yoast.com\/wordpress\/plugins\/seo\/ -->\n<title>Buy Omnadren 250 Online - Omnadren 250 for Sale<\/title>\n<meta name=\"description\" content=\"If you wish to buy Omnadren 250 online so our Buy-prescriptionz store can help. We have Omnadren 250 for sale at the best rates here. Place your order now!\" \/>\n<meta name=\"robots\" content=\"index, follow, max-snippet:-1, max-image-preview:large, max-video-preview:-1\" \/>\n<link rel=\"canonical\" href=\"https:\/\/buy-prescriptionz.com\/cs\/produkt\/koupit-omnadren-online\/\" \/>\n<meta property=\"og:locale\" content=\"cs_CZ\" \/>\n<meta property=\"og:type\" content=\"article\" \/>\n<meta property=\"og:title\" content=\"Buy Omnadren 250 Online - Omnadren 250 for Sale\" \/>\n<meta property=\"og:description\" content=\"If you wish to buy Omnadren 250 online so our Buy-prescriptionz store can help. We have Omnadren 250 for sale at the best rates here. Place your order now!\" \/>\n<meta property=\"og:url\" content=\"https:\/\/buy-prescriptionz.com\/cs\/produkt\/koupit-omnadren-online\/\" \/>\n<meta property=\"og:site_name\" content=\"Buy Prescriptionz\" \/>\n<meta property=\"article:modified_time\" content=\"2025-09-24T11:10:48+00:00\" \/>\n<meta property=\"og:image\" content=\"https:\/\/buy-prescriptionz.com\/wp-content\/uploads\/2025\/09\/omnadren.jpg\" \/>\n\t<meta property=\"og:image:width\" content=\"400\" \/>\n\t<meta property=\"og:image:height\" content=\"300\" \/>\n\t<meta property=\"og:image:type\" content=\"image\/jpeg\" \/>\n<meta name=\"twitter:card\" content=\"summary_large_image\" \/>\n<meta name=\"twitter:label1\" content=\"Odhadovan\u00e1 doba \u010dten\u00ed\" \/>\n\t<meta name=\"twitter:data1\" content=\"3 minuty\" \/>\n<script type=\"application\/ld+json\" class=\"yoast-schema-graph\">{\"@context\":\"https:\/\/schema.org\",\"@graph\":[{\"@type\":\"WebPage\",\"@id\":\"https:\/\/buy-prescriptionz.com\/product\/buy-omnadren-online\/\",\"url\":\"https:\/\/buy-prescriptionz.com\/product\/buy-omnadren-online\/\",\"name\":\"Buy Omnadren 250 Online - Omnadren 250 for Sale\",\"isPartOf\":{\"@id\":\"https:\/\/buy-prescriptionz.com\/#website\"},\"primaryImageOfPage\":{\"@id\":\"https:\/\/buy-prescriptionz.com\/product\/buy-omnadren-online\/#primaryimage\"},\"image\":{\"@id\":\"https:\/\/buy-prescriptionz.com\/product\/buy-omnadren-online\/#primaryimage\"},\"thumbnailUrl\":\"https:\/\/buy-prescriptionz.com\/wp-content\/uploads\/2025\/09\/omnadren.jpg\",\"datePublished\":\"2025-09-16T08:56:09+00:00\",\"dateModified\":\"2025-09-24T11:10:48+00:00\",\"description\":\"If you wish to buy Omnadren 250 online so our Buy-prescriptionz store can help. We have Omnadren 250 for sale at the best rates here. Place your order now!\",\"breadcrumb\":{\"@id\":\"https:\/\/buy-prescriptionz.com\/product\/buy-omnadren-online\/#breadcrumb\"},\"inLanguage\":\"cs\",\"potentialAction\":[{\"@type\":\"ReadAction\",\"target\":[\"https:\/\/buy-prescriptionz.com\/product\/buy-omnadren-online\/\"]}]},{\"@type\":\"ImageObject\",\"inLanguage\":\"cs\",\"@id\":\"https:\/\/buy-prescriptionz.com\/product\/buy-omnadren-online\/#primaryimage\",\"url\":\"https:\/\/buy-prescriptionz.com\/wp-content\/uploads\/2025\/09\/omnadren.jpg\",\"contentUrl\":\"https:\/\/buy-prescriptionz.com\/wp-content\/uploads\/2025\/09\/omnadren.jpg\",\"width\":400,\"height\":300},{\"@type\":\"BreadcrumbList\",\"@id\":\"https:\/\/buy-prescriptionz.com\/product\/buy-omnadren-online\/#breadcrumb\",\"itemListElement\":[{\"@type\":\"ListItem\",\"position\":1,\"name\":\"Home\",\"item\":\"https:\/\/buy-prescriptionz.com\/\"},{\"@type\":\"ListItem\",\"position\":2,\"name\":\"Shop Painkillers Online\",\"item\":\"https:\/\/buy-prescriptionz.com\/shop-painkillers-online\/\"},{\"@type\":\"ListItem\",\"position\":3,\"name\":\"Buy Omnadren Online\"}]},{\"@type\":\"WebSite\",\"@id\":\"https:\/\/buy-prescriptionz.com\/#website\",\"url\":\"https:\/\/buy-prescriptionz.com\/\",\"name\":\"Buy Prescriptionz\",\"description\":\"Drugs Online\",\"publisher\":{\"@id\":\"https:\/\/buy-prescriptionz.com\/#organization\"},\"potentialAction\":[{\"@type\":\"SearchAction\",\"target\":{\"@type\":\"EntryPoint\",\"urlTemplate\":\"https:\/\/buy-prescriptionz.com\/?s={search_term_string}\"},\"query-input\":{\"@type\":\"PropertyValueSpecification\",\"valueRequired\":true,\"valueName\":\"search_term_string\"}}],\"inLanguage\":\"cs\"},{\"@type\":\"Organization\",\"@id\":\"https:\/\/buy-prescriptionz.com\/#organization\",\"name\":\"Buy Prescriptionz\",\"url\":\"https:\/\/buy-prescriptionz.com\/\",\"logo\":{\"@type\":\"ImageObject\",\"inLanguage\":\"cs\",\"@id\":\"https:\/\/buy-prescriptionz.com\/#\/schema\/logo\/image\/\",\"url\":\"https:\/\/buy-prescriptionz.com\/wp-content\/uploads\/2023\/09\/logo.png\",\"contentUrl\":\"https:\/\/buy-prescriptionz.com\/wp-content\/uploads\/2023\/09\/logo.png\",\"width\":350,\"height\":64,\"caption\":\"Buy Prescriptionz\"},\"image\":{\"@id\":\"https:\/\/buy-prescriptionz.com\/#\/schema\/logo\/image\/\"}}]}<\/script>\n<!-- \/ Yoast SEO plugin. -->","yoast_head_json":{"title":"Koupit Omnadren 250 online - Omnadren 250 na prodej","description":"Pokud si chcete koupit Omnadren 250 online, n\u00e1\u0161 obchod Buy-prescriptionz v\u00e1m s t\u00edm m\u016f\u017ee pomoci. M\u00e1me Omnadren 250 k prodeji za nejlep\u0161\u00ed ceny. Objednejte si hned te\u010f!","robots":{"index":"index","follow":"follow","max-snippet":"max-snippet:-1","max-image-preview":"max-image-preview:large","max-video-preview":"max-video-preview:-1"},"canonical":"https:\/\/buy-prescriptionz.com\/cs\/produkt\/koupit-omnadren-online\/","og_locale":"cs_CZ","og_type":"article","og_title":"Buy Omnadren 250 Online - Omnadren 250 for Sale","og_description":"If you wish to buy Omnadren 250 online so our Buy-prescriptionz store can help. We have Omnadren 250 for sale at the best rates here. Place your order now!","og_url":"https:\/\/buy-prescriptionz.com\/cs\/produkt\/koupit-omnadren-online\/","og_site_name":"Buy Prescriptionz","article_modified_time":"2025-09-24T11:10:48+00:00","og_image":[{"width":400,"height":300,"url":"https:\/\/buy-prescriptionz.com\/wp-content\/uploads\/2025\/09\/omnadren.jpg","type":"image\/jpeg"}],"twitter_card":"summary_large_image","twitter_misc":{"Odhadovan\u00e1 doba \u010dten\u00ed":"3 minuty"},"schema":{"@context":"https:\/\/schema.org","@graph":[{"@type":"WebPage","@id":"https:\/\/buy-prescriptionz.com\/product\/buy-omnadren-online\/","url":"https:\/\/buy-prescriptionz.com\/product\/buy-omnadren-online\/","name":"Koupit Omnadren 250 online - Omnadren 250 na prodej","isPartOf":{"@id":"https:\/\/buy-prescriptionz.com\/#website"},"primaryImageOfPage":{"@id":"https:\/\/buy-prescriptionz.com\/product\/buy-omnadren-online\/#primaryimage"},"image":{"@id":"https:\/\/buy-prescriptionz.com\/product\/buy-omnadren-online\/#primaryimage"},"thumbnailUrl":"https:\/\/buy-prescriptionz.com\/wp-content\/uploads\/2025\/09\/omnadren.jpg","datePublished":"2025-09-16T08:56:09+00:00","dateModified":"2025-09-24T11:10:48+00:00","description":"Pokud si chcete koupit Omnadren 250 online, n\u00e1\u0161 obchod Buy-prescriptionz v\u00e1m s t\u00edm m\u016f\u017ee pomoci. M\u00e1me Omnadren 250 k prodeji za nejlep\u0161\u00ed ceny. Objednejte si hned te\u010f!","breadcrumb":{"@id":"https:\/\/buy-prescriptionz.com\/product\/buy-omnadren-online\/#breadcrumb"},"inLanguage":"cs","potentialAction":[{"@type":"ReadAction","target":["https:\/\/buy-prescriptionz.com\/product\/buy-omnadren-online\/"]}]},{"@type":"ImageObject","inLanguage":"cs","@id":"https:\/\/buy-prescriptionz.com\/product\/buy-omnadren-online\/#primaryimage","url":"https:\/\/buy-prescriptionz.com\/wp-content\/uploads\/2025\/09\/omnadren.jpg","contentUrl":"https:\/\/buy-prescriptionz.com\/wp-content\/uploads\/2025\/09\/omnadren.jpg","width":400,"height":300},{"@type":"BreadcrumbList","@id":"https:\/\/buy-prescriptionz.com\/product\/buy-omnadren-online\/#breadcrumb","itemListElement":[{"@type":"ListItem","position":1,"name":"Home","item":"https:\/\/buy-prescriptionz.com\/"},{"@type":"ListItem","position":2,"name":"Shop Painkillers Online","item":"https:\/\/buy-prescriptionz.com\/shop-painkillers-online\/"},{"@type":"ListItem","position":3,"name":"Buy Omnadren Online"}]},{"@type":"WebSite","@id":"https:\/\/buy-prescriptionz.com\/#website","url":"https:\/\/buy-prescriptionz.com\/","name":"Koupit Prescriptionz","description":"Drogy online","publisher":{"@id":"https:\/\/buy-prescriptionz.com\/#organization"},"potentialAction":[{"@type":"SearchAction","target":{"@type":"EntryPoint","urlTemplate":"https:\/\/buy-prescriptionz.com\/?s={search_term_string}"},"query-input":{"@type":"PropertyValueSpecification","valueRequired":true,"valueName":"search_term_string"}}],"inLanguage":"cs"},{"@type":"Organization","@id":"https:\/\/buy-prescriptionz.com\/#organization","name":"Koupit Prescriptionz","url":"https:\/\/buy-prescriptionz.com\/","logo":{"@type":"ImageObject","inLanguage":"cs","@id":"https:\/\/buy-prescriptionz.com\/#\/schema\/logo\/image\/","url":"https:\/\/buy-prescriptionz.com\/wp-content\/uploads\/2023\/09\/logo.png","contentUrl":"https:\/\/buy-prescriptionz.com\/wp-content\/uploads\/2023\/09\/logo.png","width":350,"height":64,"caption":"Buy Prescriptionz"},"image":{"@id":"https:\/\/buy-prescriptionz.com\/#\/schema\/logo\/image\/"}}]}},"_links":{"self":[{"href":"https:\/\/buy-prescriptionz.com\/cs\/wp-json\/wp\/v2\/product\/3048","targetHints":{"allow":["GET"]}}],"collection":[{"href":"https:\/\/buy-prescriptionz.com\/cs\/wp-json\/wp\/v2\/product"}],"about":[{"href":"https:\/\/buy-prescriptionz.com\/cs\/wp-json\/wp\/v2\/types\/product"}],"replies":[{"embeddable":true,"href":"https:\/\/buy-prescriptionz.com\/cs\/wp-json\/wp\/v2\/comments?post=3048"}],"wp:featuredmedia":[{"embeddable":true,"href":"https:\/\/buy-prescriptionz.com\/cs\/wp-json\/wp\/v2\/media\/3078"}],"wp:attachment":[{"href":"https:\/\/buy-prescriptionz.com\/cs\/wp-json\/wp\/v2\/media?parent=3048"}],"wp:term":[{"taxonomy":"product_brand","embeddable":true,"href":"https:\/\/buy-prescriptionz.com\/cs\/wp-json\/wp\/v2\/product_brand?post=3048"},{"taxonomy":"product_cat","embeddable":true,"href":"https:\/\/buy-prescriptionz.com\/cs\/wp-json\/wp\/v2\/product_cat?post=3048"},{"taxonomy":"product_tag","embeddable":true,"href":"https:\/\/buy-prescriptionz.com\/cs\/wp-json\/wp\/v2\/product_tag?post=3048"}],"curies":[{"name":"wp","href":"https:\/\/api.w.org\/{rel}","templated":true}]}}