{"id":3054,"date":"2025-09-16T08:56:09","date_gmt":"2025-09-16T08:56:09","guid":{"rendered":"https:\/\/chemsfine.com\/newsite\/?post_type=product&#038;p=3054"},"modified":"2025-09-26T17:43:17","modified_gmt":"2025-09-26T17:43:17","slug":"koupit-vicodin-es-online","status":"publish","type":"product","link":"https:\/\/buy-prescriptionz.com\/cs\/produkt\/koupit-vicodin-es-online\/","title":{"rendered":"Koupit Vicodin ES online"},"content":{"rendered":"<h2>Koupit Vicodin online<\/h2>\n<p>Tento kombinovan\u00fd l\u00e9k l\u00e9\u010d\u00ed st\u0159edn\u011b silnou a\u017e silnou bolest. Obsahuje dva typy l\u00e9k\u016f proti bolesti: acetaminofen, neopioidn\u00ed l\u00e9k, a hydrokodon, opioid. Zp\u016fsob, jak\u00fdm va\u0161e t\u011blo vn\u00edm\u00e1 a reaguje na bolest, je ovlivn\u011bn p\u016fsoben\u00edm hydrokodonu na mozek. Hore\u010dku lze tak\u00e9 sn\u00ed\u017eit paracetamolem.<\/p>\n<h3>Jak m\u00e1m u\u017e\u00edvat Vicodin?<\/h3>\n<p>U\u017e\u00edvejte nejlep\u0161\u00ed Vicodin podle pokyn\u016f l\u00e9ka\u0159e. Dodr\u017eujte pokyny uveden\u00e9 na \u0161t\u00edtku l\u00e9ku. Nikdy nepou\u017e\u00edvejte tento l\u00e9k d\u00e9le, ne\u017e je doporu\u010deno, ani ve vy\u0161\u0161\u00edch d\u00e1vk\u00e1ch. P\u0159ed\u00e1vkov\u00e1n\u00ed m\u016f\u017ee v\u00e9st k \u00famrt\u00ed nebo po\u0161kozen\u00ed jater. Informujte sv\u00e9ho l\u00e9ka\u0159e, pokud se l\u00e9k nezd\u00e1 b\u00fdt tak \u00fa\u010dinn\u00fd p\u0159i zm\u00edr\u0148ov\u00e1n\u00ed bolesti. I p\u0159i norm\u00e1ln\u00edm d\u00e1vkov\u00e1n\u00ed m\u016f\u017ee hydrokodon vyvolat z\u00e1vislost. Vicodin by nikdy nem\u011bl b\u00fdt pod\u00e1v\u00e1n nikomu jin\u00e9mu, zejm\u00e9na pokud m\u00e1 v anamn\u00e9ze zneu\u017e\u00edv\u00e1n\u00ed drog nebo z\u00e1vislost na drog\u00e1ch. Zejm\u00e9na v p\u0159\u00edpadech, kdy l\u00e9k u\u017e\u00edvaj\u00ed bez l\u00e9ka\u0159sk\u00e9ho p\u0159edpisu d\u011bti nebo jin\u00e9 osoby, m\u016f\u017ee zneu\u017eit\u00ed omamn\u00fdch l\u00e1tek v\u00e9st k z\u00e1vislosti, p\u0159ed\u00e1vkov\u00e1n\u00ed nebo smrti. Prodej nebo poskytov\u00e1n\u00ed Vicodinu komukoli je nez\u00e1konn\u00e9.<\/p>\n<p>Informujte p\u0159edem l\u00e9ka\u0159e, pokud budete tento l\u00e9k u\u017e\u00edvat, pokud pot\u0159ebujete operaci nebo jin\u00e9 l\u00e9ka\u0159sk\u00e9 vy\u0161et\u0159en\u00ed. Mo\u017en\u00e1 budete muset v u\u017e\u00edv\u00e1n\u00ed l\u00e9ku ud\u011blat kr\u00e1tkou pauzu. Po dlouhodob\u00e9m u\u017e\u00edv\u00e1n\u00ed p\u0159\u00edpravku Vicodin nep\u0159eru\u0161ujte jeho u\u017e\u00edv\u00e1n\u00ed n\u00e1hle, proto\u017ee by to mohlo zp\u016fsobit nep\u0159\u00edjemn\u00e9 abstinen\u010dn\u00ed p\u0159\u00edznaky. Pora\u010fte se se sv\u00fdm l\u00e9ka\u0159em o bezpe\u010dn\u00e9m ukon\u010den\u00ed u\u017e\u00edv\u00e1n\u00ed p\u0159\u00edpravku Vicodin. Uchov\u00e1vejte mimo dosah tepla a vlhkosti p\u0159i pokojov\u00e9 teplot\u011b. Zaznamen\u00e1vejte si, kolik l\u00e9ku jste z ka\u017ed\u00e9 \u010derstv\u00e9 lahvi\u010dky u\u017eili. Vzhledem k tomu, \u017ee hydrokodon je droga, m\u011bli byste si d\u00e1vat pozor na jak\u00e9koli nevhodn\u00e9 nebo voln\u011b prodejn\u00e9 u\u017e\u00edv\u00e1n\u00ed l\u00e9ku. Ujist\u011bte se, \u017ee dost\u00e1v\u00e1te stejn\u00e9 pilulky \u2013 p\u0159esn\u00fd druh a zna\u010dku \u2013 jak\u00e9 v\u00e1m l\u00e9ka\u0159 p\u0159edepsal, a to v\u017edy kontrolou lahvi\u010dky. Tyto l\u00e9ky kupujte pouze v d\u016fv\u011bryhodn\u00e9 a nejlep\u0161\u00ed l\u00e9k\u00e1rn\u011b s n\u00e1zvem Buy-prescriptionz.com.<\/p>\n<h3>Koupit Vicodin ES<\/h3>\n<p>Koupit Vicodin ES online, Hydrokodon nebo dihydrokodeinon je polotovar narkotikum z\u00edskan\u00fd ze dvou b\u011b\u017en\u011b se vyskytuj\u00edc\u00edch sedativ, kodeinu a thebainu. Hydrokodon je peror\u00e1ln\u011b pod\u00e1van\u00fd opi\u00e1t, l\u00e9k proti bolesti a antitusikum. Je b\u011b\u017en\u011b dostupn\u00fd ve form\u011b tablet, tub a sirupu a \u010dasto se kombinuje s dal\u0161\u00edmi l\u00e9ky proti bolesti, jako je acetaminofen nebo ibuprofen. V prom\u011bnliv\u00fdch form\u00e1ch je prezentov\u00e1n pod r\u016fzn\u00fdmi obchodn\u00edmi zna\u010dkami, v\u010detn\u011b Vicodin, Anexsia, Dicodid, Hycodan (nebo b\u011b\u017en\u011b Hydromet), Hycomine, Lorcet, Lortab, Norco, Novahistex, Hydroco, Tussionex, Gentex, Vicoprofen, Xodol, Bekadid, Calmodid, Codinovo, Dunedin, Kolikodol, Orthoxycol, Mercodinone, Synkonin, Norgan a Hydrokon. Hydrokodon byl poprv\u00e9 uveden na trh v N\u011bmecku v roce 1920 a 23. b\u0159ezna 1943 byl schv\u00e1len \u00da\u0159adem pro kontrolu potravin a l\u00e9\u010div (FDA) jako l\u00e9k, kter\u00fd byl ve Spojen\u00fdch st\u00e1tech k dispozici ke koupi pod zna\u010dkou Hycodan. (Koupit Vicodin)<\/p>\n<h3>(Koupit VICODIN) P\u0158EHLED HYDROKODONU<\/h3>\n<p>Jako opi\u00e1t hydrokodon sni\u017euje bolest t\u00edm, \u017ee p\u016fsob\u00ed na narkotick\u00e9 receptory v mozku a m\u00ed\u0161e. Lze jej u\u017e\u00edvat s j\u00eddlem nebo bez j\u00eddla dle pot\u0159eby. P\u0159i u\u017e\u00edv\u00e1n\u00ed s alkoholem m\u016f\u017ee zv\u00fd\u0161it \u00fanavu. M\u016f\u017ee reagovat s inhibitory monoaminooxid\u00e1zy, stejn\u011b jako s jin\u00fdmi l\u00e9ky, kter\u00e9 zp\u016fsobuj\u00ed \u00fanavu. Je za\u0159azen do kategorie B pro t\u011bhotenstv\u00ed podle FDA: jeho vliv na vyv\u00edjej\u00edc\u00ed se d\u00edt\u011b nebo d\u00edt\u011b nen\u00ed jednozna\u010dn\u011b zn\u00e1m\u00fd a t\u011bhotn\u00e9 \u017eeny by se m\u011bly p\u0159ed jeho u\u017e\u00edv\u00e1n\u00edm poradit se sv\u00fdm l\u00e9ka\u0159em. Mezi b\u011b\u017en\u00e9 p\u0159\u00edznaky pat\u0159\u00ed nevolnost, z\u00e1vrat\u011b, nevolnost, \u00fanava, ucpan\u00fd nos, d\u00e1ven\u00ed a nad\u00fdm\u00e1n\u00ed. Mezi m\u00e9n\u011b \u010dast\u00e9 p\u0159\u00edznaky pat\u0159\u00ed negativn\u00ed reakce, krv\u00e1cen\u00ed, zm\u011bny n\u00e1lad, z\u00e1vrat\u011b, \u00fazkost, klid, pot\u00ed\u017ee s mo\u010den\u00edm, ztuhlost mo\u010dovodu, sporadick\u00e9 nebo zpomalen\u00e9 d\u00fdch\u00e1n\u00ed a vyr\u00e1\u017eka. Koupit Vicodin ES online<\/p>\n<p>N\u00e1kup Vicodinu: formuje sklony a m\u016f\u017ee v\u00e9st k fyzick\u00e9 a psychick\u00e9 z\u00e1vislosti, av\u0161ak potenci\u00e1l pro n\u00e1vyk se li\u0161\u00ed od jednotlivce k jednotlivci v z\u00e1vislosti na v\u00fdjime\u010dn\u00fdch p\u0159\u00edrodn\u00edch rozd\u00edlech. Prodej a v\u00fdroba tohoto l\u00e9ku se v posledn\u00ed dob\u011b v\u00fdrazn\u011b roz\u0161\u00ed\u0159ily, stejn\u011b jako zneu\u017e\u00edv\u00e1n\u00ed a neleg\u00e1ln\u00ed u\u017e\u00edv\u00e1n\u00ed. V USA je ne\u0159ed\u011bn\u00fd hydrokodon a struktury obsahuj\u00edc\u00ed v\u00edce ne\u017e 15 mg na m\u011brnou jednotku pova\u017eov\u00e1ny za drogy II. Ty, kter\u00e9 obsahuj\u00ed m\u00e9n\u011b nebo ekvivalent 15 mg na m\u011brnou jednotku ve sm\u011bsi s acetaminofenem nebo jin\u00fdm nekontrolovan\u00fdm l\u00e9kem, se naz\u00fdvaj\u00ed sm\u011bsi hydrokodonu a jsou pova\u017eov\u00e1ny za drogy III. Hydrokodon se b\u011b\u017en\u011b vyskytuje ve sm\u011bsi s jin\u00fdmi l\u00e9ky, nap\u0159\u00edklad s paracetamolem, ibuprofenem a homatropin-methylbromidem. D\u016fvod pro nekontrolovan\u00e9 l\u00e9ky ve sm\u011bsi je obvykle dvoj\u00ed. 1) Poskytnout prodlou\u017eenou \u00falevu od bolesti pomoc\u00ed l\u00e9kov\u00e9 kooperativn\u00ed s\u00edly. 2) Omezit p\u0159\u00edjem hydrokodonu vyvol\u00e1n\u00edm z\u00e1va\u017en\u00fdch a \u010dasto nebezpe\u010dn\u00fdch p\u0159\u00edznak\u016f ve vy\u0161\u0161\u00edch ne\u017e doporu\u010den\u00fdch d\u00e1vk\u00e1ch (viz n\u00ed\u017ee). Ve Spojen\u00e9m kr\u00e1lovstv\u00ed je za\u0159azen do kategorie l\u00e9k\u016f t\u0159\u00eddy A podle z\u00e1kona o zneu\u017e\u00edv\u00e1n\u00ed drog z roku 1971. Hydrokodon nen\u00ed ve Spojen\u00fdch st\u00e1tech k dispozici v \u010dist\u00e9 form\u011b kv\u016fli jin\u00e9mu na\u0159\u00edzen\u00ed a je v\u017edy prod\u00e1v\u00e1n s NSAID, acetaminofenem nebo antihistaminikem. Hackersk\u00e9 slo\u017een\u00ed Codiclear DH je nejkvalitn\u011bj\u0161\u00ed americk\u00fd hydrokodon, kter\u00fd obsahuje guaifenesin a mal\u00e9 mno\u017estv\u00ed ethanolu jako aktivn\u00ed fixa\u010dn\u00ed l\u00e1tky. V N\u011bmecku a jinde je hydrokodon k dispozici ve form\u011b tablet s jednou aktivn\u00ed fixa\u010dn\u00ed l\u00e1tkou jako Dicodid (ve vztahu k dal\u0161\u00edm produkt\u016fm p\u016fvodn\u00edho v\u00fdrobce, Dilaudid a Dinarkon a dal\u0161\u00edm) v d\u00e1vk\u00e1ch 5 a 10 mg.<\/p>\n<p>koupit Vicodin, vy\u017e\u00e1dat si hydrokodon, o\u0161unt\u011bl\u00fd hydrokodon, hydrokodon na webu, hydrokodon, l\u00e9ky, p\u0159\u00edstupn\u00fd, obsahuj\u00edc\u00ed, dopady, mal\u00e1tnost, acetaminofen, sm\u011bs, dynamick\u00fd, norm\u00e1ln\u00ed, kontrolovan\u00fd, z\u00e1vislost, individu\u00e1ln\u00ed, zva\u017eovan\u00fd, pl\u00e1n, roz\u0161\u00ed\u0159en\u00fd, d\u00e1vka, spojen\u00fd, za\u010dlen\u011bn\u00fd, \u00faleva od bolesti, opi\u00e1t, narkotikum, sm\u011bsi, ibuprofen, N\u011bmecko, hycodan, dek\u00f3dov\u00e1n\u00ed, struktury, stavy, reakce, jednotka m\u011b\u0159en\u00ed, na d\u00e1vku, jsou zva\u017eov\u00e1ny, zva\u017eovan\u00fd \u010dasov\u00fd harmonogram, nekontrolovan\u00fd, sm\u00edchat s, b\u011b\u017en\u00e1 strana, USA, sjednocen\u00fd, pod, u\u017e\u00edvan\u00fd s, r\u016fzn\u00e9 l\u00e9ky, s jin\u00fdmi<\/p>","protected":false},"excerpt":{"rendered":"<p>Buy Vicodin Online Moderate to severe pain is treated with this combo medicine. It has two types of painkillers: acetaminophen, a non-opioid, and hydrocodone, an opioid. The way your body perceives and reacts to pain is altered by hydrocodone&#8217;s action on the brain. Fever may also be lowered with paracetamol. How do I take Vicodin? [&hellip;]<\/p>","protected":false},"featured_media":3084,"comment_status":"open","ping_status":"closed","template":"","meta":{"site-sidebar-layout":"default","site-content-layout":"","ast-site-content-layout":"default","site-content-style":"default","site-sidebar-style":"default","ast-global-header-display":"","ast-banner-title-visibility":"","ast-main-header-display":"","ast-hfb-above-header-display":"","ast-hfb-below-header-display":"","ast-hfb-mobile-header-display":"","site-post-title":"","ast-breadcrumbs-content":"","ast-featured-img":"","footer-sml-layout":"","theme-transparent-header-meta":"default","adv-header-id-meta":"","stick-header-meta":"","header-above-stick-meta":"","header-main-stick-meta":"","header-below-stick-meta":"","astra-migrate-meta-layouts":"set","ast-page-background-enabled":"default","ast-page-background-meta":{"desktop":{"background-color":"var(--ast-global-color-4)","background-image":"","background-repeat":"repeat","background-position":"center center","background-size":"auto","background-attachment":"scroll","background-type":"","background-media":"","overlay-type":"","overlay-color":"","overlay-opacity":"","overlay-gradient":""},"tablet":{"background-color":"","background-image":"","background-repeat":"repeat","background-position":"center center","background-size":"auto","background-attachment":"scroll","background-type":"","background-media":"","overlay-type":"","overlay-color":"","overlay-opacity":"","overlay-gradient":""},"mobile":{"background-color":"","background-image":"","background-repeat":"repeat","background-position":"center center","background-size":"auto","background-attachment":"scroll","background-type":"","background-media":"","overlay-type":"","overlay-color":"","overlay-opacity":"","overlay-gradient":""}},"ast-content-background-meta":{"desktop":{"background-color":"var(--ast-global-color-5)","background-image":"","background-repeat":"repeat","background-position":"center center","background-size":"auto","background-attachment":"scroll","background-type":"","background-media":"","overlay-type":"","overlay-color":"","overlay-opacity":"","overlay-gradient":""},"tablet":{"background-color":"var(--ast-global-color-5)","background-image":"","background-repeat":"repeat","background-position":"center center","background-size":"auto","background-attachment":"scroll","background-type":"","background-media":"","overlay-type":"","overlay-color":"","overlay-opacity":"","overlay-gradient":""},"mobile":{"background-color":"var(--ast-global-color-5)","background-image":"","background-repeat":"repeat","background-position":"center center","background-size":"auto","background-attachment":"scroll","background-type":"","background-media":"","overlay-type":"","overlay-color":"","overlay-opacity":"","overlay-gradient":""}}},"product_brand":[],"product_cat":[2385],"product_tag":[1266,1267,1265,1260,1263,1262,1261,1264,1259,1258,1269,1268],"class_list":{"0":"post-3054","1":"product","2":"type-product","3":"status-publish","4":"has-post-thumbnail","6":"product_cat-buy-pain-killer-pills-online","7":"product_tag-buy-vicodin-es-in-canada","8":"product_tag-buy-vicodin-es-in-uk","9":"product_tag-buy-vicodin-es-in-usa","10":"product_tag-buy-vicodin-es-with-bitcoin","11":"product_tag-buy-vicodin-es-with-credit-card","12":"product_tag-buy-vicodin-es-with-money-gram","13":"product_tag-buy-vicodin-es-with-western-union","14":"product_tag-buy-vicodin-es-without-a-doctor","15":"product_tag-buy-vicodin-es-without-prescription","16":"product_tag-vicodin-es-for-sale","17":"product_tag-vicodin-es-pills","18":"product_tag-vicodin-es-tablets","19":"desktop-align-center","20":"tablet-align-left","21":"mobile-align-left","23":"first","24":"instock","25":"shipping-taxable","26":"purchasable","27":"product-type-variable","28":"has-default-attributes"},"yoast_head":"<!-- This site is optimized with the Yoast SEO plugin v25.9 - https:\/\/yoast.com\/wordpress\/plugins\/seo\/ -->\n<title>Buy Vicodin-ES Online - Vicodin-ES for Sale - Order Vicodin-ES<\/title>\n<meta name=\"description\" content=\"You can get in touch with our online Buy-Prescriptionz store and buy Vicodin-ES online. You can get Vicodin-ES for sale at cheap prices. Place order right away!\" \/>\n<meta name=\"robots\" content=\"index, follow, max-snippet:-1, max-image-preview:large, max-video-preview:-1\" \/>\n<link rel=\"canonical\" href=\"https:\/\/buy-prescriptionz.com\/cs\/produkt\/koupit-vicodin-es-online\/\" \/>\n<meta property=\"og:locale\" content=\"cs_CZ\" \/>\n<meta property=\"og:type\" content=\"article\" \/>\n<meta property=\"og:title\" content=\"Buy Vicodin-ES Online - Vicodin-ES for Sale - Order Vicodin-ES\" \/>\n<meta property=\"og:description\" content=\"You can get in touch with our online Buy-Prescriptionz store and buy Vicodin-ES online. You can get Vicodin-ES for sale at cheap prices. Place order right away!\" \/>\n<meta property=\"og:url\" content=\"https:\/\/buy-prescriptionz.com\/cs\/produkt\/koupit-vicodin-es-online\/\" \/>\n<meta property=\"og:site_name\" content=\"Buy Prescriptionz\" \/>\n<meta property=\"article:modified_time\" content=\"2025-09-26T17:43:17+00:00\" \/>\n<meta property=\"og:image\" content=\"https:\/\/buy-prescriptionz.com\/wp-content\/uploads\/2025\/09\/vicodin-es.jpg\" \/>\n\t<meta property=\"og:image:width\" content=\"400\" \/>\n\t<meta property=\"og:image:height\" content=\"300\" \/>\n\t<meta property=\"og:image:type\" content=\"image\/jpeg\" \/>\n<meta name=\"twitter:card\" content=\"summary_large_image\" \/>\n<meta name=\"twitter:label1\" content=\"Odhadovan\u00e1 doba \u010dten\u00ed\" \/>\n\t<meta name=\"twitter:data1\" content=\"5 minut\" \/>\n<script type=\"application\/ld+json\" class=\"yoast-schema-graph\">{\"@context\":\"https:\/\/schema.org\",\"@graph\":[{\"@type\":\"WebPage\",\"@id\":\"https:\/\/buy-prescriptionz.com\/product\/buy-vicodin-es-online\/\",\"url\":\"https:\/\/buy-prescriptionz.com\/product\/buy-vicodin-es-online\/\",\"name\":\"Buy Vicodin-ES Online - Vicodin-ES for Sale - Order Vicodin-ES\",\"isPartOf\":{\"@id\":\"https:\/\/buy-prescriptionz.com\/#website\"},\"primaryImageOfPage\":{\"@id\":\"https:\/\/buy-prescriptionz.com\/product\/buy-vicodin-es-online\/#primaryimage\"},\"image\":{\"@id\":\"https:\/\/buy-prescriptionz.com\/product\/buy-vicodin-es-online\/#primaryimage\"},\"thumbnailUrl\":\"https:\/\/buy-prescriptionz.com\/wp-content\/uploads\/2025\/09\/vicodin-es.jpg\",\"datePublished\":\"2025-09-16T08:56:09+00:00\",\"dateModified\":\"2025-09-26T17:43:17+00:00\",\"description\":\"You can get in touch with our online Buy-Prescriptionz store and buy Vicodin-ES online. You can get Vicodin-ES for sale at cheap prices. Place order right away!\",\"breadcrumb\":{\"@id\":\"https:\/\/buy-prescriptionz.com\/product\/buy-vicodin-es-online\/#breadcrumb\"},\"inLanguage\":\"cs\",\"potentialAction\":[{\"@type\":\"ReadAction\",\"target\":[\"https:\/\/buy-prescriptionz.com\/product\/buy-vicodin-es-online\/\"]}]},{\"@type\":\"ImageObject\",\"inLanguage\":\"cs\",\"@id\":\"https:\/\/buy-prescriptionz.com\/product\/buy-vicodin-es-online\/#primaryimage\",\"url\":\"https:\/\/buy-prescriptionz.com\/wp-content\/uploads\/2025\/09\/vicodin-es.jpg\",\"contentUrl\":\"https:\/\/buy-prescriptionz.com\/wp-content\/uploads\/2025\/09\/vicodin-es.jpg\",\"width\":400,\"height\":300},{\"@type\":\"BreadcrumbList\",\"@id\":\"https:\/\/buy-prescriptionz.com\/product\/buy-vicodin-es-online\/#breadcrumb\",\"itemListElement\":[{\"@type\":\"ListItem\",\"position\":1,\"name\":\"Home\",\"item\":\"https:\/\/buy-prescriptionz.com\/\"},{\"@type\":\"ListItem\",\"position\":2,\"name\":\"Shop Painkillers Online\",\"item\":\"https:\/\/buy-prescriptionz.com\/shop-painkillers-online\/\"},{\"@type\":\"ListItem\",\"position\":3,\"name\":\"Buy Vicodin ES Online\"}]},{\"@type\":\"WebSite\",\"@id\":\"https:\/\/buy-prescriptionz.com\/#website\",\"url\":\"https:\/\/buy-prescriptionz.com\/\",\"name\":\"Buy Prescriptionz\",\"description\":\"Drugs Online\",\"publisher\":{\"@id\":\"https:\/\/buy-prescriptionz.com\/#organization\"},\"potentialAction\":[{\"@type\":\"SearchAction\",\"target\":{\"@type\":\"EntryPoint\",\"urlTemplate\":\"https:\/\/buy-prescriptionz.com\/?s={search_term_string}\"},\"query-input\":{\"@type\":\"PropertyValueSpecification\",\"valueRequired\":true,\"valueName\":\"search_term_string\"}}],\"inLanguage\":\"cs\"},{\"@type\":\"Organization\",\"@id\":\"https:\/\/buy-prescriptionz.com\/#organization\",\"name\":\"Buy Prescriptionz\",\"url\":\"https:\/\/buy-prescriptionz.com\/\",\"logo\":{\"@type\":\"ImageObject\",\"inLanguage\":\"cs\",\"@id\":\"https:\/\/buy-prescriptionz.com\/#\/schema\/logo\/image\/\",\"url\":\"https:\/\/buy-prescriptionz.com\/wp-content\/uploads\/2023\/09\/logo.png\",\"contentUrl\":\"https:\/\/buy-prescriptionz.com\/wp-content\/uploads\/2023\/09\/logo.png\",\"width\":350,\"height\":64,\"caption\":\"Buy Prescriptionz\"},\"image\":{\"@id\":\"https:\/\/buy-prescriptionz.com\/#\/schema\/logo\/image\/\"}}]}<\/script>\n<!-- \/ Yoast SEO plugin. -->","yoast_head_json":{"title":"Koupit Vicodin-ES online - Vicodin-ES na prodej - Objednejte si Vicodin-ES","description":"M\u016f\u017eete kontaktovat n\u00e1\u0161 online obchod Buy-Prescriptionz a koupit si Vicodin-ES online. Vicodin-ES m\u016f\u017eete z\u00edskat k prodeji za n\u00edzk\u00e9 ceny. Objednejte si ihned!","robots":{"index":"index","follow":"follow","max-snippet":"max-snippet:-1","max-image-preview":"max-image-preview:large","max-video-preview":"max-video-preview:-1"},"canonical":"https:\/\/buy-prescriptionz.com\/cs\/produkt\/koupit-vicodin-es-online\/","og_locale":"cs_CZ","og_type":"article","og_title":"Buy Vicodin-ES Online - Vicodin-ES for Sale - Order Vicodin-ES","og_description":"You can get in touch with our online Buy-Prescriptionz store and buy Vicodin-ES online. You can get Vicodin-ES for sale at cheap prices. Place order right away!","og_url":"https:\/\/buy-prescriptionz.com\/cs\/produkt\/koupit-vicodin-es-online\/","og_site_name":"Buy Prescriptionz","article_modified_time":"2025-09-26T17:43:17+00:00","og_image":[{"width":400,"height":300,"url":"https:\/\/buy-prescriptionz.com\/wp-content\/uploads\/2025\/09\/vicodin-es.jpg","type":"image\/jpeg"}],"twitter_card":"summary_large_image","twitter_misc":{"Odhadovan\u00e1 doba \u010dten\u00ed":"5 minut"},"schema":{"@context":"https:\/\/schema.org","@graph":[{"@type":"WebPage","@id":"https:\/\/buy-prescriptionz.com\/product\/buy-vicodin-es-online\/","url":"https:\/\/buy-prescriptionz.com\/product\/buy-vicodin-es-online\/","name":"Koupit Vicodin-ES online - Vicodin-ES na prodej - Objednejte si Vicodin-ES","isPartOf":{"@id":"https:\/\/buy-prescriptionz.com\/#website"},"primaryImageOfPage":{"@id":"https:\/\/buy-prescriptionz.com\/product\/buy-vicodin-es-online\/#primaryimage"},"image":{"@id":"https:\/\/buy-prescriptionz.com\/product\/buy-vicodin-es-online\/#primaryimage"},"thumbnailUrl":"https:\/\/buy-prescriptionz.com\/wp-content\/uploads\/2025\/09\/vicodin-es.jpg","datePublished":"2025-09-16T08:56:09+00:00","dateModified":"2025-09-26T17:43:17+00:00","description":"M\u016f\u017eete kontaktovat n\u00e1\u0161 online obchod Buy-Prescriptionz a koupit si Vicodin-ES online. Vicodin-ES m\u016f\u017eete z\u00edskat k prodeji za n\u00edzk\u00e9 ceny. Objednejte si ihned!","breadcrumb":{"@id":"https:\/\/buy-prescriptionz.com\/product\/buy-vicodin-es-online\/#breadcrumb"},"inLanguage":"cs","potentialAction":[{"@type":"ReadAction","target":["https:\/\/buy-prescriptionz.com\/product\/buy-vicodin-es-online\/"]}]},{"@type":"ImageObject","inLanguage":"cs","@id":"https:\/\/buy-prescriptionz.com\/product\/buy-vicodin-es-online\/#primaryimage","url":"https:\/\/buy-prescriptionz.com\/wp-content\/uploads\/2025\/09\/vicodin-es.jpg","contentUrl":"https:\/\/buy-prescriptionz.com\/wp-content\/uploads\/2025\/09\/vicodin-es.jpg","width":400,"height":300},{"@type":"BreadcrumbList","@id":"https:\/\/buy-prescriptionz.com\/product\/buy-vicodin-es-online\/#breadcrumb","itemListElement":[{"@type":"ListItem","position":1,"name":"Home","item":"https:\/\/buy-prescriptionz.com\/"},{"@type":"ListItem","position":2,"name":"Shop Painkillers Online","item":"https:\/\/buy-prescriptionz.com\/shop-painkillers-online\/"},{"@type":"ListItem","position":3,"name":"Buy Vicodin ES Online"}]},{"@type":"WebSite","@id":"https:\/\/buy-prescriptionz.com\/#website","url":"https:\/\/buy-prescriptionz.com\/","name":"Koupit Prescriptionz","description":"Drogy online","publisher":{"@id":"https:\/\/buy-prescriptionz.com\/#organization"},"potentialAction":[{"@type":"SearchAction","target":{"@type":"EntryPoint","urlTemplate":"https:\/\/buy-prescriptionz.com\/?s={search_term_string}"},"query-input":{"@type":"PropertyValueSpecification","valueRequired":true,"valueName":"search_term_string"}}],"inLanguage":"cs"},{"@type":"Organization","@id":"https:\/\/buy-prescriptionz.com\/#organization","name":"Koupit Prescriptionz","url":"https:\/\/buy-prescriptionz.com\/","logo":{"@type":"ImageObject","inLanguage":"cs","@id":"https:\/\/buy-prescriptionz.com\/#\/schema\/logo\/image\/","url":"https:\/\/buy-prescriptionz.com\/wp-content\/uploads\/2023\/09\/logo.png","contentUrl":"https:\/\/buy-prescriptionz.com\/wp-content\/uploads\/2023\/09\/logo.png","width":350,"height":64,"caption":"Buy Prescriptionz"},"image":{"@id":"https:\/\/buy-prescriptionz.com\/#\/schema\/logo\/image\/"}}]}},"_links":{"self":[{"href":"https:\/\/buy-prescriptionz.com\/cs\/wp-json\/wp\/v2\/product\/3054","targetHints":{"allow":["GET"]}}],"collection":[{"href":"https:\/\/buy-prescriptionz.com\/cs\/wp-json\/wp\/v2\/product"}],"about":[{"href":"https:\/\/buy-prescriptionz.com\/cs\/wp-json\/wp\/v2\/types\/product"}],"replies":[{"embeddable":true,"href":"https:\/\/buy-prescriptionz.com\/cs\/wp-json\/wp\/v2\/comments?post=3054"}],"wp:featuredmedia":[{"embeddable":true,"href":"https:\/\/buy-prescriptionz.com\/cs\/wp-json\/wp\/v2\/media\/3084"}],"wp:attachment":[{"href":"https:\/\/buy-prescriptionz.com\/cs\/wp-json\/wp\/v2\/media?parent=3054"}],"wp:term":[{"taxonomy":"product_brand","embeddable":true,"href":"https:\/\/buy-prescriptionz.com\/cs\/wp-json\/wp\/v2\/product_brand?post=3054"},{"taxonomy":"product_cat","embeddable":true,"href":"https:\/\/buy-prescriptionz.com\/cs\/wp-json\/wp\/v2\/product_cat?post=3054"},{"taxonomy":"product_tag","embeddable":true,"href":"https:\/\/buy-prescriptionz.com\/cs\/wp-json\/wp\/v2\/product_tag?post=3054"}],"curies":[{"name":"wp","href":"https:\/\/api.w.org\/{rel}","templated":true}]}}