{"id":3057,"date":"2025-09-16T08:56:10","date_gmt":"2025-09-16T08:56:10","guid":{"rendered":"https:\/\/chemsfine.com\/newsite\/?post_type=product&#038;p=3057"},"modified":"2025-09-30T05:34:03","modified_gmt":"2025-09-30T05:34:03","slug":"koupit-roxicodon-online","status":"publish","type":"product","link":"https:\/\/buy-prescriptionz.com\/cs\/produkt\/koupit-roxicodon-online\/","title":{"rendered":"Koupit Roxicodone online"},"content":{"rendered":"<h2>Koupit Roxicodone online<\/h2>\n<p>Koupit Roxicodon online. Roxicodon je l\u00e9k na p\u0159edpis pou\u017e\u00edvan\u00fd k \u00falev\u011b od extr\u00e9mn\u00ed bolesti. Je to zna\u010dka oxykodonu s pl\u00e1novan\u00fdm propou\u0161t\u011bn\u00edm, kter\u00fd \u00fa\u010dinkuje a\u017e 12 hodin. Roxicodon obsahuje dynamicky se fixuj\u00edc\u00ed oxykodon, kter\u00fd pat\u0159\u00ed do skupiny l\u00e9k\u016f naz\u00fdvan\u00fdch siln\u00e1 analgetika nebo \u201el\u00e9ky proti bolesti\u201c. Jedn\u00e1 se tedy o narkotick\u00fd l\u00e9k na p\u0159edpis.<\/p>\n<h3>P\u0159ehled Roxicodonu: V\u00fdhody a pr\u016fvodce n\u00e1kupem<\/h3>\n<p>Roxicodon je obchodn\u00ed n\u00e1zev pro oxykodon, siln\u00fd opioidn\u00ed l\u00e9k proti bolesti. P\u0159edepisuje se prim\u00e1rn\u011b k l\u00e9\u010db\u011b st\u0159edn\u011b siln\u00e9 a\u017e siln\u00e9 bolesti, zejm\u00e9na pokud jsou jin\u00e9 metody \u00falevy od bolesti nedostate\u010dn\u00e9. Roxicodon funguje tak, \u017ee m\u011bn\u00ed vn\u00edm\u00e1n\u00ed bolesti mozkem a poskytuje v\u00fdznamnou \u00falevu pacient\u016fm trp\u00edc\u00edm chronickou bolest\u00ed, poopera\u010dn\u00ed bolest\u00ed nebo bolest\u00ed souvisej\u00edc\u00ed s t\u011b\u017ek\u00fdm \u00farazem. Je zn\u00e1m\u00fd sv\u00fdm rychl\u00fdm n\u00e1stupem \u00fa\u010dinku, d\u00edky \u010demu\u017e je \u00fa\u010dinn\u00fd p\u0159i rychl\u00e9 \u00falev\u011b od bolesti. Vzhledem ke sv\u00e9 \u00fa\u010dinnosti a potenci\u00e1lu zneu\u017e\u00edv\u00e1n\u00ed by se Roxicodon m\u011bl pou\u017e\u00edvat pouze pod p\u0159\u00edsn\u00fdm l\u00e9ka\u0159sk\u00fdm dohledem a obvykle se p\u0159edepisuje ke kr\u00e1tkodob\u00e9mu u\u017e\u00edv\u00e1n\u00ed. V\u00edce informac\u00ed naleznete v nejlep\u0161\u00ed l\u00e9k\u00e1rn\u011b buy-prescriptionz.com.<\/p>\n<h4>V\u00fdhody roxicodonu<\/h4>\n<ol>\n<li>\u00da\u010dinn\u00e1 \u00faleva od bolesti: Nejlep\u0161\u00ed Roxicodon je vysoce \u00fa\u010dinn\u00fd p\u0159i zvl\u00e1d\u00e1n\u00ed st\u0159edn\u011b siln\u00e9 a\u017e siln\u00e9 bolesti.<\/li>\n<li>Rychl\u00fd n\u00e1stup: P\u016fsob\u00ed rychle a poskytuje rychlou \u00falevu od bolesti.<\/li>\n<li>Zlep\u0161en\u00ed kvality \u017eivota: Roxicodon pom\u00e1h\u00e1 zlep\u0161it kvalitu \u017eivota osob s chronick\u00fdmi onemocn\u011bn\u00edmi t\u00edm, \u017ee zm\u00edr\u0148uje bolest.<\/li>\n<li>V\u0161estrann\u00e9 pou\u017eit\u00ed: Lze jej pou\u017e\u00edt p\u0159i r\u016fzn\u00fdch typech bolesti, v\u010detn\u011b poopera\u010dn\u00ed bolesti a bolesti souvisej\u00edc\u00ed s \u00farazem.<\/li>\n<li>Flexibiln\u00ed d\u00e1vkov\u00e1n\u00ed: K dispozici v r\u016fzn\u00fdch sil\u00e1ch, co\u017e umo\u017e\u0148uje individu\u00e1ln\u00ed l\u00e9\u010dbu bolesti.<\/li>\n<\/ol>\n<h4>N\u00e1kup Roxicodonu online<\/h4>\n<p>N\u00e1kup Roxicodonu online m\u016f\u017ee b\u00fdt pohodln\u00fd, nab\u00edz\u00ed doru\u010den\u00ed dom\u016f a \u010dasto konkurenceschopn\u00e9 ceny. Je v\u0161ak z\u00e1sadn\u00ed nakupovat od d\u016fv\u011bryhodn\u00fdch zdroj\u016f, abyste zajistili bezpe\u010dnost a pravost l\u00e9ku. Pro v\u00edce informac\u00ed a n\u00e1kup Roxicodonu volejte nejlep\u0161\u00ed l\u00e9k\u00e1rnu - buy-prescriptionz.com.<\/p>\n<h3>D\u00e1vkov\u00e1n\u00ed roxicodonu<\/h3>\n<p>Koupit Roxicodon online U\u017e\u00edvejte tento l\u00e9k p\u0159esn\u011b podle pokyn\u016f va\u0161eho praktick\u00e9ho l\u00e9ka\u0159e. Pe\u010dliv\u011b dodr\u017eujte pokyny uveden\u00e9 na obalu l\u00e9ku. V\u00e1\u0161 praktick\u00fd l\u00e9ka\u0159 ur\u010d\u00ed pro v\u00e1s nejvhodn\u011bj\u0161\u00ed d\u00e1vku. D\u00e1vkov\u00e1n\u00ed p\u0159\u00edpravku Roxicodon by m\u011blo b\u00fdt individu\u00e1ln\u00ed. Obvykl\u00e9 d\u00e1vky tohoto l\u00e9ku pro dosp\u011bl\u00e9 s bolest\u00ed jsou n\u00e1sleduj\u00edc\u00ed:<\/p>\n<h3>\u00davodn\u00ed d\u00e1vka:<\/h3>\n<p>Standardn\u00ed po\u010d\u00e1te\u010dn\u00ed d\u00e1vka p\u0159i u\u017e\u00edv\u00e1n\u00ed tablet s rychl\u00fdm uvol\u0148ov\u00e1n\u00edm je 5 a\u017e 30 mg ka\u017ed\u00e9 4 a\u017e 6 hodiny. Pacienti, kte\u0159\u00ed nikdy neu\u017e\u00edvali narkotika, by m\u011bli za\u010d\u00edt s 5\u201315 mg ka\u017ed\u00e9 4 a\u017e 6 hodiny. N\u011bkte\u0159\u00ed pacienti mohou tak\u00e9 pot\u0159ebovat 30 mg nebo v\u00edce.<\/p>\n<h3>Udr\u017eovac\u00ed d\u00e1vka:<\/h3>\n<p>Struktura pro rychl\u00e9 uvol\u0148ov\u00e1n\u00ed: 10 mg a\u017e 30 mg, jako na strojku. P\u0159i u\u017e\u00edv\u00e1n\u00ed t\u011bchto tablet je nekousejte, nel\u00e1mejte, ned\u011blejte, nedr\u0165te ani nerozkl\u00e1dejte, ale p\u0159ijm\u011bte je cel\u00e9. Drcen\u00ed, tlu\u010den\u00ed nebo kous\u00e1n\u00ed tablet m\u016f\u017ee v\u00e9st k rychl\u00e9mu po\u017eit\u00ed l\u00e9ku a nebezpe\u010dn\u00fdm hladin\u00e1m oxykodonu.<\/p>\n<h3>Bezpe\u010dnostn\u00ed opat\u0159en\u00ed<\/h3>\n<p>P\u0159ed u\u017eit\u00edm p\u0159\u00edpravku Roxicodon informujte sv\u00e9ho farmaceuta, pokud jste na n\u011bj p\u0159ecitliv\u011bl\u00ed; nebo na jin\u00e9 l\u00e9ky proti omamn\u00fdm bolestem (nap\u0159\u00edklad oxymorfon); nebo pokud m\u00e1te jin\u00e9 p\u0159ecitliv\u011blosti. Tento produkt m\u016f\u017ee obsahovat skryt\u00e9 l\u00e1tky, kter\u00e9 mohou zp\u016fsobit p\u0159ecitliv\u011bl\u00e9 reakce nebo jin\u00e9 probl\u00e9my. M\u016f\u017eete se tak\u00e9 poradit se sv\u00fdm farmaceutem pro bli\u017e\u0161\u00ed informace. P\u0159ed pou\u017eit\u00edm tohoto l\u00e9ku informujte sv\u00e9ho praktick\u00e9ho l\u00e9ka\u0159e nebo farmaceuta o sv\u00e9 zdravotn\u00ed anamn\u00e9ze, zejm\u00e9na o: pot\u00ed\u017e\u00edch s mozkem, d\u00fdchac\u00edch pot\u00ed\u017e\u00edch, osobn\u00edm nebo rodinn\u00e9m d\u011bdictv\u00ed zneu\u017e\u00edv\u00e1n\u00ed n\u00e1vykov\u00fdch l\u00e1tek, st\u0159evn\u00edch pot\u00ed\u017e\u00edch, pot\u00ed\u017e\u00edch s polyk\u00e1n\u00edm, pot\u00ed\u017e\u00edch s mo\u010den\u00edm a tak\u00e9 onemocn\u011bn\u00ed slinivky b\u0159i\u0161n\u00ed.<\/p>\n<h3>P\u0159\u00edznaky<\/h3>\n<p>Mezi nej\u010dast\u011bj\u0161\u00ed \u00fa\u010dinky p\u0159\u00edpravku Roxicodon pat\u0159\u00ed z\u00e1vrat\u011b, sedace, nevolnost, zvracen\u00ed, bolest hlavy, vyr\u00e1\u017eka, z\u00e1cpa, sucho v \u00fastech a pocen\u00ed. Mezi tyto ne\u017e\u00e1douc\u00ed \u00fa\u010dinky pat\u0159\u00ed: mdloby, infarkt, vyr\u00e1\u017eka, sv\u011bd\u011bn\u00ed, deprese, abnorm\u00e1ln\u00ed puls. Tento l\u00e9k m\u016f\u017ee omezit d\u00fdch\u00e1n\u00ed a je pou\u017e\u00edv\u00e1n s opatrnost\u00ed u star\u0161\u00edch, oslaben\u00fdch pacient\u016f a pacient\u016f se z\u00e1va\u017en\u00fdm onemocn\u011bn\u00edm plic. Tento l\u00e9k m\u016f\u017ee tak\u00e9 naru\u0161it my\u0161len\u00ed a fyzick\u00e9 schopnosti pot\u0159ebn\u00e9 k \u0159\u00edzen\u00ed nebo pr\u00e1ci se stroji. Roxicodon je n\u00e1chyln\u00fd k poruch\u00e1m d\u00fdch\u00e1n\u00ed. Takto se m\u016f\u017ee objevit du\u0161evn\u00ed a fyzick\u00e1 z\u00e1vislost, ale je nepravd\u011bpodobn\u00e1, pokud se pou\u017e\u00edv\u00e1 k p\u0159echodn\u00e9 \u00falev\u011b od bolesti. Pokud je tento l\u00e9k po del\u0161\u00edm u\u017e\u00edv\u00e1n\u00ed n\u00e1hle vysazen, mohou se objevit abstinen\u010dn\u00ed p\u0159\u00edznaky. Proto je t\u0159eba d\u00e1vku oxycodonu postupn\u011b sni\u017eovat, aby se udr\u017eela strategick\u00e1 vzd\u00e1lenost od abstinen\u010dn\u00edch p\u0159\u00edznak\u016f.<\/p>","protected":false},"excerpt":{"rendered":"<p>Buy Roxicodone Online Buy Roxicodone Online. Roxicodone is a prescription used to direct to extreme torment. It is a brand of planned discharge oxycodone that works for as long as 12 hours. Roxicodone contains the dynamic fixing oxycodone, which has a place with a gathering of meds called solid analgesics or &#8216;painkillers. Accordingly, it is [&hellip;]<\/p>","protected":false},"featured_media":3087,"comment_status":"open","ping_status":"closed","template":"","meta":{"site-sidebar-layout":"default","site-content-layout":"","ast-site-content-layout":"default","site-content-style":"default","site-sidebar-style":"default","ast-global-header-display":"","ast-banner-title-visibility":"","ast-main-header-display":"","ast-hfb-above-header-display":"","ast-hfb-below-header-display":"","ast-hfb-mobile-header-display":"","site-post-title":"","ast-breadcrumbs-content":"","ast-featured-img":"","footer-sml-layout":"","theme-transparent-header-meta":"default","adv-header-id-meta":"","stick-header-meta":"","header-above-stick-meta":"","header-main-stick-meta":"","header-below-stick-meta":"","astra-migrate-meta-layouts":"set","ast-page-background-enabled":"default","ast-page-background-meta":{"desktop":{"background-color":"var(--ast-global-color-4)","background-image":"","background-repeat":"repeat","background-position":"center center","background-size":"auto","background-attachment":"scroll","background-type":"","background-media":"","overlay-type":"","overlay-color":"","overlay-opacity":"","overlay-gradient":""},"tablet":{"background-color":"","background-image":"","background-repeat":"repeat","background-position":"center center","background-size":"auto","background-attachment":"scroll","background-type":"","background-media":"","overlay-type":"","overlay-color":"","overlay-opacity":"","overlay-gradient":""},"mobile":{"background-color":"","background-image":"","background-repeat":"repeat","background-position":"center center","background-size":"auto","background-attachment":"scroll","background-type":"","background-media":"","overlay-type":"","overlay-color":"","overlay-opacity":"","overlay-gradient":""}},"ast-content-background-meta":{"desktop":{"background-color":"var(--ast-global-color-5)","background-image":"","background-repeat":"repeat","background-position":"center center","background-size":"auto","background-attachment":"scroll","background-type":"","background-media":"","overlay-type":"","overlay-color":"","overlay-opacity":"","overlay-gradient":""},"tablet":{"background-color":"var(--ast-global-color-5)","background-image":"","background-repeat":"repeat","background-position":"center center","background-size":"auto","background-attachment":"scroll","background-type":"","background-media":"","overlay-type":"","overlay-color":"","overlay-opacity":"","overlay-gradient":""},"mobile":{"background-color":"var(--ast-global-color-5)","background-image":"","background-repeat":"repeat","background-position":"center center","background-size":"auto","background-attachment":"scroll","background-type":"","background-media":"","overlay-type":"","overlay-color":"","overlay-opacity":"","overlay-gradient":""}}},"product_brand":[],"product_cat":[2385],"product_tag":[1218,1219,1217,1212,1215,1214,1213,1216,1211,1210,1221,1220],"class_list":{"0":"post-3057","1":"product","2":"type-product","3":"status-publish","4":"has-post-thumbnail","6":"product_cat-buy-pain-killer-pills-online","7":"product_tag-buy-roxicodone-in-canada","8":"product_tag-buy-roxicodone-in-uk","9":"product_tag-buy-roxicodone-in-usa","10":"product_tag-buy-roxicodone-with-bitcoin","11":"product_tag-buy-roxicodone-with-credit-card","12":"product_tag-buy-roxicodone-with-money-gram","13":"product_tag-buy-roxicodone-with-western-union","14":"product_tag-buy-roxicodone-without-a-doctor","15":"product_tag-buy-roxicodone-without-prescription","16":"product_tag-roxicodone-for-sale","17":"product_tag-roxicodone-pills","18":"product_tag-roxicodone-tablets","19":"desktop-align-center","20":"tablet-align-left","21":"mobile-align-left","23":"first","24":"instock","25":"shipping-taxable","26":"purchasable","27":"product-type-variable","28":"has-default-attributes"},"yoast_head":"<!-- This site is optimized with the Yoast SEO plugin v25.9 - https:\/\/yoast.com\/wordpress\/plugins\/seo\/ -->\n<title>Buy Roxicodone Online - Roxicodone for Sale - Order Roxicodone<\/title>\n<meta name=\"description\" content=\"It is the best time to visit our online store and buy Roxicodone online. We have high-quality Roxicodone for sale here at most affordable price. Meet us online and place your order today.\" \/>\n<meta name=\"robots\" content=\"index, follow, max-snippet:-1, max-image-preview:large, max-video-preview:-1\" \/>\n<link rel=\"canonical\" href=\"https:\/\/buy-prescriptionz.com\/cs\/produkt\/koupit-roxicodon-online\/\" \/>\n<meta property=\"og:locale\" content=\"cs_CZ\" \/>\n<meta property=\"og:type\" content=\"article\" \/>\n<meta property=\"og:title\" content=\"Buy Roxicodone Online - Roxicodone for Sale - Order Roxicodone\" \/>\n<meta property=\"og:description\" content=\"It is the best time to visit our online store and buy Roxicodone online. We have high-quality Roxicodone for sale here at most affordable price. Meet us online and place your order today.\" \/>\n<meta property=\"og:url\" content=\"https:\/\/buy-prescriptionz.com\/cs\/produkt\/koupit-roxicodon-online\/\" \/>\n<meta property=\"og:site_name\" content=\"Buy Prescriptionz\" \/>\n<meta property=\"article:modified_time\" content=\"2025-09-30T05:34:03+00:00\" \/>\n<meta property=\"og:image\" content=\"https:\/\/buy-prescriptionz.com\/wp-content\/uploads\/2025\/09\/roxicodone.jpg\" \/>\n\t<meta property=\"og:image:width\" content=\"400\" \/>\n\t<meta property=\"og:image:height\" content=\"300\" \/>\n\t<meta property=\"og:image:type\" content=\"image\/jpeg\" \/>\n<meta name=\"twitter:card\" content=\"summary_large_image\" \/>\n<meta name=\"twitter:label1\" content=\"Odhadovan\u00e1 doba \u010dten\u00ed\" \/>\n\t<meta name=\"twitter:data1\" content=\"4 minuty\" \/>\n<script type=\"application\/ld+json\" class=\"yoast-schema-graph\">{\"@context\":\"https:\/\/schema.org\",\"@graph\":[{\"@type\":\"WebPage\",\"@id\":\"https:\/\/buy-prescriptionz.com\/product\/buy-roxicodone-online\/\",\"url\":\"https:\/\/buy-prescriptionz.com\/product\/buy-roxicodone-online\/\",\"name\":\"Buy Roxicodone Online - Roxicodone for Sale - Order Roxicodone\",\"isPartOf\":{\"@id\":\"https:\/\/buy-prescriptionz.com\/#website\"},\"primaryImageOfPage\":{\"@id\":\"https:\/\/buy-prescriptionz.com\/product\/buy-roxicodone-online\/#primaryimage\"},\"image\":{\"@id\":\"https:\/\/buy-prescriptionz.com\/product\/buy-roxicodone-online\/#primaryimage\"},\"thumbnailUrl\":\"https:\/\/buy-prescriptionz.com\/wp-content\/uploads\/2025\/09\/roxicodone.jpg\",\"datePublished\":\"2025-09-16T08:56:10+00:00\",\"dateModified\":\"2025-09-30T05:34:03+00:00\",\"description\":\"It is the best time to visit our online store and buy Roxicodone online. We have high-quality Roxicodone for sale here at most affordable price. Meet us online and place your order today.\",\"breadcrumb\":{\"@id\":\"https:\/\/buy-prescriptionz.com\/product\/buy-roxicodone-online\/#breadcrumb\"},\"inLanguage\":\"cs\",\"potentialAction\":[{\"@type\":\"ReadAction\",\"target\":[\"https:\/\/buy-prescriptionz.com\/product\/buy-roxicodone-online\/\"]}]},{\"@type\":\"ImageObject\",\"inLanguage\":\"cs\",\"@id\":\"https:\/\/buy-prescriptionz.com\/product\/buy-roxicodone-online\/#primaryimage\",\"url\":\"https:\/\/buy-prescriptionz.com\/wp-content\/uploads\/2025\/09\/roxicodone.jpg\",\"contentUrl\":\"https:\/\/buy-prescriptionz.com\/wp-content\/uploads\/2025\/09\/roxicodone.jpg\",\"width\":400,\"height\":300},{\"@type\":\"BreadcrumbList\",\"@id\":\"https:\/\/buy-prescriptionz.com\/product\/buy-roxicodone-online\/#breadcrumb\",\"itemListElement\":[{\"@type\":\"ListItem\",\"position\":1,\"name\":\"Home\",\"item\":\"https:\/\/buy-prescriptionz.com\/\"},{\"@type\":\"ListItem\",\"position\":2,\"name\":\"Shop Painkillers Online\",\"item\":\"https:\/\/buy-prescriptionz.com\/shop-painkillers-online\/\"},{\"@type\":\"ListItem\",\"position\":3,\"name\":\"Buy Roxicodone Online\"}]},{\"@type\":\"WebSite\",\"@id\":\"https:\/\/buy-prescriptionz.com\/#website\",\"url\":\"https:\/\/buy-prescriptionz.com\/\",\"name\":\"Buy Prescriptionz\",\"description\":\"Drugs Online\",\"publisher\":{\"@id\":\"https:\/\/buy-prescriptionz.com\/#organization\"},\"potentialAction\":[{\"@type\":\"SearchAction\",\"target\":{\"@type\":\"EntryPoint\",\"urlTemplate\":\"https:\/\/buy-prescriptionz.com\/?s={search_term_string}\"},\"query-input\":{\"@type\":\"PropertyValueSpecification\",\"valueRequired\":true,\"valueName\":\"search_term_string\"}}],\"inLanguage\":\"cs\"},{\"@type\":\"Organization\",\"@id\":\"https:\/\/buy-prescriptionz.com\/#organization\",\"name\":\"Buy Prescriptionz\",\"url\":\"https:\/\/buy-prescriptionz.com\/\",\"logo\":{\"@type\":\"ImageObject\",\"inLanguage\":\"cs\",\"@id\":\"https:\/\/buy-prescriptionz.com\/#\/schema\/logo\/image\/\",\"url\":\"https:\/\/buy-prescriptionz.com\/wp-content\/uploads\/2023\/09\/logo.png\",\"contentUrl\":\"https:\/\/buy-prescriptionz.com\/wp-content\/uploads\/2023\/09\/logo.png\",\"width\":350,\"height\":64,\"caption\":\"Buy Prescriptionz\"},\"image\":{\"@id\":\"https:\/\/buy-prescriptionz.com\/#\/schema\/logo\/image\/\"}}]}<\/script>\n<!-- \/ Yoast SEO plugin. -->","yoast_head_json":{"title":"Koupit Roxicodon online - Roxicodon na prodej - Objednat Roxicodon","description":"Je nejlep\u0161\u00ed \u010das nav\u0161t\u00edvit n\u00e1\u0161 internetov\u00fd obchod a koupit si Roxicodon online. Nab\u00edz\u00edme vysoce kvalitn\u00ed Roxicodon k prodeji za nejdostupn\u011bj\u0161\u00ed cenu. Seznamte se s n\u00e1mi online a objednejte si je\u0161t\u011b dnes.","robots":{"index":"index","follow":"follow","max-snippet":"max-snippet:-1","max-image-preview":"max-image-preview:large","max-video-preview":"max-video-preview:-1"},"canonical":"https:\/\/buy-prescriptionz.com\/cs\/produkt\/koupit-roxicodon-online\/","og_locale":"cs_CZ","og_type":"article","og_title":"Buy Roxicodone Online - Roxicodone for Sale - Order Roxicodone","og_description":"It is the best time to visit our online store and buy Roxicodone online. We have high-quality Roxicodone for sale here at most affordable price. Meet us online and place your order today.","og_url":"https:\/\/buy-prescriptionz.com\/cs\/produkt\/koupit-roxicodon-online\/","og_site_name":"Buy Prescriptionz","article_modified_time":"2025-09-30T05:34:03+00:00","og_image":[{"width":400,"height":300,"url":"https:\/\/buy-prescriptionz.com\/wp-content\/uploads\/2025\/09\/roxicodone.jpg","type":"image\/jpeg"}],"twitter_card":"summary_large_image","twitter_misc":{"Odhadovan\u00e1 doba \u010dten\u00ed":"4 minuty"},"schema":{"@context":"https:\/\/schema.org","@graph":[{"@type":"WebPage","@id":"https:\/\/buy-prescriptionz.com\/product\/buy-roxicodone-online\/","url":"https:\/\/buy-prescriptionz.com\/product\/buy-roxicodone-online\/","name":"Koupit Roxicodon online - Roxicodon na prodej - Objednat Roxicodon","isPartOf":{"@id":"https:\/\/buy-prescriptionz.com\/#website"},"primaryImageOfPage":{"@id":"https:\/\/buy-prescriptionz.com\/product\/buy-roxicodone-online\/#primaryimage"},"image":{"@id":"https:\/\/buy-prescriptionz.com\/product\/buy-roxicodone-online\/#primaryimage"},"thumbnailUrl":"https:\/\/buy-prescriptionz.com\/wp-content\/uploads\/2025\/09\/roxicodone.jpg","datePublished":"2025-09-16T08:56:10+00:00","dateModified":"2025-09-30T05:34:03+00:00","description":"Je nejlep\u0161\u00ed \u010das nav\u0161t\u00edvit n\u00e1\u0161 internetov\u00fd obchod a koupit si Roxicodon online. Nab\u00edz\u00edme vysoce kvalitn\u00ed Roxicodon k prodeji za nejdostupn\u011bj\u0161\u00ed cenu. Seznamte se s n\u00e1mi online a objednejte si je\u0161t\u011b dnes.","breadcrumb":{"@id":"https:\/\/buy-prescriptionz.com\/product\/buy-roxicodone-online\/#breadcrumb"},"inLanguage":"cs","potentialAction":[{"@type":"ReadAction","target":["https:\/\/buy-prescriptionz.com\/product\/buy-roxicodone-online\/"]}]},{"@type":"ImageObject","inLanguage":"cs","@id":"https:\/\/buy-prescriptionz.com\/product\/buy-roxicodone-online\/#primaryimage","url":"https:\/\/buy-prescriptionz.com\/wp-content\/uploads\/2025\/09\/roxicodone.jpg","contentUrl":"https:\/\/buy-prescriptionz.com\/wp-content\/uploads\/2025\/09\/roxicodone.jpg","width":400,"height":300},{"@type":"BreadcrumbList","@id":"https:\/\/buy-prescriptionz.com\/product\/buy-roxicodone-online\/#breadcrumb","itemListElement":[{"@type":"ListItem","position":1,"name":"Home","item":"https:\/\/buy-prescriptionz.com\/"},{"@type":"ListItem","position":2,"name":"Shop Painkillers Online","item":"https:\/\/buy-prescriptionz.com\/shop-painkillers-online\/"},{"@type":"ListItem","position":3,"name":"Buy Roxicodone Online"}]},{"@type":"WebSite","@id":"https:\/\/buy-prescriptionz.com\/#website","url":"https:\/\/buy-prescriptionz.com\/","name":"Koupit Prescriptionz","description":"Drogy online","publisher":{"@id":"https:\/\/buy-prescriptionz.com\/#organization"},"potentialAction":[{"@type":"SearchAction","target":{"@type":"EntryPoint","urlTemplate":"https:\/\/buy-prescriptionz.com\/?s={search_term_string}"},"query-input":{"@type":"PropertyValueSpecification","valueRequired":true,"valueName":"search_term_string"}}],"inLanguage":"cs"},{"@type":"Organization","@id":"https:\/\/buy-prescriptionz.com\/#organization","name":"Koupit Prescriptionz","url":"https:\/\/buy-prescriptionz.com\/","logo":{"@type":"ImageObject","inLanguage":"cs","@id":"https:\/\/buy-prescriptionz.com\/#\/schema\/logo\/image\/","url":"https:\/\/buy-prescriptionz.com\/wp-content\/uploads\/2023\/09\/logo.png","contentUrl":"https:\/\/buy-prescriptionz.com\/wp-content\/uploads\/2023\/09\/logo.png","width":350,"height":64,"caption":"Buy Prescriptionz"},"image":{"@id":"https:\/\/buy-prescriptionz.com\/#\/schema\/logo\/image\/"}}]}},"_links":{"self":[{"href":"https:\/\/buy-prescriptionz.com\/cs\/wp-json\/wp\/v2\/product\/3057","targetHints":{"allow":["GET"]}}],"collection":[{"href":"https:\/\/buy-prescriptionz.com\/cs\/wp-json\/wp\/v2\/product"}],"about":[{"href":"https:\/\/buy-prescriptionz.com\/cs\/wp-json\/wp\/v2\/types\/product"}],"replies":[{"embeddable":true,"href":"https:\/\/buy-prescriptionz.com\/cs\/wp-json\/wp\/v2\/comments?post=3057"}],"wp:featuredmedia":[{"embeddable":true,"href":"https:\/\/buy-prescriptionz.com\/cs\/wp-json\/wp\/v2\/media\/3087"}],"wp:attachment":[{"href":"https:\/\/buy-prescriptionz.com\/cs\/wp-json\/wp\/v2\/media?parent=3057"}],"wp:term":[{"taxonomy":"product_brand","embeddable":true,"href":"https:\/\/buy-prescriptionz.com\/cs\/wp-json\/wp\/v2\/product_brand?post=3057"},{"taxonomy":"product_cat","embeddable":true,"href":"https:\/\/buy-prescriptionz.com\/cs\/wp-json\/wp\/v2\/product_cat?post=3057"},{"taxonomy":"product_tag","embeddable":true,"href":"https:\/\/buy-prescriptionz.com\/cs\/wp-json\/wp\/v2\/product_tag?post=3057"}],"curies":[{"name":"wp","href":"https:\/\/api.w.org\/{rel}","templated":true}]}}