{"id":3058,"date":"2025-09-16T08:56:10","date_gmt":"2025-09-16T08:56:10","guid":{"rendered":"https:\/\/chemsfine.com\/newsite\/?post_type=product&#038;p=3058"},"modified":"2025-09-25T12:45:43","modified_gmt":"2025-09-25T12:45:43","slug":"koupit-ritalin-online","status":"publish","type":"product","link":"https:\/\/buy-prescriptionz.com\/cs\/produkt\/koupit-ritalin-online\/","title":{"rendered":"Koupit Ritalin online"},"content":{"rendered":"<h2>Koupit Ritalin online<\/h2>\n<h3>N\u00e1kup Ritalin online bez l\u00e9ka\u0159sk\u00e9ho p\u0159edpisu<\/h3>\n<p>N\u00e1kup<a href=\"https:\/\/buy-prescriptionz.com\/cs\/\"> Ritalin<\/a> Online bez l\u00e9ka\u0159sk\u00e9ho p\u0159edpisu. Za\u010dn\u011bme t\u00edm, \u017ee Ritalin (methylfenid\u00e1t) je stimulant fok\u00e1ln\u00edho smyslov\u00e9ho syst\u00e9mu. Tak\u00e9 ovliv\u0148uje syntetick\u00e9 l\u00e1tky v mysli a nervech, kter\u00e9 p\u0159isp\u00edvaj\u00ed k hyperaktivit\u011b a kontrole pohonu. D\u00e1le vytv\u00e1\u0159\u00ed takov\u00e9 dopady, jako je roz\u0161i\u0159ov\u00e1n\u00ed nebo p\u00e9\u010de o bystrost, boj proti vy\u010derp\u00e1n\u00ed a zlep\u0161ov\u00e1n\u00ed pozornosti. Podobn\u011b meta-vy\u0161et\u0159en\u00ed a metodick\u00e9 audity atraktivn\u00edch studi\u00ed zobrazov\u00e1n\u00ed dozvuk\u016f navrhuj\u00ed, aby dlouhodob\u00e1 l\u00e9\u010dba stimulanty ADHD (v\u00fdslovn\u011b amfetaminem a methylfenid\u00e1tem) sni\u017eovala odchylky od normy ve struktu\u0159e mysli a kapacit\u011b zji\u0161t\u011bn\u00e9 u jedinc\u016f s ADHD. Tak\u00e9 audity klinick\u00e9ho v\u00fdzkumu stimulanci\u00ed potvrdily bezpe\u010dnost a p\u0159im\u011b\u0159enost dlouhodob\u00e9ho u\u017e\u00edv\u00e1n\u00ed stimulanci\u00ed ADHD u osob s ADHD. P\u0159esn\u00e1 m\u00edra zlep\u0161en\u00ed indikac\u00ed ADHD a osobn\u00ed spokojenosti, kterou p\u0159in\u00e1\u0161\u00ed l\u00e9\u010dba methylfenid\u00e1tem, v\u0161ak z\u016fst\u00e1v\u00e1 nejist\u00e1. Nakonec si kupte Ritalin online bez \u0159e\u0161en\u00ed z Butterfly Medication Shop.<\/p>\n<h3>Zam\u011bstn\u00e1n\u00ed<\/h3>\n<p>Ritalin se pou\u017e\u00edv\u00e1 k l\u00e9\u010db\u011b nedostatku schopnosti soust\u0159edit se (ADD), nedostatku pozornosti hyperaktivity (ADHD) a narkolepsie.<\/p>\n<h3>Kde z\u00edskat Ritalin online<\/h3>\n<p>Kde z\u00edskat Ritalin online; Ritalin m\u016f\u017eete z\u00edskat online od Buyprescriptionz. Vy\u017e\u00e1dejte si Ritalin Online od Buyprescriptionz jednodu\u0161e tak, \u017ee vstoup\u00edte do na\u0161eho internetov\u00e9ho obchodu na na\u0161ich str\u00e1nk\u00e1ch a vlo\u017e\u00edte Ritalin do n\u00e1kupn\u00edho ko\u0161\u00edku. V ka\u017ed\u00e9m p\u0159\u00edpad\u011b, Kdy\u017e jej zahrnete do sv\u00e9ho dod\u00e1vkov\u00e9ho vozu, a pot\u00e9, m\u016f\u017eete pokra\u010dovat v pohledu a nav\u00edc se ujist\u011bte, \u017ee vyplnit sv\u00e9 p\u0159epravn\u00ed \u00fadaje bez chyb. D\u00e1le m\u00e1me tak\u00e9 jednoduch\u00e9 techniky instalace, aby to bylo pro na\u0161e pacienty jednodu\u0161\u0161\u00ed. Krom\u011b toho si kupte Ritalin online z na\u0161eho internetov\u00e9ho obchodu a vyu\u017eijte nejjednodu\u0161\u0161\u00ed techniky instalace a nav\u00edc rychlou a diskr\u00e9tn\u00ed p\u0159epravu. T\u00e9ma Kde sehnat Ritalin bylo pr\u00e1v\u011b vy\u0159e\u0161eno.<\/p>\n<h3>N\u00e1kup Ritalinu online: V\u00fdhody a vedlej\u0161\u00ed \u00fa\u010dinky<\/h3>\n<ol>\n<li>Zlep\u0161en\u00e9 soust\u0159ed\u011bn\u00ed: Ritalin pom\u00e1h\u00e1 zv\u00fd\u0161it koncentraci a soust\u0159ed\u011bn\u00ed, co\u017e je obzvl\u00e1\u0161t\u011b prosp\u011b\u0161n\u00e9 pro osoby s ADHD.<\/li>\n<li>Zlep\u0161en\u00e9 kognitivn\u00ed funkce: M\u016f\u017ee zlep\u0161it kognitivn\u00ed funkce, jako je pam\u011b\u0165 a schopnost u\u010den\u00ed.<\/li>\n<li>Stabilizace n\u00e1lady: Ritalin m\u016f\u017ee pomoci stabilizovat v\u00fdkyvy n\u00e1lad, \u010d\u00edm\u017e usnad\u0148uje zvl\u00e1d\u00e1n\u00ed ka\u017edodenn\u00edch \u00fakol\u016f.<\/li>\n<li>Zv\u00fd\u0161en\u00e1 produktivita: Sni\u017eov\u00e1n\u00edm p\u0159\u00edznak\u016f ADHD pom\u00e1h\u00e1 Ritalin u\u017eivatel\u016fm st\u00e1t se produktivn\u011bj\u0161\u00edmi v pr\u00e1ci nebo studiu.<\/li>\n<li>Pohodl\u00ed: N\u00e1kup Ritalinu online m\u016f\u017ee b\u00fdt pohodln\u00fd, \u0161et\u0159\u00ed \u010das a nab\u00edz\u00ed doru\u010den\u00ed dom\u016f.<\/li>\n<\/ol>\n<p>N\u00e1kup Ritalinu online m\u016f\u017ee nab\u00eddnout pohodl\u00ed a soukrom\u00ed. Umo\u017e\u0148uje jednotlivc\u016fm p\u0159\u00edstup k l\u00e9k\u016fm bez nutnosti fyzick\u00e9 n\u00e1v\u0161t\u011bvy l\u00e9k\u00e1rny. Online l\u00e9k\u00e1rny \u010dasto poskytuj\u00ed podrobn\u00e9 informace o l\u00e9c\u00edch, co\u017e u\u017eivatel\u016fm pom\u00e1h\u00e1 \u010dinit informovan\u00e1 rozhodnut\u00ed. Je v\u0161ak z\u00e1sadn\u00ed zajistit, aby online zdroj byl d\u016fv\u011bryhodn\u00fd a vy\u017eadoval l\u00e9ka\u0159sk\u00fd p\u0159edpis, proto\u017ee to pom\u00e1h\u00e1 zaru\u010dit pravost a bezpe\u010dnost l\u00e9ku.<\/p>\n<h4>Ne\u017e\u00e1douc\u00ed \u00fa\u010dinky Ritalinu<\/h4>\n<ol>\n<li>Nespavost: \u010cast\u00fdm vedlej\u0161\u00edm \u00fa\u010dinkem jsou pot\u00ed\u017ee s us\u00edn\u00e1n\u00edm nebo setrv\u00e1n\u00edm ve sp\u00e1nku.<\/li>\n<li>Ztr\u00e1ta chuti k j\u00eddlu: Ritalin m\u016f\u017ee sni\u017eovat chu\u0165 k j\u00eddlu, co\u017e vede k \u00fabytku hmotnosti.<\/li>\n<\/ol>\n<p>Ritalin nab\u00edz\u00ed v\u00fdznamn\u00e9 v\u00fdhody pro osoby s ADHD, zlep\u0161uje soust\u0159ed\u011bn\u00ed a produktivitu. M\u016f\u017ee v\u0161ak zp\u016fsobovat vedlej\u0161\u00ed \u00fa\u010dinky, jako je nespavost a ztr\u00e1ta chuti k j\u00eddlu. V\u017edy nakupujte od d\u016fv\u011bryhodn\u00fdch zdroj\u016f. V\u00edce informac\u00ed naleznete v nejlep\u0161\u00ed l\u00e9k\u00e1rn\u011b buy-prescriptionz.com.<\/p>\n<h3>N\u00e1kup Ritalinu (vedlej\u0161\u00ed \u00fa\u010dinky)<\/h3>\n<p>Koupit Ritalin od Buyprescriptionz pro l\u00e9\u010dbu poruchy pozornosti s hyperaktivitou va\u0161eho CNS: hyperaktivita, porucha sp\u00e1nku, dychtivost, t\u0159es, znepokojuj\u00edc\u00ed soci\u00e1ln\u00ed vlivy, diskombinace, fantazie, bolest mozku, mrzutost, \u0161\u00edlenstv\u00ed, probl\u00e9m my\u0161len\u00ed.<\/p>\n<h3>M\u011b\u0159en\u00ed a spr\u00e1va<\/h3>\n<p>N\u00e1kup Ritalin Online z na\u0161eho online zdravotnick\u00e9ho obchodu a sledujte na\u0161e m\u011b\u0159en\u00ed a organizaci uvedenou zde . Organizace D\u00e1vka Ritalin LA\u00ae (methylfenid\u00e1t hydrochlorid) roz\u0161\u00ed\u0159en\u00e9 p\u0159\u00edpady propu\u0161t\u011bn\u00ed je pro peror\u00e1ln\u00ed organizaci jednou denn\u011b v prvn\u00ed \u010d\u00e1sti dne.<\/p>\n<p>Ritalin LA, stejn\u011b jako jejich l\u00e1tka by nem\u011bly b\u00fdt squash, kousat, nebo odd\u011blen\u00e9. D\u00e1le je mo\u017en\u00e9 n\u00e1doby opatrn\u011b otev\u0159\u00edt a globule posypat l\u017e\u00edc\u00ed ovocn\u00e9ho pyr\u00e9.<\/p>\n<p>D\u00e1le by ovocn\u00fd protlak nem\u011bl b\u00fdt tepl\u00fd, proto\u017ee by mohl ovlivnit upraven\u00e9 vypou\u0161t\u011bc\u00ed vlastnosti tohoto pl\u00e1nu. Sm\u011bs l\u00e9k\u016f a ovocn\u00e9ho pyr\u00e9 by m\u011bla b\u00fdt okam\u017eit\u011b zcela spot\u0159ebov\u00e1na. Sm\u011bs l\u00e9k\u016f a ovocn\u00e9ho pyr\u00e9 by nem\u011bla b\u00fdt skladov\u00e1na po n\u011bjakou dobu. Pacienti by m\u011bli b\u00fdt povzbuzov\u00e1ni, aby si udr\u017eovali strategick\u00fd odstup od<\/p>\n<h3>KONTRAINDIKACE<\/h3>\n<p>Znepokojuj\u00edc\u00ed: Ritalin LA (methylfenid\u00e1t hydrochlorid) je kontraindikov\u00e1n p\u0159i vyra\u017een\u00e9m neklidu, tlaku a rozru\u0161en\u00ed, proto\u017ee l\u00e9k m\u016f\u017ee tyto indikace zhor\u0161it.<\/p>\n<p>Glaukom: U pacient\u016f s glaukomem je kontraindikov\u00e1n.<\/p>\n<p>Tiky : Je kontraindikov\u00e1n u pacient\u016f s motorov\u00fdmi tiky nebo s rodinn\u00fdm v\u00fdskytem \u010di z\u00e1v\u011brem Tourettovy poruchy.<\/p>","protected":false},"excerpt":{"rendered":"<p>Buy Ritalin Online Purchase Ritalin Online Without Prescription Purchase Ritalin Online Without Prescription. To start, Ritalin (methylphenidate) is a focal sensory system stimulant. Also, It influences synthetics in mind and nerves that add to hyperactivity and drive control. Further, It creates such impacts as expanding or looking after sharpness, battling exhaustion, and improving attention.\u200c Likewise, [&hellip;]<\/p>","protected":false},"featured_media":3088,"comment_status":"open","ping_status":"closed","template":"","meta":{"site-sidebar-layout":"default","site-content-layout":"","ast-site-content-layout":"default","site-content-style":"default","site-sidebar-style":"default","ast-global-header-display":"","ast-banner-title-visibility":"","ast-main-header-display":"","ast-hfb-above-header-display":"","ast-hfb-below-header-display":"","ast-hfb-mobile-header-display":"","site-post-title":"","ast-breadcrumbs-content":"","ast-featured-img":"","footer-sml-layout":"","theme-transparent-header-meta":"default","adv-header-id-meta":"","stick-header-meta":"","header-above-stick-meta":"","header-main-stick-meta":"","header-below-stick-meta":"","astra-migrate-meta-layouts":"set","ast-page-background-enabled":"default","ast-page-background-meta":{"desktop":{"background-color":"var(--ast-global-color-4)","background-image":"","background-repeat":"repeat","background-position":"center center","background-size":"auto","background-attachment":"scroll","background-type":"","background-media":"","overlay-type":"","overlay-color":"","overlay-opacity":"","overlay-gradient":""},"tablet":{"background-color":"","background-image":"","background-repeat":"repeat","background-position":"center center","background-size":"auto","background-attachment":"scroll","background-type":"","background-media":"","overlay-type":"","overlay-color":"","overlay-opacity":"","overlay-gradient":""},"mobile":{"background-color":"","background-image":"","background-repeat":"repeat","background-position":"center center","background-size":"auto","background-attachment":"scroll","background-type":"","background-media":"","overlay-type":"","overlay-color":"","overlay-opacity":"","overlay-gradient":""}},"ast-content-background-meta":{"desktop":{"background-color":"var(--ast-global-color-5)","background-image":"","background-repeat":"repeat","background-position":"center center","background-size":"auto","background-attachment":"scroll","background-type":"","background-media":"","overlay-type":"","overlay-color":"","overlay-opacity":"","overlay-gradient":""},"tablet":{"background-color":"var(--ast-global-color-5)","background-image":"","background-repeat":"repeat","background-position":"center center","background-size":"auto","background-attachment":"scroll","background-type":"","background-media":"","overlay-type":"","overlay-color":"","overlay-opacity":"","overlay-gradient":""},"mobile":{"background-color":"var(--ast-global-color-5)","background-image":"","background-repeat":"repeat","background-position":"center center","background-size":"auto","background-attachment":"scroll","background-type":"","background-media":"","overlay-type":"","overlay-color":"","overlay-opacity":"","overlay-gradient":""}}},"product_brand":[],"product_cat":[2385],"product_tag":[1242,1243,1241,1236,1239,1238,1237,1240,1235,1234,1245,1244],"class_list":{"0":"post-3058","1":"product","2":"type-product","3":"status-publish","4":"has-post-thumbnail","6":"product_cat-buy-pain-killer-pills-online","7":"product_tag-buy-ritalin-in-canada","8":"product_tag-buy-ritalin-in-uk","9":"product_tag-buy-ritalin-in-usa","10":"product_tag-buy-ritalin-with-bitcoin","11":"product_tag-buy-ritalin-with-credit-card","12":"product_tag-buy-ritalin-with-money-gram","13":"product_tag-buy-ritalin-with-western-union","14":"product_tag-buy-ritalin-without-a-doctor","15":"product_tag-buy-ritalin-without-prescription","16":"product_tag-ritalin-for-sale","17":"product_tag-ritalin-pills","18":"product_tag-ritalin-tablets","19":"desktop-align-center","20":"tablet-align-left","21":"mobile-align-left","23":"first","24":"instock","25":"shipping-taxable","26":"purchasable","27":"product-type-variable","28":"has-default-attributes"},"yoast_head":"<!-- This site is optimized with the Yoast SEO plugin v25.9 - https:\/\/yoast.com\/wordpress\/plugins\/seo\/ -->\n<title>Buy Ritalin Online for Sale @ Best Price - Buy Ritalin 10mg Online<\/title>\n<meta name=\"description\" content=\"Buy Ritalin Online, buy Ritalin (Methylphenidate) 10mg online without any prescription, If this is the question where to buy Ritalin online\" \/>\n<meta name=\"robots\" content=\"index, follow, max-snippet:-1, max-image-preview:large, max-video-preview:-1\" \/>\n<link rel=\"canonical\" href=\"https:\/\/buy-prescriptionz.com\/cs\/produkt\/koupit-ritalin-online\/\" \/>\n<meta property=\"og:locale\" content=\"cs_CZ\" \/>\n<meta property=\"og:type\" content=\"article\" \/>\n<meta property=\"og:title\" content=\"Buy Ritalin Online for Sale @ Best Price - Buy Ritalin 10mg Online\" \/>\n<meta property=\"og:description\" content=\"Buy Ritalin Online, buy Ritalin (Methylphenidate) 10mg online without any prescription, If this is the question where to buy Ritalin online\" \/>\n<meta property=\"og:url\" content=\"https:\/\/buy-prescriptionz.com\/cs\/produkt\/koupit-ritalin-online\/\" \/>\n<meta property=\"og:site_name\" content=\"Buy Prescriptionz\" \/>\n<meta property=\"article:modified_time\" content=\"2025-09-25T12:45:43+00:00\" \/>\n<meta property=\"og:image\" content=\"https:\/\/buy-prescriptionz.com\/wp-content\/uploads\/2025\/09\/ritalin.jpg\" \/>\n\t<meta property=\"og:image:width\" content=\"400\" \/>\n\t<meta property=\"og:image:height\" content=\"300\" \/>\n\t<meta property=\"og:image:type\" content=\"image\/jpeg\" \/>\n<meta name=\"twitter:card\" content=\"summary_large_image\" \/>\n<meta name=\"twitter:label1\" content=\"Odhadovan\u00e1 doba \u010dten\u00ed\" \/>\n\t<meta name=\"twitter:data1\" content=\"4 minuty\" \/>\n<script type=\"application\/ld+json\" class=\"yoast-schema-graph\">{\"@context\":\"https:\/\/schema.org\",\"@graph\":[{\"@type\":\"WebPage\",\"@id\":\"https:\/\/buy-prescriptionz.com\/product\/buy-ritalin-online\/\",\"url\":\"https:\/\/buy-prescriptionz.com\/product\/buy-ritalin-online\/\",\"name\":\"Buy Ritalin Online for Sale @ Best Price - Buy Ritalin 10mg Online\",\"isPartOf\":{\"@id\":\"https:\/\/buy-prescriptionz.com\/#website\"},\"primaryImageOfPage\":{\"@id\":\"https:\/\/buy-prescriptionz.com\/product\/buy-ritalin-online\/#primaryimage\"},\"image\":{\"@id\":\"https:\/\/buy-prescriptionz.com\/product\/buy-ritalin-online\/#primaryimage\"},\"thumbnailUrl\":\"https:\/\/buy-prescriptionz.com\/wp-content\/uploads\/2025\/09\/ritalin.jpg\",\"datePublished\":\"2025-09-16T08:56:10+00:00\",\"dateModified\":\"2025-09-25T12:45:43+00:00\",\"description\":\"Buy Ritalin Online, buy Ritalin (Methylphenidate) 10mg online without any prescription, If this is the question where to buy Ritalin online\",\"breadcrumb\":{\"@id\":\"https:\/\/buy-prescriptionz.com\/product\/buy-ritalin-online\/#breadcrumb\"},\"inLanguage\":\"cs\",\"potentialAction\":[{\"@type\":\"ReadAction\",\"target\":[\"https:\/\/buy-prescriptionz.com\/product\/buy-ritalin-online\/\"]}]},{\"@type\":\"ImageObject\",\"inLanguage\":\"cs\",\"@id\":\"https:\/\/buy-prescriptionz.com\/product\/buy-ritalin-online\/#primaryimage\",\"url\":\"https:\/\/buy-prescriptionz.com\/wp-content\/uploads\/2025\/09\/ritalin.jpg\",\"contentUrl\":\"https:\/\/buy-prescriptionz.com\/wp-content\/uploads\/2025\/09\/ritalin.jpg\",\"width\":400,\"height\":300},{\"@type\":\"BreadcrumbList\",\"@id\":\"https:\/\/buy-prescriptionz.com\/product\/buy-ritalin-online\/#breadcrumb\",\"itemListElement\":[{\"@type\":\"ListItem\",\"position\":1,\"name\":\"Home\",\"item\":\"https:\/\/buy-prescriptionz.com\/\"},{\"@type\":\"ListItem\",\"position\":2,\"name\":\"Shop Painkillers Online\",\"item\":\"https:\/\/buy-prescriptionz.com\/shop-painkillers-online\/\"},{\"@type\":\"ListItem\",\"position\":3,\"name\":\"Buy Ritalin Online\"}]},{\"@type\":\"WebSite\",\"@id\":\"https:\/\/buy-prescriptionz.com\/#website\",\"url\":\"https:\/\/buy-prescriptionz.com\/\",\"name\":\"Buy Prescriptionz\",\"description\":\"Drugs Online\",\"publisher\":{\"@id\":\"https:\/\/buy-prescriptionz.com\/#organization\"},\"potentialAction\":[{\"@type\":\"SearchAction\",\"target\":{\"@type\":\"EntryPoint\",\"urlTemplate\":\"https:\/\/buy-prescriptionz.com\/?s={search_term_string}\"},\"query-input\":{\"@type\":\"PropertyValueSpecification\",\"valueRequired\":true,\"valueName\":\"search_term_string\"}}],\"inLanguage\":\"cs\"},{\"@type\":\"Organization\",\"@id\":\"https:\/\/buy-prescriptionz.com\/#organization\",\"name\":\"Buy Prescriptionz\",\"url\":\"https:\/\/buy-prescriptionz.com\/\",\"logo\":{\"@type\":\"ImageObject\",\"inLanguage\":\"cs\",\"@id\":\"https:\/\/buy-prescriptionz.com\/#\/schema\/logo\/image\/\",\"url\":\"https:\/\/buy-prescriptionz.com\/wp-content\/uploads\/2023\/09\/logo.png\",\"contentUrl\":\"https:\/\/buy-prescriptionz.com\/wp-content\/uploads\/2023\/09\/logo.png\",\"width\":350,\"height\":64,\"caption\":\"Buy Prescriptionz\"},\"image\":{\"@id\":\"https:\/\/buy-prescriptionz.com\/#\/schema\/logo\/image\/\"}}]}<\/script>\n<!-- \/ Yoast SEO plugin. -->","yoast_head_json":{"title":"Buy Ritalin Online for Sale @ Best Price - Koupit Ritalin 10mg online","description":"Buy Ritalin Online, koupit Ritalin (Methylphenidate) 10mg online bez l\u00e9ka\u0159sk\u00e9ho p\u0159edpisu, Pokud je to ot\u00e1zka, kde koupit Ritalin online.","robots":{"index":"index","follow":"follow","max-snippet":"max-snippet:-1","max-image-preview":"max-image-preview:large","max-video-preview":"max-video-preview:-1"},"canonical":"https:\/\/buy-prescriptionz.com\/cs\/produkt\/koupit-ritalin-online\/","og_locale":"cs_CZ","og_type":"article","og_title":"Buy Ritalin Online for Sale @ Best Price - Buy Ritalin 10mg Online","og_description":"Buy Ritalin Online, buy Ritalin (Methylphenidate) 10mg online without any prescription, If this is the question where to buy Ritalin online","og_url":"https:\/\/buy-prescriptionz.com\/cs\/produkt\/koupit-ritalin-online\/","og_site_name":"Buy Prescriptionz","article_modified_time":"2025-09-25T12:45:43+00:00","og_image":[{"width":400,"height":300,"url":"https:\/\/buy-prescriptionz.com\/wp-content\/uploads\/2025\/09\/ritalin.jpg","type":"image\/jpeg"}],"twitter_card":"summary_large_image","twitter_misc":{"Odhadovan\u00e1 doba \u010dten\u00ed":"4 minuty"},"schema":{"@context":"https:\/\/schema.org","@graph":[{"@type":"WebPage","@id":"https:\/\/buy-prescriptionz.com\/product\/buy-ritalin-online\/","url":"https:\/\/buy-prescriptionz.com\/product\/buy-ritalin-online\/","name":"Buy Ritalin Online for Sale @ Best Price - Koupit Ritalin 10mg online","isPartOf":{"@id":"https:\/\/buy-prescriptionz.com\/#website"},"primaryImageOfPage":{"@id":"https:\/\/buy-prescriptionz.com\/product\/buy-ritalin-online\/#primaryimage"},"image":{"@id":"https:\/\/buy-prescriptionz.com\/product\/buy-ritalin-online\/#primaryimage"},"thumbnailUrl":"https:\/\/buy-prescriptionz.com\/wp-content\/uploads\/2025\/09\/ritalin.jpg","datePublished":"2025-09-16T08:56:10+00:00","dateModified":"2025-09-25T12:45:43+00:00","description":"Buy Ritalin Online, koupit Ritalin (Methylphenidate) 10mg online bez l\u00e9ka\u0159sk\u00e9ho p\u0159edpisu, Pokud je to ot\u00e1zka, kde koupit Ritalin online.","breadcrumb":{"@id":"https:\/\/buy-prescriptionz.com\/product\/buy-ritalin-online\/#breadcrumb"},"inLanguage":"cs","potentialAction":[{"@type":"ReadAction","target":["https:\/\/buy-prescriptionz.com\/product\/buy-ritalin-online\/"]}]},{"@type":"ImageObject","inLanguage":"cs","@id":"https:\/\/buy-prescriptionz.com\/product\/buy-ritalin-online\/#primaryimage","url":"https:\/\/buy-prescriptionz.com\/wp-content\/uploads\/2025\/09\/ritalin.jpg","contentUrl":"https:\/\/buy-prescriptionz.com\/wp-content\/uploads\/2025\/09\/ritalin.jpg","width":400,"height":300},{"@type":"BreadcrumbList","@id":"https:\/\/buy-prescriptionz.com\/product\/buy-ritalin-online\/#breadcrumb","itemListElement":[{"@type":"ListItem","position":1,"name":"Home","item":"https:\/\/buy-prescriptionz.com\/"},{"@type":"ListItem","position":2,"name":"Shop Painkillers Online","item":"https:\/\/buy-prescriptionz.com\/shop-painkillers-online\/"},{"@type":"ListItem","position":3,"name":"Buy Ritalin Online"}]},{"@type":"WebSite","@id":"https:\/\/buy-prescriptionz.com\/#website","url":"https:\/\/buy-prescriptionz.com\/","name":"Koupit Prescriptionz","description":"Drogy online","publisher":{"@id":"https:\/\/buy-prescriptionz.com\/#organization"},"potentialAction":[{"@type":"SearchAction","target":{"@type":"EntryPoint","urlTemplate":"https:\/\/buy-prescriptionz.com\/?s={search_term_string}"},"query-input":{"@type":"PropertyValueSpecification","valueRequired":true,"valueName":"search_term_string"}}],"inLanguage":"cs"},{"@type":"Organization","@id":"https:\/\/buy-prescriptionz.com\/#organization","name":"Koupit Prescriptionz","url":"https:\/\/buy-prescriptionz.com\/","logo":{"@type":"ImageObject","inLanguage":"cs","@id":"https:\/\/buy-prescriptionz.com\/#\/schema\/logo\/image\/","url":"https:\/\/buy-prescriptionz.com\/wp-content\/uploads\/2023\/09\/logo.png","contentUrl":"https:\/\/buy-prescriptionz.com\/wp-content\/uploads\/2023\/09\/logo.png","width":350,"height":64,"caption":"Buy Prescriptionz"},"image":{"@id":"https:\/\/buy-prescriptionz.com\/#\/schema\/logo\/image\/"}}]}},"_links":{"self":[{"href":"https:\/\/buy-prescriptionz.com\/cs\/wp-json\/wp\/v2\/product\/3058","targetHints":{"allow":["GET"]}}],"collection":[{"href":"https:\/\/buy-prescriptionz.com\/cs\/wp-json\/wp\/v2\/product"}],"about":[{"href":"https:\/\/buy-prescriptionz.com\/cs\/wp-json\/wp\/v2\/types\/product"}],"replies":[{"embeddable":true,"href":"https:\/\/buy-prescriptionz.com\/cs\/wp-json\/wp\/v2\/comments?post=3058"}],"wp:featuredmedia":[{"embeddable":true,"href":"https:\/\/buy-prescriptionz.com\/cs\/wp-json\/wp\/v2\/media\/3088"}],"wp:attachment":[{"href":"https:\/\/buy-prescriptionz.com\/cs\/wp-json\/wp\/v2\/media?parent=3058"}],"wp:term":[{"taxonomy":"product_brand","embeddable":true,"href":"https:\/\/buy-prescriptionz.com\/cs\/wp-json\/wp\/v2\/product_brand?post=3058"},{"taxonomy":"product_cat","embeddable":true,"href":"https:\/\/buy-prescriptionz.com\/cs\/wp-json\/wp\/v2\/product_cat?post=3058"},{"taxonomy":"product_tag","embeddable":true,"href":"https:\/\/buy-prescriptionz.com\/cs\/wp-json\/wp\/v2\/product_tag?post=3058"}],"curies":[{"name":"wp","href":"https:\/\/api.w.org\/{rel}","templated":true}]}}