{"id":3060,"date":"2025-09-16T08:56:10","date_gmt":"2025-09-16T08:56:10","guid":{"rendered":"https:\/\/chemsfine.com\/newsite\/?post_type=product&#038;p=3060"},"modified":"2025-09-24T14:15:45","modified_gmt":"2025-09-24T14:15:45","slug":"koupit-oxycontin-online","status":"publish","type":"product","link":"https:\/\/buy-prescriptionz.com\/cs\/produkt\/koupit-oxycontin-online\/","title":{"rendered":"Koupit Oxycontin online"},"content":{"rendered":"<h1>Koupit Oxycontin online<\/h1>\n<p>Tento l\u00e9k se u\u017e\u00edv\u00e1 k \u00falev\u011b od siln\u00e9, dlouhotrvaj\u00edc\u00ed bolesti, nap\u0159\u00edklad bolesti zp\u016fsoben\u00e9 rakovinou. Oxykodon je opioidn\u00ed anestetikum, co\u017e je typ l\u00e9ku proti bolesti. V mozku m\u011bn\u00ed pocity a vn\u00edm\u00e1n\u00ed bolesti t\u011blem. Siln\u011bj\u0161\u00ed formy tohoto l\u00e9ku (v\u00edce ne\u017e 40 miligram\u016f na pilulku) byste m\u011bli u\u017e\u00edvat pouze v p\u0159\u00edpad\u011b, \u017ee pravideln\u011b u\u017e\u00edv\u00e1te st\u0159edn\u00ed a\u017e velk\u00e9 mno\u017estv\u00ed opioidn\u00edch l\u00e9k\u016f proti bolesti. Pokud n\u011bkdo, kdo l\u00e9ky proti bolesti pravideln\u011b neu\u017e\u00edv\u00e1, u\u017e\u00edv\u00e1 tato mno\u017estv\u00ed, m\u016f\u017ee se p\u0159ed\u00e1vkovat a dokonce zem\u0159\u00edt. Oxykodon s prodlou\u017een\u00fdm uvol\u0148ov\u00e1n\u00edm by se nem\u011bl pou\u017e\u00edvat k l\u00e9\u010db\u011b m\u00edrn\u00e9 bolesti nebo bolesti, kter\u00e1 odezn\u00ed b\u011bhem n\u011bkolika dn\u00ed. Tento l\u00e9k byste nem\u011bli u\u017e\u00edvat \u201epodle pot\u0159eby\u201c nebo jen ob\u010das.<\/p>\n<h2>Koupit Oxycontin online - v\u011bda o OxyCotin<\/h2>\n<p>Atomov\u00e1 hmotnost tohoto l\u00e9\u010diva byla stanovena na 315,364 g\/mol. P\u0159edepsan\u00e1 skladovac\u00ed teplota pro l\u00e9ky je bu\u010f pokojov\u00e1 teplota, nebo teplota mezi 20oC a 25oC. Pro uchov\u00e1n\u00ed l\u00e9ku po del\u0161\u00ed dobu se doporu\u010duje uchov\u00e1vat l\u00e9k p\u0159i n\u00edzk\u00e9 teplot\u011b -20oC, p\u0159i\u010dem\u017e je zn\u00e1mo, \u017ee bezpe\u010dnost \u010d\u00e1stic tohoto l\u00e9ku je stejn\u00e1 nebo vy\u0161\u0161\u00ed ne\u017e n\u011bkolik let.<\/p>\n<p>Syntetick\u00e9 receptury morfin sulf\u00e1tu jsou C18H21NO4.<\/p>\n<h3>Jak\u00e9 druhy oxykodonu existuj\u00ed?<\/h3>\n<p>Oxykodon se dod\u00e1v\u00e1 pod mnoha n\u00e1zvy, nap\u0159\u00edklad Endone, OxyContin a OxyNorm. Existuj\u00ed r\u016fzn\u00e1 mno\u017estv\u00ed a druhy, nap\u0159\u00edklad: \u010d\u00edpky, tablety, pilulky a n\u00e1poje. N\u011bkter\u00e9 sm\u011bsi \u00fa\u010dinkuj\u00ed okam\u017eit\u011b. N\u011bkter\u00e9 typy l\u00e9k\u016f s \u0159\u00edzen\u00fdm uvol\u0148ov\u00e1n\u00edm \u00fa\u010dinkuj\u00ed pomaleji, tak\u017ee jejich \u00fa\u010dinky p\u0159etrv\u00e1vaj\u00ed d\u00e9le. Nejlep\u0161\u00ed Oxykodon lze koupit pouze na l\u00e9ka\u0159sk\u00fd p\u0159edpis.<\/p>\n<h3>Jak\u00e9 dal\u0161\u00ed l\u00e9ky mohou sn\u00ed\u017eit \u00fa\u010dinnost OxyContinu?<\/h3>\n<p>N\u011bkter\u00e9 l\u00e9ky mohou na za\u010d\u00e1tku nebo p\u0159i ukon\u010den\u00ed u\u017e\u00edv\u00e1n\u00ed zt\u011b\u017eovat d\u00fdch\u00e1n\u00ed nebo zp\u016fsobovat abstinen\u010dn\u00ed p\u0159\u00edznaky. Pokud u\u017e\u00edv\u00e1te tak\u00e9 antibiotika, antimykotika, l\u00e9ky na srdce nebo krevn\u00ed tlak, l\u00e9ky na z\u00e1chvaty nebo l\u00e9ky k l\u00e9\u010db\u011b HIV nebo hepatitidy C, m\u011bli byste o tom informovat sv\u00e9ho l\u00e9ka\u0159e.<\/p>\n<p>Pokud tento l\u00e9k u\u017e\u00edv\u00e1te dlouhodob\u011b nebo ve velk\u00e9m mno\u017estv\u00ed, jeho n\u00e1hl\u00e9 vysazen\u00ed m\u016f\u017ee v\u00e9st k abstinen\u010dn\u00edm p\u0159\u00edznak\u016fm. V\u00e1\u0161 l\u00e9ka\u0159 m\u016f\u017ee d\u00e1vku postupn\u011b sni\u017eovat, aby u v\u00e1s nedo\u0161lo k abstinen\u010dn\u00edm p\u0159\u00edznak\u016fm. Pokud se u v\u00e1s objev\u00ed jak\u00e9koli abstinen\u010dn\u00ed p\u0159\u00edznaky, jako je neklid, zm\u011bny mysli nebo n\u00e1lady (jako jsou starosti, pot\u00ed\u017ee se sp\u00e1nkem nebo sebevra\u017eedn\u00e9 my\u0161lenky), slzen\u00ed o\u010d\u00ed nebo zarudnut\u00ed nosu, nevolnost, pr\u016fjem, pocen\u00ed, bolest sval\u016f nebo rychl\u00e9 zm\u011bny chov\u00e1n\u00ed, ihned to sd\u011blte sv\u00e9mu l\u00e9ka\u0159i nebo l\u00e9k\u00e1rn\u011b. L\u00e9ky si m\u016f\u017eete snadno koupit v nejlep\u0161\u00ed l\u00e9k\u00e1rn\u011b - Buy-Prescriptionz.com.<\/p>\n<h3>Vyu\u017eit\u00ed p\u0159\u00edpravku OxyCotin<\/h3>\n<p>m\u016f\u017ee b\u00fdt n\u00e1vykov\u00e1 i v b\u011b\u017en\u00fdch d\u00e1vk\u00e1ch. Pacienti by m\u011bli tento l\u00e9k u\u017e\u00edvat p\u0159esn\u011b tak, jak jim schv\u00e1lil odborn\u00edk. Pacienti by jej nem\u011bli p\u0159ed\u00e1vat dal\u0161\u00edm osob\u00e1m. Zneu\u017eit\u00ed tohoto l\u00e9ku m\u016f\u017ee zp\u016fsobit p\u0159ed\u00e1vkov\u00e1n\u00ed, fixaci a dokonce i p\u0159ed\u00e1vkov\u00e1n\u00ed, zejm\u00e9na u d\u011bt\u00ed.<\/p>\n<p>U\u017e\u00edv\u00e1n\u00ed l\u00e9ku v t\u011bhotenstv\u00ed m\u016f\u017ee zp\u016fsobit nebezpe\u010dn\u00e9 abstinen\u010dn\u00ed p\u0159\u00edznaky pro nenarozen\u00e9 d\u00edt\u011b.<\/p>\n<p>B\u011bhem u\u017e\u00edv\u00e1n\u00ed tohoto l\u00e9ku se dr\u017ete d\u00e1l od alkoholu, proto\u017ee m\u016f\u017ee zp\u016fsobit smrteln\u00e9 reakce.<\/p>\n<p>Zaru\u010dte, \u017ee jste tolerantn\u00ed k p\u0159\u00edpravku OxyContin. Nav\u00edc by tento l\u00e9k nem\u011bl b\u00fdt pod\u00e1v\u00e1n d\u011btem mlad\u0161\u00edm 11 let.<\/p>\n<p>Informujte sv\u00e9ho o\u0161et\u0159uj\u00edc\u00edho l\u00e9ka\u0159e o doprovodu, abyste se ujistili, \u017ee je pro v\u00e1s tento l\u00e9k v po\u0159\u00e1dku.<\/p>\n<p>Pozad\u00ed poznamenan\u00e9 n\u00e1dorem mozku, po\u0161kozen\u00edm hlavy nebo z\u00e1chvaty.<\/p>\n<p>Z\u00e1zem\u00ed poznamenan\u00e9 zotro\u010dov\u00e1n\u00edm alkoholem, t\u00fdr\u00e1n\u00edm vsed\u011b nebo psychickou labilitou.<\/p>\n<p>Infekce ledvin nebo jater<\/p>\n<p>Probl\u00e9m se slinivkou, \u017elu\u010dn\u00edkem nebo \u0161t\u00edtnou \u017el\u00e1zou<\/p>\n<p>Pokud pou\u017e\u00edv\u00e1te jak\u00fdkoli uklid\u0148uj\u00edc\u00ed<\/p>\n<p>Klienti by m\u011bli vz\u00edt na v\u011bdom\u00ed, \u017ee dlouhodob\u00e9 u\u017e\u00edv\u00e1n\u00ed p\u0159\u00edpravku OxyContin by mohlo ovlivnit bohatstv\u00ed dvou lid\u00ed. Neexistuj\u00ed \u017e\u00e1dn\u00e9 dob\u0159e prok\u00e1zan\u00e9 skute\u010dnosti, \u017ee tyto dopady jsou trval\u00e9.<\/p>\n<p>Kojen\u00ed p\u0159i sou\u010dasn\u00e9m u\u017e\u00edv\u00e1n\u00ed OxyContinu se nedoporu\u010duje, proto\u017ee oxykodon m\u016f\u017ee p\u0159ech\u00e1zet do mate\u0159sk\u00e9ho ml\u00e9ka a zp\u016fsobit d\u00edt\u011bti probl\u00e9my s d\u00fdch\u00e1n\u00edm nebo pomalost.<\/p>\n<h3>Reakce na OxyContin<\/h3>\n<p>Pokud zaznamen\u00e1te otok rt\u016f, obli\u010deje, krku nebo jazyka a pot\u00ed\u017ee s uvoln\u011bn\u00edm, m\u011bli byste vyhledat terapeutickou pomoc. K mdlob\u00e1m m\u016f\u017ee doj\u00edt, pokud je d\u00fdch\u00e1n\u00ed nadm\u011brn\u011b slab\u00e9. A\u0165 tak \u010di onak, pokud k tomu dojde, m\u011bl by \u010dlov\u011bk, kter\u00fd se pacientem zab\u00fdv\u00e1, okam\u017eit\u011b vyhledat terapeutickou pomoc. R\u016fzn\u00e9 p\u0159\u00edznaky zahrnuj\u00ed bodov\u00e9 nedostate\u010dnosti a jak\u00e9koli abnorm\u00e1ln\u00ed vedlej\u0161\u00ed \u00fa\u010dinky zmatenosti, vynech\u00e1n\u00ed menstruace, z\u00e1va\u017en\u00e9 obstrukce, z\u00e1chvaty sexu\u00e1ln\u00edch probl\u00e9m\u016f, sklony k bezv\u011bdom\u00ed a n\u011bkter\u00e9 dal\u0161\u00ed.<\/p>\n<p>Dal\u0161\u00ed z\u00e1va\u017enou reakc\u00ed jsou p\u0159\u00edznaky serotoninov\u00e9 poruchy, jako je zmatenost, neklid, hore\u010dka, bolest na hrudi, svalov\u00e1 ztuhlost, kr\u00e1tk\u00fd dech, pocen\u00ed a obt\u00ed\u017en\u00e1 ch\u016fze a pocit slabosti.<\/p>\n<p>U star\u0161\u00edch, vy\u010derpan\u00fdch, nemohouc\u00edch nebo podvy\u017eiven\u00fdch lid\u00ed se jist\u011b objev\u00ed smrteln\u00e9 p\u0159\u00edznaky.<\/p>\n<h3>D\u00e1vka oxykodonu<\/h3>\n<p>Standardn\u00ed d\u00e1vka pro dosp\u011bl\u00e9 - CR (\u0159\u00edzen\u00e9 vypou\u0161t\u011bn\u00ed) je 10 mg, kter\u00e9 se u\u017e\u00edvaj\u00ed jako hodinky. CR pro pacienty se zhoubn\u00fdmi n\u00e1dory, kte\u0159\u00ed dohl\u00ed\u017eej\u00ed na ag\u00f3nii, je 20-640 mg. Norm\u00e1ln\u00ed p\u0159edpokl\u00e1dan\u00e1 porce je 105 mg na ka\u017ed\u00fd den. A\u0165 tak \u010di onak, pacienti se zhoubn\u00fdm bujen\u00edm s nep\u0159etr\u017eitou ag\u00f3ni\u00ed mohou vy\u017eadovat vysok\u00e9 d\u00e1vky typu oxykodonu s rychl\u00fdm vyprazd\u0148ov\u00e1n\u00edm, jak se o\u010dek\u00e1v\u00e1, pro pos\u00edlen\u00ed struktury \u0159\u00edzen\u00e9ho vyprazd\u0148ov\u00e1n\u00ed.<\/p>\n<p>Pravideln\u00e1 geriatrick\u00e1 d\u00e1vka - rychl\u00e9 vypu\u0161t\u011bn\u00ed je 2,5 mg jako hodinky, kter\u00e9 se u\u017e\u00edvaj\u00ed peror\u00e1ln\u011b. CR pro pacienty s onemocn\u011bn\u00edm dohl\u00ed\u017eej\u00edc\u00ed na tr\u00e1pen\u00ed je 20-640 mg. B\u011b\u017en\u00e1 nep\u0159esn\u00e1 d\u00e1vka je 105 mg na ka\u017ed\u00fd den stejn\u011b. Vy\u0161\u0161\u00ed d\u00e1vka se mo\u017en\u00e1 pod\u00e1v\u00e1 podle pot\u0159eby pacient\u016fm se zhoubn\u00fdm bujen\u00edm, kte\u0159\u00ed ji pot\u0159ebuj\u00ed.<\/p>\n<h3>N\u00e1kup OxyCotin online<\/h3>\n<p>To velmi dob\u0159e m\u016f\u017ee b\u00fdt zakoupen on-line prost\u0159ednictv\u00edm na\u0161eho internetov\u00e9ho obchodu jako d\u00e1t brilantn\u00ed polo\u017eky pro lidi, analytici, uklidnit obchody a ka\u017ed\u00fd z na\u0161ich klient\u016f na o\u0161unt\u011bl\u00fdch n\u00e1klad\u016f. V\u00fdm\u011bny, kter\u00e9 pom\u00e1haj\u00ed prost\u0159ednictv\u00edm na\u0161\u00ed etapy, jsou chr\u00e1n\u011bn\u00e9 a bezpe\u010dn\u00e9.<\/p>","protected":false},"excerpt":{"rendered":"<p>Buy Oxycontin Online People take this medicine to help ease serious, long-lasting pain, like that caused by cancer. Oxycodone is an opioid anesthetic, which is a type of painkiller. What it does in the brain is change how your body feels and feels pain. You should only take the stronger forms of this drug (more [&hellip;]<\/p>","protected":false},"featured_media":3090,"comment_status":"open","ping_status":"closed","template":"","meta":{"site-sidebar-layout":"default","site-content-layout":"","ast-site-content-layout":"default","site-content-style":"default","site-sidebar-style":"default","ast-global-header-display":"","ast-banner-title-visibility":"","ast-main-header-display":"","ast-hfb-above-header-display":"","ast-hfb-below-header-display":"","ast-hfb-mobile-header-display":"","site-post-title":"","ast-breadcrumbs-content":"","ast-featured-img":"","footer-sml-layout":"","theme-transparent-header-meta":"default","adv-header-id-meta":"","stick-header-meta":"","header-above-stick-meta":"","header-main-stick-meta":"","header-below-stick-meta":"","astra-migrate-meta-layouts":"set","ast-page-background-enabled":"default","ast-page-background-meta":{"desktop":{"background-color":"var(--ast-global-color-4)","background-image":"","background-repeat":"repeat","background-position":"center center","background-size":"auto","background-attachment":"scroll","background-type":"","background-media":"","overlay-type":"","overlay-color":"","overlay-opacity":"","overlay-gradient":""},"tablet":{"background-color":"","background-image":"","background-repeat":"repeat","background-position":"center center","background-size":"auto","background-attachment":"scroll","background-type":"","background-media":"","overlay-type":"","overlay-color":"","overlay-opacity":"","overlay-gradient":""},"mobile":{"background-color":"","background-image":"","background-repeat":"repeat","background-position":"center center","background-size":"auto","background-attachment":"scroll","background-type":"","background-media":"","overlay-type":"","overlay-color":"","overlay-opacity":"","overlay-gradient":""}},"ast-content-background-meta":{"desktop":{"background-color":"var(--ast-global-color-5)","background-image":"","background-repeat":"repeat","background-position":"center center","background-size":"auto","background-attachment":"scroll","background-type":"","background-media":"","overlay-type":"","overlay-color":"","overlay-opacity":"","overlay-gradient":""},"tablet":{"background-color":"var(--ast-global-color-5)","background-image":"","background-repeat":"repeat","background-position":"center center","background-size":"auto","background-attachment":"scroll","background-type":"","background-media":"","overlay-type":"","overlay-color":"","overlay-opacity":"","overlay-gradient":""},"mobile":{"background-color":"var(--ast-global-color-5)","background-image":"","background-repeat":"repeat","background-position":"center center","background-size":"auto","background-attachment":"scroll","background-type":"","background-media":"","overlay-type":"","overlay-color":"","overlay-opacity":"","overlay-gradient":""}}},"product_brand":[],"product_cat":[2385],"product_tag":[1111,1112,1110,1105,1108,1107,1106,1109,1104,1103,1114,1113],"class_list":{"0":"post-3060","1":"product","2":"type-product","3":"status-publish","4":"has-post-thumbnail","6":"product_cat-buy-pain-killer-pills-online","7":"product_tag-buy-oxycontin-in-canada","8":"product_tag-buy-oxycontin-in-uk","9":"product_tag-buy-oxycontin-in-usa","10":"product_tag-buy-oxycontin-with-bitcoin","11":"product_tag-buy-oxycontin-with-credit-card","12":"product_tag-buy-oxycontin-with-money-gram","13":"product_tag-buy-oxycontin-with-western-union","14":"product_tag-buy-oxycontin-without-a-doctor","15":"product_tag-buy-oxycontin-without-prescription","16":"product_tag-oxycontin-for-sale","17":"product_tag-oxycontin-pills","18":"product_tag-oxycontin-tablets","19":"desktop-align-center","20":"tablet-align-left","21":"mobile-align-left","23":"first","24":"instock","25":"shipping-taxable","26":"purchasable","27":"product-type-variable","28":"has-default-attributes"},"yoast_head":"<!-- This site is optimized with the Yoast SEO plugin v25.9 - https:\/\/yoast.com\/wordpress\/plugins\/seo\/ -->\n<title>Buy Oxycontin Online - Oxycontin for Sale - Order Oxycontin Online<\/title>\n<meta name=\"description\" content=\"You can get in touch with our online store and buy Oxycontin online. We have Oxycontin for sale at cheap prices. Get yours at your place right away!\" \/>\n<meta name=\"robots\" content=\"index, follow, max-snippet:-1, max-image-preview:large, max-video-preview:-1\" \/>\n<link rel=\"canonical\" href=\"https:\/\/buy-prescriptionz.com\/cs\/produkt\/koupit-oxycontin-online\/\" \/>\n<meta property=\"og:locale\" content=\"cs_CZ\" \/>\n<meta property=\"og:type\" content=\"article\" \/>\n<meta property=\"og:title\" content=\"Buy Oxycontin Online - Oxycontin for Sale - Order Oxycontin Online\" \/>\n<meta property=\"og:description\" content=\"You can get in touch with our online store and buy Oxycontin online. We have Oxycontin for sale at cheap prices. Get yours at your place right away!\" \/>\n<meta property=\"og:url\" content=\"https:\/\/buy-prescriptionz.com\/cs\/produkt\/koupit-oxycontin-online\/\" \/>\n<meta property=\"og:site_name\" content=\"Buy Prescriptionz\" \/>\n<meta property=\"article:modified_time\" content=\"2025-09-24T14:15:45+00:00\" \/>\n<meta property=\"og:image\" content=\"https:\/\/buy-prescriptionz.com\/wp-content\/uploads\/2025\/09\/oxycontin.jpg\" \/>\n\t<meta property=\"og:image:width\" content=\"400\" \/>\n\t<meta property=\"og:image:height\" content=\"300\" \/>\n\t<meta property=\"og:image:type\" content=\"image\/jpeg\" \/>\n<meta name=\"twitter:card\" content=\"summary_large_image\" \/>\n<meta name=\"twitter:label1\" content=\"Odhadovan\u00e1 doba \u010dten\u00ed\" \/>\n\t<meta name=\"twitter:data1\" content=\"5 minut\" \/>\n<script type=\"application\/ld+json\" class=\"yoast-schema-graph\">{\"@context\":\"https:\/\/schema.org\",\"@graph\":[{\"@type\":\"WebPage\",\"@id\":\"https:\/\/buy-prescriptionz.com\/product\/buy-oxycontin-online\/\",\"url\":\"https:\/\/buy-prescriptionz.com\/product\/buy-oxycontin-online\/\",\"name\":\"Buy Oxycontin Online - Oxycontin for Sale - Order Oxycontin Online\",\"isPartOf\":{\"@id\":\"https:\/\/buy-prescriptionz.com\/#website\"},\"primaryImageOfPage\":{\"@id\":\"https:\/\/buy-prescriptionz.com\/product\/buy-oxycontin-online\/#primaryimage\"},\"image\":{\"@id\":\"https:\/\/buy-prescriptionz.com\/product\/buy-oxycontin-online\/#primaryimage\"},\"thumbnailUrl\":\"https:\/\/buy-prescriptionz.com\/wp-content\/uploads\/2025\/09\/oxycontin.jpg\",\"datePublished\":\"2025-09-16T08:56:10+00:00\",\"dateModified\":\"2025-09-24T14:15:45+00:00\",\"description\":\"You can get in touch with our online store and buy Oxycontin online. We have Oxycontin for sale at cheap prices. Get yours at your place right away!\",\"breadcrumb\":{\"@id\":\"https:\/\/buy-prescriptionz.com\/product\/buy-oxycontin-online\/#breadcrumb\"},\"inLanguage\":\"cs\",\"potentialAction\":[{\"@type\":\"ReadAction\",\"target\":[\"https:\/\/buy-prescriptionz.com\/product\/buy-oxycontin-online\/\"]}]},{\"@type\":\"ImageObject\",\"inLanguage\":\"cs\",\"@id\":\"https:\/\/buy-prescriptionz.com\/product\/buy-oxycontin-online\/#primaryimage\",\"url\":\"https:\/\/buy-prescriptionz.com\/wp-content\/uploads\/2025\/09\/oxycontin.jpg\",\"contentUrl\":\"https:\/\/buy-prescriptionz.com\/wp-content\/uploads\/2025\/09\/oxycontin.jpg\",\"width\":400,\"height\":300},{\"@type\":\"BreadcrumbList\",\"@id\":\"https:\/\/buy-prescriptionz.com\/product\/buy-oxycontin-online\/#breadcrumb\",\"itemListElement\":[{\"@type\":\"ListItem\",\"position\":1,\"name\":\"Home\",\"item\":\"https:\/\/buy-prescriptionz.com\/\"},{\"@type\":\"ListItem\",\"position\":2,\"name\":\"Shop Painkillers Online\",\"item\":\"https:\/\/buy-prescriptionz.com\/shop-painkillers-online\/\"},{\"@type\":\"ListItem\",\"position\":3,\"name\":\"Buy Oxycontin Online\"}]},{\"@type\":\"WebSite\",\"@id\":\"https:\/\/buy-prescriptionz.com\/#website\",\"url\":\"https:\/\/buy-prescriptionz.com\/\",\"name\":\"Buy Prescriptionz\",\"description\":\"Drugs Online\",\"publisher\":{\"@id\":\"https:\/\/buy-prescriptionz.com\/#organization\"},\"potentialAction\":[{\"@type\":\"SearchAction\",\"target\":{\"@type\":\"EntryPoint\",\"urlTemplate\":\"https:\/\/buy-prescriptionz.com\/?s={search_term_string}\"},\"query-input\":{\"@type\":\"PropertyValueSpecification\",\"valueRequired\":true,\"valueName\":\"search_term_string\"}}],\"inLanguage\":\"cs\"},{\"@type\":\"Organization\",\"@id\":\"https:\/\/buy-prescriptionz.com\/#organization\",\"name\":\"Buy Prescriptionz\",\"url\":\"https:\/\/buy-prescriptionz.com\/\",\"logo\":{\"@type\":\"ImageObject\",\"inLanguage\":\"cs\",\"@id\":\"https:\/\/buy-prescriptionz.com\/#\/schema\/logo\/image\/\",\"url\":\"https:\/\/buy-prescriptionz.com\/wp-content\/uploads\/2023\/09\/logo.png\",\"contentUrl\":\"https:\/\/buy-prescriptionz.com\/wp-content\/uploads\/2023\/09\/logo.png\",\"width\":350,\"height\":64,\"caption\":\"Buy Prescriptionz\"},\"image\":{\"@id\":\"https:\/\/buy-prescriptionz.com\/#\/schema\/logo\/image\/\"}}]}<\/script>\n<!-- \/ Yoast SEO plugin. -->","yoast_head_json":{"title":"Koupit Oxycontin online - Oxycontin na prodej - Objednat Oxycontin online","description":"M\u016f\u017eete kontaktovat n\u00e1\u0161 internetov\u00fd obchod a koupit si Oxycontin online. M\u00e1me Oxycontin na prodej za n\u00edzk\u00e9 ceny. Po\u0159i\u010fte si ho ihned dom\u016f!","robots":{"index":"index","follow":"follow","max-snippet":"max-snippet:-1","max-image-preview":"max-image-preview:large","max-video-preview":"max-video-preview:-1"},"canonical":"https:\/\/buy-prescriptionz.com\/cs\/produkt\/koupit-oxycontin-online\/","og_locale":"cs_CZ","og_type":"article","og_title":"Buy Oxycontin Online - Oxycontin for Sale - Order Oxycontin Online","og_description":"You can get in touch with our online store and buy Oxycontin online. We have Oxycontin for sale at cheap prices. Get yours at your place right away!","og_url":"https:\/\/buy-prescriptionz.com\/cs\/produkt\/koupit-oxycontin-online\/","og_site_name":"Buy Prescriptionz","article_modified_time":"2025-09-24T14:15:45+00:00","og_image":[{"width":400,"height":300,"url":"https:\/\/buy-prescriptionz.com\/wp-content\/uploads\/2025\/09\/oxycontin.jpg","type":"image\/jpeg"}],"twitter_card":"summary_large_image","twitter_misc":{"Odhadovan\u00e1 doba \u010dten\u00ed":"5 minut"},"schema":{"@context":"https:\/\/schema.org","@graph":[{"@type":"WebPage","@id":"https:\/\/buy-prescriptionz.com\/product\/buy-oxycontin-online\/","url":"https:\/\/buy-prescriptionz.com\/product\/buy-oxycontin-online\/","name":"Koupit Oxycontin online - Oxycontin na prodej - Objednat Oxycontin online","isPartOf":{"@id":"https:\/\/buy-prescriptionz.com\/#website"},"primaryImageOfPage":{"@id":"https:\/\/buy-prescriptionz.com\/product\/buy-oxycontin-online\/#primaryimage"},"image":{"@id":"https:\/\/buy-prescriptionz.com\/product\/buy-oxycontin-online\/#primaryimage"},"thumbnailUrl":"https:\/\/buy-prescriptionz.com\/wp-content\/uploads\/2025\/09\/oxycontin.jpg","datePublished":"2025-09-16T08:56:10+00:00","dateModified":"2025-09-24T14:15:45+00:00","description":"M\u016f\u017eete kontaktovat n\u00e1\u0161 internetov\u00fd obchod a koupit si Oxycontin online. M\u00e1me Oxycontin na prodej za n\u00edzk\u00e9 ceny. Po\u0159i\u010fte si ho ihned dom\u016f!","breadcrumb":{"@id":"https:\/\/buy-prescriptionz.com\/product\/buy-oxycontin-online\/#breadcrumb"},"inLanguage":"cs","potentialAction":[{"@type":"ReadAction","target":["https:\/\/buy-prescriptionz.com\/product\/buy-oxycontin-online\/"]}]},{"@type":"ImageObject","inLanguage":"cs","@id":"https:\/\/buy-prescriptionz.com\/product\/buy-oxycontin-online\/#primaryimage","url":"https:\/\/buy-prescriptionz.com\/wp-content\/uploads\/2025\/09\/oxycontin.jpg","contentUrl":"https:\/\/buy-prescriptionz.com\/wp-content\/uploads\/2025\/09\/oxycontin.jpg","width":400,"height":300},{"@type":"BreadcrumbList","@id":"https:\/\/buy-prescriptionz.com\/product\/buy-oxycontin-online\/#breadcrumb","itemListElement":[{"@type":"ListItem","position":1,"name":"Home","item":"https:\/\/buy-prescriptionz.com\/"},{"@type":"ListItem","position":2,"name":"Shop Painkillers Online","item":"https:\/\/buy-prescriptionz.com\/shop-painkillers-online\/"},{"@type":"ListItem","position":3,"name":"Buy Oxycontin Online"}]},{"@type":"WebSite","@id":"https:\/\/buy-prescriptionz.com\/#website","url":"https:\/\/buy-prescriptionz.com\/","name":"Koupit Prescriptionz","description":"Drogy online","publisher":{"@id":"https:\/\/buy-prescriptionz.com\/#organization"},"potentialAction":[{"@type":"SearchAction","target":{"@type":"EntryPoint","urlTemplate":"https:\/\/buy-prescriptionz.com\/?s={search_term_string}"},"query-input":{"@type":"PropertyValueSpecification","valueRequired":true,"valueName":"search_term_string"}}],"inLanguage":"cs"},{"@type":"Organization","@id":"https:\/\/buy-prescriptionz.com\/#organization","name":"Koupit Prescriptionz","url":"https:\/\/buy-prescriptionz.com\/","logo":{"@type":"ImageObject","inLanguage":"cs","@id":"https:\/\/buy-prescriptionz.com\/#\/schema\/logo\/image\/","url":"https:\/\/buy-prescriptionz.com\/wp-content\/uploads\/2023\/09\/logo.png","contentUrl":"https:\/\/buy-prescriptionz.com\/wp-content\/uploads\/2023\/09\/logo.png","width":350,"height":64,"caption":"Buy Prescriptionz"},"image":{"@id":"https:\/\/buy-prescriptionz.com\/#\/schema\/logo\/image\/"}}]}},"_links":{"self":[{"href":"https:\/\/buy-prescriptionz.com\/cs\/wp-json\/wp\/v2\/product\/3060","targetHints":{"allow":["GET"]}}],"collection":[{"href":"https:\/\/buy-prescriptionz.com\/cs\/wp-json\/wp\/v2\/product"}],"about":[{"href":"https:\/\/buy-prescriptionz.com\/cs\/wp-json\/wp\/v2\/types\/product"}],"replies":[{"embeddable":true,"href":"https:\/\/buy-prescriptionz.com\/cs\/wp-json\/wp\/v2\/comments?post=3060"}],"wp:featuredmedia":[{"embeddable":true,"href":"https:\/\/buy-prescriptionz.com\/cs\/wp-json\/wp\/v2\/media\/3090"}],"wp:attachment":[{"href":"https:\/\/buy-prescriptionz.com\/cs\/wp-json\/wp\/v2\/media?parent=3060"}],"wp:term":[{"taxonomy":"product_brand","embeddable":true,"href":"https:\/\/buy-prescriptionz.com\/cs\/wp-json\/wp\/v2\/product_brand?post=3060"},{"taxonomy":"product_cat","embeddable":true,"href":"https:\/\/buy-prescriptionz.com\/cs\/wp-json\/wp\/v2\/product_cat?post=3060"},{"taxonomy":"product_tag","embeddable":true,"href":"https:\/\/buy-prescriptionz.com\/cs\/wp-json\/wp\/v2\/product_tag?post=3060"}],"curies":[{"name":"wp","href":"https:\/\/api.w.org\/{rel}","templated":true}]}}