{"id":3061,"date":"2025-09-16T08:56:10","date_gmt":"2025-09-16T08:56:10","guid":{"rendered":"https:\/\/chemsfine.com\/newsite\/?post_type=product&#038;p=3061"},"modified":"2025-09-24T14:12:05","modified_gmt":"2025-09-24T14:12:05","slug":"koupit-oxykodon-apap-wattson-labs-online","status":"publish","type":"product","link":"https:\/\/buy-prescriptionz.com\/cs\/produkt\/koupit-oxykodon-apap-wattson-labs-online\/","title":{"rendered":"Koupit oxykodon - Apap (Wattson Labs) online"},"content":{"rendered":"<h2>Koupit oxykodon - Apap (Wattson Labs) online<\/h2>\n<h3>Oxycodone Online-Buy Oxycodone - Apap (Wattson Labs) Online<\/h3>\n<p>Koupit Oxycodon \u2013 Apap (Wattson Labs) online, Kupte si Oxycodon online ZDE od nejlep\u0161\u00ed online l\u00e9k\u00e1rny. Altruism Pharmacy je nejlep\u0161\u00ed online l\u00e9k\u00e1rna pro online objedn\u00e1vku Oxycodonu. Oxycodon je polosyntetick\u00e9 narkotikum sm\u00edchan\u00e9 z thebainu, narkotick\u00e9ho alkaloidu nalezen\u00e9ho v persk\u00e9m m\u00e1ku a jednoho z mnoha alkaloid\u016f nalezen\u00fdch v m\u00e1ku set\u00e9m. Je to \u00factyhodn\u011b siln\u00e9 narkotick\u00e9 agonistick\u00e9 l\u00e9ky (peror\u00e1ln\u011b obvykle 1,5kr\u00e1t siln\u011bj\u0161\u00ed ne\u017e morfin), v\u011bt\u0161inou prok\u00e1zan\u00e9 pro zm\u00edrn\u011bn\u00ed st\u0159edn\u011b t\u011b\u017ek\u00e9 a\u017e siln\u00e9 bolesti. Oxycodon je nefal\u0161ovan\u00fd agonistick\u00fd narkotikum, jeho\u017e prim\u00e1rn\u00ed l\u00e9\u010debnou aktivitou je absence bolesti. R\u016fzn\u00e9 osoby ze skupiny zn\u00e1m\u00e9 jako narkoti\u010dt\u00ed agonist\u00e9 zahrnuj\u00ed l\u00e1tky, jako je morfin, hydromorfon, fentanyl, kodein a hydrokodon. Farmakologick\u00e9 \u00fa\u010dinky narkotick\u00fdch agonist\u016f zahrnuj\u00ed anxiol\u00fdzu, ext\u00e1zi, pocity uvoln\u011bn\u00ed, d\u00fdchac\u00ed pot\u00ed\u017ee, obstrukci, mi\u00f3zu a ztuhlost d\u00fdchac\u00edch cest, stejn\u011b jako absenci bolesti. Stejn\u011b jako u v\u0161ech nefal\u0161ovan\u00fdch narkotick\u00fdch agonistick\u00fdch analgetik doch\u00e1z\u00ed s rostouc\u00edmi d\u00e1vkami k rostouc\u00ed absenci bolesti. Koupit Oxycodon \u2013 Apap (Wattson Labs) Online \u2013 na rozd\u00edl od sm\u011bsi agonist\u016f\/konkurent\u016f nebo nenarkotick\u00fdch analgetik, kde doch\u00e1z\u00ed k p\u0159eru\u0161en\u00ed \u00fa\u010dinku \u00falevy od bolesti s rostouc\u00edmi d\u00e1vkami \u2013 kupte si Oxycodon online pro zm\u00edrn\u011bn\u00ed st\u0159edn\u011b siln\u00e9 nebo siln\u00e9 bolesti.<\/p>\n<h3>N\u00e1kup oxykodonu online leg\u00e1ln\u011b<\/h3>\n<p>Koupit Oxycodon \u2013 Apap (Wattson Labs) online, Leg\u00e1ln\u00ed n\u00e1kup Oxycodonu online je mo\u017en\u00fd zde v internetov\u00e9m obchod\u011b Buy-prescriptionz. Kupte si Oxycodon online od Buy-prescriptionz a va\u0161e d\u00e1vka by m\u011bla b\u00fdt vyv\u00e1\u017eena z\u00e1va\u017enost\u00ed bolesti a reakc\u00ed pacienta. N\u011bkdy m\u016f\u017ee b\u00fdt d\u016fle\u017eit\u00e9 p\u0159ekro\u010dit standardn\u00ed d\u00e1vku p\u0159edepsanou n\u00ed\u017ee.<\/p>\n<h3>Jak u\u017e\u00edvat oxykodon:<\/h3>\n<p>Poka\u017ed\u00e9, kdy\u017e si nech\u00e1te doplnit l\u00e9k nebo za\u010dnete u\u017e\u00edvat oxykodon\/paracetamol, si p\u0159e\u010dt\u011bte Pr\u016fvodce l\u00e9ky, kter\u00fd v\u00e1m poskytla l\u00e9k\u00e1rna. M\u00e1te-li jak\u00e9koli dotazy, obra\u0165te se na sv\u00e9ho l\u00e9ka\u0159e nebo l\u00e9k\u00e1rn\u00edka.<\/p>\n<p>U\u017e\u00edvejte tento l\u00e9k peror\u00e1ln\u011b podle pokyn\u016f l\u00e9ka\u0159e. Tento l\u00e9k lze u\u017e\u00edvat s j\u00eddlem nebo bez j\u00eddla. U\u017e\u00edv\u00e1n\u00ed tohoto l\u00e9ku s j\u00eddlem m\u016f\u017ee pomoci, pokud poci\u0165ujete nevolnost. Zjist\u011bte si od sv\u00e9ho l\u00e9ka\u0159e nebo l\u00e9k\u00e1rn\u00edka v\u00edce o dal\u0161\u00edch strategi\u00edch pro zm\u00edrn\u011bn\u00ed nevolnosti (nap\u0159. si lehn\u011bte, dokud je v po\u0159\u00e1dku j\u00edst nebo p\u00edt grapefruitovou \u0161\u0165\u00e1vu b\u011bhem u\u017e\u00edv\u00e1n\u00ed tohoto l\u00e9ku, pot\u00e9 se tomu vyhn\u011bte. Potenci\u00e1l ne\u017e\u00e1douc\u00edch \u00fa\u010dink\u016f tohoto l\u00e9ku se m\u016f\u017ee zv\u00fd\u0161it u\u017e\u00edv\u00e1n\u00edm grapefruitu po dobu jedn\u00e9 a\u017e dvou hodin s co nejmen\u0161\u00edm pohybem hlavy). Pokud v\u00e1\u0161 l\u00e9ka\u0159 nebo l\u00e9k\u00e1rn\u00edk m\u00e1 k dispozici informace, pora\u010fte se s l\u00e9k\u00e1rn\u00edkem nebo l\u00e9ka\u0159em.<\/p>\n<p>Pokud u\u017e\u00edv\u00e1te oxykodon v tekut\u00e9 form\u011b, odm\u011b\u0159te doporu\u010denou d\u00e1vku p\u0159esn\u011b pomoc\u00ed farmaceutick\u00e9 odm\u011brky. Dom\u00e1c\u00ed l\u017ei\u010dka v\u00e1m nemus\u00ed poskytnout spr\u00e1vnou d\u00e1vku, proto se jej\u00edmu pou\u017e\u00edv\u00e1n\u00ed vyhn\u011bte. D\u00e1vku ur\u010d\u00ed v\u00e1\u0161 zdravotn\u00ed stav a reakce na l\u00e9\u010dbu. Nikdy neu\u017e\u00edvejte v\u00edce l\u00e9ku, ne\u017e je doporu\u010deno, nikdy jej neu\u017e\u00edvejte \u010dast\u011bji a nikdy jej neu\u017e\u00edvejte d\u00e9le, ne\u017e je doporu\u010deno. Pokud v\u00e1m to l\u00e9ka\u0159 doporu\u010d\u00ed, p\u0159eru\u0161te u\u017e\u00edv\u00e1n\u00ed l\u00e9ku podle pokyn\u016f.<\/p>\n<h3>(M\u011b\u0159en\u00ed a spr\u00e1va)<\/h3>\n<p>V p\u0159\u00edpadech postupn\u011b se zhor\u0161uj\u00edc\u00ed bolesti nebo u pacient\u016f, kte\u0159\u00ed se stali tolerantn\u00edmi k analgetick\u00fdm \u00fa\u010dink\u016fm narkotik. Pokud je bolest stabiln\u00ed, m\u011bly by b\u00fdt narkotick\u00e9 analgetika pod\u00e1v\u00e1ny v obvykl\u00fdch intervalech nep\u0159etr\u017eit\u011b. Tablety PERCOCET se pod\u00e1vaj\u00ed peror\u00e1ln\u011b. Koupit Oxycodon \u2013 Apap (Wattson Labs) online<\/p>\n<h3>N\u00e1kup oxykodonov\u00fdch tablet online (MO\u017dN\u00c9 vedlej\u0161\u00ed \u00fa\u010dinky)<\/h3>\n<p>Purchase Oxycodone Pills Online from Buy-prescriptionz Online store. This is the Best spot you can Buy Oxycodone Pills Online and have it conveyed to you in a couple of hours. Purchase Oxycodone Online from Our Pharmacy and furthermore know that it accompanies some symptoms, for example, ;<\/p>\n<p>Mrazen\u00ed<\/p>\n<p>studen\u00fd pot<\/p>\n<p>zmatek<\/p>\n<p>nep\u0159\u00edjemn\u00fd nebo pracn\u00fd odpo\u010dinek<\/p>\n<p>z\u00e1vrat\u011b, mdloby nebo poruchy hybnosti p\u0159i n\u00e1hl\u00e9m vst\u00e1v\u00e1n\u00ed z polohy vle\u017ee nebo vsed\u011b.<\/p>\n<p>hore\u010dka<\/p>\n<p>t\u011bsnost v hrudn\u00edku<\/p>\n<p>\u0161kub\u00e1n\u00ed<\/p>\n<h3>Ne\u017e\u00e1douc\u00ed \u00fa\u010dinky oxykodonu<\/h3>\n<p>Mezi p\u0159\u00edznaky u\u017e\u00edv\u00e1n\u00ed oxykodonu m\u016f\u017ee pat\u0159it z\u00e1vrat\u011b, z\u00e1cpa, nevolnost nebo ospalost. Po ur\u010dit\u00e9 dob\u011b u\u017e\u00edv\u00e1n\u00ed tohoto l\u00e9ku mohou n\u011bkter\u00e9 z t\u011bchto ne\u017e\u00e1douc\u00edch \u00fa\u010dink\u016f odezn\u00edt. Pokud n\u011bkter\u00fd z t\u011bchto ne\u017e\u00e1douc\u00edch \u00fa\u010dink\u016f p\u0159etrv\u00e1v\u00e1 nebo se zhor\u0161uje, ihned informujte sv\u00e9ho l\u00e9k\u00e1rn\u00edka nebo l\u00e9ka\u0159e. Konzumujte vl\u00e1kninu, pijte dostatek vody a cvi\u010dte, abyste se vyhnuli z\u00e1cp\u011b. D\u00e1le m\u016f\u017eete pot\u0159ebovat u\u017e\u00edvat proj\u00edmadlo. Zjist\u011bte, kter\u00fd druh proj\u00edmadla je pro v\u00e1s nejlep\u0161\u00ed, zeptejte se sv\u00e9ho l\u00e9k\u00e1rn\u00edka.<\/p>\n<p>P\u0159i vst\u00e1v\u00e1n\u00ed ze sedu nebo le\u017een\u00ed to d\u011blejte opatrn\u011b, abyste sn\u00ed\u017eili riziko z\u00e1vrat\u00ed a to\u010den\u00ed hlavy. Nezapome\u0148te, \u017ee v\u00e1m l\u00e9ka\u0159 tento l\u00e9k doporu\u010dil, proto\u017ee v\u011b\u0159\u00ed, \u017ee v\u00e1m sp\u00ed\u0161e pom\u016f\u017ee, ne\u017e \u017ee zp\u016fsob\u00ed negativn\u00ed vedlej\u0161\u00ed \u00fa\u010dinky. Mnoho u\u017eivatel\u016f tohoto l\u00e9ku neuv\u00e1d\u00ed \u017e\u00e1dn\u00e9 v\u00fdznamn\u00e9 ne\u017e\u00e1douc\u00ed \u00fa\u010dinky.<\/p>\n<p>Nejlep\u0161\u00ed Oxycodon \u2013 APAP m\u016f\u017eete z\u00edskat online na buy-prescriptionz.com. Tento l\u00e9k zesiluje \u00fa\u010dinky oxykodonu, siln\u00e9ho analgetika, s paracetamolem (APAP). Vzhledem k jeho potenci\u00e1lu pro z\u00e1vislost a ne\u017e\u00e1douc\u00edm \u00fa\u010dink\u016fm je nezbytn\u00e9, aby byl tento l\u00e9k pou\u017e\u00edv\u00e1n pod l\u00e9ka\u0159sk\u00fdm dohledem. N\u00e1kup v nejlep\u0161\u00ed l\u00e9k\u00e1rn\u011b zaru\u010duje, \u017ee v\u00e1mi zakoupen\u00fd produkt je origin\u00e1ln\u00ed. V\u017edy se pora\u010fte s l\u00e9ka\u0159em, abyste se ujistili, \u017ee je tento l\u00e9k pro v\u00e1s vhodn\u00fd, a abyste se dozv\u011bd\u011bli spr\u00e1vn\u00e9 d\u00e1vkov\u00e1n\u00ed a mo\u017en\u00e1 rizika.<\/p>\n<h3>KONTRAINDIKACE<\/h3>\n<p>Purchase Oxycodone Online v\u0161ak sledujte doprovodn\u00e9 kontraindikace. Tablety by nem\u011bly b\u00fdt ur\u010deny pacient\u016fm se zn\u00e1mou extr\u00e9mn\u00ed citlivost\u00ed na oxykodon, paracetamol nebo jin\u00fd segment t\u00e9to polo\u017eky. Oxykodon je kontraindikov\u00e1n za v\u0161ech okolnost\u00ed, kdy jsou kontraindikov\u00e1na narkotika, v\u010detn\u011b pacient\u016f s pozoruhodnou respira\u010dn\u00ed nedostate\u010dnost\u00ed (v nemonitorovan\u00e9m prost\u0159ed\u00ed nebo bez p\u0159\u00edtomnosti resuscita\u010dn\u00edho za\u0159\u00edzen\u00ed) a pacient\u016f s intenzivn\u00edm nebo extr\u00e9mn\u00edm bronchi\u00e1ln\u00edm astmatem nebo hyperkarbi\u00ed. Oxykodon je kontraindikov\u00e1n p\u0159i podez\u0159en\u00ed na posti\u017een\u00fd ileus nebo p\u0159i jeho zn\u00e1m\u00e9m posti\u017een\u00ed.  Koupit Oxycodone - Apap (Wattson Labs) online<\/p>","protected":false},"excerpt":{"rendered":"<p>Buy Oxycodone &#8211; Apap (Wattson Labs) Online Purchase Oxycodone Online-Buy Oxycodone &#8211; Apap (Wattson Labs) Online Buy Oxycodone &#8211; Apap (Wattson Labs) Online, Purchase Oxycodone Online HERE from the Best Online Pharmacy. Altruism Pharmacy is the Best Online Pharmacy to Order Oxycodone Online. Oxycodone is a semisynthetic narcotic blended from thebaine, a narcotic alkaloid found [&hellip;]<\/p>","protected":false},"featured_media":3091,"comment_status":"open","ping_status":"closed","template":"","meta":{"site-sidebar-layout":"default","site-content-layout":"","ast-site-content-layout":"default","site-content-style":"default","site-sidebar-style":"default","ast-global-header-display":"","ast-banner-title-visibility":"","ast-main-header-display":"","ast-hfb-above-header-display":"","ast-hfb-below-header-display":"","ast-hfb-mobile-header-display":"","site-post-title":"","ast-breadcrumbs-content":"","ast-featured-img":"","footer-sml-layout":"","theme-transparent-header-meta":"default","adv-header-id-meta":"","stick-header-meta":"","header-above-stick-meta":"","header-main-stick-meta":"","header-below-stick-meta":"","astra-migrate-meta-layouts":"set","ast-page-background-enabled":"default","ast-page-background-meta":{"desktop":{"background-color":"var(--ast-global-color-4)","background-image":"","background-repeat":"repeat","background-position":"center center","background-size":"auto","background-attachment":"scroll","background-type":"","background-media":"","overlay-type":"","overlay-color":"","overlay-opacity":"","overlay-gradient":""},"tablet":{"background-color":"","background-image":"","background-repeat":"repeat","background-position":"center center","background-size":"auto","background-attachment":"scroll","background-type":"","background-media":"","overlay-type":"","overlay-color":"","overlay-opacity":"","overlay-gradient":""},"mobile":{"background-color":"","background-image":"","background-repeat":"repeat","background-position":"center center","background-size":"auto","background-attachment":"scroll","background-type":"","background-media":"","overlay-type":"","overlay-color":"","overlay-opacity":"","overlay-gradient":""}},"ast-content-background-meta":{"desktop":{"background-color":"var(--ast-global-color-5)","background-image":"","background-repeat":"repeat","background-position":"center center","background-size":"auto","background-attachment":"scroll","background-type":"","background-media":"","overlay-type":"","overlay-color":"","overlay-opacity":"","overlay-gradient":""},"tablet":{"background-color":"var(--ast-global-color-5)","background-image":"","background-repeat":"repeat","background-position":"center center","background-size":"auto","background-attachment":"scroll","background-type":"","background-media":"","overlay-type":"","overlay-color":"","overlay-opacity":"","overlay-gradient":""},"mobile":{"background-color":"var(--ast-global-color-5)","background-image":"","background-repeat":"repeat","background-position":"center center","background-size":"auto","background-attachment":"scroll","background-type":"","background-media":"","overlay-type":"","overlay-color":"","overlay-opacity":"","overlay-gradient":""}}},"product_brand":[],"product_cat":[2385],"product_tag":[1123,1124,1122,1117,1120,1119,1118,1121,1116,1115,1126,1125],"class_list":{"0":"post-3061","1":"product","2":"type-product","3":"status-publish","4":"has-post-thumbnail","6":"product_cat-buy-pain-killer-pills-online","7":"product_tag-buy-oxycodone-apap-wattson-labs-in-canada","8":"product_tag-buy-oxycodone-apap-wattson-labs-in-uk","9":"product_tag-buy-oxycodone-apap-wattson-labs-in-usa","10":"product_tag-buy-oxycodone-apap-wattson-labs-with-bitcoin","11":"product_tag-buy-oxycodone-apap-wattson-labs-with-credit-card","12":"product_tag-buy-oxycodone-apap-wattson-labs-with-money-gram","13":"product_tag-buy-oxycodone-apap-wattson-labs-with-western-union","14":"product_tag-buy-oxycodone-apap-wattson-labs-without-a-doctor","15":"product_tag-buy-oxycodone-apap-wattson-labs-without-prescription","16":"product_tag-oxycodone-apap-wattson-labs-for-sale","17":"product_tag-oxycodone-apap-wattson-labs-pills","18":"product_tag-oxycodone-apap-wattson-labs-tablets","19":"desktop-align-center","20":"tablet-align-left","21":"mobile-align-left","23":"first","24":"instock","25":"shipping-taxable","26":"purchasable","27":"product-type-variable","28":"has-default-attributes"},"yoast_head":"<!-- This site is optimized with the Yoast SEO plugin v25.9 - https:\/\/yoast.com\/wordpress\/plugins\/seo\/ -->\n<title>Buy Oxycodone Apap (Physicians Tc.) Online - Oxycodone Apap (Physicians Tc.) for Sale<\/title>\n<meta name=\"description\" content=\"We are the leading store available with Oxycodone for sale. If you wish to buy Oxycodone Apap (Physicians Tc.), contact us right away and get the order delivered. Order Now!\" \/>\n<meta name=\"robots\" content=\"index, follow, max-snippet:-1, max-image-preview:large, max-video-preview:-1\" \/>\n<link rel=\"canonical\" href=\"https:\/\/buy-prescriptionz.com\/cs\/produkt\/koupit-oxykodon-apap-wattson-labs-online\/\" \/>\n<meta property=\"og:locale\" content=\"cs_CZ\" \/>\n<meta property=\"og:type\" content=\"article\" \/>\n<meta property=\"og:title\" content=\"Buy Oxycodone Apap (Physicians Tc.) Online - Oxycodone Apap (Physicians Tc.) for Sale\" \/>\n<meta property=\"og:description\" content=\"We are the leading store available with Oxycodone for sale. If you wish to buy Oxycodone Apap (Physicians Tc.), contact us right away and get the order delivered. Order Now!\" \/>\n<meta property=\"og:url\" content=\"https:\/\/buy-prescriptionz.com\/cs\/produkt\/koupit-oxykodon-apap-wattson-labs-online\/\" \/>\n<meta property=\"og:site_name\" content=\"Buy Prescriptionz\" \/>\n<meta property=\"article:modified_time\" content=\"2025-09-24T14:12:05+00:00\" \/>\n<meta property=\"og:image\" content=\"https:\/\/buy-prescriptionz.com\/wp-content\/uploads\/2025\/09\/oxycodone-apap-wattson-labs.jpg\" \/>\n\t<meta property=\"og:image:width\" content=\"400\" \/>\n\t<meta property=\"og:image:height\" content=\"300\" \/>\n\t<meta property=\"og:image:type\" content=\"image\/jpeg\" \/>\n<meta name=\"twitter:card\" content=\"summary_large_image\" \/>\n<meta name=\"twitter:label1\" content=\"Odhadovan\u00e1 doba \u010dten\u00ed\" \/>\n\t<meta name=\"twitter:data1\" content=\"5 minut\" \/>\n<script type=\"application\/ld+json\" class=\"yoast-schema-graph\">{\"@context\":\"https:\/\/schema.org\",\"@graph\":[{\"@type\":\"WebPage\",\"@id\":\"https:\/\/buy-prescriptionz.com\/product\/buy-oxycodone-apap-wattson-labs-online\/\",\"url\":\"https:\/\/buy-prescriptionz.com\/product\/buy-oxycodone-apap-wattson-labs-online\/\",\"name\":\"Buy Oxycodone Apap (Physicians Tc.) Online - Oxycodone Apap (Physicians Tc.) for Sale\",\"isPartOf\":{\"@id\":\"https:\/\/buy-prescriptionz.com\/#website\"},\"primaryImageOfPage\":{\"@id\":\"https:\/\/buy-prescriptionz.com\/product\/buy-oxycodone-apap-wattson-labs-online\/#primaryimage\"},\"image\":{\"@id\":\"https:\/\/buy-prescriptionz.com\/product\/buy-oxycodone-apap-wattson-labs-online\/#primaryimage\"},\"thumbnailUrl\":\"https:\/\/buy-prescriptionz.com\/wp-content\/uploads\/2025\/09\/oxycodone-apap-wattson-labs.jpg\",\"datePublished\":\"2025-09-16T08:56:10+00:00\",\"dateModified\":\"2025-09-24T14:12:05+00:00\",\"description\":\"We are the leading store available with Oxycodone for sale. If you wish to buy Oxycodone Apap (Physicians Tc.), contact us right away and get the order delivered. Order Now!\",\"breadcrumb\":{\"@id\":\"https:\/\/buy-prescriptionz.com\/product\/buy-oxycodone-apap-wattson-labs-online\/#breadcrumb\"},\"inLanguage\":\"cs\",\"potentialAction\":[{\"@type\":\"ReadAction\",\"target\":[\"https:\/\/buy-prescriptionz.com\/product\/buy-oxycodone-apap-wattson-labs-online\/\"]}]},{\"@type\":\"ImageObject\",\"inLanguage\":\"cs\",\"@id\":\"https:\/\/buy-prescriptionz.com\/product\/buy-oxycodone-apap-wattson-labs-online\/#primaryimage\",\"url\":\"https:\/\/buy-prescriptionz.com\/wp-content\/uploads\/2025\/09\/oxycodone-apap-wattson-labs.jpg\",\"contentUrl\":\"https:\/\/buy-prescriptionz.com\/wp-content\/uploads\/2025\/09\/oxycodone-apap-wattson-labs.jpg\",\"width\":400,\"height\":300},{\"@type\":\"BreadcrumbList\",\"@id\":\"https:\/\/buy-prescriptionz.com\/product\/buy-oxycodone-apap-wattson-labs-online\/#breadcrumb\",\"itemListElement\":[{\"@type\":\"ListItem\",\"position\":1,\"name\":\"Home\",\"item\":\"https:\/\/buy-prescriptionz.com\/\"},{\"@type\":\"ListItem\",\"position\":2,\"name\":\"Shop Painkillers Online\",\"item\":\"https:\/\/buy-prescriptionz.com\/shop-painkillers-online\/\"},{\"@type\":\"ListItem\",\"position\":3,\"name\":\"Buy Oxycodone &#8211; Apap (Wattson Labs) Online\"}]},{\"@type\":\"WebSite\",\"@id\":\"https:\/\/buy-prescriptionz.com\/#website\",\"url\":\"https:\/\/buy-prescriptionz.com\/\",\"name\":\"Buy Prescriptionz\",\"description\":\"Drugs Online\",\"publisher\":{\"@id\":\"https:\/\/buy-prescriptionz.com\/#organization\"},\"potentialAction\":[{\"@type\":\"SearchAction\",\"target\":{\"@type\":\"EntryPoint\",\"urlTemplate\":\"https:\/\/buy-prescriptionz.com\/?s={search_term_string}\"},\"query-input\":{\"@type\":\"PropertyValueSpecification\",\"valueRequired\":true,\"valueName\":\"search_term_string\"}}],\"inLanguage\":\"cs\"},{\"@type\":\"Organization\",\"@id\":\"https:\/\/buy-prescriptionz.com\/#organization\",\"name\":\"Buy Prescriptionz\",\"url\":\"https:\/\/buy-prescriptionz.com\/\",\"logo\":{\"@type\":\"ImageObject\",\"inLanguage\":\"cs\",\"@id\":\"https:\/\/buy-prescriptionz.com\/#\/schema\/logo\/image\/\",\"url\":\"https:\/\/buy-prescriptionz.com\/wp-content\/uploads\/2023\/09\/logo.png\",\"contentUrl\":\"https:\/\/buy-prescriptionz.com\/wp-content\/uploads\/2023\/09\/logo.png\",\"width\":350,\"height\":64,\"caption\":\"Buy Prescriptionz\"},\"image\":{\"@id\":\"https:\/\/buy-prescriptionz.com\/#\/schema\/logo\/image\/\"}}]}<\/script>\n<!-- \/ Yoast SEO plugin. -->","yoast_head_json":{"title":"Koupit Oxycodon Apap (Physicians Tc.) online - Oxycodon Apap (Physicians Tc.) na prodej","description":"Jsme p\u0159edn\u00ed obchod s nab\u00eddkou Oxycodonu. Pokud si chcete koupit Oxycodon Apap (Physician's Tc.), kontaktujte n\u00e1s ihned a nechte si objedn\u00e1vku doru\u010dit. Objednejte si hned!","robots":{"index":"index","follow":"follow","max-snippet":"max-snippet:-1","max-image-preview":"max-image-preview:large","max-video-preview":"max-video-preview:-1"},"canonical":"https:\/\/buy-prescriptionz.com\/cs\/produkt\/koupit-oxykodon-apap-wattson-labs-online\/","og_locale":"cs_CZ","og_type":"article","og_title":"Buy Oxycodone Apap (Physicians Tc.) Online - Oxycodone Apap (Physicians Tc.) for Sale","og_description":"We are the leading store available with Oxycodone for sale. If you wish to buy Oxycodone Apap (Physicians Tc.), contact us right away and get the order delivered. Order Now!","og_url":"https:\/\/buy-prescriptionz.com\/cs\/produkt\/koupit-oxykodon-apap-wattson-labs-online\/","og_site_name":"Buy Prescriptionz","article_modified_time":"2025-09-24T14:12:05+00:00","og_image":[{"width":400,"height":300,"url":"https:\/\/buy-prescriptionz.com\/wp-content\/uploads\/2025\/09\/oxycodone-apap-wattson-labs.jpg","type":"image\/jpeg"}],"twitter_card":"summary_large_image","twitter_misc":{"Odhadovan\u00e1 doba \u010dten\u00ed":"5 minut"},"schema":{"@context":"https:\/\/schema.org","@graph":[{"@type":"WebPage","@id":"https:\/\/buy-prescriptionz.com\/product\/buy-oxycodone-apap-wattson-labs-online\/","url":"https:\/\/buy-prescriptionz.com\/product\/buy-oxycodone-apap-wattson-labs-online\/","name":"Koupit Oxycodon Apap (Physicians Tc.) online - Oxycodon Apap (Physicians Tc.) na prodej","isPartOf":{"@id":"https:\/\/buy-prescriptionz.com\/#website"},"primaryImageOfPage":{"@id":"https:\/\/buy-prescriptionz.com\/product\/buy-oxycodone-apap-wattson-labs-online\/#primaryimage"},"image":{"@id":"https:\/\/buy-prescriptionz.com\/product\/buy-oxycodone-apap-wattson-labs-online\/#primaryimage"},"thumbnailUrl":"https:\/\/buy-prescriptionz.com\/wp-content\/uploads\/2025\/09\/oxycodone-apap-wattson-labs.jpg","datePublished":"2025-09-16T08:56:10+00:00","dateModified":"2025-09-24T14:12:05+00:00","description":"Jsme p\u0159edn\u00ed obchod s nab\u00eddkou Oxycodonu. Pokud si chcete koupit Oxycodon Apap (Physician's Tc.), kontaktujte n\u00e1s ihned a nechte si objedn\u00e1vku doru\u010dit. Objednejte si hned!","breadcrumb":{"@id":"https:\/\/buy-prescriptionz.com\/product\/buy-oxycodone-apap-wattson-labs-online\/#breadcrumb"},"inLanguage":"cs","potentialAction":[{"@type":"ReadAction","target":["https:\/\/buy-prescriptionz.com\/product\/buy-oxycodone-apap-wattson-labs-online\/"]}]},{"@type":"ImageObject","inLanguage":"cs","@id":"https:\/\/buy-prescriptionz.com\/product\/buy-oxycodone-apap-wattson-labs-online\/#primaryimage","url":"https:\/\/buy-prescriptionz.com\/wp-content\/uploads\/2025\/09\/oxycodone-apap-wattson-labs.jpg","contentUrl":"https:\/\/buy-prescriptionz.com\/wp-content\/uploads\/2025\/09\/oxycodone-apap-wattson-labs.jpg","width":400,"height":300},{"@type":"BreadcrumbList","@id":"https:\/\/buy-prescriptionz.com\/product\/buy-oxycodone-apap-wattson-labs-online\/#breadcrumb","itemListElement":[{"@type":"ListItem","position":1,"name":"Home","item":"https:\/\/buy-prescriptionz.com\/"},{"@type":"ListItem","position":2,"name":"Shop Painkillers Online","item":"https:\/\/buy-prescriptionz.com\/shop-painkillers-online\/"},{"@type":"ListItem","position":3,"name":"Buy Oxycodone &#8211; Apap (Wattson Labs) Online"}]},{"@type":"WebSite","@id":"https:\/\/buy-prescriptionz.com\/#website","url":"https:\/\/buy-prescriptionz.com\/","name":"Koupit Prescriptionz","description":"Drogy online","publisher":{"@id":"https:\/\/buy-prescriptionz.com\/#organization"},"potentialAction":[{"@type":"SearchAction","target":{"@type":"EntryPoint","urlTemplate":"https:\/\/buy-prescriptionz.com\/?s={search_term_string}"},"query-input":{"@type":"PropertyValueSpecification","valueRequired":true,"valueName":"search_term_string"}}],"inLanguage":"cs"},{"@type":"Organization","@id":"https:\/\/buy-prescriptionz.com\/#organization","name":"Koupit Prescriptionz","url":"https:\/\/buy-prescriptionz.com\/","logo":{"@type":"ImageObject","inLanguage":"cs","@id":"https:\/\/buy-prescriptionz.com\/#\/schema\/logo\/image\/","url":"https:\/\/buy-prescriptionz.com\/wp-content\/uploads\/2023\/09\/logo.png","contentUrl":"https:\/\/buy-prescriptionz.com\/wp-content\/uploads\/2023\/09\/logo.png","width":350,"height":64,"caption":"Buy Prescriptionz"},"image":{"@id":"https:\/\/buy-prescriptionz.com\/#\/schema\/logo\/image\/"}}]}},"_links":{"self":[{"href":"https:\/\/buy-prescriptionz.com\/cs\/wp-json\/wp\/v2\/product\/3061","targetHints":{"allow":["GET"]}}],"collection":[{"href":"https:\/\/buy-prescriptionz.com\/cs\/wp-json\/wp\/v2\/product"}],"about":[{"href":"https:\/\/buy-prescriptionz.com\/cs\/wp-json\/wp\/v2\/types\/product"}],"replies":[{"embeddable":true,"href":"https:\/\/buy-prescriptionz.com\/cs\/wp-json\/wp\/v2\/comments?post=3061"}],"wp:featuredmedia":[{"embeddable":true,"href":"https:\/\/buy-prescriptionz.com\/cs\/wp-json\/wp\/v2\/media\/3091"}],"wp:attachment":[{"href":"https:\/\/buy-prescriptionz.com\/cs\/wp-json\/wp\/v2\/media?parent=3061"}],"wp:term":[{"taxonomy":"product_brand","embeddable":true,"href":"https:\/\/buy-prescriptionz.com\/cs\/wp-json\/wp\/v2\/product_brand?post=3061"},{"taxonomy":"product_cat","embeddable":true,"href":"https:\/\/buy-prescriptionz.com\/cs\/wp-json\/wp\/v2\/product_cat?post=3061"},{"taxonomy":"product_tag","embeddable":true,"href":"https:\/\/buy-prescriptionz.com\/cs\/wp-json\/wp\/v2\/product_tag?post=3061"}],"curies":[{"name":"wp","href":"https:\/\/api.w.org\/{rel}","templated":true}]}}