{"id":3064,"date":"2025-09-16T08:56:10","date_gmt":"2025-09-16T08:56:10","guid":{"rendered":"https:\/\/chemsfine.com\/newsite\/?post_type=product&#038;p=3064"},"modified":"2025-09-24T10:04:29","modified_gmt":"2025-09-24T10:04:29","slug":"koupit-norco-tablety-online","status":"publish","type":"product","link":"https:\/\/buy-prescriptionz.com\/cs\/produkt\/koupit-norco-tablety-online\/","title":{"rendered":"Koupit Norco Tabs online"},"content":{"rendered":"<h2>Koupit Norco Tabs online<\/h2>\n<h3>Co je Norco?<\/h3>\n<p>Tablety Norco obsahuj\u00ed kombinaci acetaminofenu a hydrokodonu. Jedn\u00edm z druh\u016f opioidn\u00edch l\u00e9k\u016f proti bolesti je hydrokodon. Narkotikum je jin\u00fd term\u00edn pro opioid. M\u00e9n\u011b \u00fa\u010dinn\u00e9 analgetikum acetaminofen zesiluje \u00fa\u010dinky hydrokodonu.<\/p>\n<h3>Kupte si NORCO (\u017dLUT\u00c9 TABLETY) ONLINE<\/h3>\n<p>Koupit Norco Tabs online, Norco (\u017dlut\u00e9 tablety) je sm\u011bs l\u00e9k\u016f acetaminofenu a hydrokodonu, kter\u00e9 pat\u0159\u00ed do skupiny narkotick\u00fdch analgetik (opi\u00e1t\u016f). \u017dlut\u00e9 tablety jsou dostate\u010dn\u011b siln\u00e9, aby zm\u00edrnily v\u00e1\u017enou prob\u00edhaj\u00edc\u00ed bolest u pacient\u016f zp\u016fsobenou malign\u00edm r\u016fstem, jako jsou nap\u0159\u00edklad stavy Koupit Norco Tabs online a poopera\u010dn\u00ed stavy.<\/p>\n<h3>Jak m\u00e1m u\u017e\u00edvat Norco?<\/h3>\n<p>P\u0159esn\u011b dodr\u017eujte pokyny spole\u010dnosti Norco. Dodr\u017eujte pokyny uveden\u00e9 na \u0161t\u00edtku l\u00e9ku. Nikdy nepou\u017e\u00edvejte tento l\u00e9k d\u00e9le, ne\u017e je doporu\u010deno, ani ve vy\u0161\u0161\u00edch d\u00e1vk\u00e1ch. P\u0159ed\u00e1vkov\u00e1n\u00ed m\u016f\u017ee v\u00e9st k \u00famrt\u00ed nebo po\u0161kozen\u00ed jater. Informujte sv\u00e9ho l\u00e9ka\u0159e, pokud se l\u00e9k nezd\u00e1 b\u00fdt tak \u00fa\u010dinn\u00fd p\u0159i zm\u00edr\u0148ov\u00e1n\u00ed bolesti. I p\u0159i norm\u00e1ln\u00edm d\u00e1vkov\u00e1n\u00ed m\u016f\u017ee hydrokodon vyvolat z\u00e1vislost. Nikdy ned\u00e1vejte tento l\u00e9k nikomu jin\u00e9mu, zejm\u00e9na pokud m\u00e1 v anamn\u00e9ze drogovou z\u00e1vislost nebo zneu\u017e\u00edv\u00e1n\u00ed. Zejm\u00e9na v p\u0159\u00edpadech, kdy l\u00e9k u\u017e\u00edvaj\u00ed bez l\u00e9ka\u0159sk\u00e9ho p\u0159edpisu d\u011bti nebo jin\u00e9 osoby, m\u016f\u017ee zneu\u017eit\u00ed omamn\u00fdch l\u00e1tek v\u00e9st k z\u00e1vislosti, p\u0159ed\u00e1vkov\u00e1n\u00ed nebo smrti. D\u00e1vat nebo prod\u00e1vat p\u0159\u00edpravek Norco je nez\u00e1konn\u00e9.<\/p>\n<p>Informujte p\u0159edem l\u00e9ka\u0159e, pokud budete tento l\u00e9k u\u017e\u00edvat, pokud pot\u0159ebujete operaci nebo jin\u00e9 l\u00e9ka\u0159sk\u00e9 vy\u0161et\u0159en\u00ed. Mo\u017en\u00e1 budete muset v u\u017e\u00edv\u00e1n\u00ed l\u00e9ku ud\u011blat kr\u00e1tkou pauzu. Po dlouhodob\u00e9m u\u017e\u00edv\u00e1n\u00ed tohoto l\u00e9ku jej nep\u0159eru\u0161ujte n\u00e1hle, proto\u017ee to m\u016f\u017ee zp\u016fsobit nep\u0159\u00edjemn\u00e9 abstinen\u010dn\u00ed p\u0159\u00edznaky. Zjist\u011bte si od sv\u00e9ho l\u00e9ka\u0159e, jak bezpe\u010dn\u011b p\u0159estat u\u017e\u00edvat p\u0159\u00edpravek Norco.<\/p>\n<p>Nejlep\u0161\u00ed Norco by m\u011bl b\u00fdt skladov\u00e1n p\u0159i pokojov\u00e9 teplot\u011b a mimo dosah tepla a vlhkosti. Zaznamen\u00e1vejte si, kolik l\u00e9ku bylo z ka\u017ed\u00e9 \u010derstv\u00e9 lahvi\u010dky u\u017eito. Vzhledem k tomu, \u017ee hydrokodon je droga, m\u011bli byste si d\u00e1vat pozor na jak\u00e9koli nevhodn\u00e9 nebo nel\u00e9\u010debn\u00e9 u\u017e\u00edv\u00e1n\u00ed l\u00e9k\u016f. Ujist\u011bte se, \u017ee dost\u00e1v\u00e1te stejn\u00e9 pilulky \u2013 p\u0159esn\u00fd druh a zna\u010dku \u2013 kter\u00e9 v\u00e1m p\u0159edepsal l\u00e9ka\u0159, a to v\u017edy kontrolou lahvi\u010dky. Spolehliv\u00fd a pohodln\u00fd zdroj pro n\u00e1kup Norco online najdete na Buy-prescriptionz.com. D\u00edky \u0161irok\u00e9mu v\u00fdb\u011bru origin\u00e1ln\u00edch l\u00e9k\u016f, konkurenceschopn\u00fdm cen\u00e1m, bezpe\u010dn\u00fdm transakc\u00edm a vynikaj\u00edc\u00edmu z\u00e1kaznick\u00e9mu servisu zaji\u0161\u0165uje Buy-prescriptionz.com jako jedna z nejlep\u0161\u00edch l\u00e9k\u00e1ren bezprobl\u00e9mov\u00fd n\u00e1kupn\u00ed z\u00e1\u017eitek. Nav\u0161tivte Buy-prescriptionz.com je\u0161t\u011b dnes a s d\u016fv\u011brou spl\u0148te sv\u00e9 pot\u0159eby v oblasti l\u00e9k\u016f na p\u0159edpis.<\/p>\n<h3>Norco se p\u0159edepisuje osob\u00e1m, kter\u00e9 trp\u00ed:<\/h3>\n<p>\u2022 Svalov\u00e9 k\u0159e\u010de<\/p>\n<p>\u2022 Tr\u00e1pen\u00ed zp\u016fsoben\u00e9 zran\u011bn\u00edm.<\/p>\n<h3>Preventivn\u00ed opat\u0159en\u00ed<\/h3>\n<p>\u2022 Norco nen\u00ed b\u011bhem t\u011bhotenstv\u00ed chr\u00e1n\u011bno, proto\u017ee by mohlo zp\u016fsobit deformaci nenarozen\u00e9ho d\u00edt\u011bte.<\/p>\n<p>\u2022 U\u017e\u00edv\u00e1n\u00ed alkoholu nebo drog Maryjane s t\u00edmto l\u00e9kem je pe\u010dliv\u011b omezeno.<\/p>\n<p>\u2022 Norco nen\u00ed ur\u010den pro pacienty se srde\u010dn\u00edmi a plicn\u00edmi onemocn\u011bn\u00edmi.<\/p>\n<h3>Reakce<\/h3>\n<p>Z\u00e1vrat\u011b<\/p>\n<p>- Bolest hlavy<\/p>\n<p>\u2022 Z\u00e1chvaty<\/p>\n<p>\u2022 Otok.<\/p>\n<h3>Varov\u00e1n\u00ed<\/h3>\n<p>Hydrokodon m\u016f\u017ee zpomalit nebo zastavit d\u00fdch\u00e1n\u00ed. Nikdy nepou\u017e\u00edvejte p\u0159\u00edpravek Norco d\u00e9le, ne\u017e je doporu\u010deno, ani ve vy\u0161\u0161\u00edch d\u00e1vk\u00e1ch. I p\u0159i norm\u00e1ln\u00edm d\u00e1vkov\u00e1n\u00ed mohou opioidn\u00ed l\u00e9ky proti bolesti vyvolat z\u00e1vislost. Nikdy ned\u00e1vejte p\u0159\u00edpravek Norco nikomu jin\u00e9mu, zejm\u00e9na pokud m\u00e1 v anamn\u00e9ze drogovou z\u00e1vislost nebo zneu\u017e\u00edv\u00e1n\u00ed. Ujist\u011bte se, \u017ee l\u00e9k je uchov\u00e1v\u00e1n mimo dosah ostatn\u00edch. Zejm\u00e9na v p\u0159\u00edpadech, kdy l\u00e9k u\u017e\u00edvaj\u00ed bez l\u00e9ka\u0159sk\u00e9ho p\u0159edpisu d\u011bti nebo jin\u00e9 osoby, m\u016f\u017ee zneu\u017eit\u00ed omamn\u00fdch l\u00e9k\u016f v\u00e9st k z\u00e1vislosti, p\u0159ed\u00e1vkov\u00e1n\u00ed nebo smrti.<\/p>\n<p>Pokud byl b\u011bhem p\u0159edchoz\u00edch 14 dn\u016f u\u017e\u00edv\u00e1n inhibitor MAO, jako je isokarboxazid, linezolid, injekce methylenov\u00e9 mod\u0159i, fenelzin, rasagilin, selegilin nebo tranylcypromin, vyhn\u011bte se u\u017e\u00edv\u00e1n\u00ed p\u0159\u00edpravku Norco.<\/p>","protected":false},"excerpt":{"rendered":"<p>Buy Norco Tabs Online What is Norco? Acetaminophen and hydrocodone are combined in Norco tabs. One kind of opioid painkiller is hydrocodone. A narcotic is another term for an opioid. The less effective analgesic acetaminophen intensifies the effects of hydrocodone. Purchase NORCO (YELLOW TABS) ONLINE Buy Norco Tabs Online, Norco (Yellow Tabs) is a blend [&hellip;]<\/p>","protected":false},"featured_media":3094,"comment_status":"open","ping_status":"closed","template":"","meta":{"site-sidebar-layout":"default","site-content-layout":"","ast-site-content-layout":"default","site-content-style":"default","site-sidebar-style":"default","ast-global-header-display":"","ast-banner-title-visibility":"","ast-main-header-display":"","ast-hfb-above-header-display":"","ast-hfb-below-header-display":"","ast-hfb-mobile-header-display":"","site-post-title":"","ast-breadcrumbs-content":"","ast-featured-img":"","footer-sml-layout":"","theme-transparent-header-meta":"default","adv-header-id-meta":"","stick-header-meta":"","header-above-stick-meta":"","header-main-stick-meta":"","header-below-stick-meta":"","astra-migrate-meta-layouts":"set","ast-page-background-enabled":"default","ast-page-background-meta":{"desktop":{"background-color":"var(--ast-global-color-4)","background-image":"","background-repeat":"repeat","background-position":"center center","background-size":"auto","background-attachment":"scroll","background-type":"","background-media":"","overlay-type":"","overlay-color":"","overlay-opacity":"","overlay-gradient":""},"tablet":{"background-color":"","background-image":"","background-repeat":"repeat","background-position":"center center","background-size":"auto","background-attachment":"scroll","background-type":"","background-media":"","overlay-type":"","overlay-color":"","overlay-opacity":"","overlay-gradient":""},"mobile":{"background-color":"","background-image":"","background-repeat":"repeat","background-position":"center center","background-size":"auto","background-attachment":"scroll","background-type":"","background-media":"","overlay-type":"","overlay-color":"","overlay-opacity":"","overlay-gradient":""}},"ast-content-background-meta":{"desktop":{"background-color":"var(--ast-global-color-5)","background-image":"","background-repeat":"repeat","background-position":"center center","background-size":"auto","background-attachment":"scroll","background-type":"","background-media":"","overlay-type":"","overlay-color":"","overlay-opacity":"","overlay-gradient":""},"tablet":{"background-color":"var(--ast-global-color-5)","background-image":"","background-repeat":"repeat","background-position":"center center","background-size":"auto","background-attachment":"scroll","background-type":"","background-media":"","overlay-type":"","overlay-color":"","overlay-opacity":"","overlay-gradient":""},"mobile":{"background-color":"var(--ast-global-color-5)","background-image":"","background-repeat":"repeat","background-position":"center center","background-size":"auto","background-attachment":"scroll","background-type":"","background-media":"","overlay-type":"","overlay-color":"","overlay-opacity":"","overlay-gradient":""}}},"product_brand":[],"product_cat":[2385],"product_tag":[1159,1160,1158,1153,1156,1155,1154,1157,1152,1151,1162,1161],"class_list":{"0":"post-3064","1":"product","2":"type-product","3":"status-publish","4":"has-post-thumbnail","6":"product_cat-buy-pain-killer-pills-online","7":"product_tag-buy-norco-yellow-tabs-in-canada","8":"product_tag-buy-norco-yellow-tabs-in-uk","9":"product_tag-buy-norco-yellow-tabs-in-usa","10":"product_tag-buy-norco-yellow-tabs-with-bitcoin","11":"product_tag-buy-norco-yellow-tabs-with-credit-card","12":"product_tag-buy-norco-yellow-tabs-with-money-gram","13":"product_tag-buy-norco-yellow-tabs-with-western-union","14":"product_tag-buy-norco-yellow-tabs-without-a-doctor","15":"product_tag-buy-norco-yellow-tabs-without-prescription","16":"product_tag-norco-yellow-tabs-for-sale","17":"product_tag-norco-yellow-tabs-pills","18":"product_tag-norco-yellow-tabs-tablets","19":"desktop-align-center","20":"tablet-align-left","21":"mobile-align-left","23":"first","24":"instock","25":"shipping-taxable","26":"purchasable","27":"product-type-variable","28":"has-default-attributes"},"yoast_head":"<!-- This site is optimized with the Yoast SEO plugin v25.9 - https:\/\/yoast.com\/wordpress\/plugins\/seo\/ -->\n<title>Buy Norco Tabs Online - Norco Tabs for Sale - Order Norco Tabs<\/title>\n<meta name=\"description\" content=\"Your requirement to buy Norco Tabs online can be fulfilled at our online store as we have Norco Tabs for sale here. Place your order and get affordable deals every day. Order Now!\" \/>\n<meta name=\"robots\" content=\"index, follow, max-snippet:-1, max-image-preview:large, max-video-preview:-1\" \/>\n<link rel=\"canonical\" href=\"https:\/\/buy-prescriptionz.com\/cs\/produkt\/koupit-norco-tablety-online\/\" \/>\n<meta property=\"og:locale\" content=\"cs_CZ\" \/>\n<meta property=\"og:type\" content=\"article\" \/>\n<meta property=\"og:title\" content=\"Buy Norco Tabs Online - Norco Tabs for Sale - Order Norco Tabs\" \/>\n<meta property=\"og:description\" content=\"Your requirement to buy Norco Tabs online can be fulfilled at our online store as we have Norco Tabs for sale here. Place your order and get affordable deals every day. Order Now!\" \/>\n<meta property=\"og:url\" content=\"https:\/\/buy-prescriptionz.com\/cs\/produkt\/koupit-norco-tablety-online\/\" \/>\n<meta property=\"og:site_name\" content=\"Buy Prescriptionz\" \/>\n<meta property=\"article:modified_time\" content=\"2025-09-24T10:04:29+00:00\" \/>\n<meta property=\"og:image\" content=\"https:\/\/buy-prescriptionz.com\/wp-content\/uploads\/2025\/09\/norco-yellow-tabs.jpg\" \/>\n\t<meta property=\"og:image:width\" content=\"400\" \/>\n\t<meta property=\"og:image:height\" content=\"300\" \/>\n\t<meta property=\"og:image:type\" content=\"image\/jpeg\" \/>\n<meta name=\"twitter:card\" content=\"summary_large_image\" \/>\n<meta name=\"twitter:label1\" content=\"Odhadovan\u00e1 doba \u010dten\u00ed\" \/>\n\t<meta name=\"twitter:data1\" content=\"3 minuty\" \/>\n<script type=\"application\/ld+json\" class=\"yoast-schema-graph\">{\"@context\":\"https:\/\/schema.org\",\"@graph\":[{\"@type\":\"WebPage\",\"@id\":\"https:\/\/buy-prescriptionz.com\/product\/buy-norco-tabs-online\/\",\"url\":\"https:\/\/buy-prescriptionz.com\/product\/buy-norco-tabs-online\/\",\"name\":\"Buy Norco Tabs Online - Norco Tabs for Sale - Order Norco Tabs\",\"isPartOf\":{\"@id\":\"https:\/\/buy-prescriptionz.com\/#website\"},\"primaryImageOfPage\":{\"@id\":\"https:\/\/buy-prescriptionz.com\/product\/buy-norco-tabs-online\/#primaryimage\"},\"image\":{\"@id\":\"https:\/\/buy-prescriptionz.com\/product\/buy-norco-tabs-online\/#primaryimage\"},\"thumbnailUrl\":\"https:\/\/buy-prescriptionz.com\/wp-content\/uploads\/2025\/09\/norco-yellow-tabs.jpg\",\"datePublished\":\"2025-09-16T08:56:10+00:00\",\"dateModified\":\"2025-09-24T10:04:29+00:00\",\"description\":\"Your requirement to buy Norco Tabs online can be fulfilled at our online store as we have Norco Tabs for sale here. Place your order and get affordable deals every day. Order Now!\",\"breadcrumb\":{\"@id\":\"https:\/\/buy-prescriptionz.com\/product\/buy-norco-tabs-online\/#breadcrumb\"},\"inLanguage\":\"cs\",\"potentialAction\":[{\"@type\":\"ReadAction\",\"target\":[\"https:\/\/buy-prescriptionz.com\/product\/buy-norco-tabs-online\/\"]}]},{\"@type\":\"ImageObject\",\"inLanguage\":\"cs\",\"@id\":\"https:\/\/buy-prescriptionz.com\/product\/buy-norco-tabs-online\/#primaryimage\",\"url\":\"https:\/\/buy-prescriptionz.com\/wp-content\/uploads\/2025\/09\/norco-yellow-tabs.jpg\",\"contentUrl\":\"https:\/\/buy-prescriptionz.com\/wp-content\/uploads\/2025\/09\/norco-yellow-tabs.jpg\",\"width\":400,\"height\":300},{\"@type\":\"BreadcrumbList\",\"@id\":\"https:\/\/buy-prescriptionz.com\/product\/buy-norco-tabs-online\/#breadcrumb\",\"itemListElement\":[{\"@type\":\"ListItem\",\"position\":1,\"name\":\"Home\",\"item\":\"https:\/\/buy-prescriptionz.com\/\"},{\"@type\":\"ListItem\",\"position\":2,\"name\":\"Shop Painkillers Online\",\"item\":\"https:\/\/buy-prescriptionz.com\/shop-painkillers-online\/\"},{\"@type\":\"ListItem\",\"position\":3,\"name\":\"Buy Norco Tabs Online\"}]},{\"@type\":\"WebSite\",\"@id\":\"https:\/\/buy-prescriptionz.com\/#website\",\"url\":\"https:\/\/buy-prescriptionz.com\/\",\"name\":\"Buy Prescriptionz\",\"description\":\"Drugs Online\",\"publisher\":{\"@id\":\"https:\/\/buy-prescriptionz.com\/#organization\"},\"potentialAction\":[{\"@type\":\"SearchAction\",\"target\":{\"@type\":\"EntryPoint\",\"urlTemplate\":\"https:\/\/buy-prescriptionz.com\/?s={search_term_string}\"},\"query-input\":{\"@type\":\"PropertyValueSpecification\",\"valueRequired\":true,\"valueName\":\"search_term_string\"}}],\"inLanguage\":\"cs\"},{\"@type\":\"Organization\",\"@id\":\"https:\/\/buy-prescriptionz.com\/#organization\",\"name\":\"Buy Prescriptionz\",\"url\":\"https:\/\/buy-prescriptionz.com\/\",\"logo\":{\"@type\":\"ImageObject\",\"inLanguage\":\"cs\",\"@id\":\"https:\/\/buy-prescriptionz.com\/#\/schema\/logo\/image\/\",\"url\":\"https:\/\/buy-prescriptionz.com\/wp-content\/uploads\/2023\/09\/logo.png\",\"contentUrl\":\"https:\/\/buy-prescriptionz.com\/wp-content\/uploads\/2023\/09\/logo.png\",\"width\":350,\"height\":64,\"caption\":\"Buy Prescriptionz\"},\"image\":{\"@id\":\"https:\/\/buy-prescriptionz.com\/#\/schema\/logo\/image\/\"}}]}<\/script>\n<!-- \/ Yoast SEO plugin. -->","yoast_head_json":{"title":"Koupit tablety Norco online - Tablety Norco na prodej - Objednat tablety Norco","description":"V\u00e1\u0161 po\u017eadavek na n\u00e1kup tablet Norco online m\u016f\u017ee b\u00fdt spln\u011bn v na\u0161em internetov\u00e9m obchod\u011b, proto\u017ee zde m\u00e1me tablety Norco k prodeji. Objednejte si a z\u00edskejte ka\u017ed\u00fd den v\u00fdhodn\u00e9 nab\u00eddky. Objednejte si hned!","robots":{"index":"index","follow":"follow","max-snippet":"max-snippet:-1","max-image-preview":"max-image-preview:large","max-video-preview":"max-video-preview:-1"},"canonical":"https:\/\/buy-prescriptionz.com\/cs\/produkt\/koupit-norco-tablety-online\/","og_locale":"cs_CZ","og_type":"article","og_title":"Buy Norco Tabs Online - Norco Tabs for Sale - Order Norco Tabs","og_description":"Your requirement to buy Norco Tabs online can be fulfilled at our online store as we have Norco Tabs for sale here. Place your order and get affordable deals every day. Order Now!","og_url":"https:\/\/buy-prescriptionz.com\/cs\/produkt\/koupit-norco-tablety-online\/","og_site_name":"Buy Prescriptionz","article_modified_time":"2025-09-24T10:04:29+00:00","og_image":[{"width":400,"height":300,"url":"https:\/\/buy-prescriptionz.com\/wp-content\/uploads\/2025\/09\/norco-yellow-tabs.jpg","type":"image\/jpeg"}],"twitter_card":"summary_large_image","twitter_misc":{"Odhadovan\u00e1 doba \u010dten\u00ed":"3 minuty"},"schema":{"@context":"https:\/\/schema.org","@graph":[{"@type":"WebPage","@id":"https:\/\/buy-prescriptionz.com\/product\/buy-norco-tabs-online\/","url":"https:\/\/buy-prescriptionz.com\/product\/buy-norco-tabs-online\/","name":"Koupit tablety Norco online - Tablety Norco na prodej - Objednat tablety Norco","isPartOf":{"@id":"https:\/\/buy-prescriptionz.com\/#website"},"primaryImageOfPage":{"@id":"https:\/\/buy-prescriptionz.com\/product\/buy-norco-tabs-online\/#primaryimage"},"image":{"@id":"https:\/\/buy-prescriptionz.com\/product\/buy-norco-tabs-online\/#primaryimage"},"thumbnailUrl":"https:\/\/buy-prescriptionz.com\/wp-content\/uploads\/2025\/09\/norco-yellow-tabs.jpg","datePublished":"2025-09-16T08:56:10+00:00","dateModified":"2025-09-24T10:04:29+00:00","description":"V\u00e1\u0161 po\u017eadavek na n\u00e1kup tablet Norco online m\u016f\u017ee b\u00fdt spln\u011bn v na\u0161em internetov\u00e9m obchod\u011b, proto\u017ee zde m\u00e1me tablety Norco k prodeji. Objednejte si a z\u00edskejte ka\u017ed\u00fd den v\u00fdhodn\u00e9 nab\u00eddky. Objednejte si hned!","breadcrumb":{"@id":"https:\/\/buy-prescriptionz.com\/product\/buy-norco-tabs-online\/#breadcrumb"},"inLanguage":"cs","potentialAction":[{"@type":"ReadAction","target":["https:\/\/buy-prescriptionz.com\/product\/buy-norco-tabs-online\/"]}]},{"@type":"ImageObject","inLanguage":"cs","@id":"https:\/\/buy-prescriptionz.com\/product\/buy-norco-tabs-online\/#primaryimage","url":"https:\/\/buy-prescriptionz.com\/wp-content\/uploads\/2025\/09\/norco-yellow-tabs.jpg","contentUrl":"https:\/\/buy-prescriptionz.com\/wp-content\/uploads\/2025\/09\/norco-yellow-tabs.jpg","width":400,"height":300},{"@type":"BreadcrumbList","@id":"https:\/\/buy-prescriptionz.com\/product\/buy-norco-tabs-online\/#breadcrumb","itemListElement":[{"@type":"ListItem","position":1,"name":"Home","item":"https:\/\/buy-prescriptionz.com\/"},{"@type":"ListItem","position":2,"name":"Shop Painkillers Online","item":"https:\/\/buy-prescriptionz.com\/shop-painkillers-online\/"},{"@type":"ListItem","position":3,"name":"Buy Norco Tabs Online"}]},{"@type":"WebSite","@id":"https:\/\/buy-prescriptionz.com\/#website","url":"https:\/\/buy-prescriptionz.com\/","name":"Koupit Prescriptionz","description":"Drogy online","publisher":{"@id":"https:\/\/buy-prescriptionz.com\/#organization"},"potentialAction":[{"@type":"SearchAction","target":{"@type":"EntryPoint","urlTemplate":"https:\/\/buy-prescriptionz.com\/?s={search_term_string}"},"query-input":{"@type":"PropertyValueSpecification","valueRequired":true,"valueName":"search_term_string"}}],"inLanguage":"cs"},{"@type":"Organization","@id":"https:\/\/buy-prescriptionz.com\/#organization","name":"Koupit Prescriptionz","url":"https:\/\/buy-prescriptionz.com\/","logo":{"@type":"ImageObject","inLanguage":"cs","@id":"https:\/\/buy-prescriptionz.com\/#\/schema\/logo\/image\/","url":"https:\/\/buy-prescriptionz.com\/wp-content\/uploads\/2023\/09\/logo.png","contentUrl":"https:\/\/buy-prescriptionz.com\/wp-content\/uploads\/2023\/09\/logo.png","width":350,"height":64,"caption":"Buy Prescriptionz"},"image":{"@id":"https:\/\/buy-prescriptionz.com\/#\/schema\/logo\/image\/"}}]}},"_links":{"self":[{"href":"https:\/\/buy-prescriptionz.com\/cs\/wp-json\/wp\/v2\/product\/3064","targetHints":{"allow":["GET"]}}],"collection":[{"href":"https:\/\/buy-prescriptionz.com\/cs\/wp-json\/wp\/v2\/product"}],"about":[{"href":"https:\/\/buy-prescriptionz.com\/cs\/wp-json\/wp\/v2\/types\/product"}],"replies":[{"embeddable":true,"href":"https:\/\/buy-prescriptionz.com\/cs\/wp-json\/wp\/v2\/comments?post=3064"}],"wp:featuredmedia":[{"embeddable":true,"href":"https:\/\/buy-prescriptionz.com\/cs\/wp-json\/wp\/v2\/media\/3094"}],"wp:attachment":[{"href":"https:\/\/buy-prescriptionz.com\/cs\/wp-json\/wp\/v2\/media?parent=3064"}],"wp:term":[{"taxonomy":"product_brand","embeddable":true,"href":"https:\/\/buy-prescriptionz.com\/cs\/wp-json\/wp\/v2\/product_brand?post=3064"},{"taxonomy":"product_cat","embeddable":true,"href":"https:\/\/buy-prescriptionz.com\/cs\/wp-json\/wp\/v2\/product_cat?post=3064"},{"taxonomy":"product_tag","embeddable":true,"href":"https:\/\/buy-prescriptionz.com\/cs\/wp-json\/wp\/v2\/product_tag?post=3064"}],"curies":[{"name":"wp","href":"https:\/\/api.w.org\/{rel}","templated":true}]}}