{"id":3065,"date":"2025-09-16T08:56:10","date_gmt":"2025-09-16T08:56:10","guid":{"rendered":"https:\/\/chemsfine.com\/newsite\/?post_type=product&#038;p=3065"},"modified":"2025-09-24T06:50:48","modified_gmt":"2025-09-24T06:50:48","slug":"koupit-nitrazepam-nipam-online","status":"publish","type":"product","link":"https:\/\/buy-prescriptionz.com\/cs\/produkt\/koupit-nitrazepam-nipam-online\/","title":{"rendered":"Koupit Nitrazepam (Nipam) online"},"content":{"rendered":"<h2>Koupit Nitrazepam (Nipam) online<\/h2>\n<h3>Koupit Nitrazepam (Nipam) online Obecn\u00e9 informace:<\/h3>\n<p>koupit-nitrazepam-nipam-online, Nitrazepam je sedativn\u00ed l\u00e9k, kter\u00fd se pou\u017e\u00edv\u00e1 kr\u00e1tkodob\u011b k navozen\u00ed sp\u00e1nku. Pat\u0159\u00ed do skupiny l\u00e9k\u016f zvan\u00fdch benzodiazepiny. Pou\u017e\u00edv\u00e1 se nej\u010dast\u011bji v z\u00e1va\u017en\u00fdch, invalidizuj\u00edc\u00edch nebo extr\u00e9mn\u011b t\u011b\u017ek\u00fdch p\u0159\u00edpadech.<\/p>\n<p>Cena l\u00e9ku Buy Nitrazepam 5mg je mnohem ni\u017e\u0161\u00ed ne\u017e maloobchodn\u00ed cena. Vy\u017e\u00e1dejte si odborn\u011b p\u0159edepsan\u00e9 recepty, kter\u00e9 vy\u017eaduj\u00ed minim\u00e1ln\u00ed nebo \u017e\u00e1dnou n\u00e1mahu, od leg\u00e1ln\u00edch a d\u016fv\u011bryhodn\u00fdch l\u00e9k\u00e1ren v USA. Nitrazepam m\u016f\u017ee zp\u016fsobit nestabilitu, lenost nebo zm\u011bny vid\u011bn\u00ed. Tyto \u00fa\u010dinky mohou b\u00fdt z\u00e1va\u017en\u011bj\u0161\u00ed, pokud jej u\u017e\u00edv\u00e1te s alkoholem nebo ur\u010dit\u00fdmi l\u00e9ky. U\u017e\u00edvejte Nitrazepam s opatrnost\u00ed. Ne\u0159i\u010fte motorov\u00e1 vozidla ani nevykon\u00e1vejte jin\u00e9 potenci\u00e1ln\u011b nebezpe\u010dn\u00e9 \u010dinnosti, dokud nev\u00edte, jak na n\u011b reagujete. Bu\u010fte bd\u011bl\u00ed i r\u00e1no po u\u017eit\u00ed Nitrazepamu. B\u011bhem u\u017e\u00edv\u00e1n\u00ed Nitrazepamu se nesna\u017ete p\u00edt alkohol ani neu\u017e\u00edvat l\u00e9ky, kter\u00e9 mohou zp\u016fsobovat ospalost (nap\u0159. trankviliz\u00e9ry, svalov\u00e9 relaxanty); mohlo by to jejich \u00fa\u010dinky zhor\u0161it. Pokud m\u00e1te ot\u00e1zky ohledn\u011b l\u00e9k\u016f, kter\u00e9 mohou zp\u016fsobovat ospalost, pora\u010fte se se sv\u00fdm farmaceutick\u00fdm specialistou. Pravideln\u00e9 p\u0159\u00edznaky, jako je dysfunkce, nestabilita, probl\u00e9my s koordinac\u00ed a probl\u00e9my s pam\u011bt\u00ed, se \u010dasto vyskytuj\u00ed do 1 hodiny po u\u017eit\u00ed Nitrazepamu. Ujist\u011bte se, \u017ee Nitrazepam berete t\u011bsn\u011b p\u0159ed span\u00edm nebo pot\u00e9, co jste ji\u017e v posteli. T\u00edm se tyto p\u0159\u00edznaky zm\u00edrn\u00ed. Nitrazepam m\u016f\u017ee zp\u016fsobit sp\u00e1len\u00ed od slunce je\u0161t\u011b siln\u011bji. Dokud nezjist\u00edte, jak na nitrazepam reagujete, udr\u017eujte strategickou vzd\u00e1lenost od slunce, horsk\u00fdch horsk\u00fdch sv\u011btel nebo sol\u00e1ri\u00ed. Pokud mus\u00edte b\u00fdt venku d\u00e9le ne\u017e kr\u00e1tkou dobu, pou\u017e\u00edvejte opalovac\u00ed kr\u00e9m nebo noste ochrann\u00fd od\u011bv. P\u0159ed jakoukoli terapeutickou nebo zubn\u00ed prohl\u00eddkou, akutn\u00ed p\u00e9\u010d\u00ed nebo l\u00e9ka\u0159sk\u00fdm z\u00e1krokem informujte sv\u00e9ho praktick\u00e9ho l\u00e9ka\u0159e nebo zubn\u00edho l\u00e9ka\u0159e, \u017ee u\u017e\u00edv\u00e1te nitrazepam. Tento p\u0159\u00edpravek m\u016f\u017ee obsahovat barvivo tartrazin. To m\u016f\u017ee u n\u011bkter\u00fdch pacient\u016f zp\u016fsobit ne\u017e\u00e1douc\u00ed reakci. Pokud jste n\u011bkdy m\u011bli p\u0159ecitliv\u011blou reakci na tartrazin, zeptejte se, zda v\u00e1\u0161 p\u0159\u00edpravek tartrazin obsahuje. Neu\u017e\u00edvejte v\u00edce, ne\u017e je doporu\u010den\u00e1 d\u00e1vka, ani neu\u017e\u00edvejte d\u00e9le, ne\u017e je doporu\u010deno, ani\u017e byste se poradili se sv\u00fdm praktick\u00fdm l\u00e9ka\u0159em. Po ukon\u010den\u00ed u\u017e\u00edv\u00e1n\u00ed nitrazepamu se m\u016f\u017eete setkat s nep\u0159\u00edjemn\u00fdm sp\u00e1nkem po dobu 1 a\u017e 2 noc\u00ed. Pokud k n\u011bmu doch\u00e1z\u00ed, pora\u010fte se se sv\u00fdm praktick\u00fdm l\u00e9ka\u0159em.<\/p>\n<h3>Koupit Nitrazepam (Nipam) 5mg<\/h3>\n<p>Koupit Nitrazepam (Nipam) Online, M\u016f\u017eete si koupit Nitrazepam na webu (Nipam) 5mg solicitation zde, m\u00e1me vynikaj\u00edc\u00ed Nitrazepam (Mogadon) 5mg pilulky. koupit Nitrazepam (Nipam) 5mg Online bez l\u00e9ku.<\/p>\n<p><strong>N\u00e1kup Nitrazepam (Nipam) 5mg online podle nejlep\u0161\u00edho online bez l\u00e9ka\u0159sk\u00e9ho p\u0159edpisu webu.<\/strong><\/p>\n<p>Nitrazepam (Nipam) 5 mg<\/p>\n<p>\u0160pi\u010dkov\u00fd nitrazepam (Nipam) 5 mg Pills<\/p>\n<p>Celkov\u00e9 dod\u00e1n\u00ed<\/p>\n<p>Obez\u0159etn\u00e9 balen\u00ed<\/p>\n<p>Podpora v re\u00e1ln\u00e9m \u010dase<\/p>\n<p>100% Z\u00e1ruka spokojenosti<\/p>\n<p><strong>N\u00e1kup Nitrazepam na webu (Nipam) 5mg podle nejlep\u0161\u00edho online bez l\u00e9ka\u0159sk\u00e9ho p\u0159edpisu webu.<\/strong><\/p>\n<p>NAB\u00cdZ\u00cdME ZAHRANI\u010cN\u00cd SLU\u017dBY BEZPE\u010cNOU DOPRAVU A\u017d K VA\u0160IM DVE\u0158\u00cdM!<\/p>\n<p>Platbu m\u016f\u017eete prov\u00e9st kreditn\u00ed a debetn\u00ed kartou.<\/p>\n<p>EMS\/USPS Express Discreet TrackAble Delivery celkov\u00fd rozsah.<\/p>\n<p>Nitrazepam (Nipam) 5 mg se pou\u017e\u00edv\u00e1 k l\u00e9\u010db\u011b probl\u00e9mu s nap\u011bt\u00edm, p\u0159echodn\u00e9 pomoci vedlej\u0161\u00edch \u00fa\u010dink\u016f nervozity nebo neklidu souvisej\u00edc\u00edho s misery.buy-nitrazepam-nipam-online<\/p>\n<h3>O tablet\u011b Nipam 5 mg<\/h3>\n<p>Tableta Nipam 5 MG je typ hypnotika benzodiazepamu, kter\u00fd se pou\u017e\u00edv\u00e1 k l\u00e9\u010db\u011b d\u011btsk\u00fdch k\u0159e\u010d\u00ed a nespavosti. D\u016frazn\u011b se nedoporu\u010duje u\u017e\u00edvat tablety Nipam 5 MG, pokud osoba trp\u00ed CHOPN, alergiemi, vysok\u00fdm nitroo\u010dn\u00edm tlakem nebo z\u00e1va\u017en\u00fdm po\u0161kozen\u00edm jater. Tento l\u00e9k m\u016f\u017ee tak\u00e9 pomoci s poruchami n\u00e1lady, abstinen\u010dn\u00edmi p\u0159\u00edznaky po alkoholu, relaxancii kostern\u00edho svalstva a poruchami, kter\u00e9 zp\u016fsobuj\u00ed z\u00e1chvaty.<br \/>\n<strong><br \/>\n<\/strong>Tablety Nipam 5 mg se st\u00e1le pod\u00e1vaj\u00ed t\u011bhotn\u00fdm \u017een\u00e1m, i kdy\u017e existuje riziko po\u0161kozen\u00ed nenarozen\u00e9ho d\u00edt\u011bte, pokud se u\u017e\u00edvaj\u00ed b\u011bhem t\u011bhotenstv\u00ed. Je to proto, \u017ee mo\u017en\u00e9 p\u0159\u00ednosy jasn\u011b p\u0159eva\u017euj\u00ed nad riziky.<\/p>\n<h3><strong>Jak by se m\u011bla \u010d\u00e1stka u\u017e\u00edvat?<\/strong><\/h3>\n<p>Pokud zapomenete u\u017e\u00edt tabletu Nipam 5 mg, m\u011bli byste tak u\u010dinit, jakmile si vzpomenete. Pokud se t\u00e9m\u011b\u0159 bl\u00ed\u017e\u00ed \u010das na dal\u0161\u00ed d\u00e1vku, neu\u017e\u00edvejte tu, na kterou jste zapomn\u011bli. Neu\u017e\u00edvejte dv\u011b d\u00e1vky najednou, abyste nahradili vynechanou d\u00e1vku.<\/p>\n<p><strong>Existuj\u00ed n\u011bjak\u00e9 pokyny pro p\u0159\u00edpad p\u0159ed\u00e1vkov\u00e1n\u00ed?<\/strong><\/p>\n<p>Pokud si mysl\u00edte, \u017ee se n\u011bkdo p\u0159ed\u00e1vkoval, vyhledejte l\u00e9ka\u0159skou pomoc nebo zavolejte sv\u00e9mu l\u00e9ka\u0159i. Informace zde uveden\u00e9 vych\u00e1zej\u00ed z mno\u017estv\u00ed soli v l\u00e9ku. L\u00e9k se m\u016f\u017ee pou\u017e\u00edvat a m\u00edt u r\u016fzn\u00fdch lid\u00ed r\u016fzn\u00e9 \u00fa\u010dinky. P\u0159ed u\u017eit\u00edm tohoto l\u00e9ku byste se m\u011bli poradit s psychiatrem.<\/p>\n<p><strong>D\u016fle\u017eit\u00e9 informace o tablet\u00e1ch Nipam 5 mg <\/strong><\/p>\n<p>Jak dlouho \u00fa\u010dinek trv\u00e1?<\/p>\n<p>\u00da\u010dinky tohoto l\u00e9ku obvykle trvaj\u00ed 6 a\u017e 8 hodin.<\/p>\n<p>Kdy za\u010d\u00edn\u00e1 boj?<\/p>\n<p>\u00da\u010dinek tohoto l\u00e9ku pozn\u00e1te za 30 a\u017e 60 minut.<\/p>\n<p>Existuj\u00ed n\u011bjak\u00e9 zn\u00e1mky t\u011bhotenstv\u00ed?<\/p>\n<p>T\u011bhotn\u00e9 \u017eeny by tento l\u00e9k nem\u011bly u\u017e\u00edvat. Tableta Nipam 5 MG proch\u00e1z\u00ed placentou. Byly hl\u00e1\u0161eny p\u0159\u00edpady roz\u0161t\u011bp\u016f \u00fastn\u00ed dutiny, ale nov\u011bj\u0161\u00ed \u00fadaje nepodporuj\u00ed souvislost mezi u\u017e\u00edv\u00e1n\u00edm drog a roz\u0161t\u011bpy \u00fastn\u00ed dutiny. Mezi dal\u0161\u00ed hl\u00e1\u0161en\u00e9 vrozen\u00e9 vady pat\u0159\u00ed t\u0159\u00edseln\u00e9 k\u00fdly, srde\u010dn\u00ed vady, spina bifida, dysmorfick\u00e9 rysy obli\u010deje, kostern\u00ed vady a mnoho dal\u0161\u00edch. Hypotonie a abstinen\u010dn\u00ed p\u0159\u00edznaky byly tak\u00e9 hl\u00e1\u0161eny po u\u017e\u00edv\u00e1n\u00ed t\u011bsn\u011b p\u0159ed porodem.<\/p>\n<p>Stane se z toho zvyk?<\/p>\n<p>Byla pops\u00e1na tendence k vytv\u00e1\u0159en\u00ed n\u00e1vyk\u016f.<\/p>\n<p>Existuj\u00ed n\u011bjak\u00e9 tipy ohledn\u011b kojen\u00ed?<\/p>\n<p>Koj\u00edc\u00ed \u017eeny by tento l\u00e9k nem\u011bly u\u017e\u00edvat. Tableta Nipam 5 mg se m\u016f\u017ee dostat do mate\u0159sk\u00e9ho ml\u00e9ka.<\/p>\n<p>Je bezpe\u010dn\u00e9 pit\u00ed?<\/p>\n<p>Benzodiazepiny jsou spojov\u00e1ny s aditivn\u00ed poruchou smutku v CNS; vyh\u00fdbejte se alkoholu nebo pijte m\u00e9n\u011b.<\/p>\n<p>Je v po\u0159\u00e1dku \u0159\u00eddit po u\u017eit\u00ed tohoto l\u00e9ku?<\/p>\n<p>Tento l\u00e9k m\u00e1 vedlej\u0161\u00ed \u00fa\u010dinky, kter\u00e9 mohou zp\u016fsobit ztr\u00e1tu v\u011bdom\u00ed. Pacient by proto nem\u011bl \u0159\u00eddit, pokud se nec\u00edt\u00ed dob\u0159e, nap\u0159\u00edklad je ospal\u00fd, m\u00e1 z\u00e1vrat\u011b nebo m\u00e1 pot\u00ed\u017ee se zrakem.<\/p>\n<p>M\u011bn\u00ed to fungov\u00e1n\u00ed ledvin?<\/p>\n<p>Nelze dialyzovat (0 % a\u017e 5 %); dal\u0161\u00ed mno\u017estv\u00ed nen\u00ed pot\u0159eba.<\/p>\n<p>M\u011bn\u00ed to fungov\u00e1n\u00ed jater?<\/p>\n<p>Neu\u017e\u00edvejte jej, pokud m\u00e1te cirh\u00f3zu nebo z\u00e1va\u017en\u00e9 \u010di akutn\u00ed onemocn\u011bn\u00ed jater; sni\u017ete mno\u017estv\u00ed na polovinu.<\/p>\n<p>Pokud si mysl\u00edte, \u017ee se n\u011bkdo p\u0159ed\u00e1vkoval, vyhledejte l\u00e9ka\u0159skou pomoc nebo zavolejte sv\u00e9mu l\u00e9ka\u0159i. Informace zde uveden\u00e9 vych\u00e1zej\u00ed z mno\u017estv\u00ed soli v l\u00e9ku. L\u00e9k se m\u016f\u017ee pou\u017e\u00edvat a m\u00edt u r\u016fzn\u00fdch lid\u00ed r\u016fzn\u00e9 \u00fa\u010dinky. P\u0159ed u\u017eit\u00edm tohoto l\u00e9ku byste se m\u011bli poradit s psychiatrem.<\/p>\n<h3>Jak bychom mohli pos\u00edlat bal\u00ed\u010dky?<\/h3>\n<p>Svazky opatrn\u011b bal\u00edme s wolframov\u00fdmi a uhl\u00edkov\u00fdmi pap\u00edry, abychom se vyhnuli pr\u016fchodu tradicemi rentgenov\u00fdch paprsk\u016f na termin\u00e1lech letadel. Svazky jsou zven\u010d\u00ed bezvadn\u011b vycp\u00e1ny pap\u00edry s po\u017eehn\u00e1n\u00edm.<\/p>\n<h3>Jak to m\u016f\u017ee fungovat?<\/h3>\n<p>Koupit Nitrazepam (Nipam) online, Nitrazepam m\u00e1 m\u00edsto se shroma\u017e\u010fov\u00e1n\u00edm l\u00e9k\u016f zvan\u00fdch benzodiazepiny. Navazuje na receptory v mozku (GABA receptory), co\u017e zp\u016fsobuje p\u0159\u00edchod slou\u010deniny zvan\u00e9 GABA (gama aminom\u00e1seln\u00e1 \u017e\u00edravina). GABA je pozoruhodn\u00e1 inhibi\u010dn\u00ed l\u00e1tka v mozku spojen\u00e1 s vyvol\u00e1n\u00edm letargie a kontrolou neklidu a z\u00e1chvat\u016f.<\/p>\n<p>Nitrazepam p\u016fsob\u00ed tak, \u017ee roz\u0161i\u0159uje pohyb GABA, \u010d\u00edm\u017e sni\u017euje \u010dinnost specifick\u00fdch oblast\u00ed mysli. To m\u00e1 za n\u00e1sledek \u00fatlum, sn\u00ed\u017een\u00ed nap\u011bt\u00ed a uvoln\u011bn\u00ed sval\u016f.<\/p>\n<p>Nitrazepam se nej\u010dast\u011bji pou\u017e\u00edv\u00e1 k l\u00e9\u010db\u011b poruch sp\u00e1nku. Zkracuje dobu pot\u0159ebnou k usnut\u00ed a no\u010dn\u00ed probouzen\u00ed, stejn\u011b jako prodlu\u017euje celkovou dobu str\u00e1venou odpo\u010dinkem. Proto\u017ee nitrazepam z\u016fst\u00e1v\u00e1 v t\u011ble dlouho dynamick\u00fd, m\u016f\u017ee se n\u00e1sleduj\u00edc\u00ed den dostavit \u00fanava.buy-nitrazepam-nipam-online<\/p>\n<h3>Pro\u010d se tableta Nipam 5 MG pou\u017e\u00edv\u00e1 k l\u00e9\u010db\u011b nespavosti?<\/h3>\n<p>Pokud si mysl\u00edte, \u017ee se n\u011bkdo p\u0159ed\u00e1vkoval, vyhledejte l\u00e9ka\u0159skou pomoc nebo zavolejte sv\u00e9mu l\u00e9ka\u0159i. Informace zde uveden\u00e9 vych\u00e1zej\u00ed z mno\u017estv\u00ed soli v l\u00e9ku. L\u00e9k se m\u016f\u017ee pou\u017e\u00edvat a m\u00edt u r\u016fzn\u00fdch lid\u00ed r\u016fzn\u00e9 \u00fa\u010dinky. P\u0159ed u\u017eit\u00edm tohoto l\u00e9ku byste se m\u011bli poradit s psychiatrem.<\/p>","protected":false},"excerpt":{"rendered":"<p>Buy Nitrazepam (Nipam) Online Buy Nitrazepam (Nipam) Online\u00a0General Information: buy-nitrazepam-nipam-online, Nitrazepam is a sedative medication which is used in the short-term to help people sleep. It belongs to a group of drugs called benzodiazepines. It is mostly used in cases which are severe, disabling or causing extreme distress The medicine cost on Buy Nitrazepam 5mg [&hellip;]<\/p>","protected":false},"featured_media":3095,"comment_status":"open","ping_status":"closed","template":"","meta":{"site-sidebar-layout":"default","site-content-layout":"","ast-site-content-layout":"default","site-content-style":"default","site-sidebar-style":"default","ast-global-header-display":"","ast-banner-title-visibility":"","ast-main-header-display":"","ast-hfb-above-header-display":"","ast-hfb-below-header-display":"","ast-hfb-mobile-header-display":"","site-post-title":"","ast-breadcrumbs-content":"","ast-featured-img":"","footer-sml-layout":"","theme-transparent-header-meta":"default","adv-header-id-meta":"","stick-header-meta":"","header-above-stick-meta":"","header-main-stick-meta":"","header-below-stick-meta":"","astra-migrate-meta-layouts":"set","ast-page-background-enabled":"default","ast-page-background-meta":{"desktop":{"background-color":"var(--ast-global-color-4)","background-image":"","background-repeat":"repeat","background-position":"center center","background-size":"auto","background-attachment":"scroll","background-type":"","background-media":"","overlay-type":"","overlay-color":"","overlay-opacity":"","overlay-gradient":""},"tablet":{"background-color":"","background-image":"","background-repeat":"repeat","background-position":"center center","background-size":"auto","background-attachment":"scroll","background-type":"","background-media":"","overlay-type":"","overlay-color":"","overlay-opacity":"","overlay-gradient":""},"mobile":{"background-color":"","background-image":"","background-repeat":"repeat","background-position":"center center","background-size":"auto","background-attachment":"scroll","background-type":"","background-media":"","overlay-type":"","overlay-color":"","overlay-opacity":"","overlay-gradient":""}},"ast-content-background-meta":{"desktop":{"background-color":"var(--ast-global-color-5)","background-image":"","background-repeat":"repeat","background-position":"center center","background-size":"auto","background-attachment":"scroll","background-type":"","background-media":"","overlay-type":"","overlay-color":"","overlay-opacity":"","overlay-gradient":""},"tablet":{"background-color":"var(--ast-global-color-5)","background-image":"","background-repeat":"repeat","background-position":"center center","background-size":"auto","background-attachment":"scroll","background-type":"","background-media":"","overlay-type":"","overlay-color":"","overlay-opacity":"","overlay-gradient":""},"mobile":{"background-color":"var(--ast-global-color-5)","background-image":"","background-repeat":"repeat","background-position":"center center","background-size":"auto","background-attachment":"scroll","background-type":"","background-media":"","overlay-type":"","overlay-color":"","overlay-opacity":"","overlay-gradient":""}}},"product_brand":[],"product_cat":[2385],"product_tag":[1087,1088,1086,1081,1084,1083,1082,1085,1080,1079,1090,1089],"class_list":{"0":"post-3065","1":"product","2":"type-product","3":"status-publish","4":"has-post-thumbnail","6":"product_cat-buy-pain-killer-pills-online","7":"product_tag-buy-nitrazeoam-nipam-in-canada","8":"product_tag-buy-nitrazeoam-nipam-in-uk","9":"product_tag-buy-nitrazeoam-nipam-in-usa","10":"product_tag-buy-nitrazeoam-nipam-with-bitcoin","11":"product_tag-buy-nitrazeoam-nipam-with-credit-card","12":"product_tag-buy-nitrazeoam-nipam-with-money-gram","13":"product_tag-buy-nitrazeoam-nipam-with-western-union","14":"product_tag-buy-nitrazeoam-nipam-without-a-doctor","15":"product_tag-buy-nitrazeoam-nipam-without-prescription","16":"product_tag-nitrazeoam-nipam-for-sale","17":"product_tag-nitrazeoam-nipam-pills","18":"product_tag-nitrazeoam-nipam-tablets","19":"desktop-align-center","20":"tablet-align-left","21":"mobile-align-left","23":"first","24":"instock","25":"shipping-taxable","26":"purchasable","27":"product-type-variable","28":"has-default-attributes"},"yoast_head":"<!-- This site is optimized with the Yoast SEO plugin v25.9 - https:\/\/yoast.com\/wordpress\/plugins\/seo\/ -->\n<title>Buy Nitrazepam (Nipam) Online - Sleeping Pills Vendor<\/title>\n<meta name=\"description\" content=\"Buy Nitrazepam (Nipam) Online, Nitrazepam-5-MG and there variants. Check for ... Nitrazepam 5 MG This composition has 44 Products ... NIPAM 5MG TAB\" \/>\n<meta name=\"robots\" content=\"index, follow, max-snippet:-1, max-image-preview:large, max-video-preview:-1\" \/>\n<link rel=\"canonical\" href=\"https:\/\/buy-prescriptionz.com\/cs\/produkt\/koupit-nitrazepam-nipam-online\/\" \/>\n<meta property=\"og:locale\" content=\"cs_CZ\" \/>\n<meta property=\"og:type\" content=\"article\" \/>\n<meta property=\"og:title\" content=\"Buy Nitrazepam (Nipam) Online - Sleeping Pills Vendor\" \/>\n<meta property=\"og:description\" content=\"Buy Nitrazepam (Nipam) Online, Nitrazepam-5-MG and there variants. Check for ... Nitrazepam 5 MG This composition has 44 Products ... NIPAM 5MG TAB\" \/>\n<meta property=\"og:url\" content=\"https:\/\/buy-prescriptionz.com\/cs\/produkt\/koupit-nitrazepam-nipam-online\/\" \/>\n<meta property=\"og:site_name\" content=\"Buy Prescriptionz\" \/>\n<meta property=\"article:modified_time\" content=\"2025-09-24T06:50:48+00:00\" \/>\n<meta property=\"og:image\" content=\"https:\/\/buy-prescriptionz.com\/wp-content\/uploads\/2025\/09\/nitrazeoam-nipam.jpg\" \/>\n\t<meta property=\"og:image:width\" content=\"400\" \/>\n\t<meta property=\"og:image:height\" content=\"300\" \/>\n\t<meta property=\"og:image:type\" content=\"image\/jpeg\" \/>\n<meta name=\"twitter:card\" content=\"summary_large_image\" \/>\n<meta name=\"twitter:label1\" content=\"Odhadovan\u00e1 doba \u010dten\u00ed\" \/>\n\t<meta name=\"twitter:data1\" content=\"6 minut\" \/>\n<script type=\"application\/ld+json\" class=\"yoast-schema-graph\">{\"@context\":\"https:\/\/schema.org\",\"@graph\":[{\"@type\":\"WebPage\",\"@id\":\"https:\/\/buy-prescriptionz.com\/product\/buy-nitrazepam-nipam-online\/\",\"url\":\"https:\/\/buy-prescriptionz.com\/product\/buy-nitrazepam-nipam-online\/\",\"name\":\"Buy Nitrazepam (Nipam) Online - Sleeping Pills Vendor\",\"isPartOf\":{\"@id\":\"https:\/\/buy-prescriptionz.com\/#website\"},\"primaryImageOfPage\":{\"@id\":\"https:\/\/buy-prescriptionz.com\/product\/buy-nitrazepam-nipam-online\/#primaryimage\"},\"image\":{\"@id\":\"https:\/\/buy-prescriptionz.com\/product\/buy-nitrazepam-nipam-online\/#primaryimage\"},\"thumbnailUrl\":\"https:\/\/buy-prescriptionz.com\/wp-content\/uploads\/2025\/09\/nitrazeoam-nipam.jpg\",\"datePublished\":\"2025-09-16T08:56:10+00:00\",\"dateModified\":\"2025-09-24T06:50:48+00:00\",\"description\":\"Buy Nitrazepam (Nipam) Online, Nitrazepam-5-MG and there variants. Check for ... Nitrazepam 5 MG This composition has 44 Products ... NIPAM 5MG TAB\",\"breadcrumb\":{\"@id\":\"https:\/\/buy-prescriptionz.com\/product\/buy-nitrazepam-nipam-online\/#breadcrumb\"},\"inLanguage\":\"cs\",\"potentialAction\":[{\"@type\":\"ReadAction\",\"target\":[\"https:\/\/buy-prescriptionz.com\/product\/buy-nitrazepam-nipam-online\/\"]}]},{\"@type\":\"ImageObject\",\"inLanguage\":\"cs\",\"@id\":\"https:\/\/buy-prescriptionz.com\/product\/buy-nitrazepam-nipam-online\/#primaryimage\",\"url\":\"https:\/\/buy-prescriptionz.com\/wp-content\/uploads\/2025\/09\/nitrazeoam-nipam.jpg\",\"contentUrl\":\"https:\/\/buy-prescriptionz.com\/wp-content\/uploads\/2025\/09\/nitrazeoam-nipam.jpg\",\"width\":400,\"height\":300},{\"@type\":\"BreadcrumbList\",\"@id\":\"https:\/\/buy-prescriptionz.com\/product\/buy-nitrazepam-nipam-online\/#breadcrumb\",\"itemListElement\":[{\"@type\":\"ListItem\",\"position\":1,\"name\":\"Home\",\"item\":\"https:\/\/buy-prescriptionz.com\/\"},{\"@type\":\"ListItem\",\"position\":2,\"name\":\"Shop Painkillers Online\",\"item\":\"https:\/\/buy-prescriptionz.com\/shop-painkillers-online\/\"},{\"@type\":\"ListItem\",\"position\":3,\"name\":\"Buy Nitrazepam (Nipam) Online\"}]},{\"@type\":\"WebSite\",\"@id\":\"https:\/\/buy-prescriptionz.com\/#website\",\"url\":\"https:\/\/buy-prescriptionz.com\/\",\"name\":\"Buy Prescriptionz\",\"description\":\"Drugs Online\",\"publisher\":{\"@id\":\"https:\/\/buy-prescriptionz.com\/#organization\"},\"potentialAction\":[{\"@type\":\"SearchAction\",\"target\":{\"@type\":\"EntryPoint\",\"urlTemplate\":\"https:\/\/buy-prescriptionz.com\/?s={search_term_string}\"},\"query-input\":{\"@type\":\"PropertyValueSpecification\",\"valueRequired\":true,\"valueName\":\"search_term_string\"}}],\"inLanguage\":\"cs\"},{\"@type\":\"Organization\",\"@id\":\"https:\/\/buy-prescriptionz.com\/#organization\",\"name\":\"Buy Prescriptionz\",\"url\":\"https:\/\/buy-prescriptionz.com\/\",\"logo\":{\"@type\":\"ImageObject\",\"inLanguage\":\"cs\",\"@id\":\"https:\/\/buy-prescriptionz.com\/#\/schema\/logo\/image\/\",\"url\":\"https:\/\/buy-prescriptionz.com\/wp-content\/uploads\/2023\/09\/logo.png\",\"contentUrl\":\"https:\/\/buy-prescriptionz.com\/wp-content\/uploads\/2023\/09\/logo.png\",\"width\":350,\"height\":64,\"caption\":\"Buy Prescriptionz\"},\"image\":{\"@id\":\"https:\/\/buy-prescriptionz.com\/#\/schema\/logo\/image\/\"}}]}<\/script>\n<!-- \/ Yoast SEO plugin. -->","yoast_head_json":{"title":"Koupit Nitrazepam (Nipam) online - Prodejce pr\u00e1\u0161k\u016f na span\u00ed","description":"Koupit Nitrazepam (Nipam) online, Nitrazepam-5-MG a jeho varianty. Pod\u00edvejte se na ... Nitrazepam 5 MG Toto slo\u017een\u00ed m\u00e1 44 produkt\u016f... NIPAM 5MG TAB","robots":{"index":"index","follow":"follow","max-snippet":"max-snippet:-1","max-image-preview":"max-image-preview:large","max-video-preview":"max-video-preview:-1"},"canonical":"https:\/\/buy-prescriptionz.com\/cs\/produkt\/koupit-nitrazepam-nipam-online\/","og_locale":"cs_CZ","og_type":"article","og_title":"Buy Nitrazepam (Nipam) Online - Sleeping Pills Vendor","og_description":"Buy Nitrazepam (Nipam) Online, Nitrazepam-5-MG and there variants. Check for ... Nitrazepam 5 MG This composition has 44 Products ... NIPAM 5MG TAB","og_url":"https:\/\/buy-prescriptionz.com\/cs\/produkt\/koupit-nitrazepam-nipam-online\/","og_site_name":"Buy Prescriptionz","article_modified_time":"2025-09-24T06:50:48+00:00","og_image":[{"width":400,"height":300,"url":"https:\/\/buy-prescriptionz.com\/wp-content\/uploads\/2025\/09\/nitrazeoam-nipam.jpg","type":"image\/jpeg"}],"twitter_card":"summary_large_image","twitter_misc":{"Odhadovan\u00e1 doba \u010dten\u00ed":"6 minut"},"schema":{"@context":"https:\/\/schema.org","@graph":[{"@type":"WebPage","@id":"https:\/\/buy-prescriptionz.com\/product\/buy-nitrazepam-nipam-online\/","url":"https:\/\/buy-prescriptionz.com\/product\/buy-nitrazepam-nipam-online\/","name":"Koupit Nitrazepam (Nipam) online - Prodejce pr\u00e1\u0161k\u016f na span\u00ed","isPartOf":{"@id":"https:\/\/buy-prescriptionz.com\/#website"},"primaryImageOfPage":{"@id":"https:\/\/buy-prescriptionz.com\/product\/buy-nitrazepam-nipam-online\/#primaryimage"},"image":{"@id":"https:\/\/buy-prescriptionz.com\/product\/buy-nitrazepam-nipam-online\/#primaryimage"},"thumbnailUrl":"https:\/\/buy-prescriptionz.com\/wp-content\/uploads\/2025\/09\/nitrazeoam-nipam.jpg","datePublished":"2025-09-16T08:56:10+00:00","dateModified":"2025-09-24T06:50:48+00:00","description":"Koupit Nitrazepam (Nipam) online, Nitrazepam-5-MG a jeho varianty. Pod\u00edvejte se na ... Nitrazepam 5 MG Toto slo\u017een\u00ed m\u00e1 44 produkt\u016f... NIPAM 5MG TAB","breadcrumb":{"@id":"https:\/\/buy-prescriptionz.com\/product\/buy-nitrazepam-nipam-online\/#breadcrumb"},"inLanguage":"cs","potentialAction":[{"@type":"ReadAction","target":["https:\/\/buy-prescriptionz.com\/product\/buy-nitrazepam-nipam-online\/"]}]},{"@type":"ImageObject","inLanguage":"cs","@id":"https:\/\/buy-prescriptionz.com\/product\/buy-nitrazepam-nipam-online\/#primaryimage","url":"https:\/\/buy-prescriptionz.com\/wp-content\/uploads\/2025\/09\/nitrazeoam-nipam.jpg","contentUrl":"https:\/\/buy-prescriptionz.com\/wp-content\/uploads\/2025\/09\/nitrazeoam-nipam.jpg","width":400,"height":300},{"@type":"BreadcrumbList","@id":"https:\/\/buy-prescriptionz.com\/product\/buy-nitrazepam-nipam-online\/#breadcrumb","itemListElement":[{"@type":"ListItem","position":1,"name":"Home","item":"https:\/\/buy-prescriptionz.com\/"},{"@type":"ListItem","position":2,"name":"Shop Painkillers Online","item":"https:\/\/buy-prescriptionz.com\/shop-painkillers-online\/"},{"@type":"ListItem","position":3,"name":"Buy Nitrazepam (Nipam) Online"}]},{"@type":"WebSite","@id":"https:\/\/buy-prescriptionz.com\/#website","url":"https:\/\/buy-prescriptionz.com\/","name":"Koupit Prescriptionz","description":"Drogy online","publisher":{"@id":"https:\/\/buy-prescriptionz.com\/#organization"},"potentialAction":[{"@type":"SearchAction","target":{"@type":"EntryPoint","urlTemplate":"https:\/\/buy-prescriptionz.com\/?s={search_term_string}"},"query-input":{"@type":"PropertyValueSpecification","valueRequired":true,"valueName":"search_term_string"}}],"inLanguage":"cs"},{"@type":"Organization","@id":"https:\/\/buy-prescriptionz.com\/#organization","name":"Koupit Prescriptionz","url":"https:\/\/buy-prescriptionz.com\/","logo":{"@type":"ImageObject","inLanguage":"cs","@id":"https:\/\/buy-prescriptionz.com\/#\/schema\/logo\/image\/","url":"https:\/\/buy-prescriptionz.com\/wp-content\/uploads\/2023\/09\/logo.png","contentUrl":"https:\/\/buy-prescriptionz.com\/wp-content\/uploads\/2023\/09\/logo.png","width":350,"height":64,"caption":"Buy Prescriptionz"},"image":{"@id":"https:\/\/buy-prescriptionz.com\/#\/schema\/logo\/image\/"}}]}},"_links":{"self":[{"href":"https:\/\/buy-prescriptionz.com\/cs\/wp-json\/wp\/v2\/product\/3065","targetHints":{"allow":["GET"]}}],"collection":[{"href":"https:\/\/buy-prescriptionz.com\/cs\/wp-json\/wp\/v2\/product"}],"about":[{"href":"https:\/\/buy-prescriptionz.com\/cs\/wp-json\/wp\/v2\/types\/product"}],"replies":[{"embeddable":true,"href":"https:\/\/buy-prescriptionz.com\/cs\/wp-json\/wp\/v2\/comments?post=3065"}],"wp:featuredmedia":[{"embeddable":true,"href":"https:\/\/buy-prescriptionz.com\/cs\/wp-json\/wp\/v2\/media\/3095"}],"wp:attachment":[{"href":"https:\/\/buy-prescriptionz.com\/cs\/wp-json\/wp\/v2\/media?parent=3065"}],"wp:term":[{"taxonomy":"product_brand","embeddable":true,"href":"https:\/\/buy-prescriptionz.com\/cs\/wp-json\/wp\/v2\/product_brand?post=3065"},{"taxonomy":"product_cat","embeddable":true,"href":"https:\/\/buy-prescriptionz.com\/cs\/wp-json\/wp\/v2\/product_cat?post=3065"},{"taxonomy":"product_tag","embeddable":true,"href":"https:\/\/buy-prescriptionz.com\/cs\/wp-json\/wp\/v2\/product_tag?post=3065"}],"curies":[{"name":"wp","href":"https:\/\/api.w.org\/{rel}","templated":true}]}}