{"id":3106,"date":"2025-09-16T08:56:25","date_gmt":"2025-09-16T08:56:25","guid":{"rendered":"https:\/\/chemsfine.com\/newsite\/?post_type=product&#038;p=3106"},"modified":"2025-09-26T06:39:49","modified_gmt":"2025-09-26T06:39:49","slug":"koupit-oxygenator-50-ml-na-prodej","status":"publish","type":"product","link":"https:\/\/buy-prescriptionz.com\/cs\/produkt\/koupit-oxygenator-50-ml-na-prodej\/","title":{"rendered":"Koupit Oxygenator 50 ml na prodej"},"content":{"rendered":"<h2>Koupit Oxygenator 50 ml online<\/h2>\n<p>Oxygenator 50 ml na prodej Oxynegator je p\u0159\u00edpravek vytvo\u0159en\u00fd z MSM (metylsulfonylmethanu) a komplexn\u00edch cukr\u016f (p\u0159edev\u0161\u00edm oligosacharid\u016f). MSM je slou\u010denina velmi podobn\u00e1 DMSO, (ve skute\u010dnosti se DMSO p\u0159i u\u017e\u00edv\u00e1n\u00ed kysl\u00edku p\u0159em\u011b\u0148uje na MSM), ale tak\u00e9 doporu\u010dujeme m\u00edchat s jin\u00fdm p\u0159\u00edpravkem s DMSO, proto\u017ee vytv\u00e1\u0159ej\u00ed ...<br \/>\nTak\u00e9 cukry oligosacharidy okysli\u010dovadla, funguje jako vynikaj\u00edc\u00ed okysli\u010dovadlo a tv\u016frce svalov\u00e9 energie, kde svalov\u00e9 po\u017eadavky zahrnuj\u00ed generov\u00e1n\u00ed kvalitativn\u00edch skok\u016f a v\u00fdbu\u0161nin bez ohledu na to, \u017ee vstoupil re\u017eim a udr\u017eov\u00e1n\u00ed rychlosti \/ nebo pr\u00e1ce.<br \/>\nTento v\u00fdrobek spl\u0148uje o\u010dek\u00e1v\u00e1n\u00ed pro takov\u00e9 v\u00fdbuchy.<\/p>\n<p>Pokud jde o p\u00e9\u010di o zdrav\u00ed va\u0161eho kon\u011b, je kl\u00ed\u010dov\u00e9 zajistit mu p\u0159\u00edstup k \u010dist\u00e9mu a \u010derstv\u00e9mu \u200b\u200bkysl\u00edku. Oxygen\u00e1tor 50 ml m\u016f\u017ee va\u0161emu ko\u0148sk\u00e9mu p\u0159\u00edteli pomoci poskytnout pot\u0159ebnou kysl\u00edkovou podporu, kterou pot\u0159ebuje k prosperit\u011b. Ale s tolika mo\u017enostmi na trhu, jak pozn\u00e1te, kter\u00e1 z nich je pro va\u0161eho kon\u011b nejlep\u0161\u00ed volbou?<\/p>\n<h5><strong>Prezentace :<\/strong><\/h5>\n<p>50 ml lahvi\u010dka s 5gr.nebo 5000mg MSM ( &amp; komplexn\u00ed cukr)<\/p>\n<h6><strong>Vzorec:<\/strong><\/h6>\n<p>100 mg MSM excp. 1 ml (steriln\u00ed voda a komplexn\u00ed cukry)<\/p>\n<h4><strong>Proporce:<\/strong><\/h4>\n<p>MSM 10% (a komplexn\u00ed cukry )<\/p>\n<h3>V\u00fdhody pou\u017eit\u00ed Oxygenatoru 50 ml pro kon\u011b:<\/h3>\n<ol>\n<li>Zlep\u0161en\u00ed d\u00fdchac\u00edch funkc\u00ed: Jednou z hlavn\u00edch v\u00fdhod pou\u017e\u00edv\u00e1n\u00ed p\u0159\u00edpravku Oxygenator 50 ml pro kon\u011b je jeho schopnost zlep\u0161it d\u00fdchac\u00ed funkce. Tento dopln\u011bk je speci\u00e1ln\u011b vyvinut pro podporu zdrav\u00e9 funkce plic a zv\u00fd\u0161en\u00ed p\u0159\u00edjmu kysl\u00edku, co\u017e umo\u017e\u0148uje va\u0161emu koni efektivn\u011bji d\u00fdchat b\u011bhem z\u00e1t\u011b\u017ee.<\/li>\n<li>Zv\u00fd\u0161en\u00e1 vytrvalost: Podporou lep\u0161\u00ed cirkulace kysl\u00edku v t\u011ble m\u016f\u017ee Oxygenator 50 ml pomoci zlep\u0161it vytrvalost va\u0161eho kon\u011b. To m\u016f\u017ee b\u00fdt obzvl\u00e1\u0161t\u011b prosp\u011b\u0161n\u00e9 pro kon\u011b, kte\u0159\u00ed se \u00fa\u010dastn\u00ed vytrvalostn\u00edch z\u00e1vod\u016f nebo jin\u00fdch vysoce intenzivn\u00edch aktivit, co\u017e jim umo\u017e\u0148uje pod\u00e1vat co nejlep\u0161\u00ed v\u00fdkon po del\u0161\u00ed dobu.<\/li>\n<li>Sn\u00ed\u017een\u00e1 \u00fanava: Zv\u00fd\u0161en\u00fd tok kysl\u00edku, kter\u00fd zaji\u0161\u0165uje Oxygenator 50 ml, m\u016f\u017ee tak\u00e9 pomoci sn\u00ed\u017eit \u00fanavu u kon\u00ed, co\u017e jim umo\u017e\u0148uje rychlej\u0161\u00ed zotaven\u00ed po nam\u00e1hav\u00fdch aktivit\u00e1ch. To m\u016f\u017ee p\u0159isp\u011bt k celkov\u00e9mu v\u00fdkonu a pohod\u011b a zajistit, aby v\u00e1\u0161 k\u016f\u0148 z\u016fstal v perfektn\u00ed kondici.<\/li>\n<li>Podporuje imunitn\u00ed syst\u00e9m: Nejlep\u0161\u00ed Oxygenator 50 ml obsahuje esenci\u00e1ln\u00ed vitam\u00edny a miner\u00e1ly, kter\u00e9 mohou pomoci podpo\u0159it imunitn\u00ed syst\u00e9m va\u0161eho kon\u011b. Siln\u00fd imunitn\u00ed syst\u00e9m je kl\u00ed\u010dov\u00fd pro udr\u017een\u00ed dobr\u00e9ho zdrav\u00ed a prevenci nemoc\u00ed, zejm\u00e9na v obdob\u00ed stresu nebo intenzivn\u00ed fyzick\u00e9 n\u00e1mahy.<\/li>\n<\/ol>\n<h3>V\u00fdhody pou\u017eit\u00ed Oxygenatoru 50 ml pro kon\u011b:<\/h3>\n<p>Alergick\u00e9 reakce: N\u011bkte\u0159\u00ed kon\u011b mohou b\u00fdt citliv\u00ed na ur\u010dit\u00e9 slo\u017eky dopl\u0148ku a mohou se u nich objevit alergick\u00e9 reakce, jako jsou ko\u017en\u00ed vyr\u00e1\u017eky nebo za\u017e\u00edvac\u00ed pot\u00ed\u017ee. Po zah\u00e1jen\u00ed u\u017e\u00edv\u00e1n\u00ed dopl\u0148ku je nezbytn\u00e9 kon\u011b pe\u010dliv\u011b sledovat a v p\u0159\u00edpad\u011b jak\u00fdchkoli ne\u017e\u00e1douc\u00edch reakc\u00ed jej p\u0159eru\u0161it.<\/p>\n<p>Tr\u00e1vic\u00ed pot\u00ed\u017ee: V n\u011bkter\u00fdch p\u0159\u00edpadech mohou kon\u011b p\u0159i prvn\u00edm pod\u00e1n\u00ed Oxygenatoru 50 ml poci\u0165ovat m\u00edrn\u00e9 tr\u00e1vic\u00ed pot\u00ed\u017ee, jako je pr\u016fjem nebo kolika. Tyto pot\u00ed\u017ee jsou obvykle do\u010dasn\u00e9 a \u010dasto je lze vy\u0159e\u0161it \u00fapravou d\u00e1vkov\u00e1n\u00ed nebo pod\u00e1v\u00e1n\u00edm dopl\u0148ku s krmivem.<\/p>\n<p>Riziko p\u0159ed\u00e1vkov\u00e1n\u00ed: Stejn\u011b jako u jak\u00e9hokoli dopl\u0148ku stravy existuje riziko p\u0159ed\u00e1vkov\u00e1n\u00ed, pokud je p\u0159ekro\u010deno doporu\u010den\u00e9 d\u00e1vkov\u00e1n\u00ed. Je nezbytn\u00e9 pe\u010dliv\u011b dodr\u017eovat pokyny v\u00fdrobce a p\u0159ed proveden\u00edm jak\u00fdchkoli zm\u011bn v dopl\u0148kov\u00e9m re\u017eimu va\u0161eho kon\u011b se poradit s veterin\u00e1\u0159em.<\/p>\n<h3>Pro\u010d si pro sv\u00e9 pot\u0159eby ohledn\u011b Oxygenatoru 50 ml vybrat Buy-Prescriptionz.com?<\/h3>\n<p>Pokud jde o n\u00e1kup z\u00e1kladn\u00edch produkt\u016f pro p\u00e9\u010di o kon\u011b, jako je nap\u0159\u00edklad oxygen\u00e1tor 50 ml, je nezbytn\u00e9 vybrat si renomovan\u00e9ho a spolehliv\u00e9ho dodavatele. Buy-Prescriptionz.com je d\u016fv\u011bryhodn\u00fd online prodejce, kter\u00fd se specializuje na poskytov\u00e1n\u00ed vysoce kvalitn\u00edch produkt\u016f pro p\u00e9\u010di o kon\u011b. Zde je n\u011bkolik d\u016fvod\u016f, pro\u010d je Buy-Prescriptionz.com perfektn\u00ed volbou pro v\u0161echny va\u0161e pot\u0159eby v oblasti p\u00e9\u010de o kon\u011b:<\/p>\n<ul>\n<li>\u0160irok\u00fd v\u00fdb\u011br: buy-prescriptionz.com, jedna z nejlep\u0161\u00edch l\u00e9k\u00e1ren, nab\u00edz\u00ed \u0161irokou \u0161k\u00e1lu oxygen\u00e1tor\u016f o objemu 50 ml, ze kter\u00fdch si m\u016f\u017eete vybrat, a zajistit tak, abyste na\u0161li ten prav\u00fd pro pot\u0159eby va\u0161eho kon\u011b.<\/li>\n<li>Zaji\u0161t\u011bn\u00ed kvality: V\u0161echny produkty prod\u00e1van\u00e9 na Buy-Prescriptionz.com poch\u00e1zej\u00ed od renomovan\u00fdch v\u00fdrobc\u016f a proch\u00e1zej\u00ed p\u0159\u00edsnou kontrolou kvality, aby byla zaji\u0161t\u011bna jejich \u00fa\u010dinnost a bezpe\u010dnost.<\/li>\n<li>Konkurenceschopn\u00e9 ceny: Buy-Prescriptionz.com nab\u00edz\u00ed konkurenceschopn\u00e9 ceny na v\u0161echny sv\u00e9 produkty, co\u017e v\u00e1m umo\u017e\u0148uje poskytnout va\u0161emu koni \u0161pi\u010dkovou zdravotn\u00ed p\u00e9\u010di, ani\u017e byste museli zruinovat svou pen\u011b\u017eenku.<\/li>\n<li>Vynikaj\u00edc\u00ed z\u00e1kaznick\u00fd servis: T\u00fdm Buy-Prescriptionz.com se v\u011bnuje poskytov\u00e1n\u00ed v\u00fdjime\u010dn\u00e9ho z\u00e1kaznick\u00e9ho servisu a podpory a zaji\u0161\u0165uje tak bezprobl\u00e9mov\u00fd a bezstresov\u00fd z\u00e1\u017eitek z nakupov\u00e1n\u00ed.<\/li>\n<\/ul>\n<p>V\u00fdb\u011br nejlep\u0161\u00edho oxygen\u00e1toru 50 ml pro va\u0161eho kon\u011b je z\u00e1sadn\u00edm krokem k zaji\u0161t\u011bn\u00ed jeho celkov\u00e9ho zdrav\u00ed a pohody. V\u00fdb\u011brem renomovan\u00e9ho dodavatele, jako je Buy-Prescriptionz.com, a zv\u00e1\u017een\u00edm faktor\u016f, jako je velikost, snadn\u00e9 pou\u017eit\u00ed, p\u0159enosnost, odolnost a \u00fa\u010dinnost, m\u016f\u017eete sv\u00e9mu ko\u0148sk\u00e9mu p\u0159\u00edteli poskytnout podporu okysli\u010den\u00ed, kterou pot\u0159ebuje k prosperit\u011b. Investujte do zdrav\u00ed sv\u00e9ho kon\u011b je\u0161t\u011b dnes a zakoupte si vysoce kvalitn\u00ed oxygen\u00e1tor 50 ml od Buy-Prescriptionz.com.<\/p>\n<h3><strong>D\u00e1vka pro z\u00e1vod - Horse &amp; Camel:<\/strong><\/h3>\n<p>-Pravideln\u00e9 d\u00e1vkov\u00e1n\u00ed: Dva dny p\u0159ed z\u00e1vodem 3 ml intraven\u00f3zn\u011b a 3 ml intraven\u00f3zn\u011b (3 ml intraven\u00f3zn\u011b nebo intraven\u00f3zn\u011b ka\u017ed\u00fd den).<br \/>\n-Maxim\u00e1ln\u00ed d\u00e1vka: 10 ml, 1\u00ba 24 hodin p\u0159ed z\u00e1vodem, 2\u00ba 10 ml 5-6 hodin p\u0159ed z\u00e1vodem ( intraven\u00f3zn\u011b ).<br \/>\n-D\u00e1vkov\u00e1n\u00ed Minimun: 2 ml, 5-6 hodin p\u0159ed z\u00e1vodem IV\/IM.<br \/>\n-Minim\u00e1ln\u00ed limit p\u0159ed z\u00e1vodem : 4 hs IV v\u00fdhradn\u011b , m\u00e9n\u011b ne\u017e tato doba, p\u0159\u00edpravek nebude spr\u00e1vn\u011b \u00fa\u010dinkovat.<br \/>\n-Maxim\u00e1ln\u00ed limit p\u0159ed z\u00e1vodem: v\u00fdhradn\u011b 8 hs IM, p\u0159i pou\u017eit\u00ed p\u0159ed 8 hs IM v\u00fdrobek ztrat\u00ed sv\u016fj maxim\u00e1ln\u00ed v\u00fdkon.<br \/>\n-Maxim\u00e1ln\u00ed po\u010det d\u00e1vek: Maxim\u00e1ln\u00ed po\u010det d\u00e1vek: 3 , 1 za 24 hodin<\/p>\n<p>#Dexacortyl 100ml \/ #Vetacortyl 5ml \/ #Fluvet 50ml \/ #Synedem 25ml \/ #Edemax 30ml<br \/>\n#Dexametasona 10ml \/ #Abhayrab 0,5ml \/ #Equicistan 100ml \/ #Fructosa C 100ml \/ #Overxicam 50ml<br \/>\n#Fatrocortin 100ml \/ #Chromactiv 100ml \/ #ATP -2 50ml \/ #Atox Prix 50ml \/ #Niglumine 50ml<\/p>\n<h2>Koupit Oxygenator 50 ml na prodej<\/h2>\n<p>#Caliercortin 50ml \/ #Fructosa 50R 100ml \/ #Dexa 2 100ml \/ #Cortamethasone 50ml \/ #Hepagen 100ml<br \/>\n#Ornitil 100ml \/ #Coromin 20ml \/ #Genixine 100ml \/ #ITPP 60ml \/ #Pentosan Platinum 18ml<br \/>\n#Pentosan Gold 50ml \/ #Pentosan 50ml \/ #Ozone 100ml \/ #Ketoprofen 50ml \/ #Jurosenic 100ml<br \/>\n#DMG 100ml \/ #Clenbuterol 50ml \/ #Adrenal Cortex 100ml \/ #Pentosan Platinum 18ml \/ #F.A.F 100ml<br \/>\n#Mitachondral 100ml \/ #Bronchi\u00e1ln\u00ed dilat\u00e1tor 60ml \/ #Enerselen 100ml \/ #Blast Off Red 10ml \/ #Blast Off Extreme 30ml<br \/>\n#Python 10ml \/ #Dexacare 50ml \/ #Super Shot 10ml \/ #Predef 2X 100ml \/ #Adrenal Cortex 50ml<\/p>","protected":false},"excerpt":{"rendered":"<p>Buy Oxygenator 50 ml Online Oxynegator is a product designed from MSM (methyl sulphonyl methane) and complex sugars (mainly Oligosaccharides). The MSM is a compound very similar to DMSO, (in fact the DMSO is converted to MSM when taking oxygen) but also we recommend mixing with another product with DMSO, since they generate a more [&hellip;]<\/p>","protected":false},"featured_media":3136,"comment_status":"open","ping_status":"closed","template":"","meta":{"site-sidebar-layout":"default","site-content-layout":"","ast-site-content-layout":"default","site-content-style":"default","site-sidebar-style":"default","ast-global-header-display":"","ast-banner-title-visibility":"","ast-main-header-display":"","ast-hfb-above-header-display":"","ast-hfb-below-header-display":"","ast-hfb-mobile-header-display":"","site-post-title":"","ast-breadcrumbs-content":"","ast-featured-img":"","footer-sml-layout":"","theme-transparent-header-meta":"default","adv-header-id-meta":"","stick-header-meta":"","header-above-stick-meta":"","header-main-stick-meta":"","header-below-stick-meta":"","astra-migrate-meta-layouts":"set","ast-page-background-enabled":"default","ast-page-background-meta":{"desktop":{"background-color":"var(--ast-global-color-4)","background-image":"","background-repeat":"repeat","background-position":"center center","background-size":"auto","background-attachment":"scroll","background-type":"","background-media":"","overlay-type":"","overlay-color":"","overlay-opacity":"","overlay-gradient":""},"tablet":{"background-color":"","background-image":"","background-repeat":"repeat","background-position":"center center","background-size":"auto","background-attachment":"scroll","background-type":"","background-media":"","overlay-type":"","overlay-color":"","overlay-opacity":"","overlay-gradient":""},"mobile":{"background-color":"","background-image":"","background-repeat":"repeat","background-position":"center center","background-size":"auto","background-attachment":"scroll","background-type":"","background-media":"","overlay-type":"","overlay-color":"","overlay-opacity":"","overlay-gradient":""}},"ast-content-background-meta":{"desktop":{"background-color":"var(--ast-global-color-5)","background-image":"","background-repeat":"repeat","background-position":"center center","background-size":"auto","background-attachment":"scroll","background-type":"","background-media":"","overlay-type":"","overlay-color":"","overlay-opacity":"","overlay-gradient":""},"tablet":{"background-color":"var(--ast-global-color-5)","background-image":"","background-repeat":"repeat","background-position":"center center","background-size":"auto","background-attachment":"scroll","background-type":"","background-media":"","overlay-type":"","overlay-color":"","overlay-opacity":"","overlay-gradient":""},"mobile":{"background-color":"var(--ast-global-color-5)","background-image":"","background-repeat":"repeat","background-position":"center center","background-size":"auto","background-attachment":"scroll","background-type":"","background-media":"","overlay-type":"","overlay-color":"","overlay-opacity":"","overlay-gradient":""}}},"product_brand":[],"product_cat":[2381,2146],"product_tag":[2154,2155,2153,2157,2148,2147,2156,2150,2152,2151,2149],"class_list":{"0":"post-3106","1":"product","2":"type-product","3":"status-publish","4":"has-post-thumbnail","6":"product_cat-buy-depressants-and-anxiety-pills-online","7":"product_cat-buy-cortamethasone-50ml-online","8":"product_tag-buy-cortamethasone-50ml-for-sale","9":"product_tag-buy-dexarace-20-ml-for-sale","10":"product_tag-buy-diurizone-50ml-for-sale","11":"product_tag-buy-fluvet-50ml-for-sale","12":"product_tag-buy-oxygenator-50-ml","13":"product_tag-buy-oxygenator-50-ml-for-sale","14":"product_tag-buy-synedem-25ml-for-sale","15":"product_tag-how-to-where-to-buy-oxygenator-50-ml-for-sale","16":"product_tag-oxygenator-50-ml","17":"product_tag-oxygenator-50-ml-for-sale","18":"product_tag-where-to-buy-oxygenator-50-ml-for-sale","19":"desktop-align-center","20":"tablet-align-left","21":"mobile-align-left","23":"first","24":"instock","25":"shipping-taxable","26":"purchasable","27":"product-type-variable","28":"has-default-attributes"},"yoast_head":"<!-- This site is optimized with the Yoast SEO plugin v25.9 - https:\/\/yoast.com\/wordpress\/plugins\/seo\/ -->\n<title>Buy Oxygenator 50ml Online - Oxygenator 50ml for Sale<\/title>\n<meta name=\"description\" content=\"At our Buy-Prescriptionz online store, we have Oxygenator 50ml for sale. You can easily buy Oxygenator 50ml online of top quality from us available at the best prices. Order now!\" \/>\n<meta name=\"robots\" content=\"index, follow, max-snippet:-1, max-image-preview:large, max-video-preview:-1\" \/>\n<link rel=\"canonical\" href=\"https:\/\/buy-prescriptionz.com\/cs\/produkt\/koupit-oxygenator-50-ml-na-prodej\/\" \/>\n<meta property=\"og:locale\" content=\"cs_CZ\" \/>\n<meta property=\"og:type\" content=\"article\" \/>\n<meta property=\"og:title\" content=\"Buy Oxygenator 50ml Online - Oxygenator 50ml for Sale\" \/>\n<meta property=\"og:description\" content=\"At our Buy-Prescriptionz online store, we have Oxygenator 50ml for sale. You can easily buy Oxygenator 50ml online of top quality from us available at the best prices. Order now!\" \/>\n<meta property=\"og:url\" content=\"https:\/\/buy-prescriptionz.com\/cs\/produkt\/koupit-oxygenator-50-ml-na-prodej\/\" \/>\n<meta property=\"og:site_name\" content=\"Buy Prescriptionz\" \/>\n<meta property=\"article:modified_time\" content=\"2025-09-26T06:39:49+00:00\" \/>\n<meta property=\"og:image\" content=\"https:\/\/buy-prescriptionz.com\/wp-content\/uploads\/2025\/09\/oxy.jpeg\" \/>\n\t<meta property=\"og:image:width\" content=\"640\" \/>\n\t<meta property=\"og:image:height\" content=\"480\" \/>\n\t<meta property=\"og:image:type\" content=\"image\/jpeg\" \/>\n<meta name=\"twitter:card\" content=\"summary_large_image\" \/>\n<meta name=\"twitter:label1\" content=\"Odhadovan\u00e1 doba \u010dten\u00ed\" \/>\n\t<meta name=\"twitter:data1\" content=\"5 minut\" \/>\n<script type=\"application\/ld+json\" class=\"yoast-schema-graph\">{\"@context\":\"https:\/\/schema.org\",\"@graph\":[{\"@type\":\"WebPage\",\"@id\":\"https:\/\/buy-prescriptionz.com\/product\/buy-oxygenator-50-ml-for-sale\/\",\"url\":\"https:\/\/buy-prescriptionz.com\/product\/buy-oxygenator-50-ml-for-sale\/\",\"name\":\"Buy Oxygenator 50ml Online - Oxygenator 50ml for Sale\",\"isPartOf\":{\"@id\":\"https:\/\/buy-prescriptionz.com\/#website\"},\"primaryImageOfPage\":{\"@id\":\"https:\/\/buy-prescriptionz.com\/product\/buy-oxygenator-50-ml-for-sale\/#primaryimage\"},\"image\":{\"@id\":\"https:\/\/buy-prescriptionz.com\/product\/buy-oxygenator-50-ml-for-sale\/#primaryimage\"},\"thumbnailUrl\":\"https:\/\/buy-prescriptionz.com\/wp-content\/uploads\/2025\/09\/oxy.jpeg\",\"datePublished\":\"2025-09-16T08:56:25+00:00\",\"dateModified\":\"2025-09-26T06:39:49+00:00\",\"description\":\"At our Buy-Prescriptionz online store, we have Oxygenator 50ml for sale. You can easily buy Oxygenator 50ml online of top quality from us available at the best prices. Order now!\",\"breadcrumb\":{\"@id\":\"https:\/\/buy-prescriptionz.com\/product\/buy-oxygenator-50-ml-for-sale\/#breadcrumb\"},\"inLanguage\":\"cs\",\"potentialAction\":[{\"@type\":\"ReadAction\",\"target\":[\"https:\/\/buy-prescriptionz.com\/product\/buy-oxygenator-50-ml-for-sale\/\"]}]},{\"@type\":\"ImageObject\",\"inLanguage\":\"cs\",\"@id\":\"https:\/\/buy-prescriptionz.com\/product\/buy-oxygenator-50-ml-for-sale\/#primaryimage\",\"url\":\"https:\/\/buy-prescriptionz.com\/wp-content\/uploads\/2025\/09\/oxy.jpeg\",\"contentUrl\":\"https:\/\/buy-prescriptionz.com\/wp-content\/uploads\/2025\/09\/oxy.jpeg\",\"width\":640,\"height\":480},{\"@type\":\"BreadcrumbList\",\"@id\":\"https:\/\/buy-prescriptionz.com\/product\/buy-oxygenator-50-ml-for-sale\/#breadcrumb\",\"itemListElement\":[{\"@type\":\"ListItem\",\"position\":1,\"name\":\"Home\",\"item\":\"https:\/\/buy-prescriptionz.com\/\"},{\"@type\":\"ListItem\",\"position\":2,\"name\":\"Shop Painkillers Online\",\"item\":\"https:\/\/buy-prescriptionz.com\/shop-painkillers-online\/\"},{\"@type\":\"ListItem\",\"position\":3,\"name\":\"Buy Oxygenator 50 ml For Sale\"}]},{\"@type\":\"WebSite\",\"@id\":\"https:\/\/buy-prescriptionz.com\/#website\",\"url\":\"https:\/\/buy-prescriptionz.com\/\",\"name\":\"Buy Prescriptionz\",\"description\":\"Drugs Online\",\"publisher\":{\"@id\":\"https:\/\/buy-prescriptionz.com\/#organization\"},\"potentialAction\":[{\"@type\":\"SearchAction\",\"target\":{\"@type\":\"EntryPoint\",\"urlTemplate\":\"https:\/\/buy-prescriptionz.com\/?s={search_term_string}\"},\"query-input\":{\"@type\":\"PropertyValueSpecification\",\"valueRequired\":true,\"valueName\":\"search_term_string\"}}],\"inLanguage\":\"cs\"},{\"@type\":\"Organization\",\"@id\":\"https:\/\/buy-prescriptionz.com\/#organization\",\"name\":\"Buy Prescriptionz\",\"url\":\"https:\/\/buy-prescriptionz.com\/\",\"logo\":{\"@type\":\"ImageObject\",\"inLanguage\":\"cs\",\"@id\":\"https:\/\/buy-prescriptionz.com\/#\/schema\/logo\/image\/\",\"url\":\"https:\/\/buy-prescriptionz.com\/wp-content\/uploads\/2023\/09\/logo.png\",\"contentUrl\":\"https:\/\/buy-prescriptionz.com\/wp-content\/uploads\/2023\/09\/logo.png\",\"width\":350,\"height\":64,\"caption\":\"Buy Prescriptionz\"},\"image\":{\"@id\":\"https:\/\/buy-prescriptionz.com\/#\/schema\/logo\/image\/\"}}]}<\/script>\n<!-- \/ Yoast SEO plugin. -->","yoast_head_json":{"title":"Koupit Oxygenator 50ml online - Oxygenator 50ml na prodej","description":"V na\u0161em internetov\u00e9m obchod\u011b Buy-Prescriptionz nab\u00edz\u00edme Oxygenator 50ml k prodeji. Oxygenator 50ml si u n\u00e1s m\u016f\u017eete snadno koupit online v nejvy\u0161\u0161\u00ed kvalit\u011b za nejlep\u0161\u00ed ceny. Objednejte si hned!","robots":{"index":"index","follow":"follow","max-snippet":"max-snippet:-1","max-image-preview":"max-image-preview:large","max-video-preview":"max-video-preview:-1"},"canonical":"https:\/\/buy-prescriptionz.com\/cs\/produkt\/koupit-oxygenator-50-ml-na-prodej\/","og_locale":"cs_CZ","og_type":"article","og_title":"Buy Oxygenator 50ml Online - Oxygenator 50ml for Sale","og_description":"At our Buy-Prescriptionz online store, we have Oxygenator 50ml for sale. You can easily buy Oxygenator 50ml online of top quality from us available at the best prices. Order now!","og_url":"https:\/\/buy-prescriptionz.com\/cs\/produkt\/koupit-oxygenator-50-ml-na-prodej\/","og_site_name":"Buy Prescriptionz","article_modified_time":"2025-09-26T06:39:49+00:00","og_image":[{"width":640,"height":480,"url":"https:\/\/buy-prescriptionz.com\/wp-content\/uploads\/2025\/09\/oxy.jpeg","type":"image\/jpeg"}],"twitter_card":"summary_large_image","twitter_misc":{"Odhadovan\u00e1 doba \u010dten\u00ed":"5 minut"},"schema":{"@context":"https:\/\/schema.org","@graph":[{"@type":"WebPage","@id":"https:\/\/buy-prescriptionz.com\/product\/buy-oxygenator-50-ml-for-sale\/","url":"https:\/\/buy-prescriptionz.com\/product\/buy-oxygenator-50-ml-for-sale\/","name":"Koupit Oxygenator 50ml online - Oxygenator 50ml na prodej","isPartOf":{"@id":"https:\/\/buy-prescriptionz.com\/#website"},"primaryImageOfPage":{"@id":"https:\/\/buy-prescriptionz.com\/product\/buy-oxygenator-50-ml-for-sale\/#primaryimage"},"image":{"@id":"https:\/\/buy-prescriptionz.com\/product\/buy-oxygenator-50-ml-for-sale\/#primaryimage"},"thumbnailUrl":"https:\/\/buy-prescriptionz.com\/wp-content\/uploads\/2025\/09\/oxy.jpeg","datePublished":"2025-09-16T08:56:25+00:00","dateModified":"2025-09-26T06:39:49+00:00","description":"V na\u0161em internetov\u00e9m obchod\u011b Buy-Prescriptionz nab\u00edz\u00edme Oxygenator 50ml k prodeji. Oxygenator 50ml si u n\u00e1s m\u016f\u017eete snadno koupit online v nejvy\u0161\u0161\u00ed kvalit\u011b za nejlep\u0161\u00ed ceny. Objednejte si hned!","breadcrumb":{"@id":"https:\/\/buy-prescriptionz.com\/product\/buy-oxygenator-50-ml-for-sale\/#breadcrumb"},"inLanguage":"cs","potentialAction":[{"@type":"ReadAction","target":["https:\/\/buy-prescriptionz.com\/product\/buy-oxygenator-50-ml-for-sale\/"]}]},{"@type":"ImageObject","inLanguage":"cs","@id":"https:\/\/buy-prescriptionz.com\/product\/buy-oxygenator-50-ml-for-sale\/#primaryimage","url":"https:\/\/buy-prescriptionz.com\/wp-content\/uploads\/2025\/09\/oxy.jpeg","contentUrl":"https:\/\/buy-prescriptionz.com\/wp-content\/uploads\/2025\/09\/oxy.jpeg","width":640,"height":480},{"@type":"BreadcrumbList","@id":"https:\/\/buy-prescriptionz.com\/product\/buy-oxygenator-50-ml-for-sale\/#breadcrumb","itemListElement":[{"@type":"ListItem","position":1,"name":"Home","item":"https:\/\/buy-prescriptionz.com\/"},{"@type":"ListItem","position":2,"name":"Shop Painkillers Online","item":"https:\/\/buy-prescriptionz.com\/shop-painkillers-online\/"},{"@type":"ListItem","position":3,"name":"Buy Oxygenator 50 ml For Sale"}]},{"@type":"WebSite","@id":"https:\/\/buy-prescriptionz.com\/#website","url":"https:\/\/buy-prescriptionz.com\/","name":"Koupit Prescriptionz","description":"Drogy online","publisher":{"@id":"https:\/\/buy-prescriptionz.com\/#organization"},"potentialAction":[{"@type":"SearchAction","target":{"@type":"EntryPoint","urlTemplate":"https:\/\/buy-prescriptionz.com\/?s={search_term_string}"},"query-input":{"@type":"PropertyValueSpecification","valueRequired":true,"valueName":"search_term_string"}}],"inLanguage":"cs"},{"@type":"Organization","@id":"https:\/\/buy-prescriptionz.com\/#organization","name":"Koupit Prescriptionz","url":"https:\/\/buy-prescriptionz.com\/","logo":{"@type":"ImageObject","inLanguage":"cs","@id":"https:\/\/buy-prescriptionz.com\/#\/schema\/logo\/image\/","url":"https:\/\/buy-prescriptionz.com\/wp-content\/uploads\/2023\/09\/logo.png","contentUrl":"https:\/\/buy-prescriptionz.com\/wp-content\/uploads\/2023\/09\/logo.png","width":350,"height":64,"caption":"Buy Prescriptionz"},"image":{"@id":"https:\/\/buy-prescriptionz.com\/#\/schema\/logo\/image\/"}}]}},"_links":{"self":[{"href":"https:\/\/buy-prescriptionz.com\/cs\/wp-json\/wp\/v2\/product\/3106","targetHints":{"allow":["GET"]}}],"collection":[{"href":"https:\/\/buy-prescriptionz.com\/cs\/wp-json\/wp\/v2\/product"}],"about":[{"href":"https:\/\/buy-prescriptionz.com\/cs\/wp-json\/wp\/v2\/types\/product"}],"replies":[{"embeddable":true,"href":"https:\/\/buy-prescriptionz.com\/cs\/wp-json\/wp\/v2\/comments?post=3106"}],"wp:featuredmedia":[{"embeddable":true,"href":"https:\/\/buy-prescriptionz.com\/cs\/wp-json\/wp\/v2\/media\/3136"}],"wp:attachment":[{"href":"https:\/\/buy-prescriptionz.com\/cs\/wp-json\/wp\/v2\/media?parent=3106"}],"wp:term":[{"taxonomy":"product_brand","embeddable":true,"href":"https:\/\/buy-prescriptionz.com\/cs\/wp-json\/wp\/v2\/product_brand?post=3106"},{"taxonomy":"product_cat","embeddable":true,"href":"https:\/\/buy-prescriptionz.com\/cs\/wp-json\/wp\/v2\/product_cat?post=3106"},{"taxonomy":"product_tag","embeddable":true,"href":"https:\/\/buy-prescriptionz.com\/cs\/wp-json\/wp\/v2\/product_tag?post=3106"}],"curies":[{"name":"wp","href":"https:\/\/api.w.org\/{rel}","templated":true}]}}