{"id":3111,"date":"2025-09-16T08:56:26","date_gmt":"2025-09-16T08:56:26","guid":{"rendered":"https:\/\/chemsfine.com\/newsite\/?post_type=product&#038;p=3111"},"modified":"2025-09-23T07:05:30","modified_gmt":"2025-09-23T07:05:30","slug":"koupit-naproxen-tablety-online","status":"publish","type":"product","link":"https:\/\/buy-prescriptionz.com\/cs\/produkt\/koupit-naproxen-tablety-online\/","title":{"rendered":"Koupit Naproxen tablety online"},"content":{"rendered":"<h2>Koupit Naproxen tablety online<\/h2>\n<p>Koupit Naproxen tablety online, Naproxen tablety lze koupit online z renomovan\u00e9 l\u00e9k\u00e1rny ve Velk\u00e9 Brit\u00e1nii. Obnoven\u00ed p\u0159edpisu na Naproxen je snadn\u00e9 d\u00edky na\u0161\u00ed online slu\u017eb\u011b soukrom\u00fdch recept\u016f. Sta\u010d\u00ed vyplnit n\u00e1\u0161 online dotazn\u00edk, kter\u00fd bude zkontrolov\u00e1n na\u0161\u00edm online l\u00e9ka\u0159em. Pokud je pro V\u00e1s Naproxen vhodn\u00fd, n\u00e1\u0161 online l\u00e9ka\u0159 V\u00e1m nap\u00ed\u0161e recept, kter\u00fd na\u0161e l\u00e9k\u00e1rna vypln\u00ed. V\u0161echny produkty jsou odes\u00edl\u00e1ny z na\u0161eho skladu ve Velk\u00e9 Brit\u00e1nii.<\/p>\n<p>Naproxen je analgetikum, kter\u00e9 p\u016fsob\u00ed tak\u00e9 protiz\u00e1n\u011btliv\u011b. \u010casto se pou\u017e\u00edv\u00e1 ke zm\u00edrn\u011bn\u00ed bolesti kloub\u016f, nap\u0159\u00edklad p\u0159i revmatoidn\u00ed artritid\u011b, osteoartritid\u011b nebo dn\u011b.<\/p>\n<p>Naproxen 250 mg a naproxen 500 mg jsou k dispozici ke koupi online v na\u0161\u00ed online l\u00e9k\u00e1rn\u011b. Pokud si nejste jisti, kter\u00e1 d\u00e1vka je pro v\u00e1s nejvhodn\u011bj\u0161\u00ed, n\u00e1\u0161 online l\u00e9ka\u0159 v\u00e1m ur\u010d\u00ed vhodnou d\u00e1vku.<\/p>\n<h3>Jak naproxen \u00fa\u010dinkuje?<\/h3>\n<p>Naproxen pat\u0159\u00ed do skupiny l\u00e9k\u016f zn\u00e1m\u00fdch jako nesteroidn\u00ed protiz\u00e1n\u011btliv\u00e9 l\u00e9ky (NSAID). Tyto l\u00e9ky se pou\u017e\u00edvaj\u00ed ke zm\u00edrn\u011bn\u00ed bolesti a z\u00e1n\u011btu v cel\u00e9m t\u011ble.<\/p>\n<p>Naproxen p\u016fsob\u00ed tak, \u017ee inhibuje enzym v t\u011ble, kter\u00fd produkuje l\u00e1tky zn\u00e1m\u00e9 jako prostaglandiny. Prostaglandiny jsou produkov\u00e1ny v reakci na po\u0161kozen\u00ed tk\u00e1n\u011b a zp\u016fsobuj\u00ed bolest a z\u00e1n\u011bt, kdy\u017e jsou pr<a href=\"https:\/\/buy-prescriptionz.com\/cs\/\">e<\/a>odesl\u00e1no.<\/p>\n<p>Synt\u00e9za prostaglandin\u016f v t\u011ble se sni\u017euje blokov\u00e1n\u00edm ur\u010dit\u00e9ho enzymu zvan\u00e9ho cyklooxygen\u00e1za (COX), co\u017e sni\u017euje bolest a z\u00e1n\u011bt.<\/p>\n<p>Zat\u00edmco po u\u017eit\u00ed naproxenu se m\u016f\u017eete c\u00edtit l\u00e9pe b\u011bhem hodiny, p\u0159i ka\u017edodenn\u00edm u\u017e\u00edv\u00e1n\u00ed m\u016f\u017ee trvat mnoho dn\u00ed, ne\u017e dos\u00e1hnete maxim\u00e1ln\u00ed \u00fa\u010dinnosti.<\/p>\n<p>Hled\u00e1te pohodln\u00fd zp\u016fsob, jak zvl\u00e1dat bolest a z\u00e1n\u011bt? Tablety s naproxenem jsou obl\u00edbenou volbou pro l\u00e9\u010dbu onemocn\u011bn\u00ed, jako je artritida, bolesti sval\u016f a menstrua\u010dn\u00ed k\u0159e\u010de. Na buy-prescriptionz.com nab\u00edz\u00edme snadn\u00fd a bezpe\u010dn\u00fd zp\u016fsob, jak si tablety s naproxenem koupit online.<\/p>\n<p><strong>Pro\u010d zvolit tablety Naproxen?<\/strong><br \/>\nNaproxen je nesteroidn\u00ed protiz\u00e1n\u011btliv\u00e9 l\u00e9\u010divo (NSAID), kter\u00e9 pom\u00e1h\u00e1 sni\u017eovat z\u00e1n\u011bt a bolest. B\u011b\u017en\u011b se pou\u017e\u00edv\u00e1 k:<br \/>\n\u00daleva od artritidy<br \/>\nMuscle pain<br \/>\nBolest zad<br \/>\nMenstrua\u010dn\u00ed k\u0159e\u010de<br \/>\nBolesti hlavy<br \/>\nBolest zub\u016f<\/p>\n<p>V\u00fdhody n\u00e1kupu tablet Naproxen online<br \/>\nPohodl\u00ed: N\u00e1kup nejlep\u0161\u00edch tablet Naproxenu online v\u00e1m u\u0161et\u0159\u00ed \u010das a starosti. M\u016f\u017eete si objednat z pohodl\u00ed domova a nechat si l\u00e9k doru\u010dit p\u0159\u00edmo ke dve\u0159\u00edm.<\/p>\n<p>Snadn\u00fd proces objedn\u00e1v\u00e1n\u00ed: Na\u0161e webov\u00e9 str\u00e1nky jsou u\u017eivatelsky p\u0159\u00edv\u011btiv\u00e9, tak\u017ee si snadno najdete pot\u0159ebn\u00e9 l\u00e9ky a objedn\u00e1te je. Jednodu\u0161e p\u0159idejte po\u017eadovan\u00fd produkt do ko\u0161\u00edku, dokon\u010dete proces platby a \u010dekejte na doru\u010den\u00ed.<\/p>\n<p>Konkurenceschopn\u00e9 ceny: Na buy-prescriptionz.com nab\u00edz\u00ed nejlep\u0161\u00ed l\u00e9k\u00e1rna konkurenceschopn\u00e9 ceny tablet Naproxen. Najdete zde r\u016fzn\u00e9 d\u00e1vky, kter\u00e9 vyhov\u00ed va\u0161im pot\u0159eb\u00e1m, a to v\u0161e za dostupn\u00e9 ceny.<\/p>\n<p>Podrobn\u00e9 informace o produktu: Kde si mohu koupit tablety Naproxen? Nejlep\u0161\u00ed online l\u00e9k\u00e1rna, jako je buy-prescriptionz.com, poskytuje komplexn\u00ed informace o produktu, v\u010detn\u011b podrobnost\u00ed o d\u00e1vkov\u00e1n\u00ed, vedlej\u0161\u00edch \u00fa\u010dinc\u00edch a pokyn\u016f k pou\u017eit\u00ed, co\u017e v\u00e1m pom\u016f\u017ee \u010dinit informovan\u00e1 rozhodnut\u00ed o n\u00e1kupu.<\/p>\n<p>Discreet Packaging<\/p>\n<p>Va\u0161e soukrom\u00ed je pro n\u00e1s d\u016fle\u017eit\u00e9. Zaji\u0161\u0165ujeme, aby v\u0161echny objedn\u00e1vky byly odesl\u00e1ny v diskr\u00e9tn\u00edm balen\u00ed, abyste si sv\u00e9 l\u00e9ky mohli nechat p\u0159evz\u00edt bez jak\u00fdchkoli rozpak\u016f nebo zv\u011bdav\u00fdch o\u010d\u00ed.<\/p>\n<p>Online l\u00e9k\u00e1rny maj\u00ed \u010dasto v\u011bt\u0161\u00ed z\u00e1soby ne\u017e m\u00edstn\u00ed obchody, co\u017e zaji\u0161\u0165uje, \u017ee tablety Best Naproxen m\u00e1te skladem, kdy\u017e je pot\u0159ebujete, a zabra\u0148uje tak zpo\u017ed\u011bn\u00edm l\u00e9\u010dby.<\/p>\n<p>24\/7 Availability<br \/>\nI mods\u00e6tning til traditionelle apoteker er online apoteker \u00e5bne d\u00f8gnet rundt. Det betyder, at du kan afgive en ordre n\u00e5r som helst, der passer dig, selv uden for normal \u00e5bningstid.<\/p>\n<h3 id=\"desc-content-2\" class=\"arrow-right-xs arrow-down-xs\">Jak se naproxen u\u017e\u00edv\u00e1?<\/h3>\n<p>Tablety naproxenu se u\u017e\u00edvaj\u00ed dvakr\u00e1t denn\u011b, s j\u00eddlem nebo po j\u00eddle \u010di sva\u010din\u011b. Ka\u017ed\u00e1 tableta se zap\u00edj\u00ed sklenic\u00ed vody a polyk\u00e1 se cel\u00e1.<\/p>\n<p>U\u017e\u00edvejte co nejm\u00e9n\u011b naproxenu po co nejkrat\u0161\u00ed dobu. B\u011bhem sch\u016fzky V\u00e1m n\u00e1\u0161 l\u00e9ka\u0159 online p\u0159edep\u00ed\u0161e d\u00e1vku, kter\u00e1 je pro V\u00e1s nejvhodn\u011bj\u0161\u00ed. Koupit tablety naproxenu online<\/p>\n<h3>Mohu u\u017e\u00edvat naproxen s jin\u00fdmi l\u00e9ky?<\/h3>\n<p>Naproxen byste nem\u011bli u\u017e\u00edvat s jin\u00fdmi l\u00e9ky proti bolesti, jako je ibuprofen, ale m\u016f\u017eete jej po omezenou dobu u\u017e\u00edvat s paracetamolem nebo voln\u011b prodejn\u00fdm opioidem, jako je tramadol.<\/p>\n<p>Pokud si nejste jisti, co m\u016f\u017eete s naproxenem u\u017e\u00edvat, zeptejte se sv\u00e9ho l\u00e9ka\u0159e nebo l\u00e9k\u00e1rn\u00edka. P\u0159ed zakoupen\u00edm naproxenu online prost\u0159ednictv\u00edm na\u0161eho soukrom\u00e9ho receptu informujte pros\u00edm na\u0161eho online l\u00e9ka\u0159e o v\u0161ech l\u00e9c\u00edch, kter\u00e9 v sou\u010dasn\u00e9 dob\u011b u\u017e\u00edv\u00e1te, v\u010detn\u011b l\u00e9k\u016f p\u0159edepsan\u00fdch l\u00e9ka\u0159em nebo voln\u011b prodejn\u00fdch, a tak\u00e9 o zdravotn\u00edch a bylinn\u00fdch dopl\u0148c\u00edch.<\/p>\n<h2 id=\"desc-content-3\" class=\"arrow-right-xs arrow-down-xs\">Ne\u017e\u00e1douc\u00ed \u00fa\u010dinky a upozorn\u011bn\u00ed<\/h2>\n<pre class=\"arrow-right-xs arrow-down-xs\">Naproxen, stejn\u011b jako ka\u017ed\u00fd jin\u00fd l\u00e9k, m\u016f\u017ee m\u00edt negativn\u00ed \u00fa\u010dinky. Naproxen nav\u00edc m\u016f\u017ee, ale nemus\u00ed b\u00fdt vhodn\u00fd pro V\u00e1s nebo Va\u0161i situaci. P\u0159ed objedn\u00e1n\u00edm p\u0159\u00edpravku Naproxen od spole\u010dnosti Prescription Doctor se pora\u010fte se sv\u00fdm l\u00e9ka\u0159em, abyste se ujistili, \u017ee je pro V\u00e1s jeho u\u017e\u00edv\u00e1n\u00ed bezpe\u010dn\u00e9.<\/pre>\n<p>Ne\u017e za\u010dnete naproxen u\u017e\u00edvat, nezapome\u0148te si p\u0159e\u010d\u00edst p\u0159\u00edbalovou informaci, kter\u00e1 je sou\u010d\u00e1st\u00ed l\u00e9ka\u0159sk\u00e9ho p\u0159edpisu. Tato p\u0159\u00edbalov\u00e1 informace obsahuje d\u016fle\u017eit\u00e9 informace o tom, jak naproxen pou\u017e\u00edvat, jak naproxen bezpe\u010dn\u011b uchov\u00e1vat, \u00fapln\u00fd seznam ne\u017e\u00e1douc\u00edch \u00fa\u010dink\u016f, slo\u017eek a kontraindikac\u00ed a co d\u011blat, pokud se u V\u00e1s vyskytne ne\u017e\u00e1douc\u00ed reakce na naproxen.<\/p>\n<p>P\u0159\u00edbalovou informaci pro pacienta k p\u0159\u00edpravku Naproxen si m\u016f\u017eete prohl\u00e9dnout online.<\/p>\n<h3>Kdo by nem\u011bl naproxen u\u017e\u00edvat?<\/h3>\n<p>Naproxen nen\u00ed vhodn\u00fd pro ka\u017ed\u00e9ho. Pokud si nejste jisti, zda je pro v\u00e1s bezpe\u010dn\u00fd, pora\u010fte se se sv\u00fdm l\u00e9ka\u0159em, ne\u017e si koup\u00edte naproxen online.<\/p>\n<p>Neu\u017e\u00edvejte Naproxen, pokud:<\/p>\n<ul>\n<li>jsou alergi\u010dt\u00ed na aspirin nebo jin\u00e1 NSAID.<\/li>\n<li>jste alergi\u010dt\u00ed na naproxen nebo na kteroukoli jinou slo\u017eku uvedenou v p\u0159\u00edbalov\u00e9 informaci.<\/li>\n<li>m\u011bli dva nebo v\u00edce p\u0159\u00edpad\u016f peptick\u00fdch v\u0159ed\u016f, krv\u00e1cen\u00ed nebo perforace \u017ealudku.<\/li>\n<li>m\u00e1te nebo jste m\u011bli \u017ealude\u010dn\u00ed v\u0159edy, v\u0159edy dvan\u00e1ctn\u00edku, krv\u00e1cen\u00ed ze \u017ealudku nebo st\u0159ev.<\/li>\n<\/ul>\n<p>Pokud si nejste jisti, zda se v\u00e1s n\u011bkter\u00fd z v\u00fd\u0161e uveden\u00fdch bod\u016f t\u00fdk\u00e1, pora\u010fte se se sv\u00fdm l\u00e9ka\u0159em.<\/p>","protected":false},"excerpt":{"rendered":"<p>Buy Naproxen Tablets Online Buy Naproxen Tablets Online, Naproxen Tablets can be bought online from a reputable UK pharmacy. Renewing your Naproxen prescription is easy with our online private prescription service. Simply complete our online questionnaire which will be reviewed by our online doctor. If Naproxen is suitable for you, our online doctor will write [&hellip;]<\/p>","protected":false},"featured_media":3143,"comment_status":"open","ping_status":"closed","template":"","meta":{"site-sidebar-layout":"default","site-content-layout":"","ast-site-content-layout":"default","site-content-style":"default","site-sidebar-style":"default","ast-global-header-display":"","ast-banner-title-visibility":"","ast-main-header-display":"","ast-hfb-above-header-display":"","ast-hfb-below-header-display":"","ast-hfb-mobile-header-display":"","site-post-title":"","ast-breadcrumbs-content":"","ast-featured-img":"","footer-sml-layout":"","theme-transparent-header-meta":"default","adv-header-id-meta":"","stick-header-meta":"","header-above-stick-meta":"","header-main-stick-meta":"","header-below-stick-meta":"","astra-migrate-meta-layouts":"set","ast-page-background-enabled":"default","ast-page-background-meta":{"desktop":{"background-color":"var(--ast-global-color-4)","background-image":"","background-repeat":"repeat","background-position":"center center","background-size":"auto","background-attachment":"scroll","background-type":"","background-media":"","overlay-type":"","overlay-color":"","overlay-opacity":"","overlay-gradient":""},"tablet":{"background-color":"","background-image":"","background-repeat":"repeat","background-position":"center center","background-size":"auto","background-attachment":"scroll","background-type":"","background-media":"","overlay-type":"","overlay-color":"","overlay-opacity":"","overlay-gradient":""},"mobile":{"background-color":"","background-image":"","background-repeat":"repeat","background-position":"center center","background-size":"auto","background-attachment":"scroll","background-type":"","background-media":"","overlay-type":"","overlay-color":"","overlay-opacity":"","overlay-gradient":""}},"ast-content-background-meta":{"desktop":{"background-color":"var(--ast-global-color-5)","background-image":"","background-repeat":"repeat","background-position":"center center","background-size":"auto","background-attachment":"scroll","background-type":"","background-media":"","overlay-type":"","overlay-color":"","overlay-opacity":"","overlay-gradient":""},"tablet":{"background-color":"var(--ast-global-color-5)","background-image":"","background-repeat":"repeat","background-position":"center center","background-size":"auto","background-attachment":"scroll","background-type":"","background-media":"","overlay-type":"","overlay-color":"","overlay-opacity":"","overlay-gradient":""},"mobile":{"background-color":"var(--ast-global-color-5)","background-image":"","background-repeat":"repeat","background-position":"center center","background-size":"auto","background-attachment":"scroll","background-type":"","background-media":"","overlay-type":"","overlay-color":"","overlay-opacity":"","overlay-gradient":""}}},"product_brand":[],"product_cat":[15,2385,2146],"product_tag":[2268,2274,2267,2266,2277,2276,2272,2269,2275,2270,2278,2273,2271],"class_list":{"0":"post-3111","1":"product","2":"type-product","3":"status-publish","4":"has-post-thumbnail","6":"product_cat-buy-prescription-drugs","7":"product_cat-buy-pain-killer-pills-online","8":"product_cat-buy-cortamethasone-50ml-online","9":"product_tag-28-naproxen-500-mg-asda-naproxen","10":"product_tag-buy-naproxen-500-mg","11":"product_tag-buy-naproxen-boots","12":"product_tag-cheap-naproxen-500-mg","13":"product_tag-naproxen-220-mg","14":"product_tag-naproxen-500-mg-price","15":"product_tag-naproxen-500-mg-tablet-price","16":"product_tag-naproxen-amazon-uk","17":"product_tag-naproxen-for-sale","18":"product_tag-naproxen-price-uk","19":"product_tag-prescription-strength-naproxe","20":"product_tag-where-can-i-buy-naproxen","21":"product_tag-wockhardt-naproxen-500-mg","22":"desktop-align-center","23":"tablet-align-left","24":"mobile-align-left","26":"first","27":"instock","28":"shipping-taxable","29":"purchasable","30":"product-type-variable","31":"has-default-attributes"},"yoast_head":"<!-- This site is optimized with the Yoast SEO plugin v25.9 - https:\/\/yoast.com\/wordpress\/plugins\/seo\/ -->\n<title>Naproxen Tablets for Sale - Buy Naproxen Tablets Online<\/title>\n<meta name=\"description\" content=\"You can get Naproxen Tablets for sale at the best rates from our online store. We are here to help you buy Naproxen Tablets online. Connect with best store in town today!\" \/>\n<meta name=\"robots\" content=\"index, follow, max-snippet:-1, max-image-preview:large, max-video-preview:-1\" \/>\n<link rel=\"canonical\" href=\"https:\/\/buy-prescriptionz.com\/cs\/produkt\/koupit-naproxen-tablety-online\/\" \/>\n<meta property=\"og:locale\" content=\"cs_CZ\" \/>\n<meta property=\"og:type\" content=\"article\" \/>\n<meta property=\"og:title\" content=\"Naproxen Tablets for Sale - Buy Naproxen Tablets Online\" \/>\n<meta property=\"og:description\" content=\"You can get Naproxen Tablets for sale at the best rates from our online store. We are here to help you buy Naproxen Tablets online. Connect with best store in town today!\" \/>\n<meta property=\"og:url\" content=\"https:\/\/buy-prescriptionz.com\/cs\/produkt\/koupit-naproxen-tablety-online\/\" \/>\n<meta property=\"og:site_name\" content=\"Buy Prescriptionz\" \/>\n<meta property=\"article:modified_time\" content=\"2025-09-23T07:05:30+00:00\" \/>\n<meta property=\"og:image\" content=\"https:\/\/buy-prescriptionz.com\/wp-content\/uploads\/2025\/09\/nnm.jpg\" \/>\n\t<meta property=\"og:image:width\" content=\"330\" \/>\n\t<meta property=\"og:image:height\" content=\"330\" \/>\n\t<meta property=\"og:image:type\" content=\"image\/jpeg\" \/>\n<meta name=\"twitter:card\" content=\"summary_large_image\" \/>\n<meta name=\"twitter:label1\" content=\"Odhadovan\u00e1 doba \u010dten\u00ed\" \/>\n\t<meta name=\"twitter:data1\" content=\"4 minuty\" \/>\n<script type=\"application\/ld+json\" class=\"yoast-schema-graph\">{\"@context\":\"https:\/\/schema.org\",\"@graph\":[{\"@type\":\"WebPage\",\"@id\":\"https:\/\/buy-prescriptionz.com\/product\/buy-naproxen-tablets-online\/\",\"url\":\"https:\/\/buy-prescriptionz.com\/product\/buy-naproxen-tablets-online\/\",\"name\":\"Naproxen Tablets for Sale - Buy Naproxen Tablets Online\",\"isPartOf\":{\"@id\":\"https:\/\/buy-prescriptionz.com\/#website\"},\"primaryImageOfPage\":{\"@id\":\"https:\/\/buy-prescriptionz.com\/product\/buy-naproxen-tablets-online\/#primaryimage\"},\"image\":{\"@id\":\"https:\/\/buy-prescriptionz.com\/product\/buy-naproxen-tablets-online\/#primaryimage\"},\"thumbnailUrl\":\"https:\/\/buy-prescriptionz.com\/wp-content\/uploads\/2025\/09\/nnm.jpg\",\"datePublished\":\"2025-09-16T08:56:26+00:00\",\"dateModified\":\"2025-09-23T07:05:30+00:00\",\"description\":\"You can get Naproxen Tablets for sale at the best rates from our online store. We are here to help you buy Naproxen Tablets online. Connect with best store in town today!\",\"breadcrumb\":{\"@id\":\"https:\/\/buy-prescriptionz.com\/product\/buy-naproxen-tablets-online\/#breadcrumb\"},\"inLanguage\":\"cs\",\"potentialAction\":[{\"@type\":\"ReadAction\",\"target\":[\"https:\/\/buy-prescriptionz.com\/product\/buy-naproxen-tablets-online\/\"]}]},{\"@type\":\"ImageObject\",\"inLanguage\":\"cs\",\"@id\":\"https:\/\/buy-prescriptionz.com\/product\/buy-naproxen-tablets-online\/#primaryimage\",\"url\":\"https:\/\/buy-prescriptionz.com\/wp-content\/uploads\/2025\/09\/nnm.jpg\",\"contentUrl\":\"https:\/\/buy-prescriptionz.com\/wp-content\/uploads\/2025\/09\/nnm.jpg\",\"width\":330,\"height\":330},{\"@type\":\"BreadcrumbList\",\"@id\":\"https:\/\/buy-prescriptionz.com\/product\/buy-naproxen-tablets-online\/#breadcrumb\",\"itemListElement\":[{\"@type\":\"ListItem\",\"position\":1,\"name\":\"Home\",\"item\":\"https:\/\/buy-prescriptionz.com\/\"},{\"@type\":\"ListItem\",\"position\":2,\"name\":\"Shop Painkillers Online\",\"item\":\"https:\/\/buy-prescriptionz.com\/shop-painkillers-online\/\"},{\"@type\":\"ListItem\",\"position\":3,\"name\":\"Buy Naproxen Tablets Online\"}]},{\"@type\":\"WebSite\",\"@id\":\"https:\/\/buy-prescriptionz.com\/#website\",\"url\":\"https:\/\/buy-prescriptionz.com\/\",\"name\":\"Buy Prescriptionz\",\"description\":\"Drugs Online\",\"publisher\":{\"@id\":\"https:\/\/buy-prescriptionz.com\/#organization\"},\"potentialAction\":[{\"@type\":\"SearchAction\",\"target\":{\"@type\":\"EntryPoint\",\"urlTemplate\":\"https:\/\/buy-prescriptionz.com\/?s={search_term_string}\"},\"query-input\":{\"@type\":\"PropertyValueSpecification\",\"valueRequired\":true,\"valueName\":\"search_term_string\"}}],\"inLanguage\":\"cs\"},{\"@type\":\"Organization\",\"@id\":\"https:\/\/buy-prescriptionz.com\/#organization\",\"name\":\"Buy Prescriptionz\",\"url\":\"https:\/\/buy-prescriptionz.com\/\",\"logo\":{\"@type\":\"ImageObject\",\"inLanguage\":\"cs\",\"@id\":\"https:\/\/buy-prescriptionz.com\/#\/schema\/logo\/image\/\",\"url\":\"https:\/\/buy-prescriptionz.com\/wp-content\/uploads\/2023\/09\/logo.png\",\"contentUrl\":\"https:\/\/buy-prescriptionz.com\/wp-content\/uploads\/2023\/09\/logo.png\",\"width\":350,\"height\":64,\"caption\":\"Buy Prescriptionz\"},\"image\":{\"@id\":\"https:\/\/buy-prescriptionz.com\/#\/schema\/logo\/image\/\"}}]}<\/script>\n<!-- \/ Yoast SEO plugin. -->","yoast_head_json":{"title":"Tablety Naproxenu na prodej - Koupit tablety Naproxenu online","description":"Tablety Naproxen m\u016f\u017eete z\u00edskat za nejlep\u0161\u00ed ceny v na\u0161em internetov\u00e9m obchod\u011b. Jsme tu, abychom v\u00e1m pomohli koupit tablety Naproxen online. Spojte se s nejlep\u0161\u00edm obchodem ve m\u011bst\u011b je\u0161t\u011b dnes!","robots":{"index":"index","follow":"follow","max-snippet":"max-snippet:-1","max-image-preview":"max-image-preview:large","max-video-preview":"max-video-preview:-1"},"canonical":"https:\/\/buy-prescriptionz.com\/cs\/produkt\/koupit-naproxen-tablety-online\/","og_locale":"cs_CZ","og_type":"article","og_title":"Naproxen Tablets for Sale - Buy Naproxen Tablets Online","og_description":"You can get Naproxen Tablets for sale at the best rates from our online store. We are here to help you buy Naproxen Tablets online. Connect with best store in town today!","og_url":"https:\/\/buy-prescriptionz.com\/cs\/produkt\/koupit-naproxen-tablety-online\/","og_site_name":"Buy Prescriptionz","article_modified_time":"2025-09-23T07:05:30+00:00","og_image":[{"width":330,"height":330,"url":"https:\/\/buy-prescriptionz.com\/wp-content\/uploads\/2025\/09\/nnm.jpg","type":"image\/jpeg"}],"twitter_card":"summary_large_image","twitter_misc":{"Odhadovan\u00e1 doba \u010dten\u00ed":"4 minuty"},"schema":{"@context":"https:\/\/schema.org","@graph":[{"@type":"WebPage","@id":"https:\/\/buy-prescriptionz.com\/product\/buy-naproxen-tablets-online\/","url":"https:\/\/buy-prescriptionz.com\/product\/buy-naproxen-tablets-online\/","name":"Tablety Naproxenu na prodej - Koupit tablety Naproxenu online","isPartOf":{"@id":"https:\/\/buy-prescriptionz.com\/#website"},"primaryImageOfPage":{"@id":"https:\/\/buy-prescriptionz.com\/product\/buy-naproxen-tablets-online\/#primaryimage"},"image":{"@id":"https:\/\/buy-prescriptionz.com\/product\/buy-naproxen-tablets-online\/#primaryimage"},"thumbnailUrl":"https:\/\/buy-prescriptionz.com\/wp-content\/uploads\/2025\/09\/nnm.jpg","datePublished":"2025-09-16T08:56:26+00:00","dateModified":"2025-09-23T07:05:30+00:00","description":"Tablety Naproxen m\u016f\u017eete z\u00edskat za nejlep\u0161\u00ed ceny v na\u0161em internetov\u00e9m obchod\u011b. Jsme tu, abychom v\u00e1m pomohli koupit tablety Naproxen online. Spojte se s nejlep\u0161\u00edm obchodem ve m\u011bst\u011b je\u0161t\u011b dnes!","breadcrumb":{"@id":"https:\/\/buy-prescriptionz.com\/product\/buy-naproxen-tablets-online\/#breadcrumb"},"inLanguage":"cs","potentialAction":[{"@type":"ReadAction","target":["https:\/\/buy-prescriptionz.com\/product\/buy-naproxen-tablets-online\/"]}]},{"@type":"ImageObject","inLanguage":"cs","@id":"https:\/\/buy-prescriptionz.com\/product\/buy-naproxen-tablets-online\/#primaryimage","url":"https:\/\/buy-prescriptionz.com\/wp-content\/uploads\/2025\/09\/nnm.jpg","contentUrl":"https:\/\/buy-prescriptionz.com\/wp-content\/uploads\/2025\/09\/nnm.jpg","width":330,"height":330},{"@type":"BreadcrumbList","@id":"https:\/\/buy-prescriptionz.com\/product\/buy-naproxen-tablets-online\/#breadcrumb","itemListElement":[{"@type":"ListItem","position":1,"name":"Home","item":"https:\/\/buy-prescriptionz.com\/"},{"@type":"ListItem","position":2,"name":"Shop Painkillers Online","item":"https:\/\/buy-prescriptionz.com\/shop-painkillers-online\/"},{"@type":"ListItem","position":3,"name":"Buy Naproxen Tablets Online"}]},{"@type":"WebSite","@id":"https:\/\/buy-prescriptionz.com\/#website","url":"https:\/\/buy-prescriptionz.com\/","name":"Koupit Prescriptionz","description":"Drogy online","publisher":{"@id":"https:\/\/buy-prescriptionz.com\/#organization"},"potentialAction":[{"@type":"SearchAction","target":{"@type":"EntryPoint","urlTemplate":"https:\/\/buy-prescriptionz.com\/?s={search_term_string}"},"query-input":{"@type":"PropertyValueSpecification","valueRequired":true,"valueName":"search_term_string"}}],"inLanguage":"cs"},{"@type":"Organization","@id":"https:\/\/buy-prescriptionz.com\/#organization","name":"Koupit Prescriptionz","url":"https:\/\/buy-prescriptionz.com\/","logo":{"@type":"ImageObject","inLanguage":"cs","@id":"https:\/\/buy-prescriptionz.com\/#\/schema\/logo\/image\/","url":"https:\/\/buy-prescriptionz.com\/wp-content\/uploads\/2023\/09\/logo.png","contentUrl":"https:\/\/buy-prescriptionz.com\/wp-content\/uploads\/2023\/09\/logo.png","width":350,"height":64,"caption":"Buy Prescriptionz"},"image":{"@id":"https:\/\/buy-prescriptionz.com\/#\/schema\/logo\/image\/"}}]}},"_links":{"self":[{"href":"https:\/\/buy-prescriptionz.com\/cs\/wp-json\/wp\/v2\/product\/3111","targetHints":{"allow":["GET"]}}],"collection":[{"href":"https:\/\/buy-prescriptionz.com\/cs\/wp-json\/wp\/v2\/product"}],"about":[{"href":"https:\/\/buy-prescriptionz.com\/cs\/wp-json\/wp\/v2\/types\/product"}],"replies":[{"embeddable":true,"href":"https:\/\/buy-prescriptionz.com\/cs\/wp-json\/wp\/v2\/comments?post=3111"}],"wp:featuredmedia":[{"embeddable":true,"href":"https:\/\/buy-prescriptionz.com\/cs\/wp-json\/wp\/v2\/media\/3143"}],"wp:attachment":[{"href":"https:\/\/buy-prescriptionz.com\/cs\/wp-json\/wp\/v2\/media?parent=3111"}],"wp:term":[{"taxonomy":"product_brand","embeddable":true,"href":"https:\/\/buy-prescriptionz.com\/cs\/wp-json\/wp\/v2\/product_brand?post=3111"},{"taxonomy":"product_cat","embeddable":true,"href":"https:\/\/buy-prescriptionz.com\/cs\/wp-json\/wp\/v2\/product_cat?post=3111"},{"taxonomy":"product_tag","embeddable":true,"href":"https:\/\/buy-prescriptionz.com\/cs\/wp-json\/wp\/v2\/product_tag?post=3111"}],"curies":[{"name":"wp","href":"https:\/\/api.w.org\/{rel}","templated":true}]}}