{"id":2941,"date":"2025-09-16T08:55:29","date_gmt":"2025-09-16T08:55:29","guid":{"rendered":"https:\/\/chemsfine.com\/newsite\/?post_type=product&#038;p=2941"},"modified":"2025-09-20T05:00:36","modified_gmt":"2025-09-20T05:00:36","slug":"kob-anabolske-steroider-online","status":"publish","type":"product","link":"https:\/\/buy-prescriptionz.com\/da\/vare\/kob-anabolske-steroider-online\/","title":{"rendered":"K\u00f8b anabole steroider online"},"content":{"rendered":"<h2 style=\"text-align: justify;\">K\u00d8BE ANABOLSKE STEROIDER ONLINE FRA K\u00d8BE PRESCRITION TIL DEN BEDSTE PRIS<\/h2>\n<p style=\"text-align: justify;\">Anabolske steroider er syntetiske stoffer, der indtages oralt og virker som testosteron. De for\u00e5rsager v\u00e6kst og udvikling af k\u00f8nsorganer, sekund\u00e6re k\u00f8nskarakteristika og for\u00f8gelse af muskelst\u00f8rrelse og styrke.<\/p>\n<h3 style=\"text-align: justify;\">EGENSKABER VED ANABOLSKE STEROIDER<\/h3>\n<p style=\"text-align: justify;\">Anabolske steroider stimulerer v\u00e6ksten i andre typer v\u00e6v, is\u00e6r knogler og muskler i menneskekroppen.<\/p>\n<h3 style=\"text-align: justify;\">GENERELLE FORHOLDSREGLER VED BRUG AF ANABOLSKE STEROIDER<\/h3>\n<p style=\"text-align: justify;\">Din l\u00e6ge skal kontrollere dine fremskridt ved regelm\u00e6ssige bes\u00f8g for at sikre, at denne medicin ikke for\u00e5rsager u\u00f8nskede virkninger.<br \/>\nHvis dit barn tager denne medicin, er det vigtigt, at l\u00e6gen tager r\u00f8ntgenbilleder hver 6. m\u00e5ned for at kontrollere dit barns knoglev\u00e6kst og h\u00f8jde. Anabolske steroider kan forstyrre den normale knoglev\u00e6kst.<\/p>\n<p style=\"text-align: justify;\"><strong>For diabetespatienter:<\/strong><\/p>\n<p style=\"text-align: justify;\">Denne medicin kan p\u00e5virke blodsukkerniveauet. Hvis du bem\u00e6rker \u00e6ndringer i dine blod- eller urinsukkertests, eller hvis du har sp\u00f8rgsm\u00e5l, skal du kontakte din l\u00e6ge.<\/p>\n<p>Anabolic steroids are synthetic variations of testosterone, a hormone that promotes muscle growth and enhances male characteristics. They are widely used in medicine to treat conditions like delayed puberty and muscle loss due to diseases. However, they are also controversial due to their misuse in sports and bodybuilding.<\/p>\n<h3>Benefits of Anabolic Steroids<\/h3>\n<ol>\n<li><strong>Muscle Growth:<\/strong> Anabolic steroids stimulate protein synthesis, leading to increased muscle mass and strength gains.<\/li>\n<li><strong>Enhanced Performance:<\/strong> Athletes use steroids to improve performance by increasing endurance and reducing recovery time between workouts.<\/li>\n<li><strong>Medical Uses:<\/strong> They are prescribed to treat muscle wasting diseases like HIV\/AIDS and to aid in recovery from severe burns.<\/li>\n<\/ol>\n<h3>Anvendelse<\/h3>\n<p>Anabolic steroids can be taken orally or injected, with varying durations of effectiveness:<\/p>\n<ul>\n<li><strong>Oral Steroids:<\/strong> Provide quick results but are harsher on the liver.<\/li>\n<li><strong>Injectable Steroids:<\/strong> Longer-lasting effects with less strain on the liver.<\/li>\n<\/ul>\n<h3>Recommended Doses<\/h3>\n<p>Dosages vary based on the type of steroid, user experience, and goals:<\/p>\n<ul>\n<li><strong>Beginners:<\/strong> Start with low doses to assess tolerance and reduce side effects.<\/li>\n<li><strong>Experienced Users:<\/strong> Gradually increase doses to maintain effectiveness, often cycling on and off to prevent tolerance and manage health risks.<\/li>\n<\/ul>\n<p>While anabolic steroids offer benefits for medical use and performance enhancement, they require careful consideration due to potential side effects such as liver damage, cardiovascular issues, and hormonal imbalance. Proper supervision and adherence to recommended doses are crucial to mitigate risks.<\/p>\n<p>For reliable access to pharmaceutical-grade steroids and related products, the best pharmacy store <a href=\"http:\/\/buy-prescriptionz.com\/da\/\">buy-prescriptionz.com<\/a>. They provide a range of safe and effective medications, ensuring quality and customer satisfaction. Whether for medical needs or performance enhancement, trust in their products to meet your requirements safely and effectively.<\/p>\n<h3 style=\"text-align: justify;\">B\u00d8R VIDE OM BIVIRKNINGERNE AF ANABOLSKE STEROIDER<\/h3>\n<p style=\"text-align: justify;\"><strong>Anabolske steroider har mange bivirkninger, fordi testosteron har mange virkninger i kroppen. Den lange liste over bivirkninger omfatter:<\/strong><\/p>\n<p style=\"text-align: justify;\">- Skrumpning af testiklerne<br \/>\n- Brystforst\u00f8rrelse (gynecomastia)<br \/>\n- Lavt antal s\u00e6dceller<br \/>\n- \u00d8get h\u00e5rv\u00e6kst<br \/>\n- Vold<br \/>\n- Aggression<br \/>\n- Leversygdom og leverkr\u00e6ft kan ogs\u00e5 forekomme.<br \/>\nHVAD SKER DER VED OVERDOSERING?<\/p>\n<p style=\"text-align: justify;\">Anabolske steroider er hovedsagelig laboratorieskabte analoger af testosteron og fungerer p\u00e5 samme m\u00e5de som dette hormon i vores kroppe. Mens det er muligt at opleve \u00f8jeblikkelig overdosis p\u00e5 anabolske steroider manifesterer sig ofte anderledes.<\/p>\n<p style=\"text-align: justify;\">- Nyre- og leverskader.<br \/>\n- Forh\u00f8jet blodtryk.<br \/>\n- Forst\u00f8rret hjerte.<br \/>\n- Store hum\u00f8rsvingninger.<br \/>\n- Aggression og irritabilitet.<br \/>\n- Vrangforestillinger.<br \/>\n- Forh\u00f8jet v\u00e6kst hos unge brugere.<\/p>\n<h3 style=\"text-align: justify;\">HVAD NU, HVIS DU HAR MISSET EN DOSIS?<\/h3>\n<p style=\"text-align: justify;\">- Hvis du opdager det i n\u00e6rheden af tidspunktet for den glemte dosis, skal du tage en dosis.<br \/>\n- Hvis du opdager det i forbindelse med din n\u00e6ste dosis, skal du springe den glemte dosis over. Tag bare den n\u00e6ste.<br \/>\n- Du m\u00e5 ikke tage to doser p\u00e5 \u00e9n gang, da dette kan f\u00f8re til overdosering.<\/p>\n<h3 style=\"text-align: justify;\">OPBEVARE ANBOLSKE STERIODER<\/h3>\n<p style=\"text-align: justify;\">Opbevar anabolske steroider ved almindelig stuetemperatur og hold dem v\u00e6k fra b\u00f8rn.<\/p>\n<h3 style=\"text-align: justify;\">HVOR KAN MAN K\u00d8BE ANABOLSKE STEROIDER ONLINE?<\/h3>\n<p style=\"text-align: justify;\">F\u00e5 anabole steroider p\u00e5 din d\u00f8rtrin fra Buyprescriptionz og holde din krop meget bedre. Bestil nu!<\/p>","protected":false},"excerpt":{"rendered":"<p>Anabolske steroider, ogs\u00e5 kendt som anabole-androgene steroider (AAS), er steroide androgener, der omfatter naturlige androgener som testosteron samt syntetiske androgener, der er strukturelt relateret til testosteron og har lignende virkninger som dette.<br \/>\nGadenavne: Anadrol, Oxandrin, Durabolin, Depo-Testosterone, Equipoise: roids, juice, gym candy, pumpers<\/p>","protected":false},"featured_media":2971,"comment_status":"open","ping_status":"closed","template":"","meta":{"site-sidebar-layout":"default","site-content-layout":"","ast-site-content-layout":"default","site-content-style":"default","site-sidebar-style":"default","ast-global-header-display":"","ast-banner-title-visibility":"","ast-main-header-display":"","ast-hfb-above-header-display":"","ast-hfb-below-header-display":"","ast-hfb-mobile-header-display":"","site-post-title":"","ast-breadcrumbs-content":"","ast-featured-img":"","footer-sml-layout":"","theme-transparent-header-meta":"default","adv-header-id-meta":"","stick-header-meta":"","header-above-stick-meta":"","header-main-stick-meta":"","header-below-stick-meta":"","astra-migrate-meta-layouts":"set","ast-page-background-enabled":"default","ast-page-background-meta":{"desktop":{"background-color":"var(--ast-global-color-4)","background-image":"","background-repeat":"repeat","background-position":"center center","background-size":"auto","background-attachment":"scroll","background-type":"","background-media":"","overlay-type":"","overlay-color":"","overlay-opacity":"","overlay-gradient":""},"tablet":{"background-color":"","background-image":"","background-repeat":"repeat","background-position":"center center","background-size":"auto","background-attachment":"scroll","background-type":"","background-media":"","overlay-type":"","overlay-color":"","overlay-opacity":"","overlay-gradient":""},"mobile":{"background-color":"","background-image":"","background-repeat":"repeat","background-position":"center center","background-size":"auto","background-attachment":"scroll","background-type":"","background-media":"","overlay-type":"","overlay-color":"","overlay-opacity":"","overlay-gradient":""}},"ast-content-background-meta":{"desktop":{"background-color":"var(--ast-global-color-5)","background-image":"","background-repeat":"repeat","background-position":"center center","background-size":"auto","background-attachment":"scroll","background-type":"","background-media":"","overlay-type":"","overlay-color":"","overlay-opacity":"","overlay-gradient":""},"tablet":{"background-color":"var(--ast-global-color-5)","background-image":"","background-repeat":"repeat","background-position":"center center","background-size":"auto","background-attachment":"scroll","background-type":"","background-media":"","overlay-type":"","overlay-color":"","overlay-opacity":"","overlay-gradient":""},"mobile":{"background-color":"var(--ast-global-color-5)","background-image":"","background-repeat":"repeat","background-position":"center center","background-size":"auto","background-attachment":"scroll","background-type":"","background-media":"","overlay-type":"","overlay-color":"","overlay-opacity":"","overlay-gradient":""}}},"product_brand":[],"product_cat":[15],"product_tag":[1938,1928,1936,1937,1935,1930,1933,1932,1931,1934,1929],"class_list":{"0":"post-2941","1":"product","2":"type-product","3":"status-publish","4":"has-post-thumbnail","6":"product_cat-buy-prescription-drugs","7":"product_tag-anabolic-steroids","8":"product_tag-anabolic-steroids-for-sale","9":"product_tag-buy-anabolic-steroids-in-canada","10":"product_tag-buy-anabolic-steroids-in-uk","11":"product_tag-buy-anabolic-steroids-in-usa","12":"product_tag-buy-anabolic-steroids-with-bitcoin","13":"product_tag-buy-anabolic-steroids-with-credit-card","14":"product_tag-buy-anabolic-steroids-with-money-gram","15":"product_tag-buy-anabolic-steroids-with-western-union","16":"product_tag-buy-anabolic-steroids-without-a-doctor","17":"product_tag-buy-anabolic-steroids-without-prescription","18":"desktop-align-center","19":"tablet-align-left","20":"mobile-align-left","22":"first","23":"instock","24":"shipping-taxable","25":"purchasable","26":"product-type-variable","27":"has-default-attributes"},"yoast_head":"<!-- This site is optimized with the Yoast SEO plugin v25.9 - https:\/\/yoast.com\/wordpress\/plugins\/seo\/ -->\n<title>Buy Anabolic Steroids Online - Anabolic Steroids for Sale | BuyPrescriptionz<\/title>\n<meta name=\"description\" content=\"You can buy Anabolic Steroids online without any prescription from an online pharmacy store buy-prescriptionz.com. Order Now with Free &amp; Secure Shipping!\" \/>\n<meta name=\"robots\" content=\"index, follow, max-snippet:-1, max-image-preview:large, max-video-preview:-1\" \/>\n<link rel=\"canonical\" href=\"https:\/\/buy-prescriptionz.com\/da\/vare\/kob-anabolske-steroider-online\/\" \/>\n<meta property=\"og:locale\" content=\"da_DK\" \/>\n<meta property=\"og:type\" content=\"article\" \/>\n<meta property=\"og:title\" content=\"Buy Anabolic Steroids Online - Anabolic Steroids for Sale | BuyPrescriptionz\" \/>\n<meta property=\"og:description\" content=\"You can buy Anabolic Steroids online without any prescription from an online pharmacy store buy-prescriptionz.com. Order Now with Free &amp; Secure Shipping!\" \/>\n<meta property=\"og:url\" content=\"https:\/\/buy-prescriptionz.com\/da\/vare\/kob-anabolske-steroider-online\/\" \/>\n<meta property=\"og:site_name\" content=\"Buy Prescriptionz\" \/>\n<meta property=\"article:modified_time\" content=\"2025-09-20T05:00:36+00:00\" \/>\n<meta property=\"og:image\" content=\"https:\/\/buy-prescriptionz.com\/wp-content\/uploads\/2025\/09\/anabolic-steroids.jpg\" \/>\n\t<meta property=\"og:image:width\" content=\"400\" \/>\n\t<meta property=\"og:image:height\" content=\"300\" \/>\n\t<meta property=\"og:image:type\" content=\"image\/jpeg\" \/>\n<meta name=\"twitter:card\" content=\"summary_large_image\" \/>\n<meta name=\"twitter:label1\" content=\"Estimeret l\u00e6setid\" \/>\n\t<meta name=\"twitter:data1\" content=\"4 minutter\" \/>\n<script type=\"application\/ld+json\" class=\"yoast-schema-graph\">{\"@context\":\"https:\/\/schema.org\",\"@graph\":[{\"@type\":\"WebPage\",\"@id\":\"https:\/\/buy-prescriptionz.com\/product\/buy-anabolic-steroids-online\/\",\"url\":\"https:\/\/buy-prescriptionz.com\/product\/buy-anabolic-steroids-online\/\",\"name\":\"Buy Anabolic Steroids Online - Anabolic Steroids for Sale | BuyPrescriptionz\",\"isPartOf\":{\"@id\":\"https:\/\/buy-prescriptionz.com\/#website\"},\"primaryImageOfPage\":{\"@id\":\"https:\/\/buy-prescriptionz.com\/product\/buy-anabolic-steroids-online\/#primaryimage\"},\"image\":{\"@id\":\"https:\/\/buy-prescriptionz.com\/product\/buy-anabolic-steroids-online\/#primaryimage\"},\"thumbnailUrl\":\"https:\/\/buy-prescriptionz.com\/wp-content\/uploads\/2025\/09\/anabolic-steroids.jpg\",\"datePublished\":\"2025-09-16T08:55:29+00:00\",\"dateModified\":\"2025-09-20T05:00:36+00:00\",\"description\":\"You can buy Anabolic Steroids online without any prescription from an online pharmacy store buy-prescriptionz.com. Order Now with Free & Secure Shipping!\",\"breadcrumb\":{\"@id\":\"https:\/\/buy-prescriptionz.com\/product\/buy-anabolic-steroids-online\/#breadcrumb\"},\"inLanguage\":\"da-DK\",\"potentialAction\":[{\"@type\":\"ReadAction\",\"target\":[\"https:\/\/buy-prescriptionz.com\/product\/buy-anabolic-steroids-online\/\"]}]},{\"@type\":\"ImageObject\",\"inLanguage\":\"da-DK\",\"@id\":\"https:\/\/buy-prescriptionz.com\/product\/buy-anabolic-steroids-online\/#primaryimage\",\"url\":\"https:\/\/buy-prescriptionz.com\/wp-content\/uploads\/2025\/09\/anabolic-steroids.jpg\",\"contentUrl\":\"https:\/\/buy-prescriptionz.com\/wp-content\/uploads\/2025\/09\/anabolic-steroids.jpg\",\"width\":400,\"height\":300},{\"@type\":\"BreadcrumbList\",\"@id\":\"https:\/\/buy-prescriptionz.com\/product\/buy-anabolic-steroids-online\/#breadcrumb\",\"itemListElement\":[{\"@type\":\"ListItem\",\"position\":1,\"name\":\"Home\",\"item\":\"https:\/\/buy-prescriptionz.com\/\"},{\"@type\":\"ListItem\",\"position\":2,\"name\":\"Shop Painkillers Online\",\"item\":\"https:\/\/buy-prescriptionz.com\/shop-painkillers-online\/\"},{\"@type\":\"ListItem\",\"position\":3,\"name\":\"Buy Anabolic Steroids Online\"}]},{\"@type\":\"WebSite\",\"@id\":\"https:\/\/buy-prescriptionz.com\/#website\",\"url\":\"https:\/\/buy-prescriptionz.com\/\",\"name\":\"Buy Prescriptionz\",\"description\":\"Drugs Online\",\"publisher\":{\"@id\":\"https:\/\/buy-prescriptionz.com\/#organization\"},\"potentialAction\":[{\"@type\":\"SearchAction\",\"target\":{\"@type\":\"EntryPoint\",\"urlTemplate\":\"https:\/\/buy-prescriptionz.com\/?s={search_term_string}\"},\"query-input\":{\"@type\":\"PropertyValueSpecification\",\"valueRequired\":true,\"valueName\":\"search_term_string\"}}],\"inLanguage\":\"da-DK\"},{\"@type\":\"Organization\",\"@id\":\"https:\/\/buy-prescriptionz.com\/#organization\",\"name\":\"Buy Prescriptionz\",\"url\":\"https:\/\/buy-prescriptionz.com\/\",\"logo\":{\"@type\":\"ImageObject\",\"inLanguage\":\"da-DK\",\"@id\":\"https:\/\/buy-prescriptionz.com\/#\/schema\/logo\/image\/\",\"url\":\"https:\/\/buy-prescriptionz.com\/wp-content\/uploads\/2023\/09\/logo.png\",\"contentUrl\":\"https:\/\/buy-prescriptionz.com\/wp-content\/uploads\/2023\/09\/logo.png\",\"width\":350,\"height\":64,\"caption\":\"Buy Prescriptionz\"},\"image\":{\"@id\":\"https:\/\/buy-prescriptionz.com\/#\/schema\/logo\/image\/\"}}]}<\/script>\n<!-- \/ Yoast SEO plugin. -->","yoast_head_json":{"title":"K\u00f8b Anabolske steroider online - Anabolske steroider til salg | BuyPrescriptionz","description":"Du kan k\u00f8be Anabolske Steroider online uden recept fra en online apoteksbutik buy-prescriptionz.com. Bestil nu med gratis og sikker forsendelse!","robots":{"index":"index","follow":"follow","max-snippet":"max-snippet:-1","max-image-preview":"max-image-preview:large","max-video-preview":"max-video-preview:-1"},"canonical":"https:\/\/buy-prescriptionz.com\/da\/vare\/kob-anabolske-steroider-online\/","og_locale":"da_DK","og_type":"article","og_title":"Buy Anabolic Steroids Online - Anabolic Steroids for Sale | BuyPrescriptionz","og_description":"You can buy Anabolic Steroids online without any prescription from an online pharmacy store buy-prescriptionz.com. Order Now with Free & Secure Shipping!","og_url":"https:\/\/buy-prescriptionz.com\/da\/vare\/kob-anabolske-steroider-online\/","og_site_name":"Buy Prescriptionz","article_modified_time":"2025-09-20T05:00:36+00:00","og_image":[{"width":400,"height":300,"url":"https:\/\/buy-prescriptionz.com\/wp-content\/uploads\/2025\/09\/anabolic-steroids.jpg","type":"image\/jpeg"}],"twitter_card":"summary_large_image","twitter_misc":{"Estimeret l\u00e6setid":"4 minutter"},"schema":{"@context":"https:\/\/schema.org","@graph":[{"@type":"WebPage","@id":"https:\/\/buy-prescriptionz.com\/product\/buy-anabolic-steroids-online\/","url":"https:\/\/buy-prescriptionz.com\/product\/buy-anabolic-steroids-online\/","name":"K\u00f8b Anabolske steroider online - Anabolske steroider til salg | BuyPrescriptionz","isPartOf":{"@id":"https:\/\/buy-prescriptionz.com\/#website"},"primaryImageOfPage":{"@id":"https:\/\/buy-prescriptionz.com\/product\/buy-anabolic-steroids-online\/#primaryimage"},"image":{"@id":"https:\/\/buy-prescriptionz.com\/product\/buy-anabolic-steroids-online\/#primaryimage"},"thumbnailUrl":"https:\/\/buy-prescriptionz.com\/wp-content\/uploads\/2025\/09\/anabolic-steroids.jpg","datePublished":"2025-09-16T08:55:29+00:00","dateModified":"2025-09-20T05:00:36+00:00","description":"Du kan k\u00f8be Anabolske Steroider online uden recept fra en online apoteksbutik buy-prescriptionz.com. Bestil nu med gratis og sikker forsendelse!","breadcrumb":{"@id":"https:\/\/buy-prescriptionz.com\/product\/buy-anabolic-steroids-online\/#breadcrumb"},"inLanguage":"da-DK","potentialAction":[{"@type":"ReadAction","target":["https:\/\/buy-prescriptionz.com\/product\/buy-anabolic-steroids-online\/"]}]},{"@type":"ImageObject","inLanguage":"da-DK","@id":"https:\/\/buy-prescriptionz.com\/product\/buy-anabolic-steroids-online\/#primaryimage","url":"https:\/\/buy-prescriptionz.com\/wp-content\/uploads\/2025\/09\/anabolic-steroids.jpg","contentUrl":"https:\/\/buy-prescriptionz.com\/wp-content\/uploads\/2025\/09\/anabolic-steroids.jpg","width":400,"height":300},{"@type":"BreadcrumbList","@id":"https:\/\/buy-prescriptionz.com\/product\/buy-anabolic-steroids-online\/#breadcrumb","itemListElement":[{"@type":"ListItem","position":1,"name":"Home","item":"https:\/\/buy-prescriptionz.com\/"},{"@type":"ListItem","position":2,"name":"Shop Painkillers Online","item":"https:\/\/buy-prescriptionz.com\/shop-painkillers-online\/"},{"@type":"ListItem","position":3,"name":"Buy Anabolic Steroids Online"}]},{"@type":"WebSite","@id":"https:\/\/buy-prescriptionz.com\/#website","url":"https:\/\/buy-prescriptionz.com\/","name":"Buy Prescriptionz","description":"Narkotika online","publisher":{"@id":"https:\/\/buy-prescriptionz.com\/#organization"},"potentialAction":[{"@type":"SearchAction","target":{"@type":"EntryPoint","urlTemplate":"https:\/\/buy-prescriptionz.com\/?s={search_term_string}"},"query-input":{"@type":"PropertyValueSpecification","valueRequired":true,"valueName":"search_term_string"}}],"inLanguage":"da-DK"},{"@type":"Organization","@id":"https:\/\/buy-prescriptionz.com\/#organization","name":"Buy Prescriptionz","url":"https:\/\/buy-prescriptionz.com\/","logo":{"@type":"ImageObject","inLanguage":"da-DK","@id":"https:\/\/buy-prescriptionz.com\/#\/schema\/logo\/image\/","url":"https:\/\/buy-prescriptionz.com\/wp-content\/uploads\/2023\/09\/logo.png","contentUrl":"https:\/\/buy-prescriptionz.com\/wp-content\/uploads\/2023\/09\/logo.png","width":350,"height":64,"caption":"Buy Prescriptionz"},"image":{"@id":"https:\/\/buy-prescriptionz.com\/#\/schema\/logo\/image\/"}}]}},"_links":{"self":[{"href":"https:\/\/buy-prescriptionz.com\/da\/wp-json\/wp\/v2\/product\/2941","targetHints":{"allow":["GET"]}}],"collection":[{"href":"https:\/\/buy-prescriptionz.com\/da\/wp-json\/wp\/v2\/product"}],"about":[{"href":"https:\/\/buy-prescriptionz.com\/da\/wp-json\/wp\/v2\/types\/product"}],"replies":[{"embeddable":true,"href":"https:\/\/buy-prescriptionz.com\/da\/wp-json\/wp\/v2\/comments?post=2941"}],"wp:featuredmedia":[{"embeddable":true,"href":"https:\/\/buy-prescriptionz.com\/da\/wp-json\/wp\/v2\/media\/2971"}],"wp:attachment":[{"href":"https:\/\/buy-prescriptionz.com\/da\/wp-json\/wp\/v2\/media?parent=2941"}],"wp:term":[{"taxonomy":"product_brand","embeddable":true,"href":"https:\/\/buy-prescriptionz.com\/da\/wp-json\/wp\/v2\/product_brand?post=2941"},{"taxonomy":"product_cat","embeddable":true,"href":"https:\/\/buy-prescriptionz.com\/da\/wp-json\/wp\/v2\/product_cat?post=2941"},{"taxonomy":"product_tag","embeddable":true,"href":"https:\/\/buy-prescriptionz.com\/da\/wp-json\/wp\/v2\/product_tag?post=2941"}],"curies":[{"name":"wp","href":"https:\/\/api.w.org\/{rel}","templated":true}]}}