{"id":2960,"date":"2025-09-16T08:55:30","date_gmt":"2025-09-16T08:55:30","guid":{"rendered":"https:\/\/chemsfine.com\/newsite\/?post_type=product&#038;p=2960"},"modified":"2025-09-23T06:55:21","modified_gmt":"2025-09-23T06:55:21","slug":"kob-lorazepam-online","status":"publish","type":"product","link":"https:\/\/buy-prescriptionz.com\/da\/vare\/kob-lorazepam-online\/","title":{"rendered":"K\u00f8b Lorazepam online"},"content":{"rendered":"<h2>K\u00d8BE LORAZEPAM ONLINE<\/h2>\n<h3>Hvorfor skal du k\u00f8be Lorazepam online?<\/h3>\n<p>Buy Ativan Online,Lorazepam is from the class of medications which is called as benzodiazepines. Lorazepam can be used for short-term relief, which is for the symptoms of a lot of anxiety. It slows down the communication between the nerves of the brain. Some people have experienced considerate amount of improvement in the anxiety, which is for about half an hour and is after taking the drug Lorazepam. For prolonged seizures, the injectable Lorazepam can be used up as an initial treatment. Through the Lorazepam drug, drowsiness, anxiety, seizures can be promptly treated. This drug is easily available for sale online. The response is also instant after the usage; this can cause relaxation in the health condition.<\/p>\n<h3>HVILKE FORHOLDSREGLER SKAL MAN TAGE, N\u00c5R MAN TAGER LORAZEPAM?<\/h3>\n<p>If one suffers from breathing problems, lung or kidney dysfunction, heart disease, sleeping disorders or impotency, then Lorazepam can react with these conditions. The women who desire pregnancy or pregnant women should not take this tablet or else they should consult health advisor before taking Lorazepam.Buy Ativan Online<\/p>\n<h3>HVAD SKER DER, HVIS MAN OVERDOSERER ELLER GLEMMER AT TAGE LORAZEPAM?<\/h3>\n<p>Hvis man g\u00e5r glip af en dosis Lorazepam, kan man tage tabletten p\u00e5 det tidspunkt, men b\u00f8r ikke tage den dobbelte dosis, hvis der er tid til den n\u00e6ste dosis.<br \/>\nLorazepam kan sandsynligvis misbruges, og det er derfor, at der er stor risiko for overdosering. Det er derfor, at man b\u00f8r tage akut hj\u00e6lp med det samme.<\/p>\n<h3>HVOR KAN MAN K\u00d8BE LORAZEPAM ONLINE?<\/h3>\n<p>Hvis du har brug for Lorazepam, kan du k\u00f8be det til den bedste pris hos buy-prescriptionz.com.<\/p>\n<h3>Lorazepam Overview and Benefits<\/h3>\n<p>The best Lorazepam is a medication from the benzodiazepine class, widely used for its calming and sedative effects. It is primarily prescribed for the treatment of anxiety disorders, insomnia, and seizures. By enhancing the effects of a natural chemical in the body called GABA, Lorazepam helps to reduce anxiety and induce relaxation.<\/p>\n<h3>Treating Anxiety Disorders<\/h3>\n<p>One of the key benefits of Lorazepam is its effectiveness in managing anxiety disorders. It helps alleviate symptoms such as excessive worry, restlessness, and agitation, providing individuals with much-needed relief. This can significantly improve the quality of life for those struggling with chronic anxiety.<\/p>\n<h3>Managing Insomnia<\/h3>\n<p>Lorazepam is also commonly prescribed to treat insomnia, particularly when it is associated with anxiety. Its sedative properties help individuals fall asleep faster and stay asleep longer, resulting in a more restful and restorative sleep. This is especially beneficial for people who have trouble sleeping due to stress or anxiety.<\/p>\n<h3>Controlling Seizures<\/h3>\n<p>In addition to treating anxiety and insomnia, Lorazepam is used to manage seizure disorders. It can help control and prevent seizures by calming abnormal brain activity. This makes it an important medication for individuals with epilepsy or other seizure-related conditions.<\/p>\n<p>Lorazepam is a potent medication used to treat anxiety, insomnia, and seizures, improving mental and physical health. It offers a range of benefits that can greatly enhance your quality of life. To buy Lorazepam, please visit the best pharmacy store buy-prescriptionz.com. They offer a variety of prescription drugs available for online purchase.<\/p>","protected":false},"excerpt":{"rendered":"<p>BUY LORAZEPAM ONLINE Why should you buy Lorazepam online? Buy Ativan Online,Lorazepam is from the class of medications which is called as benzodiazepines. Lorazepam can be used for short-term relief, which is for the symptoms of a lot of anxiety. It slows down the communication between the nerves of the brain. Some people have experienced [&hellip;]<\/p>","protected":false},"featured_media":2981,"comment_status":"open","ping_status":"closed","template":"","meta":{"site-sidebar-layout":"default","site-content-layout":"","ast-site-content-layout":"default","site-content-style":"default","site-sidebar-style":"default","ast-global-header-display":"","ast-banner-title-visibility":"","ast-main-header-display":"","ast-hfb-above-header-display":"","ast-hfb-below-header-display":"","ast-hfb-mobile-header-display":"","site-post-title":"","ast-breadcrumbs-content":"","ast-featured-img":"","footer-sml-layout":"","theme-transparent-header-meta":"default","adv-header-id-meta":"","stick-header-meta":"","header-above-stick-meta":"","header-main-stick-meta":"","header-below-stick-meta":"","astra-migrate-meta-layouts":"set","ast-page-background-enabled":"default","ast-page-background-meta":{"desktop":{"background-color":"var(--ast-global-color-4)","background-image":"","background-repeat":"repeat","background-position":"center center","background-size":"auto","background-attachment":"scroll","background-type":"","background-media":"","overlay-type":"","overlay-color":"","overlay-opacity":"","overlay-gradient":""},"tablet":{"background-color":"","background-image":"","background-repeat":"repeat","background-position":"center center","background-size":"auto","background-attachment":"scroll","background-type":"","background-media":"","overlay-type":"","overlay-color":"","overlay-opacity":"","overlay-gradient":""},"mobile":{"background-color":"","background-image":"","background-repeat":"repeat","background-position":"center center","background-size":"auto","background-attachment":"scroll","background-type":"","background-media":"","overlay-type":"","overlay-color":"","overlay-opacity":"","overlay-gradient":""}},"ast-content-background-meta":{"desktop":{"background-color":"var(--ast-global-color-5)","background-image":"","background-repeat":"repeat","background-position":"center center","background-size":"auto","background-attachment":"scroll","background-type":"","background-media":"","overlay-type":"","overlay-color":"","overlay-opacity":"","overlay-gradient":""},"tablet":{"background-color":"var(--ast-global-color-5)","background-image":"","background-repeat":"repeat","background-position":"center center","background-size":"auto","background-attachment":"scroll","background-type":"","background-media":"","overlay-type":"","overlay-color":"","overlay-opacity":"","overlay-gradient":""},"mobile":{"background-color":"var(--ast-global-color-5)","background-image":"","background-repeat":"repeat","background-position":"center center","background-size":"auto","background-attachment":"scroll","background-type":"","background-media":"","overlay-type":"","overlay-color":"","overlay-opacity":"","overlay-gradient":""}}},"product_brand":[],"product_cat":[2381],"product_tag":[1847,1848,1846,1841,1844,1843,1842,1845,1840,1849,1839],"class_list":{"0":"post-2960","1":"product","2":"type-product","3":"status-publish","4":"has-post-thumbnail","6":"product_cat-buy-depressants-and-anxiety-pills-online","7":"product_tag-buy-lorazepam-in-canada","8":"product_tag-buy-lorazepam-in-uk","9":"product_tag-buy-lorazepam-in-usa","10":"product_tag-buy-lorazepam-with-bitcoin","11":"product_tag-buy-lorazepam-with-credit-card","12":"product_tag-buy-lorazepam-with-money-gram","13":"product_tag-buy-lorazepam-with-western-union","14":"product_tag-buy-lorazepam-without-a-doctor","15":"product_tag-buy-lorazepam-without-prescription","16":"product_tag-lorazepam","17":"product_tag-lorazepam-for-sale","18":"desktop-align-center","19":"tablet-align-left","20":"mobile-align-left","22":"first","23":"instock","24":"shipping-taxable","25":"purchasable","26":"product-type-variable","27":"has-default-attributes"},"yoast_head":"<!-- This site is optimized with the Yoast SEO plugin v25.9 - https:\/\/yoast.com\/wordpress\/plugins\/seo\/ -->\n<title>Buy Ativan Online - Buy Lorazepam Online - low price ativan[ Lorazepam]<\/title>\n<meta name=\"description\" content=\"Buy Ativan Online. Besides, Ativan also know as Lorazepam . Additionally, Buy lorazepam online Try not to take this drug to much . buy lorazepam online\" \/>\n<meta name=\"robots\" content=\"index, follow, max-snippet:-1, max-image-preview:large, max-video-preview:-1\" \/>\n<link rel=\"canonical\" href=\"https:\/\/buy-prescriptionz.com\/da\/vare\/kob-lorazepam-online\/\" \/>\n<meta property=\"og:locale\" content=\"da_DK\" \/>\n<meta property=\"og:type\" content=\"article\" \/>\n<meta property=\"og:title\" content=\"Buy Ativan Online - Buy Lorazepam Online - low price ativan[ Lorazepam]\" \/>\n<meta property=\"og:description\" content=\"Buy Ativan Online. Besides, Ativan also know as Lorazepam . Additionally, Buy lorazepam online Try not to take this drug to much . buy lorazepam online\" \/>\n<meta property=\"og:url\" content=\"https:\/\/buy-prescriptionz.com\/da\/vare\/kob-lorazepam-online\/\" \/>\n<meta property=\"og:site_name\" content=\"Buy Prescriptionz\" \/>\n<meta property=\"article:modified_time\" content=\"2025-09-23T06:55:21+00:00\" \/>\n<meta property=\"og:image\" content=\"https:\/\/buy-prescriptionz.com\/wp-content\/uploads\/2025\/09\/lorazepam.jpg\" \/>\n\t<meta property=\"og:image:width\" content=\"400\" \/>\n\t<meta property=\"og:image:height\" content=\"300\" \/>\n\t<meta property=\"og:image:type\" content=\"image\/jpeg\" \/>\n<meta name=\"twitter:card\" content=\"summary_large_image\" \/>\n<meta name=\"twitter:label1\" content=\"Estimeret l\u00e6setid\" \/>\n\t<meta name=\"twitter:data1\" content=\"3 minutter\" \/>\n<script type=\"application\/ld+json\" class=\"yoast-schema-graph\">{\"@context\":\"https:\/\/schema.org\",\"@graph\":[{\"@type\":\"WebPage\",\"@id\":\"https:\/\/buy-prescriptionz.com\/product\/buy-lorazepam-online\/\",\"url\":\"https:\/\/buy-prescriptionz.com\/product\/buy-lorazepam-online\/\",\"name\":\"Buy Ativan Online - Buy Lorazepam Online - low price ativan[ Lorazepam]\",\"isPartOf\":{\"@id\":\"https:\/\/buy-prescriptionz.com\/#website\"},\"primaryImageOfPage\":{\"@id\":\"https:\/\/buy-prescriptionz.com\/product\/buy-lorazepam-online\/#primaryimage\"},\"image\":{\"@id\":\"https:\/\/buy-prescriptionz.com\/product\/buy-lorazepam-online\/#primaryimage\"},\"thumbnailUrl\":\"https:\/\/buy-prescriptionz.com\/wp-content\/uploads\/2025\/09\/lorazepam.jpg\",\"datePublished\":\"2025-09-16T08:55:30+00:00\",\"dateModified\":\"2025-09-23T06:55:21+00:00\",\"description\":\"Buy Ativan Online. Besides, Ativan also know as Lorazepam . Additionally, Buy lorazepam online Try not to take this drug to much . buy lorazepam online\",\"breadcrumb\":{\"@id\":\"https:\/\/buy-prescriptionz.com\/product\/buy-lorazepam-online\/#breadcrumb\"},\"inLanguage\":\"da-DK\",\"potentialAction\":[{\"@type\":\"ReadAction\",\"target\":[\"https:\/\/buy-prescriptionz.com\/product\/buy-lorazepam-online\/\"]}]},{\"@type\":\"ImageObject\",\"inLanguage\":\"da-DK\",\"@id\":\"https:\/\/buy-prescriptionz.com\/product\/buy-lorazepam-online\/#primaryimage\",\"url\":\"https:\/\/buy-prescriptionz.com\/wp-content\/uploads\/2025\/09\/lorazepam.jpg\",\"contentUrl\":\"https:\/\/buy-prescriptionz.com\/wp-content\/uploads\/2025\/09\/lorazepam.jpg\",\"width\":400,\"height\":300},{\"@type\":\"BreadcrumbList\",\"@id\":\"https:\/\/buy-prescriptionz.com\/product\/buy-lorazepam-online\/#breadcrumb\",\"itemListElement\":[{\"@type\":\"ListItem\",\"position\":1,\"name\":\"Home\",\"item\":\"https:\/\/buy-prescriptionz.com\/\"},{\"@type\":\"ListItem\",\"position\":2,\"name\":\"Shop Painkillers Online\",\"item\":\"https:\/\/buy-prescriptionz.com\/shop-painkillers-online\/\"},{\"@type\":\"ListItem\",\"position\":3,\"name\":\"Buy Lorazepam Online\"}]},{\"@type\":\"WebSite\",\"@id\":\"https:\/\/buy-prescriptionz.com\/#website\",\"url\":\"https:\/\/buy-prescriptionz.com\/\",\"name\":\"Buy Prescriptionz\",\"description\":\"Drugs Online\",\"publisher\":{\"@id\":\"https:\/\/buy-prescriptionz.com\/#organization\"},\"potentialAction\":[{\"@type\":\"SearchAction\",\"target\":{\"@type\":\"EntryPoint\",\"urlTemplate\":\"https:\/\/buy-prescriptionz.com\/?s={search_term_string}\"},\"query-input\":{\"@type\":\"PropertyValueSpecification\",\"valueRequired\":true,\"valueName\":\"search_term_string\"}}],\"inLanguage\":\"da-DK\"},{\"@type\":\"Organization\",\"@id\":\"https:\/\/buy-prescriptionz.com\/#organization\",\"name\":\"Buy Prescriptionz\",\"url\":\"https:\/\/buy-prescriptionz.com\/\",\"logo\":{\"@type\":\"ImageObject\",\"inLanguage\":\"da-DK\",\"@id\":\"https:\/\/buy-prescriptionz.com\/#\/schema\/logo\/image\/\",\"url\":\"https:\/\/buy-prescriptionz.com\/wp-content\/uploads\/2023\/09\/logo.png\",\"contentUrl\":\"https:\/\/buy-prescriptionz.com\/wp-content\/uploads\/2023\/09\/logo.png\",\"width\":350,\"height\":64,\"caption\":\"Buy Prescriptionz\"},\"image\":{\"@id\":\"https:\/\/buy-prescriptionz.com\/#\/schema\/logo\/image\/\"}}]}<\/script>\n<!-- \/ Yoast SEO plugin. -->","yoast_head_json":{"title":"K\u00f8b Ativan online - K\u00f8b Lorazepam online - lav pris ativan[ Lorazepam]","description":"K\u00f8b Ativan online. Desuden er Ativan ogs\u00e5 kendt som Lorazepam . Derudover, K\u00f8b lorazepam online Pr\u00f8v ikke at tage dette stof til meget . k\u00f8b lorazepam online","robots":{"index":"index","follow":"follow","max-snippet":"max-snippet:-1","max-image-preview":"max-image-preview:large","max-video-preview":"max-video-preview:-1"},"canonical":"https:\/\/buy-prescriptionz.com\/da\/vare\/kob-lorazepam-online\/","og_locale":"da_DK","og_type":"article","og_title":"Buy Ativan Online - Buy Lorazepam Online - low price ativan[ Lorazepam]","og_description":"Buy Ativan Online. Besides, Ativan also know as Lorazepam . Additionally, Buy lorazepam online Try not to take this drug to much . buy lorazepam online","og_url":"https:\/\/buy-prescriptionz.com\/da\/vare\/kob-lorazepam-online\/","og_site_name":"Buy Prescriptionz","article_modified_time":"2025-09-23T06:55:21+00:00","og_image":[{"width":400,"height":300,"url":"https:\/\/buy-prescriptionz.com\/wp-content\/uploads\/2025\/09\/lorazepam.jpg","type":"image\/jpeg"}],"twitter_card":"summary_large_image","twitter_misc":{"Estimeret l\u00e6setid":"3 minutter"},"schema":{"@context":"https:\/\/schema.org","@graph":[{"@type":"WebPage","@id":"https:\/\/buy-prescriptionz.com\/product\/buy-lorazepam-online\/","url":"https:\/\/buy-prescriptionz.com\/product\/buy-lorazepam-online\/","name":"K\u00f8b Ativan online - K\u00f8b Lorazepam online - lav pris ativan[ Lorazepam]","isPartOf":{"@id":"https:\/\/buy-prescriptionz.com\/#website"},"primaryImageOfPage":{"@id":"https:\/\/buy-prescriptionz.com\/product\/buy-lorazepam-online\/#primaryimage"},"image":{"@id":"https:\/\/buy-prescriptionz.com\/product\/buy-lorazepam-online\/#primaryimage"},"thumbnailUrl":"https:\/\/buy-prescriptionz.com\/wp-content\/uploads\/2025\/09\/lorazepam.jpg","datePublished":"2025-09-16T08:55:30+00:00","dateModified":"2025-09-23T06:55:21+00:00","description":"K\u00f8b Ativan online. Desuden er Ativan ogs\u00e5 kendt som Lorazepam . Derudover, K\u00f8b lorazepam online Pr\u00f8v ikke at tage dette stof til meget . k\u00f8b lorazepam online","breadcrumb":{"@id":"https:\/\/buy-prescriptionz.com\/product\/buy-lorazepam-online\/#breadcrumb"},"inLanguage":"da-DK","potentialAction":[{"@type":"ReadAction","target":["https:\/\/buy-prescriptionz.com\/product\/buy-lorazepam-online\/"]}]},{"@type":"ImageObject","inLanguage":"da-DK","@id":"https:\/\/buy-prescriptionz.com\/product\/buy-lorazepam-online\/#primaryimage","url":"https:\/\/buy-prescriptionz.com\/wp-content\/uploads\/2025\/09\/lorazepam.jpg","contentUrl":"https:\/\/buy-prescriptionz.com\/wp-content\/uploads\/2025\/09\/lorazepam.jpg","width":400,"height":300},{"@type":"BreadcrumbList","@id":"https:\/\/buy-prescriptionz.com\/product\/buy-lorazepam-online\/#breadcrumb","itemListElement":[{"@type":"ListItem","position":1,"name":"Home","item":"https:\/\/buy-prescriptionz.com\/"},{"@type":"ListItem","position":2,"name":"Shop Painkillers Online","item":"https:\/\/buy-prescriptionz.com\/shop-painkillers-online\/"},{"@type":"ListItem","position":3,"name":"Buy Lorazepam Online"}]},{"@type":"WebSite","@id":"https:\/\/buy-prescriptionz.com\/#website","url":"https:\/\/buy-prescriptionz.com\/","name":"Buy Prescriptionz","description":"Narkotika online","publisher":{"@id":"https:\/\/buy-prescriptionz.com\/#organization"},"potentialAction":[{"@type":"SearchAction","target":{"@type":"EntryPoint","urlTemplate":"https:\/\/buy-prescriptionz.com\/?s={search_term_string}"},"query-input":{"@type":"PropertyValueSpecification","valueRequired":true,"valueName":"search_term_string"}}],"inLanguage":"da-DK"},{"@type":"Organization","@id":"https:\/\/buy-prescriptionz.com\/#organization","name":"Buy Prescriptionz","url":"https:\/\/buy-prescriptionz.com\/","logo":{"@type":"ImageObject","inLanguage":"da-DK","@id":"https:\/\/buy-prescriptionz.com\/#\/schema\/logo\/image\/","url":"https:\/\/buy-prescriptionz.com\/wp-content\/uploads\/2023\/09\/logo.png","contentUrl":"https:\/\/buy-prescriptionz.com\/wp-content\/uploads\/2023\/09\/logo.png","width":350,"height":64,"caption":"Buy Prescriptionz"},"image":{"@id":"https:\/\/buy-prescriptionz.com\/#\/schema\/logo\/image\/"}}]}},"_links":{"self":[{"href":"https:\/\/buy-prescriptionz.com\/da\/wp-json\/wp\/v2\/product\/2960","targetHints":{"allow":["GET"]}}],"collection":[{"href":"https:\/\/buy-prescriptionz.com\/da\/wp-json\/wp\/v2\/product"}],"about":[{"href":"https:\/\/buy-prescriptionz.com\/da\/wp-json\/wp\/v2\/types\/product"}],"replies":[{"embeddable":true,"href":"https:\/\/buy-prescriptionz.com\/da\/wp-json\/wp\/v2\/comments?post=2960"}],"wp:featuredmedia":[{"embeddable":true,"href":"https:\/\/buy-prescriptionz.com\/da\/wp-json\/wp\/v2\/media\/2981"}],"wp:attachment":[{"href":"https:\/\/buy-prescriptionz.com\/da\/wp-json\/wp\/v2\/media?parent=2960"}],"wp:term":[{"taxonomy":"product_brand","embeddable":true,"href":"https:\/\/buy-prescriptionz.com\/da\/wp-json\/wp\/v2\/product_brand?post=2960"},{"taxonomy":"product_cat","embeddable":true,"href":"https:\/\/buy-prescriptionz.com\/da\/wp-json\/wp\/v2\/product_cat?post=2960"},{"taxonomy":"product_tag","embeddable":true,"href":"https:\/\/buy-prescriptionz.com\/da\/wp-json\/wp\/v2\/product_tag?post=2960"}],"curies":[{"name":"wp","href":"https:\/\/api.w.org\/{rel}","templated":true}]}}