{"id":2982,"date":"2025-09-16T08:55:51","date_gmt":"2025-09-16T08:55:51","guid":{"rendered":"https:\/\/chemsfine.com\/newsite\/?post_type=product&#038;p=2982"},"modified":"2025-09-20T12:20:33","modified_gmt":"2025-09-20T12:20:33","slug":"kob-clonazepam-online","status":"publish","type":"product","link":"https:\/\/buy-prescriptionz.com\/da\/vare\/kob-clonazepam-online\/","title":{"rendered":"K\u00f8b Clonazepam online"},"content":{"rendered":"<h2>Buy Clonazepam Online: What is Clonazepam<\/h2>\n<p>Buy Clonazepam Online Clonazepam is used to control certain types of seizures and can be used alone or with other medications. It can also be used to relieve panic attacks. Clonazepam comes in a class of medication which is called as benzodiazepines. It reduces the abnormal electric activity in the brain.<\/p>\n<h3>Hvad omfatter funktionerne af Clonazepam?<\/h3>\n<p>Clonazepam har en masse terapeutiske anvendelser, hvor det h\u00f8rer under et benzodiazepinl\u00e6gemiddel. Det kan bruges til at:<\/p>\n<p>1. Kontrol af anfaldsforstyrrelsen<br \/>\n2. Kontrol af angstlidelsen<br \/>\n3. Virke som et sovemiddel<\/p>\n<h3>Hvilke forholdsregler skal man f\u00f8lge, n\u00e5r man bruger Clonazepam?<\/h3>\n<p>1. Man b\u00f8r informere l\u00e6gen om sine pr\u00e6medicinske forhold som \u00e5ndedr\u00e6tsbesv\u00e6r, psykisk lidelse, nyre- eller lungesygdom osv., f\u00f8r man tager Clonazepam.<br \/>\n2. Det er farligt, hvis man tager marihuana eller alkohol med Clonazepam-l\u00e6gemiddel. Det er farligt, da det kan g\u00f8re dig meget svimmel.<\/p>\n<h3>Hvad kan der ske, hvis man glemmer eller overdoserer Clonazepam?<\/h3>\n<p>1. Hvis man g\u00e5r glip af dosis af Clonazepam, skal man tage den p\u00e5 det tidspunkt, man husker, men man skal ikke tage den med den n\u00e6ste dosisplan<br \/>\n2. It might be imminent if there is an overdose of Clonazepam. So one should call the emergency helpline or healthcare professional so that there can be avoidance of complications.<\/p>\n<h3>Hvad omfatter bivirkningerne af Clonazepam?<\/h3>\n<p>Nedenfor er de bivirkninger, som kan forekomme p\u00e5 grund af Clonazepam, som:<\/p>\n<p>1. Mareridt<br \/>\n2. Hallucinationer<br \/>\n3. Svigt i korttidshukommelsen<br \/>\n4. Psykisk forvirring<br \/>\n5. Drastiske hum\u00f8rsvingninger<br \/>\n6. Irritabilitet<\/p>\n<h3>Clonazepam Overview and Benefits<\/h3>\n<p>Clonazepam is a medication that belongs to the benzodiazepine class of drugs. It is commonly prescribed for the treatment of seizures, panic disorders, and anxiety. The drug works by calming the brain and nerves, which helps reduce the frequency and severity of seizures and panic attacks.<\/p>\n<p>One of the primary uses of the best Clonazepam is in managing seizure disorders, such as epilepsy. It helps in preventing and controlling seizures by stabilizing electrical activity in the brain. This makes it an essential medication for individuals with epilepsy, providing them with better control over their condition and improving their quality of life.<\/p>\n<p>Clonazepam is also widely used to treat panic disorder, which is characterized by sudden and unexpected episodes of intense fear. These episodes can be debilitating and interfere with daily activities. By reducing the abnormal brain activity that leads to these panic attacks, Clonazepam helps individuals manage their symptoms more effectively, allowing them to lead a more normal and productive life.<\/p>\n<p>Another significant benefit of Clonazepam is its effectiveness in treating anxiety disorders. It provides quick relief from symptoms such as excessive worry, restlessness, and tension. The calming effect of Clonazepam can help individuals feel more relaxed and less anxious, which is especially beneficial for those who struggle with chronic anxiety.<\/p>\n<p>In addition to its primary uses, Clonazepam can also be prescribed for other conditions as determined by a healthcare provider. However, it&#8217;s important to use this medication under medical supervision due to the potential for dependency and other side effects.<\/p>\n<p>Clonazepam offers valuable benefits for those suffering from seizures, panic disorders, and anxiety. Its ability to stabilize brain activity and provide quick relief from symptoms makes it a crucial medication for many individuals. If you&#8217;re considering Clonazepam for your treatment, make sure to consult with a healthcare professional for proper guidance.<\/p>\n<h3><strong>Where can I buy Clonazepam?<\/strong><\/h3>\n<p>For a convenient and reliable source to purchase Clonazepam, visit the best pharmacy store <a href=\"https:\/\/buy-prescriptionz.com\/da\/\">buy-prescriptionz.com<\/a>. They offer a wide range of prescription medications with the ease of online ordering.<\/p>\n<h3>Hvor kan man k\u00f8be Clonazepam online?<\/h3>\n<p>Man kan k\u00f8be Clonazepam hos Buy Prescriptionz til den bedste pris. Du kan bestille det bedste af l\u00e6gemidler her nu!<\/p>","protected":false},"excerpt":{"rendered":"<p>Buy Clonazepam Online: What is Clonazepam Buy Clonazepam Online Clonazepam is used to control certain types of seizures and can be used alone or with other medications. It can also be used to relieve panic attacks. Clonazepam comes in a class of medication which is called as benzodiazepines. It reduces the abnormal electric activity in [&hellip;]<\/p>","protected":false},"featured_media":3012,"comment_status":"open","ping_status":"closed","template":"","meta":{"site-sidebar-layout":"default","site-content-layout":"","ast-site-content-layout":"default","site-content-style":"default","site-sidebar-style":"default","ast-global-header-display":"","ast-banner-title-visibility":"","ast-main-header-display":"","ast-hfb-above-header-display":"","ast-hfb-below-header-display":"","ast-hfb-mobile-header-display":"","site-post-title":"","ast-breadcrumbs-content":"","ast-featured-img":"","footer-sml-layout":"","theme-transparent-header-meta":"default","adv-header-id-meta":"","stick-header-meta":"","header-above-stick-meta":"","header-main-stick-meta":"","header-below-stick-meta":"","astra-migrate-meta-layouts":"set","ast-page-background-enabled":"default","ast-page-background-meta":{"desktop":{"background-color":"var(--ast-global-color-4)","background-image":"","background-repeat":"repeat","background-position":"center center","background-size":"auto","background-attachment":"scroll","background-type":"","background-media":"","overlay-type":"","overlay-color":"","overlay-opacity":"","overlay-gradient":""},"tablet":{"background-color":"","background-image":"","background-repeat":"repeat","background-position":"center center","background-size":"auto","background-attachment":"scroll","background-type":"","background-media":"","overlay-type":"","overlay-color":"","overlay-opacity":"","overlay-gradient":""},"mobile":{"background-color":"","background-image":"","background-repeat":"repeat","background-position":"center center","background-size":"auto","background-attachment":"scroll","background-type":"","background-media":"","overlay-type":"","overlay-color":"","overlay-opacity":"","overlay-gradient":""}},"ast-content-background-meta":{"desktop":{"background-color":"var(--ast-global-color-5)","background-image":"","background-repeat":"repeat","background-position":"center center","background-size":"auto","background-attachment":"scroll","background-type":"","background-media":"","overlay-type":"","overlay-color":"","overlay-opacity":"","overlay-gradient":""},"tablet":{"background-color":"var(--ast-global-color-5)","background-image":"","background-repeat":"repeat","background-position":"center center","background-size":"auto","background-attachment":"scroll","background-type":"","background-media":"","overlay-type":"","overlay-color":"","overlay-opacity":"","overlay-gradient":""},"mobile":{"background-color":"var(--ast-global-color-5)","background-image":"","background-repeat":"repeat","background-position":"center center","background-size":"auto","background-attachment":"scroll","background-type":"","background-media":"","overlay-type":"","overlay-color":"","overlay-opacity":"","overlay-gradient":""}}},"product_brand":[],"product_cat":[2381],"product_tag":[1858,1859,1857,1852,1855,1854,1853,1856,1851,1850,1860],"class_list":{"0":"post-2982","1":"product","2":"type-product","3":"status-publish","4":"has-post-thumbnail","6":"product_cat-buy-depressants-and-anxiety-pills-online","7":"product_tag-buy-clonazepam-in-canada","8":"product_tag-buy-clonazepam-in-uk","9":"product_tag-buy-clonazepam-in-usa","10":"product_tag-buy-clonazepam-with-bitcoin","11":"product_tag-buy-clonazepam-with-credit-card","12":"product_tag-buy-clonazepam-with-money-gram","13":"product_tag-buy-clonazepam-with-western-union","14":"product_tag-buy-clonazepam-without-a-doctor","15":"product_tag-buy-clonazepam-without-prescription","16":"product_tag-clonazepam-for-sale","17":"product_tag-clonazepam-pills","18":"desktop-align-center","19":"tablet-align-left","20":"mobile-align-left","22":"first","23":"instock","24":"shipping-taxable","25":"purchasable","26":"product-type-variable","27":"has-default-attributes"},"yoast_head":"<!-- This site is optimized with the Yoast SEO plugin v25.9 - https:\/\/yoast.com\/wordpress\/plugins\/seo\/ -->\n<title>Buy Clonazepam Online, Buy Rivotril Online, Purchase Rivotril<\/title>\n<meta name=\"description\" content=\"Buy clonazepam online.Buy klonopin online, buy clonazepam online, buy clonazepam, Buy klonopin online legally, buy klonopin, buy klonopin online reviews\" \/>\n<meta name=\"robots\" content=\"index, follow, max-snippet:-1, max-image-preview:large, max-video-preview:-1\" \/>\n<link rel=\"canonical\" href=\"https:\/\/buy-prescriptionz.com\/da\/vare\/kob-clonazepam-online\/\" \/>\n<meta property=\"og:locale\" content=\"da_DK\" \/>\n<meta property=\"og:type\" content=\"article\" \/>\n<meta property=\"og:title\" content=\"Buy Clonazepam Online, Buy Rivotril Online, Purchase Rivotril\" \/>\n<meta property=\"og:description\" content=\"Buy clonazepam online.Buy klonopin online, buy clonazepam online, buy clonazepam, Buy klonopin online legally, buy klonopin, buy klonopin online reviews\" \/>\n<meta property=\"og:url\" content=\"https:\/\/buy-prescriptionz.com\/da\/vare\/kob-clonazepam-online\/\" \/>\n<meta property=\"og:site_name\" content=\"Buy Prescriptionz\" \/>\n<meta property=\"article:modified_time\" content=\"2025-09-20T12:20:33+00:00\" \/>\n<meta property=\"og:image\" content=\"https:\/\/buy-prescriptionz.com\/wp-content\/uploads\/2025\/09\/clonazepam.jpg\" \/>\n\t<meta property=\"og:image:width\" content=\"400\" \/>\n\t<meta property=\"og:image:height\" content=\"300\" \/>\n\t<meta property=\"og:image:type\" content=\"image\/jpeg\" \/>\n<meta name=\"twitter:card\" content=\"summary_large_image\" \/>\n<meta name=\"twitter:label1\" content=\"Estimeret l\u00e6setid\" \/>\n\t<meta name=\"twitter:data1\" content=\"3 minutter\" \/>\n<script type=\"application\/ld+json\" class=\"yoast-schema-graph\">{\"@context\":\"https:\/\/schema.org\",\"@graph\":[{\"@type\":\"WebPage\",\"@id\":\"https:\/\/buy-prescriptionz.com\/product\/buy-clonazepam-online\/\",\"url\":\"https:\/\/buy-prescriptionz.com\/product\/buy-clonazepam-online\/\",\"name\":\"Buy Clonazepam Online, Buy Rivotril Online, Purchase Rivotril\",\"isPartOf\":{\"@id\":\"https:\/\/buy-prescriptionz.com\/#website\"},\"primaryImageOfPage\":{\"@id\":\"https:\/\/buy-prescriptionz.com\/product\/buy-clonazepam-online\/#primaryimage\"},\"image\":{\"@id\":\"https:\/\/buy-prescriptionz.com\/product\/buy-clonazepam-online\/#primaryimage\"},\"thumbnailUrl\":\"https:\/\/buy-prescriptionz.com\/wp-content\/uploads\/2025\/09\/clonazepam.jpg\",\"datePublished\":\"2025-09-16T08:55:51+00:00\",\"dateModified\":\"2025-09-20T12:20:33+00:00\",\"description\":\"Buy clonazepam online.Buy klonopin online, buy clonazepam online, buy clonazepam, Buy klonopin online legally, buy klonopin, buy klonopin online reviews\",\"breadcrumb\":{\"@id\":\"https:\/\/buy-prescriptionz.com\/product\/buy-clonazepam-online\/#breadcrumb\"},\"inLanguage\":\"da-DK\",\"potentialAction\":[{\"@type\":\"ReadAction\",\"target\":[\"https:\/\/buy-prescriptionz.com\/product\/buy-clonazepam-online\/\"]}]},{\"@type\":\"ImageObject\",\"inLanguage\":\"da-DK\",\"@id\":\"https:\/\/buy-prescriptionz.com\/product\/buy-clonazepam-online\/#primaryimage\",\"url\":\"https:\/\/buy-prescriptionz.com\/wp-content\/uploads\/2025\/09\/clonazepam.jpg\",\"contentUrl\":\"https:\/\/buy-prescriptionz.com\/wp-content\/uploads\/2025\/09\/clonazepam.jpg\",\"width\":400,\"height\":300},{\"@type\":\"BreadcrumbList\",\"@id\":\"https:\/\/buy-prescriptionz.com\/product\/buy-clonazepam-online\/#breadcrumb\",\"itemListElement\":[{\"@type\":\"ListItem\",\"position\":1,\"name\":\"Home\",\"item\":\"https:\/\/buy-prescriptionz.com\/\"},{\"@type\":\"ListItem\",\"position\":2,\"name\":\"Shop Painkillers Online\",\"item\":\"https:\/\/buy-prescriptionz.com\/shop-painkillers-online\/\"},{\"@type\":\"ListItem\",\"position\":3,\"name\":\"Buy Clonazepam Online\"}]},{\"@type\":\"WebSite\",\"@id\":\"https:\/\/buy-prescriptionz.com\/#website\",\"url\":\"https:\/\/buy-prescriptionz.com\/\",\"name\":\"Buy Prescriptionz\",\"description\":\"Drugs Online\",\"publisher\":{\"@id\":\"https:\/\/buy-prescriptionz.com\/#organization\"},\"potentialAction\":[{\"@type\":\"SearchAction\",\"target\":{\"@type\":\"EntryPoint\",\"urlTemplate\":\"https:\/\/buy-prescriptionz.com\/?s={search_term_string}\"},\"query-input\":{\"@type\":\"PropertyValueSpecification\",\"valueRequired\":true,\"valueName\":\"search_term_string\"}}],\"inLanguage\":\"da-DK\"},{\"@type\":\"Organization\",\"@id\":\"https:\/\/buy-prescriptionz.com\/#organization\",\"name\":\"Buy Prescriptionz\",\"url\":\"https:\/\/buy-prescriptionz.com\/\",\"logo\":{\"@type\":\"ImageObject\",\"inLanguage\":\"da-DK\",\"@id\":\"https:\/\/buy-prescriptionz.com\/#\/schema\/logo\/image\/\",\"url\":\"https:\/\/buy-prescriptionz.com\/wp-content\/uploads\/2023\/09\/logo.png\",\"contentUrl\":\"https:\/\/buy-prescriptionz.com\/wp-content\/uploads\/2023\/09\/logo.png\",\"width\":350,\"height\":64,\"caption\":\"Buy Prescriptionz\"},\"image\":{\"@id\":\"https:\/\/buy-prescriptionz.com\/#\/schema\/logo\/image\/\"}}]}<\/script>\n<!-- \/ Yoast SEO plugin. -->","yoast_head_json":{"title":"K\u00f8b Clonazepam online, K\u00f8b Rivotril online, K\u00f8b Rivotril","description":"K\u00f8b klonzepam online.K\u00f8b klonopin online, k\u00f8b klonzepam online, k\u00f8b klonzepam online, k\u00f8b klonopin online lovligt, k\u00f8b klonopin, k\u00f8b klonopin online anmeldelser","robots":{"index":"index","follow":"follow","max-snippet":"max-snippet:-1","max-image-preview":"max-image-preview:large","max-video-preview":"max-video-preview:-1"},"canonical":"https:\/\/buy-prescriptionz.com\/da\/vare\/kob-clonazepam-online\/","og_locale":"da_DK","og_type":"article","og_title":"Buy Clonazepam Online, Buy Rivotril Online, Purchase Rivotril","og_description":"Buy clonazepam online.Buy klonopin online, buy clonazepam online, buy clonazepam, Buy klonopin online legally, buy klonopin, buy klonopin online reviews","og_url":"https:\/\/buy-prescriptionz.com\/da\/vare\/kob-clonazepam-online\/","og_site_name":"Buy Prescriptionz","article_modified_time":"2025-09-20T12:20:33+00:00","og_image":[{"width":400,"height":300,"url":"https:\/\/buy-prescriptionz.com\/wp-content\/uploads\/2025\/09\/clonazepam.jpg","type":"image\/jpeg"}],"twitter_card":"summary_large_image","twitter_misc":{"Estimeret l\u00e6setid":"3 minutter"},"schema":{"@context":"https:\/\/schema.org","@graph":[{"@type":"WebPage","@id":"https:\/\/buy-prescriptionz.com\/product\/buy-clonazepam-online\/","url":"https:\/\/buy-prescriptionz.com\/product\/buy-clonazepam-online\/","name":"K\u00f8b Clonazepam online, K\u00f8b Rivotril online, K\u00f8b Rivotril","isPartOf":{"@id":"https:\/\/buy-prescriptionz.com\/#website"},"primaryImageOfPage":{"@id":"https:\/\/buy-prescriptionz.com\/product\/buy-clonazepam-online\/#primaryimage"},"image":{"@id":"https:\/\/buy-prescriptionz.com\/product\/buy-clonazepam-online\/#primaryimage"},"thumbnailUrl":"https:\/\/buy-prescriptionz.com\/wp-content\/uploads\/2025\/09\/clonazepam.jpg","datePublished":"2025-09-16T08:55:51+00:00","dateModified":"2025-09-20T12:20:33+00:00","description":"K\u00f8b klonzepam online.K\u00f8b klonopin online, k\u00f8b klonzepam online, k\u00f8b klonzepam online, k\u00f8b klonopin online lovligt, k\u00f8b klonopin, k\u00f8b klonopin online anmeldelser","breadcrumb":{"@id":"https:\/\/buy-prescriptionz.com\/product\/buy-clonazepam-online\/#breadcrumb"},"inLanguage":"da-DK","potentialAction":[{"@type":"ReadAction","target":["https:\/\/buy-prescriptionz.com\/product\/buy-clonazepam-online\/"]}]},{"@type":"ImageObject","inLanguage":"da-DK","@id":"https:\/\/buy-prescriptionz.com\/product\/buy-clonazepam-online\/#primaryimage","url":"https:\/\/buy-prescriptionz.com\/wp-content\/uploads\/2025\/09\/clonazepam.jpg","contentUrl":"https:\/\/buy-prescriptionz.com\/wp-content\/uploads\/2025\/09\/clonazepam.jpg","width":400,"height":300},{"@type":"BreadcrumbList","@id":"https:\/\/buy-prescriptionz.com\/product\/buy-clonazepam-online\/#breadcrumb","itemListElement":[{"@type":"ListItem","position":1,"name":"Home","item":"https:\/\/buy-prescriptionz.com\/"},{"@type":"ListItem","position":2,"name":"Shop Painkillers Online","item":"https:\/\/buy-prescriptionz.com\/shop-painkillers-online\/"},{"@type":"ListItem","position":3,"name":"Buy Clonazepam Online"}]},{"@type":"WebSite","@id":"https:\/\/buy-prescriptionz.com\/#website","url":"https:\/\/buy-prescriptionz.com\/","name":"Buy Prescriptionz","description":"Narkotika online","publisher":{"@id":"https:\/\/buy-prescriptionz.com\/#organization"},"potentialAction":[{"@type":"SearchAction","target":{"@type":"EntryPoint","urlTemplate":"https:\/\/buy-prescriptionz.com\/?s={search_term_string}"},"query-input":{"@type":"PropertyValueSpecification","valueRequired":true,"valueName":"search_term_string"}}],"inLanguage":"da-DK"},{"@type":"Organization","@id":"https:\/\/buy-prescriptionz.com\/#organization","name":"Buy Prescriptionz","url":"https:\/\/buy-prescriptionz.com\/","logo":{"@type":"ImageObject","inLanguage":"da-DK","@id":"https:\/\/buy-prescriptionz.com\/#\/schema\/logo\/image\/","url":"https:\/\/buy-prescriptionz.com\/wp-content\/uploads\/2023\/09\/logo.png","contentUrl":"https:\/\/buy-prescriptionz.com\/wp-content\/uploads\/2023\/09\/logo.png","width":350,"height":64,"caption":"Buy Prescriptionz"},"image":{"@id":"https:\/\/buy-prescriptionz.com\/#\/schema\/logo\/image\/"}}]}},"_links":{"self":[{"href":"https:\/\/buy-prescriptionz.com\/da\/wp-json\/wp\/v2\/product\/2982","targetHints":{"allow":["GET"]}}],"collection":[{"href":"https:\/\/buy-prescriptionz.com\/da\/wp-json\/wp\/v2\/product"}],"about":[{"href":"https:\/\/buy-prescriptionz.com\/da\/wp-json\/wp\/v2\/types\/product"}],"replies":[{"embeddable":true,"href":"https:\/\/buy-prescriptionz.com\/da\/wp-json\/wp\/v2\/comments?post=2982"}],"wp:featuredmedia":[{"embeddable":true,"href":"https:\/\/buy-prescriptionz.com\/da\/wp-json\/wp\/v2\/media\/3012"}],"wp:attachment":[{"href":"https:\/\/buy-prescriptionz.com\/da\/wp-json\/wp\/v2\/media?parent=2982"}],"wp:term":[{"taxonomy":"product_brand","embeddable":true,"href":"https:\/\/buy-prescriptionz.com\/da\/wp-json\/wp\/v2\/product_brand?post=2982"},{"taxonomy":"product_cat","embeddable":true,"href":"https:\/\/buy-prescriptionz.com\/da\/wp-json\/wp\/v2\/product_cat?post=2982"},{"taxonomy":"product_tag","embeddable":true,"href":"https:\/\/buy-prescriptionz.com\/da\/wp-json\/wp\/v2\/product_tag?post=2982"}],"curies":[{"name":"wp","href":"https:\/\/api.w.org\/{rel}","templated":true}]}}