{"id":2984,"date":"2025-09-16T08:55:51","date_gmt":"2025-09-16T08:55:51","guid":{"rendered":"https:\/\/chemsfine.com\/newsite\/?post_type=product&#038;p=2984"},"modified":"2025-09-26T10:12:51","modified_gmt":"2025-09-26T10:12:51","slug":"buy-xanax-online-2-2","status":"publish","type":"product","link":"https:\/\/buy-prescriptionz.com\/da\/vare\/buy-xanax-online-2-2\/","title":{"rendered":"K\u00f8b Xanax online"},"content":{"rendered":"<h2>K\u00f8b Xanax online<\/h2>\n<p>K\u00f8b Xanax online Xanax tilh\u00f8rer en klasse af l\u00e6gemidler kendt som benzodiazepiner og bruges til at helbrede panikanfald. For at k\u00f8be Xanax online, s\u00f8g og bestil det. Processen er s\u00e5 enkel som den kan blive. K\u00f8b Xanax uden recept som virker hurtigt og helbreder de n\u00f8dvendige symptomer.<\/p>\n<p>Xanax, also known by its generic name Alprazolam, is a widely prescribed medication primarily used to treat anxiety and panic disorders. Here\u2019s everything you need to know about this medication:<\/p>\n<h4>What is Xanax?<\/h4>\n<p>Xanax belongs to a class of drugs called benzodiazepines. It works by enhancing the effects of a neurotransmitter called gamma-aminobutyric acid (GABA) in the brain, which helps to calm the nervous system.<\/p>\n<h4>Uses of Xanax<\/h4>\n<ul>\n<li>Anxiety Disorders: the best Xanax is commonly prescribed to manage symptoms of generalized anxiety disorder (GAD), social anxiety disorder, and other forms of anxiety.<\/li>\n<li>Panic Disorders: It is also effective in treating panic attacks and preventing their recurrence.<\/li>\n<\/ul>\n<h4>How Xanax Works<\/h4>\n<p>Xanax acts quickly within the body, typically reaching peak concentration within 1-2 hours after ingestion. Its calming effects can last up to several hours, making it suitable for managing acute symptoms of anxiety.<\/p>\n<h4>Side Effects and Risks<\/h4>\n<ul>\n<li>Common Side Effects: Drowsiness, dizziness, headache, and blurred vision.<\/li>\n<li>Potential Risks: Dependency and withdrawal symptoms with prolonged use, especially when not taken as prescribed.<\/li>\n<\/ul>\n<h4>Buying Xanax Online<\/h4>\n<p>When purchasing the best Xanax online, it&#8217;s crucial to ensure authenticity and safety. Always buy from reputable sources like buy-prescriptionz.com, where you can find genuine medications and reliable service. Xanax is a valuable medication for managing anxiety and panic disorders, offering relief when used responsibly. For safe and authentic purchases of Xanax and other medications, check the best pharmacy store online buy-prescriptionz.com. Ensure your health and peace of mind with trusted online suppliers.<\/p>\n<h3>Treatment of Panic Disorder, Anxiety : Xanax Buy Online<\/h3>\n<p>Buy Xanax Online\u00a0 used to treatment of panic disorder a type of attack that has a very harmful impact on the body. The People cannot live patiently. Buy Xanax online tablet is very helpful for panic disorders it is treated as therapy for the disease some people take the rest in panic Problem and also control them. There are some symptoms of panic attack are given as following Tambling, sweating, Dyspnoea, dizziness, excessive perspiration, Rapid Heartbeat etc. Xanax is the brand name of tablet While Alprazolam is the generic name of the medicine. It is available in medical store with affordable prices and you can easily buy Xanax 1mg online from here because we have a wide range of medicines and providing online delivery at home. Xanax medication is also act as an anti convulsant. Xanax medication is help in muscles which baby tightly grip and also helpful in anxiety disorder.<br \/>\nEn panikforstyrrelse er kendetegnet ved anfald, som har tendens til at p\u00e5f\u00f8re personen skadelige virkninger. Panikforstyrrelser behandles ved hj\u00e6lp af medicin og terapi. Nogle mennesker kan v\u00e6re n\u00f8dt til at tage medicin resten af deres liv for at kontrollere deres panikproblemer. Hyppige panikanfald eller besvimelser kan f\u00f8re til hospitalsindl\u00e6ggelse og endda til d\u00f8den, hvis problemet ikke kontrolleres godt. B\u00e5de kvinder og m\u00e6nd, der oplever panikanfald, har en st\u00f8rre risiko for hjerteanfald, hvis deres panikproblemer ikke kontrolleres ordentligt. Med st\u00e6rke benzodiazepiner som Xanax 1mg vil du dog v\u00e6re i stand til at kontrollere og behandle panikanfald betydeligt.<br \/>\nDer kan v\u00e6re mange \u00e5rsager til disse lidelser, men de viser sig ofte tidligt i livet. Hvis en person har oplevet en chokerende eller traumatisk begivenhed i sit liv, vil eftervirkningerne af den tragiske begivenhed begynde at p\u00e5virke personens daglige aktiviteter og liv, som de ellers ville \u00e5benbare. Til tider sv\u00e6kker panikproblemer den p\u00e5g\u00e6ldende person og tvinger dem til at undg\u00e5 at g\u00e5 p\u00e5 offentlige steder eller deltage i aktiviteter, som de plejede at v\u00e6rds\u00e6tte. Denne form for livsstil er ikke \u00f8nsket af nogen, hvilket er grunden til, at l\u00e6ger ofte vil anbefale medicin. Med l\u00e6gens anbefalinger kan folk k\u00f8be Xanax online natten over for at h\u00e5ndtere panik- og angsttilstande.<\/p>\n<h3>Nogle af de vigtigste bivirkninger af Xanax-medicin er angivet som f\u00f8lger:<\/h3>\n<p>S\u00f8vnighed<br \/>\nEruptions of saliva<br \/>\nMemory Loss<br \/>\nTrouble in talking, breathing and walking<br \/>\nBehavioral Change in sexual desire<br \/>\nInsomnia<br \/>\nPoor Eye sight<br \/>\nStammering<br \/>\nHovedpine<br \/>\nBody Pain<br \/>\nPerspiration<br \/>\nAnxiety<br \/>\nConstipation<br \/>\nPoor Digestion<br \/>\nTremor<\/p>\n<p>Find Xanax til salg og brug det, hvis du er patient med depression, s\u00e5 du kan komme ud af den onde cirkel af angst og depression. Efter at have k\u00f8bt Xanax online eller fra butikkerne vil du v\u00e6re i stand til at opleve de fordele, du ville drage ved at indtage dette stof.<\/p>\n<p>&nbsp;<\/p>","protected":false},"excerpt":{"rendered":"<p>Buy Xanax Online Buy Xanax Online\u00a0Belonging to a class of drugs known as benzodiazepines, Xanax is used to cure panic attacks. To buy Xanax online, search and order it. The process is as simple as it could get. Buy Xanax without prescription as works fast and cures the required symptoms. Xanax, also known by its [&hellip;]<\/p>","protected":false},"featured_media":3014,"comment_status":"open","ping_status":"closed","template":"","meta":{"site-sidebar-layout":"default","site-content-layout":"","ast-site-content-layout":"default","site-content-style":"default","site-sidebar-style":"default","ast-global-header-display":"","ast-banner-title-visibility":"","ast-main-header-display":"","ast-hfb-above-header-display":"","ast-hfb-below-header-display":"","ast-hfb-mobile-header-display":"","site-post-title":"","ast-breadcrumbs-content":"","ast-featured-img":"","footer-sml-layout":"","theme-transparent-header-meta":"default","adv-header-id-meta":"","stick-header-meta":"","header-above-stick-meta":"","header-main-stick-meta":"","header-below-stick-meta":"","astra-migrate-meta-layouts":"set","ast-page-background-enabled":"default","ast-page-background-meta":{"desktop":{"background-color":"var(--ast-global-color-4)","background-image":"","background-repeat":"repeat","background-position":"center center","background-size":"auto","background-attachment":"scroll","background-type":"","background-media":"","overlay-type":"","overlay-color":"","overlay-opacity":"","overlay-gradient":""},"tablet":{"background-color":"","background-image":"","background-repeat":"repeat","background-position":"center center","background-size":"auto","background-attachment":"scroll","background-type":"","background-media":"","overlay-type":"","overlay-color":"","overlay-opacity":"","overlay-gradient":""},"mobile":{"background-color":"","background-image":"","background-repeat":"repeat","background-position":"center center","background-size":"auto","background-attachment":"scroll","background-type":"","background-media":"","overlay-type":"","overlay-color":"","overlay-opacity":"","overlay-gradient":""}},"ast-content-background-meta":{"desktop":{"background-color":"var(--ast-global-color-5)","background-image":"","background-repeat":"repeat","background-position":"center center","background-size":"auto","background-attachment":"scroll","background-type":"","background-media":"","overlay-type":"","overlay-color":"","overlay-opacity":"","overlay-gradient":""},"tablet":{"background-color":"var(--ast-global-color-5)","background-image":"","background-repeat":"repeat","background-position":"center center","background-size":"auto","background-attachment":"scroll","background-type":"","background-media":"","overlay-type":"","overlay-color":"","overlay-opacity":"","overlay-gradient":""},"mobile":{"background-color":"var(--ast-global-color-5)","background-image":"","background-repeat":"repeat","background-position":"center center","background-size":"auto","background-attachment":"scroll","background-type":"","background-media":"","overlay-type":"","overlay-color":"","overlay-opacity":"","overlay-gradient":""}}},"product_brand":[],"product_cat":[2381],"product_tag":[2078,2079,2080,2081,2082,1825,1826,1824,1819,1822,1821,1820,1823,1818,1817,1827],"class_list":{"0":"post-2984","1":"product","2":"type-product","3":"status-publish","4":"has-post-thumbnail","6":"product_cat-buy-depressants-and-anxiety-pills-online","7":"product_tag-buy-all-medicine-online","8":"product_tag-buy-cialis-online","9":"product_tag-buy-soma-online","10":"product_tag-buy-tramadol-online","11":"product_tag-buy-viagra-online","12":"product_tag-buy-xanax-xr-in-canada","13":"product_tag-buy-xanax-xr-in-uk","14":"product_tag-buy-xanax-xr-in-usa","15":"product_tag-buy-xanax-xr-with-bitcoin","16":"product_tag-buy-xanax-xr-with-credit-card","17":"product_tag-buy-xanax-xr-with-money-gram","18":"product_tag-buy-xanax-xr-with-western-union","19":"product_tag-buy-xanax-xr-without-a-doctor","20":"product_tag-buy-xanax-xr-without-prescription","21":"product_tag-xanax-xr-for-sale","22":"product_tag-xanax-xr-pills","23":"desktop-align-center","24":"tablet-align-left","25":"mobile-align-left","27":"first","28":"instock","29":"shipping-taxable","30":"purchasable","31":"product-type-variable","32":"has-default-attributes"},"yoast_head":"<!-- This site is optimized with the Yoast SEO plugin v25.9 - https:\/\/yoast.com\/wordpress\/plugins\/seo\/ -->\n<title>Buy Xanax Online USA - Buy Xanax Online for Sale -<\/title>\n<meta name=\"description\" content=\"BUY XANAX ONLINE at buy-prescriptionz.com is an online pharmacy store where you can buy for a good prices with discout and also overnight and free shipping\" \/>\n<meta name=\"robots\" content=\"index, follow, max-snippet:-1, max-image-preview:large, max-video-preview:-1\" \/>\n<link rel=\"canonical\" href=\"https:\/\/buy-prescriptionz.com\/da\/vare\/buy-xanax-online-2-2\/\" \/>\n<meta property=\"og:locale\" content=\"da_DK\" \/>\n<meta property=\"og:type\" content=\"article\" \/>\n<meta property=\"og:title\" content=\"Buy Xanax Online USA - Buy Xanax Online for Sale -\" \/>\n<meta property=\"og:description\" content=\"BUY XANAX ONLINE at buy-prescriptionz.com is an online pharmacy store where you can buy for a good prices with discout and also overnight and free shipping\" \/>\n<meta property=\"og:url\" content=\"https:\/\/buy-prescriptionz.com\/da\/vare\/buy-xanax-online-2-2\/\" \/>\n<meta property=\"og:site_name\" content=\"Buy Prescriptionz\" \/>\n<meta property=\"article:modified_time\" content=\"2025-09-26T10:12:51+00:00\" \/>\n<meta property=\"og:image\" content=\"https:\/\/buy-prescriptionz.com\/wp-content\/uploads\/2025\/09\/xanax-xr.jpg\" \/>\n\t<meta property=\"og:image:width\" content=\"400\" \/>\n\t<meta property=\"og:image:height\" content=\"300\" \/>\n\t<meta property=\"og:image:type\" content=\"image\/jpeg\" \/>\n<meta name=\"twitter:card\" content=\"summary_large_image\" \/>\n<meta name=\"twitter:label1\" content=\"Estimeret l\u00e6setid\" \/>\n\t<meta name=\"twitter:data1\" content=\"4 minutter\" \/>\n<script type=\"application\/ld+json\" class=\"yoast-schema-graph\">{\"@context\":\"https:\/\/schema.org\",\"@graph\":[{\"@type\":\"WebPage\",\"@id\":\"https:\/\/buy-prescriptionz.com\/product\/buy-xanax-online-2-2\/\",\"url\":\"https:\/\/buy-prescriptionz.com\/product\/buy-xanax-online-2-2\/\",\"name\":\"Buy Xanax Online USA - Buy Xanax Online for Sale -\",\"isPartOf\":{\"@id\":\"https:\/\/buy-prescriptionz.com\/#website\"},\"primaryImageOfPage\":{\"@id\":\"https:\/\/buy-prescriptionz.com\/product\/buy-xanax-online-2-2\/#primaryimage\"},\"image\":{\"@id\":\"https:\/\/buy-prescriptionz.com\/product\/buy-xanax-online-2-2\/#primaryimage\"},\"thumbnailUrl\":\"https:\/\/buy-prescriptionz.com\/wp-content\/uploads\/2025\/09\/xanax-xr.jpg\",\"datePublished\":\"2025-09-16T08:55:51+00:00\",\"dateModified\":\"2025-09-26T10:12:51+00:00\",\"description\":\"BUY XANAX ONLINE at buy-prescriptionz.com is an online pharmacy store where you can buy for a good prices with discout and also overnight and free shipping\",\"breadcrumb\":{\"@id\":\"https:\/\/buy-prescriptionz.com\/product\/buy-xanax-online-2-2\/#breadcrumb\"},\"inLanguage\":\"da-DK\",\"potentialAction\":[{\"@type\":\"ReadAction\",\"target\":[\"https:\/\/buy-prescriptionz.com\/product\/buy-xanax-online-2-2\/\"]}]},{\"@type\":\"ImageObject\",\"inLanguage\":\"da-DK\",\"@id\":\"https:\/\/buy-prescriptionz.com\/product\/buy-xanax-online-2-2\/#primaryimage\",\"url\":\"https:\/\/buy-prescriptionz.com\/wp-content\/uploads\/2025\/09\/xanax-xr.jpg\",\"contentUrl\":\"https:\/\/buy-prescriptionz.com\/wp-content\/uploads\/2025\/09\/xanax-xr.jpg\",\"width\":400,\"height\":300},{\"@type\":\"BreadcrumbList\",\"@id\":\"https:\/\/buy-prescriptionz.com\/product\/buy-xanax-online-2-2\/#breadcrumb\",\"itemListElement\":[{\"@type\":\"ListItem\",\"position\":1,\"name\":\"Home\",\"item\":\"https:\/\/buy-prescriptionz.com\/\"},{\"@type\":\"ListItem\",\"position\":2,\"name\":\"Shop Painkillers Online\",\"item\":\"https:\/\/buy-prescriptionz.com\/shop-painkillers-online\/\"},{\"@type\":\"ListItem\",\"position\":3,\"name\":\"Buy Xanax Online\"}]},{\"@type\":\"WebSite\",\"@id\":\"https:\/\/buy-prescriptionz.com\/#website\",\"url\":\"https:\/\/buy-prescriptionz.com\/\",\"name\":\"Buy Prescriptionz\",\"description\":\"Drugs Online\",\"publisher\":{\"@id\":\"https:\/\/buy-prescriptionz.com\/#organization\"},\"potentialAction\":[{\"@type\":\"SearchAction\",\"target\":{\"@type\":\"EntryPoint\",\"urlTemplate\":\"https:\/\/buy-prescriptionz.com\/?s={search_term_string}\"},\"query-input\":{\"@type\":\"PropertyValueSpecification\",\"valueRequired\":true,\"valueName\":\"search_term_string\"}}],\"inLanguage\":\"da-DK\"},{\"@type\":\"Organization\",\"@id\":\"https:\/\/buy-prescriptionz.com\/#organization\",\"name\":\"Buy Prescriptionz\",\"url\":\"https:\/\/buy-prescriptionz.com\/\",\"logo\":{\"@type\":\"ImageObject\",\"inLanguage\":\"da-DK\",\"@id\":\"https:\/\/buy-prescriptionz.com\/#\/schema\/logo\/image\/\",\"url\":\"https:\/\/buy-prescriptionz.com\/wp-content\/uploads\/2023\/09\/logo.png\",\"contentUrl\":\"https:\/\/buy-prescriptionz.com\/wp-content\/uploads\/2023\/09\/logo.png\",\"width\":350,\"height\":64,\"caption\":\"Buy Prescriptionz\"},\"image\":{\"@id\":\"https:\/\/buy-prescriptionz.com\/#\/schema\/logo\/image\/\"}}]}<\/script>\n<!-- \/ Yoast SEO plugin. -->","yoast_head_json":{"title":"Buy Xanax Online USA - Buy Xanax Online for Sale -","description":"BUY XANAX ONLINE at buy-prescriptionz.com is an online pharmacy store where you can buy for a good prices with discout and also overnight and free shipping","robots":{"index":"index","follow":"follow","max-snippet":"max-snippet:-1","max-image-preview":"max-image-preview:large","max-video-preview":"max-video-preview:-1"},"canonical":"https:\/\/buy-prescriptionz.com\/da\/vare\/buy-xanax-online-2-2\/","og_locale":"da_DK","og_type":"article","og_title":"Buy Xanax Online USA - Buy Xanax Online for Sale -","og_description":"BUY XANAX ONLINE at buy-prescriptionz.com is an online pharmacy store where you can buy for a good prices with discout and also overnight and free shipping","og_url":"https:\/\/buy-prescriptionz.com\/da\/vare\/buy-xanax-online-2-2\/","og_site_name":"Buy Prescriptionz","article_modified_time":"2025-09-26T10:12:51+00:00","og_image":[{"width":400,"height":300,"url":"https:\/\/buy-prescriptionz.com\/wp-content\/uploads\/2025\/09\/xanax-xr.jpg","type":"image\/jpeg"}],"twitter_card":"summary_large_image","twitter_misc":{"Estimeret l\u00e6setid":"4 minutter"},"schema":{"@context":"https:\/\/schema.org","@graph":[{"@type":"WebPage","@id":"https:\/\/buy-prescriptionz.com\/product\/buy-xanax-online-2-2\/","url":"https:\/\/buy-prescriptionz.com\/product\/buy-xanax-online-2-2\/","name":"Buy Xanax Online USA - Buy Xanax Online for Sale -","isPartOf":{"@id":"https:\/\/buy-prescriptionz.com\/#website"},"primaryImageOfPage":{"@id":"https:\/\/buy-prescriptionz.com\/product\/buy-xanax-online-2-2\/#primaryimage"},"image":{"@id":"https:\/\/buy-prescriptionz.com\/product\/buy-xanax-online-2-2\/#primaryimage"},"thumbnailUrl":"https:\/\/buy-prescriptionz.com\/wp-content\/uploads\/2025\/09\/xanax-xr.jpg","datePublished":"2025-09-16T08:55:51+00:00","dateModified":"2025-09-26T10:12:51+00:00","description":"BUY XANAX ONLINE at buy-prescriptionz.com is an online pharmacy store where you can buy for a good prices with discout and also overnight and free shipping","breadcrumb":{"@id":"https:\/\/buy-prescriptionz.com\/product\/buy-xanax-online-2-2\/#breadcrumb"},"inLanguage":"da-DK","potentialAction":[{"@type":"ReadAction","target":["https:\/\/buy-prescriptionz.com\/product\/buy-xanax-online-2-2\/"]}]},{"@type":"ImageObject","inLanguage":"da-DK","@id":"https:\/\/buy-prescriptionz.com\/product\/buy-xanax-online-2-2\/#primaryimage","url":"https:\/\/buy-prescriptionz.com\/wp-content\/uploads\/2025\/09\/xanax-xr.jpg","contentUrl":"https:\/\/buy-prescriptionz.com\/wp-content\/uploads\/2025\/09\/xanax-xr.jpg","width":400,"height":300},{"@type":"BreadcrumbList","@id":"https:\/\/buy-prescriptionz.com\/product\/buy-xanax-online-2-2\/#breadcrumb","itemListElement":[{"@type":"ListItem","position":1,"name":"Home","item":"https:\/\/buy-prescriptionz.com\/"},{"@type":"ListItem","position":2,"name":"Shop Painkillers Online","item":"https:\/\/buy-prescriptionz.com\/shop-painkillers-online\/"},{"@type":"ListItem","position":3,"name":"Buy Xanax Online"}]},{"@type":"WebSite","@id":"https:\/\/buy-prescriptionz.com\/#website","url":"https:\/\/buy-prescriptionz.com\/","name":"Buy Prescriptionz","description":"Narkotika online","publisher":{"@id":"https:\/\/buy-prescriptionz.com\/#organization"},"potentialAction":[{"@type":"SearchAction","target":{"@type":"EntryPoint","urlTemplate":"https:\/\/buy-prescriptionz.com\/?s={search_term_string}"},"query-input":{"@type":"PropertyValueSpecification","valueRequired":true,"valueName":"search_term_string"}}],"inLanguage":"da-DK"},{"@type":"Organization","@id":"https:\/\/buy-prescriptionz.com\/#organization","name":"Buy Prescriptionz","url":"https:\/\/buy-prescriptionz.com\/","logo":{"@type":"ImageObject","inLanguage":"da-DK","@id":"https:\/\/buy-prescriptionz.com\/#\/schema\/logo\/image\/","url":"https:\/\/buy-prescriptionz.com\/wp-content\/uploads\/2023\/09\/logo.png","contentUrl":"https:\/\/buy-prescriptionz.com\/wp-content\/uploads\/2023\/09\/logo.png","width":350,"height":64,"caption":"Buy Prescriptionz"},"image":{"@id":"https:\/\/buy-prescriptionz.com\/#\/schema\/logo\/image\/"}}]}},"_links":{"self":[{"href":"https:\/\/buy-prescriptionz.com\/da\/wp-json\/wp\/v2\/product\/2984","targetHints":{"allow":["GET"]}}],"collection":[{"href":"https:\/\/buy-prescriptionz.com\/da\/wp-json\/wp\/v2\/product"}],"about":[{"href":"https:\/\/buy-prescriptionz.com\/da\/wp-json\/wp\/v2\/types\/product"}],"replies":[{"embeddable":true,"href":"https:\/\/buy-prescriptionz.com\/da\/wp-json\/wp\/v2\/comments?post=2984"}],"wp:featuredmedia":[{"embeddable":true,"href":"https:\/\/buy-prescriptionz.com\/da\/wp-json\/wp\/v2\/media\/3014"}],"wp:attachment":[{"href":"https:\/\/buy-prescriptionz.com\/da\/wp-json\/wp\/v2\/media?parent=2984"}],"wp:term":[{"taxonomy":"product_brand","embeddable":true,"href":"https:\/\/buy-prescriptionz.com\/da\/wp-json\/wp\/v2\/product_brand?post=2984"},{"taxonomy":"product_cat","embeddable":true,"href":"https:\/\/buy-prescriptionz.com\/da\/wp-json\/wp\/v2\/product_cat?post=2984"},{"taxonomy":"product_tag","embeddable":true,"href":"https:\/\/buy-prescriptionz.com\/da\/wp-json\/wp\/v2\/product_tag?post=2984"}],"curies":[{"name":"wp","href":"https:\/\/api.w.org\/{rel}","templated":true}]}}