{"id":2985,"date":"2025-09-16T08:55:51","date_gmt":"2025-09-16T08:55:51","guid":{"rendered":"https:\/\/chemsfine.com\/newsite\/?post_type=product&#038;p=2985"},"modified":"2026-01-30T13:59:44","modified_gmt":"2026-01-30T13:59:44","slug":"alprazolam","status":"publish","type":"product","link":"https:\/\/buy-prescriptionz.com\/da\/vare\/alprazolam\/","title":{"rendered":"Alprazolam"},"content":{"rendered":"<h2 style=\"text-align: justify;\">K\u00d8B ALPRAZOLAM ONLINE<\/h2>\n<p style=\"text-align: justify;\">Buy alprazolam online, Alprazolam drug is a common benzodiazepine in medical settings that is also taken for the recreational purposes. It\u2019s normally used for anxiety and panic disorder, though it has antidepressant properties.<\/p>\n<p style=\"text-align: justify;\">Dets rekreative virkninger best\u00e5r af anxiolyse, afreagering og eufori.<\/p>\n<h3>Overview of Alprazolam<\/h3>\n<p>Alprazolam is a prescription medication primarily used to treat anxiety disorders and panic disorders. Belonging to the benzodiazepine class, it works by enhancing the effects of a certain natural chemical in the body (GABA) to produce a calming effect. It&#8217;s often marketed under the brand name Xanax.<\/p>\n<h3>Uses of Alprazolam<\/h3>\n<ol>\n<li><strong>Anxiety Disorders<\/strong>: The <strong>best Alprazolam <\/strong>is commonly prescribed to manage anxiety disorders, providing relief from symptoms such as excessive worry, restlessness, and irritability.<\/li>\n<li><strong>Panic Disorders<\/strong>: It&#8217;s effective in treating panic disorders, which are characterized by sudden attacks of intense fear and worry.<\/li>\n<li><strong>Short-Term Relief<\/strong>: Often used for short-term management of anxiety symptoms while long-term treatment plans are put in place.<\/li>\n<\/ol>\n<h3>Benefits of Alprazolam<\/h3>\n<ol>\n<li><strong>Quick Relief<\/strong>: Alprazolam is known for its fast-acting nature, providing quick relief from anxiety and panic symptoms.<\/li>\n<li><strong>Improves Quality of Life<\/strong>: By managing symptoms effectively, it can significantly improve the quality of life for individuals with anxiety disorders.<\/li>\n<li><strong>Well-Studied<\/strong>: Alprazolam has been widely studied and used for decades, making it a well-understood and trusted medication in the medical community.<\/li>\n<\/ol>\n<h3>Important Considerations<\/h3>\n<ol>\n<li><strong>Dependence<\/strong>: There is a risk of dependence with prolonged use, so it is usually prescribed for short-term use.<\/li>\n<li><strong>Side Effects<\/strong>: Common side effects include drowsiness, dizziness, and increased saliva production. It&#8217;s important to follow the prescribed dosage and guidelines to minimize these effects.<\/li>\n<li><strong>Interaktioner<\/strong>: Alprazolam can interact with other medications and substances, so it&#8217;s crucial to inform your doctor of all the medicines you are taking.<\/li>\n<\/ol>\n<p>Alprazolam is a valuable medication for those dealing with anxiety and panic disorders, offering quick and effective relief. However, it&#8217;s essential to use it under medical supervision due to the potential for dependence and side effects. For those seeking to purchase Alprazolam safely and conveniently, one of the best pharmacy store <a href=\"https:\/\/buy-prescriptionz.com\/da\/\">buy-prescriptionz.com<\/a>.<\/p>\n<h3 style=\"text-align: justify;\">KENDETEGN<\/h3>\n<p style=\"text-align: justify;\">Alprazolam bruges til behandling af angst og panikangst. Det tilh\u00f8rer en klasse af medicin kaldet benzodiazepiner, som virker p\u00e5 hjernen og nerverne for at give en beroligende effekt. Det virker ved at forst\u00e6rke virkningerne af et bestemt naturligt kemikalie i den menneskelige krop.<\/p>\n<h3 style=\"text-align: justify;\">FOREBYGGENDE FORANSTALTNINGER<\/h3>\n<p style=\"text-align: justify;\">Inden du tager dette, skal du fort\u00e6lle det til din l\u00e6ge eller apotek, hvis du er allergisk over for det; eller til andre benzodiazepiner (s\u00e5som diazepam, lorazepam); eller hvis du har andre allergier. Dette produkt kan indeholde inaktive ingredienser, som for\u00e5rsager allergiske reaktioner eller andre problemer. K\u00f8b alprazolam online<\/p>\n<p style=\"text-align: justify;\">Det g\u00e5r over i moderm\u00e6lken og kan have u\u00f8nskede virkninger p\u00e5 et ammende sp\u00e6dbarn. Amning, mens du bruger denne medicin, frar\u00e5des. Kontakt din l\u00e6ge f\u00f8r amning.<\/p>\n<h3 style=\"text-align: justify;\">BIVIRKNINGER<\/h3>\n<p style=\"text-align: justify;\">- S\u00f8vnighed<br \/>\nTr\u00e6thed<br \/>\nAndre bivirkninger omfatter<br \/>\nHukommelsesproblemer<br \/>\n\u2022 Speech problems<br \/>\n- Forstoppelse<br \/>\n\u2022 Changes in weight<br \/>\n\u2022 Addiction (dependency)<br \/>\n- Hovedpine<br \/>\n- Forstoppelse<br \/>\n- T\u00f8r mund<\/p>\n<h3 style=\"text-align: justify;\">OVERDOSERING<\/h3>\n<p style=\"text-align: justify;\">Overdoseringssymptomer kan omfatte: sv\u00e6r d\u00f8sighed, langsomme\/reducerede reflekser, langsommere vejrtr\u00e6kning, tab af bevidsthed.<\/p>\n<p style=\"text-align: justify;\">Hvis der er mistanke om overdosering, skal du straks kontakte en l\u00e6ge.<\/p>\n<h3 style=\"text-align: justify;\">UFORS\u00d8GET DOSIS<\/h3>\n<p style=\"text-align: justify;\">Hvis du glemmer en dosis, skal du tage den s\u00e5 hurtigt som muligt. Hvis det er tidspunktet for den n\u00e6ste dosis, skal du springe den glemte dosis over og genoptage din s\u00e6dvanlige doseringsskema. Du m\u00e5 ikke fordoble dosis for at indhente det fors\u00f8mte.<\/p>\n<h3 style=\"text-align: justify;\">OPBEVARING<\/h3>\n<p style=\"text-align: justify;\">Opbevar Alprazolam ved stuetemperatur v\u00e6k fra lys og fugt. M\u00e5 ikke opbevares p\u00e5 badev\u00e6relset. Opbevar al medicin v\u00e6k fra b\u00f8rn og k\u00e6ledyr. Skyl ikke denne medicin ud i toilettet og h\u00e6ld den ikke i et afl\u00f8b, medmindre du f\u00e5r besked om det.<\/p>\n<h3 style=\"text-align: justify;\">HVOR KAN MAN K\u00d8BE ALPRAZOLAM ONLINE?<\/h3>\n<p style=\"text-align: justify;\">buy-prescriptionz.com er den bedste apoteksbutik for Alprazolam til salg. K\u00f8b Alprazolam online uden nogen l\u00e6ge recept fra Buyprescriptionz med i den bedste pris.<\/p>","protected":false},"excerpt":{"rendered":"<p>BUY ALPRAZOLAM ONLINE Buy alprazolam online, Alprazolam drug is a common benzodiazepine in medical settings that is also taken for the recreational purposes. It\u2019s normally used for anxiety and panic disorder, though it has antidepressant properties. Its recreational effects consist of anxiolysis, disinhibition, and euphoria. Overview of Alprazolam Alprazolam is a prescription medication primarily used [&hellip;]<\/p>","protected":false},"featured_media":3015,"comment_status":"open","ping_status":"closed","template":"","meta":{"site-sidebar-layout":"default","site-content-layout":"","ast-site-content-layout":"default","site-content-style":"default","site-sidebar-style":"default","ast-global-header-display":"","ast-banner-title-visibility":"","ast-main-header-display":"","ast-hfb-above-header-display":"","ast-hfb-below-header-display":"","ast-hfb-mobile-header-display":"","site-post-title":"","ast-breadcrumbs-content":"","ast-featured-img":"","footer-sml-layout":"","theme-transparent-header-meta":"","adv-header-id-meta":"","stick-header-meta":"","header-above-stick-meta":"","header-main-stick-meta":"","header-below-stick-meta":"","astra-migrate-meta-layouts":"default","ast-page-background-enabled":"default","ast-page-background-meta":{"desktop":{"background-color":"var(--ast-global-color-4)","background-image":"","background-repeat":"repeat","background-position":"center center","background-size":"auto","background-attachment":"scroll","background-type":"","background-media":"","overlay-type":"","overlay-color":"","overlay-opacity":"","overlay-gradient":""},"tablet":{"background-color":"","background-image":"","background-repeat":"repeat","background-position":"center center","background-size":"auto","background-attachment":"scroll","background-type":"","background-media":"","overlay-type":"","overlay-color":"","overlay-opacity":"","overlay-gradient":""},"mobile":{"background-color":"","background-image":"","background-repeat":"repeat","background-position":"center center","background-size":"auto","background-attachment":"scroll","background-type":"","background-media":"","overlay-type":"","overlay-color":"","overlay-opacity":"","overlay-gradient":""}},"ast-content-background-meta":{"desktop":{"background-color":"var(--ast-global-color-5)","background-image":"","background-repeat":"repeat","background-position":"center center","background-size":"auto","background-attachment":"scroll","background-type":"","background-media":"","overlay-type":"","overlay-color":"","overlay-opacity":"","overlay-gradient":""},"tablet":{"background-color":"var(--ast-global-color-5)","background-image":"","background-repeat":"repeat","background-position":"center center","background-size":"auto","background-attachment":"scroll","background-type":"","background-media":"","overlay-type":"","overlay-color":"","overlay-opacity":"","overlay-gradient":""},"mobile":{"background-color":"var(--ast-global-color-5)","background-image":"","background-repeat":"repeat","background-position":"center center","background-size":"auto","background-attachment":"scroll","background-type":"","background-media":"","overlay-type":"","overlay-color":"","overlay-opacity":"","overlay-gradient":""}}},"product_brand":[],"product_cat":[2381],"product_tag":[1807,1815,1816,1814,1809,1812,1811,1810,1813,1808],"class_list":{"0":"post-2985","1":"product","2":"type-product","3":"status-publish","4":"has-post-thumbnail","6":"product_cat-buy-depressants-and-anxiety-pills-online","7":"product_tag-alprazolam-for-sale","8":"product_tag-buy-alprazolam-in-canada","9":"product_tag-buy-alprazolam-in-uk","10":"product_tag-buy-alprazolam-in-usa","11":"product_tag-buy-alprazolam-with-bitcoin","12":"product_tag-buy-alprazolam-with-credit-card","13":"product_tag-buy-alprazolam-with-money-gram","14":"product_tag-buy-alprazolam-with-western-union","15":"product_tag-buy-alprazolam-without-a-doctor","16":"product_tag-buy-alprazolam-without-prescription","17":"desktop-align-center","18":"tablet-align-left","19":"mobile-align-left","21":"first","22":"instock","23":"shipping-taxable","24":"purchasable","25":"product-type-variable","26":"has-default-attributes"},"yoast_head":"<!-- This site is optimized with the Yoast SEO plugin v25.9 - https:\/\/yoast.com\/wordpress\/plugins\/seo\/ -->\n<title>Buy alprazolam online - Order alprazolam online , alprazolam<\/title>\n<meta name=\"description\" content=\"Buy alprazolam online, BUY ALPRAZOLAM ONLINE, NO PRESCRIPTION REQUIRED, WHERE TO BUY alprazolam ONLINE OVERNIGHT SHIPPING BUY CHEAP\" \/>\n<meta name=\"robots\" content=\"index, follow, max-snippet:-1, max-image-preview:large, max-video-preview:-1\" \/>\n<link rel=\"canonical\" href=\"https:\/\/buy-prescriptionz.com\/da\/vare\/alprazolam\/\" \/>\n<meta property=\"og:locale\" content=\"da_DK\" \/>\n<meta property=\"og:type\" content=\"article\" \/>\n<meta property=\"og:title\" content=\"Buy alprazolam online - Order alprazolam online , alprazolam\" \/>\n<meta property=\"og:description\" content=\"Buy alprazolam online, BUY ALPRAZOLAM ONLINE, NO PRESCRIPTION REQUIRED, WHERE TO BUY alprazolam ONLINE OVERNIGHT SHIPPING BUY CHEAP\" \/>\n<meta property=\"og:url\" content=\"https:\/\/buy-prescriptionz.com\/da\/vare\/alprazolam\/\" \/>\n<meta property=\"og:site_name\" content=\"Buy Prescriptionz\" \/>\n<meta property=\"article:modified_time\" content=\"2026-01-30T13:59:44+00:00\" \/>\n<meta property=\"og:image\" content=\"https:\/\/buy-prescriptionz.com\/wp-content\/uploads\/2025\/09\/alprazolam.jpg\" \/>\n\t<meta property=\"og:image:width\" content=\"400\" \/>\n\t<meta property=\"og:image:height\" content=\"300\" \/>\n\t<meta property=\"og:image:type\" content=\"image\/jpeg\" \/>\n<meta name=\"twitter:card\" content=\"summary_large_image\" \/>\n<meta name=\"twitter:label1\" content=\"Estimeret l\u00e6setid\" \/>\n\t<meta name=\"twitter:data1\" content=\"3 minutter\" \/>\n<script type=\"application\/ld+json\" class=\"yoast-schema-graph\">{\"@context\":\"https:\/\/schema.org\",\"@graph\":[{\"@type\":\"WebPage\",\"@id\":\"https:\/\/buy-prescriptionz.com\/cs\/produkt\/alprazolam\/\",\"url\":\"https:\/\/buy-prescriptionz.com\/cs\/produkt\/alprazolam\/\",\"name\":\"Buy alprazolam online - Order alprazolam online , alprazolam\",\"isPartOf\":{\"@id\":\"https:\/\/buy-prescriptionz.com\/#website\"},\"primaryImageOfPage\":{\"@id\":\"https:\/\/buy-prescriptionz.com\/cs\/produkt\/alprazolam\/#primaryimage\"},\"image\":{\"@id\":\"https:\/\/buy-prescriptionz.com\/cs\/produkt\/alprazolam\/#primaryimage\"},\"thumbnailUrl\":\"https:\/\/buy-prescriptionz.com\/wp-content\/uploads\/2025\/09\/alprazolam.jpg\",\"datePublished\":\"2025-09-16T08:55:51+00:00\",\"dateModified\":\"2026-01-30T13:59:44+00:00\",\"description\":\"Buy alprazolam online, BUY ALPRAZOLAM ONLINE, NO PRESCRIPTION REQUIRED, WHERE TO BUY alprazolam ONLINE OVERNIGHT SHIPPING BUY CHEAP\",\"breadcrumb\":{\"@id\":\"https:\/\/buy-prescriptionz.com\/cs\/produkt\/alprazolam\/#breadcrumb\"},\"inLanguage\":\"da-DK\",\"potentialAction\":[{\"@type\":\"ReadAction\",\"target\":[\"https:\/\/buy-prescriptionz.com\/cs\/produkt\/alprazolam\/\"]}]},{\"@type\":\"ImageObject\",\"inLanguage\":\"da-DK\",\"@id\":\"https:\/\/buy-prescriptionz.com\/cs\/produkt\/alprazolam\/#primaryimage\",\"url\":\"https:\/\/buy-prescriptionz.com\/wp-content\/uploads\/2025\/09\/alprazolam.jpg\",\"contentUrl\":\"https:\/\/buy-prescriptionz.com\/wp-content\/uploads\/2025\/09\/alprazolam.jpg\",\"width\":400,\"height\":300},{\"@type\":\"BreadcrumbList\",\"@id\":\"https:\/\/buy-prescriptionz.com\/cs\/produkt\/alprazolam\/#breadcrumb\",\"itemListElement\":[{\"@type\":\"ListItem\",\"position\":1,\"name\":\"Home\",\"item\":\"https:\/\/buy-prescriptionz.com\/\"},{\"@type\":\"ListItem\",\"position\":2,\"name\":\"Shop Painkillers Online\",\"item\":\"https:\/\/buy-prescriptionz.com\/shop-painkillers-online\/\"},{\"@type\":\"ListItem\",\"position\":3,\"name\":\"Alprazolam\"}]},{\"@type\":\"WebSite\",\"@id\":\"https:\/\/buy-prescriptionz.com\/#website\",\"url\":\"https:\/\/buy-prescriptionz.com\/\",\"name\":\"Buy Prescriptionz\",\"description\":\"Drugs Online\",\"publisher\":{\"@id\":\"https:\/\/buy-prescriptionz.com\/#organization\"},\"potentialAction\":[{\"@type\":\"SearchAction\",\"target\":{\"@type\":\"EntryPoint\",\"urlTemplate\":\"https:\/\/buy-prescriptionz.com\/?s={search_term_string}\"},\"query-input\":{\"@type\":\"PropertyValueSpecification\",\"valueRequired\":true,\"valueName\":\"search_term_string\"}}],\"inLanguage\":\"da-DK\"},{\"@type\":\"Organization\",\"@id\":\"https:\/\/buy-prescriptionz.com\/#organization\",\"name\":\"Buy Prescriptionz\",\"url\":\"https:\/\/buy-prescriptionz.com\/\",\"logo\":{\"@type\":\"ImageObject\",\"inLanguage\":\"da-DK\",\"@id\":\"https:\/\/buy-prescriptionz.com\/#\/schema\/logo\/image\/\",\"url\":\"https:\/\/buy-prescriptionz.com\/wp-content\/uploads\/2023\/09\/logo.png\",\"contentUrl\":\"https:\/\/buy-prescriptionz.com\/wp-content\/uploads\/2023\/09\/logo.png\",\"width\":350,\"height\":64,\"caption\":\"Buy Prescriptionz\"},\"image\":{\"@id\":\"https:\/\/buy-prescriptionz.com\/#\/schema\/logo\/image\/\"}}]}<\/script>\n<!-- \/ Yoast SEO plugin. -->","yoast_head_json":{"title":"Buy alprazolam online - Order alprazolam online , alprazolam","description":"Buy alprazolam online, BUY ALPRAZOLAM ONLINE, NO PRESCRIPTION REQUIRED, WHERE TO BUY alprazolam ONLINE OVERNIGHT SHIPPING BUY CHEAP","robots":{"index":"index","follow":"follow","max-snippet":"max-snippet:-1","max-image-preview":"max-image-preview:large","max-video-preview":"max-video-preview:-1"},"canonical":"https:\/\/buy-prescriptionz.com\/da\/vare\/alprazolam\/","og_locale":"da_DK","og_type":"article","og_title":"Buy alprazolam online - Order alprazolam online , alprazolam","og_description":"Buy alprazolam online, BUY ALPRAZOLAM ONLINE, NO PRESCRIPTION REQUIRED, WHERE TO BUY alprazolam ONLINE OVERNIGHT SHIPPING BUY CHEAP","og_url":"https:\/\/buy-prescriptionz.com\/da\/vare\/alprazolam\/","og_site_name":"Buy Prescriptionz","article_modified_time":"2026-01-30T13:59:44+00:00","og_image":[{"width":400,"height":300,"url":"https:\/\/buy-prescriptionz.com\/wp-content\/uploads\/2025\/09\/alprazolam.jpg","type":"image\/jpeg"}],"twitter_card":"summary_large_image","twitter_misc":{"Estimeret l\u00e6setid":"3 minutter"},"schema":{"@context":"https:\/\/schema.org","@graph":[{"@type":"WebPage","@id":"https:\/\/buy-prescriptionz.com\/cs\/produkt\/alprazolam\/","url":"https:\/\/buy-prescriptionz.com\/cs\/produkt\/alprazolam\/","name":"Buy alprazolam online - Order alprazolam online , alprazolam","isPartOf":{"@id":"https:\/\/buy-prescriptionz.com\/#website"},"primaryImageOfPage":{"@id":"https:\/\/buy-prescriptionz.com\/cs\/produkt\/alprazolam\/#primaryimage"},"image":{"@id":"https:\/\/buy-prescriptionz.com\/cs\/produkt\/alprazolam\/#primaryimage"},"thumbnailUrl":"https:\/\/buy-prescriptionz.com\/wp-content\/uploads\/2025\/09\/alprazolam.jpg","datePublished":"2025-09-16T08:55:51+00:00","dateModified":"2026-01-30T13:59:44+00:00","description":"Buy alprazolam online, BUY ALPRAZOLAM ONLINE, NO PRESCRIPTION REQUIRED, WHERE TO BUY alprazolam ONLINE OVERNIGHT SHIPPING BUY CHEAP","breadcrumb":{"@id":"https:\/\/buy-prescriptionz.com\/cs\/produkt\/alprazolam\/#breadcrumb"},"inLanguage":"da-DK","potentialAction":[{"@type":"ReadAction","target":["https:\/\/buy-prescriptionz.com\/cs\/produkt\/alprazolam\/"]}]},{"@type":"ImageObject","inLanguage":"da-DK","@id":"https:\/\/buy-prescriptionz.com\/cs\/produkt\/alprazolam\/#primaryimage","url":"https:\/\/buy-prescriptionz.com\/wp-content\/uploads\/2025\/09\/alprazolam.jpg","contentUrl":"https:\/\/buy-prescriptionz.com\/wp-content\/uploads\/2025\/09\/alprazolam.jpg","width":400,"height":300},{"@type":"BreadcrumbList","@id":"https:\/\/buy-prescriptionz.com\/cs\/produkt\/alprazolam\/#breadcrumb","itemListElement":[{"@type":"ListItem","position":1,"name":"Home","item":"https:\/\/buy-prescriptionz.com\/"},{"@type":"ListItem","position":2,"name":"Shop Painkillers Online","item":"https:\/\/buy-prescriptionz.com\/shop-painkillers-online\/"},{"@type":"ListItem","position":3,"name":"Alprazolam"}]},{"@type":"WebSite","@id":"https:\/\/buy-prescriptionz.com\/#website","url":"https:\/\/buy-prescriptionz.com\/","name":"Buy Prescriptionz","description":"Narkotika online","publisher":{"@id":"https:\/\/buy-prescriptionz.com\/#organization"},"potentialAction":[{"@type":"SearchAction","target":{"@type":"EntryPoint","urlTemplate":"https:\/\/buy-prescriptionz.com\/?s={search_term_string}"},"query-input":{"@type":"PropertyValueSpecification","valueRequired":true,"valueName":"search_term_string"}}],"inLanguage":"da-DK"},{"@type":"Organization","@id":"https:\/\/buy-prescriptionz.com\/#organization","name":"Buy Prescriptionz","url":"https:\/\/buy-prescriptionz.com\/","logo":{"@type":"ImageObject","inLanguage":"da-DK","@id":"https:\/\/buy-prescriptionz.com\/#\/schema\/logo\/image\/","url":"https:\/\/buy-prescriptionz.com\/wp-content\/uploads\/2023\/09\/logo.png","contentUrl":"https:\/\/buy-prescriptionz.com\/wp-content\/uploads\/2023\/09\/logo.png","width":350,"height":64,"caption":"Buy Prescriptionz"},"image":{"@id":"https:\/\/buy-prescriptionz.com\/#\/schema\/logo\/image\/"}}]}},"_links":{"self":[{"href":"https:\/\/buy-prescriptionz.com\/da\/wp-json\/wp\/v2\/product\/2985","targetHints":{"allow":["GET"]}}],"collection":[{"href":"https:\/\/buy-prescriptionz.com\/da\/wp-json\/wp\/v2\/product"}],"about":[{"href":"https:\/\/buy-prescriptionz.com\/da\/wp-json\/wp\/v2\/types\/product"}],"replies":[{"embeddable":true,"href":"https:\/\/buy-prescriptionz.com\/da\/wp-json\/wp\/v2\/comments?post=2985"}],"wp:featuredmedia":[{"embeddable":true,"href":"https:\/\/buy-prescriptionz.com\/da\/wp-json\/wp\/v2\/media\/3015"}],"wp:attachment":[{"href":"https:\/\/buy-prescriptionz.com\/da\/wp-json\/wp\/v2\/media?parent=2985"}],"wp:term":[{"taxonomy":"product_brand","embeddable":true,"href":"https:\/\/buy-prescriptionz.com\/da\/wp-json\/wp\/v2\/product_brand?post=2985"},{"taxonomy":"product_cat","embeddable":true,"href":"https:\/\/buy-prescriptionz.com\/da\/wp-json\/wp\/v2\/product_cat?post=2985"},{"taxonomy":"product_tag","embeddable":true,"href":"https:\/\/buy-prescriptionz.com\/da\/wp-json\/wp\/v2\/product_tag?post=2985"}],"curies":[{"name":"wp","href":"https:\/\/api.w.org\/{rel}","templated":true}]}}