{"id":2988,"date":"2025-09-16T08:55:51","date_gmt":"2025-09-16T08:55:51","guid":{"rendered":"https:\/\/chemsfine.com\/newsite\/?post_type=product&#038;p=2988"},"modified":"2025-09-25T11:11:28","modified_gmt":"2025-09-25T11:11:28","slug":"kob-phenobarbital-online","status":"publish","type":"product","link":"https:\/\/buy-prescriptionz.com\/da\/vare\/kob-phenobarbital-online\/","title":{"rendered":"K\u00f8b Phenobarbital online"},"content":{"rendered":"<h2>K\u00f8b Phenobarbital online<\/h2>\n<p>Buy Phenobarbital Online.Phenobarbital is considered to be a seizure medicine and is the oldest epilepsy medicine which is still in use. The advantage in using phenobarbital is that it is of low cost and it is effective in usage. It can stay in the body for a long time and it is for this reason that the medicine stays in the blood even after it is taken only once a day. The medicine is used to treat insomnia and it can also be used as a sedative to treat the symptoms like tension or anxiety. It works up by slowing down the brain and also the nervous system. Phenobarbital can also be used to reduce the bilirubin levels in the babies who are newly born. The best Phenobarbital is a medication primarily used to control seizures and manage anxiety. Belonging to the barbiturate class, it functions by depressing the central nervous system, making it an effective anticonvulsant and sedative.<\/p>\n<p>Phenobarbital works by slowing down the activity of the brain and nervous system. It is commonly prescribed for:<\/p>\n<ul>\n<li>Epilepsy Management: Phenobarbital is highly effective in reducing the frequency and severity of seizures. It&#8217;s often used for generalized tonic-clonic seizures and partial seizures.<\/li>\n<li>Sedation: It provides calming effects, making it useful for anxiety relief and as a pre-anesthetic.<\/li>\n<li>Insomnia Treatment: Due to its sedative properties, it can help with short-term treatment of severe insomnia.<\/li>\n<li>Withdrawal Symptoms: Phenobarbital can be used to manage withdrawal symptoms from other barbiturates or benzodiazepines.<\/li>\n<\/ul>\n<h3>Benefits<\/h3>\n<ol>\n<li>Effective Seizure Control: Phenobarbital is one of the oldest and most reliable medications for controlling seizures. It helps stabilize the electrical activity in the brain, reducing seizure episodes.<\/li>\n<li>Anxiety Relief: Its sedative effect makes it beneficial for people experiencing acute anxiety, helping them to calm down and relax.<\/li>\n<li>Versatile Use: Besides epilepsy, phenobarbital&#8217;s ability to act as a sedative and manage withdrawal symptoms broadens its therapeutic applications.<\/li>\n<li>Cost-Effective: Compared to newer antiepileptic drugs, phenobarbital is often more affordable, making it accessible for long-term use.<\/li>\n<\/ol>\n<p>Phenobarbital remains a cornerstone in the treatment of seizures and anxiety, valued for its effectiveness and versatility. If you&#8217;re looking for the best pharmacy store to purchase phenobarbital, visit <a href=\"http:\/\/buy-prescriptionz.com\/da\/\">buy-prescriptionz.com<\/a>. They offer a wide range of prescription medications to meet your health needs.<\/p>\n<h3>Hvilke forholdsregler skal man tage, mens man bruger Phenobarbital?<\/h3>\n<p>1. Patienten skal fort\u00e6lle listen over medicin, som han \/ hun allerede bruger, til l\u00e6gen, f\u00f8r han \/ hun bruger Phenobarbital til sygdomsgenoprettelsesmedicin<br \/>\n2. Hvis du har nogen forudg\u00e5ende sygdomme som \u00e5ndedr\u00e6tsforstyrrelser, hjerteproblemer, mental ustabilitet, impotens eller fedme, som sandsynligvis vil interagere med Phenobarbital, og det er derfor, at du b\u00f8r konsultere din l\u00e6ge.<br \/>\n3. Man b\u00f8r ikke tage alkohol, mens man tager Phenobarbital, fordi det kan f\u00f8re til d\u00f8sighed og svimmelhed<br \/>\n4. This medication is not safe during pregnancy and breast-feeding because it can cause complications in not only the baby but also the in the mother. The size effects of Phenobarbital can include headache, tiredness, vomiting, double vision, and slow heart beat or breathing.<\/p>\n<p>Hvis du \u00f8nsker at k\u00f8be Phenobarbital til behandling af din sygdom, kan du k\u00f8be det fra buy-prescriptionz.com, fordi de har medicinen til r\u00e5dighed til den bedste pris.<\/p>","protected":false},"excerpt":{"rendered":"<p>Buy Phenobarbital Online Buy Phenobarbital Online.Phenobarbital is considered to be a seizure medicine and is the oldest epilepsy medicine which is still in use. The advantage in using phenobarbital is that it is of low cost and it is effective in usage. It can stay in the body for a long time and it is [&hellip;]<\/p>","protected":false},"featured_media":3018,"comment_status":"open","ping_status":"closed","template":"","meta":{"site-sidebar-layout":"default","site-content-layout":"","ast-site-content-layout":"default","site-content-style":"default","site-sidebar-style":"default","ast-global-header-display":"","ast-banner-title-visibility":"","ast-main-header-display":"","ast-hfb-above-header-display":"","ast-hfb-below-header-display":"","ast-hfb-mobile-header-display":"","site-post-title":"","ast-breadcrumbs-content":"","ast-featured-img":"","footer-sml-layout":"","theme-transparent-header-meta":"default","adv-header-id-meta":"","stick-header-meta":"","header-above-stick-meta":"","header-main-stick-meta":"","header-below-stick-meta":"","astra-migrate-meta-layouts":"set","ast-page-background-enabled":"default","ast-page-background-meta":{"desktop":{"background-color":"var(--ast-global-color-4)","background-image":"","background-repeat":"repeat","background-position":"center center","background-size":"auto","background-attachment":"scroll","background-type":"","background-media":"","overlay-type":"","overlay-color":"","overlay-opacity":"","overlay-gradient":""},"tablet":{"background-color":"","background-image":"","background-repeat":"repeat","background-position":"center center","background-size":"auto","background-attachment":"scroll","background-type":"","background-media":"","overlay-type":"","overlay-color":"","overlay-opacity":"","overlay-gradient":""},"mobile":{"background-color":"","background-image":"","background-repeat":"repeat","background-position":"center center","background-size":"auto","background-attachment":"scroll","background-type":"","background-media":"","overlay-type":"","overlay-color":"","overlay-opacity":"","overlay-gradient":""}},"ast-content-background-meta":{"desktop":{"background-color":"var(--ast-global-color-5)","background-image":"","background-repeat":"repeat","background-position":"center center","background-size":"auto","background-attachment":"scroll","background-type":"","background-media":"","overlay-type":"","overlay-color":"","overlay-opacity":"","overlay-gradient":""},"tablet":{"background-color":"var(--ast-global-color-5)","background-image":"","background-repeat":"repeat","background-position":"center center","background-size":"auto","background-attachment":"scroll","background-type":"","background-media":"","overlay-type":"","overlay-color":"","overlay-opacity":"","overlay-gradient":""},"mobile":{"background-color":"var(--ast-global-color-5)","background-image":"","background-repeat":"repeat","background-position":"center center","background-size":"auto","background-attachment":"scroll","background-type":"","background-media":"","overlay-type":"","overlay-color":"","overlay-opacity":"","overlay-gradient":""}}},"product_brand":[],"product_cat":[2381],"product_tag":[1727,1728,1726,1721,1724,1723,1722,1725,1720,1729,1719],"class_list":{"0":"post-2988","1":"product","2":"type-product","3":"status-publish","4":"has-post-thumbnail","6":"product_cat-buy-depressants-and-anxiety-pills-online","7":"product_tag-buy-phenobarbital-in-canada","8":"product_tag-buy-phenobarbital-in-uk","9":"product_tag-buy-phenobarbital-in-usa","10":"product_tag-buy-phenobarbital-with-bitcoin","11":"product_tag-buy-phenobarbital-with-credit-card","12":"product_tag-buy-phenobarbital-with-money-gram","13":"product_tag-buy-phenobarbital-with-western-union","14":"product_tag-buy-phenobarbital-without-a-doctor","15":"product_tag-buy-phenobarbital-without-prescription","16":"product_tag-phenobarbital","17":"product_tag-phenobarbital-for-sale","18":"desktop-align-center","19":"tablet-align-left","20":"mobile-align-left","22":"first","23":"instock","24":"shipping-taxable","25":"purchasable","26":"product-type-variable","27":"has-default-attributes"},"yoast_head":"<!-- This site is optimized with the Yoast SEO plugin v25.9 - https:\/\/yoast.com\/wordpress\/plugins\/seo\/ -->\n<title>Buy Phenobarbital Online USA - Buy Phenobarbital Online for Sale -<\/title>\n<meta name=\"description\" content=\"Buy Phenobarbital Online where you can Buy Phenobarbital Online at best price without doctor&#039;s prescription. Now with Free &amp; Secure Shipping!\" \/>\n<meta name=\"robots\" content=\"index, follow, max-snippet:-1, max-image-preview:large, max-video-preview:-1\" \/>\n<link rel=\"canonical\" href=\"https:\/\/buy-prescriptionz.com\/da\/vare\/kob-phenobarbital-online\/\" \/>\n<meta property=\"og:locale\" content=\"da_DK\" \/>\n<meta property=\"og:type\" content=\"article\" \/>\n<meta property=\"og:title\" content=\"Buy Phenobarbital Online USA - Buy Phenobarbital Online for Sale -\" \/>\n<meta property=\"og:description\" content=\"Buy Phenobarbital Online where you can Buy Phenobarbital Online at best price without doctor&#039;s prescription. Now with Free &amp; Secure Shipping!\" \/>\n<meta property=\"og:url\" content=\"https:\/\/buy-prescriptionz.com\/da\/vare\/kob-phenobarbital-online\/\" \/>\n<meta property=\"og:site_name\" content=\"Buy Prescriptionz\" \/>\n<meta property=\"article:modified_time\" content=\"2025-09-25T11:11:28+00:00\" \/>\n<meta property=\"og:image\" content=\"https:\/\/buy-prescriptionz.com\/wp-content\/uploads\/2025\/09\/phenobarbital.jpg\" \/>\n\t<meta property=\"og:image:width\" content=\"400\" \/>\n\t<meta property=\"og:image:height\" content=\"300\" \/>\n\t<meta property=\"og:image:type\" content=\"image\/jpeg\" \/>\n<meta name=\"twitter:card\" content=\"summary_large_image\" \/>\n<meta name=\"twitter:label1\" content=\"Estimeret l\u00e6setid\" \/>\n\t<meta name=\"twitter:data1\" content=\"3 minutter\" \/>\n<script type=\"application\/ld+json\" class=\"yoast-schema-graph\">{\"@context\":\"https:\/\/schema.org\",\"@graph\":[{\"@type\":\"WebPage\",\"@id\":\"https:\/\/buy-prescriptionz.com\/product\/buy-phenobarbital-online\/\",\"url\":\"https:\/\/buy-prescriptionz.com\/product\/buy-phenobarbital-online\/\",\"name\":\"Buy Phenobarbital Online USA - Buy Phenobarbital Online for Sale -\",\"isPartOf\":{\"@id\":\"https:\/\/buy-prescriptionz.com\/#website\"},\"primaryImageOfPage\":{\"@id\":\"https:\/\/buy-prescriptionz.com\/product\/buy-phenobarbital-online\/#primaryimage\"},\"image\":{\"@id\":\"https:\/\/buy-prescriptionz.com\/product\/buy-phenobarbital-online\/#primaryimage\"},\"thumbnailUrl\":\"https:\/\/buy-prescriptionz.com\/wp-content\/uploads\/2025\/09\/phenobarbital.jpg\",\"datePublished\":\"2025-09-16T08:55:51+00:00\",\"dateModified\":\"2025-09-25T11:11:28+00:00\",\"description\":\"Buy Phenobarbital Online where you can Buy Phenobarbital Online at best price without doctor's prescription. Now with Free & Secure Shipping!\",\"breadcrumb\":{\"@id\":\"https:\/\/buy-prescriptionz.com\/product\/buy-phenobarbital-online\/#breadcrumb\"},\"inLanguage\":\"da-DK\",\"potentialAction\":[{\"@type\":\"ReadAction\",\"target\":[\"https:\/\/buy-prescriptionz.com\/product\/buy-phenobarbital-online\/\"]}]},{\"@type\":\"ImageObject\",\"inLanguage\":\"da-DK\",\"@id\":\"https:\/\/buy-prescriptionz.com\/product\/buy-phenobarbital-online\/#primaryimage\",\"url\":\"https:\/\/buy-prescriptionz.com\/wp-content\/uploads\/2025\/09\/phenobarbital.jpg\",\"contentUrl\":\"https:\/\/buy-prescriptionz.com\/wp-content\/uploads\/2025\/09\/phenobarbital.jpg\",\"width\":400,\"height\":300},{\"@type\":\"BreadcrumbList\",\"@id\":\"https:\/\/buy-prescriptionz.com\/product\/buy-phenobarbital-online\/#breadcrumb\",\"itemListElement\":[{\"@type\":\"ListItem\",\"position\":1,\"name\":\"Home\",\"item\":\"https:\/\/buy-prescriptionz.com\/\"},{\"@type\":\"ListItem\",\"position\":2,\"name\":\"Shop Painkillers Online\",\"item\":\"https:\/\/buy-prescriptionz.com\/shop-painkillers-online\/\"},{\"@type\":\"ListItem\",\"position\":3,\"name\":\"Buy Phenobarbital Online\"}]},{\"@type\":\"WebSite\",\"@id\":\"https:\/\/buy-prescriptionz.com\/#website\",\"url\":\"https:\/\/buy-prescriptionz.com\/\",\"name\":\"Buy Prescriptionz\",\"description\":\"Drugs Online\",\"publisher\":{\"@id\":\"https:\/\/buy-prescriptionz.com\/#organization\"},\"potentialAction\":[{\"@type\":\"SearchAction\",\"target\":{\"@type\":\"EntryPoint\",\"urlTemplate\":\"https:\/\/buy-prescriptionz.com\/?s={search_term_string}\"},\"query-input\":{\"@type\":\"PropertyValueSpecification\",\"valueRequired\":true,\"valueName\":\"search_term_string\"}}],\"inLanguage\":\"da-DK\"},{\"@type\":\"Organization\",\"@id\":\"https:\/\/buy-prescriptionz.com\/#organization\",\"name\":\"Buy Prescriptionz\",\"url\":\"https:\/\/buy-prescriptionz.com\/\",\"logo\":{\"@type\":\"ImageObject\",\"inLanguage\":\"da-DK\",\"@id\":\"https:\/\/buy-prescriptionz.com\/#\/schema\/logo\/image\/\",\"url\":\"https:\/\/buy-prescriptionz.com\/wp-content\/uploads\/2023\/09\/logo.png\",\"contentUrl\":\"https:\/\/buy-prescriptionz.com\/wp-content\/uploads\/2023\/09\/logo.png\",\"width\":350,\"height\":64,\"caption\":\"Buy Prescriptionz\"},\"image\":{\"@id\":\"https:\/\/buy-prescriptionz.com\/#\/schema\/logo\/image\/\"}}]}<\/script>\n<!-- \/ Yoast SEO plugin. -->","yoast_head_json":{"title":"K\u00f8b Phenobarbital Online USA - K\u00f8b Phenobarbital Online til salg -","description":"K\u00f8b Phenobarbital Online hvor du kan k\u00f8be Phenobarbital Online til bedste pris uden l\u00e6ge recept. Nu med gratis og sikker forsendelse!","robots":{"index":"index","follow":"follow","max-snippet":"max-snippet:-1","max-image-preview":"max-image-preview:large","max-video-preview":"max-video-preview:-1"},"canonical":"https:\/\/buy-prescriptionz.com\/da\/vare\/kob-phenobarbital-online\/","og_locale":"da_DK","og_type":"article","og_title":"Buy Phenobarbital Online USA - Buy Phenobarbital Online for Sale -","og_description":"Buy Phenobarbital Online where you can Buy Phenobarbital Online at best price without doctor's prescription. Now with Free & Secure Shipping!","og_url":"https:\/\/buy-prescriptionz.com\/da\/vare\/kob-phenobarbital-online\/","og_site_name":"Buy Prescriptionz","article_modified_time":"2025-09-25T11:11:28+00:00","og_image":[{"width":400,"height":300,"url":"https:\/\/buy-prescriptionz.com\/wp-content\/uploads\/2025\/09\/phenobarbital.jpg","type":"image\/jpeg"}],"twitter_card":"summary_large_image","twitter_misc":{"Estimeret l\u00e6setid":"3 minutter"},"schema":{"@context":"https:\/\/schema.org","@graph":[{"@type":"WebPage","@id":"https:\/\/buy-prescriptionz.com\/product\/buy-phenobarbital-online\/","url":"https:\/\/buy-prescriptionz.com\/product\/buy-phenobarbital-online\/","name":"K\u00f8b Phenobarbital Online USA - K\u00f8b Phenobarbital Online til salg -","isPartOf":{"@id":"https:\/\/buy-prescriptionz.com\/#website"},"primaryImageOfPage":{"@id":"https:\/\/buy-prescriptionz.com\/product\/buy-phenobarbital-online\/#primaryimage"},"image":{"@id":"https:\/\/buy-prescriptionz.com\/product\/buy-phenobarbital-online\/#primaryimage"},"thumbnailUrl":"https:\/\/buy-prescriptionz.com\/wp-content\/uploads\/2025\/09\/phenobarbital.jpg","datePublished":"2025-09-16T08:55:51+00:00","dateModified":"2025-09-25T11:11:28+00:00","description":"K\u00f8b Phenobarbital Online hvor du kan k\u00f8be Phenobarbital Online til bedste pris uden l\u00e6ge recept. Nu med gratis og sikker forsendelse!","breadcrumb":{"@id":"https:\/\/buy-prescriptionz.com\/product\/buy-phenobarbital-online\/#breadcrumb"},"inLanguage":"da-DK","potentialAction":[{"@type":"ReadAction","target":["https:\/\/buy-prescriptionz.com\/product\/buy-phenobarbital-online\/"]}]},{"@type":"ImageObject","inLanguage":"da-DK","@id":"https:\/\/buy-prescriptionz.com\/product\/buy-phenobarbital-online\/#primaryimage","url":"https:\/\/buy-prescriptionz.com\/wp-content\/uploads\/2025\/09\/phenobarbital.jpg","contentUrl":"https:\/\/buy-prescriptionz.com\/wp-content\/uploads\/2025\/09\/phenobarbital.jpg","width":400,"height":300},{"@type":"BreadcrumbList","@id":"https:\/\/buy-prescriptionz.com\/product\/buy-phenobarbital-online\/#breadcrumb","itemListElement":[{"@type":"ListItem","position":1,"name":"Home","item":"https:\/\/buy-prescriptionz.com\/"},{"@type":"ListItem","position":2,"name":"Shop Painkillers Online","item":"https:\/\/buy-prescriptionz.com\/shop-painkillers-online\/"},{"@type":"ListItem","position":3,"name":"Buy Phenobarbital Online"}]},{"@type":"WebSite","@id":"https:\/\/buy-prescriptionz.com\/#website","url":"https:\/\/buy-prescriptionz.com\/","name":"Buy Prescriptionz","description":"Narkotika online","publisher":{"@id":"https:\/\/buy-prescriptionz.com\/#organization"},"potentialAction":[{"@type":"SearchAction","target":{"@type":"EntryPoint","urlTemplate":"https:\/\/buy-prescriptionz.com\/?s={search_term_string}"},"query-input":{"@type":"PropertyValueSpecification","valueRequired":true,"valueName":"search_term_string"}}],"inLanguage":"da-DK"},{"@type":"Organization","@id":"https:\/\/buy-prescriptionz.com\/#organization","name":"Buy Prescriptionz","url":"https:\/\/buy-prescriptionz.com\/","logo":{"@type":"ImageObject","inLanguage":"da-DK","@id":"https:\/\/buy-prescriptionz.com\/#\/schema\/logo\/image\/","url":"https:\/\/buy-prescriptionz.com\/wp-content\/uploads\/2023\/09\/logo.png","contentUrl":"https:\/\/buy-prescriptionz.com\/wp-content\/uploads\/2023\/09\/logo.png","width":350,"height":64,"caption":"Buy Prescriptionz"},"image":{"@id":"https:\/\/buy-prescriptionz.com\/#\/schema\/logo\/image\/"}}]}},"_links":{"self":[{"href":"https:\/\/buy-prescriptionz.com\/da\/wp-json\/wp\/v2\/product\/2988","targetHints":{"allow":["GET"]}}],"collection":[{"href":"https:\/\/buy-prescriptionz.com\/da\/wp-json\/wp\/v2\/product"}],"about":[{"href":"https:\/\/buy-prescriptionz.com\/da\/wp-json\/wp\/v2\/types\/product"}],"replies":[{"embeddable":true,"href":"https:\/\/buy-prescriptionz.com\/da\/wp-json\/wp\/v2\/comments?post=2988"}],"wp:featuredmedia":[{"embeddable":true,"href":"https:\/\/buy-prescriptionz.com\/da\/wp-json\/wp\/v2\/media\/3018"}],"wp:attachment":[{"href":"https:\/\/buy-prescriptionz.com\/da\/wp-json\/wp\/v2\/media?parent=2988"}],"wp:term":[{"taxonomy":"product_brand","embeddable":true,"href":"https:\/\/buy-prescriptionz.com\/da\/wp-json\/wp\/v2\/product_brand?post=2988"},{"taxonomy":"product_cat","embeddable":true,"href":"https:\/\/buy-prescriptionz.com\/da\/wp-json\/wp\/v2\/product_cat?post=2988"},{"taxonomy":"product_tag","embeddable":true,"href":"https:\/\/buy-prescriptionz.com\/da\/wp-json\/wp\/v2\/product_tag?post=2988"}],"curies":[{"name":"wp","href":"https:\/\/api.w.org\/{rel}","templated":true}]}}