{"id":2996,"date":"2025-09-16T08:55:53","date_gmt":"2025-09-16T08:55:53","guid":{"rendered":"https:\/\/chemsfine.com\/newsite\/?post_type=product&#038;p=2996"},"modified":"2025-09-25T07:26:18","modified_gmt":"2025-09-25T07:26:18","slug":"kob-percocet-online","status":"publish","type":"product","link":"https:\/\/buy-prescriptionz.com\/da\/vare\/kob-percocet-online\/","title":{"rendered":"K\u00f8b Percocet online"},"content":{"rendered":"<h2>K\u00d8BE PERCOCET ONLINE<\/h2>\n<p>Percocet, ogs\u00e5 kendt som oxycodon og acetaminophen, er et st\u00e6rkt narkotisk smertestillende middel og hostestillende middel, der ligner morfin, kodein og hydrocodon. Det bruges til behandling af moderate til st\u00e6rke smerter, hovedpine, migr\u00e6nesmerter osv. Det er et smertestillende middel, der er en del af en gruppe af l\u00e6gemidler, der er kendt som narkotiske midler. P\u00e5 trods af, at nogle bestemmes normalt, f.eks. heroin eller morfin, er andre kombineret i et laboratorium, herunder hydrocodon og oxycodon. Det er varem\u00e6rket p\u00e5 en medicin, der blander oxycodon og acetaminophen, det konventionelle navn for medicin, f.eks. Tylenol.<br \/>\nPercocet kan samarbejde med andre opiatpinepiller, narkotika, beroligende midler, d\u00f8sende piller, muskelafslappende midler, forskellige recepter, der kan g\u00f8re dig sl\u00f8v eller moderere din vejrtr\u00e6kning, glycopyrrolat, mepenzolat, atropin, benztropin, dimenhydrinat, methscopolamin, scopolamin, bl\u00e6re eller urinvejsmedicin, bronkodilatatorer eller sv\u00e6kkede indvendige medikamenter. Disse opiater har den tilsvarende cellestruktur. Narkotika, f.eks. Percocet l\u00e5ser sig fast p\u00e5 narkotiske receptorer i hjernebarken. De kan give en f\u00f8lelse af henrykkelse og dulme pine, men de kan ogs\u00e5 virke moderat afslappende.<\/p>\n<h3>K\u00f8b Percocet online<\/h3>\n<p>Percocet is a prescription medication that combines two active ingredients: oxycodone, an opioid analgesic, and acetaminophen, a non-opioid pain reliever. It is primarily used to manage moderate to severe pain that cannot be controlled by other pain medications. Here\u2019s an overview of Percocet and its benefits:<\/p>\n<ul>\n<li>Composition: the best Percocet contains oxycodone, which alters the way the brain perceives pain, and acetaminophen, which enhances the pain-relieving effects of oxycodone and can reduce fever.<\/li>\n<li>Forms: It is available in tablet form with varying strengths of oxycodone and acetaminophen.<\/li>\n<li>Usage: Percocet is prescribed for short-term relief of acute pain, such as pain following surgery, injury, or severe muscle pain. It is not typically intended for long-term use due to the risk of dependence and potential side effects.<\/li>\n<\/ul>\n<h3>Benefits<\/h3>\n<ol>\n<li>Effective Pain Relief: The combination of oxycodone and acetaminophen makes Percocet highly effective at managing pain that other medications might not adequately control.<\/li>\n<li>Dual Action: By combining an opioid with a non-opioid pain reliever, Percocet provides a dual mechanism for pain relief, which can be more effective than using either component alone.<\/li>\n<li>Improved Quality of Life: Effective pain management with Percocet can lead to significant improvements in the quality of life for individuals experiencing severe pain, allowing them to perform daily activities with greater ease and comfort.<\/li>\n<li>Short-term Use: For acute pain episodes, Percocet is a valuable option that can provide rapid relief, helping patients recover more comfortably during critical periods of pain.<\/li>\n<\/ol>\n<p>Percocet is a powerful medication for managing moderate to severe pain, offering effective and rapid relief through its combination of oxycodone and acetaminophen. While it should be used under careful medical supervision to avoid the risk of dependence and side effects, Percocet can significantly improve the quality of life for patients dealing with acute pain episodes. Always ensure to obtain Percocet from the best pharmacy store ie buy-prescriptionz.com to guarantee the authenticity and safety of the medication.<\/p>\n<p>Percocet is regularly recommended to patients experiencing torment, regardless of whether from a cesarean segment or a broken bone. Narcotics differ in the time span between when they are taken and when the client feels an impact. Oxycodone, the narcotic in Percocet, is moderately quick acting. You can buy Percocet online from info@buy-prescriptionz.com. To buy this medicine you don\u2019t need prescription, so you can buy percocet online at cheap prices without a doctor at info@buy-prescriptionz.com It is a trusted site and it is widely popular among the citizens of United States, Canada, Australia and many other countries.<\/p>\n<h3>Nogle af de almindelige anvendelser af Percocet er som f\u00f8lger:<\/h3>\n<p>-smerter<br \/>\n-smerter i ben(e)<br \/>\n-migr\u00e6ne hovedpine<br \/>\n-smerter i hele kroppen<br \/>\n-gennembrudssmerter<br \/>\n-fibromyalgi<\/p>\n<h3><strong>KENDETEGN<\/strong>:<\/h3>\n<p><strong>Taler om funktionerne i Percocet , det er en top anti-smerte medicin, der anvendes til:<\/strong><br \/>\n- Behandle alvorlige smerter<br \/>\n- Behandle nerv\u00f8sitet sp\u00f8rgsm\u00e5l<br \/>\n- Skab begejstring<br \/>\n- Tilbyde sedation<br \/>\n- Skab angstd\u00e6mpende og afh\u00e6mmende midler.<\/p>\n<h3>BIVIRKNINGER AF PERCOCET:<\/h3>\n<p><strong>N\u00e5r vi taler om de milde virkninger, der er for\u00e5rsaget af dette pulver:<\/strong><br \/>\n- problem med at sove<br \/>\n-forstoppelse<br \/>\n-kvalme<br \/>\n-opkastning<br \/>\n-oprevet mave<\/p>\n<h3>HVOR KAN MAN K\u00d8BE PERCOCET?<\/h3>\n<p>K\u00f8b Percocet online hos BUY PRESCRIPTIONZ, du kan opfylde dine tr\u00e6ningsbehov, mens du giver beskyttet og vellykket patienthensyn. For yderligere foresp\u00f8rgsel kan du ogs\u00e5 kontakte info@buy-prescriptionz.com tilg\u00e6ngelig til at blive k\u00f8bt online er tilg\u00e6ngelig her, bedst mulige omkostninger. Anmod om de bedste medicin herfra p\u00e5 dette tidspunkt!<br \/>\nVI GARANTERER DEN BEDSTE KVALITET, N\u00c5R DU K\u00d8BER RECEPTPLIGTIG MEDICIN ONLINE HOS OS, OG PENGENE REFUNDERES 100%, HVIS DEN IKKE LEVERES ELLER ER AF D\u00c5RLIG KVALITET.<\/p>\n<p><strong>DU KAN K\u00d8BE DEN BEDSTE PERCOCET ONLINE MED FULD SIKKERHED MED ENDDA DISKRET EMBALLAGE FRA BUY PRESCRIPTIONZ.<\/strong><\/p>\n<p>VI PRODUCERER PERCOCET AF H\u00d8J KVALITET OG HAR ET STORT INTERNATIONALT M\u00c5LOMR\u00c5DE FRA USA, AUSTRALIEN, CANADA OG MANGE EUROP\u00c6ISKE LANDE. VI ER KENDT FOR VORES H\u00d8JE KVALITET OG SERVICE SAMMEN MED SUNDE RABATTER.<br \/>\nVI LEVERER H\u00d8J KVALITET FORSENDELSE OG DU KAN BETALE VED HJ\u00c6LP AF BITCOINS, WESTERN UNION, MONEY GRAM, DEBETKORT OG KREDITKORT.<br \/>\nVI HOLDER AF VORES KUNDER, OG DERFOR LEVERER VI DET TIL BILLIGE PRISER OG MED HURTIG LEVERING, OG VI TROR P\u00c5 AT OPRETHOLDE ET SUNDT OG LANGSIGTET FORRETNINGSFORHOLD.<\/p>\n<p><strong>HVIS DU HAR YDERLIGERE SP\u00d8RGSM\u00c5L ELLER FORESP\u00d8RGSLER, KAN DU KONTAKTE OS P\u00c5:<\/strong><\/p>\n<p>ADRESSE: 115 FIRE ACCESS ROAD, ALBANY, NY 12223(USA)<br \/>\nEMAIL: info@buy-prescriptionz.com<br \/>\nCALL\/WHATSAPP: +1(510)972-3097<\/p>","protected":false},"excerpt":{"rendered":"<p>BUY PERCOCET ONLINE Percocet also known as oxycodone and acetaminophen is a strong narcotic pain-reliever and cough suppressant similar to morphine, codeine, and hydrocodone. It is used to treat moderate to severe pain, headaches, migraine pain etc. It is a painkiller that is a piece of a group of medications known as narcotics. In spite [&hellip;]<\/p>","protected":false},"featured_media":3026,"comment_status":"open","ping_status":"closed","template":"","meta":{"site-sidebar-layout":"default","site-content-layout":"","ast-site-content-layout":"default","site-content-style":"default","site-sidebar-style":"default","ast-global-header-display":"","ast-banner-title-visibility":"","ast-main-header-display":"","ast-hfb-above-header-display":"","ast-hfb-below-header-display":"","ast-hfb-mobile-header-display":"","site-post-title":"","ast-breadcrumbs-content":"","ast-featured-img":"","footer-sml-layout":"","theme-transparent-header-meta":"default","adv-header-id-meta":"","stick-header-meta":"","header-above-stick-meta":"","header-main-stick-meta":"","header-below-stick-meta":"","astra-migrate-meta-layouts":"set","ast-page-background-enabled":"default","ast-page-background-meta":{"desktop":{"background-color":"var(--ast-global-color-4)","background-image":"","background-repeat":"repeat","background-position":"center center","background-size":"auto","background-attachment":"scroll","background-type":"","background-media":"","overlay-type":"","overlay-color":"","overlay-opacity":"","overlay-gradient":""},"tablet":{"background-color":"","background-image":"","background-repeat":"repeat","background-position":"center center","background-size":"auto","background-attachment":"scroll","background-type":"","background-media":"","overlay-type":"","overlay-color":"","overlay-opacity":"","overlay-gradient":""},"mobile":{"background-color":"","background-image":"","background-repeat":"repeat","background-position":"center center","background-size":"auto","background-attachment":"scroll","background-type":"","background-media":"","overlay-type":"","overlay-color":"","overlay-opacity":"","overlay-gradient":""}},"ast-content-background-meta":{"desktop":{"background-color":"var(--ast-global-color-5)","background-image":"","background-repeat":"repeat","background-position":"center center","background-size":"auto","background-attachment":"scroll","background-type":"","background-media":"","overlay-type":"","overlay-color":"","overlay-opacity":"","overlay-gradient":""},"tablet":{"background-color":"var(--ast-global-color-5)","background-image":"","background-repeat":"repeat","background-position":"center center","background-size":"auto","background-attachment":"scroll","background-type":"","background-media":"","overlay-type":"","overlay-color":"","overlay-opacity":"","overlay-gradient":""},"mobile":{"background-color":"var(--ast-global-color-5)","background-image":"","background-repeat":"repeat","background-position":"center center","background-size":"auto","background-attachment":"scroll","background-type":"","background-media":"","overlay-type":"","overlay-color":"","overlay-opacity":"","overlay-gradient":""}}},"product_brand":[],"product_cat":[2382],"product_tag":[1533,1534,1532,1527,1530,1529,1528,1531,1526,1525,1536,1535],"class_list":{"0":"post-2996","1":"product","2":"type-product","3":"status-publish","4":"has-post-thumbnail","6":"product_cat-buy-opioids-online","7":"product_tag-buy-percocet-in-canada","8":"product_tag-buy-percocet-in-uk","9":"product_tag-buy-percocet-in-usa","10":"product_tag-buy-percocet-with-bitcoin","11":"product_tag-buy-percocet-with-credit-card","12":"product_tag-buy-percocet-with-money-gram","13":"product_tag-buy-percocet-with-western-union","14":"product_tag-buy-percocet-without-a-doctor","15":"product_tag-buy-percocet-without-prescription","16":"product_tag-percocet-for-sale","17":"product_tag-percocet-pills","18":"product_tag-percocet-tablets","19":"desktop-align-center","20":"tablet-align-left","21":"mobile-align-left","23":"first","24":"instock","25":"shipping-taxable","26":"purchasable","27":"product-type-variable","28":"has-default-attributes"},"yoast_head":"<!-- This site is optimized with the Yoast SEO plugin v25.9 - https:\/\/yoast.com\/wordpress\/plugins\/seo\/ -->\n<title>Percocet for Sale - Buy Percocet Online<\/title>\n<meta name=\"description\" content=\"Buyprescriptionz.com is an online pharmacy store where you can Buy Percocet Online at best price without doctor&#039;s prescription. Buy Percocet Online Now with Free &amp; Secure Shipping!\" \/>\n<meta name=\"robots\" content=\"index, follow, max-snippet:-1, max-image-preview:large, max-video-preview:-1\" \/>\n<link rel=\"canonical\" href=\"https:\/\/buy-prescriptionz.com\/da\/vare\/kob-percocet-online\/\" \/>\n<meta property=\"og:locale\" content=\"da_DK\" \/>\n<meta property=\"og:type\" content=\"article\" \/>\n<meta property=\"og:title\" content=\"Percocet for Sale - Buy Percocet Online\" \/>\n<meta property=\"og:description\" content=\"Buyprescriptionz.com is an online pharmacy store where you can Buy Percocet Online at best price without doctor&#039;s prescription. Buy Percocet Online Now with Free &amp; Secure Shipping!\" \/>\n<meta property=\"og:url\" content=\"https:\/\/buy-prescriptionz.com\/da\/vare\/kob-percocet-online\/\" \/>\n<meta property=\"og:site_name\" content=\"Buy Prescriptionz\" \/>\n<meta property=\"article:modified_time\" content=\"2025-09-25T07:26:18+00:00\" \/>\n<meta property=\"og:image\" content=\"https:\/\/buy-prescriptionz.com\/wp-content\/uploads\/2025\/09\/percocet.jpg\" \/>\n\t<meta property=\"og:image:width\" content=\"400\" \/>\n\t<meta property=\"og:image:height\" content=\"300\" \/>\n\t<meta property=\"og:image:type\" content=\"image\/jpeg\" \/>\n<meta name=\"twitter:card\" content=\"summary_large_image\" \/>\n<meta name=\"twitter:label1\" content=\"Estimeret l\u00e6setid\" \/>\n\t<meta name=\"twitter:data1\" content=\"5 minutter\" \/>\n<script type=\"application\/ld+json\" class=\"yoast-schema-graph\">{\"@context\":\"https:\/\/schema.org\",\"@graph\":[{\"@type\":\"WebPage\",\"@id\":\"https:\/\/buy-prescriptionz.com\/product\/buy-percocet-online\/\",\"url\":\"https:\/\/buy-prescriptionz.com\/product\/buy-percocet-online\/\",\"name\":\"Percocet for Sale - Buy Percocet Online\",\"isPartOf\":{\"@id\":\"https:\/\/buy-prescriptionz.com\/#website\"},\"primaryImageOfPage\":{\"@id\":\"https:\/\/buy-prescriptionz.com\/product\/buy-percocet-online\/#primaryimage\"},\"image\":{\"@id\":\"https:\/\/buy-prescriptionz.com\/product\/buy-percocet-online\/#primaryimage\"},\"thumbnailUrl\":\"https:\/\/buy-prescriptionz.com\/wp-content\/uploads\/2025\/09\/percocet.jpg\",\"datePublished\":\"2025-09-16T08:55:53+00:00\",\"dateModified\":\"2025-09-25T07:26:18+00:00\",\"description\":\"Buyprescriptionz.com is an online pharmacy store where you can Buy Percocet Online at best price without doctor's prescription. Buy Percocet Online Now with Free & Secure Shipping!\",\"breadcrumb\":{\"@id\":\"https:\/\/buy-prescriptionz.com\/product\/buy-percocet-online\/#breadcrumb\"},\"inLanguage\":\"da-DK\",\"potentialAction\":[{\"@type\":\"ReadAction\",\"target\":[\"https:\/\/buy-prescriptionz.com\/product\/buy-percocet-online\/\"]}]},{\"@type\":\"ImageObject\",\"inLanguage\":\"da-DK\",\"@id\":\"https:\/\/buy-prescriptionz.com\/product\/buy-percocet-online\/#primaryimage\",\"url\":\"https:\/\/buy-prescriptionz.com\/wp-content\/uploads\/2025\/09\/percocet.jpg\",\"contentUrl\":\"https:\/\/buy-prescriptionz.com\/wp-content\/uploads\/2025\/09\/percocet.jpg\",\"width\":400,\"height\":300},{\"@type\":\"BreadcrumbList\",\"@id\":\"https:\/\/buy-prescriptionz.com\/product\/buy-percocet-online\/#breadcrumb\",\"itemListElement\":[{\"@type\":\"ListItem\",\"position\":1,\"name\":\"Home\",\"item\":\"https:\/\/buy-prescriptionz.com\/\"},{\"@type\":\"ListItem\",\"position\":2,\"name\":\"Shop Painkillers Online\",\"item\":\"https:\/\/buy-prescriptionz.com\/shop-painkillers-online\/\"},{\"@type\":\"ListItem\",\"position\":3,\"name\":\"Buy Percocet Online\"}]},{\"@type\":\"WebSite\",\"@id\":\"https:\/\/buy-prescriptionz.com\/#website\",\"url\":\"https:\/\/buy-prescriptionz.com\/\",\"name\":\"Buy Prescriptionz\",\"description\":\"Drugs Online\",\"publisher\":{\"@id\":\"https:\/\/buy-prescriptionz.com\/#organization\"},\"potentialAction\":[{\"@type\":\"SearchAction\",\"target\":{\"@type\":\"EntryPoint\",\"urlTemplate\":\"https:\/\/buy-prescriptionz.com\/?s={search_term_string}\"},\"query-input\":{\"@type\":\"PropertyValueSpecification\",\"valueRequired\":true,\"valueName\":\"search_term_string\"}}],\"inLanguage\":\"da-DK\"},{\"@type\":\"Organization\",\"@id\":\"https:\/\/buy-prescriptionz.com\/#organization\",\"name\":\"Buy Prescriptionz\",\"url\":\"https:\/\/buy-prescriptionz.com\/\",\"logo\":{\"@type\":\"ImageObject\",\"inLanguage\":\"da-DK\",\"@id\":\"https:\/\/buy-prescriptionz.com\/#\/schema\/logo\/image\/\",\"url\":\"https:\/\/buy-prescriptionz.com\/wp-content\/uploads\/2023\/09\/logo.png\",\"contentUrl\":\"https:\/\/buy-prescriptionz.com\/wp-content\/uploads\/2023\/09\/logo.png\",\"width\":350,\"height\":64,\"caption\":\"Buy Prescriptionz\"},\"image\":{\"@id\":\"https:\/\/buy-prescriptionz.com\/#\/schema\/logo\/image\/\"}}]}<\/script>\n<!-- \/ Yoast SEO plugin. -->","yoast_head_json":{"title":"Percocet for Sale - Buy Percocet Online","description":"Buyprescriptionz.com is an online pharmacy store where you can Buy Percocet Online at best price without doctor's prescription. Buy Percocet Online Now with Free & Secure Shipping!","robots":{"index":"index","follow":"follow","max-snippet":"max-snippet:-1","max-image-preview":"max-image-preview:large","max-video-preview":"max-video-preview:-1"},"canonical":"https:\/\/buy-prescriptionz.com\/da\/vare\/kob-percocet-online\/","og_locale":"da_DK","og_type":"article","og_title":"Percocet for Sale - Buy Percocet Online","og_description":"Buyprescriptionz.com is an online pharmacy store where you can Buy Percocet Online at best price without doctor's prescription. Buy Percocet Online Now with Free & Secure Shipping!","og_url":"https:\/\/buy-prescriptionz.com\/da\/vare\/kob-percocet-online\/","og_site_name":"Buy Prescriptionz","article_modified_time":"2025-09-25T07:26:18+00:00","og_image":[{"width":400,"height":300,"url":"https:\/\/buy-prescriptionz.com\/wp-content\/uploads\/2025\/09\/percocet.jpg","type":"image\/jpeg"}],"twitter_card":"summary_large_image","twitter_misc":{"Estimeret l\u00e6setid":"5 minutter"},"schema":{"@context":"https:\/\/schema.org","@graph":[{"@type":"WebPage","@id":"https:\/\/buy-prescriptionz.com\/product\/buy-percocet-online\/","url":"https:\/\/buy-prescriptionz.com\/product\/buy-percocet-online\/","name":"Percocet for Sale - Buy Percocet Online","isPartOf":{"@id":"https:\/\/buy-prescriptionz.com\/#website"},"primaryImageOfPage":{"@id":"https:\/\/buy-prescriptionz.com\/product\/buy-percocet-online\/#primaryimage"},"image":{"@id":"https:\/\/buy-prescriptionz.com\/product\/buy-percocet-online\/#primaryimage"},"thumbnailUrl":"https:\/\/buy-prescriptionz.com\/wp-content\/uploads\/2025\/09\/percocet.jpg","datePublished":"2025-09-16T08:55:53+00:00","dateModified":"2025-09-25T07:26:18+00:00","description":"Buyprescriptionz.com is an online pharmacy store where you can Buy Percocet Online at best price without doctor's prescription. Buy Percocet Online Now with Free & Secure Shipping!","breadcrumb":{"@id":"https:\/\/buy-prescriptionz.com\/product\/buy-percocet-online\/#breadcrumb"},"inLanguage":"da-DK","potentialAction":[{"@type":"ReadAction","target":["https:\/\/buy-prescriptionz.com\/product\/buy-percocet-online\/"]}]},{"@type":"ImageObject","inLanguage":"da-DK","@id":"https:\/\/buy-prescriptionz.com\/product\/buy-percocet-online\/#primaryimage","url":"https:\/\/buy-prescriptionz.com\/wp-content\/uploads\/2025\/09\/percocet.jpg","contentUrl":"https:\/\/buy-prescriptionz.com\/wp-content\/uploads\/2025\/09\/percocet.jpg","width":400,"height":300},{"@type":"BreadcrumbList","@id":"https:\/\/buy-prescriptionz.com\/product\/buy-percocet-online\/#breadcrumb","itemListElement":[{"@type":"ListItem","position":1,"name":"Home","item":"https:\/\/buy-prescriptionz.com\/"},{"@type":"ListItem","position":2,"name":"Shop Painkillers Online","item":"https:\/\/buy-prescriptionz.com\/shop-painkillers-online\/"},{"@type":"ListItem","position":3,"name":"Buy Percocet Online"}]},{"@type":"WebSite","@id":"https:\/\/buy-prescriptionz.com\/#website","url":"https:\/\/buy-prescriptionz.com\/","name":"Buy Prescriptionz","description":"Narkotika online","publisher":{"@id":"https:\/\/buy-prescriptionz.com\/#organization"},"potentialAction":[{"@type":"SearchAction","target":{"@type":"EntryPoint","urlTemplate":"https:\/\/buy-prescriptionz.com\/?s={search_term_string}"},"query-input":{"@type":"PropertyValueSpecification","valueRequired":true,"valueName":"search_term_string"}}],"inLanguage":"da-DK"},{"@type":"Organization","@id":"https:\/\/buy-prescriptionz.com\/#organization","name":"Buy Prescriptionz","url":"https:\/\/buy-prescriptionz.com\/","logo":{"@type":"ImageObject","inLanguage":"da-DK","@id":"https:\/\/buy-prescriptionz.com\/#\/schema\/logo\/image\/","url":"https:\/\/buy-prescriptionz.com\/wp-content\/uploads\/2023\/09\/logo.png","contentUrl":"https:\/\/buy-prescriptionz.com\/wp-content\/uploads\/2023\/09\/logo.png","width":350,"height":64,"caption":"Buy Prescriptionz"},"image":{"@id":"https:\/\/buy-prescriptionz.com\/#\/schema\/logo\/image\/"}}]}},"_links":{"self":[{"href":"https:\/\/buy-prescriptionz.com\/da\/wp-json\/wp\/v2\/product\/2996","targetHints":{"allow":["GET"]}}],"collection":[{"href":"https:\/\/buy-prescriptionz.com\/da\/wp-json\/wp\/v2\/product"}],"about":[{"href":"https:\/\/buy-prescriptionz.com\/da\/wp-json\/wp\/v2\/types\/product"}],"replies":[{"embeddable":true,"href":"https:\/\/buy-prescriptionz.com\/da\/wp-json\/wp\/v2\/comments?post=2996"}],"wp:featuredmedia":[{"embeddable":true,"href":"https:\/\/buy-prescriptionz.com\/da\/wp-json\/wp\/v2\/media\/3026"}],"wp:attachment":[{"href":"https:\/\/buy-prescriptionz.com\/da\/wp-json\/wp\/v2\/media?parent=2996"}],"wp:term":[{"taxonomy":"product_brand","embeddable":true,"href":"https:\/\/buy-prescriptionz.com\/da\/wp-json\/wp\/v2\/product_brand?post=2996"},{"taxonomy":"product_cat","embeddable":true,"href":"https:\/\/buy-prescriptionz.com\/da\/wp-json\/wp\/v2\/product_cat?post=2996"},{"taxonomy":"product_tag","embeddable":true,"href":"https:\/\/buy-prescriptionz.com\/da\/wp-json\/wp\/v2\/product_tag?post=2996"}],"curies":[{"name":"wp","href":"https:\/\/api.w.org\/{rel}","templated":true}]}}